{"id":6482,"date":"2017-03-15T11:36:12","date_gmt":"2017-03-15T10:36:12","guid":{"rendered":"https:\/\/www.travel-slovenia.si\/slo\/?page_id=6482"},"modified":"2017-03-15T11:36:12","modified_gmt":"2017-03-15T10:36:12","slug":"marcna-revolucija","status":"publish","type":"page","link":"https:\/\/www.travel-slovenia.si\/slo\/marcna-revolucija\/","title":{"rendered":"Mar\u010dna revolucija"},"content":{"rendered":"<figure id=\"attachment_6484\" class=\"wp-caption alignleft\" style=\"max-width: 300px\"><img loading=\"lazy\" decoding=\"async\" class=\"size-medium wp-image-6484\" src=\"https:\/\/www.travel-slovenia.si\/slo\/wp-content\/uploads\/2017\/03\/travel-slovenia-marcna-revolucija-300x170.jpg\" alt=\"\" width=\"300\" height=\"170\" srcset=\"https:\/\/www.travel-slovenia.si\/slo\/wp-content\/uploads\/2017\/03\/travel-slovenia-marcna-revolucija-300x170.jpg 300w, https:\/\/www.travel-slovenia.si\/slo\/wp-content\/uploads\/2017\/03\/travel-slovenia-marcna-revolucija-320x180.jpg 320w, https:\/\/www.travel-slovenia.si\/slo\/wp-content\/uploads\/2017\/03\/travel-slovenia-marcna-revolucija-24x14.jpg 24w, https:\/\/www.travel-slovenia.si\/slo\/wp-content\/uploads\/2017\/03\/travel-slovenia-marcna-revolucija-36x20.jpg 36w, https:\/\/www.travel-slovenia.si\/slo\/wp-content\/uploads\/2017\/03\/travel-slovenia-marcna-revolucija-48x27.jpg 48w, https:\/\/www.travel-slovenia.si\/slo\/wp-content\/uploads\/2017\/03\/travel-slovenia-marcna-revolucija.jpg 400w\" sizes=\"auto, (max-width: 300px) 100vw, 300px\" \/><figcaption class=\"wp-caption-text\">Barikade po izbruhu revolucije v Berlinu<\/figcaption><\/figure>\n<p style=\"text-align: justify;\">Mar\u010dna revolucija ali revolucije leta 1848, tudi me\u0161\u010danske ali nacionalne revolucije oziroma pomlad narodov. Del povezanih revolucij po Evropi zaradi zahtev ljudstva po ve\u010d pravicah, nekateri so zahtevali tudi oblast. Do revolucij je pri\u0161lo zaradi zahtev gospodarsko vse mo\u010dnej\u0161ega me\u0161\u010danstva po politi\u010dnih pravicah, obenem pa so \u0161tevilni narodi takrat oblikovali svoje nacionalne programe.<\/p>\n<p style=\"text-align: justify;\">Revolucije so se pri\u010dele v Franciji, saj je \u0161e v \u010dasu pred revolucijo odpor liberalcev in nacionalistov proti julijski monarhiji okrepil ravnanje francoske vlade, v notranji politiki je nasprotovala raz\u0161iritvi zelo omejene volilne pravice, v zunanji politiki pa je popu\u0161\u010dala Veliki Britaniji. \u017de v letu 1847 se je v Franciji razvija kampanja za raz\u0161iritev volilne pravice, kar je trajalo \u0161e v za\u010detku leta 1848. V okviru kampanje so organizirali reformisti\u010dne bankete, ampak je februarja 1848 je predsednik Fran\u00e7ois Guziot v Parizu prepovedal banket, kar je privedlo do demonstracij 22. februarja. Tako je pri\u0161lo do spopadov med vojsko in demonstranti ter narodno gardo. 24. februarja 1848 je kralj Ludvik Filip odstopil in pobegnil v Anglijo. Po tem je oblast prevzela za\u010dasna vlada in razglasili so republiko. Vlada je ugodila ni\u017ejim slojem in izvedla nujne reforme. V mesecu aprilu so izvedli volitve v narodno skup\u0161\u010dino na katerih je zmagala republikanska stranka, a le-ta ni imela posluha za delavske zahteve. Temu so maja in junija v Parizu sledili nemiri.<\/p>\n<figure id=\"attachment_6485\" class=\"wp-caption alignright\" style=\"max-width: 300px\"><img loading=\"lazy\" decoding=\"async\" class=\"size-medium wp-image-6485\" src=\"https:\/\/www.travel-slovenia.si\/slo\/wp-content\/uploads\/2017\/03\/travel-slovenia-marcna-revolucija1-300x200.jpg\" alt=\"\" width=\"300\" height=\"200\" srcset=\"https:\/\/www.travel-slovenia.si\/slo\/wp-content\/uploads\/2017\/03\/travel-slovenia-marcna-revolucija1-300x200.jpg 300w, https:\/\/www.travel-slovenia.si\/slo\/wp-content\/uploads\/2017\/03\/travel-slovenia-marcna-revolucija1-24x16.jpg 24w, https:\/\/www.travel-slovenia.si\/slo\/wp-content\/uploads\/2017\/03\/travel-slovenia-marcna-revolucija1-36x24.jpg 36w, https:\/\/www.travel-slovenia.si\/slo\/wp-content\/uploads\/2017\/03\/travel-slovenia-marcna-revolucija1-48x32.jpg 48w, https:\/\/www.travel-slovenia.si\/slo\/wp-content\/uploads\/2017\/03\/travel-slovenia-marcna-revolucija1.jpg 400w\" sizes=\"auto, (max-width: 300px) 100vw, 300px\" \/><figcaption class=\"wp-caption-text\">Ljudski upor<\/figcaption><\/figure>\n<p style=\"text-align: justify;\">Do revolucij pa je pri\u0161lo tudi v Habsbur\u0161ki monarhiji. Na Dunaju se je 13. marca 1848 pri\u010dela mar\u010dna revolucija. \u010ceprav je vojska demonstrante takrat prepodila, je knez Klemens Lothar Metternich odstopil. A revolucija se je hitro pri\u010dela \u0161iriti tudi po ostalih de\u017eelah v monarhiji. Na Mad\u017earskem pride do revolucije 15. marca, v Ljubljani pa le dan kasneje, 16. marca 1848. Revolucija je zajela tudi habsbur\u0161ke posesti v severni Italiji. Tako sta Benetke in Milano 22. marca razglasila neodvisnost.<\/p>\n<p style=\"text-align: justify;\">Revolucija je bila do sredine leta 1849 po celotni Evropi premagana. Reakcionarni politi\u010dni re\u017eimi, ki so zavladali v ve\u010dini evropskih dr\u017eav, niso mogli odpraviti nekaterih bistvenih pridobitev revolucije. V nobeni od dr\u017eav niso uspeli obnoviti fevdalnega sistema. A nacionalne in liberalne te\u017enje so \u017eivele naprej. Poseg delavcev v politiko pa je med me\u0161\u010danstvom okrepil strah pred socialno revolucijo.<\/p>\n<figure id=\"attachment_6488\" class=\"wp-caption aligncenter\" style=\"max-width: 600px\"><a href=\"https:\/\/www.travel-slovenia.si\/slo\/wp-content\/uploads\/2017\/03\/travel-slovenia-marcna-revolucija-zemljevid.jpg\" target=\"_blank\"><img loading=\"lazy\" decoding=\"async\" class=\"wp-image-6488\" src=\"https:\/\/www.travel-slovenia.si\/slo\/wp-content\/uploads\/2017\/03\/travel-slovenia-marcna-revolucija-zemljevid.jpg\" alt=\"\" width=\"600\" height=\"345\" srcset=\"https:\/\/www.travel-slovenia.si\/slo\/wp-content\/uploads\/2017\/03\/travel-slovenia-marcna-revolucija-zemljevid.jpg 1100w, https:\/\/www.travel-slovenia.si\/slo\/wp-content\/uploads\/2017\/03\/travel-slovenia-marcna-revolucija-zemljevid-300x173.jpg 300w, https:\/\/www.travel-slovenia.si\/slo\/wp-content\/uploads\/2017\/03\/travel-slovenia-marcna-revolucija-zemljevid-768x442.jpg 768w, https:\/\/www.travel-slovenia.si\/slo\/wp-content\/uploads\/2017\/03\/travel-slovenia-marcna-revolucija-zemljevid-1024x589.jpg 1024w, https:\/\/www.travel-slovenia.si\/slo\/wp-content\/uploads\/2017\/03\/travel-slovenia-marcna-revolucija-zemljevid-24x14.jpg 24w, https:\/\/www.travel-slovenia.si\/slo\/wp-content\/uploads\/2017\/03\/travel-slovenia-marcna-revolucija-zemljevid-36x21.jpg 36w, https:\/\/www.travel-slovenia.si\/slo\/wp-content\/uploads\/2017\/03\/travel-slovenia-marcna-revolucija-zemljevid-48x28.jpg 48w\" sizes=\"auto, (max-width: 600px) 100vw, 600px\" \/><\/a><figcaption class=\"wp-caption-text\">Zemljevid mar\u010dne revolucije leta 1848<\/figcaption><\/figure>\n<p>&nbsp;<\/p>\n<table>\n<tbody>\n<tr>\n<td style=\"text-align: center;\"><a href=\"https:\/\/www.travel-slovenia.si\/slo\/na-danasnji-dan\/\"><img loading=\"lazy\" decoding=\"async\" class=\"alignleft wp-image-4499 size-full\" src=\"https:\/\/www.travel-slovenia.si\/slo\/wp-content\/uploads\/2014\/09\/travel-slovenia-povezava-na-drugo.jpg\" alt=\"travel-slovenia-povezava-na-drugo\" width=\"128\" height=\"22\" srcset=\"https:\/\/www.travel-slovenia.si\/slo\/wp-content\/uploads\/2014\/09\/travel-slovenia-povezava-na-drugo.jpg 128w, https:\/\/www.travel-slovenia.si\/slo\/wp-content\/uploads\/2014\/09\/travel-slovenia-povezava-na-drugo-24x4.jpg 24w, https:\/\/www.travel-slovenia.si\/slo\/wp-content\/uploads\/2014\/09\/travel-slovenia-povezava-na-drugo-36x6.jpg 36w, https:\/\/www.travel-slovenia.si\/slo\/wp-content\/uploads\/2014\/09\/travel-slovenia-povezava-na-drugo-48x8.jpg 48w\" sizes=\"auto, (max-width: 128px) 100vw, 128px\" \/><\/a><a href=\"https:\/\/www.travel-slovenia.si\/slo\/na-danasnji-dan\/\">Poglejte \u0161e druge pomembne dogodke!<\/a><a href=\"https:\/\/www.travel-slovenia.si\/slo\/na-danasnji-dan\/\"><img loading=\"lazy\" decoding=\"async\" class=\"alignright wp-image-4500 size-full\" src=\"https:\/\/www.travel-slovenia.si\/slo\/wp-content\/uploads\/2014\/09\/travel-slovenia-povezava-na-drugo2.jpg\" alt=\"travel-slovenia-povezava-na-drugo2\" width=\"128\" height=\"22\" srcset=\"https:\/\/www.travel-slovenia.si\/slo\/wp-content\/uploads\/2014\/09\/travel-slovenia-povezava-na-drugo2.jpg 128w, https:\/\/www.travel-slovenia.si\/slo\/wp-content\/uploads\/2014\/09\/travel-slovenia-povezava-na-drugo2-24x4.jpg 24w, https:\/\/www.travel-slovenia.si\/slo\/wp-content\/uploads\/2014\/09\/travel-slovenia-povezava-na-drugo2-36x6.jpg 36w, https:\/\/www.travel-slovenia.si\/slo\/wp-content\/uploads\/2014\/09\/travel-slovenia-povezava-na-drugo2-48x8.jpg 48w\" sizes=\"auto, (max-width: 128px) 100vw, 128px\" \/><\/a><\/td>\n<\/tr>\n<\/tbody>\n<\/table>\n","protected":false},"excerpt":{"rendered":"<p>Mar\u010dna revolucija ali revolucije leta 1848, tudi me\u0161\u010danske ali nacionalne revolucije oziroma pomlad narodov. Del povezanih revolucij po Evropi zaradi zahtev ljudstva po ve\u010d pravicah, nekateri so zahtevali tudi oblast. Do revolucij je pri\u0161lo zaradi zahtev gospodarsko vse mo\u010dnej\u0161ega me\u0161\u010danstva po politi\u010dnih pravicah, obenem pa so \u0161tevilni narodi takrat oblikovali svoje nacionalne programe. Revolucije so [&hellip;]<\/p>\n","protected":false},"author":111,"featured_media":0,"parent":0,"menu_order":0,"comment_status":"closed","ping_status":"closed","template":"","meta":{"footnotes":""},"class_list":["post-6482","page","type-page","status-publish","hentry"],"yoast_head":"<!-- This site is optimized with the Yoast SEO plugin v25.4 - https:\/\/yoast.com\/wordpress\/plugins\/seo\/ -->\n<title>Mar\u010dna revolucija : Travel-Slovenia<\/title>\n<meta name=\"description\" content=\"Mar\u010dna revolucija ali revolucije 1848, tudi me\u0161\u010danske ali nacionalne revolucije oziroma pomlad narodov. Pri\u010dela se je v Franciji in raz\u0161irila po Evropi.\" \/>\n<meta name=\"robots\" content=\"index, follow, max-snippet:-1, max-image-preview:large, max-video-preview:-1\" \/>\n<link rel=\"canonical\" href=\"https:\/\/www.travel-slovenia.si\/slo\/marcna-revolucija\/\" \/>\n<meta property=\"og:locale\" content=\"sl_SI\" \/>\n<meta property=\"og:type\" content=\"article\" \/>\n<meta property=\"og:title\" content=\"Mar\u010dna revolucija : Travel-Slovenia\" \/>\n<meta property=\"og:description\" content=\"Mar\u010dna revolucija ali revolucije 1848, tudi me\u0161\u010danske ali nacionalne revolucije oziroma pomlad narodov. Pri\u010dela se je v Franciji in raz\u0161irila po Evropi.\" \/>\n<meta property=\"og:url\" content=\"https:\/\/www.travel-slovenia.si\/slo\/marcna-revolucija\/\" \/>\n<meta property=\"og:site_name\" content=\"Travel Slovenia - Sledite lepotam na\u0161e male dr\u017eavice\" \/>\n<meta property=\"og:image\" content=\"https:\/\/www.travel-slovenia.si\/slo\/wp-content\/uploads\/2017\/03\/travel-slovenia-marcna-revolucija1.jpg\" \/>\n\t<meta property=\"og:image:width\" content=\"400\" \/>\n\t<meta property=\"og:image:height\" content=\"267\" \/>\n\t<meta property=\"og:image:type\" content=\"image\/jpeg\" \/>\n<meta name=\"twitter:card\" content=\"summary_large_image\" \/>\n<meta name=\"twitter:title\" content=\"Mar\u010dna revolucija : Travel-Slovenia\" \/>\n<meta name=\"twitter:description\" content=\"Mar\u010dna revolucija ali revolucije 1848, tudi me\u0161\u010danske ali nacionalne revolucije oziroma pomlad narodov. Pri\u010dela se je v Franciji in raz\u0161irila po Evropi.\" \/>\n<meta name=\"twitter:image\" content=\"https:\/\/www.travel-slovenia.si\/slo\/wp-content\/uploads\/2017\/03\/travel-slovenia-marcna-revolucija1.jpg\" \/>\n<meta name=\"twitter:label1\" content=\"Est. reading time\" \/>\n\t<meta name=\"twitter:data1\" content=\"2 minuti\" \/>\n<script type=\"application\/ld+json\" class=\"yoast-schema-graph\">{\"@context\":\"https:\/\/schema.org\",\"@graph\":[{\"@type\":\"WebPage\",\"@id\":\"https:\/\/www.travel-slovenia.si\/slo\/marcna-revolucija\/\",\"url\":\"https:\/\/www.travel-slovenia.si\/slo\/marcna-revolucija\/\",\"name\":\"Mar\u010dna revolucija : Travel-Slovenia\",\"isPartOf\":{\"@id\":\"https:\/\/www.travel-slovenia.si\/slo\/#website\"},\"primaryImageOfPage\":{\"@id\":\"https:\/\/www.travel-slovenia.si\/slo\/marcna-revolucija\/#primaryimage\"},\"image\":{\"@id\":\"https:\/\/www.travel-slovenia.si\/slo\/marcna-revolucija\/#primaryimage\"},\"thumbnailUrl\":\"https:\/\/www.travel-slovenia.si\/slo\/wp-content\/uploads\/2017\/03\/travel-slovenia-marcna-revolucija-300x170.jpg\",\"datePublished\":\"2017-03-15T10:36:12+00:00\",\"description\":\"Mar\u010dna revolucija ali revolucije 1848, tudi me\u0161\u010danske ali nacionalne revolucije oziroma pomlad narodov. Pri\u010dela se je v Franciji in raz\u0161irila po Evropi.\",\"breadcrumb\":{\"@id\":\"https:\/\/www.travel-slovenia.si\/slo\/marcna-revolucija\/#breadcrumb\"},\"inLanguage\":\"sl-SI\",\"potentialAction\":[{\"@type\":\"ReadAction\",\"target\":[\"https:\/\/www.travel-slovenia.si\/slo\/marcna-revolucija\/\"]}]},{\"@type\":\"ImageObject\",\"inLanguage\":\"sl-SI\",\"@id\":\"https:\/\/www.travel-slovenia.si\/slo\/marcna-revolucija\/#primaryimage\",\"url\":\"https:\/\/www.travel-slovenia.si\/slo\/wp-content\/uploads\/2017\/03\/travel-slovenia-marcna-revolucija.jpg\",\"contentUrl\":\"https:\/\/www.travel-slovenia.si\/slo\/wp-content\/uploads\/2017\/03\/travel-slovenia-marcna-revolucija.jpg\",\"width\":400,\"height\":227,\"caption\":\"Barikade po izbruhu revolucije v Berlinu\"},{\"@type\":\"BreadcrumbList\",\"@id\":\"https:\/\/www.travel-slovenia.si\/slo\/marcna-revolucija\/#breadcrumb\",\"itemListElement\":[{\"@type\":\"ListItem\",\"position\":1,\"name\":\"Home\",\"item\":\"https:\/\/www.travel-slovenia.si\/slo\/\"},{\"@type\":\"ListItem\",\"position\":2,\"name\":\"Mar\u010dna revolucija\"}]},{\"@type\":\"WebSite\",\"@id\":\"https:\/\/www.travel-slovenia.si\/slo\/#website\",\"url\":\"https:\/\/www.travel-slovenia.si\/slo\/\",\"name\":\"Travel Slovenia - Sledite lepotam na\u0161e male dr\u017eavice\",\"description\":\"\",\"potentialAction\":[{\"@type\":\"SearchAction\",\"target\":{\"@type\":\"EntryPoint\",\"urlTemplate\":\"https:\/\/www.travel-slovenia.si\/slo\/?s={search_term_string}\"},\"query-input\":{\"@type\":\"PropertyValueSpecification\",\"valueRequired\":true,\"valueName\":\"search_term_string\"}}],\"inLanguage\":\"sl-SI\"}]}<\/script>\n<!-- \/ Yoast SEO plugin. -->","yoast_head_json":{"title":"Mar\u010dna revolucija : Travel-Slovenia","description":"Mar\u010dna revolucija ali revolucije 1848, tudi me\u0161\u010danske ali nacionalne revolucije oziroma pomlad narodov. Pri\u010dela se je v Franciji in raz\u0161irila po Evropi.","robots":{"index":"index","follow":"follow","max-snippet":"max-snippet:-1","max-image-preview":"max-image-preview:large","max-video-preview":"max-video-preview:-1"},"canonical":"https:\/\/www.travel-slovenia.si\/slo\/marcna-revolucija\/","og_locale":"sl_SI","og_type":"article","og_title":"Mar\u010dna revolucija : Travel-Slovenia","og_description":"Mar\u010dna revolucija ali revolucije 1848, tudi me\u0161\u010danske ali nacionalne revolucije oziroma pomlad narodov. Pri\u010dela se je v Franciji in raz\u0161irila po Evropi.","og_url":"https:\/\/www.travel-slovenia.si\/slo\/marcna-revolucija\/","og_site_name":"Travel Slovenia - Sledite lepotam na\u0161e male dr\u017eavice","og_image":[{"width":400,"height":267,"url":"https:\/\/www.travel-slovenia.si\/slo\/wp-content\/uploads\/2017\/03\/travel-slovenia-marcna-revolucija1.jpg","type":"image\/jpeg"}],"twitter_card":"summary_large_image","twitter_title":"Mar\u010dna revolucija : Travel-Slovenia","twitter_description":"Mar\u010dna revolucija ali revolucije 1848, tudi me\u0161\u010danske ali nacionalne revolucije oziroma pomlad narodov. Pri\u010dela se je v Franciji in raz\u0161irila po Evropi.","twitter_image":"https:\/\/www.travel-slovenia.si\/slo\/wp-content\/uploads\/2017\/03\/travel-slovenia-marcna-revolucija1.jpg","twitter_misc":{"Est. reading time":"2 minuti"},"schema":{"@context":"https:\/\/schema.org","@graph":[{"@type":"WebPage","@id":"https:\/\/www.travel-slovenia.si\/slo\/marcna-revolucija\/","url":"https:\/\/www.travel-slovenia.si\/slo\/marcna-revolucija\/","name":"Mar\u010dna revolucija : Travel-Slovenia","isPartOf":{"@id":"https:\/\/www.travel-slovenia.si\/slo\/#website"},"primaryImageOfPage":{"@id":"https:\/\/www.travel-slovenia.si\/slo\/marcna-revolucija\/#primaryimage"},"image":{"@id":"https:\/\/www.travel-slovenia.si\/slo\/marcna-revolucija\/#primaryimage"},"thumbnailUrl":"https:\/\/www.travel-slovenia.si\/slo\/wp-content\/uploads\/2017\/03\/travel-slovenia-marcna-revolucija-300x170.jpg","datePublished":"2017-03-15T10:36:12+00:00","description":"Mar\u010dna revolucija ali revolucije 1848, tudi me\u0161\u010danske ali nacionalne revolucije oziroma pomlad narodov. Pri\u010dela se je v Franciji in raz\u0161irila po Evropi.","breadcrumb":{"@id":"https:\/\/www.travel-slovenia.si\/slo\/marcna-revolucija\/#breadcrumb"},"inLanguage":"sl-SI","potentialAction":[{"@type":"ReadAction","target":["https:\/\/www.travel-slovenia.si\/slo\/marcna-revolucija\/"]}]},{"@type":"ImageObject","inLanguage":"sl-SI","@id":"https:\/\/www.travel-slovenia.si\/slo\/marcna-revolucija\/#primaryimage","url":"https:\/\/www.travel-slovenia.si\/slo\/wp-content\/uploads\/2017\/03\/travel-slovenia-marcna-revolucija.jpg","contentUrl":"https:\/\/www.travel-slovenia.si\/slo\/wp-content\/uploads\/2017\/03\/travel-slovenia-marcna-revolucija.jpg","width":400,"height":227,"caption":"Barikade po izbruhu revolucije v Berlinu"},{"@type":"BreadcrumbList","@id":"https:\/\/www.travel-slovenia.si\/slo\/marcna-revolucija\/#breadcrumb","itemListElement":[{"@type":"ListItem","position":1,"name":"Home","item":"https:\/\/www.travel-slovenia.si\/slo\/"},{"@type":"ListItem","position":2,"name":"Mar\u010dna revolucija"}]},{"@type":"WebSite","@id":"https:\/\/www.travel-slovenia.si\/slo\/#website","url":"https:\/\/www.travel-slovenia.si\/slo\/","name":"Travel Slovenia - Sledite lepotam na\u0161e male dr\u017eavice","description":"","potentialAction":[{"@type":"SearchAction","target":{"@type":"EntryPoint","urlTemplate":"https:\/\/www.travel-slovenia.si\/slo\/?s={search_term_string}"},"query-input":{"@type":"PropertyValueSpecification","valueRequired":true,"valueName":"search_term_string"}}],"inLanguage":"sl-SI"}]}},"post_mailing_queue_ids":[],"_links":{"self":[{"href":"https:\/\/www.travel-slovenia.si\/slo\/wp-json\/wp\/v2\/pages\/6482","targetHints":{"allow":["GET"]}}],"collection":[{"href":"https:\/\/www.travel-slovenia.si\/slo\/wp-json\/wp\/v2\/pages"}],"about":[{"href":"https:\/\/www.travel-slovenia.si\/slo\/wp-json\/wp\/v2\/types\/page"}],"author":[{"embeddable":true,"href":"https:\/\/www.travel-slovenia.si\/slo\/wp-json\/wp\/v2\/users\/111"}],"replies":[{"embeddable":true,"href":"https:\/\/www.travel-slovenia.si\/slo\/wp-json\/wp\/v2\/comments?post=6482"}],"version-history":[{"count":1,"href":"https:\/\/www.travel-slovenia.si\/slo\/wp-json\/wp\/v2\/pages\/6482\/revisions"}],"predecessor-version":[{"id":6489,"href":"https:\/\/www.travel-slovenia.si\/slo\/wp-json\/wp\/v2\/pages\/6482\/revisions\/6489"}],"wp:attachment":[{"href":"https:\/\/www.travel-slovenia.si\/slo\/wp-json\/wp\/v2\/media?parent=6482"}],"curies":[{"name":"wp","href":"https:\/\/api.w.org\/{rel}","templated":true}]}}