{"id":6452,"date":"2017-03-06T12:43:50","date_gmt":"2017-03-06T11:43:50","guid":{"rendered":"https:\/\/www.travel-slovenia.si\/slo\/?page_id=6452"},"modified":"2017-03-06T12:43:50","modified_gmt":"2017-03-06T11:43:50","slug":"joze-kerencic","status":"publish","type":"page","link":"https:\/\/www.travel-slovenia.si\/slo\/joze-kerencic\/","title":{"rendered":"Jo\u017ee Keren\u010di\u010d"},"content":{"rendered":"<figure id=\"attachment_6453\" class=\"wp-caption alignleft\" style=\"max-width: 300px\"><img loading=\"lazy\" decoding=\"async\" class=\"size-full wp-image-6453\" src=\"https:\/\/www.travel-slovenia.si\/slo\/wp-content\/uploads\/2017\/03\/travel-slovenia-joze-kerencic.jpg\" alt=\"\" width=\"300\" height=\"469\" srcset=\"https:\/\/www.travel-slovenia.si\/slo\/wp-content\/uploads\/2017\/03\/travel-slovenia-joze-kerencic.jpg 300w, https:\/\/www.travel-slovenia.si\/slo\/wp-content\/uploads\/2017\/03\/travel-slovenia-joze-kerencic-192x300.jpg 192w, https:\/\/www.travel-slovenia.si\/slo\/wp-content\/uploads\/2017\/03\/travel-slovenia-joze-kerencic-15x24.jpg 15w, https:\/\/www.travel-slovenia.si\/slo\/wp-content\/uploads\/2017\/03\/travel-slovenia-joze-kerencic-23x36.jpg 23w, https:\/\/www.travel-slovenia.si\/slo\/wp-content\/uploads\/2017\/03\/travel-slovenia-joze-kerencic-31x48.jpg 31w\" sizes=\"auto, (max-width: 300px) 100vw, 300px\" \/><figcaption class=\"wp-caption-text\">Jo\u017ee Keren\u010di\u010d &#8211; Janko<\/figcaption><\/figure>\n<p style=\"text-align: justify;\">Jo\u017ee Keren\u010di\u010d je bil slovenski pisatelj, publicist, partizan in narodni heroj. Poznan je bil kot aktivist Osvobodilne fronte. Njegovo ilegalno ime je bilo Janko. Rodil se je v Jastrebci 9. marca 1913, umrl pa je v Mariboru 27. decembra 1941, pri 28 letih.<\/p>\n<p style=\"text-align: justify;\">Osnovno \u0161olo je obiskoval v Kogu, srednjo \u0161olo in u\u010ditelji\u0161\u010de pa v Mariboru. \u017de kot dijak se je pridru\u017eil naprednemu gibanju in postal \u010dlan Skoja (Zveza komunisti\u010dne mladine Jugoslavije). Svoje \u0161olanje je nadaljeval na Univerzi v Ljubljani, leta 1937 je diplomiral iz filozofije in pedagogike. \u010clan akademskega \u0161tudentskega kluba Njiva in KPJ (Komunisti\u010dna partija Jugoslavije) je postal v \u010dasu \u0161tudija. Iz KPJ pa je bil izklju\u010den zaradi pogledov na re\u0161evanje kme\u010dkega vpra\u0161anja, saj se s partijsko usmeritvijo niso skladali. Prvo slu\u017ebo je nastopil leta 1940 na me\u0161\u010danski \u0161oli v Gornji Radgoni, pou\u010deval je od jeseni do pomladi naslednjega leta. Ob prihodu Nemcev leta 1941 se je posvetil organizaciji ilegalnega odporni\u0161kega dela. Konferenca aktivistov Osvobodilne fronte je potekala v njegovem domu. Od poletja 1941 se je zadr\u017eeval v Pesnici, a so ga 17. novembra 1941 izdali, kjer ga je potem gestapo aretiral. 27. decembra 1941 je do\u017eivel \u017ealostno usodo, saj so ga na dvori\u0161\u010du sodnih zaporov v Mariboru ustrelili. Umrl je z zavestjo komunisti\u010dnega borca, bil je prepri\u010dan, da umira za svobodo in lep\u0161e dni svojega ljudstva. 27. novembra 1953 so ga odlikovali z redom narodnega heroja. Po njem so tudi poimenovali ve\u010d ulic v slovenskih krajih in trg v Ormo\u017eu.<\/p>\n<p style=\"text-align: justify;\">Njegova dela so zelo povezana s slovenje-gori\u0161kim ljudstvom. Znan je bil predvsem po svojih socialnih \u0161tudijah z romanti\u010dnim pojmovanje slovenskih kmetov. V svojih delih je predstavil zagrenjene dneve svoje mladosti. Gorje svojega ljudstva je \u017eelel razkriti svetu, raz\u010dleniti in pojasniti \u017eivljenjsko krizo. Zavzemal in boril se je za pravi\u010dnej\u0161i svet, njegova \u017eelja je bila ozave\u0161\u010dati ljudi.<\/p>\n<p>&nbsp;<\/p>\n<table>\n<tbody>\n<tr>\n<td style=\"text-align: center;\"><a href=\"https:\/\/www.travel-slovenia.si\/slo\/zgodovinske-osebnosti\/\"><img loading=\"lazy\" decoding=\"async\" class=\"alignleft wp-image-4499 size-full\" src=\"https:\/\/www.travel-slovenia.si\/slo\/wp-content\/uploads\/2014\/09\/travel-slovenia-povezava-na-drugo.jpg\" alt=\"travel-slovenia-povezava-na-drugo\" width=\"128\" height=\"22\" srcset=\"https:\/\/www.travel-slovenia.si\/slo\/wp-content\/uploads\/2014\/09\/travel-slovenia-povezava-na-drugo.jpg 128w, https:\/\/www.travel-slovenia.si\/slo\/wp-content\/uploads\/2014\/09\/travel-slovenia-povezava-na-drugo-24x4.jpg 24w, https:\/\/www.travel-slovenia.si\/slo\/wp-content\/uploads\/2014\/09\/travel-slovenia-povezava-na-drugo-36x6.jpg 36w, https:\/\/www.travel-slovenia.si\/slo\/wp-content\/uploads\/2014\/09\/travel-slovenia-povezava-na-drugo-48x8.jpg 48w\" sizes=\"auto, (max-width: 128px) 100vw, 128px\" \/><\/a><a href=\"https:\/\/www.travel-slovenia.si\/slo\/zgodovinske-osebnosti\/\">Poglejte \u0161e druge zgodovinske osebnosti!<\/a><a href=\"https:\/\/www.travel-slovenia.si\/slo\/zgodovinske-osebnosti\/\"><img loading=\"lazy\" decoding=\"async\" class=\"alignright wp-image-4500 size-full\" src=\"https:\/\/www.travel-slovenia.si\/slo\/wp-content\/uploads\/2014\/09\/travel-slovenia-povezava-na-drugo2.jpg\" alt=\"travel-slovenia-povezava-na-drugo2\" width=\"128\" height=\"22\" srcset=\"https:\/\/www.travel-slovenia.si\/slo\/wp-content\/uploads\/2014\/09\/travel-slovenia-povezava-na-drugo2.jpg 128w, https:\/\/www.travel-slovenia.si\/slo\/wp-content\/uploads\/2014\/09\/travel-slovenia-povezava-na-drugo2-24x4.jpg 24w, https:\/\/www.travel-slovenia.si\/slo\/wp-content\/uploads\/2014\/09\/travel-slovenia-povezava-na-drugo2-36x6.jpg 36w, https:\/\/www.travel-slovenia.si\/slo\/wp-content\/uploads\/2014\/09\/travel-slovenia-povezava-na-drugo2-48x8.jpg 48w\" sizes=\"auto, (max-width: 128px) 100vw, 128px\" \/><\/a><\/td>\n<\/tr>\n<\/tbody>\n<\/table>\n","protected":false},"excerpt":{"rendered":"<p>Jo\u017ee Keren\u010di\u010d je bil slovenski pisatelj, publicist, partizan in narodni heroj. Poznan je bil kot aktivist Osvobodilne fronte. Njegovo ilegalno ime je bilo Janko. Rodil se je v Jastrebci 9. marca 1913, umrl pa je v Mariboru 27. decembra 1941, pri 28 letih. Osnovno \u0161olo je obiskoval v Kogu, srednjo \u0161olo in u\u010ditelji\u0161\u010de pa v [&hellip;]<\/p>\n","protected":false},"author":111,"featured_media":6453,"parent":0,"menu_order":0,"comment_status":"closed","ping_status":"closed","template":"","meta":{"footnotes":""},"class_list":["post-6452","page","type-page","status-publish","has-post-thumbnail","hentry"],"yoast_head":"<!-- This site is optimized with the Yoast SEO plugin v25.4 - https:\/\/yoast.com\/wordpress\/plugins\/seo\/ -->\n<title>Jo\u017ee Keren\u010di\u010d : Travel-Slovenia<\/title>\n<meta name=\"description\" content=\"Jo\u017ee Keren\u010di\u010d je bil slovenski pisatelj, publicist, partizan in narodni heroj. Poznan je bil kot aktivist Osvobodilne fronte.\" \/>\n<meta name=\"robots\" content=\"index, follow, max-snippet:-1, max-image-preview:large, max-video-preview:-1\" \/>\n<link rel=\"canonical\" href=\"https:\/\/www.travel-slovenia.si\/slo\/joze-kerencic\/\" \/>\n<meta property=\"og:locale\" content=\"sl_SI\" \/>\n<meta property=\"og:type\" content=\"article\" \/>\n<meta property=\"og:title\" content=\"Jo\u017ee Keren\u010di\u010d : Travel-Slovenia\" \/>\n<meta property=\"og:description\" content=\"Jo\u017ee Keren\u010di\u010d je bil slovenski pisatelj, publicist, partizan in narodni heroj. Poznan je bil kot aktivist Osvobodilne fronte.\" \/>\n<meta property=\"og:url\" content=\"https:\/\/www.travel-slovenia.si\/slo\/joze-kerencic\/\" \/>\n<meta property=\"og:site_name\" content=\"Travel Slovenia - Sledite lepotam na\u0161e male dr\u017eavice\" \/>\n<meta property=\"og:image\" content=\"https:\/\/www.travel-slovenia.si\/slo\/wp-content\/uploads\/2017\/03\/travel-slovenia-joze-kerencic.jpg\" \/>\n\t<meta property=\"og:image:width\" content=\"300\" \/>\n\t<meta property=\"og:image:height\" content=\"469\" \/>\n\t<meta property=\"og:image:type\" content=\"image\/jpeg\" \/>\n<meta name=\"twitter:card\" content=\"summary_large_image\" \/>\n<meta name=\"twitter:title\" content=\"Jo\u017ee Keren\u010di\u010d : Travel-Slovenia\" \/>\n<meta name=\"twitter:description\" content=\"Jo\u017ee Keren\u010di\u010d je bil slovenski pisatelj, publicist, partizan in narodni heroj. Poznan je bil kot aktivist Osvobodilne fronte.\" \/>\n<meta name=\"twitter:image\" content=\"https:\/\/www.travel-slovenia.si\/slo\/wp-content\/uploads\/2017\/03\/travel-slovenia-joze-kerencic.jpg\" \/>\n<meta name=\"twitter:label1\" content=\"Est. reading time\" \/>\n\t<meta name=\"twitter:data1\" content=\"2 minuti\" \/>\n<script type=\"application\/ld+json\" class=\"yoast-schema-graph\">{\"@context\":\"https:\/\/schema.org\",\"@graph\":[{\"@type\":\"WebPage\",\"@id\":\"https:\/\/www.travel-slovenia.si\/slo\/joze-kerencic\/\",\"url\":\"https:\/\/www.travel-slovenia.si\/slo\/joze-kerencic\/\",\"name\":\"Jo\u017ee Keren\u010di\u010d : Travel-Slovenia\",\"isPartOf\":{\"@id\":\"https:\/\/www.travel-slovenia.si\/slo\/#website\"},\"primaryImageOfPage\":{\"@id\":\"https:\/\/www.travel-slovenia.si\/slo\/joze-kerencic\/#primaryimage\"},\"image\":{\"@id\":\"https:\/\/www.travel-slovenia.si\/slo\/joze-kerencic\/#primaryimage\"},\"thumbnailUrl\":\"https:\/\/www.travel-slovenia.si\/slo\/wp-content\/uploads\/2017\/03\/travel-slovenia-joze-kerencic.jpg\",\"datePublished\":\"2017-03-06T11:43:50+00:00\",\"description\":\"Jo\u017ee Keren\u010di\u010d je bil slovenski pisatelj, publicist, partizan in narodni heroj. Poznan je bil kot aktivist Osvobodilne fronte.\",\"breadcrumb\":{\"@id\":\"https:\/\/www.travel-slovenia.si\/slo\/joze-kerencic\/#breadcrumb\"},\"inLanguage\":\"sl-SI\",\"potentialAction\":[{\"@type\":\"ReadAction\",\"target\":[\"https:\/\/www.travel-slovenia.si\/slo\/joze-kerencic\/\"]}]},{\"@type\":\"ImageObject\",\"inLanguage\":\"sl-SI\",\"@id\":\"https:\/\/www.travel-slovenia.si\/slo\/joze-kerencic\/#primaryimage\",\"url\":\"https:\/\/www.travel-slovenia.si\/slo\/wp-content\/uploads\/2017\/03\/travel-slovenia-joze-kerencic.jpg\",\"contentUrl\":\"https:\/\/www.travel-slovenia.si\/slo\/wp-content\/uploads\/2017\/03\/travel-slovenia-joze-kerencic.jpg\",\"width\":300,\"height\":469,\"caption\":\"Jo\u017ee Keren\u010di\u010d - Janko\"},{\"@type\":\"BreadcrumbList\",\"@id\":\"https:\/\/www.travel-slovenia.si\/slo\/joze-kerencic\/#breadcrumb\",\"itemListElement\":[{\"@type\":\"ListItem\",\"position\":1,\"name\":\"Home\",\"item\":\"https:\/\/www.travel-slovenia.si\/slo\/\"},{\"@type\":\"ListItem\",\"position\":2,\"name\":\"Jo\u017ee Keren\u010di\u010d\"}]},{\"@type\":\"WebSite\",\"@id\":\"https:\/\/www.travel-slovenia.si\/slo\/#website\",\"url\":\"https:\/\/www.travel-slovenia.si\/slo\/\",\"name\":\"Travel Slovenia - Sledite lepotam na\u0161e male dr\u017eavice\",\"description\":\"\",\"potentialAction\":[{\"@type\":\"SearchAction\",\"target\":{\"@type\":\"EntryPoint\",\"urlTemplate\":\"https:\/\/www.travel-slovenia.si\/slo\/?s={search_term_string}\"},\"query-input\":{\"@type\":\"PropertyValueSpecification\",\"valueRequired\":true,\"valueName\":\"search_term_string\"}}],\"inLanguage\":\"sl-SI\"}]}<\/script>\n<!-- \/ Yoast SEO plugin. -->","yoast_head_json":{"title":"Jo\u017ee Keren\u010di\u010d : Travel-Slovenia","description":"Jo\u017ee Keren\u010di\u010d je bil slovenski pisatelj, publicist, partizan in narodni heroj. Poznan je bil kot aktivist Osvobodilne fronte.","robots":{"index":"index","follow":"follow","max-snippet":"max-snippet:-1","max-image-preview":"max-image-preview:large","max-video-preview":"max-video-preview:-1"},"canonical":"https:\/\/www.travel-slovenia.si\/slo\/joze-kerencic\/","og_locale":"sl_SI","og_type":"article","og_title":"Jo\u017ee Keren\u010di\u010d : Travel-Slovenia","og_description":"Jo\u017ee Keren\u010di\u010d je bil slovenski pisatelj, publicist, partizan in narodni heroj. Poznan je bil kot aktivist Osvobodilne fronte.","og_url":"https:\/\/www.travel-slovenia.si\/slo\/joze-kerencic\/","og_site_name":"Travel Slovenia - Sledite lepotam na\u0161e male dr\u017eavice","og_image":[{"width":300,"height":469,"url":"https:\/\/www.travel-slovenia.si\/slo\/wp-content\/uploads\/2017\/03\/travel-slovenia-joze-kerencic.jpg","type":"image\/jpeg"}],"twitter_card":"summary_large_image","twitter_title":"Jo\u017ee Keren\u010di\u010d : Travel-Slovenia","twitter_description":"Jo\u017ee Keren\u010di\u010d je bil slovenski pisatelj, publicist, partizan in narodni heroj. Poznan je bil kot aktivist Osvobodilne fronte.","twitter_image":"https:\/\/www.travel-slovenia.si\/slo\/wp-content\/uploads\/2017\/03\/travel-slovenia-joze-kerencic.jpg","twitter_misc":{"Est. reading time":"2 minuti"},"schema":{"@context":"https:\/\/schema.org","@graph":[{"@type":"WebPage","@id":"https:\/\/www.travel-slovenia.si\/slo\/joze-kerencic\/","url":"https:\/\/www.travel-slovenia.si\/slo\/joze-kerencic\/","name":"Jo\u017ee Keren\u010di\u010d : Travel-Slovenia","isPartOf":{"@id":"https:\/\/www.travel-slovenia.si\/slo\/#website"},"primaryImageOfPage":{"@id":"https:\/\/www.travel-slovenia.si\/slo\/joze-kerencic\/#primaryimage"},"image":{"@id":"https:\/\/www.travel-slovenia.si\/slo\/joze-kerencic\/#primaryimage"},"thumbnailUrl":"https:\/\/www.travel-slovenia.si\/slo\/wp-content\/uploads\/2017\/03\/travel-slovenia-joze-kerencic.jpg","datePublished":"2017-03-06T11:43:50+00:00","description":"Jo\u017ee Keren\u010di\u010d je bil slovenski pisatelj, publicist, partizan in narodni heroj. Poznan je bil kot aktivist Osvobodilne fronte.","breadcrumb":{"@id":"https:\/\/www.travel-slovenia.si\/slo\/joze-kerencic\/#breadcrumb"},"inLanguage":"sl-SI","potentialAction":[{"@type":"ReadAction","target":["https:\/\/www.travel-slovenia.si\/slo\/joze-kerencic\/"]}]},{"@type":"ImageObject","inLanguage":"sl-SI","@id":"https:\/\/www.travel-slovenia.si\/slo\/joze-kerencic\/#primaryimage","url":"https:\/\/www.travel-slovenia.si\/slo\/wp-content\/uploads\/2017\/03\/travel-slovenia-joze-kerencic.jpg","contentUrl":"https:\/\/www.travel-slovenia.si\/slo\/wp-content\/uploads\/2017\/03\/travel-slovenia-joze-kerencic.jpg","width":300,"height":469,"caption":"Jo\u017ee Keren\u010di\u010d - Janko"},{"@type":"BreadcrumbList","@id":"https:\/\/www.travel-slovenia.si\/slo\/joze-kerencic\/#breadcrumb","itemListElement":[{"@type":"ListItem","position":1,"name":"Home","item":"https:\/\/www.travel-slovenia.si\/slo\/"},{"@type":"ListItem","position":2,"name":"Jo\u017ee Keren\u010di\u010d"}]},{"@type":"WebSite","@id":"https:\/\/www.travel-slovenia.si\/slo\/#website","url":"https:\/\/www.travel-slovenia.si\/slo\/","name":"Travel Slovenia - Sledite lepotam na\u0161e male dr\u017eavice","description":"","potentialAction":[{"@type":"SearchAction","target":{"@type":"EntryPoint","urlTemplate":"https:\/\/www.travel-slovenia.si\/slo\/?s={search_term_string}"},"query-input":{"@type":"PropertyValueSpecification","valueRequired":true,"valueName":"search_term_string"}}],"inLanguage":"sl-SI"}]}},"post_mailing_queue_ids":[],"_links":{"self":[{"href":"https:\/\/www.travel-slovenia.si\/slo\/wp-json\/wp\/v2\/pages\/6452","targetHints":{"allow":["GET"]}}],"collection":[{"href":"https:\/\/www.travel-slovenia.si\/slo\/wp-json\/wp\/v2\/pages"}],"about":[{"href":"https:\/\/www.travel-slovenia.si\/slo\/wp-json\/wp\/v2\/types\/page"}],"author":[{"embeddable":true,"href":"https:\/\/www.travel-slovenia.si\/slo\/wp-json\/wp\/v2\/users\/111"}],"replies":[{"embeddable":true,"href":"https:\/\/www.travel-slovenia.si\/slo\/wp-json\/wp\/v2\/comments?post=6452"}],"version-history":[{"count":1,"href":"https:\/\/www.travel-slovenia.si\/slo\/wp-json\/wp\/v2\/pages\/6452\/revisions"}],"predecessor-version":[{"id":6456,"href":"https:\/\/www.travel-slovenia.si\/slo\/wp-json\/wp\/v2\/pages\/6452\/revisions\/6456"}],"wp:featuredmedia":[{"embeddable":true,"href":"https:\/\/www.travel-slovenia.si\/slo\/wp-json\/wp\/v2\/media\/6453"}],"wp:attachment":[{"href":"https:\/\/www.travel-slovenia.si\/slo\/wp-json\/wp\/v2\/media?parent=6452"}],"curies":[{"name":"wp","href":"https:\/\/api.w.org\/{rel}","templated":true}]}}