{"id":6412,"date":"2017-02-28T22:01:30","date_gmt":"2017-02-28T21:01:30","guid":{"rendered":"https:\/\/www.travel-slovenia.si\/slo\/?page_id=6412"},"modified":"2017-02-28T22:02:57","modified_gmt":"2017-02-28T21:02:57","slug":"celjsko-avstrijska-vojna","status":"publish","type":"page","link":"https:\/\/www.travel-slovenia.si\/slo\/celjsko-avstrijska-vojna\/","title":{"rendered":"Celjsko avstrijska vojna"},"content":{"rendered":"<figure id=\"attachment_6414\" class=\"wp-caption alignleft\" style=\"max-width: 300px\"><a href=\"https:\/\/www.travel-slovenia.si\/slo\/wp-content\/uploads\/2017\/02\/travel-slovenia-celjsko-avstrijska-posestno-politicne-meje.jpg\" target=\"_blank\"><img loading=\"lazy\" decoding=\"async\" class=\"wp-image-6414 size-medium\" src=\"https:\/\/www.travel-slovenia.si\/slo\/wp-content\/uploads\/2017\/02\/travel-slovenia-celjsko-avstrijska-posestno-politicne-meje-300x218.jpg\" width=\"300\" height=\"218\" srcset=\"https:\/\/www.travel-slovenia.si\/slo\/wp-content\/uploads\/2017\/02\/travel-slovenia-celjsko-avstrijska-posestno-politicne-meje-300x218.jpg 300w, https:\/\/www.travel-slovenia.si\/slo\/wp-content\/uploads\/2017\/02\/travel-slovenia-celjsko-avstrijska-posestno-politicne-meje-768x559.jpg 768w, https:\/\/www.travel-slovenia.si\/slo\/wp-content\/uploads\/2017\/02\/travel-slovenia-celjsko-avstrijska-posestno-politicne-meje-1024x745.jpg 1024w, https:\/\/www.travel-slovenia.si\/slo\/wp-content\/uploads\/2017\/02\/travel-slovenia-celjsko-avstrijska-posestno-politicne-meje-24x17.jpg 24w, https:\/\/www.travel-slovenia.si\/slo\/wp-content\/uploads\/2017\/02\/travel-slovenia-celjsko-avstrijska-posestno-politicne-meje-36x26.jpg 36w, https:\/\/www.travel-slovenia.si\/slo\/wp-content\/uploads\/2017\/02\/travel-slovenia-celjsko-avstrijska-posestno-politicne-meje-48x35.jpg 48w, https:\/\/www.travel-slovenia.si\/slo\/wp-content\/uploads\/2017\/02\/travel-slovenia-celjsko-avstrijska-posestno-politicne-meje.jpg 1100w\" sizes=\"auto, (max-width: 300px) 100vw, 300px\" \/><\/a><figcaption class=\"wp-caption-text\">Pribli\u017ena postavitev posestno-politi\u010dne razmejitve na \u0161ir\u0161em Slovenskem, Gornji Slovaniji in Hrva\u0161ki med leti 1420 in 1456 oziroma do miru v Po\u017earnici 1460<\/figcaption><\/figure>\n<p style=\"text-align: justify;\">Celjsko-avstrijska vojna, tudi celjsko-habsbur\u0161ka vojna, je potekala v prvi polovici 15. stoletja na \u0161ir\u0161em Slovenskem in Istri. Vojna se je bila med Celjskimi grofi in Habsbur\u017eani ter zavezniki.<\/p>\n<p style=\"text-align: justify;\">Povod za vojno so bile te\u017enje po pove\u010danju posesti na tem obmo\u010dju. Pri\u0161lo je do spora med Friderikom II. Celjskim in kr\u0161kim \u0161kofom Johannom Scholdermannom zaradi posestev v bli\u017eini Celja. Zaradi \u010desar so se plemi\u0161ke dru\u017eine na Slovenskem razdelile na dva tabora: celjskega in avstrijskega. Ti tabori so nastali na podlagi obstoje\u010dih pogodb, sporov oziroma sporazumov.<\/p>\n<figure id=\"attachment_6415\" class=\"wp-caption alignright\" style=\"max-width: 300px\"><img loading=\"lazy\" decoding=\"async\" class=\"size-medium wp-image-6415\" src=\"https:\/\/www.travel-slovenia.si\/slo\/wp-content\/uploads\/2017\/02\/travel-slovenia-celjsko-avstrijska-vojna-grad-samobor-300x200.jpg\" alt=\"\" width=\"300\" height=\"200\" srcset=\"https:\/\/www.travel-slovenia.si\/slo\/wp-content\/uploads\/2017\/02\/travel-slovenia-celjsko-avstrijska-vojna-grad-samobor.jpg 300w, https:\/\/www.travel-slovenia.si\/slo\/wp-content\/uploads\/2017\/02\/travel-slovenia-celjsko-avstrijska-vojna-grad-samobor-24x16.jpg 24w, https:\/\/www.travel-slovenia.si\/slo\/wp-content\/uploads\/2017\/02\/travel-slovenia-celjsko-avstrijska-vojna-grad-samobor-36x24.jpg 36w, https:\/\/www.travel-slovenia.si\/slo\/wp-content\/uploads\/2017\/02\/travel-slovenia-celjsko-avstrijska-vojna-grad-samobor-48x32.jpg 48w\" sizes=\"auto, (max-width: 300px) 100vw, 300px\" \/><figcaption class=\"wp-caption-text\">Grad Samobor<\/figcaption><\/figure>\n<p style=\"text-align: justify;\">Celjani so v prvem delu vojne zavzeli habsbur\u0161ka ozemlja v Posavju in na Dolenjskem, kot tudi na avstrijskem \u0160tajerskem. Potem so leta 1440 v Hainburgu podpisali premirje. To premirje je trajalo od 23. avgusta 1440 do 1. aprila 1442. V \u010dasu premirja je kr\u0161ki \u0161kof moral kot vojno od\u0161kodnino Celjanom izro\u010diti naslednje gradove: Rogatec, Pod\u010detrtek, Mokronog, Pil\u0161tanj in Bizeljsko. Tega leta je pri\u0161lo do celjsko-ogrske vojne, celjska vojska je 1. marca 1441 premagala ogrsko pri Samoborju pod Gorjanci.<\/p>\n<p style=\"text-align: justify;\">Po koncu premirja so oboji, tako Celjani kot Habsbur\u017eani, zbrali nove sile in pri\u0161lo je do ponovne vojne predvsem na predelu Kranjske. Ljubljana in Novo mesto sta bila pod avstrijsko kontrolo. Obe mesti so Celjani neuspe\u0161no oblegali, predstavljali pa sta zadnji ve\u010dji oviri za celjsko oblast med Dravo in Istro. 16. avgusta 1443 so v Dunajskem Novem mestu ponovno podpisali premirje, kot tudi medsebojno dedno pogodbo.<\/p>\n<table>\n<tbody>\n<tr>\n<td>\n<figure id=\"attachment_6418\" class=\"wp-caption alignleft\" style=\"max-width: 290px\"><img loading=\"lazy\" decoding=\"async\" class=\"wp-image-6418\" src=\"https:\/\/www.travel-slovenia.si\/slo\/wp-content\/uploads\/2017\/02\/travel-slovenia-celjsko-avstrijska-vojna-grb-celjskih-grofov.jpg\" width=\"290\" height=\"398\" srcset=\"https:\/\/www.travel-slovenia.si\/slo\/wp-content\/uploads\/2017\/02\/travel-slovenia-celjsko-avstrijska-vojna-grb-celjskih-grofov.jpg 400w, https:\/\/www.travel-slovenia.si\/slo\/wp-content\/uploads\/2017\/02\/travel-slovenia-celjsko-avstrijska-vojna-grb-celjskih-grofov-219x300.jpg 219w, https:\/\/www.travel-slovenia.si\/slo\/wp-content\/uploads\/2017\/02\/travel-slovenia-celjsko-avstrijska-vojna-grb-celjskih-grofov-17x24.jpg 17w, https:\/\/www.travel-slovenia.si\/slo\/wp-content\/uploads\/2017\/02\/travel-slovenia-celjsko-avstrijska-vojna-grb-celjskih-grofov-26x36.jpg 26w, https:\/\/www.travel-slovenia.si\/slo\/wp-content\/uploads\/2017\/02\/travel-slovenia-celjsko-avstrijska-vojna-grb-celjskih-grofov-35x48.jpg 35w\" sizes=\"auto, (max-width: 290px) 100vw, 290px\" \/><figcaption class=\"wp-caption-text\">Grb Celjskih grofov<\/figcaption><\/figure>\n<figure id=\"attachment_6419\" class=\"wp-caption alignright\" style=\"max-width: 290px\"><img loading=\"lazy\" decoding=\"async\" class=\"wp-image-6419\" src=\"https:\/\/www.travel-slovenia.si\/slo\/wp-content\/uploads\/2017\/02\/travel-slovenia-celjsko-avstrijska-vojna-grb-habsburzanov.jpg\" width=\"290\" height=\"398\" srcset=\"https:\/\/www.travel-slovenia.si\/slo\/wp-content\/uploads\/2017\/02\/travel-slovenia-celjsko-avstrijska-vojna-grb-habsburzanov.jpg 400w, https:\/\/www.travel-slovenia.si\/slo\/wp-content\/uploads\/2017\/02\/travel-slovenia-celjsko-avstrijska-vojna-grb-habsburzanov-219x300.jpg 219w, https:\/\/www.travel-slovenia.si\/slo\/wp-content\/uploads\/2017\/02\/travel-slovenia-celjsko-avstrijska-vojna-grb-habsburzanov-17x24.jpg 17w, https:\/\/www.travel-slovenia.si\/slo\/wp-content\/uploads\/2017\/02\/travel-slovenia-celjsko-avstrijska-vojna-grb-habsburzanov-26x36.jpg 26w, https:\/\/www.travel-slovenia.si\/slo\/wp-content\/uploads\/2017\/02\/travel-slovenia-celjsko-avstrijska-vojna-grb-habsburzanov-35x48.jpg 35w\" sizes=\"auto, (max-width: 290px) 100vw, 290px\" \/><figcaption class=\"wp-caption-text\">Grb Habsbur\u017eanov<\/figcaption><\/figure><\/td>\n<\/tr>\n<\/tbody>\n<\/table>\n<p style=\"text-align: justify;\">Med celjsko-avstrijsko vojno so Celjani sicer uspeli pove\u010dati svoje ozemlje, a bili neuspe\u0161ni pri strate\u0161kem povezovanju teh ozemelj v celoto. Ker niso uspeli zavzeti Ljubljane in Novega mesta, je pas Celovec-Ljubljana-Novo mesto ostal v posesti Habsbur\u017eanov. Ta ozemlja so po izumrtju rodbine Celjskih grofov prevzeli Habsbur\u017eani, obenem pa so s tem pridobili nazaj ozemlja, ki so jih med vojno izgubili.<\/p>\n<p>&nbsp;<\/p>\n<table>\n<tbody>\n<tr>\n<td style=\"text-align: center;\"><a href=\"https:\/\/www.travel-slovenia.si\/slo\/na-danasnji-dan\/\"><img loading=\"lazy\" decoding=\"async\" class=\"alignleft wp-image-4499 size-full\" src=\"https:\/\/www.travel-slovenia.si\/slo\/wp-content\/uploads\/2014\/09\/travel-slovenia-povezava-na-drugo.jpg\" alt=\"travel-slovenia-povezava-na-drugo\" width=\"128\" height=\"22\" srcset=\"https:\/\/www.travel-slovenia.si\/slo\/wp-content\/uploads\/2014\/09\/travel-slovenia-povezava-na-drugo.jpg 128w, https:\/\/www.travel-slovenia.si\/slo\/wp-content\/uploads\/2014\/09\/travel-slovenia-povezava-na-drugo-24x4.jpg 24w, https:\/\/www.travel-slovenia.si\/slo\/wp-content\/uploads\/2014\/09\/travel-slovenia-povezava-na-drugo-36x6.jpg 36w, https:\/\/www.travel-slovenia.si\/slo\/wp-content\/uploads\/2014\/09\/travel-slovenia-povezava-na-drugo-48x8.jpg 48w\" sizes=\"auto, (max-width: 128px) 100vw, 128px\" \/><\/a><a href=\"https:\/\/www.travel-slovenia.si\/slo\/na-danasnji-dan\/\">Poglejte \u0161e druge pomembne dogodke!<\/a><a href=\"https:\/\/www.travel-slovenia.si\/slo\/na-danasnji-dan\/\"><img loading=\"lazy\" decoding=\"async\" class=\"alignright wp-image-4500 size-full\" src=\"https:\/\/www.travel-slovenia.si\/slo\/wp-content\/uploads\/2014\/09\/travel-slovenia-povezava-na-drugo2.jpg\" alt=\"travel-slovenia-povezava-na-drugo2\" width=\"128\" height=\"22\" srcset=\"https:\/\/www.travel-slovenia.si\/slo\/wp-content\/uploads\/2014\/09\/travel-slovenia-povezava-na-drugo2.jpg 128w, https:\/\/www.travel-slovenia.si\/slo\/wp-content\/uploads\/2014\/09\/travel-slovenia-povezava-na-drugo2-24x4.jpg 24w, https:\/\/www.travel-slovenia.si\/slo\/wp-content\/uploads\/2014\/09\/travel-slovenia-povezava-na-drugo2-36x6.jpg 36w, https:\/\/www.travel-slovenia.si\/slo\/wp-content\/uploads\/2014\/09\/travel-slovenia-povezava-na-drugo2-48x8.jpg 48w\" sizes=\"auto, (max-width: 128px) 100vw, 128px\" \/><\/a><\/td>\n<\/tr>\n<\/tbody>\n<\/table>\n","protected":false},"excerpt":{"rendered":"<p>Celjsko-avstrijska vojna, tudi celjsko-habsbur\u0161ka vojna, je potekala v prvi polovici 15. stoletja na \u0161ir\u0161em Slovenskem in Istri. Vojna se je bila med Celjskimi grofi in Habsbur\u017eani ter zavezniki. Povod za vojno so bile te\u017enje po pove\u010danju posesti na tem obmo\u010dju. Pri\u0161lo je do spora med Friderikom II. Celjskim in kr\u0161kim \u0161kofom Johannom Scholdermannom zaradi posestev [&hellip;]<\/p>\n","protected":false},"author":111,"featured_media":6415,"parent":0,"menu_order":0,"comment_status":"closed","ping_status":"closed","template":"","meta":{"footnotes":""},"class_list":["post-6412","page","type-page","status-publish","has-post-thumbnail","hentry"],"yoast_head":"<!-- This site is optimized with the Yoast SEO plugin v25.4 - https:\/\/yoast.com\/wordpress\/plugins\/seo\/ -->\n<title>Celjsko avstrijska vojna : Travel-Slovenia<\/title>\n<meta name=\"description\" content=\"Celjsko-avstrijska vojna, tudi celjsko-habsbur\u0161ka vojna, je potekala v prvi polovici 15. stoletja na \u0161ir\u0161em Slovenskem in Istri.\" \/>\n<meta name=\"robots\" content=\"index, follow, max-snippet:-1, max-image-preview:large, max-video-preview:-1\" \/>\n<link rel=\"canonical\" href=\"https:\/\/www.travel-slovenia.si\/slo\/celjsko-avstrijska-vojna\/\" \/>\n<meta property=\"og:locale\" content=\"sl_SI\" \/>\n<meta property=\"og:type\" content=\"article\" \/>\n<meta property=\"og:title\" content=\"Celjsko avstrijska vojna : Travel-Slovenia\" \/>\n<meta property=\"og:description\" content=\"Celjsko-avstrijska vojna, tudi celjsko-habsbur\u0161ka vojna, je potekala v prvi polovici 15. stoletja na \u0161ir\u0161em Slovenskem in Istri.\" \/>\n<meta property=\"og:url\" content=\"https:\/\/www.travel-slovenia.si\/slo\/celjsko-avstrijska-vojna\/\" \/>\n<meta property=\"og:site_name\" content=\"Travel Slovenia - Sledite lepotam na\u0161e male dr\u017eavice\" \/>\n<meta property=\"article:modified_time\" content=\"2017-02-28T21:02:57+00:00\" \/>\n<meta property=\"og:image\" content=\"https:\/\/www.travel-slovenia.si\/slo\/wp-content\/uploads\/2017\/02\/travel-slovenia-celjsko-avstrijska-vojna-grad-samobor.jpg\" \/>\n\t<meta property=\"og:image:width\" content=\"300\" \/>\n\t<meta property=\"og:image:height\" content=\"200\" \/>\n\t<meta property=\"og:image:type\" content=\"image\/jpeg\" \/>\n<meta name=\"twitter:card\" content=\"summary_large_image\" \/>\n<meta name=\"twitter:title\" content=\"Celjsko avstrijska vojna : Travel-Slovenia\" \/>\n<meta name=\"twitter:description\" content=\"Celjsko-avstrijska vojna, tudi celjsko-habsbur\u0161ka vojna, je potekala v prvi polovici 15. stoletja na \u0161ir\u0161em Slovenskem in Istri.\" \/>\n<meta name=\"twitter:image\" content=\"https:\/\/www.travel-slovenia.si\/slo\/wp-content\/uploads\/2017\/02\/travel-slovenia-celjsko-avstrijska-vojna-grad-samobor.jpg\" \/>\n<meta name=\"twitter:label1\" content=\"Est. reading time\" \/>\n\t<meta name=\"twitter:data1\" content=\"2 minuti\" \/>\n<script type=\"application\/ld+json\" class=\"yoast-schema-graph\">{\"@context\":\"https:\/\/schema.org\",\"@graph\":[{\"@type\":\"WebPage\",\"@id\":\"https:\/\/www.travel-slovenia.si\/slo\/celjsko-avstrijska-vojna\/\",\"url\":\"https:\/\/www.travel-slovenia.si\/slo\/celjsko-avstrijska-vojna\/\",\"name\":\"Celjsko avstrijska vojna : Travel-Slovenia\",\"isPartOf\":{\"@id\":\"https:\/\/www.travel-slovenia.si\/slo\/#website\"},\"primaryImageOfPage\":{\"@id\":\"https:\/\/www.travel-slovenia.si\/slo\/celjsko-avstrijska-vojna\/#primaryimage\"},\"image\":{\"@id\":\"https:\/\/www.travel-slovenia.si\/slo\/celjsko-avstrijska-vojna\/#primaryimage\"},\"thumbnailUrl\":\"https:\/\/www.travel-slovenia.si\/slo\/wp-content\/uploads\/2017\/02\/travel-slovenia-celjsko-avstrijska-vojna-grad-samobor.jpg\",\"datePublished\":\"2017-02-28T21:01:30+00:00\",\"dateModified\":\"2017-02-28T21:02:57+00:00\",\"description\":\"Celjsko-avstrijska vojna, tudi celjsko-habsbur\u0161ka vojna, je potekala v prvi polovici 15. stoletja na \u0161ir\u0161em Slovenskem in Istri.\",\"breadcrumb\":{\"@id\":\"https:\/\/www.travel-slovenia.si\/slo\/celjsko-avstrijska-vojna\/#breadcrumb\"},\"inLanguage\":\"sl-SI\",\"potentialAction\":[{\"@type\":\"ReadAction\",\"target\":[\"https:\/\/www.travel-slovenia.si\/slo\/celjsko-avstrijska-vojna\/\"]}]},{\"@type\":\"ImageObject\",\"inLanguage\":\"sl-SI\",\"@id\":\"https:\/\/www.travel-slovenia.si\/slo\/celjsko-avstrijska-vojna\/#primaryimage\",\"url\":\"https:\/\/www.travel-slovenia.si\/slo\/wp-content\/uploads\/2017\/02\/travel-slovenia-celjsko-avstrijska-vojna-grad-samobor.jpg\",\"contentUrl\":\"https:\/\/www.travel-slovenia.si\/slo\/wp-content\/uploads\/2017\/02\/travel-slovenia-celjsko-avstrijska-vojna-grad-samobor.jpg\",\"width\":300,\"height\":200,\"caption\":\"Grad Samobor\"},{\"@type\":\"BreadcrumbList\",\"@id\":\"https:\/\/www.travel-slovenia.si\/slo\/celjsko-avstrijska-vojna\/#breadcrumb\",\"itemListElement\":[{\"@type\":\"ListItem\",\"position\":1,\"name\":\"Home\",\"item\":\"https:\/\/www.travel-slovenia.si\/slo\/\"},{\"@type\":\"ListItem\",\"position\":2,\"name\":\"Celjsko avstrijska vojna\"}]},{\"@type\":\"WebSite\",\"@id\":\"https:\/\/www.travel-slovenia.si\/slo\/#website\",\"url\":\"https:\/\/www.travel-slovenia.si\/slo\/\",\"name\":\"Travel Slovenia - Sledite lepotam na\u0161e male dr\u017eavice\",\"description\":\"\",\"potentialAction\":[{\"@type\":\"SearchAction\",\"target\":{\"@type\":\"EntryPoint\",\"urlTemplate\":\"https:\/\/www.travel-slovenia.si\/slo\/?s={search_term_string}\"},\"query-input\":{\"@type\":\"PropertyValueSpecification\",\"valueRequired\":true,\"valueName\":\"search_term_string\"}}],\"inLanguage\":\"sl-SI\"}]}<\/script>\n<!-- \/ Yoast SEO plugin. -->","yoast_head_json":{"title":"Celjsko avstrijska vojna : Travel-Slovenia","description":"Celjsko-avstrijska vojna, tudi celjsko-habsbur\u0161ka vojna, je potekala v prvi polovici 15. stoletja na \u0161ir\u0161em Slovenskem in Istri.","robots":{"index":"index","follow":"follow","max-snippet":"max-snippet:-1","max-image-preview":"max-image-preview:large","max-video-preview":"max-video-preview:-1"},"canonical":"https:\/\/www.travel-slovenia.si\/slo\/celjsko-avstrijska-vojna\/","og_locale":"sl_SI","og_type":"article","og_title":"Celjsko avstrijska vojna : Travel-Slovenia","og_description":"Celjsko-avstrijska vojna, tudi celjsko-habsbur\u0161ka vojna, je potekala v prvi polovici 15. stoletja na \u0161ir\u0161em Slovenskem in Istri.","og_url":"https:\/\/www.travel-slovenia.si\/slo\/celjsko-avstrijska-vojna\/","og_site_name":"Travel Slovenia - Sledite lepotam na\u0161e male dr\u017eavice","article_modified_time":"2017-02-28T21:02:57+00:00","og_image":[{"width":300,"height":200,"url":"https:\/\/www.travel-slovenia.si\/slo\/wp-content\/uploads\/2017\/02\/travel-slovenia-celjsko-avstrijska-vojna-grad-samobor.jpg","type":"image\/jpeg"}],"twitter_card":"summary_large_image","twitter_title":"Celjsko avstrijska vojna : Travel-Slovenia","twitter_description":"Celjsko-avstrijska vojna, tudi celjsko-habsbur\u0161ka vojna, je potekala v prvi polovici 15. stoletja na \u0161ir\u0161em Slovenskem in Istri.","twitter_image":"https:\/\/www.travel-slovenia.si\/slo\/wp-content\/uploads\/2017\/02\/travel-slovenia-celjsko-avstrijska-vojna-grad-samobor.jpg","twitter_misc":{"Est. reading time":"2 minuti"},"schema":{"@context":"https:\/\/schema.org","@graph":[{"@type":"WebPage","@id":"https:\/\/www.travel-slovenia.si\/slo\/celjsko-avstrijska-vojna\/","url":"https:\/\/www.travel-slovenia.si\/slo\/celjsko-avstrijska-vojna\/","name":"Celjsko avstrijska vojna : Travel-Slovenia","isPartOf":{"@id":"https:\/\/www.travel-slovenia.si\/slo\/#website"},"primaryImageOfPage":{"@id":"https:\/\/www.travel-slovenia.si\/slo\/celjsko-avstrijska-vojna\/#primaryimage"},"image":{"@id":"https:\/\/www.travel-slovenia.si\/slo\/celjsko-avstrijska-vojna\/#primaryimage"},"thumbnailUrl":"https:\/\/www.travel-slovenia.si\/slo\/wp-content\/uploads\/2017\/02\/travel-slovenia-celjsko-avstrijska-vojna-grad-samobor.jpg","datePublished":"2017-02-28T21:01:30+00:00","dateModified":"2017-02-28T21:02:57+00:00","description":"Celjsko-avstrijska vojna, tudi celjsko-habsbur\u0161ka vojna, je potekala v prvi polovici 15. stoletja na \u0161ir\u0161em Slovenskem in Istri.","breadcrumb":{"@id":"https:\/\/www.travel-slovenia.si\/slo\/celjsko-avstrijska-vojna\/#breadcrumb"},"inLanguage":"sl-SI","potentialAction":[{"@type":"ReadAction","target":["https:\/\/www.travel-slovenia.si\/slo\/celjsko-avstrijska-vojna\/"]}]},{"@type":"ImageObject","inLanguage":"sl-SI","@id":"https:\/\/www.travel-slovenia.si\/slo\/celjsko-avstrijska-vojna\/#primaryimage","url":"https:\/\/www.travel-slovenia.si\/slo\/wp-content\/uploads\/2017\/02\/travel-slovenia-celjsko-avstrijska-vojna-grad-samobor.jpg","contentUrl":"https:\/\/www.travel-slovenia.si\/slo\/wp-content\/uploads\/2017\/02\/travel-slovenia-celjsko-avstrijska-vojna-grad-samobor.jpg","width":300,"height":200,"caption":"Grad Samobor"},{"@type":"BreadcrumbList","@id":"https:\/\/www.travel-slovenia.si\/slo\/celjsko-avstrijska-vojna\/#breadcrumb","itemListElement":[{"@type":"ListItem","position":1,"name":"Home","item":"https:\/\/www.travel-slovenia.si\/slo\/"},{"@type":"ListItem","position":2,"name":"Celjsko avstrijska vojna"}]},{"@type":"WebSite","@id":"https:\/\/www.travel-slovenia.si\/slo\/#website","url":"https:\/\/www.travel-slovenia.si\/slo\/","name":"Travel Slovenia - Sledite lepotam na\u0161e male dr\u017eavice","description":"","potentialAction":[{"@type":"SearchAction","target":{"@type":"EntryPoint","urlTemplate":"https:\/\/www.travel-slovenia.si\/slo\/?s={search_term_string}"},"query-input":{"@type":"PropertyValueSpecification","valueRequired":true,"valueName":"search_term_string"}}],"inLanguage":"sl-SI"}]}},"post_mailing_queue_ids":[],"_links":{"self":[{"href":"https:\/\/www.travel-slovenia.si\/slo\/wp-json\/wp\/v2\/pages\/6412","targetHints":{"allow":["GET"]}}],"collection":[{"href":"https:\/\/www.travel-slovenia.si\/slo\/wp-json\/wp\/v2\/pages"}],"about":[{"href":"https:\/\/www.travel-slovenia.si\/slo\/wp-json\/wp\/v2\/types\/page"}],"author":[{"embeddable":true,"href":"https:\/\/www.travel-slovenia.si\/slo\/wp-json\/wp\/v2\/users\/111"}],"replies":[{"embeddable":true,"href":"https:\/\/www.travel-slovenia.si\/slo\/wp-json\/wp\/v2\/comments?post=6412"}],"version-history":[{"count":2,"href":"https:\/\/www.travel-slovenia.si\/slo\/wp-json\/wp\/v2\/pages\/6412\/revisions"}],"predecessor-version":[{"id":6421,"href":"https:\/\/www.travel-slovenia.si\/slo\/wp-json\/wp\/v2\/pages\/6412\/revisions\/6421"}],"wp:featuredmedia":[{"embeddable":true,"href":"https:\/\/www.travel-slovenia.si\/slo\/wp-json\/wp\/v2\/media\/6415"}],"wp:attachment":[{"href":"https:\/\/www.travel-slovenia.si\/slo\/wp-json\/wp\/v2\/media?parent=6412"}],"curies":[{"name":"wp","href":"https:\/\/api.w.org\/{rel}","templated":true}]}}