{"id":6379,"date":"2017-02-12T10:13:32","date_gmt":"2017-02-12T09:13:32","guid":{"rendered":"https:\/\/www.travel-slovenia.si\/slo\/?page_id=6379"},"modified":"2017-02-12T10:13:32","modified_gmt":"2017-02-12T09:13:32","slug":"stanko-bloudek","status":"publish","type":"page","link":"https:\/\/www.travel-slovenia.si\/slo\/stanko-bloudek\/","title":{"rendered":"Stanko Bloudek"},"content":{"rendered":"<figure id=\"attachment_6381\" class=\"wp-caption alignleft\" style=\"max-width: 300px\"><img loading=\"lazy\" decoding=\"async\" class=\"wp-image-6381\" src=\"https:\/\/www.travel-slovenia.si\/slo\/wp-content\/uploads\/2017\/02\/travel-slovenia-stanko-bloudek-photo.jpg\" width=\"300\" height=\"393\" srcset=\"https:\/\/www.travel-slovenia.si\/slo\/wp-content\/uploads\/2017\/02\/travel-slovenia-stanko-bloudek-photo.jpg 400w, https:\/\/www.travel-slovenia.si\/slo\/wp-content\/uploads\/2017\/02\/travel-slovenia-stanko-bloudek-photo-229x300.jpg 229w, https:\/\/www.travel-slovenia.si\/slo\/wp-content\/uploads\/2017\/02\/travel-slovenia-stanko-bloudek-photo-18x24.jpg 18w, https:\/\/www.travel-slovenia.si\/slo\/wp-content\/uploads\/2017\/02\/travel-slovenia-stanko-bloudek-photo-27x36.jpg 27w, https:\/\/www.travel-slovenia.si\/slo\/wp-content\/uploads\/2017\/02\/travel-slovenia-stanko-bloudek-photo-37x48.jpg 37w\" sizes=\"auto, (max-width: 300px) 100vw, 300px\" \/><figcaption class=\"wp-caption-text\">Stanko Bloudek<\/figcaption><\/figure>\n<p style=\"text-align: justify;\">Stanko Bloudek je bil slovenski \u0161portnik, letalski konstruktor in na\u010drtovalec \u0161portnih objektov. Rodil se je 11. februarja 1890 v Idriji, umrl pa 26. novembra 1959 v Ljubljani.<\/p>\n<p style=\"text-align: justify;\">Rodil se je dru\u017eini s petimi otroki, o\u010de Jaroslav je bil strojni in\u017eenir iz Tel\u010d na moravskem, mati Minka je bila Slovenka. Dru\u017eina se leta 1894 preseli na \u010ce\u0161ko v Most (Br\u00fcx) zaradi o\u010detove zaposlitve v rudniku rjavega premoga. Na \u010ce\u0161kem je Stanko obiskoval in kon\u010dal osnovno \u0161olo in \u0161tiri razrede klasi\u010dne gimnazije. Leta 1904 premine njegov o\u010de, zaradi \u010desar se je dru\u017eina preselila nazaj v Slovenijo. Peti razred je opravil v Kranju, zadnje tri pa v 1. dr\u017eavni gimnaziji. \u017de kot dijak je bil navdu\u0161en nad slikanjem, saj je obiskoval zasebno slikarsko \u0161olo pri Rihardu Jakopi\u010du. Po smrti matere leta 1908 je od\u0161el na \u0161tudij na likovno akademijo v Prago, a je se je po letu dni prepisal na tehni\u010dno smer in se vpisal na visoko tehni\u0161ko \u0161olo, da se priu\u010di za strojnika, kot njegov o\u010de.<\/p>\n<p style=\"text-align: justify;\">V svojem \u017eivljenju je deloval na \u0161tirih podro\u010djih: letalstvu, avtomobilizmu, razvoju \u0161porta na Slovenskem in izgradnji \u0161portnih objektov.<\/p>\n<p style=\"text-align: justify;\">S konstrukcijo letal se je pri\u010del ukvarjati \u017ee zelo zgodaj, \u017ee leta 1906 je izdeloval lastne modele. Leta 1910 je v Pragi sprva izdelal jadralno, nato enokrilno letalo poimenovan Racek &#8211; Galeb. Leta 1911 sledi dvokrilno letalo Libela. Kot prvi slovenski poklicni konstruktor v letalski industriji je deloval med leti 1911 &#8211; 1918 v Leipzigu, na Dunaju, Budimpe\u0161ti in Trutnovu na \u010ce\u0161kem. Ko je bil zaposlen pri podjetju Etrich, proizvajalcu letal, je sodeloval pri izgradnji osnovnega Etrichovega letala Etrich taube. To je bilo najmodernej\u0161e letalo tistega \u010dasa. Sodeloval je pri predelavi Schwalbe &#8211; lastovke, s katero so leta 1911 dosegli avstrijski hitrostni rekord s kar 163 km\/h. V ekipi je deloval na izdelavi letala z zastekljeno kabino Luftlimousine, tri sede\u017eno napredno letalo, s katerim so leta 1912 v Angliji postavili dva svetovna hitrostna rekorda. Z dvema \u010dlanoma posadke 112 km\/h, s tremi pa 106 km\/h. V \u010dasu I. svetovne vojne je Bloudek dobil nalogo, da oja\u010da letalo Taube oziroma Rumpler in ga omogo\u010di za uporabo za vojsko. Ko so pri\u010deli prevladovati dvokrilniki, se je Bloudek nameraval preusmeriti, a mu delodajalec ni pustil, saj je vztrajal pri enokrilnikih. To je bil tudi razlog, da je leta 1913 ostal brez slu\u017ebe.<\/p>\n<figure id=\"attachment_6384\" class=\"wp-caption alignright\" style=\"max-width: 300px\"><img loading=\"lazy\" decoding=\"async\" class=\"size-medium wp-image-6384\" src=\"https:\/\/www.travel-slovenia.si\/slo\/wp-content\/uploads\/2017\/02\/travel-slovenia-stanko-bloudek-300x200.jpg\" alt=\"\" width=\"300\" height=\"200\" srcset=\"https:\/\/www.travel-slovenia.si\/slo\/wp-content\/uploads\/2017\/02\/travel-slovenia-stanko-bloudek-300x200.jpg 300w, https:\/\/www.travel-slovenia.si\/slo\/wp-content\/uploads\/2017\/02\/travel-slovenia-stanko-bloudek-24x16.jpg 24w, https:\/\/www.travel-slovenia.si\/slo\/wp-content\/uploads\/2017\/02\/travel-slovenia-stanko-bloudek-36x24.jpg 36w, https:\/\/www.travel-slovenia.si\/slo\/wp-content\/uploads\/2017\/02\/travel-slovenia-stanko-bloudek-48x32.jpg 48w, https:\/\/www.travel-slovenia.si\/slo\/wp-content\/uploads\/2017\/02\/travel-slovenia-stanko-bloudek.jpg 400w\" sizes=\"auto, (max-width: 300px) 100vw, 300px\" \/><figcaption class=\"wp-caption-text\">Lete\u010di in\u017eenir<\/figcaption><\/figure>\n<p style=\"text-align: justify;\">Po tem je deloval na podro\u010dju priprave proizvodnje v tovarni letalskih sklopov Thoene &amp; Fiala na Dunaju, med leti 1914 &#8211; 1916 je bil konstruktor v Dunajskem Novem mestu v podjetju Oestrerreichische Flugzeugfabrik. Kmalu za tem mu izdelava letal ni predstavljala ve\u010d posebnega izziva, zaradi \u010desar se je leta 1916 preselil v Budimpe\u0161to, v Albertfavlo in tam kot vi\u0161ji in\u017eenir prevzel vodstvo razvojnega oddelka tovarne Ufag. V tem \u010dasu se je ukvarjal z zrakoplovom, ki ga danes poznamo kot helikopter, imenovan Bloudek &#8211; Balaban helikopter. V letu 1917 je skupina Bloudek, Bela Oravecz in Karl Balaban sodelovala pri izdelavi helikopterja s \u0161estimi kraki na navpi\u010dno postavljeni osi, a so projekt opustili zaradi te\u017eav s stabilnostjo. Z ljubljanskim aeroklubom je po prvi svetovni vojni sodeloval pri izgradnji enokrilnega letala Sraka, katerega so gradili med leti 1924 &#8211; 1925. V letih 1928 &#8211; 1929 je tu sodeloval \u0161e pri izdelavi dvosede\u017enega letala z imenom Lojze. A so po nesre\u010di Lojzeta v letu 1934 zaklju\u010dili z izgradnjo letal. S tem se je tudi kon\u010dalo njegovo obdobje letalstva.<\/p>\n<figure id=\"attachment_6380\" class=\"wp-caption alignleft\" style=\"max-width: 300px\"><img loading=\"lazy\" decoding=\"async\" class=\"size-medium wp-image-6380\" src=\"https:\/\/www.travel-slovenia.si\/slo\/wp-content\/uploads\/2017\/02\/travel-slovenia-stanko-bloudek-car-300x169.jpg\" alt=\"\" width=\"300\" height=\"169\" srcset=\"https:\/\/www.travel-slovenia.si\/slo\/wp-content\/uploads\/2017\/02\/travel-slovenia-stanko-bloudek-car-300x169.jpg 300w, https:\/\/www.travel-slovenia.si\/slo\/wp-content\/uploads\/2017\/02\/travel-slovenia-stanko-bloudek-car-320x180.jpg 320w, https:\/\/www.travel-slovenia.si\/slo\/wp-content\/uploads\/2017\/02\/travel-slovenia-stanko-bloudek-car-24x14.jpg 24w, https:\/\/www.travel-slovenia.si\/slo\/wp-content\/uploads\/2017\/02\/travel-slovenia-stanko-bloudek-car-36x20.jpg 36w, https:\/\/www.travel-slovenia.si\/slo\/wp-content\/uploads\/2017\/02\/travel-slovenia-stanko-bloudek-car-48x27.jpg 48w, https:\/\/www.travel-slovenia.si\/slo\/wp-content\/uploads\/2017\/02\/travel-slovenia-stanko-bloudek-car.jpg 400w\" sizes=\"auto, (max-width: 300px) 100vw, 300px\" \/><figcaption class=\"wp-caption-text\">Prvi slovenski avto<\/figcaption><\/figure>\n<p style=\"text-align: justify;\">A \u0161e preden je zaklju\u010dil z letalstvom, se je pri\u010del ukvarjati z avtomobilizmom. Pri\u010del je s sodelovanjem z eno izmed prvih delavnic Jo\u017eefa Peterce, saj je avtomobil po koncu svetovne vojne postal preizku\u0161eno prevozno sredstvo. Leta 1926 in 1927 se je udele\u017eil dirk na prelazu Ljubelj, kjer je nastopal in bil tudi \u010dlan tehni\u010dne komisije dirke. Delni\u0161ki dru\u017ebi Automonta\u017ea se je pridru\u017eil leta 1933, kot solastnik in glavni konstruktor. Obenem pa je razvijal tudi prvi doma\u010di osebni avtomobil Triglav, na osnovi nem\u0161kega DKW. Prvi prototip je bil predstavljen aprila 1934. V Automonta\u017ei oziroma Avtomonta\u017ea po letu 1936 je Bloudek deloval do za\u010detka druge svetovne vojne.<\/p>\n<p style=\"text-align: justify;\">Eno izmed njegovih podro\u010dij delovanja je razvoj \u0161porta na Slovenskem, saj je pionir mnogih \u0161portov. Sodeloval je pri ustanovitvi nogometnega kluba Hermes v letu 1909. Prvo pravo nogometno \u017eogo in \u010devlje je v Ljubljano prinesel ravno on. Sodeloval je pri \u0161portnem dru\u0161tvu Ilirija, kjer je bil med vodilnimi mo\u017emi do leta 1941. Med leti 1925 &#8211; 1929 je bil med prvimi slovenskimi nogometa\u0161i, ve\u010dkratni prvak Jugoslavije v umetnostnem drsanju in slovenski prvak v metu diska. Bil je organizator, mecen, trener in svetovalec. Zaslu\u017een je za za\u010detek in razvoj tenisa, plavanja, drsanja, atletike, kotalkanja, sabljanja, nogometa, hokeja na ledu, smu\u010danja in smu\u010darskih skokov.<\/p>\n<p style=\"text-align: justify;\">Deloval je tudi kot konstruktor \u0161portnih objektov, bil je projektant in graditelj ve\u010d \u0161portnih objektov. V Ljubljani je zgradil prvo moderno nogometno igri\u0161\u010de, igri\u0161\u010da za tenis, olimpijski bazen, atletsko stezo, drsali\u0161\u010de za potrebe Ilirije. Skonstruiral je takrat najve\u010djo smu\u010darsko skakalnico v Planici, ki so jo poimenovali Bloudkova velikanka. Po letu 1932 je izdelal na\u010drte za ve\u010d 100 skakalnic, po njegovih na\u010drtih so se zgledovali v Nem\u010diji in Avstriji. Skonstruiral je tudi Plani\u0161ko skakalnico, \u017ei\u010dnico na Krvavec, \u017ei\u010dnico na Mariborsko Pohorje ter sodeloval pri izdelavi na\u010drtov za \u017ei\u010dnico na \u010crnem vrhu pri Jesenicah. V \u010dasu druge svetovne vojne je sodeloval z Osvobodilno fronto in za partizansko vojsko konstruiral oro\u017eja in orodja. A zaradi tega je bil preganjan in zaprt. Po izpustitvi je ponovno deloval v vodstvih \u0161portnih organizacij. Bil je predsednik fizikalnega odbora Slovenije, vodja projektivnega biroja \u0161portne zveze Slovenije. \u010clan Mednarodnega olimpijskega komiteja je postal leta 1948. Po njem se imenuje najve\u010dja, vsakoletna nagrada na podro\u010dju \u0161porta v Sloveniji, Bloudkova priznanja.<\/p>\n<p>&nbsp;<\/p>\n<table>\n<tbody>\n<tr>\n<td style=\"text-align: center;\"><a href=\"https:\/\/www.travel-slovenia.si\/slo\/zgodovinske-osebnosti\/\"><img loading=\"lazy\" decoding=\"async\" class=\"alignleft wp-image-4499 size-full\" src=\"https:\/\/www.travel-slovenia.si\/slo\/wp-content\/uploads\/2014\/09\/travel-slovenia-povezava-na-drugo.jpg\" alt=\"travel-slovenia-povezava-na-drugo\" width=\"128\" height=\"22\" srcset=\"https:\/\/www.travel-slovenia.si\/slo\/wp-content\/uploads\/2014\/09\/travel-slovenia-povezava-na-drugo.jpg 128w, https:\/\/www.travel-slovenia.si\/slo\/wp-content\/uploads\/2014\/09\/travel-slovenia-povezava-na-drugo-24x4.jpg 24w, https:\/\/www.travel-slovenia.si\/slo\/wp-content\/uploads\/2014\/09\/travel-slovenia-povezava-na-drugo-36x6.jpg 36w, https:\/\/www.travel-slovenia.si\/slo\/wp-content\/uploads\/2014\/09\/travel-slovenia-povezava-na-drugo-48x8.jpg 48w\" sizes=\"auto, (max-width: 128px) 100vw, 128px\" \/><\/a><a href=\"https:\/\/www.travel-slovenia.si\/slo\/zgodovinske-osebnosti\/\">Poglejte \u0161e druge zgodovinske osebnosti!<\/a><a href=\"https:\/\/www.travel-slovenia.si\/slo\/zgodovinske-osebnosti\/\"><img loading=\"lazy\" decoding=\"async\" class=\"alignright wp-image-4500 size-full\" src=\"https:\/\/www.travel-slovenia.si\/slo\/wp-content\/uploads\/2014\/09\/travel-slovenia-povezava-na-drugo2.jpg\" alt=\"travel-slovenia-povezava-na-drugo2\" width=\"128\" height=\"22\" srcset=\"https:\/\/www.travel-slovenia.si\/slo\/wp-content\/uploads\/2014\/09\/travel-slovenia-povezava-na-drugo2.jpg 128w, https:\/\/www.travel-slovenia.si\/slo\/wp-content\/uploads\/2014\/09\/travel-slovenia-povezava-na-drugo2-24x4.jpg 24w, https:\/\/www.travel-slovenia.si\/slo\/wp-content\/uploads\/2014\/09\/travel-slovenia-povezava-na-drugo2-36x6.jpg 36w, https:\/\/www.travel-slovenia.si\/slo\/wp-content\/uploads\/2014\/09\/travel-slovenia-povezava-na-drugo2-48x8.jpg 48w\" sizes=\"auto, (max-width: 128px) 100vw, 128px\" \/><\/a><\/td>\n<\/tr>\n<\/tbody>\n<\/table>\n","protected":false},"excerpt":{"rendered":"<p>Stanko Bloudek je bil slovenski \u0161portnik, letalski konstruktor in na\u010drtovalec \u0161portnih objektov. Rodil se je 11. februarja 1890 v Idriji, umrl pa 26. novembra 1959 v Ljubljani. Rodil se je dru\u017eini s petimi otroki, o\u010de Jaroslav je bil strojni in\u017eenir iz Tel\u010d na moravskem, mati Minka je bila Slovenka. Dru\u017eina se leta 1894 preseli na [&hellip;]<\/p>\n","protected":false},"author":111,"featured_media":0,"parent":0,"menu_order":0,"comment_status":"closed","ping_status":"closed","template":"","meta":{"footnotes":""},"class_list":["post-6379","page","type-page","status-publish","hentry"],"yoast_head":"<!-- This site is optimized with the Yoast SEO plugin v25.4 - https:\/\/yoast.com\/wordpress\/plugins\/seo\/ -->\n<title>Stanko Bloudek : Travel-Slovenia<\/title>\n<meta name=\"description\" content=\"Stanko Bloudek je bil slovenski \u0161portnik, letalski konstruktor in na\u010drtovalec \u0161portnih objektov. Rodil se je 11. februarja 1890 v Idriji.\" \/>\n<meta name=\"robots\" content=\"index, follow, max-snippet:-1, max-image-preview:large, max-video-preview:-1\" \/>\n<link rel=\"canonical\" href=\"https:\/\/www.travel-slovenia.si\/slo\/stanko-bloudek\/\" \/>\n<meta property=\"og:locale\" content=\"sl_SI\" \/>\n<meta property=\"og:type\" content=\"article\" \/>\n<meta property=\"og:title\" content=\"Stanko Bloudek : Travel-Slovenia\" \/>\n<meta property=\"og:description\" content=\"Stanko Bloudek je bil slovenski \u0161portnik, letalski konstruktor in na\u010drtovalec \u0161portnih objektov. Rodil se je 11. februarja 1890 v Idriji.\" \/>\n<meta property=\"og:url\" content=\"https:\/\/www.travel-slovenia.si\/slo\/stanko-bloudek\/\" \/>\n<meta property=\"og:site_name\" content=\"Travel Slovenia - Sledite lepotam na\u0161e male dr\u017eavice\" \/>\n<meta property=\"og:image\" content=\"https:\/\/www.travel-slovenia.si\/slo\/wp-content\/uploads\/2017\/02\/travel-slovenia-stanko-bloudek-photo.jpg\" \/>\n\t<meta property=\"og:image:width\" content=\"400\" \/>\n\t<meta property=\"og:image:height\" content=\"524\" \/>\n\t<meta property=\"og:image:type\" content=\"image\/jpeg\" \/>\n<meta name=\"twitter:card\" content=\"summary_large_image\" \/>\n<meta name=\"twitter:title\" content=\"Stanko Bloudek : Travel-Slovenia\" \/>\n<meta name=\"twitter:description\" content=\"Stanko Bloudek je bil slovenski \u0161portnik, letalski konstruktor in na\u010drtovalec \u0161portnih objektov. Rodil se je 11. februarja 1890 v Idriji.\" \/>\n<meta name=\"twitter:image\" content=\"https:\/\/www.travel-slovenia.si\/slo\/wp-content\/uploads\/2017\/02\/travel-slovenia-stanko-bloudek-photo.jpg\" \/>\n<meta name=\"twitter:label1\" content=\"Est. reading time\" \/>\n\t<meta name=\"twitter:data1\" content=\"5 minut\" \/>\n<script type=\"application\/ld+json\" class=\"yoast-schema-graph\">{\"@context\":\"https:\/\/schema.org\",\"@graph\":[{\"@type\":\"WebPage\",\"@id\":\"https:\/\/www.travel-slovenia.si\/slo\/stanko-bloudek\/\",\"url\":\"https:\/\/www.travel-slovenia.si\/slo\/stanko-bloudek\/\",\"name\":\"Stanko Bloudek : Travel-Slovenia\",\"isPartOf\":{\"@id\":\"https:\/\/www.travel-slovenia.si\/slo\/#website\"},\"primaryImageOfPage\":{\"@id\":\"https:\/\/www.travel-slovenia.si\/slo\/stanko-bloudek\/#primaryimage\"},\"image\":{\"@id\":\"https:\/\/www.travel-slovenia.si\/slo\/stanko-bloudek\/#primaryimage\"},\"thumbnailUrl\":\"https:\/\/www.travel-slovenia.si\/slo\/wp-content\/uploads\/2017\/02\/travel-slovenia-stanko-bloudek-photo.jpg\",\"datePublished\":\"2017-02-12T09:13:32+00:00\",\"description\":\"Stanko Bloudek je bil slovenski \u0161portnik, letalski konstruktor in na\u010drtovalec \u0161portnih objektov. Rodil se je 11. februarja 1890 v Idriji.\",\"breadcrumb\":{\"@id\":\"https:\/\/www.travel-slovenia.si\/slo\/stanko-bloudek\/#breadcrumb\"},\"inLanguage\":\"sl-SI\",\"potentialAction\":[{\"@type\":\"ReadAction\",\"target\":[\"https:\/\/www.travel-slovenia.si\/slo\/stanko-bloudek\/\"]}]},{\"@type\":\"ImageObject\",\"inLanguage\":\"sl-SI\",\"@id\":\"https:\/\/www.travel-slovenia.si\/slo\/stanko-bloudek\/#primaryimage\",\"url\":\"https:\/\/www.travel-slovenia.si\/slo\/wp-content\/uploads\/2017\/02\/travel-slovenia-stanko-bloudek-photo.jpg\",\"contentUrl\":\"https:\/\/www.travel-slovenia.si\/slo\/wp-content\/uploads\/2017\/02\/travel-slovenia-stanko-bloudek-photo.jpg\",\"width\":400,\"height\":524,\"caption\":\"Stanko Bloudek\"},{\"@type\":\"BreadcrumbList\",\"@id\":\"https:\/\/www.travel-slovenia.si\/slo\/stanko-bloudek\/#breadcrumb\",\"itemListElement\":[{\"@type\":\"ListItem\",\"position\":1,\"name\":\"Home\",\"item\":\"https:\/\/www.travel-slovenia.si\/slo\/\"},{\"@type\":\"ListItem\",\"position\":2,\"name\":\"Stanko Bloudek\"}]},{\"@type\":\"WebSite\",\"@id\":\"https:\/\/www.travel-slovenia.si\/slo\/#website\",\"url\":\"https:\/\/www.travel-slovenia.si\/slo\/\",\"name\":\"Travel Slovenia - Sledite lepotam na\u0161e male dr\u017eavice\",\"description\":\"\",\"potentialAction\":[{\"@type\":\"SearchAction\",\"target\":{\"@type\":\"EntryPoint\",\"urlTemplate\":\"https:\/\/www.travel-slovenia.si\/slo\/?s={search_term_string}\"},\"query-input\":{\"@type\":\"PropertyValueSpecification\",\"valueRequired\":true,\"valueName\":\"search_term_string\"}}],\"inLanguage\":\"sl-SI\"}]}<\/script>\n<!-- \/ Yoast SEO plugin. -->","yoast_head_json":{"title":"Stanko Bloudek : Travel-Slovenia","description":"Stanko Bloudek je bil slovenski \u0161portnik, letalski konstruktor in na\u010drtovalec \u0161portnih objektov. Rodil se je 11. februarja 1890 v Idriji.","robots":{"index":"index","follow":"follow","max-snippet":"max-snippet:-1","max-image-preview":"max-image-preview:large","max-video-preview":"max-video-preview:-1"},"canonical":"https:\/\/www.travel-slovenia.si\/slo\/stanko-bloudek\/","og_locale":"sl_SI","og_type":"article","og_title":"Stanko Bloudek : Travel-Slovenia","og_description":"Stanko Bloudek je bil slovenski \u0161portnik, letalski konstruktor in na\u010drtovalec \u0161portnih objektov. Rodil se je 11. februarja 1890 v Idriji.","og_url":"https:\/\/www.travel-slovenia.si\/slo\/stanko-bloudek\/","og_site_name":"Travel Slovenia - Sledite lepotam na\u0161e male dr\u017eavice","og_image":[{"width":400,"height":524,"url":"https:\/\/www.travel-slovenia.si\/slo\/wp-content\/uploads\/2017\/02\/travel-slovenia-stanko-bloudek-photo.jpg","type":"image\/jpeg"}],"twitter_card":"summary_large_image","twitter_title":"Stanko Bloudek : Travel-Slovenia","twitter_description":"Stanko Bloudek je bil slovenski \u0161portnik, letalski konstruktor in na\u010drtovalec \u0161portnih objektov. Rodil se je 11. februarja 1890 v Idriji.","twitter_image":"https:\/\/www.travel-slovenia.si\/slo\/wp-content\/uploads\/2017\/02\/travel-slovenia-stanko-bloudek-photo.jpg","twitter_misc":{"Est. reading time":"5 minut"},"schema":{"@context":"https:\/\/schema.org","@graph":[{"@type":"WebPage","@id":"https:\/\/www.travel-slovenia.si\/slo\/stanko-bloudek\/","url":"https:\/\/www.travel-slovenia.si\/slo\/stanko-bloudek\/","name":"Stanko Bloudek : Travel-Slovenia","isPartOf":{"@id":"https:\/\/www.travel-slovenia.si\/slo\/#website"},"primaryImageOfPage":{"@id":"https:\/\/www.travel-slovenia.si\/slo\/stanko-bloudek\/#primaryimage"},"image":{"@id":"https:\/\/www.travel-slovenia.si\/slo\/stanko-bloudek\/#primaryimage"},"thumbnailUrl":"https:\/\/www.travel-slovenia.si\/slo\/wp-content\/uploads\/2017\/02\/travel-slovenia-stanko-bloudek-photo.jpg","datePublished":"2017-02-12T09:13:32+00:00","description":"Stanko Bloudek je bil slovenski \u0161portnik, letalski konstruktor in na\u010drtovalec \u0161portnih objektov. Rodil se je 11. februarja 1890 v Idriji.","breadcrumb":{"@id":"https:\/\/www.travel-slovenia.si\/slo\/stanko-bloudek\/#breadcrumb"},"inLanguage":"sl-SI","potentialAction":[{"@type":"ReadAction","target":["https:\/\/www.travel-slovenia.si\/slo\/stanko-bloudek\/"]}]},{"@type":"ImageObject","inLanguage":"sl-SI","@id":"https:\/\/www.travel-slovenia.si\/slo\/stanko-bloudek\/#primaryimage","url":"https:\/\/www.travel-slovenia.si\/slo\/wp-content\/uploads\/2017\/02\/travel-slovenia-stanko-bloudek-photo.jpg","contentUrl":"https:\/\/www.travel-slovenia.si\/slo\/wp-content\/uploads\/2017\/02\/travel-slovenia-stanko-bloudek-photo.jpg","width":400,"height":524,"caption":"Stanko Bloudek"},{"@type":"BreadcrumbList","@id":"https:\/\/www.travel-slovenia.si\/slo\/stanko-bloudek\/#breadcrumb","itemListElement":[{"@type":"ListItem","position":1,"name":"Home","item":"https:\/\/www.travel-slovenia.si\/slo\/"},{"@type":"ListItem","position":2,"name":"Stanko Bloudek"}]},{"@type":"WebSite","@id":"https:\/\/www.travel-slovenia.si\/slo\/#website","url":"https:\/\/www.travel-slovenia.si\/slo\/","name":"Travel Slovenia - Sledite lepotam na\u0161e male dr\u017eavice","description":"","potentialAction":[{"@type":"SearchAction","target":{"@type":"EntryPoint","urlTemplate":"https:\/\/www.travel-slovenia.si\/slo\/?s={search_term_string}"},"query-input":{"@type":"PropertyValueSpecification","valueRequired":true,"valueName":"search_term_string"}}],"inLanguage":"sl-SI"}]}},"post_mailing_queue_ids":[],"_links":{"self":[{"href":"https:\/\/www.travel-slovenia.si\/slo\/wp-json\/wp\/v2\/pages\/6379","targetHints":{"allow":["GET"]}}],"collection":[{"href":"https:\/\/www.travel-slovenia.si\/slo\/wp-json\/wp\/v2\/pages"}],"about":[{"href":"https:\/\/www.travel-slovenia.si\/slo\/wp-json\/wp\/v2\/types\/page"}],"author":[{"embeddable":true,"href":"https:\/\/www.travel-slovenia.si\/slo\/wp-json\/wp\/v2\/users\/111"}],"replies":[{"embeddable":true,"href":"https:\/\/www.travel-slovenia.si\/slo\/wp-json\/wp\/v2\/comments?post=6379"}],"version-history":[{"count":1,"href":"https:\/\/www.travel-slovenia.si\/slo\/wp-json\/wp\/v2\/pages\/6379\/revisions"}],"predecessor-version":[{"id":6385,"href":"https:\/\/www.travel-slovenia.si\/slo\/wp-json\/wp\/v2\/pages\/6379\/revisions\/6385"}],"wp:attachment":[{"href":"https:\/\/www.travel-slovenia.si\/slo\/wp-json\/wp\/v2\/media?parent=6379"}],"curies":[{"name":"wp","href":"https:\/\/api.w.org\/{rel}","templated":true}]}}