{"id":6290,"date":"2017-01-19T14:12:44","date_gmt":"2017-01-19T13:12:44","guid":{"rendered":"https:\/\/www.travel-slovenia.si\/slo\/?page_id=6290"},"modified":"2017-01-19T14:12:44","modified_gmt":"2017-01-19T13:12:44","slug":"joze-plecnik","status":"publish","type":"page","link":"https:\/\/www.travel-slovenia.si\/slo\/joze-plecnik\/","title":{"rendered":"Jo\u017ee Ple\u010dnik"},"content":{"rendered":"<figure id=\"attachment_6282\" class=\"wp-caption alignleft\" style=\"max-width: 300px\"><img loading=\"lazy\" decoding=\"async\" class=\"size-medium wp-image-6282\" src=\"https:\/\/www.travel-slovenia.si\/slo\/wp-content\/uploads\/2017\/01\/travel-slovenia-joze-plecnik-300x285.jpg\" alt=\"Jo\u017ee Ple\u010dnik\" width=\"300\" height=\"285\" srcset=\"https:\/\/www.travel-slovenia.si\/slo\/wp-content\/uploads\/2017\/01\/travel-slovenia-joze-plecnik-300x285.jpg 300w, https:\/\/www.travel-slovenia.si\/slo\/wp-content\/uploads\/2017\/01\/travel-slovenia-joze-plecnik-24x24.jpg 24w, https:\/\/www.travel-slovenia.si\/slo\/wp-content\/uploads\/2017\/01\/travel-slovenia-joze-plecnik-36x34.jpg 36w, https:\/\/www.travel-slovenia.si\/slo\/wp-content\/uploads\/2017\/01\/travel-slovenia-joze-plecnik-48x46.jpg 48w, https:\/\/www.travel-slovenia.si\/slo\/wp-content\/uploads\/2017\/01\/travel-slovenia-joze-plecnik.jpg 400w\" sizes=\"auto, (max-width: 300px) 100vw, 300px\" \/><figcaption class=\"wp-caption-text\">Jo\u017ee Ple\u010dnik<\/figcaption><\/figure>\n<p style=\"text-align: justify;\">Jo\u017ee Ple\u010dnik je bil najve\u010dji slovenski arhitekt s svetovnim slovesom. Je arhitekt, ki je preobrazil podobo Ljubljane. Rojen je bil 23. januarja 1872 v Ljubljani, umrl pa je 7. januarja 1957 na svojem domu v Trnovem. Tu je tudi obiskoval ljudsko \u0161olo, ko je zaklju\u010dil se je odpravil v Gradec na umetnoobrtno \u0161olo. Na dunajsko umetnostno akademijo se je vpisal leta 1895, arhitekturni oddelek je takrat vodil Otto Wagner. Po koncu \u0161tudija je delal v njegovem ateljeju. Med leti 1911 in 1921 je bil profesor na umetnoobrtni \u0161oli v Pragi. Za arhitekta Pra\u0161kega gradu je bil imenovan v letu 1920, obenem pa je sprejel mesto profesorja na novoustanovljeni fakulteti za arhitekturo v Ljubljani. Zaradi tega se je naslednje leto preselil v Ljubljano. Vse do leta 1934 je sodeloval pri obnovi Pra\u0161kega gradu, zato je veliko potoval med Prago in Ljubljano.<\/p>\n<p style=\"text-align: justify;\">Njegova najpomembnej\u0161a dela so stavba Narodne in univerzitetne knji\u017enice, \u017dale (Vrt vseh svetih), \u010cevljarski most, most \u010dez Grada\u0161\u010dico, Tromostovje s Pokritimi tr\u017enicami, Kri\u017eanke, be\u017eigrajski stadion in cerkev Sv. Fran\u010di\u0161ka Asi\u0161kega v \u0160i\u0161ki. Uredil je tudi Vegovo cesto vse do trnovske ceste, kot tudi Trnovski pristan z nabre\u017eji Ljubljanice.<\/p>\n<p style=\"text-align: justify;\">V \u0161estdesetih in sedemdesetih so bila njegova dela zanemarjena, a je z novo dobo v osemdesetih in devetdesetih pri\u0161la nova doba (to se ponovi&#8230;pol izpade nekam \u010dudno) z rabo klasi\u010dnih oblik in motivov v arhitekturi. S tem se je obnovilo zanimanje za Ple\u010dnikove stvaritve, \u0161e posebej po Ple\u010dniku posve\u010deni pari\u0161ki razstavi leta 1986. Po njem so poimenovali tudi najve\u010dje slovensko priznanje na podro\u010dju arhitekture, tako od leta 1973 vsako leto Sklad Jo\u017eeta Ple\u010dnika objavi razpis za Ple\u010dnikovo nagrado in Ple\u010dnikove medalje.<\/p>\n<figure id=\"attachment_6284\" class=\"wp-caption aligncenter\" style=\"max-width: 600px\"><img loading=\"lazy\" decoding=\"async\" class=\"size-full wp-image-6284\" src=\"https:\/\/www.travel-slovenia.si\/slo\/wp-content\/uploads\/2017\/01\/travel-slovenia-joze-plecnik-toler.jpg\" alt=\"Podoba Ple\u010dnika na nekdanjem slovenskem bankovcu za 500 tolarjev\" width=\"600\" height=\"298\" srcset=\"https:\/\/www.travel-slovenia.si\/slo\/wp-content\/uploads\/2017\/01\/travel-slovenia-joze-plecnik-toler.jpg 600w, https:\/\/www.travel-slovenia.si\/slo\/wp-content\/uploads\/2017\/01\/travel-slovenia-joze-plecnik-toler-300x149.jpg 300w, https:\/\/www.travel-slovenia.si\/slo\/wp-content\/uploads\/2017\/01\/travel-slovenia-joze-plecnik-toler-24x12.jpg 24w, https:\/\/www.travel-slovenia.si\/slo\/wp-content\/uploads\/2017\/01\/travel-slovenia-joze-plecnik-toler-36x18.jpg 36w, https:\/\/www.travel-slovenia.si\/slo\/wp-content\/uploads\/2017\/01\/travel-slovenia-joze-plecnik-toler-48x24.jpg 48w\" sizes=\"auto, (max-width: 600px) 100vw, 600px\" \/><figcaption class=\"wp-caption-text\">Podoba Ple\u010dnika na nekdanjem slovenskem bankovcu za 500 tolarjev<\/figcaption><\/figure>\n<p style=\"text-align: justify;\">V Ljubljani se nahaja \u0161est Ple\u010dniku posve\u010denih spomenikov, najstarej\u0161i med njimi je v Kri\u017eankah. Njegova podoba je bila tudi na nekdanjem bankovcu za 500 slovenskih tolarjev, za njim pa pro\u010delje Narodno in univerzitetne knji\u017enice v Ljubljani. Na dana\u0161njem kovancu za 10 centov je upodobljena njegova Katedrala svobode (Slovenski parlament), a le-ta ni bila nikoli zgrajena.<\/p>\n<p>&nbsp;<\/p>\n<table>\n<tbody>\n<tr>\n<td style=\"text-align: center;\"><a href=\"https:\/\/www.travel-slovenia.si\/slo\/zgodovinske-osebnosti\/\"><img loading=\"lazy\" decoding=\"async\" class=\"alignleft wp-image-4499 size-full\" src=\"https:\/\/www.travel-slovenia.si\/slo\/wp-content\/uploads\/2014\/09\/travel-slovenia-povezava-na-drugo.jpg\" alt=\"travel-slovenia-povezava-na-drugo\" width=\"128\" height=\"22\" srcset=\"https:\/\/www.travel-slovenia.si\/slo\/wp-content\/uploads\/2014\/09\/travel-slovenia-povezava-na-drugo.jpg 128w, https:\/\/www.travel-slovenia.si\/slo\/wp-content\/uploads\/2014\/09\/travel-slovenia-povezava-na-drugo-24x4.jpg 24w, https:\/\/www.travel-slovenia.si\/slo\/wp-content\/uploads\/2014\/09\/travel-slovenia-povezava-na-drugo-36x6.jpg 36w, https:\/\/www.travel-slovenia.si\/slo\/wp-content\/uploads\/2014\/09\/travel-slovenia-povezava-na-drugo-48x8.jpg 48w\" sizes=\"auto, (max-width: 128px) 100vw, 128px\" \/><\/a><a href=\"https:\/\/www.travel-slovenia.si\/slo\/zgodovinske-osebnosti\/\">Poglejte \u0161e druge zgodovinske osebnosti!<\/a><a href=\"https:\/\/www.travel-slovenia.si\/slo\/zgodovinske-osebnosti\/\"><img loading=\"lazy\" decoding=\"async\" class=\"alignright wp-image-4500 size-full\" src=\"https:\/\/www.travel-slovenia.si\/slo\/wp-content\/uploads\/2014\/09\/travel-slovenia-povezava-na-drugo2.jpg\" alt=\"travel-slovenia-povezava-na-drugo2\" width=\"128\" height=\"22\" srcset=\"https:\/\/www.travel-slovenia.si\/slo\/wp-content\/uploads\/2014\/09\/travel-slovenia-povezava-na-drugo2.jpg 128w, https:\/\/www.travel-slovenia.si\/slo\/wp-content\/uploads\/2014\/09\/travel-slovenia-povezava-na-drugo2-24x4.jpg 24w, https:\/\/www.travel-slovenia.si\/slo\/wp-content\/uploads\/2014\/09\/travel-slovenia-povezava-na-drugo2-36x6.jpg 36w, https:\/\/www.travel-slovenia.si\/slo\/wp-content\/uploads\/2014\/09\/travel-slovenia-povezava-na-drugo2-48x8.jpg 48w\" sizes=\"auto, (max-width: 128px) 100vw, 128px\" \/><\/a><\/td>\n<\/tr>\n<\/tbody>\n<\/table>\n","protected":false},"excerpt":{"rendered":"<p>Jo\u017ee Ple\u010dnik je bil najve\u010dji slovenski arhitekt s svetovnim slovesom. Je arhitekt, ki je preobrazil podobo Ljubljane. Rojen je bil 23. januarja 1872 v Ljubljani, umrl pa je 7. januarja 1957 na svojem domu v Trnovem. Tu je tudi obiskoval ljudsko \u0161olo, ko je zaklju\u010dil se je odpravil v Gradec na umetnoobrtno \u0161olo. Na dunajsko [&hellip;]<\/p>\n","protected":false},"author":111,"featured_media":0,"parent":0,"menu_order":0,"comment_status":"closed","ping_status":"closed","template":"","meta":{"footnotes":""},"class_list":["post-6290","page","type-page","status-publish","hentry"],"yoast_head":"<!-- This site is optimized with the Yoast SEO plugin v25.4 - https:\/\/yoast.com\/wordpress\/plugins\/seo\/ -->\n<title>Jo\u017ee Ple\u010dnik : Travel-Slovenia<\/title>\n<meta name=\"description\" content=\"Jo\u017ee Ple\u010dnik je bil najve\u010dji slovenski arhitekt s svetovnim slovesom, ki je preobrazil podobo Ljubljane in bil imenovan za arhitekta Pra\u0161kega gradu.\" \/>\n<meta name=\"robots\" content=\"index, follow, max-snippet:-1, max-image-preview:large, max-video-preview:-1\" \/>\n<link rel=\"canonical\" href=\"https:\/\/www.travel-slovenia.si\/slo\/joze-plecnik\/\" \/>\n<meta property=\"og:locale\" content=\"sl_SI\" \/>\n<meta property=\"og:type\" content=\"article\" \/>\n<meta property=\"og:title\" content=\"Jo\u017ee Ple\u010dnik : Travel-Slovenia\" \/>\n<meta property=\"og:description\" content=\"Jo\u017ee Ple\u010dnik je bil najve\u010dji slovenski arhitekt s svetovnim slovesom, ki je preobrazil podobo Ljubljane in bil imenovan za arhitekta Pra\u0161kega gradu.\" \/>\n<meta property=\"og:url\" content=\"https:\/\/www.travel-slovenia.si\/slo\/joze-plecnik\/\" \/>\n<meta property=\"og:site_name\" content=\"Travel Slovenia - Sledite lepotam na\u0161e male dr\u017eavice\" \/>\n<meta property=\"og:image\" content=\"https:\/\/www.travel-slovenia.si\/slo\/wp-content\/uploads\/2017\/01\/travel-slovenia-joze-plecnik.jpg\" \/>\n\t<meta property=\"og:image:width\" content=\"400\" \/>\n\t<meta property=\"og:image:height\" content=\"380\" \/>\n\t<meta property=\"og:image:type\" content=\"image\/jpeg\" \/>\n<meta name=\"twitter:card\" content=\"summary_large_image\" \/>\n<meta name=\"twitter:title\" content=\"Jo\u017ee Ple\u010dnik : Travel-Slovenia\" \/>\n<meta name=\"twitter:description\" content=\"Jo\u017ee Ple\u010dnik je bil najve\u010dji slovenski arhitekt s svetovnim slovesom, ki je preobrazil podobo Ljubljane in bil imenovan za arhitekta Pra\u0161kega gradu.\" \/>\n<meta name=\"twitter:image\" content=\"https:\/\/www.travel-slovenia.si\/slo\/wp-content\/uploads\/2017\/01\/travel-slovenia-joze-plecnik.jpg\" \/>\n<meta name=\"twitter:label1\" content=\"Est. reading time\" \/>\n\t<meta name=\"twitter:data1\" content=\"2 minuti\" \/>\n<script type=\"application\/ld+json\" class=\"yoast-schema-graph\">{\"@context\":\"https:\/\/schema.org\",\"@graph\":[{\"@type\":\"WebPage\",\"@id\":\"https:\/\/www.travel-slovenia.si\/slo\/joze-plecnik\/\",\"url\":\"https:\/\/www.travel-slovenia.si\/slo\/joze-plecnik\/\",\"name\":\"Jo\u017ee Ple\u010dnik : Travel-Slovenia\",\"isPartOf\":{\"@id\":\"https:\/\/www.travel-slovenia.si\/slo\/#website\"},\"primaryImageOfPage\":{\"@id\":\"https:\/\/www.travel-slovenia.si\/slo\/joze-plecnik\/#primaryimage\"},\"image\":{\"@id\":\"https:\/\/www.travel-slovenia.si\/slo\/joze-plecnik\/#primaryimage\"},\"thumbnailUrl\":\"https:\/\/www.travel-slovenia.si\/slo\/wp-content\/uploads\/2017\/01\/travel-slovenia-joze-plecnik-300x285.jpg\",\"datePublished\":\"2017-01-19T13:12:44+00:00\",\"description\":\"Jo\u017ee Ple\u010dnik je bil najve\u010dji slovenski arhitekt s svetovnim slovesom, ki je preobrazil podobo Ljubljane in bil imenovan za arhitekta Pra\u0161kega gradu.\",\"breadcrumb\":{\"@id\":\"https:\/\/www.travel-slovenia.si\/slo\/joze-plecnik\/#breadcrumb\"},\"inLanguage\":\"sl-SI\",\"potentialAction\":[{\"@type\":\"ReadAction\",\"target\":[\"https:\/\/www.travel-slovenia.si\/slo\/joze-plecnik\/\"]}]},{\"@type\":\"ImageObject\",\"inLanguage\":\"sl-SI\",\"@id\":\"https:\/\/www.travel-slovenia.si\/slo\/joze-plecnik\/#primaryimage\",\"url\":\"https:\/\/www.travel-slovenia.si\/slo\/wp-content\/uploads\/2017\/01\/travel-slovenia-joze-plecnik.jpg\",\"contentUrl\":\"https:\/\/www.travel-slovenia.si\/slo\/wp-content\/uploads\/2017\/01\/travel-slovenia-joze-plecnik.jpg\",\"width\":400,\"height\":380,\"caption\":\"Jo\u017ee Ple\u010dnik\"},{\"@type\":\"BreadcrumbList\",\"@id\":\"https:\/\/www.travel-slovenia.si\/slo\/joze-plecnik\/#breadcrumb\",\"itemListElement\":[{\"@type\":\"ListItem\",\"position\":1,\"name\":\"Home\",\"item\":\"https:\/\/www.travel-slovenia.si\/slo\/\"},{\"@type\":\"ListItem\",\"position\":2,\"name\":\"Jo\u017ee Ple\u010dnik\"}]},{\"@type\":\"WebSite\",\"@id\":\"https:\/\/www.travel-slovenia.si\/slo\/#website\",\"url\":\"https:\/\/www.travel-slovenia.si\/slo\/\",\"name\":\"Travel Slovenia - Sledite lepotam na\u0161e male dr\u017eavice\",\"description\":\"\",\"potentialAction\":[{\"@type\":\"SearchAction\",\"target\":{\"@type\":\"EntryPoint\",\"urlTemplate\":\"https:\/\/www.travel-slovenia.si\/slo\/?s={search_term_string}\"},\"query-input\":{\"@type\":\"PropertyValueSpecification\",\"valueRequired\":true,\"valueName\":\"search_term_string\"}}],\"inLanguage\":\"sl-SI\"}]}<\/script>\n<!-- \/ Yoast SEO plugin. -->","yoast_head_json":{"title":"Jo\u017ee Ple\u010dnik : Travel-Slovenia","description":"Jo\u017ee Ple\u010dnik je bil najve\u010dji slovenski arhitekt s svetovnim slovesom, ki je preobrazil podobo Ljubljane in bil imenovan za arhitekta Pra\u0161kega gradu.","robots":{"index":"index","follow":"follow","max-snippet":"max-snippet:-1","max-image-preview":"max-image-preview:large","max-video-preview":"max-video-preview:-1"},"canonical":"https:\/\/www.travel-slovenia.si\/slo\/joze-plecnik\/","og_locale":"sl_SI","og_type":"article","og_title":"Jo\u017ee Ple\u010dnik : Travel-Slovenia","og_description":"Jo\u017ee Ple\u010dnik je bil najve\u010dji slovenski arhitekt s svetovnim slovesom, ki je preobrazil podobo Ljubljane in bil imenovan za arhitekta Pra\u0161kega gradu.","og_url":"https:\/\/www.travel-slovenia.si\/slo\/joze-plecnik\/","og_site_name":"Travel Slovenia - Sledite lepotam na\u0161e male dr\u017eavice","og_image":[{"width":400,"height":380,"url":"https:\/\/www.travel-slovenia.si\/slo\/wp-content\/uploads\/2017\/01\/travel-slovenia-joze-plecnik.jpg","type":"image\/jpeg"}],"twitter_card":"summary_large_image","twitter_title":"Jo\u017ee Ple\u010dnik : Travel-Slovenia","twitter_description":"Jo\u017ee Ple\u010dnik je bil najve\u010dji slovenski arhitekt s svetovnim slovesom, ki je preobrazil podobo Ljubljane in bil imenovan za arhitekta Pra\u0161kega gradu.","twitter_image":"https:\/\/www.travel-slovenia.si\/slo\/wp-content\/uploads\/2017\/01\/travel-slovenia-joze-plecnik.jpg","twitter_misc":{"Est. reading time":"2 minuti"},"schema":{"@context":"https:\/\/schema.org","@graph":[{"@type":"WebPage","@id":"https:\/\/www.travel-slovenia.si\/slo\/joze-plecnik\/","url":"https:\/\/www.travel-slovenia.si\/slo\/joze-plecnik\/","name":"Jo\u017ee Ple\u010dnik : Travel-Slovenia","isPartOf":{"@id":"https:\/\/www.travel-slovenia.si\/slo\/#website"},"primaryImageOfPage":{"@id":"https:\/\/www.travel-slovenia.si\/slo\/joze-plecnik\/#primaryimage"},"image":{"@id":"https:\/\/www.travel-slovenia.si\/slo\/joze-plecnik\/#primaryimage"},"thumbnailUrl":"https:\/\/www.travel-slovenia.si\/slo\/wp-content\/uploads\/2017\/01\/travel-slovenia-joze-plecnik-300x285.jpg","datePublished":"2017-01-19T13:12:44+00:00","description":"Jo\u017ee Ple\u010dnik je bil najve\u010dji slovenski arhitekt s svetovnim slovesom, ki je preobrazil podobo Ljubljane in bil imenovan za arhitekta Pra\u0161kega gradu.","breadcrumb":{"@id":"https:\/\/www.travel-slovenia.si\/slo\/joze-plecnik\/#breadcrumb"},"inLanguage":"sl-SI","potentialAction":[{"@type":"ReadAction","target":["https:\/\/www.travel-slovenia.si\/slo\/joze-plecnik\/"]}]},{"@type":"ImageObject","inLanguage":"sl-SI","@id":"https:\/\/www.travel-slovenia.si\/slo\/joze-plecnik\/#primaryimage","url":"https:\/\/www.travel-slovenia.si\/slo\/wp-content\/uploads\/2017\/01\/travel-slovenia-joze-plecnik.jpg","contentUrl":"https:\/\/www.travel-slovenia.si\/slo\/wp-content\/uploads\/2017\/01\/travel-slovenia-joze-plecnik.jpg","width":400,"height":380,"caption":"Jo\u017ee Ple\u010dnik"},{"@type":"BreadcrumbList","@id":"https:\/\/www.travel-slovenia.si\/slo\/joze-plecnik\/#breadcrumb","itemListElement":[{"@type":"ListItem","position":1,"name":"Home","item":"https:\/\/www.travel-slovenia.si\/slo\/"},{"@type":"ListItem","position":2,"name":"Jo\u017ee Ple\u010dnik"}]},{"@type":"WebSite","@id":"https:\/\/www.travel-slovenia.si\/slo\/#website","url":"https:\/\/www.travel-slovenia.si\/slo\/","name":"Travel Slovenia - Sledite lepotam na\u0161e male dr\u017eavice","description":"","potentialAction":[{"@type":"SearchAction","target":{"@type":"EntryPoint","urlTemplate":"https:\/\/www.travel-slovenia.si\/slo\/?s={search_term_string}"},"query-input":{"@type":"PropertyValueSpecification","valueRequired":true,"valueName":"search_term_string"}}],"inLanguage":"sl-SI"}]}},"post_mailing_queue_ids":[],"_links":{"self":[{"href":"https:\/\/www.travel-slovenia.si\/slo\/wp-json\/wp\/v2\/pages\/6290","targetHints":{"allow":["GET"]}}],"collection":[{"href":"https:\/\/www.travel-slovenia.si\/slo\/wp-json\/wp\/v2\/pages"}],"about":[{"href":"https:\/\/www.travel-slovenia.si\/slo\/wp-json\/wp\/v2\/types\/page"}],"author":[{"embeddable":true,"href":"https:\/\/www.travel-slovenia.si\/slo\/wp-json\/wp\/v2\/users\/111"}],"replies":[{"embeddable":true,"href":"https:\/\/www.travel-slovenia.si\/slo\/wp-json\/wp\/v2\/comments?post=6290"}],"version-history":[{"count":1,"href":"https:\/\/www.travel-slovenia.si\/slo\/wp-json\/wp\/v2\/pages\/6290\/revisions"}],"predecessor-version":[{"id":6291,"href":"https:\/\/www.travel-slovenia.si\/slo\/wp-json\/wp\/v2\/pages\/6290\/revisions\/6291"}],"wp:attachment":[{"href":"https:\/\/www.travel-slovenia.si\/slo\/wp-json\/wp\/v2\/media?parent=6290"}],"curies":[{"name":"wp","href":"https:\/\/api.w.org\/{rel}","templated":true}]}}