{"id":6225,"date":"2016-12-18T15:33:45","date_gmt":"2016-12-18T14:33:45","guid":{"rendered":"https:\/\/www.travel-slovenia.si\/slo\/?page_id=6225"},"modified":"2016-12-18T15:33:45","modified_gmt":"2016-12-18T14:33:45","slug":"dan-samostojnosti-enotnosti","status":"publish","type":"page","link":"https:\/\/www.travel-slovenia.si\/slo\/dan-samostojnosti-enotnosti\/","title":{"rendered":"Dan samostojnosti in enotnosti"},"content":{"rendered":"<p style=\"text-align: justify;\"><img loading=\"lazy\" decoding=\"async\" class=\"alignleft size-medium wp-image-6226\" src=\"https:\/\/www.travel-slovenia.si\/slo\/wp-content\/uploads\/2016\/12\/travel-slovenia-dan-samostojnosti-in-enotnosti-300x169.jpg\" alt=\"travel-slovenia-dan-samostojnosti-in-enotnosti\" width=\"300\" height=\"169\" srcset=\"https:\/\/www.travel-slovenia.si\/slo\/wp-content\/uploads\/2016\/12\/travel-slovenia-dan-samostojnosti-in-enotnosti-300x169.jpg 300w, https:\/\/www.travel-slovenia.si\/slo\/wp-content\/uploads\/2016\/12\/travel-slovenia-dan-samostojnosti-in-enotnosti-320x180.jpg 320w, https:\/\/www.travel-slovenia.si\/slo\/wp-content\/uploads\/2016\/12\/travel-slovenia-dan-samostojnosti-in-enotnosti-24x14.jpg 24w, https:\/\/www.travel-slovenia.si\/slo\/wp-content\/uploads\/2016\/12\/travel-slovenia-dan-samostojnosti-in-enotnosti-36x20.jpg 36w, https:\/\/www.travel-slovenia.si\/slo\/wp-content\/uploads\/2016\/12\/travel-slovenia-dan-samostojnosti-in-enotnosti-48x27.jpg 48w, https:\/\/www.travel-slovenia.si\/slo\/wp-content\/uploads\/2016\/12\/travel-slovenia-dan-samostojnosti-in-enotnosti.jpg 400w\" sizes=\"auto, (max-width: 300px) 100vw, 300px\" \/>26. decembra v Sloveniji praznujemo dan samostojnosti in enotnosti. Dan obele\u017euje razglasitev plebiscita o samostojnosti leta 1990. Sam plebiscit je potekal 23. decembra 1990. Plebiscita se je udele\u017eilo 93,2% volivcev, ki so odgovarjali na vpra\u0161anje &#8221;Ali naj Slovenija postane samostojna in neodvisna dr\u017eava?&#8221;. 88,5% vseh udele\u017eencev je odgovorilo pritrdilno, s tem pa se tudi za\u010dne osamosvojitev Slovenije. Vse do leta 2005 se je praznik imenoval le dan samostojnosti, a so ime s spremembo zakona o praznikih in dela prostih dnevih dopolnili kot dan samostojnosti in enotnosti. Razlog za to pa je bil, da so takrat Slovenci pokazali najve\u010djo mero enotnosti v svoji zgodovini.<\/p>\n<p>&nbsp;<\/p>\n<table>\n<tbody>\n<tr>\n<td style=\"text-align: center;\"><a href=\"https:\/\/www.travel-slovenia.si\/slo\/na-danasnji-dan\/\"><img loading=\"lazy\" decoding=\"async\" class=\"alignleft wp-image-4499 size-full\" src=\"https:\/\/www.travel-slovenia.si\/slo\/wp-content\/uploads\/2014\/09\/travel-slovenia-povezava-na-drugo.jpg\" alt=\"travel-slovenia-povezava-na-drugo\" width=\"128\" height=\"22\" srcset=\"https:\/\/www.travel-slovenia.si\/slo\/wp-content\/uploads\/2014\/09\/travel-slovenia-povezava-na-drugo.jpg 128w, https:\/\/www.travel-slovenia.si\/slo\/wp-content\/uploads\/2014\/09\/travel-slovenia-povezava-na-drugo-24x4.jpg 24w, https:\/\/www.travel-slovenia.si\/slo\/wp-content\/uploads\/2014\/09\/travel-slovenia-povezava-na-drugo-36x6.jpg 36w, https:\/\/www.travel-slovenia.si\/slo\/wp-content\/uploads\/2014\/09\/travel-slovenia-povezava-na-drugo-48x8.jpg 48w\" sizes=\"auto, (max-width: 128px) 100vw, 128px\" \/><\/a><a href=\"https:\/\/www.travel-slovenia.si\/slo\/na-danasnji-dan\/\">Poglejte \u0161e druge pretekle dogodke!<\/a><a href=\"https:\/\/www.travel-slovenia.si\/slo\/na-danasnji-dan\/\"><img loading=\"lazy\" decoding=\"async\" class=\"alignright wp-image-4500 size-full\" src=\"https:\/\/www.travel-slovenia.si\/slo\/wp-content\/uploads\/2014\/09\/travel-slovenia-povezava-na-drugo2.jpg\" alt=\"travel-slovenia-povezava-na-drugo2\" width=\"128\" height=\"22\" srcset=\"https:\/\/www.travel-slovenia.si\/slo\/wp-content\/uploads\/2014\/09\/travel-slovenia-povezava-na-drugo2.jpg 128w, https:\/\/www.travel-slovenia.si\/slo\/wp-content\/uploads\/2014\/09\/travel-slovenia-povezava-na-drugo2-24x4.jpg 24w, https:\/\/www.travel-slovenia.si\/slo\/wp-content\/uploads\/2014\/09\/travel-slovenia-povezava-na-drugo2-36x6.jpg 36w, https:\/\/www.travel-slovenia.si\/slo\/wp-content\/uploads\/2014\/09\/travel-slovenia-povezava-na-drugo2-48x8.jpg 48w\" sizes=\"auto, (max-width: 128px) 100vw, 128px\" \/><\/a><\/td>\n<\/tr>\n<\/tbody>\n<\/table>\n","protected":false},"excerpt":{"rendered":"<p>26. decembra v Sloveniji praznujemo dan samostojnosti in enotnosti. Dan obele\u017euje razglasitev plebiscita o samostojnosti leta 1990. Sam plebiscit je potekal 23. decembra 1990. Plebiscita se je udele\u017eilo 93,2% volivcev, ki so odgovarjali na vpra\u0161anje &#8221;Ali naj Slovenija postane samostojna in neodvisna dr\u017eava?&#8221;. 88,5% vseh udele\u017eencev je odgovorilo pritrdilno, s tem pa se tudi za\u010dne [&hellip;]<\/p>\n","protected":false},"author":111,"featured_media":0,"parent":0,"menu_order":0,"comment_status":"closed","ping_status":"closed","template":"","meta":{"footnotes":""},"class_list":["post-6225","page","type-page","status-publish","hentry"],"yoast_head":"<!-- This site is optimized with the Yoast SEO plugin v25.4 - https:\/\/yoast.com\/wordpress\/plugins\/seo\/ -->\n<title>Dan samostojnosti in enotnosti : Travel-Slovenia<\/title>\n<meta name=\"description\" content=\"26. decembra v Sloveniji praznujemo dan samostojnosti in enotnosti. Dan obele\u017euje razglasitev plebiscita o samostojnosti leta 1990.\" \/>\n<meta name=\"robots\" content=\"index, follow, max-snippet:-1, max-image-preview:large, max-video-preview:-1\" \/>\n<link rel=\"canonical\" href=\"https:\/\/www.travel-slovenia.si\/slo\/dan-samostojnosti-enotnosti\/\" \/>\n<meta property=\"og:locale\" content=\"sl_SI\" \/>\n<meta property=\"og:type\" content=\"article\" \/>\n<meta property=\"og:title\" content=\"Dan samostojnosti in enotnosti : Travel-Slovenia\" \/>\n<meta property=\"og:description\" content=\"26. decembra v Sloveniji praznujemo dan samostojnosti in enotnosti. Dan obele\u017euje razglasitev plebiscita o samostojnosti leta 1990.\" \/>\n<meta property=\"og:url\" content=\"https:\/\/www.travel-slovenia.si\/slo\/dan-samostojnosti-enotnosti\/\" \/>\n<meta property=\"og:site_name\" content=\"Travel Slovenia - Sledite lepotam na\u0161e male dr\u017eavice\" \/>\n<meta property=\"og:image\" content=\"https:\/\/www.travel-slovenia.si\/slo\/wp-content\/uploads\/2016\/12\/travel-slovenia-dan-samostojnosti-in-enotnosti.jpg\" \/>\n\t<meta property=\"og:image:width\" content=\"400\" \/>\n\t<meta property=\"og:image:height\" content=\"225\" \/>\n\t<meta property=\"og:image:type\" content=\"image\/jpeg\" \/>\n<meta name=\"twitter:card\" content=\"summary_large_image\" \/>\n<meta name=\"twitter:title\" content=\"Dan samostojnosti in enotnosti : Travel-Slovenia\" \/>\n<meta name=\"twitter:description\" content=\"26. decembra v Sloveniji praznujemo dan samostojnosti in enotnosti. Dan obele\u017euje razglasitev plebiscita o samostojnosti leta 1990.\" \/>\n<meta name=\"twitter:image\" content=\"https:\/\/www.travel-slovenia.si\/slo\/wp-content\/uploads\/2016\/12\/travel-slovenia-dan-samostojnosti-in-enotnosti.jpg\" \/>\n<meta name=\"twitter:label1\" content=\"Est. reading time\" \/>\n\t<meta name=\"twitter:data1\" content=\"1 minuta\" \/>\n<script type=\"application\/ld+json\" class=\"yoast-schema-graph\">{\"@context\":\"https:\/\/schema.org\",\"@graph\":[{\"@type\":\"WebPage\",\"@id\":\"https:\/\/www.travel-slovenia.si\/slo\/dan-samostojnosti-enotnosti\/\",\"url\":\"https:\/\/www.travel-slovenia.si\/slo\/dan-samostojnosti-enotnosti\/\",\"name\":\"Dan samostojnosti in enotnosti : Travel-Slovenia\",\"isPartOf\":{\"@id\":\"https:\/\/www.travel-slovenia.si\/slo\/#website\"},\"primaryImageOfPage\":{\"@id\":\"https:\/\/www.travel-slovenia.si\/slo\/dan-samostojnosti-enotnosti\/#primaryimage\"},\"image\":{\"@id\":\"https:\/\/www.travel-slovenia.si\/slo\/dan-samostojnosti-enotnosti\/#primaryimage\"},\"thumbnailUrl\":\"https:\/\/www.travel-slovenia.si\/slo\/wp-content\/uploads\/2016\/12\/travel-slovenia-dan-samostojnosti-in-enotnosti-300x169.jpg\",\"datePublished\":\"2016-12-18T14:33:45+00:00\",\"description\":\"26. decembra v Sloveniji praznujemo dan samostojnosti in enotnosti. Dan obele\u017euje razglasitev plebiscita o samostojnosti leta 1990.\",\"breadcrumb\":{\"@id\":\"https:\/\/www.travel-slovenia.si\/slo\/dan-samostojnosti-enotnosti\/#breadcrumb\"},\"inLanguage\":\"sl-SI\",\"potentialAction\":[{\"@type\":\"ReadAction\",\"target\":[\"https:\/\/www.travel-slovenia.si\/slo\/dan-samostojnosti-enotnosti\/\"]}]},{\"@type\":\"ImageObject\",\"inLanguage\":\"sl-SI\",\"@id\":\"https:\/\/www.travel-slovenia.si\/slo\/dan-samostojnosti-enotnosti\/#primaryimage\",\"url\":\"https:\/\/www.travel-slovenia.si\/slo\/wp-content\/uploads\/2016\/12\/travel-slovenia-dan-samostojnosti-in-enotnosti.jpg\",\"contentUrl\":\"https:\/\/www.travel-slovenia.si\/slo\/wp-content\/uploads\/2016\/12\/travel-slovenia-dan-samostojnosti-in-enotnosti.jpg\",\"width\":400,\"height\":225},{\"@type\":\"BreadcrumbList\",\"@id\":\"https:\/\/www.travel-slovenia.si\/slo\/dan-samostojnosti-enotnosti\/#breadcrumb\",\"itemListElement\":[{\"@type\":\"ListItem\",\"position\":1,\"name\":\"Home\",\"item\":\"https:\/\/www.travel-slovenia.si\/slo\/\"},{\"@type\":\"ListItem\",\"position\":2,\"name\":\"Dan samostojnosti in enotnosti\"}]},{\"@type\":\"WebSite\",\"@id\":\"https:\/\/www.travel-slovenia.si\/slo\/#website\",\"url\":\"https:\/\/www.travel-slovenia.si\/slo\/\",\"name\":\"Travel Slovenia - Sledite lepotam na\u0161e male dr\u017eavice\",\"description\":\"\",\"potentialAction\":[{\"@type\":\"SearchAction\",\"target\":{\"@type\":\"EntryPoint\",\"urlTemplate\":\"https:\/\/www.travel-slovenia.si\/slo\/?s={search_term_string}\"},\"query-input\":{\"@type\":\"PropertyValueSpecification\",\"valueRequired\":true,\"valueName\":\"search_term_string\"}}],\"inLanguage\":\"sl-SI\"}]}<\/script>\n<!-- \/ Yoast SEO plugin. -->","yoast_head_json":{"title":"Dan samostojnosti in enotnosti : Travel-Slovenia","description":"26. decembra v Sloveniji praznujemo dan samostojnosti in enotnosti. Dan obele\u017euje razglasitev plebiscita o samostojnosti leta 1990.","robots":{"index":"index","follow":"follow","max-snippet":"max-snippet:-1","max-image-preview":"max-image-preview:large","max-video-preview":"max-video-preview:-1"},"canonical":"https:\/\/www.travel-slovenia.si\/slo\/dan-samostojnosti-enotnosti\/","og_locale":"sl_SI","og_type":"article","og_title":"Dan samostojnosti in enotnosti : Travel-Slovenia","og_description":"26. decembra v Sloveniji praznujemo dan samostojnosti in enotnosti. Dan obele\u017euje razglasitev plebiscita o samostojnosti leta 1990.","og_url":"https:\/\/www.travel-slovenia.si\/slo\/dan-samostojnosti-enotnosti\/","og_site_name":"Travel Slovenia - Sledite lepotam na\u0161e male dr\u017eavice","og_image":[{"width":400,"height":225,"url":"https:\/\/www.travel-slovenia.si\/slo\/wp-content\/uploads\/2016\/12\/travel-slovenia-dan-samostojnosti-in-enotnosti.jpg","type":"image\/jpeg"}],"twitter_card":"summary_large_image","twitter_title":"Dan samostojnosti in enotnosti : Travel-Slovenia","twitter_description":"26. decembra v Sloveniji praznujemo dan samostojnosti in enotnosti. Dan obele\u017euje razglasitev plebiscita o samostojnosti leta 1990.","twitter_image":"https:\/\/www.travel-slovenia.si\/slo\/wp-content\/uploads\/2016\/12\/travel-slovenia-dan-samostojnosti-in-enotnosti.jpg","twitter_misc":{"Est. reading time":"1 minuta"},"schema":{"@context":"https:\/\/schema.org","@graph":[{"@type":"WebPage","@id":"https:\/\/www.travel-slovenia.si\/slo\/dan-samostojnosti-enotnosti\/","url":"https:\/\/www.travel-slovenia.si\/slo\/dan-samostojnosti-enotnosti\/","name":"Dan samostojnosti in enotnosti : Travel-Slovenia","isPartOf":{"@id":"https:\/\/www.travel-slovenia.si\/slo\/#website"},"primaryImageOfPage":{"@id":"https:\/\/www.travel-slovenia.si\/slo\/dan-samostojnosti-enotnosti\/#primaryimage"},"image":{"@id":"https:\/\/www.travel-slovenia.si\/slo\/dan-samostojnosti-enotnosti\/#primaryimage"},"thumbnailUrl":"https:\/\/www.travel-slovenia.si\/slo\/wp-content\/uploads\/2016\/12\/travel-slovenia-dan-samostojnosti-in-enotnosti-300x169.jpg","datePublished":"2016-12-18T14:33:45+00:00","description":"26. decembra v Sloveniji praznujemo dan samostojnosti in enotnosti. Dan obele\u017euje razglasitev plebiscita o samostojnosti leta 1990.","breadcrumb":{"@id":"https:\/\/www.travel-slovenia.si\/slo\/dan-samostojnosti-enotnosti\/#breadcrumb"},"inLanguage":"sl-SI","potentialAction":[{"@type":"ReadAction","target":["https:\/\/www.travel-slovenia.si\/slo\/dan-samostojnosti-enotnosti\/"]}]},{"@type":"ImageObject","inLanguage":"sl-SI","@id":"https:\/\/www.travel-slovenia.si\/slo\/dan-samostojnosti-enotnosti\/#primaryimage","url":"https:\/\/www.travel-slovenia.si\/slo\/wp-content\/uploads\/2016\/12\/travel-slovenia-dan-samostojnosti-in-enotnosti.jpg","contentUrl":"https:\/\/www.travel-slovenia.si\/slo\/wp-content\/uploads\/2016\/12\/travel-slovenia-dan-samostojnosti-in-enotnosti.jpg","width":400,"height":225},{"@type":"BreadcrumbList","@id":"https:\/\/www.travel-slovenia.si\/slo\/dan-samostojnosti-enotnosti\/#breadcrumb","itemListElement":[{"@type":"ListItem","position":1,"name":"Home","item":"https:\/\/www.travel-slovenia.si\/slo\/"},{"@type":"ListItem","position":2,"name":"Dan samostojnosti in enotnosti"}]},{"@type":"WebSite","@id":"https:\/\/www.travel-slovenia.si\/slo\/#website","url":"https:\/\/www.travel-slovenia.si\/slo\/","name":"Travel Slovenia - Sledite lepotam na\u0161e male dr\u017eavice","description":"","potentialAction":[{"@type":"SearchAction","target":{"@type":"EntryPoint","urlTemplate":"https:\/\/www.travel-slovenia.si\/slo\/?s={search_term_string}"},"query-input":{"@type":"PropertyValueSpecification","valueRequired":true,"valueName":"search_term_string"}}],"inLanguage":"sl-SI"}]}},"post_mailing_queue_ids":[],"_links":{"self":[{"href":"https:\/\/www.travel-slovenia.si\/slo\/wp-json\/wp\/v2\/pages\/6225","targetHints":{"allow":["GET"]}}],"collection":[{"href":"https:\/\/www.travel-slovenia.si\/slo\/wp-json\/wp\/v2\/pages"}],"about":[{"href":"https:\/\/www.travel-slovenia.si\/slo\/wp-json\/wp\/v2\/types\/page"}],"author":[{"embeddable":true,"href":"https:\/\/www.travel-slovenia.si\/slo\/wp-json\/wp\/v2\/users\/111"}],"replies":[{"embeddable":true,"href":"https:\/\/www.travel-slovenia.si\/slo\/wp-json\/wp\/v2\/comments?post=6225"}],"version-history":[{"count":1,"href":"https:\/\/www.travel-slovenia.si\/slo\/wp-json\/wp\/v2\/pages\/6225\/revisions"}],"predecessor-version":[{"id":6229,"href":"https:\/\/www.travel-slovenia.si\/slo\/wp-json\/wp\/v2\/pages\/6225\/revisions\/6229"}],"wp:attachment":[{"href":"https:\/\/www.travel-slovenia.si\/slo\/wp-json\/wp\/v2\/media?parent=6225"}],"curies":[{"name":"wp","href":"https:\/\/api.w.org\/{rel}","templated":true}]}}