{"id":5963,"date":"2016-10-13T09:57:06","date_gmt":"2016-10-13T07:57:06","guid":{"rendered":"https:\/\/www.travel-slovenia.si\/slo\/?page_id=5963"},"modified":"2016-10-13T09:57:06","modified_gmt":"2016-10-13T07:57:06","slug":"19-oktober","status":"publish","type":"page","link":"https:\/\/www.travel-slovenia.si\/slo\/19-oktober\/","title":{"rendered":"19. oktober"},"content":{"rendered":"<p style=\"text-align: justify;\"><img loading=\"lazy\" decoding=\"async\" class=\"alignleft size-full wp-image-5966\" src=\"https:\/\/www.travel-slovenia.si\/slo\/wp-content\/uploads\/2016\/10\/travel-slovenia-nusa-tome-babnik-post.jpg\" alt=\"travel-slovenia-nusa-tome-babnik-post\" width=\"150\" height=\"150\" srcset=\"https:\/\/www.travel-slovenia.si\/slo\/wp-content\/uploads\/2016\/10\/travel-slovenia-nusa-tome-babnik-post.jpg 150w, https:\/\/www.travel-slovenia.si\/slo\/wp-content\/uploads\/2016\/10\/travel-slovenia-nusa-tome-babnik-post-83x83.jpg 83w, https:\/\/www.travel-slovenia.si\/slo\/wp-content\/uploads\/2016\/10\/travel-slovenia-nusa-tome-babnik-post-55x55.jpg 55w, https:\/\/www.travel-slovenia.si\/slo\/wp-content\/uploads\/2016\/10\/travel-slovenia-nusa-tome-babnik-post-24x24.jpg 24w, https:\/\/www.travel-slovenia.si\/slo\/wp-content\/uploads\/2016\/10\/travel-slovenia-nusa-tome-babnik-post-36x36.jpg 36w, https:\/\/www.travel-slovenia.si\/slo\/wp-content\/uploads\/2016\/10\/travel-slovenia-nusa-tome-babnik-post-48x48.jpg 48w\" sizes=\"auto, (max-width: 150px) 100vw, 150px\" \/><em><strong>Nu\u0161a Tome-Babnik<\/strong><\/em><br \/>\nNa dana\u0161nji dan leta 1960 se je rodila slovenska alpska smu\u010darka Nu\u0161a Tome-Babnik, umrla je 10. novembra 2015. Za Jugoslavijo je nastopila na Zimskih olimpijskih igrah leta 1980 v Lake Placidu. Nastopila je v veleslalomu in slalomu. V kategoriji veleslaloma je osvojila 22. mesto. [<a href=\"https:\/\/www.travel-slovenia.si\/slo\/nusa-tome-babnik\/\">_Preberite ve\u010d_<\/a>]\n","protected":false},"excerpt":{"rendered":"<p>Nu\u0161a Tome-Babnik Na dana\u0161nji dan leta 1960 se je rodila slovenska alpska smu\u010darka Nu\u0161a Tome-Babnik, umrla je 10. novembra 2015. Za Jugoslavijo je nastopila na Zimskih olimpijskih igrah leta 1980 v Lake Placidu. Nastopila je v veleslalomu in slalomu. V kategoriji veleslaloma je osvojila 22. mesto. [_Preberite ve\u010d_]<\/p>\n","protected":false},"author":111,"featured_media":0,"parent":0,"menu_order":0,"comment_status":"closed","ping_status":"closed","template":"","meta":{"footnotes":""},"class_list":["post-5963","page","type-page","status-publish","hentry"],"yoast_head":"<!-- This site is optimized with the Yoast SEO plugin v25.4 - https:\/\/yoast.com\/wordpress\/plugins\/seo\/ -->\n<title>19. oktober : Travel-Slovenia<\/title>\n<meta name=\"description\" content=\"Pretekli dogodki, ki so se zgodili na datum 19. okrobra in so v dolo\u010deni meri zaznamovali Slovenijo.\" \/>\n<meta name=\"robots\" content=\"index, follow, max-snippet:-1, max-image-preview:large, max-video-preview:-1\" \/>\n<link rel=\"canonical\" href=\"https:\/\/www.travel-slovenia.si\/slo\/19-oktober\/\" \/>\n<meta property=\"og:locale\" content=\"sl_SI\" \/>\n<meta property=\"og:type\" content=\"article\" \/>\n<meta property=\"og:title\" content=\"19. oktober : Travel-Slovenia\" \/>\n<meta property=\"og:description\" content=\"Pretekli dogodki, ki so se zgodili na datum 19. okrobra in so v dolo\u010deni meri zaznamovali Slovenijo.\" \/>\n<meta property=\"og:url\" content=\"https:\/\/www.travel-slovenia.si\/slo\/19-oktober\/\" \/>\n<meta property=\"og:site_name\" content=\"Travel Slovenia - Sledite lepotam na\u0161e male dr\u017eavice\" \/>\n<meta property=\"og:image\" content=\"https:\/\/www.travel-slovenia.si\/slo\/wp-content\/uploads\/2016\/10\/travel-slovenia-nusa-tome-babnik.jpg\" \/>\n\t<meta property=\"og:image:width\" content=\"400\" \/>\n\t<meta property=\"og:image:height\" content=\"378\" \/>\n\t<meta property=\"og:image:type\" content=\"image\/jpeg\" \/>\n<meta name=\"twitter:card\" content=\"summary_large_image\" \/>\n<meta name=\"twitter:title\" content=\"19. oktober : Travel-Slovenia\" \/>\n<meta name=\"twitter:description\" content=\"Pretekli dogodki, ki so se zgodili na datum 19. okrobra in so v dolo\u010deni meri zaznamovali Slovenijo.\" \/>\n<meta name=\"twitter:image\" content=\"https:\/\/www.travel-slovenia.si\/slo\/wp-content\/uploads\/2016\/10\/travel-slovenia-nusa-tome-babnik.jpg\" \/>\n<script type=\"application\/ld+json\" class=\"yoast-schema-graph\">{\"@context\":\"https:\/\/schema.org\",\"@graph\":[{\"@type\":\"WebPage\",\"@id\":\"https:\/\/www.travel-slovenia.si\/slo\/19-oktober\/\",\"url\":\"https:\/\/www.travel-slovenia.si\/slo\/19-oktober\/\",\"name\":\"19. oktober : Travel-Slovenia\",\"isPartOf\":{\"@id\":\"https:\/\/www.travel-slovenia.si\/slo\/#website\"},\"primaryImageOfPage\":{\"@id\":\"https:\/\/www.travel-slovenia.si\/slo\/19-oktober\/#primaryimage\"},\"image\":{\"@id\":\"https:\/\/www.travel-slovenia.si\/slo\/19-oktober\/#primaryimage\"},\"thumbnailUrl\":\"https:\/\/www.travel-slovenia.si\/slo\/wp-content\/uploads\/2016\/10\/travel-slovenia-nusa-tome-babnik-post.jpg\",\"datePublished\":\"2016-10-13T07:57:06+00:00\",\"description\":\"Pretekli dogodki, ki so se zgodili na datum 19. okrobra in so v dolo\u010deni meri zaznamovali Slovenijo.\",\"breadcrumb\":{\"@id\":\"https:\/\/www.travel-slovenia.si\/slo\/19-oktober\/#breadcrumb\"},\"inLanguage\":\"sl-SI\",\"potentialAction\":[{\"@type\":\"ReadAction\",\"target\":[\"https:\/\/www.travel-slovenia.si\/slo\/19-oktober\/\"]}]},{\"@type\":\"ImageObject\",\"inLanguage\":\"sl-SI\",\"@id\":\"https:\/\/www.travel-slovenia.si\/slo\/19-oktober\/#primaryimage\",\"url\":\"https:\/\/www.travel-slovenia.si\/slo\/wp-content\/uploads\/2016\/10\/travel-slovenia-nusa-tome-babnik-post.jpg\",\"contentUrl\":\"https:\/\/www.travel-slovenia.si\/slo\/wp-content\/uploads\/2016\/10\/travel-slovenia-nusa-tome-babnik-post.jpg\",\"width\":150,\"height\":150},{\"@type\":\"BreadcrumbList\",\"@id\":\"https:\/\/www.travel-slovenia.si\/slo\/19-oktober\/#breadcrumb\",\"itemListElement\":[{\"@type\":\"ListItem\",\"position\":1,\"name\":\"Home\",\"item\":\"https:\/\/www.travel-slovenia.si\/slo\/\"},{\"@type\":\"ListItem\",\"position\":2,\"name\":\"19. oktober\"}]},{\"@type\":\"WebSite\",\"@id\":\"https:\/\/www.travel-slovenia.si\/slo\/#website\",\"url\":\"https:\/\/www.travel-slovenia.si\/slo\/\",\"name\":\"Travel Slovenia - Sledite lepotam na\u0161e male dr\u017eavice\",\"description\":\"\",\"potentialAction\":[{\"@type\":\"SearchAction\",\"target\":{\"@type\":\"EntryPoint\",\"urlTemplate\":\"https:\/\/www.travel-slovenia.si\/slo\/?s={search_term_string}\"},\"query-input\":{\"@type\":\"PropertyValueSpecification\",\"valueRequired\":true,\"valueName\":\"search_term_string\"}}],\"inLanguage\":\"sl-SI\"}]}<\/script>\n<!-- \/ Yoast SEO plugin. -->","yoast_head_json":{"title":"19. oktober : Travel-Slovenia","description":"Pretekli dogodki, ki so se zgodili na datum 19. okrobra in so v dolo\u010deni meri zaznamovali Slovenijo.","robots":{"index":"index","follow":"follow","max-snippet":"max-snippet:-1","max-image-preview":"max-image-preview:large","max-video-preview":"max-video-preview:-1"},"canonical":"https:\/\/www.travel-slovenia.si\/slo\/19-oktober\/","og_locale":"sl_SI","og_type":"article","og_title":"19. oktober : Travel-Slovenia","og_description":"Pretekli dogodki, ki so se zgodili na datum 19. okrobra in so v dolo\u010deni meri zaznamovali Slovenijo.","og_url":"https:\/\/www.travel-slovenia.si\/slo\/19-oktober\/","og_site_name":"Travel Slovenia - Sledite lepotam na\u0161e male dr\u017eavice","og_image":[{"width":400,"height":378,"url":"https:\/\/www.travel-slovenia.si\/slo\/wp-content\/uploads\/2016\/10\/travel-slovenia-nusa-tome-babnik.jpg","type":"image\/jpeg"}],"twitter_card":"summary_large_image","twitter_title":"19. oktober : Travel-Slovenia","twitter_description":"Pretekli dogodki, ki so se zgodili na datum 19. okrobra in so v dolo\u010deni meri zaznamovali Slovenijo.","twitter_image":"https:\/\/www.travel-slovenia.si\/slo\/wp-content\/uploads\/2016\/10\/travel-slovenia-nusa-tome-babnik.jpg","schema":{"@context":"https:\/\/schema.org","@graph":[{"@type":"WebPage","@id":"https:\/\/www.travel-slovenia.si\/slo\/19-oktober\/","url":"https:\/\/www.travel-slovenia.si\/slo\/19-oktober\/","name":"19. oktober : Travel-Slovenia","isPartOf":{"@id":"https:\/\/www.travel-slovenia.si\/slo\/#website"},"primaryImageOfPage":{"@id":"https:\/\/www.travel-slovenia.si\/slo\/19-oktober\/#primaryimage"},"image":{"@id":"https:\/\/www.travel-slovenia.si\/slo\/19-oktober\/#primaryimage"},"thumbnailUrl":"https:\/\/www.travel-slovenia.si\/slo\/wp-content\/uploads\/2016\/10\/travel-slovenia-nusa-tome-babnik-post.jpg","datePublished":"2016-10-13T07:57:06+00:00","description":"Pretekli dogodki, ki so se zgodili na datum 19. okrobra in so v dolo\u010deni meri zaznamovali Slovenijo.","breadcrumb":{"@id":"https:\/\/www.travel-slovenia.si\/slo\/19-oktober\/#breadcrumb"},"inLanguage":"sl-SI","potentialAction":[{"@type":"ReadAction","target":["https:\/\/www.travel-slovenia.si\/slo\/19-oktober\/"]}]},{"@type":"ImageObject","inLanguage":"sl-SI","@id":"https:\/\/www.travel-slovenia.si\/slo\/19-oktober\/#primaryimage","url":"https:\/\/www.travel-slovenia.si\/slo\/wp-content\/uploads\/2016\/10\/travel-slovenia-nusa-tome-babnik-post.jpg","contentUrl":"https:\/\/www.travel-slovenia.si\/slo\/wp-content\/uploads\/2016\/10\/travel-slovenia-nusa-tome-babnik-post.jpg","width":150,"height":150},{"@type":"BreadcrumbList","@id":"https:\/\/www.travel-slovenia.si\/slo\/19-oktober\/#breadcrumb","itemListElement":[{"@type":"ListItem","position":1,"name":"Home","item":"https:\/\/www.travel-slovenia.si\/slo\/"},{"@type":"ListItem","position":2,"name":"19. oktober"}]},{"@type":"WebSite","@id":"https:\/\/www.travel-slovenia.si\/slo\/#website","url":"https:\/\/www.travel-slovenia.si\/slo\/","name":"Travel Slovenia - Sledite lepotam na\u0161e male dr\u017eavice","description":"","potentialAction":[{"@type":"SearchAction","target":{"@type":"EntryPoint","urlTemplate":"https:\/\/www.travel-slovenia.si\/slo\/?s={search_term_string}"},"query-input":{"@type":"PropertyValueSpecification","valueRequired":true,"valueName":"search_term_string"}}],"inLanguage":"sl-SI"}]}},"post_mailing_queue_ids":[],"_links":{"self":[{"href":"https:\/\/www.travel-slovenia.si\/slo\/wp-json\/wp\/v2\/pages\/5963","targetHints":{"allow":["GET"]}}],"collection":[{"href":"https:\/\/www.travel-slovenia.si\/slo\/wp-json\/wp\/v2\/pages"}],"about":[{"href":"https:\/\/www.travel-slovenia.si\/slo\/wp-json\/wp\/v2\/types\/page"}],"author":[{"embeddable":true,"href":"https:\/\/www.travel-slovenia.si\/slo\/wp-json\/wp\/v2\/users\/111"}],"replies":[{"embeddable":true,"href":"https:\/\/www.travel-slovenia.si\/slo\/wp-json\/wp\/v2\/comments?post=5963"}],"version-history":[{"count":1,"href":"https:\/\/www.travel-slovenia.si\/slo\/wp-json\/wp\/v2\/pages\/5963\/revisions"}],"predecessor-version":[{"id":5969,"href":"https:\/\/www.travel-slovenia.si\/slo\/wp-json\/wp\/v2\/pages\/5963\/revisions\/5969"}],"wp:attachment":[{"href":"https:\/\/www.travel-slovenia.si\/slo\/wp-json\/wp\/v2\/media?parent=5963"}],"curies":[{"name":"wp","href":"https:\/\/api.w.org\/{rel}","templated":true}]}}