{"id":5930,"date":"2016-10-04T21:08:04","date_gmt":"2016-10-04T19:08:04","guid":{"rendered":"https:\/\/www.travel-slovenia.si\/slo\/?page_id=5930"},"modified":"2016-10-04T21:08:04","modified_gmt":"2016-10-04T19:08:04","slug":"londonski-memorandum","status":"publish","type":"page","link":"https:\/\/www.travel-slovenia.si\/slo\/londonski-memorandum\/","title":{"rendered":"Londonski memorandum"},"content":{"rendered":"<figure id=\"attachment_5931\" class=\"wp-caption alignleft\" style=\"max-width: 300px\"><a href=\"https:\/\/www.travel-slovenia.si\/slo\/wp-content\/uploads\/2016\/10\/travel-slovenia-londonski-memorandum.jpg\"><img loading=\"lazy\" decoding=\"async\" class=\"wp-image-5931\" src=\"https:\/\/www.travel-slovenia.si\/slo\/wp-content\/uploads\/2016\/10\/travel-slovenia-londonski-memorandum.jpg\" alt=\"travel-slovenia-londonski-memorandum\" width=\"300\" height=\"388\" srcset=\"https:\/\/www.travel-slovenia.si\/slo\/wp-content\/uploads\/2016\/10\/travel-slovenia-londonski-memorandum.jpg 612w, https:\/\/www.travel-slovenia.si\/slo\/wp-content\/uploads\/2016\/10\/travel-slovenia-londonski-memorandum-232x300.jpg 232w, https:\/\/www.travel-slovenia.si\/slo\/wp-content\/uploads\/2016\/10\/travel-slovenia-londonski-memorandum-19x24.jpg 19w, https:\/\/www.travel-slovenia.si\/slo\/wp-content\/uploads\/2016\/10\/travel-slovenia-londonski-memorandum-28x36.jpg 28w, https:\/\/www.travel-slovenia.si\/slo\/wp-content\/uploads\/2016\/10\/travel-slovenia-londonski-memorandum-37x48.jpg 37w\" sizes=\"auto, (max-width: 300px) 100vw, 300px\" \/><\/a><figcaption class=\"wp-caption-text\">Zemljevid Svobodnega tr\u017ea\u0161kega ozemlja<\/figcaption><\/figure>\n<p style=\"text-align: justify;\">Na dan 5. oktobra 1954 so v Londonu zastopniki Jugoslavije, Italije, ZDA in Zdru\u017eenega kraljestva podpisali mednarodni dogovor, Londonski memorandum (tudi Londonski sporazum, Memorandum o soglasju ali Drugi londonski sporazum). S podpisom so za\u010dasno uredili neurejeno vpra\u0161anje razmejitvene \u010drte med takratno Jugoslavijo in Italijo. Vpra\u0161anje meje je bilo odprto od zaklju\u010dka vojnih operacij 2. svetovne vojne v slovenski Istri in okolici Trsta.<\/p>\n<p style=\"text-align: justify;\">S sporazumom je voja\u0161ka uprava v conah A in B Svobodnega tr\u017ea\u0161kega ozemlja ali STO pre\u0161la iz za\u010dasne civilne\/voja\u0161ke uprave na civilne ustanove. Z memorandumom so dolo\u010dili da:<br \/>\n<em>&#8211; se italijanska civilna uprava raz\u0161iri na ve\u010dino ozemlja cone A, iz nje se umakne angle\u0161ko-ameri\u0161ka vojska<\/em><br \/>\n<em>&#8211; se jugoslovanska civilna uprava raz\u0161iri na celotno cono B, katero je zasedala jugoslovanska vojska vse od umika iz Trsta 12. junija 1945, s tem se pove\u010da dvesto metrski pas na ju\u017enem delu cone A.<\/em><\/p>\n<p style=\"text-align: justify;\">S sporazumom je Slovenija ponovno pridobila obmo\u010dje, ki je pred 2. svetovno vojno spadalo pod italijansko oblast, s tem pa tudi svoboden izhod na morje in del svojega obalnega ozemlja.<\/p>\n<p style=\"text-align: justify;\">Sporazum je bil sestavljen iz devetih \u010dlenov z dodatki, z njimi pa so re\u0161ili nekatera temeljna vpra\u0161anja:<br \/>\n<em>&#8211; razdelitev STO<\/em><br \/>\n<em>&#8211; za\u0161\u010dito narodnostnih manj\u0161ih obeh strani<\/em><br \/>\n<em>&#8211; obljubo po svobodnem pristani\u0161\u010du za zaledje (Trst), kar je bilo zelo pomembno, ker na tem obmo\u010dju ni bilo drugega mednarodnega pristani\u0161\u010da. Pristani\u0161\u010de Koper je s svojo \u0161iritvijo pri\u010delo \u0161ele po podpisu Londonskega sporazuma, po spoznanju, da je Trst izgubljen.<\/em><\/p>\n<p style=\"text-align: justify;\">Pomemben del memoranduma je statut, ki je uredil narodnostne pravice manj\u0161in na obmo\u010djih, kjer se je raz\u0161irila italijanska ali jugoslovanska civilna uprava. Gre ga mednarodni dokument, ki je uredil za\u0161\u010dito slovenske manj\u0161ine v Italiji, a samo za obmo\u010dje cone A. Takratna Federativna ljudska republika Jugoslavija je sporazum sprejela 25. oktobra 1954, italijanski parlament ga ni ratificiral.<\/p>\n<p style=\"text-align: justify;\">Dokon\u010dno pa so vpra\u0161anja z Italijo in Jugoslavijo re\u0161ili z Osimskim sporazumom, ki so ga podpisali leta 1975 v Osimu blizu Ancone. Ratifikacijske listine pa so si izmenjali \u0161ele leta 1977. Z osamosvojitvijo leta 1992 je Slovenija naslednica Jugoslavije v teh sporazumih.<\/p>\n<p>&nbsp;<\/p>\n<table>\n<tbody>\n<tr>\n<td style=\"text-align: center;\"><a href=\"https:\/\/www.travel-slovenia.si\/slo\/na-danasnji-dan\/\"><img loading=\"lazy\" decoding=\"async\" class=\"alignleft wp-image-4499 size-full\" src=\"https:\/\/www.travel-slovenia.si\/slo\/wp-content\/uploads\/2014\/09\/travel-slovenia-povezava-na-drugo.jpg\" alt=\"travel-slovenia-povezava-na-drugo\" width=\"128\" height=\"22\" srcset=\"https:\/\/www.travel-slovenia.si\/slo\/wp-content\/uploads\/2014\/09\/travel-slovenia-povezava-na-drugo.jpg 128w, https:\/\/www.travel-slovenia.si\/slo\/wp-content\/uploads\/2014\/09\/travel-slovenia-povezava-na-drugo-24x4.jpg 24w, https:\/\/www.travel-slovenia.si\/slo\/wp-content\/uploads\/2014\/09\/travel-slovenia-povezava-na-drugo-36x6.jpg 36w, https:\/\/www.travel-slovenia.si\/slo\/wp-content\/uploads\/2014\/09\/travel-slovenia-povezava-na-drugo-48x8.jpg 48w\" sizes=\"auto, (max-width: 128px) 100vw, 128px\" \/><\/a><a href=\"https:\/\/www.travel-slovenia.si\/slo\/na-danasnji-dan\/\">Poglejte \u0161e druge zgodovinske dogodke!<\/a><a href=\"https:\/\/www.travel-slovenia.si\/slo\/na-danasnji-dan\/\"><img loading=\"lazy\" decoding=\"async\" class=\"alignright wp-image-4500 size-full\" src=\"https:\/\/www.travel-slovenia.si\/slo\/wp-content\/uploads\/2014\/09\/travel-slovenia-povezava-na-drugo2.jpg\" alt=\"travel-slovenia-povezava-na-drugo2\" width=\"128\" height=\"22\" srcset=\"https:\/\/www.travel-slovenia.si\/slo\/wp-content\/uploads\/2014\/09\/travel-slovenia-povezava-na-drugo2.jpg 128w, https:\/\/www.travel-slovenia.si\/slo\/wp-content\/uploads\/2014\/09\/travel-slovenia-povezava-na-drugo2-24x4.jpg 24w, https:\/\/www.travel-slovenia.si\/slo\/wp-content\/uploads\/2014\/09\/travel-slovenia-povezava-na-drugo2-36x6.jpg 36w, https:\/\/www.travel-slovenia.si\/slo\/wp-content\/uploads\/2014\/09\/travel-slovenia-povezava-na-drugo2-48x8.jpg 48w\" sizes=\"auto, (max-width: 128px) 100vw, 128px\" \/><\/a><\/td>\n<\/tr>\n<\/tbody>\n<\/table>\n<p>&nbsp;<\/p>\n","protected":false},"excerpt":{"rendered":"<p>Na dan 5. oktobra 1954 so v Londonu zastopniki Jugoslavije, Italije, ZDA in Zdru\u017eenega kraljestva podpisali mednarodni dogovor, Londonski memorandum (tudi Londonski sporazum, Memorandum o soglasju ali Drugi londonski sporazum). S podpisom so za\u010dasno uredili neurejeno vpra\u0161anje razmejitvene \u010drte med takratno Jugoslavijo in Italijo. Vpra\u0161anje meje je bilo odprto od zaklju\u010dka vojnih operacij 2. svetovne [&hellip;]<\/p>\n","protected":false},"author":111,"featured_media":0,"parent":0,"menu_order":0,"comment_status":"closed","ping_status":"closed","template":"","meta":{"footnotes":""},"class_list":["post-5930","page","type-page","status-publish","hentry"],"yoast_head":"<!-- This site is optimized with the Yoast SEO plugin v25.4 - https:\/\/yoast.com\/wordpress\/plugins\/seo\/ -->\n<title>Londonski memorandum : Travel-Slovenia<\/title>\n<meta name=\"description\" content=\"Na dan 5. oktobra 1954 so v Londonu zastopniki Jugoslavije, Italije, ZDA in Zdru\u017eenega kraljestva podpisali mednarodni dogovor, Londonski memorandum.\" \/>\n<meta name=\"robots\" content=\"index, follow, max-snippet:-1, max-image-preview:large, max-video-preview:-1\" \/>\n<link rel=\"canonical\" href=\"https:\/\/www.travel-slovenia.si\/slo\/londonski-memorandum\/\" \/>\n<meta property=\"og:locale\" content=\"sl_SI\" \/>\n<meta property=\"og:type\" content=\"article\" \/>\n<meta property=\"og:title\" content=\"Londonski memorandum : Travel-Slovenia\" \/>\n<meta property=\"og:description\" content=\"Na dan 5. oktobra 1954 so v Londonu zastopniki Jugoslavije, Italije, ZDA in Zdru\u017eenega kraljestva podpisali mednarodni dogovor, Londonski memorandum.\" \/>\n<meta property=\"og:url\" content=\"https:\/\/www.travel-slovenia.si\/slo\/londonski-memorandum\/\" \/>\n<meta property=\"og:site_name\" content=\"Travel Slovenia - Sledite lepotam na\u0161e male dr\u017eavice\" \/>\n<meta property=\"og:image\" content=\"https:\/\/www.travel-slovenia.si\/slo\/wp-content\/uploads\/2016\/10\/travel-slovenia-londonski-memorandum.jpg\" \/>\n\t<meta property=\"og:image:width\" content=\"612\" \/>\n\t<meta property=\"og:image:height\" content=\"792\" \/>\n\t<meta property=\"og:image:type\" content=\"image\/jpeg\" \/>\n<meta name=\"twitter:card\" content=\"summary_large_image\" \/>\n<meta name=\"twitter:title\" content=\"Londonski memorandum : Travel-Slovenia\" \/>\n<meta name=\"twitter:description\" content=\"Na dan 5. oktobra 1954 so v Londonu zastopniki Jugoslavije, Italije, ZDA in Zdru\u017eenega kraljestva podpisali mednarodni dogovor, Londonski memorandum.\" \/>\n<meta name=\"twitter:image\" content=\"https:\/\/www.travel-slovenia.si\/slo\/wp-content\/uploads\/2016\/10\/travel-slovenia-londonski-memorandum.jpg\" \/>\n<meta name=\"twitter:label1\" content=\"Est. reading time\" \/>\n\t<meta name=\"twitter:data1\" content=\"2 minuti\" \/>\n<script type=\"application\/ld+json\" class=\"yoast-schema-graph\">{\"@context\":\"https:\/\/schema.org\",\"@graph\":[{\"@type\":\"WebPage\",\"@id\":\"https:\/\/www.travel-slovenia.si\/slo\/londonski-memorandum\/\",\"url\":\"https:\/\/www.travel-slovenia.si\/slo\/londonski-memorandum\/\",\"name\":\"Londonski memorandum : Travel-Slovenia\",\"isPartOf\":{\"@id\":\"https:\/\/www.travel-slovenia.si\/slo\/#website\"},\"primaryImageOfPage\":{\"@id\":\"https:\/\/www.travel-slovenia.si\/slo\/londonski-memorandum\/#primaryimage\"},\"image\":{\"@id\":\"https:\/\/www.travel-slovenia.si\/slo\/londonski-memorandum\/#primaryimage\"},\"thumbnailUrl\":\"https:\/\/www.travel-slovenia.si\/slo\/wp-content\/uploads\/2016\/10\/travel-slovenia-londonski-memorandum.jpg\",\"datePublished\":\"2016-10-04T19:08:04+00:00\",\"description\":\"Na dan 5. oktobra 1954 so v Londonu zastopniki Jugoslavije, Italije, ZDA in Zdru\u017eenega kraljestva podpisali mednarodni dogovor, Londonski memorandum.\",\"breadcrumb\":{\"@id\":\"https:\/\/www.travel-slovenia.si\/slo\/londonski-memorandum\/#breadcrumb\"},\"inLanguage\":\"sl-SI\",\"potentialAction\":[{\"@type\":\"ReadAction\",\"target\":[\"https:\/\/www.travel-slovenia.si\/slo\/londonski-memorandum\/\"]}]},{\"@type\":\"ImageObject\",\"inLanguage\":\"sl-SI\",\"@id\":\"https:\/\/www.travel-slovenia.si\/slo\/londonski-memorandum\/#primaryimage\",\"url\":\"https:\/\/www.travel-slovenia.si\/slo\/wp-content\/uploads\/2016\/10\/travel-slovenia-londonski-memorandum.jpg\",\"contentUrl\":\"https:\/\/www.travel-slovenia.si\/slo\/wp-content\/uploads\/2016\/10\/travel-slovenia-londonski-memorandum.jpg\",\"width\":612,\"height\":792},{\"@type\":\"BreadcrumbList\",\"@id\":\"https:\/\/www.travel-slovenia.si\/slo\/londonski-memorandum\/#breadcrumb\",\"itemListElement\":[{\"@type\":\"ListItem\",\"position\":1,\"name\":\"Home\",\"item\":\"https:\/\/www.travel-slovenia.si\/slo\/\"},{\"@type\":\"ListItem\",\"position\":2,\"name\":\"Londonski memorandum\"}]},{\"@type\":\"WebSite\",\"@id\":\"https:\/\/www.travel-slovenia.si\/slo\/#website\",\"url\":\"https:\/\/www.travel-slovenia.si\/slo\/\",\"name\":\"Travel Slovenia - Sledite lepotam na\u0161e male dr\u017eavice\",\"description\":\"\",\"potentialAction\":[{\"@type\":\"SearchAction\",\"target\":{\"@type\":\"EntryPoint\",\"urlTemplate\":\"https:\/\/www.travel-slovenia.si\/slo\/?s={search_term_string}\"},\"query-input\":{\"@type\":\"PropertyValueSpecification\",\"valueRequired\":true,\"valueName\":\"search_term_string\"}}],\"inLanguage\":\"sl-SI\"}]}<\/script>\n<!-- \/ Yoast SEO plugin. -->","yoast_head_json":{"title":"Londonski memorandum : Travel-Slovenia","description":"Na dan 5. oktobra 1954 so v Londonu zastopniki Jugoslavije, Italije, ZDA in Zdru\u017eenega kraljestva podpisali mednarodni dogovor, Londonski memorandum.","robots":{"index":"index","follow":"follow","max-snippet":"max-snippet:-1","max-image-preview":"max-image-preview:large","max-video-preview":"max-video-preview:-1"},"canonical":"https:\/\/www.travel-slovenia.si\/slo\/londonski-memorandum\/","og_locale":"sl_SI","og_type":"article","og_title":"Londonski memorandum : Travel-Slovenia","og_description":"Na dan 5. oktobra 1954 so v Londonu zastopniki Jugoslavije, Italije, ZDA in Zdru\u017eenega kraljestva podpisali mednarodni dogovor, Londonski memorandum.","og_url":"https:\/\/www.travel-slovenia.si\/slo\/londonski-memorandum\/","og_site_name":"Travel Slovenia - Sledite lepotam na\u0161e male dr\u017eavice","og_image":[{"width":612,"height":792,"url":"https:\/\/www.travel-slovenia.si\/slo\/wp-content\/uploads\/2016\/10\/travel-slovenia-londonski-memorandum.jpg","type":"image\/jpeg"}],"twitter_card":"summary_large_image","twitter_title":"Londonski memorandum : Travel-Slovenia","twitter_description":"Na dan 5. oktobra 1954 so v Londonu zastopniki Jugoslavije, Italije, ZDA in Zdru\u017eenega kraljestva podpisali mednarodni dogovor, Londonski memorandum.","twitter_image":"https:\/\/www.travel-slovenia.si\/slo\/wp-content\/uploads\/2016\/10\/travel-slovenia-londonski-memorandum.jpg","twitter_misc":{"Est. reading time":"2 minuti"},"schema":{"@context":"https:\/\/schema.org","@graph":[{"@type":"WebPage","@id":"https:\/\/www.travel-slovenia.si\/slo\/londonski-memorandum\/","url":"https:\/\/www.travel-slovenia.si\/slo\/londonski-memorandum\/","name":"Londonski memorandum : Travel-Slovenia","isPartOf":{"@id":"https:\/\/www.travel-slovenia.si\/slo\/#website"},"primaryImageOfPage":{"@id":"https:\/\/www.travel-slovenia.si\/slo\/londonski-memorandum\/#primaryimage"},"image":{"@id":"https:\/\/www.travel-slovenia.si\/slo\/londonski-memorandum\/#primaryimage"},"thumbnailUrl":"https:\/\/www.travel-slovenia.si\/slo\/wp-content\/uploads\/2016\/10\/travel-slovenia-londonski-memorandum.jpg","datePublished":"2016-10-04T19:08:04+00:00","description":"Na dan 5. oktobra 1954 so v Londonu zastopniki Jugoslavije, Italije, ZDA in Zdru\u017eenega kraljestva podpisali mednarodni dogovor, Londonski memorandum.","breadcrumb":{"@id":"https:\/\/www.travel-slovenia.si\/slo\/londonski-memorandum\/#breadcrumb"},"inLanguage":"sl-SI","potentialAction":[{"@type":"ReadAction","target":["https:\/\/www.travel-slovenia.si\/slo\/londonski-memorandum\/"]}]},{"@type":"ImageObject","inLanguage":"sl-SI","@id":"https:\/\/www.travel-slovenia.si\/slo\/londonski-memorandum\/#primaryimage","url":"https:\/\/www.travel-slovenia.si\/slo\/wp-content\/uploads\/2016\/10\/travel-slovenia-londonski-memorandum.jpg","contentUrl":"https:\/\/www.travel-slovenia.si\/slo\/wp-content\/uploads\/2016\/10\/travel-slovenia-londonski-memorandum.jpg","width":612,"height":792},{"@type":"BreadcrumbList","@id":"https:\/\/www.travel-slovenia.si\/slo\/londonski-memorandum\/#breadcrumb","itemListElement":[{"@type":"ListItem","position":1,"name":"Home","item":"https:\/\/www.travel-slovenia.si\/slo\/"},{"@type":"ListItem","position":2,"name":"Londonski memorandum"}]},{"@type":"WebSite","@id":"https:\/\/www.travel-slovenia.si\/slo\/#website","url":"https:\/\/www.travel-slovenia.si\/slo\/","name":"Travel Slovenia - Sledite lepotam na\u0161e male dr\u017eavice","description":"","potentialAction":[{"@type":"SearchAction","target":{"@type":"EntryPoint","urlTemplate":"https:\/\/www.travel-slovenia.si\/slo\/?s={search_term_string}"},"query-input":{"@type":"PropertyValueSpecification","valueRequired":true,"valueName":"search_term_string"}}],"inLanguage":"sl-SI"}]}},"post_mailing_queue_ids":[],"_links":{"self":[{"href":"https:\/\/www.travel-slovenia.si\/slo\/wp-json\/wp\/v2\/pages\/5930","targetHints":{"allow":["GET"]}}],"collection":[{"href":"https:\/\/www.travel-slovenia.si\/slo\/wp-json\/wp\/v2\/pages"}],"about":[{"href":"https:\/\/www.travel-slovenia.si\/slo\/wp-json\/wp\/v2\/types\/page"}],"author":[{"embeddable":true,"href":"https:\/\/www.travel-slovenia.si\/slo\/wp-json\/wp\/v2\/users\/111"}],"replies":[{"embeddable":true,"href":"https:\/\/www.travel-slovenia.si\/slo\/wp-json\/wp\/v2\/comments?post=5930"}],"version-history":[{"count":1,"href":"https:\/\/www.travel-slovenia.si\/slo\/wp-json\/wp\/v2\/pages\/5930\/revisions"}],"predecessor-version":[{"id":5935,"href":"https:\/\/www.travel-slovenia.si\/slo\/wp-json\/wp\/v2\/pages\/5930\/revisions\/5935"}],"wp:attachment":[{"href":"https:\/\/www.travel-slovenia.si\/slo\/wp-json\/wp\/v2\/media?parent=5930"}],"curies":[{"name":"wp","href":"https:\/\/api.w.org\/{rel}","templated":true}]}}