{"id":5884,"date":"2016-09-15T12:51:08","date_gmt":"2016-09-15T10:51:08","guid":{"rendered":"https:\/\/www.travel-slovenia.si\/slo\/?page_id=5884"},"modified":"2016-09-15T12:51:08","modified_gmt":"2016-09-15T10:51:08","slug":"nemci-pozgejo-rasico","status":"publish","type":"page","link":"https:\/\/www.travel-slovenia.si\/slo\/nemci-pozgejo-rasico\/","title":{"rendered":"Nemci po\u017egejo Ra\u0161ico"},"content":{"rendered":"<figure id=\"attachment_5885\" class=\"wp-caption alignleft\" style=\"max-width: 300px\"><img loading=\"lazy\" decoding=\"async\" class=\"size-medium wp-image-5885\" src=\"https:\/\/www.travel-slovenia.si\/slo\/wp-content\/uploads\/2016\/09\/travel-slovenia-rasica-pozgana-300x243.jpg\" alt=\"V ozadju po\u017egana vas Ra\u0161ica\" width=\"300\" height=\"243\" srcset=\"https:\/\/www.travel-slovenia.si\/slo\/wp-content\/uploads\/2016\/09\/travel-slovenia-rasica-pozgana-300x243.jpg 300w, https:\/\/www.travel-slovenia.si\/slo\/wp-content\/uploads\/2016\/09\/travel-slovenia-rasica-pozgana-24x19.jpg 24w, https:\/\/www.travel-slovenia.si\/slo\/wp-content\/uploads\/2016\/09\/travel-slovenia-rasica-pozgana-36x29.jpg 36w, https:\/\/www.travel-slovenia.si\/slo\/wp-content\/uploads\/2016\/09\/travel-slovenia-rasica-pozgana-48x39.jpg 48w, https:\/\/www.travel-slovenia.si\/slo\/wp-content\/uploads\/2016\/09\/travel-slovenia-rasica-pozgana.jpg 400w\" sizes=\"auto, (max-width: 300px) 100vw, 300px\" \/><figcaption class=\"wp-caption-text\">V ozadju po\u017egana vas Ra\u0161ica<\/figcaption><\/figure>\n<p style=\"text-align: justify;\">Vas Ra\u0161ica je gru\u010dasto naselje na prisojnem pobo\u010dju hriba Ra\u0161ica na robu Ljubljanskega polja. Hrib Ra\u0161ica je osamelec z najvi\u0161jo to\u010dko na Vrhu Staneta Kosca z 641 metri, poimenovan je bil po narodnem heroju Stanetu Koscu, doma\u010dinu z Ra\u0161ice. Leta 1941 so Nemci zasedli Ra\u0161ico, zaradi \u010desar so se doma\u010dini pridru\u017eili narodnoosvobodilnemu gibanju. Tako je bila 24. julija 1941 v gozdovih hriba Ra\u0161ica ustanovljena Ra\u0161i\u0161ka \u010deta. Delovala je na obmo\u010dju vse do Dom\u017eal, Kamnika in Kranja. To partizansko gibanje se je razmahnilo in na vrhu Ra\u0161ice so 17. avgusta 1941 ustanovili Kamni\u0161ki bataljon. Zaprisegli so borci \u0161tirih \u010det: ra\u0161i\u0161ke, Menge\u0161ko-moravske, Radomeljske in Kamni\u0161ke. 18. septembra 1941 je na Ra\u0161ico pri\u0161la nem\u0161ka komisija, kateri pa so partizani ob njenem povratku pripravili zasedo. V zasedi so umrli vsi Nemci.<\/p>\n<p style=\"text-align: justify;\">Tako je 20. septembra 1941 nem\u0161ka vojska po\u017egala Ra\u0161ico, kot ma\u0161\u010devanje za partizanski napad na nem\u0161ki avtomobil in usmrtitev \u0161estih potnikov v njem. Prebivalce vasi so izgnali v Bosno in Hrva\u0161ko. Ra\u0161ica je bila prva po\u017egana vas na Slovenskem. Vas je bila po koncu druge svetovne vojne obnovljena.<\/p>\n<p style=\"text-align: justify;\">Nemci so 27. septembra nadaljevali s pregonom na \u010deto, ki so jo obkolili in dan kasneje je bila razpu\u0161\u010dena. A s tem terorjem so Nemci le za\u010dasno pridu\u0161ili ve\u010dji odpor. Med vrnitvijo domov sta v zasedi padla komisar \u010dete Maks Pe\u010dar in komandant Stane Kosec.<\/p>\n<p>&nbsp;<\/p>\n<table>\n<tbody>\n<tr>\n<td style=\"text-align: center;\"><a href=\"https:\/\/www.travel-slovenia.si\/slo\/na-danasnji-dan\/\"><img loading=\"lazy\" decoding=\"async\" class=\"alignleft wp-image-4499 size-full\" src=\"https:\/\/www.travel-slovenia.si\/slo\/wp-content\/uploads\/2014\/09\/travel-slovenia-povezava-na-drugo.jpg\" alt=\"travel-slovenia-povezava-na-drugo\" width=\"128\" height=\"22\" srcset=\"https:\/\/www.travel-slovenia.si\/slo\/wp-content\/uploads\/2014\/09\/travel-slovenia-povezava-na-drugo.jpg 128w, https:\/\/www.travel-slovenia.si\/slo\/wp-content\/uploads\/2014\/09\/travel-slovenia-povezava-na-drugo-24x4.jpg 24w, https:\/\/www.travel-slovenia.si\/slo\/wp-content\/uploads\/2014\/09\/travel-slovenia-povezava-na-drugo-36x6.jpg 36w, https:\/\/www.travel-slovenia.si\/slo\/wp-content\/uploads\/2014\/09\/travel-slovenia-povezava-na-drugo-48x8.jpg 48w\" sizes=\"auto, (max-width: 128px) 100vw, 128px\" \/><\/a><a href=\"https:\/\/www.travel-slovenia.si\/slo\/na-danasnji-dan\/\">Poglejte \u0161e druge zgodovinske dogodke!<\/a><a href=\"https:\/\/www.travel-slovenia.si\/slo\/na-danasnji-dan\/\"><img loading=\"lazy\" decoding=\"async\" class=\"alignright wp-image-4500 size-full\" src=\"https:\/\/www.travel-slovenia.si\/slo\/wp-content\/uploads\/2014\/09\/travel-slovenia-povezava-na-drugo2.jpg\" alt=\"travel-slovenia-povezava-na-drugo2\" width=\"128\" height=\"22\" srcset=\"https:\/\/www.travel-slovenia.si\/slo\/wp-content\/uploads\/2014\/09\/travel-slovenia-povezava-na-drugo2.jpg 128w, https:\/\/www.travel-slovenia.si\/slo\/wp-content\/uploads\/2014\/09\/travel-slovenia-povezava-na-drugo2-24x4.jpg 24w, https:\/\/www.travel-slovenia.si\/slo\/wp-content\/uploads\/2014\/09\/travel-slovenia-povezava-na-drugo2-36x6.jpg 36w, https:\/\/www.travel-slovenia.si\/slo\/wp-content\/uploads\/2014\/09\/travel-slovenia-povezava-na-drugo2-48x8.jpg 48w\" sizes=\"auto, (max-width: 128px) 100vw, 128px\" \/><\/a><\/td>\n<\/tr>\n<\/tbody>\n<\/table>\n<p>&nbsp;<\/p>\n","protected":false},"excerpt":{"rendered":"<p>Vas Ra\u0161ica je gru\u010dasto naselje na prisojnem pobo\u010dju hriba Ra\u0161ica na robu Ljubljanskega polja. Hrib Ra\u0161ica je osamelec z najvi\u0161jo to\u010dko na Vrhu Staneta Kosca z 641 metri, poimenovan je bil po narodnem heroju Stanetu Koscu, doma\u010dinu z Ra\u0161ice. Leta 1941 so Nemci zasedli Ra\u0161ico, zaradi \u010desar so se doma\u010dini pridru\u017eili narodnoosvobodilnemu gibanju. Tako je [&hellip;]<\/p>\n","protected":false},"author":111,"featured_media":0,"parent":0,"menu_order":0,"comment_status":"closed","ping_status":"closed","template":"","meta":{"footnotes":""},"class_list":["post-5884","page","type-page","status-publish","hentry"],"yoast_head":"<!-- This site is optimized with the Yoast SEO plugin v25.4 - https:\/\/yoast.com\/wordpress\/plugins\/seo\/ -->\n<title>Nemci po\u017egejo Ra\u0161ico : Travel-Slovenia<\/title>\n<meta name=\"description\" content=\"20. septembra 1941 nem\u0161ka vojska po\u017egala Ra\u0161ico, kot ma\u0161\u010devanje za partizanski napad na nem\u0161ki avtomobil in usmrtitev \u0161estih potnikov v njem.\" \/>\n<meta name=\"robots\" content=\"index, follow, max-snippet:-1, max-image-preview:large, max-video-preview:-1\" \/>\n<link rel=\"canonical\" href=\"https:\/\/www.travel-slovenia.si\/slo\/nemci-pozgejo-rasico\/\" \/>\n<meta property=\"og:locale\" content=\"sl_SI\" \/>\n<meta property=\"og:type\" content=\"article\" \/>\n<meta property=\"og:title\" content=\"Nemci po\u017egejo Ra\u0161ico : Travel-Slovenia\" \/>\n<meta property=\"og:description\" content=\"20. septembra 1941 nem\u0161ka vojska po\u017egala Ra\u0161ico, kot ma\u0161\u010devanje za partizanski napad na nem\u0161ki avtomobil in usmrtitev \u0161estih potnikov v njem.\" \/>\n<meta property=\"og:url\" content=\"https:\/\/www.travel-slovenia.si\/slo\/nemci-pozgejo-rasico\/\" \/>\n<meta property=\"og:site_name\" content=\"Travel Slovenia - Sledite lepotam na\u0161e male dr\u017eavice\" \/>\n<meta property=\"og:image\" content=\"https:\/\/www.travel-slovenia.si\/slo\/wp-content\/uploads\/2016\/09\/travel-slovenia-rasica-pozgana.jpg\" \/>\n\t<meta property=\"og:image:width\" content=\"400\" \/>\n\t<meta property=\"og:image:height\" content=\"324\" \/>\n\t<meta property=\"og:image:type\" content=\"image\/jpeg\" \/>\n<meta name=\"twitter:card\" content=\"summary_large_image\" \/>\n<meta name=\"twitter:title\" content=\"Nemci po\u017egejo Ra\u0161ico : Travel-Slovenia\" \/>\n<meta name=\"twitter:description\" content=\"20. septembra 1941 nem\u0161ka vojska po\u017egala Ra\u0161ico, kot ma\u0161\u010devanje za partizanski napad na nem\u0161ki avtomobil in usmrtitev \u0161estih potnikov v njem.\" \/>\n<meta name=\"twitter:image\" content=\"https:\/\/www.travel-slovenia.si\/slo\/wp-content\/uploads\/2016\/09\/travel-slovenia-rasica-pozgana.jpg\" \/>\n<meta name=\"twitter:label1\" content=\"Est. reading time\" \/>\n\t<meta name=\"twitter:data1\" content=\"1 minuta\" \/>\n<script type=\"application\/ld+json\" class=\"yoast-schema-graph\">{\"@context\":\"https:\/\/schema.org\",\"@graph\":[{\"@type\":\"WebPage\",\"@id\":\"https:\/\/www.travel-slovenia.si\/slo\/nemci-pozgejo-rasico\/\",\"url\":\"https:\/\/www.travel-slovenia.si\/slo\/nemci-pozgejo-rasico\/\",\"name\":\"Nemci po\u017egejo Ra\u0161ico : Travel-Slovenia\",\"isPartOf\":{\"@id\":\"https:\/\/www.travel-slovenia.si\/slo\/#website\"},\"primaryImageOfPage\":{\"@id\":\"https:\/\/www.travel-slovenia.si\/slo\/nemci-pozgejo-rasico\/#primaryimage\"},\"image\":{\"@id\":\"https:\/\/www.travel-slovenia.si\/slo\/nemci-pozgejo-rasico\/#primaryimage\"},\"thumbnailUrl\":\"https:\/\/www.travel-slovenia.si\/slo\/wp-content\/uploads\/2016\/09\/travel-slovenia-rasica-pozgana-300x243.jpg\",\"datePublished\":\"2016-09-15T10:51:08+00:00\",\"description\":\"20. septembra 1941 nem\u0161ka vojska po\u017egala Ra\u0161ico, kot ma\u0161\u010devanje za partizanski napad na nem\u0161ki avtomobil in usmrtitev \u0161estih potnikov v njem.\",\"breadcrumb\":{\"@id\":\"https:\/\/www.travel-slovenia.si\/slo\/nemci-pozgejo-rasico\/#breadcrumb\"},\"inLanguage\":\"sl-SI\",\"potentialAction\":[{\"@type\":\"ReadAction\",\"target\":[\"https:\/\/www.travel-slovenia.si\/slo\/nemci-pozgejo-rasico\/\"]}]},{\"@type\":\"ImageObject\",\"inLanguage\":\"sl-SI\",\"@id\":\"https:\/\/www.travel-slovenia.si\/slo\/nemci-pozgejo-rasico\/#primaryimage\",\"url\":\"https:\/\/www.travel-slovenia.si\/slo\/wp-content\/uploads\/2016\/09\/travel-slovenia-rasica-pozgana.jpg\",\"contentUrl\":\"https:\/\/www.travel-slovenia.si\/slo\/wp-content\/uploads\/2016\/09\/travel-slovenia-rasica-pozgana.jpg\",\"width\":400,\"height\":324,\"caption\":\"V ozadju po\u017egana vas Ra\u0161ica\"},{\"@type\":\"BreadcrumbList\",\"@id\":\"https:\/\/www.travel-slovenia.si\/slo\/nemci-pozgejo-rasico\/#breadcrumb\",\"itemListElement\":[{\"@type\":\"ListItem\",\"position\":1,\"name\":\"Home\",\"item\":\"https:\/\/www.travel-slovenia.si\/slo\/\"},{\"@type\":\"ListItem\",\"position\":2,\"name\":\"Nemci po\u017egejo Ra\u0161ico\"}]},{\"@type\":\"WebSite\",\"@id\":\"https:\/\/www.travel-slovenia.si\/slo\/#website\",\"url\":\"https:\/\/www.travel-slovenia.si\/slo\/\",\"name\":\"Travel Slovenia - Sledite lepotam na\u0161e male dr\u017eavice\",\"description\":\"\",\"potentialAction\":[{\"@type\":\"SearchAction\",\"target\":{\"@type\":\"EntryPoint\",\"urlTemplate\":\"https:\/\/www.travel-slovenia.si\/slo\/?s={search_term_string}\"},\"query-input\":{\"@type\":\"PropertyValueSpecification\",\"valueRequired\":true,\"valueName\":\"search_term_string\"}}],\"inLanguage\":\"sl-SI\"}]}<\/script>\n<!-- \/ Yoast SEO plugin. -->","yoast_head_json":{"title":"Nemci po\u017egejo Ra\u0161ico : Travel-Slovenia","description":"20. septembra 1941 nem\u0161ka vojska po\u017egala Ra\u0161ico, kot ma\u0161\u010devanje za partizanski napad na nem\u0161ki avtomobil in usmrtitev \u0161estih potnikov v njem.","robots":{"index":"index","follow":"follow","max-snippet":"max-snippet:-1","max-image-preview":"max-image-preview:large","max-video-preview":"max-video-preview:-1"},"canonical":"https:\/\/www.travel-slovenia.si\/slo\/nemci-pozgejo-rasico\/","og_locale":"sl_SI","og_type":"article","og_title":"Nemci po\u017egejo Ra\u0161ico : Travel-Slovenia","og_description":"20. septembra 1941 nem\u0161ka vojska po\u017egala Ra\u0161ico, kot ma\u0161\u010devanje za partizanski napad na nem\u0161ki avtomobil in usmrtitev \u0161estih potnikov v njem.","og_url":"https:\/\/www.travel-slovenia.si\/slo\/nemci-pozgejo-rasico\/","og_site_name":"Travel Slovenia - Sledite lepotam na\u0161e male dr\u017eavice","og_image":[{"width":400,"height":324,"url":"https:\/\/www.travel-slovenia.si\/slo\/wp-content\/uploads\/2016\/09\/travel-slovenia-rasica-pozgana.jpg","type":"image\/jpeg"}],"twitter_card":"summary_large_image","twitter_title":"Nemci po\u017egejo Ra\u0161ico : Travel-Slovenia","twitter_description":"20. septembra 1941 nem\u0161ka vojska po\u017egala Ra\u0161ico, kot ma\u0161\u010devanje za partizanski napad na nem\u0161ki avtomobil in usmrtitev \u0161estih potnikov v njem.","twitter_image":"https:\/\/www.travel-slovenia.si\/slo\/wp-content\/uploads\/2016\/09\/travel-slovenia-rasica-pozgana.jpg","twitter_misc":{"Est. reading time":"1 minuta"},"schema":{"@context":"https:\/\/schema.org","@graph":[{"@type":"WebPage","@id":"https:\/\/www.travel-slovenia.si\/slo\/nemci-pozgejo-rasico\/","url":"https:\/\/www.travel-slovenia.si\/slo\/nemci-pozgejo-rasico\/","name":"Nemci po\u017egejo Ra\u0161ico : Travel-Slovenia","isPartOf":{"@id":"https:\/\/www.travel-slovenia.si\/slo\/#website"},"primaryImageOfPage":{"@id":"https:\/\/www.travel-slovenia.si\/slo\/nemci-pozgejo-rasico\/#primaryimage"},"image":{"@id":"https:\/\/www.travel-slovenia.si\/slo\/nemci-pozgejo-rasico\/#primaryimage"},"thumbnailUrl":"https:\/\/www.travel-slovenia.si\/slo\/wp-content\/uploads\/2016\/09\/travel-slovenia-rasica-pozgana-300x243.jpg","datePublished":"2016-09-15T10:51:08+00:00","description":"20. septembra 1941 nem\u0161ka vojska po\u017egala Ra\u0161ico, kot ma\u0161\u010devanje za partizanski napad na nem\u0161ki avtomobil in usmrtitev \u0161estih potnikov v njem.","breadcrumb":{"@id":"https:\/\/www.travel-slovenia.si\/slo\/nemci-pozgejo-rasico\/#breadcrumb"},"inLanguage":"sl-SI","potentialAction":[{"@type":"ReadAction","target":["https:\/\/www.travel-slovenia.si\/slo\/nemci-pozgejo-rasico\/"]}]},{"@type":"ImageObject","inLanguage":"sl-SI","@id":"https:\/\/www.travel-slovenia.si\/slo\/nemci-pozgejo-rasico\/#primaryimage","url":"https:\/\/www.travel-slovenia.si\/slo\/wp-content\/uploads\/2016\/09\/travel-slovenia-rasica-pozgana.jpg","contentUrl":"https:\/\/www.travel-slovenia.si\/slo\/wp-content\/uploads\/2016\/09\/travel-slovenia-rasica-pozgana.jpg","width":400,"height":324,"caption":"V ozadju po\u017egana vas Ra\u0161ica"},{"@type":"BreadcrumbList","@id":"https:\/\/www.travel-slovenia.si\/slo\/nemci-pozgejo-rasico\/#breadcrumb","itemListElement":[{"@type":"ListItem","position":1,"name":"Home","item":"https:\/\/www.travel-slovenia.si\/slo\/"},{"@type":"ListItem","position":2,"name":"Nemci po\u017egejo Ra\u0161ico"}]},{"@type":"WebSite","@id":"https:\/\/www.travel-slovenia.si\/slo\/#website","url":"https:\/\/www.travel-slovenia.si\/slo\/","name":"Travel Slovenia - Sledite lepotam na\u0161e male dr\u017eavice","description":"","potentialAction":[{"@type":"SearchAction","target":{"@type":"EntryPoint","urlTemplate":"https:\/\/www.travel-slovenia.si\/slo\/?s={search_term_string}"},"query-input":{"@type":"PropertyValueSpecification","valueRequired":true,"valueName":"search_term_string"}}],"inLanguage":"sl-SI"}]}},"post_mailing_queue_ids":[],"_links":{"self":[{"href":"https:\/\/www.travel-slovenia.si\/slo\/wp-json\/wp\/v2\/pages\/5884","targetHints":{"allow":["GET"]}}],"collection":[{"href":"https:\/\/www.travel-slovenia.si\/slo\/wp-json\/wp\/v2\/pages"}],"about":[{"href":"https:\/\/www.travel-slovenia.si\/slo\/wp-json\/wp\/v2\/types\/page"}],"author":[{"embeddable":true,"href":"https:\/\/www.travel-slovenia.si\/slo\/wp-json\/wp\/v2\/users\/111"}],"replies":[{"embeddable":true,"href":"https:\/\/www.travel-slovenia.si\/slo\/wp-json\/wp\/v2\/comments?post=5884"}],"version-history":[{"count":1,"href":"https:\/\/www.travel-slovenia.si\/slo\/wp-json\/wp\/v2\/pages\/5884\/revisions"}],"predecessor-version":[{"id":5888,"href":"https:\/\/www.travel-slovenia.si\/slo\/wp-json\/wp\/v2\/pages\/5884\/revisions\/5888"}],"wp:attachment":[{"href":"https:\/\/www.travel-slovenia.si\/slo\/wp-json\/wp\/v2\/media?parent=5884"}],"curies":[{"name":"wp","href":"https:\/\/api.w.org\/{rel}","templated":true}]}}