{"id":5869,"date":"2016-09-14T16:55:36","date_gmt":"2016-09-14T14:55:36","guid":{"rendered":"https:\/\/www.travel-slovenia.si\/slo\/?page_id=5869"},"modified":"2019-10-14T18:24:00","modified_gmt":"2019-10-14T16:24:00","slug":"ne-joci-peter","status":"publish","type":"page","link":"https:\/\/www.travel-slovenia.si\/slo\/ne-joci-peter\/","title":{"rendered":"Ne jo\u010di, Peter"},"content":{"rendered":"<figure id=\"attachment_5871\" class=\"wp-caption alignleft\" style=\"max-width: 300px\"><img loading=\"lazy\" decoding=\"async\" class=\"size-medium wp-image-5871\" src=\"https:\/\/www.travel-slovenia.si\/slo\/wp-content\/uploads\/2014\/05\/travel-slovenia-ne-joci-peter-300x200.jpg\" alt=\"Scena iz filma\" width=\"300\" height=\"200\" srcset=\"https:\/\/www.travel-slovenia.si\/slo\/wp-content\/uploads\/2014\/05\/travel-slovenia-ne-joci-peter-300x200.jpg 300w, https:\/\/www.travel-slovenia.si\/slo\/wp-content\/uploads\/2014\/05\/travel-slovenia-ne-joci-peter-24x16.jpg 24w, https:\/\/www.travel-slovenia.si\/slo\/wp-content\/uploads\/2014\/05\/travel-slovenia-ne-joci-peter-36x24.jpg 36w, https:\/\/www.travel-slovenia.si\/slo\/wp-content\/uploads\/2014\/05\/travel-slovenia-ne-joci-peter-48x32.jpg 48w, https:\/\/www.travel-slovenia.si\/slo\/wp-content\/uploads\/2014\/05\/travel-slovenia-ne-joci-peter.jpg 400w\" sizes=\"auto, (max-width: 300px) 100vw, 300px\" \/><figcaption class=\"wp-caption-text\">Scena iz filma<\/figcaption><\/figure>\n<p style=\"text-align: justify;\">Film z naslovom &#8221;Ne jo\u010di, Peter&#8221; je slovenski vojni film, izdan 17. novembra 1964, katerega re\u017eiser je France \u0160tiglic. Film govori o \u010dastni zadol\u017eitvi dveh partizanskih minerjev. Njuna naloga je, da tri vojne sirote odpeljeta iz nevarnega vojnega obmo\u010dja na osvobojeno ozemlje. Na za\u010detku minerja nimata dobrega mnenja o njuni nalogi, saj sta pri\u010dakovala ve\u010djo akcijo. A se kasneje spoprijateljita z otroki, \u0161e posebej z najmlaj\u0161im med njimi, Petrom. Ravno Peter je kasneje kriv za vse humoristi\u010dne prizore, ve\u010dkrat tudi jo\u010de in zganja neumnosti. Med nalogo po naklju\u010dju zasledijo nem\u0161ko skladi\u0161\u010de, ki ga tudi razstrelita. Film je bil posnet na Primorskem &#8211; v Podnanosu, \u0160tanjelu in Vipavi.<\/p>\n<p>&nbsp;<\/p>\n<table>\n<tbody>\n<tr>\n<td style=\"text-align: center;\"><a href=\"https:\/\/www.travel-slovenia.si\/slo\/slovenski-filmi\/\"><img loading=\"lazy\" decoding=\"async\" class=\"alignleft wp-image-4499 size-full\" src=\"https:\/\/www.travel-slovenia.si\/slo\/wp-content\/uploads\/2014\/09\/travel-slovenia-povezava-na-drugo.jpg\" alt=\"travel-slovenia-povezava-na-drugo\" width=\"128\" height=\"22\" srcset=\"https:\/\/www.travel-slovenia.si\/slo\/wp-content\/uploads\/2014\/09\/travel-slovenia-povezava-na-drugo.jpg 128w, https:\/\/www.travel-slovenia.si\/slo\/wp-content\/uploads\/2014\/09\/travel-slovenia-povezava-na-drugo-24x4.jpg 24w, https:\/\/www.travel-slovenia.si\/slo\/wp-content\/uploads\/2014\/09\/travel-slovenia-povezava-na-drugo-36x6.jpg 36w, https:\/\/www.travel-slovenia.si\/slo\/wp-content\/uploads\/2014\/09\/travel-slovenia-povezava-na-drugo-48x8.jpg 48w\" sizes=\"auto, (max-width: 128px) 100vw, 128px\" \/><\/a><a href=\"https:\/\/www.travel-slovenia.si\/slo\/slovenski-filmi\/\">Poglejte \u0161e druge slovenske filme!<\/a><a href=\"https:\/\/www.travel-slovenia.si\/slo\/slovenski-filmi\/\"><img loading=\"lazy\" decoding=\"async\" class=\"alignright wp-image-4500 size-full\" src=\"https:\/\/www.travel-slovenia.si\/slo\/wp-content\/uploads\/2014\/09\/travel-slovenia-povezava-na-drugo2.jpg\" alt=\"travel-slovenia-povezava-na-drugo2\" width=\"128\" height=\"22\" srcset=\"https:\/\/www.travel-slovenia.si\/slo\/wp-content\/uploads\/2014\/09\/travel-slovenia-povezava-na-drugo2.jpg 128w, https:\/\/www.travel-slovenia.si\/slo\/wp-content\/uploads\/2014\/09\/travel-slovenia-povezava-na-drugo2-24x4.jpg 24w, https:\/\/www.travel-slovenia.si\/slo\/wp-content\/uploads\/2014\/09\/travel-slovenia-povezava-na-drugo2-36x6.jpg 36w, https:\/\/www.travel-slovenia.si\/slo\/wp-content\/uploads\/2014\/09\/travel-slovenia-povezava-na-drugo2-48x8.jpg 48w\" sizes=\"auto, (max-width: 128px) 100vw, 128px\" \/><\/a><\/td>\n<\/tr>\n<\/tbody>\n<\/table>\n<p>&nbsp;<\/p>\n<hr \/>\n<p style=\"text-align: justify;\"><a href=\"https:\/\/www.travel-slovenia.si\/slo\/france-stiglic\/\"><img loading=\"lazy\" decoding=\"async\" class=\"alignleft size-full wp-image-9300\" src=\"https:\/\/www.travel-slovenia.si\/wp-content\/uploads\/2019\/10\/travel-slovenia-france-stiglic-view.jpg\" alt=\"\" width=\"150\" height=\"150\" \/><\/a><a href=\"https:\/\/www.travel-slovenia.si\/slo\/france-stiglic\/\"><strong><em>France \u0160tigli\u010d<\/em><\/strong><\/a><br \/>\nFrance \u0160tigli\u010d je slovenski filmski re\u017eiser in scenarist, ki se je rodil 12. novembra 1919 v Kranju, umrl je 4. maja 1993 v Ljubljani. Bil je tudi NOB partizan in novinar, v Ljubljani je \u0161tudiral pravo. Po vojni je bil med glavnimi organizatorji filmske proizvodnje v Sloveniji. Deloval je v politi\u010dnem in kulturnem \u017eivljenju. [<a href=\"https:\/\/www.travel-slovenia.si\/slo\/france-stiglic\/\">_Read more_<\/a>]\n","protected":false},"excerpt":{"rendered":"<p>Film z naslovom &#8221;Ne jo\u010di, Peter&#8221; je slovenski vojni film, izdan 17. novembra 1964, katerega re\u017eiser je France \u0160tiglic. Film govori o \u010dastni zadol\u017eitvi dveh partizanskih minerjev. Njuna naloga je, da tri vojne sirote odpeljeta iz nevarnega vojnega obmo\u010dja na osvobojeno ozemlje. Na za\u010detku minerja nimata dobrega mnenja o njuni nalogi, saj sta pri\u010dakovala ve\u010djo [&hellip;]<\/p>\n","protected":false},"author":111,"featured_media":0,"parent":0,"menu_order":0,"comment_status":"closed","ping_status":"closed","template":"","meta":{"footnotes":""},"class_list":["post-5869","page","type-page","status-publish","hentry"],"yoast_head":"<!-- This site is optimized with the Yoast SEO plugin v25.4 - https:\/\/yoast.com\/wordpress\/plugins\/seo\/ -->\n<title>Ne jo\u010di, Peter : Travel-Slovenia<\/title>\n<meta name=\"description\" content=\"Film z naslovom &#039;&#039;Ne jo\u010di, Peter&#039;&#039; je slovenski vojni film, izdan 17. novembra 1964, katerega re\u017eiser je France \u0160tiglic. O \u010dastni nalogi dveh minerjev.\" \/>\n<meta name=\"robots\" content=\"index, follow, max-snippet:-1, max-image-preview:large, max-video-preview:-1\" \/>\n<link rel=\"canonical\" href=\"https:\/\/www.travel-slovenia.si\/slo\/ne-joci-peter\/\" \/>\n<meta property=\"og:locale\" content=\"sl_SI\" \/>\n<meta property=\"og:type\" content=\"article\" \/>\n<meta property=\"og:title\" content=\"Ne jo\u010di, Peter : Travel-Slovenia\" \/>\n<meta property=\"og:description\" content=\"Film z naslovom &#039;&#039;Ne jo\u010di, Peter&#039;&#039; je slovenski vojni film, izdan 17. novembra 1964, katerega re\u017eiser je France \u0160tiglic. O \u010dastni nalogi dveh minerjev.\" \/>\n<meta property=\"og:url\" content=\"https:\/\/www.travel-slovenia.si\/slo\/ne-joci-peter\/\" \/>\n<meta property=\"og:site_name\" content=\"Travel Slovenia - Sledite lepotam na\u0161e male dr\u017eavice\" \/>\n<meta property=\"article:modified_time\" content=\"2019-10-14T16:24:00+00:00\" \/>\n<meta property=\"og:image\" content=\"https:\/\/www.travel-slovenia.si\/slo\/wp-content\/uploads\/2014\/05\/travel-slovenia-ne-joci-peter.jpg\" \/>\n\t<meta property=\"og:image:width\" content=\"400\" \/>\n\t<meta property=\"og:image:height\" content=\"267\" \/>\n\t<meta property=\"og:image:type\" content=\"image\/jpeg\" \/>\n<meta name=\"twitter:card\" content=\"summary_large_image\" \/>\n<meta name=\"twitter:title\" content=\"Ne jo\u010di, Peter : Travel-Slovenia\" \/>\n<meta name=\"twitter:description\" content=\"Film z naslovom &#039;&#039;Ne jo\u010di, Peter&#039;&#039; je slovenski vojni film, izdan 17. novembra 1964, katerega re\u017eiser je France \u0160tiglic. O \u010dastni nalogi dveh minerjev.\" \/>\n<meta name=\"twitter:image\" content=\"https:\/\/www.travel-slovenia.si\/slo\/wp-content\/uploads\/2014\/05\/travel-slovenia-ne-joci-peter.jpg\" \/>\n<meta name=\"twitter:label1\" content=\"Est. reading time\" \/>\n\t<meta name=\"twitter:data1\" content=\"1 minuta\" \/>\n<script type=\"application\/ld+json\" class=\"yoast-schema-graph\">{\"@context\":\"https:\/\/schema.org\",\"@graph\":[{\"@type\":\"WebPage\",\"@id\":\"https:\/\/www.travel-slovenia.si\/slo\/ne-joci-peter\/\",\"url\":\"https:\/\/www.travel-slovenia.si\/slo\/ne-joci-peter\/\",\"name\":\"Ne jo\u010di, Peter : Travel-Slovenia\",\"isPartOf\":{\"@id\":\"https:\/\/www.travel-slovenia.si\/slo\/#website\"},\"primaryImageOfPage\":{\"@id\":\"https:\/\/www.travel-slovenia.si\/slo\/ne-joci-peter\/#primaryimage\"},\"image\":{\"@id\":\"https:\/\/www.travel-slovenia.si\/slo\/ne-joci-peter\/#primaryimage\"},\"thumbnailUrl\":\"https:\/\/www.travel-slovenia.si\/slo\/wp-content\/uploads\/2014\/05\/travel-slovenia-ne-joci-peter-300x200.jpg\",\"datePublished\":\"2016-09-14T14:55:36+00:00\",\"dateModified\":\"2019-10-14T16:24:00+00:00\",\"description\":\"Film z naslovom ''Ne jo\u010di, Peter'' je slovenski vojni film, izdan 17. novembra 1964, katerega re\u017eiser je France \u0160tiglic. O \u010dastni nalogi dveh minerjev.\",\"breadcrumb\":{\"@id\":\"https:\/\/www.travel-slovenia.si\/slo\/ne-joci-peter\/#breadcrumb\"},\"inLanguage\":\"sl-SI\",\"potentialAction\":[{\"@type\":\"ReadAction\",\"target\":[\"https:\/\/www.travel-slovenia.si\/slo\/ne-joci-peter\/\"]}]},{\"@type\":\"ImageObject\",\"inLanguage\":\"sl-SI\",\"@id\":\"https:\/\/www.travel-slovenia.si\/slo\/ne-joci-peter\/#primaryimage\",\"url\":\"https:\/\/www.travel-slovenia.si\/slo\/wp-content\/uploads\/2014\/05\/travel-slovenia-ne-joci-peter.jpg\",\"contentUrl\":\"https:\/\/www.travel-slovenia.si\/slo\/wp-content\/uploads\/2014\/05\/travel-slovenia-ne-joci-peter.jpg\",\"width\":400,\"height\":267,\"caption\":\"Scena iz filma\"},{\"@type\":\"BreadcrumbList\",\"@id\":\"https:\/\/www.travel-slovenia.si\/slo\/ne-joci-peter\/#breadcrumb\",\"itemListElement\":[{\"@type\":\"ListItem\",\"position\":1,\"name\":\"Home\",\"item\":\"https:\/\/www.travel-slovenia.si\/slo\/\"},{\"@type\":\"ListItem\",\"position\":2,\"name\":\"Ne jo\u010di, Peter\"}]},{\"@type\":\"WebSite\",\"@id\":\"https:\/\/www.travel-slovenia.si\/slo\/#website\",\"url\":\"https:\/\/www.travel-slovenia.si\/slo\/\",\"name\":\"Travel Slovenia - Sledite lepotam na\u0161e male dr\u017eavice\",\"description\":\"\",\"potentialAction\":[{\"@type\":\"SearchAction\",\"target\":{\"@type\":\"EntryPoint\",\"urlTemplate\":\"https:\/\/www.travel-slovenia.si\/slo\/?s={search_term_string}\"},\"query-input\":{\"@type\":\"PropertyValueSpecification\",\"valueRequired\":true,\"valueName\":\"search_term_string\"}}],\"inLanguage\":\"sl-SI\"}]}<\/script>\n<!-- \/ Yoast SEO plugin. -->","yoast_head_json":{"title":"Ne jo\u010di, Peter : Travel-Slovenia","description":"Film z naslovom ''Ne jo\u010di, Peter'' je slovenski vojni film, izdan 17. novembra 1964, katerega re\u017eiser je France \u0160tiglic. O \u010dastni nalogi dveh minerjev.","robots":{"index":"index","follow":"follow","max-snippet":"max-snippet:-1","max-image-preview":"max-image-preview:large","max-video-preview":"max-video-preview:-1"},"canonical":"https:\/\/www.travel-slovenia.si\/slo\/ne-joci-peter\/","og_locale":"sl_SI","og_type":"article","og_title":"Ne jo\u010di, Peter : Travel-Slovenia","og_description":"Film z naslovom ''Ne jo\u010di, Peter'' je slovenski vojni film, izdan 17. novembra 1964, katerega re\u017eiser je France \u0160tiglic. O \u010dastni nalogi dveh minerjev.","og_url":"https:\/\/www.travel-slovenia.si\/slo\/ne-joci-peter\/","og_site_name":"Travel Slovenia - Sledite lepotam na\u0161e male dr\u017eavice","article_modified_time":"2019-10-14T16:24:00+00:00","og_image":[{"width":400,"height":267,"url":"https:\/\/www.travel-slovenia.si\/slo\/wp-content\/uploads\/2014\/05\/travel-slovenia-ne-joci-peter.jpg","type":"image\/jpeg"}],"twitter_card":"summary_large_image","twitter_title":"Ne jo\u010di, Peter : Travel-Slovenia","twitter_description":"Film z naslovom ''Ne jo\u010di, Peter'' je slovenski vojni film, izdan 17. novembra 1964, katerega re\u017eiser je France \u0160tiglic. O \u010dastni nalogi dveh minerjev.","twitter_image":"https:\/\/www.travel-slovenia.si\/slo\/wp-content\/uploads\/2014\/05\/travel-slovenia-ne-joci-peter.jpg","twitter_misc":{"Est. reading time":"1 minuta"},"schema":{"@context":"https:\/\/schema.org","@graph":[{"@type":"WebPage","@id":"https:\/\/www.travel-slovenia.si\/slo\/ne-joci-peter\/","url":"https:\/\/www.travel-slovenia.si\/slo\/ne-joci-peter\/","name":"Ne jo\u010di, Peter : Travel-Slovenia","isPartOf":{"@id":"https:\/\/www.travel-slovenia.si\/slo\/#website"},"primaryImageOfPage":{"@id":"https:\/\/www.travel-slovenia.si\/slo\/ne-joci-peter\/#primaryimage"},"image":{"@id":"https:\/\/www.travel-slovenia.si\/slo\/ne-joci-peter\/#primaryimage"},"thumbnailUrl":"https:\/\/www.travel-slovenia.si\/slo\/wp-content\/uploads\/2014\/05\/travel-slovenia-ne-joci-peter-300x200.jpg","datePublished":"2016-09-14T14:55:36+00:00","dateModified":"2019-10-14T16:24:00+00:00","description":"Film z naslovom ''Ne jo\u010di, Peter'' je slovenski vojni film, izdan 17. novembra 1964, katerega re\u017eiser je France \u0160tiglic. O \u010dastni nalogi dveh minerjev.","breadcrumb":{"@id":"https:\/\/www.travel-slovenia.si\/slo\/ne-joci-peter\/#breadcrumb"},"inLanguage":"sl-SI","potentialAction":[{"@type":"ReadAction","target":["https:\/\/www.travel-slovenia.si\/slo\/ne-joci-peter\/"]}]},{"@type":"ImageObject","inLanguage":"sl-SI","@id":"https:\/\/www.travel-slovenia.si\/slo\/ne-joci-peter\/#primaryimage","url":"https:\/\/www.travel-slovenia.si\/slo\/wp-content\/uploads\/2014\/05\/travel-slovenia-ne-joci-peter.jpg","contentUrl":"https:\/\/www.travel-slovenia.si\/slo\/wp-content\/uploads\/2014\/05\/travel-slovenia-ne-joci-peter.jpg","width":400,"height":267,"caption":"Scena iz filma"},{"@type":"BreadcrumbList","@id":"https:\/\/www.travel-slovenia.si\/slo\/ne-joci-peter\/#breadcrumb","itemListElement":[{"@type":"ListItem","position":1,"name":"Home","item":"https:\/\/www.travel-slovenia.si\/slo\/"},{"@type":"ListItem","position":2,"name":"Ne jo\u010di, Peter"}]},{"@type":"WebSite","@id":"https:\/\/www.travel-slovenia.si\/slo\/#website","url":"https:\/\/www.travel-slovenia.si\/slo\/","name":"Travel Slovenia - Sledite lepotam na\u0161e male dr\u017eavice","description":"","potentialAction":[{"@type":"SearchAction","target":{"@type":"EntryPoint","urlTemplate":"https:\/\/www.travel-slovenia.si\/slo\/?s={search_term_string}"},"query-input":{"@type":"PropertyValueSpecification","valueRequired":true,"valueName":"search_term_string"}}],"inLanguage":"sl-SI"}]}},"post_mailing_queue_ids":[],"_links":{"self":[{"href":"https:\/\/www.travel-slovenia.si\/slo\/wp-json\/wp\/v2\/pages\/5869","targetHints":{"allow":["GET"]}}],"collection":[{"href":"https:\/\/www.travel-slovenia.si\/slo\/wp-json\/wp\/v2\/pages"}],"about":[{"href":"https:\/\/www.travel-slovenia.si\/slo\/wp-json\/wp\/v2\/types\/page"}],"author":[{"embeddable":true,"href":"https:\/\/www.travel-slovenia.si\/slo\/wp-json\/wp\/v2\/users\/111"}],"replies":[{"embeddable":true,"href":"https:\/\/www.travel-slovenia.si\/slo\/wp-json\/wp\/v2\/comments?post=5869"}],"version-history":[{"count":9,"href":"https:\/\/www.travel-slovenia.si\/slo\/wp-json\/wp\/v2\/pages\/5869\/revisions"}],"predecessor-version":[{"id":8403,"href":"https:\/\/www.travel-slovenia.si\/slo\/wp-json\/wp\/v2\/pages\/5869\/revisions\/8403"}],"wp:attachment":[{"href":"https:\/\/www.travel-slovenia.si\/slo\/wp-json\/wp\/v2\/media?parent=5869"}],"curies":[{"name":"wp","href":"https:\/\/api.w.org\/{rel}","templated":true}]}}