{"id":5845,"date":"2016-09-13T14:12:35","date_gmt":"2016-09-13T12:12:35","guid":{"rendered":"https:\/\/www.travel-slovenia.si\/slo\/?page_id=5845"},"modified":"2020-01-22T01:16:50","modified_gmt":"2020-01-22T00:16:50","slug":"14-september","status":"publish","type":"page","link":"https:\/\/www.travel-slovenia.si\/slo\/14-september\/","title":{"rendered":"14. september"},"content":{"rendered":"<p><img loading=\"lazy\" decoding=\"async\" class=\"alignleft wp-image-5848 size-full\" src=\"https:\/\/www.travel-slovenia.si\/slo\/wp-content\/uploads\/2016\/09\/travel-slovenia-fran-ramovs-view.jpg\" width=\"150\" height=\"150\" srcset=\"https:\/\/www.travel-slovenia.si\/slo\/wp-content\/uploads\/2016\/09\/travel-slovenia-fran-ramovs-view.jpg 150w, https:\/\/www.travel-slovenia.si\/slo\/wp-content\/uploads\/2016\/09\/travel-slovenia-fran-ramovs-view-83x83.jpg 83w, https:\/\/www.travel-slovenia.si\/slo\/wp-content\/uploads\/2016\/09\/travel-slovenia-fran-ramovs-view-55x55.jpg 55w, https:\/\/www.travel-slovenia.si\/slo\/wp-content\/uploads\/2016\/09\/travel-slovenia-fran-ramovs-view-24x24.jpg 24w, https:\/\/www.travel-slovenia.si\/slo\/wp-content\/uploads\/2016\/09\/travel-slovenia-fran-ramovs-view-36x36.jpg 36w, https:\/\/www.travel-slovenia.si\/slo\/wp-content\/uploads\/2016\/09\/travel-slovenia-fran-ramovs-view-48x48.jpg 48w\" sizes=\"auto, (max-width: 150px) 100vw, 150px\" \/><\/p>\n<p style=\"text-align: justify;\"><strong><em>Fran Ramov\u0161<\/em><\/strong><br \/>\nNa dana\u0161nji dan se je rodil slovenski nare\u010djeslovec, imenoslovec in jezikoslovec Fran Ramov\u0161. Bil je profesor slovenskega jezika in fonetike na Filozofski fakulteti v Ljubljani, kot tudi rektor Univerze v Ljubljani.Po njem je poimenovan In\u0161titut za slovenski jezik. Bil je tudi \u010dlan Slavisti\u010dnega dru\u0161tva Slovenije. [<a href=\"https:\/\/www.travel-slovenia.si\/slo\/fran-ramovs\/\">_Preberite ve\u010d_<\/a>]\n<p style=\"text-align: justify;\"><a href=\"https:\/\/www.travel-slovenia.si\/slo\/anton-mahnic\/\"><strong><em><img loading=\"lazy\" decoding=\"async\" class=\"alignleft size-full wp-image-9759\" src=\"https:\/\/www.travel-slovenia.si\/wp-content\/uploads\/2020\/01\/travel-slovenia-anton-mahnic-view.jpg\" alt=\"\" width=\"150\" height=\"150\" \/><\/em><\/strong><\/a><a href=\"https:\/\/www.travel-slovenia.si\/slo\/anton-mahnic\/\"><strong><em>Anton Mahni\u010d<\/em><\/strong><\/a><br \/>\nNa dana\u0161nji dan se je leta 1850 v Kobdilju, v \u017eupniji \u0160tanjel na gori\u0161kem Krasu, rodil slovenski teolog, \u0161kof, pesnik, pisatelj in kritik slovenskega kulturnega in duhovnega \u017eivljenja ter urednik, Anton Mahni\u010d. Umrl pa 14. decembra 1920 v Zagrebu. Anton je gimnazijo v Gorici kon\u010dal leta 1871. [<a href=\"https:\/\/www.travel-slovenia.si\/slo\/anton-mahnic\/\">_Preberite ve\u010d_<\/a>]\n","protected":false},"excerpt":{"rendered":"<p>Fran Ramov\u0161 Na dana\u0161nji dan se je rodil slovenski nare\u010djeslovec, imenoslovec in jezikoslovec Fran Ramov\u0161. Bil je profesor slovenskega jezika in fonetike na Filozofski fakulteti v Ljubljani, kot tudi rektor Univerze v Ljubljani.Po njem je poimenovan In\u0161titut za slovenski jezik. Bil je tudi \u010dlan Slavisti\u010dnega dru\u0161tva Slovenije. [_Preberite ve\u010d_] Anton Mahni\u010d Na dana\u0161nji dan se [&hellip;]<\/p>\n","protected":false},"author":111,"featured_media":0,"parent":0,"menu_order":0,"comment_status":"closed","ping_status":"closed","template":"","meta":{"footnotes":""},"class_list":["post-5845","page","type-page","status-publish","hentry"],"yoast_head":"<!-- This site is optimized with the Yoast SEO plugin v25.4 - https:\/\/yoast.com\/wordpress\/plugins\/seo\/ -->\n<title>14. september : Travel-Slovenia<\/title>\n<meta name=\"description\" content=\"Pretekli dogodki, ki so se zgodili na datum 14. septembra in so v dolo\u010deni meri zaznamovali Slovenijo.\" \/>\n<meta name=\"robots\" content=\"index, follow, max-snippet:-1, max-image-preview:large, max-video-preview:-1\" \/>\n<link rel=\"canonical\" href=\"https:\/\/www.travel-slovenia.si\/slo\/14-september\/\" \/>\n<meta property=\"og:locale\" content=\"sl_SI\" \/>\n<meta property=\"og:type\" content=\"article\" \/>\n<meta property=\"og:title\" content=\"14. september : Travel-Slovenia\" \/>\n<meta property=\"og:description\" content=\"Pretekli dogodki, ki so se zgodili na datum 14. septembra in so v dolo\u010deni meri zaznamovali Slovenijo.\" \/>\n<meta property=\"og:url\" content=\"https:\/\/www.travel-slovenia.si\/slo\/14-september\/\" \/>\n<meta property=\"og:site_name\" content=\"Travel Slovenia - Sledite lepotam na\u0161e male dr\u017eavice\" \/>\n<meta property=\"article:modified_time\" content=\"2020-01-22T00:16:50+00:00\" \/>\n<meta property=\"og:image\" content=\"https:\/\/www.travel-slovenia.si\/slo\/wp-content\/uploads\/2016\/09\/travel-slovenia-fran-ramovs.jpg\" \/>\n\t<meta property=\"og:image:width\" content=\"400\" \/>\n\t<meta property=\"og:image:height\" content=\"351\" \/>\n\t<meta property=\"og:image:type\" content=\"image\/jpeg\" \/>\n<meta name=\"twitter:card\" content=\"summary_large_image\" \/>\n<meta name=\"twitter:title\" content=\"14. september : Travel-Slovenia\" \/>\n<meta name=\"twitter:description\" content=\"Pretekli dogodki, ki so se zgodili na datum 14. septembra in so v dolo\u010deni meri zaznamovali Slovenijo.\" \/>\n<meta name=\"twitter:image\" content=\"https:\/\/www.travel-slovenia.si\/slo\/wp-content\/uploads\/2016\/09\/travel-slovenia-fran-ramovs.jpg\" \/>\n<meta name=\"twitter:label1\" content=\"Est. reading time\" \/>\n\t<meta name=\"twitter:data1\" content=\"1 minuta\" \/>\n<script type=\"application\/ld+json\" class=\"yoast-schema-graph\">{\"@context\":\"https:\/\/schema.org\",\"@graph\":[{\"@type\":\"WebPage\",\"@id\":\"https:\/\/www.travel-slovenia.si\/slo\/14-september\/\",\"url\":\"https:\/\/www.travel-slovenia.si\/slo\/14-september\/\",\"name\":\"14. september : Travel-Slovenia\",\"isPartOf\":{\"@id\":\"https:\/\/www.travel-slovenia.si\/slo\/#website\"},\"primaryImageOfPage\":{\"@id\":\"https:\/\/www.travel-slovenia.si\/slo\/14-september\/#primaryimage\"},\"image\":{\"@id\":\"https:\/\/www.travel-slovenia.si\/slo\/14-september\/#primaryimage\"},\"thumbnailUrl\":\"https:\/\/www.travel-slovenia.si\/slo\/wp-content\/uploads\/2016\/09\/travel-slovenia-fran-ramovs-view.jpg\",\"datePublished\":\"2016-09-13T12:12:35+00:00\",\"dateModified\":\"2020-01-22T00:16:50+00:00\",\"description\":\"Pretekli dogodki, ki so se zgodili na datum 14. septembra in so v dolo\u010deni meri zaznamovali Slovenijo.\",\"breadcrumb\":{\"@id\":\"https:\/\/www.travel-slovenia.si\/slo\/14-september\/#breadcrumb\"},\"inLanguage\":\"sl-SI\",\"potentialAction\":[{\"@type\":\"ReadAction\",\"target\":[\"https:\/\/www.travel-slovenia.si\/slo\/14-september\/\"]}]},{\"@type\":\"ImageObject\",\"inLanguage\":\"sl-SI\",\"@id\":\"https:\/\/www.travel-slovenia.si\/slo\/14-september\/#primaryimage\",\"url\":\"https:\/\/www.travel-slovenia.si\/slo\/wp-content\/uploads\/2016\/09\/travel-slovenia-fran-ramovs-view.jpg\",\"contentUrl\":\"https:\/\/www.travel-slovenia.si\/slo\/wp-content\/uploads\/2016\/09\/travel-slovenia-fran-ramovs-view.jpg\",\"width\":150,\"height\":150,\"caption\":\"Fran Ramov\u0161\"},{\"@type\":\"BreadcrumbList\",\"@id\":\"https:\/\/www.travel-slovenia.si\/slo\/14-september\/#breadcrumb\",\"itemListElement\":[{\"@type\":\"ListItem\",\"position\":1,\"name\":\"Home\",\"item\":\"https:\/\/www.travel-slovenia.si\/slo\/\"},{\"@type\":\"ListItem\",\"position\":2,\"name\":\"14. september\"}]},{\"@type\":\"WebSite\",\"@id\":\"https:\/\/www.travel-slovenia.si\/slo\/#website\",\"url\":\"https:\/\/www.travel-slovenia.si\/slo\/\",\"name\":\"Travel Slovenia - Sledite lepotam na\u0161e male dr\u017eavice\",\"description\":\"\",\"potentialAction\":[{\"@type\":\"SearchAction\",\"target\":{\"@type\":\"EntryPoint\",\"urlTemplate\":\"https:\/\/www.travel-slovenia.si\/slo\/?s={search_term_string}\"},\"query-input\":{\"@type\":\"PropertyValueSpecification\",\"valueRequired\":true,\"valueName\":\"search_term_string\"}}],\"inLanguage\":\"sl-SI\"}]}<\/script>\n<!-- \/ Yoast SEO plugin. -->","yoast_head_json":{"title":"14. september : Travel-Slovenia","description":"Pretekli dogodki, ki so se zgodili na datum 14. septembra in so v dolo\u010deni meri zaznamovali Slovenijo.","robots":{"index":"index","follow":"follow","max-snippet":"max-snippet:-1","max-image-preview":"max-image-preview:large","max-video-preview":"max-video-preview:-1"},"canonical":"https:\/\/www.travel-slovenia.si\/slo\/14-september\/","og_locale":"sl_SI","og_type":"article","og_title":"14. september : Travel-Slovenia","og_description":"Pretekli dogodki, ki so se zgodili na datum 14. septembra in so v dolo\u010deni meri zaznamovali Slovenijo.","og_url":"https:\/\/www.travel-slovenia.si\/slo\/14-september\/","og_site_name":"Travel Slovenia - Sledite lepotam na\u0161e male dr\u017eavice","article_modified_time":"2020-01-22T00:16:50+00:00","og_image":[{"width":400,"height":351,"url":"https:\/\/www.travel-slovenia.si\/slo\/wp-content\/uploads\/2016\/09\/travel-slovenia-fran-ramovs.jpg","type":"image\/jpeg"}],"twitter_card":"summary_large_image","twitter_title":"14. september : Travel-Slovenia","twitter_description":"Pretekli dogodki, ki so se zgodili na datum 14. septembra in so v dolo\u010deni meri zaznamovali Slovenijo.","twitter_image":"https:\/\/www.travel-slovenia.si\/slo\/wp-content\/uploads\/2016\/09\/travel-slovenia-fran-ramovs.jpg","twitter_misc":{"Est. reading time":"1 minuta"},"schema":{"@context":"https:\/\/schema.org","@graph":[{"@type":"WebPage","@id":"https:\/\/www.travel-slovenia.si\/slo\/14-september\/","url":"https:\/\/www.travel-slovenia.si\/slo\/14-september\/","name":"14. september : Travel-Slovenia","isPartOf":{"@id":"https:\/\/www.travel-slovenia.si\/slo\/#website"},"primaryImageOfPage":{"@id":"https:\/\/www.travel-slovenia.si\/slo\/14-september\/#primaryimage"},"image":{"@id":"https:\/\/www.travel-slovenia.si\/slo\/14-september\/#primaryimage"},"thumbnailUrl":"https:\/\/www.travel-slovenia.si\/slo\/wp-content\/uploads\/2016\/09\/travel-slovenia-fran-ramovs-view.jpg","datePublished":"2016-09-13T12:12:35+00:00","dateModified":"2020-01-22T00:16:50+00:00","description":"Pretekli dogodki, ki so se zgodili na datum 14. septembra in so v dolo\u010deni meri zaznamovali Slovenijo.","breadcrumb":{"@id":"https:\/\/www.travel-slovenia.si\/slo\/14-september\/#breadcrumb"},"inLanguage":"sl-SI","potentialAction":[{"@type":"ReadAction","target":["https:\/\/www.travel-slovenia.si\/slo\/14-september\/"]}]},{"@type":"ImageObject","inLanguage":"sl-SI","@id":"https:\/\/www.travel-slovenia.si\/slo\/14-september\/#primaryimage","url":"https:\/\/www.travel-slovenia.si\/slo\/wp-content\/uploads\/2016\/09\/travel-slovenia-fran-ramovs-view.jpg","contentUrl":"https:\/\/www.travel-slovenia.si\/slo\/wp-content\/uploads\/2016\/09\/travel-slovenia-fran-ramovs-view.jpg","width":150,"height":150,"caption":"Fran Ramov\u0161"},{"@type":"BreadcrumbList","@id":"https:\/\/www.travel-slovenia.si\/slo\/14-september\/#breadcrumb","itemListElement":[{"@type":"ListItem","position":1,"name":"Home","item":"https:\/\/www.travel-slovenia.si\/slo\/"},{"@type":"ListItem","position":2,"name":"14. september"}]},{"@type":"WebSite","@id":"https:\/\/www.travel-slovenia.si\/slo\/#website","url":"https:\/\/www.travel-slovenia.si\/slo\/","name":"Travel Slovenia - Sledite lepotam na\u0161e male dr\u017eavice","description":"","potentialAction":[{"@type":"SearchAction","target":{"@type":"EntryPoint","urlTemplate":"https:\/\/www.travel-slovenia.si\/slo\/?s={search_term_string}"},"query-input":{"@type":"PropertyValueSpecification","valueRequired":true,"valueName":"search_term_string"}}],"inLanguage":"sl-SI"}]}},"post_mailing_queue_ids":[],"_links":{"self":[{"href":"https:\/\/www.travel-slovenia.si\/slo\/wp-json\/wp\/v2\/pages\/5845","targetHints":{"allow":["GET"]}}],"collection":[{"href":"https:\/\/www.travel-slovenia.si\/slo\/wp-json\/wp\/v2\/pages"}],"about":[{"href":"https:\/\/www.travel-slovenia.si\/slo\/wp-json\/wp\/v2\/types\/page"}],"author":[{"embeddable":true,"href":"https:\/\/www.travel-slovenia.si\/slo\/wp-json\/wp\/v2\/users\/111"}],"replies":[{"embeddable":true,"href":"https:\/\/www.travel-slovenia.si\/slo\/wp-json\/wp\/v2\/comments?post=5845"}],"version-history":[{"count":5,"href":"https:\/\/www.travel-slovenia.si\/slo\/wp-json\/wp\/v2\/pages\/5845\/revisions"}],"predecessor-version":[{"id":8706,"href":"https:\/\/www.travel-slovenia.si\/slo\/wp-json\/wp\/v2\/pages\/5845\/revisions\/8706"}],"wp:attachment":[{"href":"https:\/\/www.travel-slovenia.si\/slo\/wp-json\/wp\/v2\/media?parent=5845"}],"curies":[{"name":"wp","href":"https:\/\/api.w.org\/{rel}","templated":true}]}}