{"id":5789,"date":"2016-07-25T13:52:39","date_gmt":"2016-07-25T11:52:39","guid":{"rendered":"https:\/\/www.travel-slovenia.si\/slo\/?page_id=5789"},"modified":"2016-07-25T13:52:39","modified_gmt":"2016-07-25T11:52:39","slug":"javornik-pot-4-preko-crnega-vrha","status":"publish","type":"page","link":"https:\/\/www.travel-slovenia.si\/slo\/javornik-pot-4-preko-crnega-vrha\/","title":{"rendered":"Javornik &#8211; Pot 4 &#8211; Preko \u010crnega vrha"},"content":{"rendered":"<p><strong>Vi\u0161ina vzpetine:<\/strong> 1240 m<br \/>\n<strong>Vi\u0161ina za\u010detne to\u010dke:<\/strong> 686 m<br \/>\n<strong>Vi\u0161inska razlika:<\/strong> 554 m<\/p>\n<p><strong>\u010cas hoje:<\/strong> 2 h 30 min<br \/>\n<strong>Te\u017eavnost:<\/strong> Lahka ozna\u010dena pot<br \/>\n<strong>Oprema:<\/strong> Obi\u010dajna pohodni\u0161ka oprema. V zimskem \u010dasu priporo\u010dljive dereze.<br \/>\n<strong>Primernost obiska:<\/strong> Vsi letni \u010dasi<\/p>\n<p style=\"text-align: justify;\"><strong>Dostop:<\/strong><br \/>\nPripeljemo se do Logatca in do kraja Godovi\u010d, ki se nahaja za naseljem. Iz Godovi\u010da se usmerimo proti \u010crnemu vrhu in Colu. V \u010crnem vrhu parkiramo na parkiri\u0161\u010du. Od parkiri\u0161\u010da potem nadaljujemo po glavni cesti proti Colu do serpentine, kjer vidimo tablo, ki nas usmeri levo proti Javorniku. Prvo se vzpenjamo skozi gozd, a kmalu pre\u010dkamo kolovoz, mi nadaljujemo naravnost. Poti sledimo do naslednjega kolovoza, ki mu sledimo v levo vse do makadamske poti na poti proti zaselku \u0160ajsna Ravan. Pot nas popelje mimo kri\u017ea in kapelice do nekaj hi\u0161. Pred zaselkom nas markacija usmeri v desno in nadaljujemo po kolovozu. Kmalu pridemo do kri\u017ei\u0161\u010da, usmerimo se naravnost mimo hi\u0161 do travnatega pobo\u010dja, katerega pre\u010dkamo. Na naslednjem kri\u017ei\u0161\u010du nadaljujemo levo v gozd. Vzpenjamo se po gozdni poti, \u010dez jaso nazaj v gozd. Pot zavije nekoliko v levo in nadaljujemo po kolovozu, popelje nas \u010dez travnata pobo\u010dja do kri\u017ei\u0161\u010da. Usmerimo se levo po strmi poti vse do vrha Javornika kjer se nahaja razgledni stolp. Od stolpa se usmerimo desno proti ko\u010di, po nekaj minutnem spustu jo tudi dose\u017eemo.<\/p>\n<p style=\"text-align: justify;\">\n<div class='prettyMapList above cf' id='MapListPro0'><!--The Map --><div id='map-canvas0' class='mapHolder'><\/div><!-- hidden div that gets bound --><div data-bind=\"map: $data.filteredLocations()\"><\/div><!-- Search, Filters, Sorting bar --><div class='prettyFileBar clearfix'><!-- Sorting button --><\/div><!--Message bar--><div class='prettyMessage' data-bind='visible: anyLocationsAvailable' style='display:none;'><span>No matching locations <\/span><a class='btn' href='#' data-bind='click:clearSearch'>Show all locations<\/a><\/div><div class='prettyMessage' data-bind='visible: geocodeFail' style='display:none;'><span>No location found <\/span><a class='btn' href='#' data-bind='click:clearSearch'>Show all locations<\/a><\/div><div id='ListContainer'><\/div><\/div>\n","protected":false},"excerpt":{"rendered":"<p>Vi\u0161ina vzpetine: 1240 m Vi\u0161ina za\u010detne to\u010dke: 686 m Vi\u0161inska razlika: 554 m \u010cas hoje: 2 h 30 min Te\u017eavnost: Lahka ozna\u010dena pot Oprema: Obi\u010dajna pohodni\u0161ka oprema. V zimskem \u010dasu priporo\u010dljive dereze. Primernost obiska: Vsi letni \u010dasi Dostop: Pripeljemo se do Logatca in do kraja Godovi\u010d, ki se nahaja za naseljem. Iz Godovi\u010da se usmerimo [&hellip;]<\/p>\n","protected":false},"author":111,"featured_media":0,"parent":0,"menu_order":0,"comment_status":"closed","ping_status":"closed","template":"","meta":{"footnotes":""},"class_list":["post-5789","page","type-page","status-publish","hentry"],"yoast_head":"<!-- This site is optimized with the Yoast SEO plugin v25.4 - https:\/\/yoast.com\/wordpress\/plugins\/seo\/ -->\n<title>Javornik - Pot 1 - Preko \u010crnega vrha : Travel-Slovenia<\/title>\n<meta name=\"description\" content=\"Javornik - Pot 1 - Preko \u010crnega vrha je ena izmed mo\u017enosti kako priti na vrh Javornika na katerem nas \u010daka tudi lesen stolp.\" \/>\n<meta name=\"robots\" content=\"index, follow, max-snippet:-1, max-image-preview:large, max-video-preview:-1\" \/>\n<link rel=\"canonical\" href=\"https:\/\/www.travel-slovenia.si\/slo\/javornik-pot-4-preko-crnega-vrha\/\" \/>\n<meta property=\"og:locale\" content=\"sl_SI\" \/>\n<meta property=\"og:type\" content=\"article\" \/>\n<meta property=\"og:title\" content=\"Javornik - Pot 1 - Preko \u010crnega vrha : Travel-Slovenia\" \/>\n<meta property=\"og:description\" content=\"Javornik - Pot 1 - Preko \u010crnega vrha je ena izmed mo\u017enosti kako priti na vrh Javornika na katerem nas \u010daka tudi lesen stolp.\" \/>\n<meta property=\"og:url\" content=\"https:\/\/www.travel-slovenia.si\/slo\/javornik-pot-4-preko-crnega-vrha\/\" \/>\n<meta property=\"og:site_name\" content=\"Travel Slovenia - Sledite lepotam na\u0161e male dr\u017eavice\" \/>\n<meta property=\"og:image\" content=\"https:\/\/www.travel-slovenia.si\/slo\/wp-content\/uploads\/2016\/07\/travel-slovenia-javornik.jpg\" \/>\n\t<meta property=\"og:image:width\" content=\"400\" \/>\n\t<meta property=\"og:image:height\" content=\"225\" \/>\n\t<meta property=\"og:image:type\" content=\"image\/jpeg\" \/>\n<meta name=\"twitter:card\" content=\"summary_large_image\" \/>\n<meta name=\"twitter:title\" content=\"Javornik - Pot 1 - Preko \u010crnega vrha : Travel-Slovenia\" \/>\n<meta name=\"twitter:description\" content=\"Javornik - Pot 1 - Preko \u010crnega vrha je ena izmed mo\u017enosti kako priti na vrh Javornika na katerem nas \u010daka tudi lesen stolp.\" \/>\n<meta name=\"twitter:image\" content=\"https:\/\/www.travel-slovenia.si\/slo\/wp-content\/uploads\/2016\/07\/travel-slovenia-javornik.jpg\" \/>\n<meta name=\"twitter:label1\" content=\"Est. reading time\" \/>\n\t<meta name=\"twitter:data1\" content=\"1 minuta\" \/>\n<script type=\"application\/ld+json\" class=\"yoast-schema-graph\">{\"@context\":\"https:\/\/schema.org\",\"@graph\":[{\"@type\":\"WebPage\",\"@id\":\"https:\/\/www.travel-slovenia.si\/slo\/javornik-pot-4-preko-crnega-vrha\/\",\"url\":\"https:\/\/www.travel-slovenia.si\/slo\/javornik-pot-4-preko-crnega-vrha\/\",\"name\":\"Javornik - Pot 1 - Preko \u010crnega vrha : Travel-Slovenia\",\"isPartOf\":{\"@id\":\"https:\/\/www.travel-slovenia.si\/slo\/#website\"},\"datePublished\":\"2016-07-25T11:52:39+00:00\",\"description\":\"Javornik - Pot 1 - Preko \u010crnega vrha je ena izmed mo\u017enosti kako priti na vrh Javornika na katerem nas \u010daka tudi lesen stolp.\",\"breadcrumb\":{\"@id\":\"https:\/\/www.travel-slovenia.si\/slo\/javornik-pot-4-preko-crnega-vrha\/#breadcrumb\"},\"inLanguage\":\"sl-SI\",\"potentialAction\":[{\"@type\":\"ReadAction\",\"target\":[\"https:\/\/www.travel-slovenia.si\/slo\/javornik-pot-4-preko-crnega-vrha\/\"]}]},{\"@type\":\"BreadcrumbList\",\"@id\":\"https:\/\/www.travel-slovenia.si\/slo\/javornik-pot-4-preko-crnega-vrha\/#breadcrumb\",\"itemListElement\":[{\"@type\":\"ListItem\",\"position\":1,\"name\":\"Home\",\"item\":\"https:\/\/www.travel-slovenia.si\/slo\/\"},{\"@type\":\"ListItem\",\"position\":2,\"name\":\"Javornik &#8211; Pot 4 &#8211; Preko \u010crnega vrha\"}]},{\"@type\":\"WebSite\",\"@id\":\"https:\/\/www.travel-slovenia.si\/slo\/#website\",\"url\":\"https:\/\/www.travel-slovenia.si\/slo\/\",\"name\":\"Travel Slovenia - Sledite lepotam na\u0161e male dr\u017eavice\",\"description\":\"\",\"potentialAction\":[{\"@type\":\"SearchAction\",\"target\":{\"@type\":\"EntryPoint\",\"urlTemplate\":\"https:\/\/www.travel-slovenia.si\/slo\/?s={search_term_string}\"},\"query-input\":{\"@type\":\"PropertyValueSpecification\",\"valueRequired\":true,\"valueName\":\"search_term_string\"}}],\"inLanguage\":\"sl-SI\"}]}<\/script>\n<!-- \/ Yoast SEO plugin. -->","yoast_head_json":{"title":"Javornik - Pot 1 - Preko \u010crnega vrha : Travel-Slovenia","description":"Javornik - Pot 1 - Preko \u010crnega vrha je ena izmed mo\u017enosti kako priti na vrh Javornika na katerem nas \u010daka tudi lesen stolp.","robots":{"index":"index","follow":"follow","max-snippet":"max-snippet:-1","max-image-preview":"max-image-preview:large","max-video-preview":"max-video-preview:-1"},"canonical":"https:\/\/www.travel-slovenia.si\/slo\/javornik-pot-4-preko-crnega-vrha\/","og_locale":"sl_SI","og_type":"article","og_title":"Javornik - Pot 1 - Preko \u010crnega vrha : Travel-Slovenia","og_description":"Javornik - Pot 1 - Preko \u010crnega vrha je ena izmed mo\u017enosti kako priti na vrh Javornika na katerem nas \u010daka tudi lesen stolp.","og_url":"https:\/\/www.travel-slovenia.si\/slo\/javornik-pot-4-preko-crnega-vrha\/","og_site_name":"Travel Slovenia - Sledite lepotam na\u0161e male dr\u017eavice","og_image":[{"width":400,"height":225,"url":"https:\/\/www.travel-slovenia.si\/slo\/wp-content\/uploads\/2016\/07\/travel-slovenia-javornik.jpg","type":"image\/jpeg"}],"twitter_card":"summary_large_image","twitter_title":"Javornik - Pot 1 - Preko \u010crnega vrha : Travel-Slovenia","twitter_description":"Javornik - Pot 1 - Preko \u010crnega vrha je ena izmed mo\u017enosti kako priti na vrh Javornika na katerem nas \u010daka tudi lesen stolp.","twitter_image":"https:\/\/www.travel-slovenia.si\/slo\/wp-content\/uploads\/2016\/07\/travel-slovenia-javornik.jpg","twitter_misc":{"Est. reading time":"1 minuta"},"schema":{"@context":"https:\/\/schema.org","@graph":[{"@type":"WebPage","@id":"https:\/\/www.travel-slovenia.si\/slo\/javornik-pot-4-preko-crnega-vrha\/","url":"https:\/\/www.travel-slovenia.si\/slo\/javornik-pot-4-preko-crnega-vrha\/","name":"Javornik - Pot 1 - Preko \u010crnega vrha : Travel-Slovenia","isPartOf":{"@id":"https:\/\/www.travel-slovenia.si\/slo\/#website"},"datePublished":"2016-07-25T11:52:39+00:00","description":"Javornik - Pot 1 - Preko \u010crnega vrha je ena izmed mo\u017enosti kako priti na vrh Javornika na katerem nas \u010daka tudi lesen stolp.","breadcrumb":{"@id":"https:\/\/www.travel-slovenia.si\/slo\/javornik-pot-4-preko-crnega-vrha\/#breadcrumb"},"inLanguage":"sl-SI","potentialAction":[{"@type":"ReadAction","target":["https:\/\/www.travel-slovenia.si\/slo\/javornik-pot-4-preko-crnega-vrha\/"]}]},{"@type":"BreadcrumbList","@id":"https:\/\/www.travel-slovenia.si\/slo\/javornik-pot-4-preko-crnega-vrha\/#breadcrumb","itemListElement":[{"@type":"ListItem","position":1,"name":"Home","item":"https:\/\/www.travel-slovenia.si\/slo\/"},{"@type":"ListItem","position":2,"name":"Javornik &#8211; Pot 4 &#8211; Preko \u010crnega vrha"}]},{"@type":"WebSite","@id":"https:\/\/www.travel-slovenia.si\/slo\/#website","url":"https:\/\/www.travel-slovenia.si\/slo\/","name":"Travel Slovenia - Sledite lepotam na\u0161e male dr\u017eavice","description":"","potentialAction":[{"@type":"SearchAction","target":{"@type":"EntryPoint","urlTemplate":"https:\/\/www.travel-slovenia.si\/slo\/?s={search_term_string}"},"query-input":{"@type":"PropertyValueSpecification","valueRequired":true,"valueName":"search_term_string"}}],"inLanguage":"sl-SI"}]}},"post_mailing_queue_ids":[],"_links":{"self":[{"href":"https:\/\/www.travel-slovenia.si\/slo\/wp-json\/wp\/v2\/pages\/5789","targetHints":{"allow":["GET"]}}],"collection":[{"href":"https:\/\/www.travel-slovenia.si\/slo\/wp-json\/wp\/v2\/pages"}],"about":[{"href":"https:\/\/www.travel-slovenia.si\/slo\/wp-json\/wp\/v2\/types\/page"}],"author":[{"embeddable":true,"href":"https:\/\/www.travel-slovenia.si\/slo\/wp-json\/wp\/v2\/users\/111"}],"replies":[{"embeddable":true,"href":"https:\/\/www.travel-slovenia.si\/slo\/wp-json\/wp\/v2\/comments?post=5789"}],"version-history":[{"count":1,"href":"https:\/\/www.travel-slovenia.si\/slo\/wp-json\/wp\/v2\/pages\/5789\/revisions"}],"predecessor-version":[{"id":5790,"href":"https:\/\/www.travel-slovenia.si\/slo\/wp-json\/wp\/v2\/pages\/5789\/revisions\/5790"}],"wp:attachment":[{"href":"https:\/\/www.travel-slovenia.si\/slo\/wp-json\/wp\/v2\/media?parent=5789"}],"curies":[{"name":"wp","href":"https:\/\/api.w.org\/{rel}","templated":true}]}}