{"id":5787,"date":"2016-07-25T13:49:45","date_gmt":"2016-07-25T11:49:45","guid":{"rendered":"https:\/\/www.travel-slovenia.si\/slo\/?page_id=5787"},"modified":"2016-07-25T13:49:45","modified_gmt":"2016-07-25T11:49:45","slug":"javornik-pot-3-preko-podkraja","status":"publish","type":"page","link":"https:\/\/www.travel-slovenia.si\/slo\/javornik-pot-3-preko-podkraja\/","title":{"rendered":"Javornik &#8211; Pot 3 &#8211; Preko Podkraja"},"content":{"rendered":"<p><strong>Vi\u0161ina vzpetine:<\/strong> 1240 m<br \/>\n<strong>Vi\u0161ina za\u010detne to\u010dke:<\/strong> 798 m<br \/>\n<strong>Vi\u0161inska razlika:<\/strong> 442 m<\/p>\n<p><strong>\u010cas hoje:<\/strong>\u00a02 h 30 min<br \/>\n<strong>Te\u017eavnost:<\/strong> Lahka ozna\u010dena pot<br \/>\n<strong>Oprema:<\/strong> Obi\u010dajna pohodni\u0161ka oprema. V zimskem \u010dasu priporo\u010dljive dereze.<br \/>\n<strong>Primernost obiska:<\/strong> Vsi letni \u010dasi<\/p>\n<p style=\"text-align: justify;\"><strong>Dostop:<\/strong><br \/>\nUsmerimo se proti Logatcu, od tu se usmerimo proti Idriji. Nekoliko pred vasjo Kalce, za Logatcem, se usmerimo v levo proti Podkraju in Colu. Ko prispemo v Podkraj parkiramo na primernem mestu, na majhnem parkiri\u0161\u010du ob tabli, nahaja se na koncu vasi. Od tu se odpravimo po vzpenjajo\u010dem kolovozu proti Svetemu Duhu in Javorniku. Kmalu zavijemo desno preko travnatega pobo\u010dja. Nekoliko vi\u0161je pre\u010dimo kraj\u0161i gozdni pas, za njim pridemo do razpotja. Oznaka nas usmeri desno proti Javorniku. Pot se rahlo vzpenja ob robu gozda vse do Izakove ko\u010de, ki se nahaja nekoliko stran od poti na levi. Nad bivakom se pot razdeli v ve\u010d smeri, mi nadaljujemo naravnost v smeri Javornika vse do kri\u017ei\u0161\u010da. Sledimo oznaki rahlo desno na travnati kolovoz, mimo voja\u0161kega bunkerja po levi, vse do ograje pa\u0161nika. Nadaljujemo ob ograji, nekoliko kasneje pot zavije desno, v smeri po kateri smo pri\u0161li. Po spustu zavije levo v gozd, kjer se vzpenjamo po zara\u0161\u010deni poti.<\/p>\n<p style=\"text-align: justify;\">Po kratkem spustu pridemo do makadamske ceste, ki nas popelje v levo. Iz gozda pridemo na travnato pobo\u010dje, kjer pridemo do kri\u017ei\u0161\u010da. Usmerimo se desno, pot nas pripelje do znamenja. Od tu pa se \u0161e nekoliko strmeje vzpenja. Ko se pot polo\u017ei pridemo do ravnice, tu nadaljujemo levo po markirani poti vse do klopce. Od klopce dalje pre\u010dimo pobo\u010dje Streli\u0161kega vrha in pridemo do prevala, na desni strani se nahaja pri\u017enica. Na prevalu pridemo do kri\u017ei\u0161\u010da, usmerimo se navzdol v smeri Javornika in sledimo markacijam. Tu se nahajajo \u0161tevilne stranske poti. Pridemo do makadamske poti, na kateri se usmerimo desno. Po vzponu pridemo do kri\u017ei\u0161\u010da, nadaljujemo levo in pridemo do razglednega pobo\u010dja. Pre\u010dkamo kraj\u0161i gozdni pas ter pridemo do kri\u017ei\u0161\u010da, usmerimo se v levo do opu\u0161\u010dene hi\u0161e. Pred opu\u0161\u010deno hi\u0161o nas oznake usmerijo desno, tako nas pot pripelje do ko\u010de na Javorniku. Pri ko\u010di nas tabla usmeri proti stolpu, po nekaj minutah vzpona prispemo na vrh Javornika s stolpom.<\/p>\n<p style=\"text-align: justify;\">\n<div class='prettyMapList above cf' id='MapListPro0'><!--The Map --><div id='map-canvas0' class='mapHolder'><\/div><!-- hidden div that gets bound --><div data-bind=\"map: $data.filteredLocations()\"><\/div><!-- Search, Filters, Sorting bar --><div class='prettyFileBar clearfix'><!-- Sorting button --><\/div><!--Message bar--><div class='prettyMessage' data-bind='visible: anyLocationsAvailable' style='display:none;'><span>No matching locations <\/span><a class='btn' href='#' data-bind='click:clearSearch'>Show all locations<\/a><\/div><div class='prettyMessage' data-bind='visible: geocodeFail' style='display:none;'><span>No location found <\/span><a class='btn' href='#' data-bind='click:clearSearch'>Show all locations<\/a><\/div><div id='ListContainer'><\/div><\/div>\n","protected":false},"excerpt":{"rendered":"<p>Vi\u0161ina vzpetine: 1240 m Vi\u0161ina za\u010detne to\u010dke: 798 m Vi\u0161inska razlika: 442 m \u010cas hoje:\u00a02 h 30 min Te\u017eavnost: Lahka ozna\u010dena pot Oprema: Obi\u010dajna pohodni\u0161ka oprema. V zimskem \u010dasu priporo\u010dljive dereze. Primernost obiska: Vsi letni \u010dasi Dostop: Usmerimo se proti Logatcu, od tu se usmerimo proti Idriji. Nekoliko pred vasjo Kalce, za Logatcem, se usmerimo [&hellip;]<\/p>\n","protected":false},"author":111,"featured_media":0,"parent":0,"menu_order":0,"comment_status":"closed","ping_status":"closed","template":"","meta":{"footnotes":""},"class_list":["post-5787","page","type-page","status-publish","hentry"],"yoast_head":"<!-- This site is optimized with the Yoast SEO plugin v25.4 - https:\/\/yoast.com\/wordpress\/plugins\/seo\/ -->\n<title>Javornik - Pot 1 - Preko Podkraja : Travel-Slovenia<\/title>\n<meta name=\"description\" content=\"Javornik - Pot 1 - Preko Podkraja je ena izmed mo\u017enosti kako priti na vrh Javornika na katerem nas \u010daka tudi lesen stolp.\" \/>\n<meta name=\"robots\" content=\"index, follow, max-snippet:-1, max-image-preview:large, max-video-preview:-1\" \/>\n<link rel=\"canonical\" href=\"https:\/\/www.travel-slovenia.si\/slo\/javornik-pot-3-preko-podkraja\/\" \/>\n<meta property=\"og:locale\" content=\"sl_SI\" \/>\n<meta property=\"og:type\" content=\"article\" \/>\n<meta property=\"og:title\" content=\"Javornik - Pot 1 - Preko Podkraja : Travel-Slovenia\" \/>\n<meta property=\"og:description\" content=\"Javornik - Pot 1 - Preko Podkraja je ena izmed mo\u017enosti kako priti na vrh Javornika na katerem nas \u010daka tudi lesen stolp.\" \/>\n<meta property=\"og:url\" content=\"https:\/\/www.travel-slovenia.si\/slo\/javornik-pot-3-preko-podkraja\/\" \/>\n<meta property=\"og:site_name\" content=\"Travel Slovenia - Sledite lepotam na\u0161e male dr\u017eavice\" \/>\n<meta property=\"og:image\" content=\"https:\/\/www.travel-slovenia.si\/slo\/wp-content\/uploads\/2016\/07\/travel-slovenia-javornik.jpg\" \/>\n\t<meta property=\"og:image:width\" content=\"400\" \/>\n\t<meta property=\"og:image:height\" content=\"225\" \/>\n\t<meta property=\"og:image:type\" content=\"image\/jpeg\" \/>\n<meta name=\"twitter:card\" content=\"summary_large_image\" \/>\n<meta name=\"twitter:title\" content=\"Javornik - Pot 1 - Preko Podkraja : Travel-Slovenia\" \/>\n<meta name=\"twitter:description\" content=\"Javornik - Pot 1 - Preko Podkraja je ena izmed mo\u017enosti kako priti na vrh Javornika na katerem nas \u010daka tudi lesen stolp.\" \/>\n<meta name=\"twitter:image\" content=\"https:\/\/www.travel-slovenia.si\/slo\/wp-content\/uploads\/2016\/07\/travel-slovenia-javornik.jpg\" \/>\n<meta name=\"twitter:label1\" content=\"Est. reading time\" \/>\n\t<meta name=\"twitter:data1\" content=\"2 minuti\" \/>\n<script type=\"application\/ld+json\" class=\"yoast-schema-graph\">{\"@context\":\"https:\/\/schema.org\",\"@graph\":[{\"@type\":\"WebPage\",\"@id\":\"https:\/\/www.travel-slovenia.si\/slo\/javornik-pot-3-preko-podkraja\/\",\"url\":\"https:\/\/www.travel-slovenia.si\/slo\/javornik-pot-3-preko-podkraja\/\",\"name\":\"Javornik - Pot 1 - Preko Podkraja : Travel-Slovenia\",\"isPartOf\":{\"@id\":\"https:\/\/www.travel-slovenia.si\/slo\/#website\"},\"datePublished\":\"2016-07-25T11:49:45+00:00\",\"description\":\"Javornik - Pot 1 - Preko Podkraja je ena izmed mo\u017enosti kako priti na vrh Javornika na katerem nas \u010daka tudi lesen stolp.\",\"breadcrumb\":{\"@id\":\"https:\/\/www.travel-slovenia.si\/slo\/javornik-pot-3-preko-podkraja\/#breadcrumb\"},\"inLanguage\":\"sl-SI\",\"potentialAction\":[{\"@type\":\"ReadAction\",\"target\":[\"https:\/\/www.travel-slovenia.si\/slo\/javornik-pot-3-preko-podkraja\/\"]}]},{\"@type\":\"BreadcrumbList\",\"@id\":\"https:\/\/www.travel-slovenia.si\/slo\/javornik-pot-3-preko-podkraja\/#breadcrumb\",\"itemListElement\":[{\"@type\":\"ListItem\",\"position\":1,\"name\":\"Home\",\"item\":\"https:\/\/www.travel-slovenia.si\/slo\/\"},{\"@type\":\"ListItem\",\"position\":2,\"name\":\"Javornik &#8211; Pot 3 &#8211; Preko Podkraja\"}]},{\"@type\":\"WebSite\",\"@id\":\"https:\/\/www.travel-slovenia.si\/slo\/#website\",\"url\":\"https:\/\/www.travel-slovenia.si\/slo\/\",\"name\":\"Travel Slovenia - Sledite lepotam na\u0161e male dr\u017eavice\",\"description\":\"\",\"potentialAction\":[{\"@type\":\"SearchAction\",\"target\":{\"@type\":\"EntryPoint\",\"urlTemplate\":\"https:\/\/www.travel-slovenia.si\/slo\/?s={search_term_string}\"},\"query-input\":{\"@type\":\"PropertyValueSpecification\",\"valueRequired\":true,\"valueName\":\"search_term_string\"}}],\"inLanguage\":\"sl-SI\"}]}<\/script>\n<!-- \/ Yoast SEO plugin. -->","yoast_head_json":{"title":"Javornik - Pot 1 - Preko Podkraja : Travel-Slovenia","description":"Javornik - Pot 1 - Preko Podkraja je ena izmed mo\u017enosti kako priti na vrh Javornika na katerem nas \u010daka tudi lesen stolp.","robots":{"index":"index","follow":"follow","max-snippet":"max-snippet:-1","max-image-preview":"max-image-preview:large","max-video-preview":"max-video-preview:-1"},"canonical":"https:\/\/www.travel-slovenia.si\/slo\/javornik-pot-3-preko-podkraja\/","og_locale":"sl_SI","og_type":"article","og_title":"Javornik - Pot 1 - Preko Podkraja : Travel-Slovenia","og_description":"Javornik - Pot 1 - Preko Podkraja je ena izmed mo\u017enosti kako priti na vrh Javornika na katerem nas \u010daka tudi lesen stolp.","og_url":"https:\/\/www.travel-slovenia.si\/slo\/javornik-pot-3-preko-podkraja\/","og_site_name":"Travel Slovenia - Sledite lepotam na\u0161e male dr\u017eavice","og_image":[{"width":400,"height":225,"url":"https:\/\/www.travel-slovenia.si\/slo\/wp-content\/uploads\/2016\/07\/travel-slovenia-javornik.jpg","type":"image\/jpeg"}],"twitter_card":"summary_large_image","twitter_title":"Javornik - Pot 1 - Preko Podkraja : Travel-Slovenia","twitter_description":"Javornik - Pot 1 - Preko Podkraja je ena izmed mo\u017enosti kako priti na vrh Javornika na katerem nas \u010daka tudi lesen stolp.","twitter_image":"https:\/\/www.travel-slovenia.si\/slo\/wp-content\/uploads\/2016\/07\/travel-slovenia-javornik.jpg","twitter_misc":{"Est. reading time":"2 minuti"},"schema":{"@context":"https:\/\/schema.org","@graph":[{"@type":"WebPage","@id":"https:\/\/www.travel-slovenia.si\/slo\/javornik-pot-3-preko-podkraja\/","url":"https:\/\/www.travel-slovenia.si\/slo\/javornik-pot-3-preko-podkraja\/","name":"Javornik - Pot 1 - Preko Podkraja : Travel-Slovenia","isPartOf":{"@id":"https:\/\/www.travel-slovenia.si\/slo\/#website"},"datePublished":"2016-07-25T11:49:45+00:00","description":"Javornik - Pot 1 - Preko Podkraja je ena izmed mo\u017enosti kako priti na vrh Javornika na katerem nas \u010daka tudi lesen stolp.","breadcrumb":{"@id":"https:\/\/www.travel-slovenia.si\/slo\/javornik-pot-3-preko-podkraja\/#breadcrumb"},"inLanguage":"sl-SI","potentialAction":[{"@type":"ReadAction","target":["https:\/\/www.travel-slovenia.si\/slo\/javornik-pot-3-preko-podkraja\/"]}]},{"@type":"BreadcrumbList","@id":"https:\/\/www.travel-slovenia.si\/slo\/javornik-pot-3-preko-podkraja\/#breadcrumb","itemListElement":[{"@type":"ListItem","position":1,"name":"Home","item":"https:\/\/www.travel-slovenia.si\/slo\/"},{"@type":"ListItem","position":2,"name":"Javornik &#8211; Pot 3 &#8211; Preko Podkraja"}]},{"@type":"WebSite","@id":"https:\/\/www.travel-slovenia.si\/slo\/#website","url":"https:\/\/www.travel-slovenia.si\/slo\/","name":"Travel Slovenia - Sledite lepotam na\u0161e male dr\u017eavice","description":"","potentialAction":[{"@type":"SearchAction","target":{"@type":"EntryPoint","urlTemplate":"https:\/\/www.travel-slovenia.si\/slo\/?s={search_term_string}"},"query-input":{"@type":"PropertyValueSpecification","valueRequired":true,"valueName":"search_term_string"}}],"inLanguage":"sl-SI"}]}},"post_mailing_queue_ids":[],"_links":{"self":[{"href":"https:\/\/www.travel-slovenia.si\/slo\/wp-json\/wp\/v2\/pages\/5787","targetHints":{"allow":["GET"]}}],"collection":[{"href":"https:\/\/www.travel-slovenia.si\/slo\/wp-json\/wp\/v2\/pages"}],"about":[{"href":"https:\/\/www.travel-slovenia.si\/slo\/wp-json\/wp\/v2\/types\/page"}],"author":[{"embeddable":true,"href":"https:\/\/www.travel-slovenia.si\/slo\/wp-json\/wp\/v2\/users\/111"}],"replies":[{"embeddable":true,"href":"https:\/\/www.travel-slovenia.si\/slo\/wp-json\/wp\/v2\/comments?post=5787"}],"version-history":[{"count":1,"href":"https:\/\/www.travel-slovenia.si\/slo\/wp-json\/wp\/v2\/pages\/5787\/revisions"}],"predecessor-version":[{"id":5788,"href":"https:\/\/www.travel-slovenia.si\/slo\/wp-json\/wp\/v2\/pages\/5787\/revisions\/5788"}],"wp:attachment":[{"href":"https:\/\/www.travel-slovenia.si\/slo\/wp-json\/wp\/v2\/media?parent=5787"}],"curies":[{"name":"wp","href":"https:\/\/api.w.org\/{rel}","templated":true}]}}