{"id":5785,"date":"2016-07-25T13:46:35","date_gmt":"2016-07-25T11:46:35","guid":{"rendered":"https:\/\/www.travel-slovenia.si\/slo\/?page_id=5785"},"modified":"2016-07-25T13:46:35","modified_gmt":"2016-07-25T11:46:35","slug":"javornik-pot-2-preko-cola","status":"publish","type":"page","link":"https:\/\/www.travel-slovenia.si\/slo\/javornik-pot-2-preko-cola\/","title":{"rendered":"Javornik &#8211; Pot 2 &#8211; Preko Cola"},"content":{"rendered":"<p><strong>Vi\u0161ina vzpetine:<\/strong> 1240 m<br \/>\n<strong>Vi\u0161ina za\u010detne to\u010dke:<\/strong> 627 m<br \/>\n<strong>Vi\u0161inska razlika:<\/strong> 613 m<\/p>\n<p><strong>\u010cas hoje:<\/strong>\u00a03 h<br \/>\n<strong>Te\u017eavnost:<\/strong> Lahka ozna\u010dena pot<br \/>\n<strong>Oprema:<\/strong> Obi\u010dajna pohodni\u0161ka oprema. V zimskem \u010dasu priporo\u010dljive dereze.<br \/>\n<strong>Primernost obiska:<\/strong> Vsi letni \u010dasi<\/p>\n<p style=\"text-align: justify;\"><strong>Dostop:<\/strong><br \/>\nZapeljati se moramo do Cola nad Ajdov\u0161\u010dino na Primorskem. V vasi pri cerkvi parkiramo na bli\u017enjem \u0161portnem igri\u0161\u010du. Od tu se usmerimo nazaj na glavno cesto Ajdov\u0161\u010dina &#8211; Godovi\u010d, po kateri hodimo do kri\u017ei\u0161\u010da in sledimo oznaki Vodice v desno, kjer stopimo na o\u017ejo cesto. Po cesti se odpravimo mimo hi\u0161 in tovarne, kasneje v gozd. Pot se pri\u010dne zmerno vzpenjati, dokler nas ne pripelje do markacije, kjer se usmerimo v desno. \u010cez \u010das se pot vrne nazaj na cesto, ki nas pripelje do kri\u017ei\u0161\u010da. Oznaka nas pelje levo proti Vodicam. Ob naslednjem razpotju se usmerimo nekoliko v desno po markirani stezi. Kmalu se zopet vrnemo na cesto, ki nas popelje mimo doma\u010dije Lazar. Kmalu ponovno sekamo ovinek in prispemo do kri\u017ei\u0161\u010da, tu nadaljujmo v desno proti Vodicam. Predno cesta preide v gozd se sprehodimo mimo hi\u0161e. Rahlo se pri\u010dnemo vzpenjati. Po nekaj minutah hoje se gozd kon\u010da, kjer vidimo markacije, ki nas popeljejo v levo na makadamsko cesto.<\/p>\n<p style=\"text-align: justify;\">Po spustu ponovno pridemo do ceste ter se \u0161e naprej spu\u0161\u010damo. Med spustom se usmerimo rahlo desno na vzporedno pot, kasneje pa zavijemo v gozd. Pot nadaljujemo po tej rahlo zara\u0161\u010deni poti, ki nas pripelje do kolovoza in nadaljujemo v desno. Od tu dosledno sledimo markacijam, vse skozi pa se rahlo vzpenjamo. Kmalu pre\u010dkamo cesto, od tu pa nas \u010daka nekoliko bolj strm vzpon. Po vzponu pre\u010dkamo cesto pri doma\u010diji Jeler ter pridemo do makadamske ceste, kateri sledimo desno. Kmalu pridemo do elektri\u010dnega droga z leseno tablo, kjer se usmerimo v desno. Pot nas privede nazaj do ceste mimo doma\u010dije Rudolf. Cesti sledimo do naslednjega kri\u017ei\u0161\u010da, kjer zavijemo levo in naredimo lep krog do vrha in kasneje do ko\u010de. Levi poti sledimo vse do kri\u017ei\u0161\u010da in novih oznak, ki nas popeljejo do vrha Javornika. V kolikor ste \u017ee utrujeni se lahko od tu podate tudi proti ko\u010di. Od tega kri\u017ei\u0161\u010da samo \u0161e sledimo poti do vrha, kjer nas pri\u010daka lesen stolp. Od stolpa se podamo desno po poti navzdol, ki nas po nekaj minutah pripelje do ko\u010de in spomenika NOB ter spominske plo\u0161\u010de.<\/p>\n<div class='prettyMapList above cf' id='MapListPro0'><!--The Map --><div id='map-canvas0' class='mapHolder'><\/div><!-- hidden div that gets bound --><div data-bind=\"map: $data.filteredLocations()\"><\/div><!-- Search, Filters, Sorting bar --><div class='prettyFileBar clearfix'><!-- Sorting button --><\/div><!--Message bar--><div class='prettyMessage' data-bind='visible: anyLocationsAvailable' style='display:none;'><span>No matching locations <\/span><a class='btn' href='#' data-bind='click:clearSearch'>Show all locations<\/a><\/div><div class='prettyMessage' data-bind='visible: geocodeFail' style='display:none;'><span>No location found <\/span><a class='btn' href='#' data-bind='click:clearSearch'>Show all locations<\/a><\/div><div id='ListContainer'><\/div><\/div>\n","protected":false},"excerpt":{"rendered":"<p>Vi\u0161ina vzpetine: 1240 m Vi\u0161ina za\u010detne to\u010dke: 627 m Vi\u0161inska razlika: 613 m \u010cas hoje:\u00a03 h Te\u017eavnost: Lahka ozna\u010dena pot Oprema: Obi\u010dajna pohodni\u0161ka oprema. V zimskem \u010dasu priporo\u010dljive dereze. Primernost obiska: Vsi letni \u010dasi Dostop: Zapeljati se moramo do Cola nad Ajdov\u0161\u010dino na Primorskem. V vasi pri cerkvi parkiramo na bli\u017enjem \u0161portnem igri\u0161\u010du. Od tu [&hellip;]<\/p>\n","protected":false},"author":111,"featured_media":0,"parent":0,"menu_order":0,"comment_status":"closed","ping_status":"closed","template":"","meta":{"footnotes":""},"class_list":["post-5785","page","type-page","status-publish","hentry"],"yoast_head":"<!-- This site is optimized with the Yoast SEO plugin v25.4 - https:\/\/yoast.com\/wordpress\/plugins\/seo\/ -->\n<title>Javornik - Pot 1 - Preko Cola : Travel-Slovenia<\/title>\n<meta name=\"description\" content=\"Javornik - Pot 1 - Preko Cola je ena izmed mo\u017enosti kako priti na vrh Javornika na katerem nas \u010daka tudi lesen stolp.\" \/>\n<meta name=\"robots\" content=\"index, follow, max-snippet:-1, max-image-preview:large, max-video-preview:-1\" \/>\n<link rel=\"canonical\" href=\"https:\/\/www.travel-slovenia.si\/slo\/javornik-pot-2-preko-cola\/\" \/>\n<meta property=\"og:locale\" content=\"sl_SI\" \/>\n<meta property=\"og:type\" content=\"article\" \/>\n<meta property=\"og:title\" content=\"Javornik - Pot 1 - Preko Cola : Travel-Slovenia\" \/>\n<meta property=\"og:description\" content=\"Javornik - Pot 1 - Preko Cola je ena izmed mo\u017enosti kako priti na vrh Javornika na katerem nas \u010daka tudi lesen stolp.\" \/>\n<meta property=\"og:url\" content=\"https:\/\/www.travel-slovenia.si\/slo\/javornik-pot-2-preko-cola\/\" \/>\n<meta property=\"og:site_name\" content=\"Travel Slovenia - Sledite lepotam na\u0161e male dr\u017eavice\" \/>\n<meta property=\"og:image\" content=\"https:\/\/www.travel-slovenia.si\/slo\/wp-content\/uploads\/2016\/07\/travel-slovenia-javornik.jpg\" \/>\n\t<meta property=\"og:image:width\" content=\"400\" \/>\n\t<meta property=\"og:image:height\" content=\"225\" \/>\n\t<meta property=\"og:image:type\" content=\"image\/jpeg\" \/>\n<meta name=\"twitter:card\" content=\"summary_large_image\" \/>\n<meta name=\"twitter:title\" content=\"Javornik - Pot 1 - Preko Cola : Travel-Slovenia\" \/>\n<meta name=\"twitter:description\" content=\"Javornik - Pot 1 - Preko Cola je ena izmed mo\u017enosti kako priti na vrh Javornika na katerem nas \u010daka tudi lesen stolp.\" \/>\n<meta name=\"twitter:image\" content=\"https:\/\/www.travel-slovenia.si\/slo\/wp-content\/uploads\/2016\/07\/travel-slovenia-javornik.jpg\" \/>\n<meta name=\"twitter:label1\" content=\"Est. reading time\" \/>\n\t<meta name=\"twitter:data1\" content=\"2 minuti\" \/>\n<script type=\"application\/ld+json\" class=\"yoast-schema-graph\">{\"@context\":\"https:\/\/schema.org\",\"@graph\":[{\"@type\":\"WebPage\",\"@id\":\"https:\/\/www.travel-slovenia.si\/slo\/javornik-pot-2-preko-cola\/\",\"url\":\"https:\/\/www.travel-slovenia.si\/slo\/javornik-pot-2-preko-cola\/\",\"name\":\"Javornik - Pot 1 - Preko Cola : Travel-Slovenia\",\"isPartOf\":{\"@id\":\"https:\/\/www.travel-slovenia.si\/slo\/#website\"},\"datePublished\":\"2016-07-25T11:46:35+00:00\",\"description\":\"Javornik - Pot 1 - Preko Cola je ena izmed mo\u017enosti kako priti na vrh Javornika na katerem nas \u010daka tudi lesen stolp.\",\"breadcrumb\":{\"@id\":\"https:\/\/www.travel-slovenia.si\/slo\/javornik-pot-2-preko-cola\/#breadcrumb\"},\"inLanguage\":\"sl-SI\",\"potentialAction\":[{\"@type\":\"ReadAction\",\"target\":[\"https:\/\/www.travel-slovenia.si\/slo\/javornik-pot-2-preko-cola\/\"]}]},{\"@type\":\"BreadcrumbList\",\"@id\":\"https:\/\/www.travel-slovenia.si\/slo\/javornik-pot-2-preko-cola\/#breadcrumb\",\"itemListElement\":[{\"@type\":\"ListItem\",\"position\":1,\"name\":\"Home\",\"item\":\"https:\/\/www.travel-slovenia.si\/slo\/\"},{\"@type\":\"ListItem\",\"position\":2,\"name\":\"Javornik &#8211; Pot 2 &#8211; Preko Cola\"}]},{\"@type\":\"WebSite\",\"@id\":\"https:\/\/www.travel-slovenia.si\/slo\/#website\",\"url\":\"https:\/\/www.travel-slovenia.si\/slo\/\",\"name\":\"Travel Slovenia - Sledite lepotam na\u0161e male dr\u017eavice\",\"description\":\"\",\"potentialAction\":[{\"@type\":\"SearchAction\",\"target\":{\"@type\":\"EntryPoint\",\"urlTemplate\":\"https:\/\/www.travel-slovenia.si\/slo\/?s={search_term_string}\"},\"query-input\":{\"@type\":\"PropertyValueSpecification\",\"valueRequired\":true,\"valueName\":\"search_term_string\"}}],\"inLanguage\":\"sl-SI\"}]}<\/script>\n<!-- \/ Yoast SEO plugin. -->","yoast_head_json":{"title":"Javornik - Pot 1 - Preko Cola : Travel-Slovenia","description":"Javornik - Pot 1 - Preko Cola je ena izmed mo\u017enosti kako priti na vrh Javornika na katerem nas \u010daka tudi lesen stolp.","robots":{"index":"index","follow":"follow","max-snippet":"max-snippet:-1","max-image-preview":"max-image-preview:large","max-video-preview":"max-video-preview:-1"},"canonical":"https:\/\/www.travel-slovenia.si\/slo\/javornik-pot-2-preko-cola\/","og_locale":"sl_SI","og_type":"article","og_title":"Javornik - Pot 1 - Preko Cola : Travel-Slovenia","og_description":"Javornik - Pot 1 - Preko Cola je ena izmed mo\u017enosti kako priti na vrh Javornika na katerem nas \u010daka tudi lesen stolp.","og_url":"https:\/\/www.travel-slovenia.si\/slo\/javornik-pot-2-preko-cola\/","og_site_name":"Travel Slovenia - Sledite lepotam na\u0161e male dr\u017eavice","og_image":[{"width":400,"height":225,"url":"https:\/\/www.travel-slovenia.si\/slo\/wp-content\/uploads\/2016\/07\/travel-slovenia-javornik.jpg","type":"image\/jpeg"}],"twitter_card":"summary_large_image","twitter_title":"Javornik - Pot 1 - Preko Cola : Travel-Slovenia","twitter_description":"Javornik - Pot 1 - Preko Cola je ena izmed mo\u017enosti kako priti na vrh Javornika na katerem nas \u010daka tudi lesen stolp.","twitter_image":"https:\/\/www.travel-slovenia.si\/slo\/wp-content\/uploads\/2016\/07\/travel-slovenia-javornik.jpg","twitter_misc":{"Est. reading time":"2 minuti"},"schema":{"@context":"https:\/\/schema.org","@graph":[{"@type":"WebPage","@id":"https:\/\/www.travel-slovenia.si\/slo\/javornik-pot-2-preko-cola\/","url":"https:\/\/www.travel-slovenia.si\/slo\/javornik-pot-2-preko-cola\/","name":"Javornik - Pot 1 - Preko Cola : Travel-Slovenia","isPartOf":{"@id":"https:\/\/www.travel-slovenia.si\/slo\/#website"},"datePublished":"2016-07-25T11:46:35+00:00","description":"Javornik - Pot 1 - Preko Cola je ena izmed mo\u017enosti kako priti na vrh Javornika na katerem nas \u010daka tudi lesen stolp.","breadcrumb":{"@id":"https:\/\/www.travel-slovenia.si\/slo\/javornik-pot-2-preko-cola\/#breadcrumb"},"inLanguage":"sl-SI","potentialAction":[{"@type":"ReadAction","target":["https:\/\/www.travel-slovenia.si\/slo\/javornik-pot-2-preko-cola\/"]}]},{"@type":"BreadcrumbList","@id":"https:\/\/www.travel-slovenia.si\/slo\/javornik-pot-2-preko-cola\/#breadcrumb","itemListElement":[{"@type":"ListItem","position":1,"name":"Home","item":"https:\/\/www.travel-slovenia.si\/slo\/"},{"@type":"ListItem","position":2,"name":"Javornik &#8211; Pot 2 &#8211; Preko Cola"}]},{"@type":"WebSite","@id":"https:\/\/www.travel-slovenia.si\/slo\/#website","url":"https:\/\/www.travel-slovenia.si\/slo\/","name":"Travel Slovenia - Sledite lepotam na\u0161e male dr\u017eavice","description":"","potentialAction":[{"@type":"SearchAction","target":{"@type":"EntryPoint","urlTemplate":"https:\/\/www.travel-slovenia.si\/slo\/?s={search_term_string}"},"query-input":{"@type":"PropertyValueSpecification","valueRequired":true,"valueName":"search_term_string"}}],"inLanguage":"sl-SI"}]}},"post_mailing_queue_ids":[],"_links":{"self":[{"href":"https:\/\/www.travel-slovenia.si\/slo\/wp-json\/wp\/v2\/pages\/5785","targetHints":{"allow":["GET"]}}],"collection":[{"href":"https:\/\/www.travel-slovenia.si\/slo\/wp-json\/wp\/v2\/pages"}],"about":[{"href":"https:\/\/www.travel-slovenia.si\/slo\/wp-json\/wp\/v2\/types\/page"}],"author":[{"embeddable":true,"href":"https:\/\/www.travel-slovenia.si\/slo\/wp-json\/wp\/v2\/users\/111"}],"replies":[{"embeddable":true,"href":"https:\/\/www.travel-slovenia.si\/slo\/wp-json\/wp\/v2\/comments?post=5785"}],"version-history":[{"count":1,"href":"https:\/\/www.travel-slovenia.si\/slo\/wp-json\/wp\/v2\/pages\/5785\/revisions"}],"predecessor-version":[{"id":5786,"href":"https:\/\/www.travel-slovenia.si\/slo\/wp-json\/wp\/v2\/pages\/5785\/revisions\/5786"}],"wp:attachment":[{"href":"https:\/\/www.travel-slovenia.si\/slo\/wp-json\/wp\/v2\/media?parent=5785"}],"curies":[{"name":"wp","href":"https:\/\/api.w.org\/{rel}","templated":true}]}}