{"id":5737,"date":"2016-07-18T18:00:33","date_gmt":"2016-07-18T16:00:33","guid":{"rendered":"https:\/\/www.travel-slovenia.si\/slo\/?page_id=5737"},"modified":"2016-07-22T20:55:51","modified_gmt":"2016-07-22T18:55:51","slug":"resi-zivljenje","status":"publish","type":"page","link":"https:\/\/www.travel-slovenia.si\/slo\/resi-zivljenje\/","title":{"rendered":"Re\u0161i \u017eivljenje"},"content":{"rendered":"<figure id=\"attachment_5738\" class=\"wp-caption alignleft\" style=\"max-width: 300px\"><img loading=\"lazy\" decoding=\"async\" class=\"size-medium wp-image-5738\" src=\"https:\/\/www.travel-slovenia.si\/slo\/wp-content\/uploads\/2016\/07\/travel-slovenia-resi-zivljenje-300x182.jpg\" alt=\"Re\u0161evalni pas ob zastoju\" width=\"300\" height=\"182\" srcset=\"https:\/\/www.travel-slovenia.si\/slo\/wp-content\/uploads\/2016\/07\/travel-slovenia-resi-zivljenje-300x182.jpg 300w, https:\/\/www.travel-slovenia.si\/slo\/wp-content\/uploads\/2016\/07\/travel-slovenia-resi-zivljenje-24x15.jpg 24w, https:\/\/www.travel-slovenia.si\/slo\/wp-content\/uploads\/2016\/07\/travel-slovenia-resi-zivljenje-36x22.jpg 36w, https:\/\/www.travel-slovenia.si\/slo\/wp-content\/uploads\/2016\/07\/travel-slovenia-resi-zivljenje-48x29.jpg 48w, https:\/\/www.travel-slovenia.si\/slo\/wp-content\/uploads\/2016\/07\/travel-slovenia-resi-zivljenje.jpg 400w\" sizes=\"auto, (max-width: 300px) 100vw, 300px\" \/><figcaption class=\"wp-caption-text\">Re\u0161evalni pas ob zastoju<\/figcaption><\/figure>\n<p style=\"text-align: justify;\">Pravilna razvrstitev vozil na avtocesti v primeru nesre\u010de pomembno vpliva na re\u0161evanje po\u0161kodovanih, saj bo s tem re\u0161evalno vozilo hitreje pri\u0161lo do po\u0161kodovanih. Tako pove\u010damo mo\u017enost pre\u017eivetja udele\u017eencev nesre\u010de tudi do 40 odstotkov. Zato je ob vsakem zastoju upo\u0161tevajmo pravilo razvr\u0161\u010danja vozil.<\/p>\n<p style=\"text-align: justify;\">Vedno, ko na avtocesti pride do zastoja je pravilno, da je med kolonama vozil &#8211; na prehitevalnem in voznem pasu &#8211; dovolj prostora za vo\u017enjo intervencijskega vozila, ki je opremljeno z modro ali rde\u010do lu\u010djo (re\u0161evalci, gasilci, policija, izvajalec rednega vzdr\u017eevanja, in\u0161pekcijska slu\u017eba, &#8230;).<\/p>\n<p style=\"text-align: justify;\">Vozila na prehitevalnem pasu se razvr\u0161\u010dajo na skrajni levi rob, vozila na voznem pasu pa se razvr\u0161\u010dajo do robne \u010drte oziroma toliko, da bo dovolj prostora za prehod interventnega vozila.<\/p>\n<p style=\"text-align: justify;\">Poglejte \u0161e video kako se pravilno razvrstiti ob zastoju.<\/p>\n<p><a href=\"https:\/\/www.youtube.com\/watch?v=XpzIXPPhyC4\">https:\/\/www.youtube.com\/watch?v=XpzIXPPhyC4<\/a><\/p>\n<p>&nbsp;<\/p>\n<table>\n<tbody>\n<tr>\n<td style=\"text-align: center;\"><a href=\"https:\/\/www.travel-slovenia.si\/slo\/dobro-je-vedeti\/\"><img loading=\"lazy\" decoding=\"async\" class=\"alignleft wp-image-4499 size-full\" src=\"https:\/\/www.travel-slovenia.si\/slo\/wp-content\/uploads\/2014\/09\/travel-slovenia-povezava-na-drugo.jpg\" alt=\"travel-slovenia-povezava-na-drugo\" width=\"100\" height=\"22\" \/><\/a><a href=\"https:\/\/www.travel-slovenia.si\/slo\/dobro-je-vedeti\/\">Poglejte \u0161e druga dejstva pomembna za Slovenijo!<\/a><a href=\"https:\/\/www.travel-slovenia.si\/slo\/dobro-je-vedeti\/\"><img loading=\"lazy\" decoding=\"async\" class=\"alignright wp-image-4500 size-full\" src=\"https:\/\/www.travel-slovenia.si\/slo\/wp-content\/uploads\/2014\/09\/travel-slovenia-povezava-na-drugo2.jpg\" alt=\"travel-slovenia-povezava-na-drugo2\" width=\"100\" height=\"22\" \/><\/a><\/td>\n<\/tr>\n<\/tbody>\n<\/table>\n<p>&nbsp;<\/p>\n","protected":false},"excerpt":{"rendered":"<p>Pravilna razvrstitev vozil na avtocesti v primeru nesre\u010de pomembno vpliva na re\u0161evanje po\u0161kodovanih, saj bo s tem re\u0161evalno vozilo hitreje pri\u0161lo do po\u0161kodovanih. Tako pove\u010damo mo\u017enost pre\u017eivetja udele\u017eencev nesre\u010de tudi do 40 odstotkov. Zato je ob vsakem zastoju upo\u0161tevajmo pravilo razvr\u0161\u010danja vozil. Vedno, ko na avtocesti pride do zastoja je pravilno, da je med kolonama [&hellip;]<\/p>\n","protected":false},"author":111,"featured_media":0,"parent":0,"menu_order":0,"comment_status":"closed","ping_status":"closed","template":"","meta":{"footnotes":""},"class_list":["post-5737","page","type-page","status-publish","hentry"],"yoast_head":"<!-- This site is optimized with the Yoast SEO plugin v25.4 - https:\/\/yoast.com\/wordpress\/plugins\/seo\/ -->\n<title>Re\u0161i \u017eivljenje : Travel-Slovenia<\/title>\n<meta name=\"description\" content=\"Pravilna razvrstitev vozil na avtocesti v primeru nesre\u010de pomembno vpliva na re\u0161evanje po\u0161kodovanih, s tem re\u0161evalno vozilo hitreje pri\u0161lo do po\u0161kodovanih.\" \/>\n<meta name=\"robots\" content=\"index, follow, max-snippet:-1, max-image-preview:large, max-video-preview:-1\" \/>\n<link rel=\"canonical\" href=\"https:\/\/www.travel-slovenia.si\/slo\/resi-zivljenje\/\" \/>\n<meta property=\"og:locale\" content=\"sl_SI\" \/>\n<meta property=\"og:type\" content=\"article\" \/>\n<meta property=\"og:title\" content=\"Re\u0161i \u017eivljenje : Travel-Slovenia\" \/>\n<meta property=\"og:description\" content=\"Pravilna razvrstitev vozil na avtocesti v primeru nesre\u010de pomembno vpliva na re\u0161evanje po\u0161kodovanih, s tem re\u0161evalno vozilo hitreje pri\u0161lo do po\u0161kodovanih.\" \/>\n<meta property=\"og:url\" content=\"https:\/\/www.travel-slovenia.si\/slo\/resi-zivljenje\/\" \/>\n<meta property=\"og:site_name\" content=\"Travel Slovenia - Sledite lepotam na\u0161e male dr\u017eavice\" \/>\n<meta property=\"article:modified_time\" content=\"2016-07-22T18:55:51+00:00\" \/>\n<meta property=\"og:image\" content=\"https:\/\/www.travel-slovenia.si\/slo\/wp-content\/uploads\/2016\/07\/travel-slovenia-resi-zivljenje.jpg\" \/>\n\t<meta property=\"og:image:width\" content=\"400\" \/>\n\t<meta property=\"og:image:height\" content=\"243\" \/>\n\t<meta property=\"og:image:type\" content=\"image\/jpeg\" \/>\n<meta name=\"twitter:card\" content=\"summary_large_image\" \/>\n<meta name=\"twitter:title\" content=\"Re\u0161i \u017eivljenje : Travel-Slovenia\" \/>\n<meta name=\"twitter:description\" content=\"Pravilna razvrstitev vozil na avtocesti v primeru nesre\u010de pomembno vpliva na re\u0161evanje po\u0161kodovanih, s tem re\u0161evalno vozilo hitreje pri\u0161lo do po\u0161kodovanih.\" \/>\n<meta name=\"twitter:image\" content=\"https:\/\/www.travel-slovenia.si\/slo\/wp-content\/uploads\/2016\/07\/travel-slovenia-resi-zivljenje.jpg\" \/>\n<meta name=\"twitter:label1\" content=\"Est. reading time\" \/>\n\t<meta name=\"twitter:data1\" content=\"1 minuta\" \/>\n<script type=\"application\/ld+json\" class=\"yoast-schema-graph\">{\"@context\":\"https:\/\/schema.org\",\"@graph\":[{\"@type\":\"WebPage\",\"@id\":\"https:\/\/www.travel-slovenia.si\/slo\/resi-zivljenje\/\",\"url\":\"https:\/\/www.travel-slovenia.si\/slo\/resi-zivljenje\/\",\"name\":\"Re\u0161i \u017eivljenje : Travel-Slovenia\",\"isPartOf\":{\"@id\":\"https:\/\/www.travel-slovenia.si\/slo\/#website\"},\"primaryImageOfPage\":{\"@id\":\"https:\/\/www.travel-slovenia.si\/slo\/resi-zivljenje\/#primaryimage\"},\"image\":{\"@id\":\"https:\/\/www.travel-slovenia.si\/slo\/resi-zivljenje\/#primaryimage\"},\"thumbnailUrl\":\"https:\/\/www.travel-slovenia.si\/slo\/wp-content\/uploads\/2016\/07\/travel-slovenia-resi-zivljenje-300x182.jpg\",\"datePublished\":\"2016-07-18T16:00:33+00:00\",\"dateModified\":\"2016-07-22T18:55:51+00:00\",\"description\":\"Pravilna razvrstitev vozil na avtocesti v primeru nesre\u010de pomembno vpliva na re\u0161evanje po\u0161kodovanih, s tem re\u0161evalno vozilo hitreje pri\u0161lo do po\u0161kodovanih.\",\"breadcrumb\":{\"@id\":\"https:\/\/www.travel-slovenia.si\/slo\/resi-zivljenje\/#breadcrumb\"},\"inLanguage\":\"sl-SI\",\"potentialAction\":[{\"@type\":\"ReadAction\",\"target\":[\"https:\/\/www.travel-slovenia.si\/slo\/resi-zivljenje\/\"]}]},{\"@type\":\"ImageObject\",\"inLanguage\":\"sl-SI\",\"@id\":\"https:\/\/www.travel-slovenia.si\/slo\/resi-zivljenje\/#primaryimage\",\"url\":\"https:\/\/www.travel-slovenia.si\/slo\/wp-content\/uploads\/2016\/07\/travel-slovenia-resi-zivljenje.jpg\",\"contentUrl\":\"https:\/\/www.travel-slovenia.si\/slo\/wp-content\/uploads\/2016\/07\/travel-slovenia-resi-zivljenje.jpg\",\"width\":400,\"height\":243,\"caption\":\"Re\u0161evalni pas ob zastoju\"},{\"@type\":\"BreadcrumbList\",\"@id\":\"https:\/\/www.travel-slovenia.si\/slo\/resi-zivljenje\/#breadcrumb\",\"itemListElement\":[{\"@type\":\"ListItem\",\"position\":1,\"name\":\"Home\",\"item\":\"https:\/\/www.travel-slovenia.si\/slo\/\"},{\"@type\":\"ListItem\",\"position\":2,\"name\":\"Re\u0161i \u017eivljenje\"}]},{\"@type\":\"WebSite\",\"@id\":\"https:\/\/www.travel-slovenia.si\/slo\/#website\",\"url\":\"https:\/\/www.travel-slovenia.si\/slo\/\",\"name\":\"Travel Slovenia - Sledite lepotam na\u0161e male dr\u017eavice\",\"description\":\"\",\"potentialAction\":[{\"@type\":\"SearchAction\",\"target\":{\"@type\":\"EntryPoint\",\"urlTemplate\":\"https:\/\/www.travel-slovenia.si\/slo\/?s={search_term_string}\"},\"query-input\":{\"@type\":\"PropertyValueSpecification\",\"valueRequired\":true,\"valueName\":\"search_term_string\"}}],\"inLanguage\":\"sl-SI\"}]}<\/script>\n<!-- \/ Yoast SEO plugin. -->","yoast_head_json":{"title":"Re\u0161i \u017eivljenje : Travel-Slovenia","description":"Pravilna razvrstitev vozil na avtocesti v primeru nesre\u010de pomembno vpliva na re\u0161evanje po\u0161kodovanih, s tem re\u0161evalno vozilo hitreje pri\u0161lo do po\u0161kodovanih.","robots":{"index":"index","follow":"follow","max-snippet":"max-snippet:-1","max-image-preview":"max-image-preview:large","max-video-preview":"max-video-preview:-1"},"canonical":"https:\/\/www.travel-slovenia.si\/slo\/resi-zivljenje\/","og_locale":"sl_SI","og_type":"article","og_title":"Re\u0161i \u017eivljenje : Travel-Slovenia","og_description":"Pravilna razvrstitev vozil na avtocesti v primeru nesre\u010de pomembno vpliva na re\u0161evanje po\u0161kodovanih, s tem re\u0161evalno vozilo hitreje pri\u0161lo do po\u0161kodovanih.","og_url":"https:\/\/www.travel-slovenia.si\/slo\/resi-zivljenje\/","og_site_name":"Travel Slovenia - Sledite lepotam na\u0161e male dr\u017eavice","article_modified_time":"2016-07-22T18:55:51+00:00","og_image":[{"width":400,"height":243,"url":"https:\/\/www.travel-slovenia.si\/slo\/wp-content\/uploads\/2016\/07\/travel-slovenia-resi-zivljenje.jpg","type":"image\/jpeg"}],"twitter_card":"summary_large_image","twitter_title":"Re\u0161i \u017eivljenje : Travel-Slovenia","twitter_description":"Pravilna razvrstitev vozil na avtocesti v primeru nesre\u010de pomembno vpliva na re\u0161evanje po\u0161kodovanih, s tem re\u0161evalno vozilo hitreje pri\u0161lo do po\u0161kodovanih.","twitter_image":"https:\/\/www.travel-slovenia.si\/slo\/wp-content\/uploads\/2016\/07\/travel-slovenia-resi-zivljenje.jpg","twitter_misc":{"Est. reading time":"1 minuta"},"schema":{"@context":"https:\/\/schema.org","@graph":[{"@type":"WebPage","@id":"https:\/\/www.travel-slovenia.si\/slo\/resi-zivljenje\/","url":"https:\/\/www.travel-slovenia.si\/slo\/resi-zivljenje\/","name":"Re\u0161i \u017eivljenje : Travel-Slovenia","isPartOf":{"@id":"https:\/\/www.travel-slovenia.si\/slo\/#website"},"primaryImageOfPage":{"@id":"https:\/\/www.travel-slovenia.si\/slo\/resi-zivljenje\/#primaryimage"},"image":{"@id":"https:\/\/www.travel-slovenia.si\/slo\/resi-zivljenje\/#primaryimage"},"thumbnailUrl":"https:\/\/www.travel-slovenia.si\/slo\/wp-content\/uploads\/2016\/07\/travel-slovenia-resi-zivljenje-300x182.jpg","datePublished":"2016-07-18T16:00:33+00:00","dateModified":"2016-07-22T18:55:51+00:00","description":"Pravilna razvrstitev vozil na avtocesti v primeru nesre\u010de pomembno vpliva na re\u0161evanje po\u0161kodovanih, s tem re\u0161evalno vozilo hitreje pri\u0161lo do po\u0161kodovanih.","breadcrumb":{"@id":"https:\/\/www.travel-slovenia.si\/slo\/resi-zivljenje\/#breadcrumb"},"inLanguage":"sl-SI","potentialAction":[{"@type":"ReadAction","target":["https:\/\/www.travel-slovenia.si\/slo\/resi-zivljenje\/"]}]},{"@type":"ImageObject","inLanguage":"sl-SI","@id":"https:\/\/www.travel-slovenia.si\/slo\/resi-zivljenje\/#primaryimage","url":"https:\/\/www.travel-slovenia.si\/slo\/wp-content\/uploads\/2016\/07\/travel-slovenia-resi-zivljenje.jpg","contentUrl":"https:\/\/www.travel-slovenia.si\/slo\/wp-content\/uploads\/2016\/07\/travel-slovenia-resi-zivljenje.jpg","width":400,"height":243,"caption":"Re\u0161evalni pas ob zastoju"},{"@type":"BreadcrumbList","@id":"https:\/\/www.travel-slovenia.si\/slo\/resi-zivljenje\/#breadcrumb","itemListElement":[{"@type":"ListItem","position":1,"name":"Home","item":"https:\/\/www.travel-slovenia.si\/slo\/"},{"@type":"ListItem","position":2,"name":"Re\u0161i \u017eivljenje"}]},{"@type":"WebSite","@id":"https:\/\/www.travel-slovenia.si\/slo\/#website","url":"https:\/\/www.travel-slovenia.si\/slo\/","name":"Travel Slovenia - Sledite lepotam na\u0161e male dr\u017eavice","description":"","potentialAction":[{"@type":"SearchAction","target":{"@type":"EntryPoint","urlTemplate":"https:\/\/www.travel-slovenia.si\/slo\/?s={search_term_string}"},"query-input":{"@type":"PropertyValueSpecification","valueRequired":true,"valueName":"search_term_string"}}],"inLanguage":"sl-SI"}]}},"post_mailing_queue_ids":[],"_links":{"self":[{"href":"https:\/\/www.travel-slovenia.si\/slo\/wp-json\/wp\/v2\/pages\/5737","targetHints":{"allow":["GET"]}}],"collection":[{"href":"https:\/\/www.travel-slovenia.si\/slo\/wp-json\/wp\/v2\/pages"}],"about":[{"href":"https:\/\/www.travel-slovenia.si\/slo\/wp-json\/wp\/v2\/types\/page"}],"author":[{"embeddable":true,"href":"https:\/\/www.travel-slovenia.si\/slo\/wp-json\/wp\/v2\/users\/111"}],"replies":[{"embeddable":true,"href":"https:\/\/www.travel-slovenia.si\/slo\/wp-json\/wp\/v2\/comments?post=5737"}],"version-history":[{"count":3,"href":"https:\/\/www.travel-slovenia.si\/slo\/wp-json\/wp\/v2\/pages\/5737\/revisions"}],"predecessor-version":[{"id":5769,"href":"https:\/\/www.travel-slovenia.si\/slo\/wp-json\/wp\/v2\/pages\/5737\/revisions\/5769"}],"wp:attachment":[{"href":"https:\/\/www.travel-slovenia.si\/slo\/wp-json\/wp\/v2\/media?parent=5737"}],"curies":[{"name":"wp","href":"https:\/\/api.w.org\/{rel}","templated":true}]}}