{"id":5720,"date":"2016-07-15T10:13:40","date_gmt":"2016-07-15T08:13:40","guid":{"rendered":"https:\/\/www.travel-slovenia.si\/slo\/?page_id=5720"},"modified":"2016-07-15T10:13:40","modified_gmt":"2016-07-15T08:13:40","slug":"velika-stavka-rudarjev-leta-1923","status":"publish","type":"page","link":"https:\/\/www.travel-slovenia.si\/slo\/velika-stavka-rudarjev-leta-1923\/","title":{"rendered":"Velika stavka rudarjev leta 1923"},"content":{"rendered":"<figure id=\"attachment_5722\" class=\"wp-caption alignleft\" style=\"max-width: 300px\"><img loading=\"lazy\" decoding=\"async\" class=\"size-medium wp-image-5722\" src=\"https:\/\/www.travel-slovenia.si\/slo\/wp-content\/uploads\/2016\/07\/travel-slovenia-big-strike-of-miners-1923-300x209.jpg\" alt=\"Rudnik Trbovlje\" width=\"300\" height=\"209\" srcset=\"https:\/\/www.travel-slovenia.si\/slo\/wp-content\/uploads\/2016\/07\/travel-slovenia-big-strike-of-miners-1923-300x209.jpg 300w, https:\/\/www.travel-slovenia.si\/slo\/wp-content\/uploads\/2016\/07\/travel-slovenia-big-strike-of-miners-1923-24x17.jpg 24w, https:\/\/www.travel-slovenia.si\/slo\/wp-content\/uploads\/2016\/07\/travel-slovenia-big-strike-of-miners-1923-36x25.jpg 36w, https:\/\/www.travel-slovenia.si\/slo\/wp-content\/uploads\/2016\/07\/travel-slovenia-big-strike-of-miners-1923-48x33.jpg 48w, https:\/\/www.travel-slovenia.si\/slo\/wp-content\/uploads\/2016\/07\/travel-slovenia-big-strike-of-miners-1923.jpg 400w\" sizes=\"auto, (max-width: 300px) 100vw, 300px\" \/><figcaption class=\"wp-caption-text\">Rudnik Trbovlje<\/figcaption><\/figure>\n<p style=\"text-align: justify;\">26. aprila 1923 je med rudarji in Trboveljsko premogokopno dru\u017ebo potekalo pogajanje za izbolj\u0161anje \u017eivljenjskih razmer, na koncu ni bilo uspeha. Svoje nezadovoljstvo so tako pokazali v stavki, ki se pri\u010dne 20. julija 1923 v Hrastniku, naslednji dan se raz\u0161iri \u0161e v Trbovlje in Zagorje. Stavka je trajala vse do 17. septembra 1923, katero so vodili sami komunisti. Shodi so bili takrat prepovedani, tako je stavkovni odbor na stavkajo\u010de \u017eelel vplivati z ilegalnimi letaki. V \u010dasu stavke je pri\u0161lo tudi do poskusa atentata na direktorja hrastni\u0161kega rudnika, Drolca. Nastavljena je bila bomba, a je Drolc ostal nepo\u0161kodovan. Po koncu 2. svetovne vojne leta 1945 so odkrili kdo je nastavil bombo, Avgust Coklin, ki je bil zaposlen pri rudniku Hrastnik. Bombe so bile namenjene tudi direktorjema rudnika Trbovlje in Zagorje.<\/p>\n<p style=\"text-align: justify;\">S stavko niso bili zadovoljni ne socialdemokrati, na skupina nacionalistov in klerikalcev, a so stavkali zaradi solidarnosti. Zaradi neenotnosti stavke in javnega nasprotovanja vseh me\u0161\u010danskih strank, kljub prizadevanju komunistov, da bi stavko uspe\u0161no zaklju\u010dili, se je vse skupaj za\u010delo krhati. Po 59 dneh je zdru\u017eena reakcija dosegla zlom stavke, k \u010demur je pripomogla lakota v dru\u017einah stavkajo\u010dih rudarjev. Aretirali so najvidnej\u0161e revolucionarje, med njimi vse zaupnike, ki so po stavki od\u0161li v tujino. To je za delavsko gibanje, predvsem v Hrastniku, predstavljajo hud udarec. Tako je doma ostala samo \u0161e revolucionarna mladina, katera je nadaljevala razredni politi\u010dni boj in se zdru\u017eevala v okviru dru\u0161tva Vesna.<\/p>\n<p style=\"text-align: justify;\">Sredi leta 1924 so bile vse delavsko napredne organizacije razpu\u0161\u010dene, komunisti so hoteli ustanoviti druge (Neodvisna delavska stranka), saj so se zavedali, da bi bilo brez legalnih organizacij mno\u017ei\u010dno gibanje onemogo\u010deno. 22. marca 1925 je bila na kongresu v Celju ustanovljena Zveza rudarjev Jugoslavije, da bi dosegli ve\u010djo solidarnost in mo\u010d v boju za pravice rudarjev.<\/p>\n<p>&nbsp;<\/p>\n<table>\n<tbody>\n<tr>\n<td style=\"text-align: center;\"><a href=\"https:\/\/www.travel-slovenia.si\/slo\/na-danasnji-dan\/\"><img loading=\"lazy\" decoding=\"async\" class=\"alignleft wp-image-4499 size-full\" src=\"https:\/\/www.travel-slovenia.si\/slo\/wp-content\/uploads\/2014\/09\/travel-slovenia-povezava-na-drugo.jpg\" alt=\"travel-slovenia-povezava-na-drugo\" width=\"128\" height=\"22\" srcset=\"https:\/\/www.travel-slovenia.si\/slo\/wp-content\/uploads\/2014\/09\/travel-slovenia-povezava-na-drugo.jpg 128w, https:\/\/www.travel-slovenia.si\/slo\/wp-content\/uploads\/2014\/09\/travel-slovenia-povezava-na-drugo-24x4.jpg 24w, https:\/\/www.travel-slovenia.si\/slo\/wp-content\/uploads\/2014\/09\/travel-slovenia-povezava-na-drugo-36x6.jpg 36w, https:\/\/www.travel-slovenia.si\/slo\/wp-content\/uploads\/2014\/09\/travel-slovenia-povezava-na-drugo-48x8.jpg 48w\" sizes=\"auto, (max-width: 128px) 100vw, 128px\" \/><\/a><a href=\"https:\/\/www.travel-slovenia.si\/slo\/na-danasnji-dan\/\">Poglejte \u0161e druge pretekle dogodke!<\/a><a href=\"https:\/\/www.travel-slovenia.si\/slo\/na-danasnji-dan\/\"><img loading=\"lazy\" decoding=\"async\" class=\"alignright wp-image-4500 size-full\" src=\"https:\/\/www.travel-slovenia.si\/slo\/wp-content\/uploads\/2014\/09\/travel-slovenia-povezava-na-drugo2.jpg\" alt=\"travel-slovenia-povezava-na-drugo2\" width=\"128\" height=\"22\" srcset=\"https:\/\/www.travel-slovenia.si\/slo\/wp-content\/uploads\/2014\/09\/travel-slovenia-povezava-na-drugo2.jpg 128w, https:\/\/www.travel-slovenia.si\/slo\/wp-content\/uploads\/2014\/09\/travel-slovenia-povezava-na-drugo2-24x4.jpg 24w, https:\/\/www.travel-slovenia.si\/slo\/wp-content\/uploads\/2014\/09\/travel-slovenia-povezava-na-drugo2-36x6.jpg 36w, https:\/\/www.travel-slovenia.si\/slo\/wp-content\/uploads\/2014\/09\/travel-slovenia-povezava-na-drugo2-48x8.jpg 48w\" sizes=\"auto, (max-width: 128px) 100vw, 128px\" \/><\/a><\/td>\n<\/tr>\n<\/tbody>\n<\/table>\n","protected":false},"excerpt":{"rendered":"<p>26. aprila 1923 je med rudarji in Trboveljsko premogokopno dru\u017ebo potekalo pogajanje za izbolj\u0161anje \u017eivljenjskih razmer, na koncu ni bilo uspeha. Svoje nezadovoljstvo so tako pokazali v stavki, ki se pri\u010dne 20. julija 1923 v Hrastniku, naslednji dan se raz\u0161iri \u0161e v Trbovlje in Zagorje. Stavka je trajala vse do 17. septembra 1923, katero so [&hellip;]<\/p>\n","protected":false},"author":111,"featured_media":0,"parent":0,"menu_order":0,"comment_status":"closed","ping_status":"closed","template":"","meta":{"footnotes":""},"class_list":["post-5720","page","type-page","status-publish","hentry"],"yoast_head":"<!-- This site is optimized with the Yoast SEO plugin v25.4 - https:\/\/yoast.com\/wordpress\/plugins\/seo\/ -->\n<title>Velika stavka rudarjev leta 1923 : Travel-Slovenia<\/title>\n<meta name=\"description\" content=\"26. aprila 1923 je med rudarji in Trboveljsko premogokopno dru\u017ebo potekalo pogajanje za izbolj\u0161anje \u017eivljenjskih razmer, na koncu ni bilo uspeha.\" \/>\n<meta name=\"robots\" content=\"index, follow, max-snippet:-1, max-image-preview:large, max-video-preview:-1\" \/>\n<link rel=\"canonical\" href=\"https:\/\/www.travel-slovenia.si\/slo\/velika-stavka-rudarjev-leta-1923\/\" \/>\n<meta property=\"og:locale\" content=\"sl_SI\" \/>\n<meta property=\"og:type\" content=\"article\" \/>\n<meta property=\"og:title\" content=\"Velika stavka rudarjev leta 1923 : Travel-Slovenia\" \/>\n<meta property=\"og:description\" content=\"26. aprila 1923 je med rudarji in Trboveljsko premogokopno dru\u017ebo potekalo pogajanje za izbolj\u0161anje \u017eivljenjskih razmer, na koncu ni bilo uspeha.\" \/>\n<meta property=\"og:url\" content=\"https:\/\/www.travel-slovenia.si\/slo\/velika-stavka-rudarjev-leta-1923\/\" \/>\n<meta property=\"og:site_name\" content=\"Travel Slovenia - Sledite lepotam na\u0161e male dr\u017eavice\" \/>\n<meta property=\"og:image\" content=\"https:\/\/www.travel-slovenia.si\/slo\/wp-content\/uploads\/2016\/07\/travel-slovenia-big-strike-of-miners-1923.jpg\" \/>\n\t<meta property=\"og:image:width\" content=\"400\" \/>\n\t<meta property=\"og:image:height\" content=\"278\" \/>\n\t<meta property=\"og:image:type\" content=\"image\/jpeg\" \/>\n<meta name=\"twitter:card\" content=\"summary_large_image\" \/>\n<meta name=\"twitter:title\" content=\"Velika stavka rudarjev leta 1923 : Travel-Slovenia\" \/>\n<meta name=\"twitter:description\" content=\"26. aprila 1923 je med rudarji in Trboveljsko premogokopno dru\u017ebo potekalo pogajanje za izbolj\u0161anje \u017eivljenjskih razmer, na koncu ni bilo uspeha.\" \/>\n<meta name=\"twitter:image\" content=\"https:\/\/www.travel-slovenia.si\/slo\/wp-content\/uploads\/2016\/07\/travel-slovenia-big-strike-of-miners-1923.jpg\" \/>\n<meta name=\"twitter:label1\" content=\"Est. reading time\" \/>\n\t<meta name=\"twitter:data1\" content=\"2 minuti\" \/>\n<script type=\"application\/ld+json\" class=\"yoast-schema-graph\">{\"@context\":\"https:\/\/schema.org\",\"@graph\":[{\"@type\":\"WebPage\",\"@id\":\"https:\/\/www.travel-slovenia.si\/slo\/velika-stavka-rudarjev-leta-1923\/\",\"url\":\"https:\/\/www.travel-slovenia.si\/slo\/velika-stavka-rudarjev-leta-1923\/\",\"name\":\"Velika stavka rudarjev leta 1923 : Travel-Slovenia\",\"isPartOf\":{\"@id\":\"https:\/\/www.travel-slovenia.si\/slo\/#website\"},\"primaryImageOfPage\":{\"@id\":\"https:\/\/www.travel-slovenia.si\/slo\/velika-stavka-rudarjev-leta-1923\/#primaryimage\"},\"image\":{\"@id\":\"https:\/\/www.travel-slovenia.si\/slo\/velika-stavka-rudarjev-leta-1923\/#primaryimage\"},\"thumbnailUrl\":\"https:\/\/www.travel-slovenia.si\/slo\/wp-content\/uploads\/2016\/07\/travel-slovenia-big-strike-of-miners-1923-300x209.jpg\",\"datePublished\":\"2016-07-15T08:13:40+00:00\",\"description\":\"26. aprila 1923 je med rudarji in Trboveljsko premogokopno dru\u017ebo potekalo pogajanje za izbolj\u0161anje \u017eivljenjskih razmer, na koncu ni bilo uspeha.\",\"breadcrumb\":{\"@id\":\"https:\/\/www.travel-slovenia.si\/slo\/velika-stavka-rudarjev-leta-1923\/#breadcrumb\"},\"inLanguage\":\"sl-SI\",\"potentialAction\":[{\"@type\":\"ReadAction\",\"target\":[\"https:\/\/www.travel-slovenia.si\/slo\/velika-stavka-rudarjev-leta-1923\/\"]}]},{\"@type\":\"ImageObject\",\"inLanguage\":\"sl-SI\",\"@id\":\"https:\/\/www.travel-slovenia.si\/slo\/velika-stavka-rudarjev-leta-1923\/#primaryimage\",\"url\":\"https:\/\/www.travel-slovenia.si\/slo\/wp-content\/uploads\/2016\/07\/travel-slovenia-big-strike-of-miners-1923.jpg\",\"contentUrl\":\"https:\/\/www.travel-slovenia.si\/slo\/wp-content\/uploads\/2016\/07\/travel-slovenia-big-strike-of-miners-1923.jpg\",\"width\":400,\"height\":278,\"caption\":\"Rudnik Trbovlje\"},{\"@type\":\"BreadcrumbList\",\"@id\":\"https:\/\/www.travel-slovenia.si\/slo\/velika-stavka-rudarjev-leta-1923\/#breadcrumb\",\"itemListElement\":[{\"@type\":\"ListItem\",\"position\":1,\"name\":\"Home\",\"item\":\"https:\/\/www.travel-slovenia.si\/slo\/\"},{\"@type\":\"ListItem\",\"position\":2,\"name\":\"Velika stavka rudarjev leta 1923\"}]},{\"@type\":\"WebSite\",\"@id\":\"https:\/\/www.travel-slovenia.si\/slo\/#website\",\"url\":\"https:\/\/www.travel-slovenia.si\/slo\/\",\"name\":\"Travel Slovenia - Sledite lepotam na\u0161e male dr\u017eavice\",\"description\":\"\",\"potentialAction\":[{\"@type\":\"SearchAction\",\"target\":{\"@type\":\"EntryPoint\",\"urlTemplate\":\"https:\/\/www.travel-slovenia.si\/slo\/?s={search_term_string}\"},\"query-input\":{\"@type\":\"PropertyValueSpecification\",\"valueRequired\":true,\"valueName\":\"search_term_string\"}}],\"inLanguage\":\"sl-SI\"}]}<\/script>\n<!-- \/ Yoast SEO plugin. -->","yoast_head_json":{"title":"Velika stavka rudarjev leta 1923 : Travel-Slovenia","description":"26. aprila 1923 je med rudarji in Trboveljsko premogokopno dru\u017ebo potekalo pogajanje za izbolj\u0161anje \u017eivljenjskih razmer, na koncu ni bilo uspeha.","robots":{"index":"index","follow":"follow","max-snippet":"max-snippet:-1","max-image-preview":"max-image-preview:large","max-video-preview":"max-video-preview:-1"},"canonical":"https:\/\/www.travel-slovenia.si\/slo\/velika-stavka-rudarjev-leta-1923\/","og_locale":"sl_SI","og_type":"article","og_title":"Velika stavka rudarjev leta 1923 : Travel-Slovenia","og_description":"26. aprila 1923 je med rudarji in Trboveljsko premogokopno dru\u017ebo potekalo pogajanje za izbolj\u0161anje \u017eivljenjskih razmer, na koncu ni bilo uspeha.","og_url":"https:\/\/www.travel-slovenia.si\/slo\/velika-stavka-rudarjev-leta-1923\/","og_site_name":"Travel Slovenia - Sledite lepotam na\u0161e male dr\u017eavice","og_image":[{"width":400,"height":278,"url":"https:\/\/www.travel-slovenia.si\/slo\/wp-content\/uploads\/2016\/07\/travel-slovenia-big-strike-of-miners-1923.jpg","type":"image\/jpeg"}],"twitter_card":"summary_large_image","twitter_title":"Velika stavka rudarjev leta 1923 : Travel-Slovenia","twitter_description":"26. aprila 1923 je med rudarji in Trboveljsko premogokopno dru\u017ebo potekalo pogajanje za izbolj\u0161anje \u017eivljenjskih razmer, na koncu ni bilo uspeha.","twitter_image":"https:\/\/www.travel-slovenia.si\/slo\/wp-content\/uploads\/2016\/07\/travel-slovenia-big-strike-of-miners-1923.jpg","twitter_misc":{"Est. reading time":"2 minuti"},"schema":{"@context":"https:\/\/schema.org","@graph":[{"@type":"WebPage","@id":"https:\/\/www.travel-slovenia.si\/slo\/velika-stavka-rudarjev-leta-1923\/","url":"https:\/\/www.travel-slovenia.si\/slo\/velika-stavka-rudarjev-leta-1923\/","name":"Velika stavka rudarjev leta 1923 : Travel-Slovenia","isPartOf":{"@id":"https:\/\/www.travel-slovenia.si\/slo\/#website"},"primaryImageOfPage":{"@id":"https:\/\/www.travel-slovenia.si\/slo\/velika-stavka-rudarjev-leta-1923\/#primaryimage"},"image":{"@id":"https:\/\/www.travel-slovenia.si\/slo\/velika-stavka-rudarjev-leta-1923\/#primaryimage"},"thumbnailUrl":"https:\/\/www.travel-slovenia.si\/slo\/wp-content\/uploads\/2016\/07\/travel-slovenia-big-strike-of-miners-1923-300x209.jpg","datePublished":"2016-07-15T08:13:40+00:00","description":"26. aprila 1923 je med rudarji in Trboveljsko premogokopno dru\u017ebo potekalo pogajanje za izbolj\u0161anje \u017eivljenjskih razmer, na koncu ni bilo uspeha.","breadcrumb":{"@id":"https:\/\/www.travel-slovenia.si\/slo\/velika-stavka-rudarjev-leta-1923\/#breadcrumb"},"inLanguage":"sl-SI","potentialAction":[{"@type":"ReadAction","target":["https:\/\/www.travel-slovenia.si\/slo\/velika-stavka-rudarjev-leta-1923\/"]}]},{"@type":"ImageObject","inLanguage":"sl-SI","@id":"https:\/\/www.travel-slovenia.si\/slo\/velika-stavka-rudarjev-leta-1923\/#primaryimage","url":"https:\/\/www.travel-slovenia.si\/slo\/wp-content\/uploads\/2016\/07\/travel-slovenia-big-strike-of-miners-1923.jpg","contentUrl":"https:\/\/www.travel-slovenia.si\/slo\/wp-content\/uploads\/2016\/07\/travel-slovenia-big-strike-of-miners-1923.jpg","width":400,"height":278,"caption":"Rudnik Trbovlje"},{"@type":"BreadcrumbList","@id":"https:\/\/www.travel-slovenia.si\/slo\/velika-stavka-rudarjev-leta-1923\/#breadcrumb","itemListElement":[{"@type":"ListItem","position":1,"name":"Home","item":"https:\/\/www.travel-slovenia.si\/slo\/"},{"@type":"ListItem","position":2,"name":"Velika stavka rudarjev leta 1923"}]},{"@type":"WebSite","@id":"https:\/\/www.travel-slovenia.si\/slo\/#website","url":"https:\/\/www.travel-slovenia.si\/slo\/","name":"Travel Slovenia - Sledite lepotam na\u0161e male dr\u017eavice","description":"","potentialAction":[{"@type":"SearchAction","target":{"@type":"EntryPoint","urlTemplate":"https:\/\/www.travel-slovenia.si\/slo\/?s={search_term_string}"},"query-input":{"@type":"PropertyValueSpecification","valueRequired":true,"valueName":"search_term_string"}}],"inLanguage":"sl-SI"}]}},"post_mailing_queue_ids":[],"_links":{"self":[{"href":"https:\/\/www.travel-slovenia.si\/slo\/wp-json\/wp\/v2\/pages\/5720","targetHints":{"allow":["GET"]}}],"collection":[{"href":"https:\/\/www.travel-slovenia.si\/slo\/wp-json\/wp\/v2\/pages"}],"about":[{"href":"https:\/\/www.travel-slovenia.si\/slo\/wp-json\/wp\/v2\/types\/page"}],"author":[{"embeddable":true,"href":"https:\/\/www.travel-slovenia.si\/slo\/wp-json\/wp\/v2\/users\/111"}],"replies":[{"embeddable":true,"href":"https:\/\/www.travel-slovenia.si\/slo\/wp-json\/wp\/v2\/comments?post=5720"}],"version-history":[{"count":1,"href":"https:\/\/www.travel-slovenia.si\/slo\/wp-json\/wp\/v2\/pages\/5720\/revisions"}],"predecessor-version":[{"id":5723,"href":"https:\/\/www.travel-slovenia.si\/slo\/wp-json\/wp\/v2\/pages\/5720\/revisions\/5723"}],"wp:attachment":[{"href":"https:\/\/www.travel-slovenia.si\/slo\/wp-json\/wp\/v2\/media?parent=5720"}],"curies":[{"name":"wp","href":"https:\/\/api.w.org\/{rel}","templated":true}]}}