{"id":5714,"date":"2016-07-14T23:33:30","date_gmt":"2016-07-14T21:33:30","guid":{"rendered":"https:\/\/www.travel-slovenia.si\/slo\/?page_id=5714"},"modified":"2017-01-31T22:28:41","modified_gmt":"2017-01-31T21:28:41","slug":"jota","status":"publish","type":"page","link":"https:\/\/www.travel-slovenia.si\/slo\/jota\/","title":{"rendered":"Jota"},"content":{"rendered":"<figure id=\"attachment_5715\" class=\"wp-caption alignleft\" style=\"max-width: 300px\"><img loading=\"lazy\" decoding=\"async\" class=\"size-medium wp-image-5715\" src=\"https:\/\/www.travel-slovenia.si\/slo\/wp-content\/uploads\/2016\/07\/travel-slovenia-jota-300x168.jpg\" alt=\"Jota\" width=\"300\" height=\"168\" srcset=\"https:\/\/www.travel-slovenia.si\/slo\/wp-content\/uploads\/2016\/07\/travel-slovenia-jota-300x168.jpg 300w, https:\/\/www.travel-slovenia.si\/slo\/wp-content\/uploads\/2016\/07\/travel-slovenia-jota-320x180.jpg 320w, https:\/\/www.travel-slovenia.si\/slo\/wp-content\/uploads\/2016\/07\/travel-slovenia-jota-24x13.jpg 24w, https:\/\/www.travel-slovenia.si\/slo\/wp-content\/uploads\/2016\/07\/travel-slovenia-jota-36x20.jpg 36w, https:\/\/www.travel-slovenia.si\/slo\/wp-content\/uploads\/2016\/07\/travel-slovenia-jota-48x27.jpg 48w, https:\/\/www.travel-slovenia.si\/slo\/wp-content\/uploads\/2016\/07\/travel-slovenia-jota.jpg 410w\" sizes=\"auto, (max-width: 300px) 100vw, 300px\" \/><figcaption class=\"wp-caption-text\">Jota<\/figcaption><\/figure>\n<p style=\"text-align: justify;\">Jed jota je enolon\u010dnica, je kra\u0161ka in furlanska narodna samostojna jed. Jota se je udoma\u010dila na Gori\u0161kem in ostalih delih Primorske, v Furlaniji pa je \u0161la v pozabo. Znana je kot tipi\u010dna tr\u017ea\u0161ka posebnost. Ime jota izvira iz furlanske besede jote, katera pa izvira iz galske besede za juho, iutta.<\/p>\n<p style=\"text-align: justify;\">Joto sestavljajo krompir, kislo zelje, fi\u017eol, svinjsko meso in za\u010dimbe, kot so \u010desen, lovorjev list, sol in poper. V Furlaniji so namesto kislega zelja uporabljali kislo repo ter ko\u017earico namesto prekajenega mesa. Po prvi svetovni vojni se je na Tr\u017ea\u0161kem podro\u010dju udoma\u010dila brezmesna jota, najverjetneje zaradi pomanjkanja mesa v \u010dasu vojne. To jed zabelimo s slanino in \u010desnom ali vsaj s pre\u017eganjem. V zadnjem \u010dasu se kot dodatek uporablja tudi kumina, najverjetneje po vzoru tirolske kuhinje.<\/p>\n<p style=\"text-align: justify;\">Jota mora biti gosta, to pa dose\u017eemo z dolgim kuhanjem fi\u017eola in krompirja, da se popolnoma razdreta. V kolikor ponudimo joto s celimi ko\u0161\u010dki krompirja in cel fi\u017eol, se zraven ponudi tudi kruh. Joto se pozimi postre\u017ee toplo, poleti pa hladno.<\/p>\n<p>&nbsp;<\/p>\n<table>\n<tbody>\n<tr>\n<td style=\"text-align: center;\"><a href=\"https:\/\/www.travel-slovenia.si\/slo\/slovensko\/kulinaricne-dobrote\/\"><img loading=\"lazy\" decoding=\"async\" class=\"alignleft wp-image-4499 size-full\" src=\"https:\/\/www.travel-slovenia.si\/slo\/wp-content\/uploads\/2014\/09\/travel-slovenia-povezava-na-drugo.jpg\" alt=\"travel-slovenia-povezava-na-drugo\" width=\"128\" height=\"22\" srcset=\"https:\/\/www.travel-slovenia.si\/slo\/wp-content\/uploads\/2014\/09\/travel-slovenia-povezava-na-drugo.jpg 128w, https:\/\/www.travel-slovenia.si\/slo\/wp-content\/uploads\/2014\/09\/travel-slovenia-povezava-na-drugo-24x4.jpg 24w, https:\/\/www.travel-slovenia.si\/slo\/wp-content\/uploads\/2014\/09\/travel-slovenia-povezava-na-drugo-36x6.jpg 36w, https:\/\/www.travel-slovenia.si\/slo\/wp-content\/uploads\/2014\/09\/travel-slovenia-povezava-na-drugo-48x8.jpg 48w\" sizes=\"auto, (max-width: 128px) 100vw, 128px\" \/><\/a><a href=\"https:\/\/www.travel-slovenia.si\/slo\/slovensko\/kulinaricne-dobrote\/\">Poglejte \u0161e druge kulinari\u010dna dobrote!<\/a><a href=\"https:\/\/www.travel-slovenia.si\/slo\/slovensko\/kulinaricne-dobrote\/\"><img loading=\"lazy\" decoding=\"async\" class=\"alignright wp-image-4500 size-full\" src=\"https:\/\/www.travel-slovenia.si\/slo\/wp-content\/uploads\/2014\/09\/travel-slovenia-povezava-na-drugo2.jpg\" alt=\"travel-slovenia-povezava-na-drugo2\" width=\"128\" height=\"22\" srcset=\"https:\/\/www.travel-slovenia.si\/slo\/wp-content\/uploads\/2014\/09\/travel-slovenia-povezava-na-drugo2.jpg 128w, https:\/\/www.travel-slovenia.si\/slo\/wp-content\/uploads\/2014\/09\/travel-slovenia-povezava-na-drugo2-24x4.jpg 24w, https:\/\/www.travel-slovenia.si\/slo\/wp-content\/uploads\/2014\/09\/travel-slovenia-povezava-na-drugo2-36x6.jpg 36w, https:\/\/www.travel-slovenia.si\/slo\/wp-content\/uploads\/2014\/09\/travel-slovenia-povezava-na-drugo2-48x8.jpg 48w\" sizes=\"auto, (max-width: 128px) 100vw, 128px\" \/><\/a><\/td>\n<\/tr>\n<\/tbody>\n<\/table>\n<table>\n<tbody>\n<tr>\n<td style=\"text-align: center;\"><a href=\"http:\/\/forum.travel-slovenia.si\/slo\/index.php?topic=89.0\" target=\"_blank\"><img decoding=\"async\" class=\"alignleft wp-image-4737 size-full\" src=\"https:\/\/www.travel-slovenia.si\/wp-content\/uploads\/2016\/10\/travel-slovenia-forum.jpg\" alt=\"travel-slovenia-link-on-other\" height=\"22\" \/><\/a>Povejte kaj menite o tej jedi, njenem okusu &#8211; <a href=\"http:\/\/forum.travel-slovenia.si\/slo\/index.php?topic=89.0\" target=\"_blank\">tukaj<\/a>!<\/td>\n<\/tr>\n<\/tbody>\n<\/table>\n","protected":false},"excerpt":{"rendered":"<p>Jed jota je enolon\u010dnica, je kra\u0161ka in furlanska narodna samostojna jed. Jota se je udoma\u010dila na Gori\u0161kem in ostalih delih Primorske, v Furlaniji pa je \u0161la v pozabo. Znana je kot tipi\u010dna tr\u017ea\u0161ka posebnost. Ime jota izvira iz furlanske besede jote, katera pa izvira iz galske besede za juho, iutta. Joto sestavljajo krompir, kislo zelje, [&hellip;]<\/p>\n","protected":false},"author":111,"featured_media":0,"parent":0,"menu_order":0,"comment_status":"closed","ping_status":"closed","template":"","meta":{"footnotes":""},"class_list":["post-5714","page","type-page","status-publish","hentry"],"yoast_head":"<!-- This site is optimized with the Yoast SEO plugin v25.4 - https:\/\/yoast.com\/wordpress\/plugins\/seo\/ -->\n<title>Jota : Travel-Slovenia<\/title>\n<meta name=\"description\" content=\"Jed jota je enolon\u010dnica, je kra\u0161ka in furlanska narodna samostojna jed. Ime jota izvira iz furlanske besede jote, katera pa izvira iz galske besede za juho.\" \/>\n<meta name=\"robots\" content=\"index, follow, max-snippet:-1, max-image-preview:large, max-video-preview:-1\" \/>\n<link rel=\"canonical\" href=\"https:\/\/www.travel-slovenia.si\/slo\/jota\/\" \/>\n<meta property=\"og:locale\" content=\"sl_SI\" \/>\n<meta property=\"og:type\" content=\"article\" \/>\n<meta property=\"og:title\" content=\"Jota : Travel-Slovenia\" \/>\n<meta property=\"og:description\" content=\"Jed jota je enolon\u010dnica, je kra\u0161ka in furlanska narodna samostojna jed. Ime jota izvira iz furlanske besede jote, katera pa izvira iz galske besede za juho.\" \/>\n<meta property=\"og:url\" content=\"https:\/\/www.travel-slovenia.si\/slo\/jota\/\" \/>\n<meta property=\"og:site_name\" content=\"Travel Slovenia - Sledite lepotam na\u0161e male dr\u017eavice\" \/>\n<meta property=\"article:modified_time\" content=\"2017-01-31T21:28:41+00:00\" \/>\n<meta property=\"og:image\" content=\"https:\/\/www.travel-slovenia.si\/slo\/wp-content\/uploads\/2016\/07\/travel-slovenia-jota.jpg\" \/>\n\t<meta property=\"og:image:width\" content=\"410\" \/>\n\t<meta property=\"og:image:height\" content=\"230\" \/>\n\t<meta property=\"og:image:type\" content=\"image\/jpeg\" \/>\n<meta name=\"twitter:card\" content=\"summary_large_image\" \/>\n<meta name=\"twitter:title\" content=\"Jota : Travel-Slovenia\" \/>\n<meta name=\"twitter:description\" content=\"Jed jota je enolon\u010dnica, je kra\u0161ka in furlanska narodna samostojna jed. Ime jota izvira iz furlanske besede jote, katera pa izvira iz galske besede za juho.\" \/>\n<meta name=\"twitter:image\" content=\"https:\/\/www.travel-slovenia.si\/slo\/wp-content\/uploads\/2016\/07\/travel-slovenia-jota.jpg\" \/>\n<meta name=\"twitter:label1\" content=\"Est. reading time\" \/>\n\t<meta name=\"twitter:data1\" content=\"1 minuta\" \/>\n<script type=\"application\/ld+json\" class=\"yoast-schema-graph\">{\"@context\":\"https:\/\/schema.org\",\"@graph\":[{\"@type\":\"WebPage\",\"@id\":\"https:\/\/www.travel-slovenia.si\/slo\/jota\/\",\"url\":\"https:\/\/www.travel-slovenia.si\/slo\/jota\/\",\"name\":\"Jota : Travel-Slovenia\",\"isPartOf\":{\"@id\":\"https:\/\/www.travel-slovenia.si\/slo\/#website\"},\"primaryImageOfPage\":{\"@id\":\"https:\/\/www.travel-slovenia.si\/slo\/jota\/#primaryimage\"},\"image\":{\"@id\":\"https:\/\/www.travel-slovenia.si\/slo\/jota\/#primaryimage\"},\"thumbnailUrl\":\"https:\/\/www.travel-slovenia.si\/slo\/wp-content\/uploads\/2016\/07\/travel-slovenia-jota-300x168.jpg\",\"datePublished\":\"2016-07-14T21:33:30+00:00\",\"dateModified\":\"2017-01-31T21:28:41+00:00\",\"description\":\"Jed jota je enolon\u010dnica, je kra\u0161ka in furlanska narodna samostojna jed. Ime jota izvira iz furlanske besede jote, katera pa izvira iz galske besede za juho.\",\"breadcrumb\":{\"@id\":\"https:\/\/www.travel-slovenia.si\/slo\/jota\/#breadcrumb\"},\"inLanguage\":\"sl-SI\",\"potentialAction\":[{\"@type\":\"ReadAction\",\"target\":[\"https:\/\/www.travel-slovenia.si\/slo\/jota\/\"]}]},{\"@type\":\"ImageObject\",\"inLanguage\":\"sl-SI\",\"@id\":\"https:\/\/www.travel-slovenia.si\/slo\/jota\/#primaryimage\",\"url\":\"https:\/\/www.travel-slovenia.si\/slo\/wp-content\/uploads\/2016\/07\/travel-slovenia-jota.jpg\",\"contentUrl\":\"https:\/\/www.travel-slovenia.si\/slo\/wp-content\/uploads\/2016\/07\/travel-slovenia-jota.jpg\",\"width\":410,\"height\":230,\"caption\":\"Jota\"},{\"@type\":\"BreadcrumbList\",\"@id\":\"https:\/\/www.travel-slovenia.si\/slo\/jota\/#breadcrumb\",\"itemListElement\":[{\"@type\":\"ListItem\",\"position\":1,\"name\":\"Home\",\"item\":\"https:\/\/www.travel-slovenia.si\/slo\/\"},{\"@type\":\"ListItem\",\"position\":2,\"name\":\"Jota\"}]},{\"@type\":\"WebSite\",\"@id\":\"https:\/\/www.travel-slovenia.si\/slo\/#website\",\"url\":\"https:\/\/www.travel-slovenia.si\/slo\/\",\"name\":\"Travel Slovenia - Sledite lepotam na\u0161e male dr\u017eavice\",\"description\":\"\",\"potentialAction\":[{\"@type\":\"SearchAction\",\"target\":{\"@type\":\"EntryPoint\",\"urlTemplate\":\"https:\/\/www.travel-slovenia.si\/slo\/?s={search_term_string}\"},\"query-input\":{\"@type\":\"PropertyValueSpecification\",\"valueRequired\":true,\"valueName\":\"search_term_string\"}}],\"inLanguage\":\"sl-SI\"}]}<\/script>\n<!-- \/ Yoast SEO plugin. -->","yoast_head_json":{"title":"Jota : Travel-Slovenia","description":"Jed jota je enolon\u010dnica, je kra\u0161ka in furlanska narodna samostojna jed. Ime jota izvira iz furlanske besede jote, katera pa izvira iz galske besede za juho.","robots":{"index":"index","follow":"follow","max-snippet":"max-snippet:-1","max-image-preview":"max-image-preview:large","max-video-preview":"max-video-preview:-1"},"canonical":"https:\/\/www.travel-slovenia.si\/slo\/jota\/","og_locale":"sl_SI","og_type":"article","og_title":"Jota : Travel-Slovenia","og_description":"Jed jota je enolon\u010dnica, je kra\u0161ka in furlanska narodna samostojna jed. Ime jota izvira iz furlanske besede jote, katera pa izvira iz galske besede za juho.","og_url":"https:\/\/www.travel-slovenia.si\/slo\/jota\/","og_site_name":"Travel Slovenia - Sledite lepotam na\u0161e male dr\u017eavice","article_modified_time":"2017-01-31T21:28:41+00:00","og_image":[{"width":410,"height":230,"url":"https:\/\/www.travel-slovenia.si\/slo\/wp-content\/uploads\/2016\/07\/travel-slovenia-jota.jpg","type":"image\/jpeg"}],"twitter_card":"summary_large_image","twitter_title":"Jota : Travel-Slovenia","twitter_description":"Jed jota je enolon\u010dnica, je kra\u0161ka in furlanska narodna samostojna jed. Ime jota izvira iz furlanske besede jote, katera pa izvira iz galske besede za juho.","twitter_image":"https:\/\/www.travel-slovenia.si\/slo\/wp-content\/uploads\/2016\/07\/travel-slovenia-jota.jpg","twitter_misc":{"Est. reading time":"1 minuta"},"schema":{"@context":"https:\/\/schema.org","@graph":[{"@type":"WebPage","@id":"https:\/\/www.travel-slovenia.si\/slo\/jota\/","url":"https:\/\/www.travel-slovenia.si\/slo\/jota\/","name":"Jota : Travel-Slovenia","isPartOf":{"@id":"https:\/\/www.travel-slovenia.si\/slo\/#website"},"primaryImageOfPage":{"@id":"https:\/\/www.travel-slovenia.si\/slo\/jota\/#primaryimage"},"image":{"@id":"https:\/\/www.travel-slovenia.si\/slo\/jota\/#primaryimage"},"thumbnailUrl":"https:\/\/www.travel-slovenia.si\/slo\/wp-content\/uploads\/2016\/07\/travel-slovenia-jota-300x168.jpg","datePublished":"2016-07-14T21:33:30+00:00","dateModified":"2017-01-31T21:28:41+00:00","description":"Jed jota je enolon\u010dnica, je kra\u0161ka in furlanska narodna samostojna jed. Ime jota izvira iz furlanske besede jote, katera pa izvira iz galske besede za juho.","breadcrumb":{"@id":"https:\/\/www.travel-slovenia.si\/slo\/jota\/#breadcrumb"},"inLanguage":"sl-SI","potentialAction":[{"@type":"ReadAction","target":["https:\/\/www.travel-slovenia.si\/slo\/jota\/"]}]},{"@type":"ImageObject","inLanguage":"sl-SI","@id":"https:\/\/www.travel-slovenia.si\/slo\/jota\/#primaryimage","url":"https:\/\/www.travel-slovenia.si\/slo\/wp-content\/uploads\/2016\/07\/travel-slovenia-jota.jpg","contentUrl":"https:\/\/www.travel-slovenia.si\/slo\/wp-content\/uploads\/2016\/07\/travel-slovenia-jota.jpg","width":410,"height":230,"caption":"Jota"},{"@type":"BreadcrumbList","@id":"https:\/\/www.travel-slovenia.si\/slo\/jota\/#breadcrumb","itemListElement":[{"@type":"ListItem","position":1,"name":"Home","item":"https:\/\/www.travel-slovenia.si\/slo\/"},{"@type":"ListItem","position":2,"name":"Jota"}]},{"@type":"WebSite","@id":"https:\/\/www.travel-slovenia.si\/slo\/#website","url":"https:\/\/www.travel-slovenia.si\/slo\/","name":"Travel Slovenia - Sledite lepotam na\u0161e male dr\u017eavice","description":"","potentialAction":[{"@type":"SearchAction","target":{"@type":"EntryPoint","urlTemplate":"https:\/\/www.travel-slovenia.si\/slo\/?s={search_term_string}"},"query-input":{"@type":"PropertyValueSpecification","valueRequired":true,"valueName":"search_term_string"}}],"inLanguage":"sl-SI"}]}},"post_mailing_queue_ids":[],"_links":{"self":[{"href":"https:\/\/www.travel-slovenia.si\/slo\/wp-json\/wp\/v2\/pages\/5714","targetHints":{"allow":["GET"]}}],"collection":[{"href":"https:\/\/www.travel-slovenia.si\/slo\/wp-json\/wp\/v2\/pages"}],"about":[{"href":"https:\/\/www.travel-slovenia.si\/slo\/wp-json\/wp\/v2\/types\/page"}],"author":[{"embeddable":true,"href":"https:\/\/www.travel-slovenia.si\/slo\/wp-json\/wp\/v2\/users\/111"}],"replies":[{"embeddable":true,"href":"https:\/\/www.travel-slovenia.si\/slo\/wp-json\/wp\/v2\/comments?post=5714"}],"version-history":[{"count":3,"href":"https:\/\/www.travel-slovenia.si\/slo\/wp-json\/wp\/v2\/pages\/5714\/revisions"}],"predecessor-version":[{"id":6372,"href":"https:\/\/www.travel-slovenia.si\/slo\/wp-json\/wp\/v2\/pages\/5714\/revisions\/6372"}],"wp:attachment":[{"href":"https:\/\/www.travel-slovenia.si\/slo\/wp-json\/wp\/v2\/media?parent=5714"}],"curies":[{"name":"wp","href":"https:\/\/api.w.org\/{rel}","templated":true}]}}