{"id":5648,"date":"2016-06-24T09:57:31","date_gmt":"2016-06-24T07:57:31","guid":{"rendered":"https:\/\/www.travel-slovenia.si\/slo\/?page_id=5648"},"modified":"2016-06-24T09:57:31","modified_gmt":"2016-06-24T07:57:31","slug":"25-junij","status":"publish","type":"page","link":"https:\/\/www.travel-slovenia.si\/slo\/25-junij\/","title":{"rendered":"25. junij"},"content":{"rendered":"<p style=\"text-align: justify;\"><img loading=\"lazy\" decoding=\"async\" class=\"alignleft size-full wp-image-5653\" src=\"https:\/\/www.travel-slovenia.si\/slo\/wp-content\/uploads\/2016\/06\/travel-slovenia-dan-drzavnosti-view.jpg\" alt=\"travel-slovenia-dan-drzavnosti-view\" width=\"150\" height=\"150\" srcset=\"https:\/\/www.travel-slovenia.si\/slo\/wp-content\/uploads\/2016\/06\/travel-slovenia-dan-drzavnosti-view.jpg 150w, https:\/\/www.travel-slovenia.si\/slo\/wp-content\/uploads\/2016\/06\/travel-slovenia-dan-drzavnosti-view-83x83.jpg 83w, https:\/\/www.travel-slovenia.si\/slo\/wp-content\/uploads\/2016\/06\/travel-slovenia-dan-drzavnosti-view-55x55.jpg 55w, https:\/\/www.travel-slovenia.si\/slo\/wp-content\/uploads\/2016\/06\/travel-slovenia-dan-drzavnosti-view-24x24.jpg 24w, https:\/\/www.travel-slovenia.si\/slo\/wp-content\/uploads\/2016\/06\/travel-slovenia-dan-drzavnosti-view-36x36.jpg 36w, https:\/\/www.travel-slovenia.si\/slo\/wp-content\/uploads\/2016\/06\/travel-slovenia-dan-drzavnosti-view-48x48.jpg 48w\" sizes=\"auto, (max-width: 150px) 100vw, 150px\" \/><strong><em>Dan Dr\u017eavnosti<\/em><\/strong><br \/>\nNa dana\u0161nji dan Slovenija praznuje dan dr\u017eavnosti. Praznik, na katerega Slovenija obele\u017euje spomin na 25. junij 1991, ko je formalno postala neodvisna. Na dana\u0161nji dan je bila sprejeta Deklaracija o neodvisnosti Slovenije in Temeljna ustavna listina o samostojnosti in neodvisnosti Slovenije. [<a href=\"https:\/\/www.travel-slovenia.si\/slo\/dan-drzavnosti\/\">_Preberite ve\u010d_<\/a>]\n","protected":false},"excerpt":{"rendered":"<p>Dan Dr\u017eavnosti Na dana\u0161nji dan Slovenija praznuje dan dr\u017eavnosti. Praznik, na katerega Slovenija obele\u017euje spomin na 25. junij 1991, ko je formalno postala neodvisna. Na dana\u0161nji dan je bila sprejeta Deklaracija o neodvisnosti Slovenije in Temeljna ustavna listina o samostojnosti in neodvisnosti Slovenije. [_Preberite ve\u010d_]<\/p>\n","protected":false},"author":111,"featured_media":0,"parent":0,"menu_order":0,"comment_status":"closed","ping_status":"closed","template":"","meta":{"footnotes":""},"class_list":["post-5648","page","type-page","status-publish","hentry"],"yoast_head":"<!-- This site is optimized with the Yoast SEO plugin v25.4 - https:\/\/yoast.com\/wordpress\/plugins\/seo\/ -->\n<title>25. junij - Travel Slovenia - Sledite lepotam na\u0161e male dr\u017eavice<\/title>\n<meta name=\"robots\" content=\"index, follow, max-snippet:-1, max-image-preview:large, max-video-preview:-1\" \/>\n<link rel=\"canonical\" href=\"https:\/\/www.travel-slovenia.si\/slo\/25-junij\/\" \/>\n<meta property=\"og:locale\" content=\"sl_SI\" \/>\n<meta property=\"og:type\" content=\"article\" \/>\n<meta property=\"og:title\" content=\"25. junij - Travel Slovenia - Sledite lepotam na\u0161e male dr\u017eavice\" \/>\n<meta property=\"og:description\" content=\"Dan Dr\u017eavnosti Na dana\u0161nji dan Slovenija praznuje dan dr\u017eavnosti. Praznik, na katerega Slovenija obele\u017euje spomin na 25. junij 1991, ko je formalno postala neodvisna. Na dana\u0161nji dan je bila sprejeta Deklaracija o neodvisnosti Slovenije in Temeljna ustavna listina o samostojnosti in neodvisnosti Slovenije. [_Preberite ve\u010d_]\" \/>\n<meta property=\"og:url\" content=\"https:\/\/www.travel-slovenia.si\/slo\/25-junij\/\" \/>\n<meta property=\"og:site_name\" content=\"Travel Slovenia - Sledite lepotam na\u0161e male dr\u017eavice\" \/>\n<meta property=\"og:image\" content=\"https:\/\/www.travel-slovenia.si\/slo\/wp-content\/uploads\/2016\/06\/travel-slovenia-dan-drzavnosti-view.jpg\" \/>\n<meta name=\"twitter:card\" content=\"summary_large_image\" \/>\n<script type=\"application\/ld+json\" class=\"yoast-schema-graph\">{\"@context\":\"https:\/\/schema.org\",\"@graph\":[{\"@type\":\"WebPage\",\"@id\":\"https:\/\/www.travel-slovenia.si\/slo\/25-junij\/\",\"url\":\"https:\/\/www.travel-slovenia.si\/slo\/25-junij\/\",\"name\":\"25. junij - Travel Slovenia - Sledite lepotam na\u0161e male dr\u017eavice\",\"isPartOf\":{\"@id\":\"https:\/\/www.travel-slovenia.si\/slo\/#website\"},\"primaryImageOfPage\":{\"@id\":\"https:\/\/www.travel-slovenia.si\/slo\/25-junij\/#primaryimage\"},\"image\":{\"@id\":\"https:\/\/www.travel-slovenia.si\/slo\/25-junij\/#primaryimage\"},\"thumbnailUrl\":\"https:\/\/www.travel-slovenia.si\/slo\/wp-content\/uploads\/2016\/06\/travel-slovenia-dan-drzavnosti-view.jpg\",\"datePublished\":\"2016-06-24T07:57:31+00:00\",\"breadcrumb\":{\"@id\":\"https:\/\/www.travel-slovenia.si\/slo\/25-junij\/#breadcrumb\"},\"inLanguage\":\"sl-SI\",\"potentialAction\":[{\"@type\":\"ReadAction\",\"target\":[\"https:\/\/www.travel-slovenia.si\/slo\/25-junij\/\"]}]},{\"@type\":\"ImageObject\",\"inLanguage\":\"sl-SI\",\"@id\":\"https:\/\/www.travel-slovenia.si\/slo\/25-junij\/#primaryimage\",\"url\":\"https:\/\/www.travel-slovenia.si\/slo\/wp-content\/uploads\/2016\/06\/travel-slovenia-dan-drzavnosti-view.jpg\",\"contentUrl\":\"https:\/\/www.travel-slovenia.si\/slo\/wp-content\/uploads\/2016\/06\/travel-slovenia-dan-drzavnosti-view.jpg\",\"width\":150,\"height\":150},{\"@type\":\"BreadcrumbList\",\"@id\":\"https:\/\/www.travel-slovenia.si\/slo\/25-junij\/#breadcrumb\",\"itemListElement\":[{\"@type\":\"ListItem\",\"position\":1,\"name\":\"Home\",\"item\":\"https:\/\/www.travel-slovenia.si\/slo\/\"},{\"@type\":\"ListItem\",\"position\":2,\"name\":\"25. junij\"}]},{\"@type\":\"WebSite\",\"@id\":\"https:\/\/www.travel-slovenia.si\/slo\/#website\",\"url\":\"https:\/\/www.travel-slovenia.si\/slo\/\",\"name\":\"Travel Slovenia - Sledite lepotam na\u0161e male dr\u017eavice\",\"description\":\"\",\"potentialAction\":[{\"@type\":\"SearchAction\",\"target\":{\"@type\":\"EntryPoint\",\"urlTemplate\":\"https:\/\/www.travel-slovenia.si\/slo\/?s={search_term_string}\"},\"query-input\":{\"@type\":\"PropertyValueSpecification\",\"valueRequired\":true,\"valueName\":\"search_term_string\"}}],\"inLanguage\":\"sl-SI\"}]}<\/script>\n<!-- \/ Yoast SEO plugin. -->","yoast_head_json":{"title":"25. junij - Travel Slovenia - Sledite lepotam na\u0161e male dr\u017eavice","robots":{"index":"index","follow":"follow","max-snippet":"max-snippet:-1","max-image-preview":"max-image-preview:large","max-video-preview":"max-video-preview:-1"},"canonical":"https:\/\/www.travel-slovenia.si\/slo\/25-junij\/","og_locale":"sl_SI","og_type":"article","og_title":"25. junij - Travel Slovenia - Sledite lepotam na\u0161e male dr\u017eavice","og_description":"Dan Dr\u017eavnosti Na dana\u0161nji dan Slovenija praznuje dan dr\u017eavnosti. Praznik, na katerega Slovenija obele\u017euje spomin na 25. junij 1991, ko je formalno postala neodvisna. Na dana\u0161nji dan je bila sprejeta Deklaracija o neodvisnosti Slovenije in Temeljna ustavna listina o samostojnosti in neodvisnosti Slovenije. [_Preberite ve\u010d_]","og_url":"https:\/\/www.travel-slovenia.si\/slo\/25-junij\/","og_site_name":"Travel Slovenia - Sledite lepotam na\u0161e male dr\u017eavice","og_image":[{"url":"https:\/\/www.travel-slovenia.si\/slo\/wp-content\/uploads\/2016\/06\/travel-slovenia-dan-drzavnosti-view.jpg","type":"","width":"","height":""}],"twitter_card":"summary_large_image","schema":{"@context":"https:\/\/schema.org","@graph":[{"@type":"WebPage","@id":"https:\/\/www.travel-slovenia.si\/slo\/25-junij\/","url":"https:\/\/www.travel-slovenia.si\/slo\/25-junij\/","name":"25. junij - Travel Slovenia - Sledite lepotam na\u0161e male dr\u017eavice","isPartOf":{"@id":"https:\/\/www.travel-slovenia.si\/slo\/#website"},"primaryImageOfPage":{"@id":"https:\/\/www.travel-slovenia.si\/slo\/25-junij\/#primaryimage"},"image":{"@id":"https:\/\/www.travel-slovenia.si\/slo\/25-junij\/#primaryimage"},"thumbnailUrl":"https:\/\/www.travel-slovenia.si\/slo\/wp-content\/uploads\/2016\/06\/travel-slovenia-dan-drzavnosti-view.jpg","datePublished":"2016-06-24T07:57:31+00:00","breadcrumb":{"@id":"https:\/\/www.travel-slovenia.si\/slo\/25-junij\/#breadcrumb"},"inLanguage":"sl-SI","potentialAction":[{"@type":"ReadAction","target":["https:\/\/www.travel-slovenia.si\/slo\/25-junij\/"]}]},{"@type":"ImageObject","inLanguage":"sl-SI","@id":"https:\/\/www.travel-slovenia.si\/slo\/25-junij\/#primaryimage","url":"https:\/\/www.travel-slovenia.si\/slo\/wp-content\/uploads\/2016\/06\/travel-slovenia-dan-drzavnosti-view.jpg","contentUrl":"https:\/\/www.travel-slovenia.si\/slo\/wp-content\/uploads\/2016\/06\/travel-slovenia-dan-drzavnosti-view.jpg","width":150,"height":150},{"@type":"BreadcrumbList","@id":"https:\/\/www.travel-slovenia.si\/slo\/25-junij\/#breadcrumb","itemListElement":[{"@type":"ListItem","position":1,"name":"Home","item":"https:\/\/www.travel-slovenia.si\/slo\/"},{"@type":"ListItem","position":2,"name":"25. junij"}]},{"@type":"WebSite","@id":"https:\/\/www.travel-slovenia.si\/slo\/#website","url":"https:\/\/www.travel-slovenia.si\/slo\/","name":"Travel Slovenia - Sledite lepotam na\u0161e male dr\u017eavice","description":"","potentialAction":[{"@type":"SearchAction","target":{"@type":"EntryPoint","urlTemplate":"https:\/\/www.travel-slovenia.si\/slo\/?s={search_term_string}"},"query-input":{"@type":"PropertyValueSpecification","valueRequired":true,"valueName":"search_term_string"}}],"inLanguage":"sl-SI"}]}},"post_mailing_queue_ids":[],"_links":{"self":[{"href":"https:\/\/www.travel-slovenia.si\/slo\/wp-json\/wp\/v2\/pages\/5648","targetHints":{"allow":["GET"]}}],"collection":[{"href":"https:\/\/www.travel-slovenia.si\/slo\/wp-json\/wp\/v2\/pages"}],"about":[{"href":"https:\/\/www.travel-slovenia.si\/slo\/wp-json\/wp\/v2\/types\/page"}],"author":[{"embeddable":true,"href":"https:\/\/www.travel-slovenia.si\/slo\/wp-json\/wp\/v2\/users\/111"}],"replies":[{"embeddable":true,"href":"https:\/\/www.travel-slovenia.si\/slo\/wp-json\/wp\/v2\/comments?post=5648"}],"version-history":[{"count":1,"href":"https:\/\/www.travel-slovenia.si\/slo\/wp-json\/wp\/v2\/pages\/5648\/revisions"}],"predecessor-version":[{"id":5655,"href":"https:\/\/www.travel-slovenia.si\/slo\/wp-json\/wp\/v2\/pages\/5648\/revisions\/5655"}],"wp:attachment":[{"href":"https:\/\/www.travel-slovenia.si\/slo\/wp-json\/wp\/v2\/media?parent=5648"}],"curies":[{"name":"wp","href":"https:\/\/api.w.org\/{rel}","templated":true}]}}