{"id":5591,"date":"2016-05-26T12:19:28","date_gmt":"2016-05-26T10:19:28","guid":{"rendered":"https:\/\/www.travel-slovenia.si\/slo\/?page_id=5591"},"modified":"2016-05-26T12:19:28","modified_gmt":"2016-05-26T10:19:28","slug":"samostojna-kmetijska-stranka-sks","status":"publish","type":"page","link":"https:\/\/www.travel-slovenia.si\/slo\/samostojna-kmetijska-stranka-sks\/","title":{"rendered":"Samostojna kmetijska stranka (SKS)"},"content":{"rendered":"<figure id=\"attachment_5592\" class=\"wp-caption alignleft\" style=\"max-width: 300px\"><img loading=\"lazy\" decoding=\"async\" class=\"size-medium wp-image-5592\" src=\"https:\/\/www.travel-slovenia.si\/slo\/wp-content\/uploads\/2016\/05\/travel-slovenia-kmetijski-list-300x176.jpg\" alt=\"Kmetijski list - Glasilo Samostojne kmetijske stranke\" width=\"300\" height=\"176\" srcset=\"https:\/\/www.travel-slovenia.si\/slo\/wp-content\/uploads\/2016\/05\/travel-slovenia-kmetijski-list-300x176.jpg 300w, https:\/\/www.travel-slovenia.si\/slo\/wp-content\/uploads\/2016\/05\/travel-slovenia-kmetijski-list-24x14.jpg 24w, https:\/\/www.travel-slovenia.si\/slo\/wp-content\/uploads\/2016\/05\/travel-slovenia-kmetijski-list-36x21.jpg 36w, https:\/\/www.travel-slovenia.si\/slo\/wp-content\/uploads\/2016\/05\/travel-slovenia-kmetijski-list-48x28.jpg 48w, https:\/\/www.travel-slovenia.si\/slo\/wp-content\/uploads\/2016\/05\/travel-slovenia-kmetijski-list.jpg 400w\" sizes=\"auto, (max-width: 300px) 100vw, 300px\" \/><figcaption class=\"wp-caption-text\">Kmetijski list &#8211; Glasilo Samostojne kmetijske stranke<\/figcaption><\/figure>\n<p style=\"text-align: justify;\">SKS ali dalj\u0161e Samostojna kmetijska stranka je nastala 1. junija 1919, bila je liberalna kme\u010dka stranka. Nastala je ob podpori Jugoslovanske demokratske stranke. Pripadniki stranke so bili predvsem pode\u017eelski obrtniki, ve\u010dji kmetje, trgovci, veleposestniki in gostilni\u010darji. Vsi \u010dlani so \u017ee pred ustanovitvijo stranke bili liberalno usmerjeni in so volili za liberalne kandidate. Kasneje se jim je pridru\u017eil tudi del izobra\u017eencev in kmetijskih strokovnjakov. Najpomembnej\u0161i politik stranke je bil Ivan Pucelj. SKS in Slovenska republikanska stranka kmetov in delavcev sta se povezali v Zvezo slovenskega kmetskega ljudstva, kar se je zgodilo leta 1925. Leto kasneje, 1926, se je stranka zdru\u017eila tudi politi\u010dno, v Slovensko kmetsko stranko.<\/p>\n<p>&nbsp;<\/p>\n<table>\n<tbody>\n<tr>\n<td style=\"text-align: center;\"><a href=\"https:\/\/www.travel-slovenia.si\/slo\/na-danasnji-dan\/\"><img loading=\"lazy\" decoding=\"async\" class=\"alignleft wp-image-4499 size-full\" src=\"https:\/\/www.travel-slovenia.si\/slo\/wp-content\/uploads\/2014\/09\/travel-slovenia-povezava-na-drugo.jpg\" alt=\"travel-slovenia-povezava-na-drugo\" width=\"128\" height=\"22\" srcset=\"https:\/\/www.travel-slovenia.si\/slo\/wp-content\/uploads\/2014\/09\/travel-slovenia-povezava-na-drugo.jpg 128w, https:\/\/www.travel-slovenia.si\/slo\/wp-content\/uploads\/2014\/09\/travel-slovenia-povezava-na-drugo-24x4.jpg 24w, https:\/\/www.travel-slovenia.si\/slo\/wp-content\/uploads\/2014\/09\/travel-slovenia-povezava-na-drugo-36x6.jpg 36w, https:\/\/www.travel-slovenia.si\/slo\/wp-content\/uploads\/2014\/09\/travel-slovenia-povezava-na-drugo-48x8.jpg 48w\" sizes=\"auto, (max-width: 128px) 100vw, 128px\" \/><\/a><a href=\"https:\/\/www.travel-slovenia.si\/slo\/na-danasnji-dan\/\">Poglejte \u0161e druge dogodke!<\/a><a href=\"https:\/\/www.travel-slovenia.si\/slo\/na-danasnji-dan\/\"><img loading=\"lazy\" decoding=\"async\" class=\"alignright wp-image-4500 size-full\" src=\"https:\/\/www.travel-slovenia.si\/slo\/wp-content\/uploads\/2014\/09\/travel-slovenia-povezava-na-drugo2.jpg\" alt=\"travel-slovenia-povezava-na-drugo2\" width=\"128\" height=\"22\" srcset=\"https:\/\/www.travel-slovenia.si\/slo\/wp-content\/uploads\/2014\/09\/travel-slovenia-povezava-na-drugo2.jpg 128w, https:\/\/www.travel-slovenia.si\/slo\/wp-content\/uploads\/2014\/09\/travel-slovenia-povezava-na-drugo2-24x4.jpg 24w, https:\/\/www.travel-slovenia.si\/slo\/wp-content\/uploads\/2014\/09\/travel-slovenia-povezava-na-drugo2-36x6.jpg 36w, https:\/\/www.travel-slovenia.si\/slo\/wp-content\/uploads\/2014\/09\/travel-slovenia-povezava-na-drugo2-48x8.jpg 48w\" sizes=\"auto, (max-width: 128px) 100vw, 128px\" \/><\/a><\/td>\n<\/tr>\n<\/tbody>\n<\/table>\n","protected":false},"excerpt":{"rendered":"<p>SKS ali dalj\u0161e Samostojna kmetijska stranka je nastala 1. junija 1919, bila je liberalna kme\u010dka stranka. Nastala je ob podpori Jugoslovanske demokratske stranke. Pripadniki stranke so bili predvsem pode\u017eelski obrtniki, ve\u010dji kmetje, trgovci, veleposestniki in gostilni\u010darji. Vsi \u010dlani so \u017ee pred ustanovitvijo stranke bili liberalno usmerjeni in so volili za liberalne kandidate. Kasneje se jim [&hellip;]<\/p>\n","protected":false},"author":111,"featured_media":0,"parent":0,"menu_order":0,"comment_status":"closed","ping_status":"closed","template":"","meta":{"footnotes":""},"class_list":["post-5591","page","type-page","status-publish","hentry"],"yoast_head":"<!-- This site is optimized with the Yoast SEO plugin v25.4 - https:\/\/yoast.com\/wordpress\/plugins\/seo\/ -->\n<title>Samostojna kmetijska stranka (SKS) : Travel-Slovenia<\/title>\n<meta name=\"description\" content=\"Samostojna kmetijska stranka je nastala 1. junija 1919, bila je liberalna kme\u010dka stranka. Nastala je ob podpori Jugoslovanske demokratske stranke.\" \/>\n<meta name=\"robots\" content=\"index, follow, max-snippet:-1, max-image-preview:large, max-video-preview:-1\" \/>\n<link rel=\"canonical\" href=\"https:\/\/www.travel-slovenia.si\/slo\/samostojna-kmetijska-stranka-sks\/\" \/>\n<meta property=\"og:locale\" content=\"sl_SI\" \/>\n<meta property=\"og:type\" content=\"article\" \/>\n<meta property=\"og:title\" content=\"Samostojna kmetijska stranka (SKS) : Travel-Slovenia\" \/>\n<meta property=\"og:description\" content=\"Samostojna kmetijska stranka je nastala 1. junija 1919, bila je liberalna kme\u010dka stranka. Nastala je ob podpori Jugoslovanske demokratske stranke.\" \/>\n<meta property=\"og:url\" content=\"https:\/\/www.travel-slovenia.si\/slo\/samostojna-kmetijska-stranka-sks\/\" \/>\n<meta property=\"og:site_name\" content=\"Travel Slovenia - Sledite lepotam na\u0161e male dr\u017eavice\" \/>\n<meta property=\"og:image\" content=\"https:\/\/www.travel-slovenia.si\/slo\/wp-content\/uploads\/2016\/05\/travel-slovenia-kmetijski-list.jpg\" \/>\n\t<meta property=\"og:image:width\" content=\"400\" \/>\n\t<meta property=\"og:image:height\" content=\"234\" \/>\n\t<meta property=\"og:image:type\" content=\"image\/jpeg\" \/>\n<meta name=\"twitter:card\" content=\"summary_large_image\" \/>\n<meta name=\"twitter:title\" content=\"Samostojna kmetijska stranka (SKS) : Travel-Slovenia\" \/>\n<meta name=\"twitter:description\" content=\"Samostojna kmetijska stranka je nastala 1. junija 1919, bila je liberalna kme\u010dka stranka. Nastala je ob podpori Jugoslovanske demokratske stranke.\" \/>\n<meta name=\"twitter:image\" content=\"https:\/\/www.travel-slovenia.si\/slo\/wp-content\/uploads\/2016\/05\/travel-slovenia-kmetijski-list.jpg\" \/>\n<meta name=\"twitter:label1\" content=\"Est. reading time\" \/>\n\t<meta name=\"twitter:data1\" content=\"1 minuta\" \/>\n<script type=\"application\/ld+json\" class=\"yoast-schema-graph\">{\"@context\":\"https:\/\/schema.org\",\"@graph\":[{\"@type\":\"WebPage\",\"@id\":\"https:\/\/www.travel-slovenia.si\/slo\/samostojna-kmetijska-stranka-sks\/\",\"url\":\"https:\/\/www.travel-slovenia.si\/slo\/samostojna-kmetijska-stranka-sks\/\",\"name\":\"Samostojna kmetijska stranka (SKS) : Travel-Slovenia\",\"isPartOf\":{\"@id\":\"https:\/\/www.travel-slovenia.si\/slo\/#website\"},\"primaryImageOfPage\":{\"@id\":\"https:\/\/www.travel-slovenia.si\/slo\/samostojna-kmetijska-stranka-sks\/#primaryimage\"},\"image\":{\"@id\":\"https:\/\/www.travel-slovenia.si\/slo\/samostojna-kmetijska-stranka-sks\/#primaryimage\"},\"thumbnailUrl\":\"https:\/\/www.travel-slovenia.si\/slo\/wp-content\/uploads\/2016\/05\/travel-slovenia-kmetijski-list-300x176.jpg\",\"datePublished\":\"2016-05-26T10:19:28+00:00\",\"description\":\"Samostojna kmetijska stranka je nastala 1. junija 1919, bila je liberalna kme\u010dka stranka. Nastala je ob podpori Jugoslovanske demokratske stranke.\",\"breadcrumb\":{\"@id\":\"https:\/\/www.travel-slovenia.si\/slo\/samostojna-kmetijska-stranka-sks\/#breadcrumb\"},\"inLanguage\":\"sl-SI\",\"potentialAction\":[{\"@type\":\"ReadAction\",\"target\":[\"https:\/\/www.travel-slovenia.si\/slo\/samostojna-kmetijska-stranka-sks\/\"]}]},{\"@type\":\"ImageObject\",\"inLanguage\":\"sl-SI\",\"@id\":\"https:\/\/www.travel-slovenia.si\/slo\/samostojna-kmetijska-stranka-sks\/#primaryimage\",\"url\":\"https:\/\/www.travel-slovenia.si\/slo\/wp-content\/uploads\/2016\/05\/travel-slovenia-kmetijski-list.jpg\",\"contentUrl\":\"https:\/\/www.travel-slovenia.si\/slo\/wp-content\/uploads\/2016\/05\/travel-slovenia-kmetijski-list.jpg\",\"width\":400,\"height\":234,\"caption\":\"Kmetijski list - Glasilo Samostojne kmetijske stranke\"},{\"@type\":\"BreadcrumbList\",\"@id\":\"https:\/\/www.travel-slovenia.si\/slo\/samostojna-kmetijska-stranka-sks\/#breadcrumb\",\"itemListElement\":[{\"@type\":\"ListItem\",\"position\":1,\"name\":\"Home\",\"item\":\"https:\/\/www.travel-slovenia.si\/slo\/\"},{\"@type\":\"ListItem\",\"position\":2,\"name\":\"Samostojna kmetijska stranka (SKS)\"}]},{\"@type\":\"WebSite\",\"@id\":\"https:\/\/www.travel-slovenia.si\/slo\/#website\",\"url\":\"https:\/\/www.travel-slovenia.si\/slo\/\",\"name\":\"Travel Slovenia - Sledite lepotam na\u0161e male dr\u017eavice\",\"description\":\"\",\"potentialAction\":[{\"@type\":\"SearchAction\",\"target\":{\"@type\":\"EntryPoint\",\"urlTemplate\":\"https:\/\/www.travel-slovenia.si\/slo\/?s={search_term_string}\"},\"query-input\":{\"@type\":\"PropertyValueSpecification\",\"valueRequired\":true,\"valueName\":\"search_term_string\"}}],\"inLanguage\":\"sl-SI\"}]}<\/script>\n<!-- \/ Yoast SEO plugin. -->","yoast_head_json":{"title":"Samostojna kmetijska stranka (SKS) : Travel-Slovenia","description":"Samostojna kmetijska stranka je nastala 1. junija 1919, bila je liberalna kme\u010dka stranka. Nastala je ob podpori Jugoslovanske demokratske stranke.","robots":{"index":"index","follow":"follow","max-snippet":"max-snippet:-1","max-image-preview":"max-image-preview:large","max-video-preview":"max-video-preview:-1"},"canonical":"https:\/\/www.travel-slovenia.si\/slo\/samostojna-kmetijska-stranka-sks\/","og_locale":"sl_SI","og_type":"article","og_title":"Samostojna kmetijska stranka (SKS) : Travel-Slovenia","og_description":"Samostojna kmetijska stranka je nastala 1. junija 1919, bila je liberalna kme\u010dka stranka. Nastala je ob podpori Jugoslovanske demokratske stranke.","og_url":"https:\/\/www.travel-slovenia.si\/slo\/samostojna-kmetijska-stranka-sks\/","og_site_name":"Travel Slovenia - Sledite lepotam na\u0161e male dr\u017eavice","og_image":[{"width":400,"height":234,"url":"https:\/\/www.travel-slovenia.si\/slo\/wp-content\/uploads\/2016\/05\/travel-slovenia-kmetijski-list.jpg","type":"image\/jpeg"}],"twitter_card":"summary_large_image","twitter_title":"Samostojna kmetijska stranka (SKS) : Travel-Slovenia","twitter_description":"Samostojna kmetijska stranka je nastala 1. junija 1919, bila je liberalna kme\u010dka stranka. Nastala je ob podpori Jugoslovanske demokratske stranke.","twitter_image":"https:\/\/www.travel-slovenia.si\/slo\/wp-content\/uploads\/2016\/05\/travel-slovenia-kmetijski-list.jpg","twitter_misc":{"Est. reading time":"1 minuta"},"schema":{"@context":"https:\/\/schema.org","@graph":[{"@type":"WebPage","@id":"https:\/\/www.travel-slovenia.si\/slo\/samostojna-kmetijska-stranka-sks\/","url":"https:\/\/www.travel-slovenia.si\/slo\/samostojna-kmetijska-stranka-sks\/","name":"Samostojna kmetijska stranka (SKS) : Travel-Slovenia","isPartOf":{"@id":"https:\/\/www.travel-slovenia.si\/slo\/#website"},"primaryImageOfPage":{"@id":"https:\/\/www.travel-slovenia.si\/slo\/samostojna-kmetijska-stranka-sks\/#primaryimage"},"image":{"@id":"https:\/\/www.travel-slovenia.si\/slo\/samostojna-kmetijska-stranka-sks\/#primaryimage"},"thumbnailUrl":"https:\/\/www.travel-slovenia.si\/slo\/wp-content\/uploads\/2016\/05\/travel-slovenia-kmetijski-list-300x176.jpg","datePublished":"2016-05-26T10:19:28+00:00","description":"Samostojna kmetijska stranka je nastala 1. junija 1919, bila je liberalna kme\u010dka stranka. Nastala je ob podpori Jugoslovanske demokratske stranke.","breadcrumb":{"@id":"https:\/\/www.travel-slovenia.si\/slo\/samostojna-kmetijska-stranka-sks\/#breadcrumb"},"inLanguage":"sl-SI","potentialAction":[{"@type":"ReadAction","target":["https:\/\/www.travel-slovenia.si\/slo\/samostojna-kmetijska-stranka-sks\/"]}]},{"@type":"ImageObject","inLanguage":"sl-SI","@id":"https:\/\/www.travel-slovenia.si\/slo\/samostojna-kmetijska-stranka-sks\/#primaryimage","url":"https:\/\/www.travel-slovenia.si\/slo\/wp-content\/uploads\/2016\/05\/travel-slovenia-kmetijski-list.jpg","contentUrl":"https:\/\/www.travel-slovenia.si\/slo\/wp-content\/uploads\/2016\/05\/travel-slovenia-kmetijski-list.jpg","width":400,"height":234,"caption":"Kmetijski list - Glasilo Samostojne kmetijske stranke"},{"@type":"BreadcrumbList","@id":"https:\/\/www.travel-slovenia.si\/slo\/samostojna-kmetijska-stranka-sks\/#breadcrumb","itemListElement":[{"@type":"ListItem","position":1,"name":"Home","item":"https:\/\/www.travel-slovenia.si\/slo\/"},{"@type":"ListItem","position":2,"name":"Samostojna kmetijska stranka (SKS)"}]},{"@type":"WebSite","@id":"https:\/\/www.travel-slovenia.si\/slo\/#website","url":"https:\/\/www.travel-slovenia.si\/slo\/","name":"Travel Slovenia - Sledite lepotam na\u0161e male dr\u017eavice","description":"","potentialAction":[{"@type":"SearchAction","target":{"@type":"EntryPoint","urlTemplate":"https:\/\/www.travel-slovenia.si\/slo\/?s={search_term_string}"},"query-input":{"@type":"PropertyValueSpecification","valueRequired":true,"valueName":"search_term_string"}}],"inLanguage":"sl-SI"}]}},"post_mailing_queue_ids":[],"_links":{"self":[{"href":"https:\/\/www.travel-slovenia.si\/slo\/wp-json\/wp\/v2\/pages\/5591","targetHints":{"allow":["GET"]}}],"collection":[{"href":"https:\/\/www.travel-slovenia.si\/slo\/wp-json\/wp\/v2\/pages"}],"about":[{"href":"https:\/\/www.travel-slovenia.si\/slo\/wp-json\/wp\/v2\/types\/page"}],"author":[{"embeddable":true,"href":"https:\/\/www.travel-slovenia.si\/slo\/wp-json\/wp\/v2\/users\/111"}],"replies":[{"embeddable":true,"href":"https:\/\/www.travel-slovenia.si\/slo\/wp-json\/wp\/v2\/comments?post=5591"}],"version-history":[{"count":1,"href":"https:\/\/www.travel-slovenia.si\/slo\/wp-json\/wp\/v2\/pages\/5591\/revisions"}],"predecessor-version":[{"id":5595,"href":"https:\/\/www.travel-slovenia.si\/slo\/wp-json\/wp\/v2\/pages\/5591\/revisions\/5595"}],"wp:attachment":[{"href":"https:\/\/www.travel-slovenia.si\/slo\/wp-json\/wp\/v2\/media?parent=5591"}],"curies":[{"name":"wp","href":"https:\/\/api.w.org\/{rel}","templated":true}]}}