{"id":5590,"date":"2016-05-26T12:20:45","date_gmt":"2016-05-26T10:20:45","guid":{"rendered":"https:\/\/www.travel-slovenia.si\/slo\/?page_id=5590"},"modified":"2016-05-26T12:21:07","modified_gmt":"2016-05-26T10:21:07","slug":"1-junij","status":"publish","type":"page","link":"https:\/\/www.travel-slovenia.si\/slo\/1-junij\/","title":{"rendered":"1. junij"},"content":{"rendered":"<p style=\"text-align: justify;\"><img loading=\"lazy\" decoding=\"async\" class=\"alignleft size-full wp-image-5593\" src=\"https:\/\/www.travel-slovenia.si\/slo\/wp-content\/uploads\/2016\/05\/travel-slovenia-kmetijski-list-view.jpg\" alt=\"travel-slovenia-kmetijski-list-view\" width=\"150\" height=\"150\" srcset=\"https:\/\/www.travel-slovenia.si\/slo\/wp-content\/uploads\/2016\/05\/travel-slovenia-kmetijski-list-view.jpg 150w, https:\/\/www.travel-slovenia.si\/slo\/wp-content\/uploads\/2016\/05\/travel-slovenia-kmetijski-list-view-83x83.jpg 83w, https:\/\/www.travel-slovenia.si\/slo\/wp-content\/uploads\/2016\/05\/travel-slovenia-kmetijski-list-view-55x55.jpg 55w, https:\/\/www.travel-slovenia.si\/slo\/wp-content\/uploads\/2016\/05\/travel-slovenia-kmetijski-list-view-24x24.jpg 24w, https:\/\/www.travel-slovenia.si\/slo\/wp-content\/uploads\/2016\/05\/travel-slovenia-kmetijski-list-view-36x36.jpg 36w, https:\/\/www.travel-slovenia.si\/slo\/wp-content\/uploads\/2016\/05\/travel-slovenia-kmetijski-list-view-48x48.jpg 48w\" sizes=\"auto, (max-width: 150px) 100vw, 150px\" \/><strong><em>Samostojna kmetijska stranka (SKS)<\/em><\/strong><br \/>\nNa dana\u0161nji dan leta 1919 je nastala Samostojna kmetijska stranka, bila je liberalna kme\u010dka stranka. Nastala je ob podpori Jugoslovanske demokratske stranke. Pripadniki stranke so bili predvsem pode\u017eelski obrtniki, ve\u010dji kmetje, trgovci, veleposestniki in gostilni\u010darji. [<a href=\"https:\/\/www.travel-slovenia.si\/slo\/samostojna-kmetijska-stranka-sks\/\">_Preberite ve\u010d_<\/a>]\n","protected":false},"excerpt":{"rendered":"<p>Samostojna kmetijska stranka (SKS) Na dana\u0161nji dan leta 1919 je nastala Samostojna kmetijska stranka, bila je liberalna kme\u010dka stranka. Nastala je ob podpori Jugoslovanske demokratske stranke. Pripadniki stranke so bili predvsem pode\u017eelski obrtniki, ve\u010dji kmetje, trgovci, veleposestniki in gostilni\u010darji. [_Preberite ve\u010d_]<\/p>\n","protected":false},"author":111,"featured_media":0,"parent":0,"menu_order":0,"comment_status":"closed","ping_status":"closed","template":"","meta":{"footnotes":""},"class_list":["post-5590","page","type-page","status-publish","hentry"],"yoast_head":"<!-- This site is optimized with the Yoast SEO plugin v25.4 - https:\/\/yoast.com\/wordpress\/plugins\/seo\/ -->\n<title>1. junij - Travel Slovenia - Sledite lepotam na\u0161e male dr\u017eavice<\/title>\n<meta name=\"robots\" content=\"index, follow, max-snippet:-1, max-image-preview:large, max-video-preview:-1\" \/>\n<link rel=\"canonical\" href=\"https:\/\/www.travel-slovenia.si\/slo\/1-junij\/\" \/>\n<meta property=\"og:locale\" content=\"sl_SI\" \/>\n<meta property=\"og:type\" content=\"article\" \/>\n<meta property=\"og:title\" content=\"1. junij - Travel Slovenia - Sledite lepotam na\u0161e male dr\u017eavice\" \/>\n<meta property=\"og:description\" content=\"Samostojna kmetijska stranka (SKS) Na dana\u0161nji dan leta 1919 je nastala Samostojna kmetijska stranka, bila je liberalna kme\u010dka stranka. Nastala je ob podpori Jugoslovanske demokratske stranke. Pripadniki stranke so bili predvsem pode\u017eelski obrtniki, ve\u010dji kmetje, trgovci, veleposestniki in gostilni\u010darji. [_Preberite ve\u010d_]\" \/>\n<meta property=\"og:url\" content=\"https:\/\/www.travel-slovenia.si\/slo\/1-junij\/\" \/>\n<meta property=\"og:site_name\" content=\"Travel Slovenia - Sledite lepotam na\u0161e male dr\u017eavice\" \/>\n<meta property=\"article:modified_time\" content=\"2016-05-26T10:21:07+00:00\" \/>\n<meta property=\"og:image\" content=\"https:\/\/www.travel-slovenia.si\/slo\/wp-content\/uploads\/2016\/05\/travel-slovenia-kmetijski-list-view.jpg\" \/>\n<meta name=\"twitter:card\" content=\"summary_large_image\" \/>\n<script type=\"application\/ld+json\" class=\"yoast-schema-graph\">{\"@context\":\"https:\/\/schema.org\",\"@graph\":[{\"@type\":\"WebPage\",\"@id\":\"https:\/\/www.travel-slovenia.si\/slo\/1-junij\/\",\"url\":\"https:\/\/www.travel-slovenia.si\/slo\/1-junij\/\",\"name\":\"1. junij - Travel Slovenia - Sledite lepotam na\u0161e male dr\u017eavice\",\"isPartOf\":{\"@id\":\"https:\/\/www.travel-slovenia.si\/slo\/#website\"},\"primaryImageOfPage\":{\"@id\":\"https:\/\/www.travel-slovenia.si\/slo\/1-junij\/#primaryimage\"},\"image\":{\"@id\":\"https:\/\/www.travel-slovenia.si\/slo\/1-junij\/#primaryimage\"},\"thumbnailUrl\":\"https:\/\/www.travel-slovenia.si\/slo\/wp-content\/uploads\/2016\/05\/travel-slovenia-kmetijski-list-view.jpg\",\"datePublished\":\"2016-05-26T10:20:45+00:00\",\"dateModified\":\"2016-05-26T10:21:07+00:00\",\"breadcrumb\":{\"@id\":\"https:\/\/www.travel-slovenia.si\/slo\/1-junij\/#breadcrumb\"},\"inLanguage\":\"sl-SI\",\"potentialAction\":[{\"@type\":\"ReadAction\",\"target\":[\"https:\/\/www.travel-slovenia.si\/slo\/1-junij\/\"]}]},{\"@type\":\"ImageObject\",\"inLanguage\":\"sl-SI\",\"@id\":\"https:\/\/www.travel-slovenia.si\/slo\/1-junij\/#primaryimage\",\"url\":\"https:\/\/www.travel-slovenia.si\/slo\/wp-content\/uploads\/2016\/05\/travel-slovenia-kmetijski-list-view.jpg\",\"contentUrl\":\"https:\/\/www.travel-slovenia.si\/slo\/wp-content\/uploads\/2016\/05\/travel-slovenia-kmetijski-list-view.jpg\",\"width\":150,\"height\":150},{\"@type\":\"BreadcrumbList\",\"@id\":\"https:\/\/www.travel-slovenia.si\/slo\/1-junij\/#breadcrumb\",\"itemListElement\":[{\"@type\":\"ListItem\",\"position\":1,\"name\":\"Home\",\"item\":\"https:\/\/www.travel-slovenia.si\/slo\/\"},{\"@type\":\"ListItem\",\"position\":2,\"name\":\"1. junij\"}]},{\"@type\":\"WebSite\",\"@id\":\"https:\/\/www.travel-slovenia.si\/slo\/#website\",\"url\":\"https:\/\/www.travel-slovenia.si\/slo\/\",\"name\":\"Travel Slovenia - Sledite lepotam na\u0161e male dr\u017eavice\",\"description\":\"\",\"potentialAction\":[{\"@type\":\"SearchAction\",\"target\":{\"@type\":\"EntryPoint\",\"urlTemplate\":\"https:\/\/www.travel-slovenia.si\/slo\/?s={search_term_string}\"},\"query-input\":{\"@type\":\"PropertyValueSpecification\",\"valueRequired\":true,\"valueName\":\"search_term_string\"}}],\"inLanguage\":\"sl-SI\"}]}<\/script>\n<!-- \/ Yoast SEO plugin. -->","yoast_head_json":{"title":"1. junij - Travel Slovenia - Sledite lepotam na\u0161e male dr\u017eavice","robots":{"index":"index","follow":"follow","max-snippet":"max-snippet:-1","max-image-preview":"max-image-preview:large","max-video-preview":"max-video-preview:-1"},"canonical":"https:\/\/www.travel-slovenia.si\/slo\/1-junij\/","og_locale":"sl_SI","og_type":"article","og_title":"1. junij - Travel Slovenia - Sledite lepotam na\u0161e male dr\u017eavice","og_description":"Samostojna kmetijska stranka (SKS) Na dana\u0161nji dan leta 1919 je nastala Samostojna kmetijska stranka, bila je liberalna kme\u010dka stranka. Nastala je ob podpori Jugoslovanske demokratske stranke. Pripadniki stranke so bili predvsem pode\u017eelski obrtniki, ve\u010dji kmetje, trgovci, veleposestniki in gostilni\u010darji. [_Preberite ve\u010d_]","og_url":"https:\/\/www.travel-slovenia.si\/slo\/1-junij\/","og_site_name":"Travel Slovenia - Sledite lepotam na\u0161e male dr\u017eavice","article_modified_time":"2016-05-26T10:21:07+00:00","og_image":[{"url":"https:\/\/www.travel-slovenia.si\/slo\/wp-content\/uploads\/2016\/05\/travel-slovenia-kmetijski-list-view.jpg","type":"","width":"","height":""}],"twitter_card":"summary_large_image","schema":{"@context":"https:\/\/schema.org","@graph":[{"@type":"WebPage","@id":"https:\/\/www.travel-slovenia.si\/slo\/1-junij\/","url":"https:\/\/www.travel-slovenia.si\/slo\/1-junij\/","name":"1. junij - Travel Slovenia - Sledite lepotam na\u0161e male dr\u017eavice","isPartOf":{"@id":"https:\/\/www.travel-slovenia.si\/slo\/#website"},"primaryImageOfPage":{"@id":"https:\/\/www.travel-slovenia.si\/slo\/1-junij\/#primaryimage"},"image":{"@id":"https:\/\/www.travel-slovenia.si\/slo\/1-junij\/#primaryimage"},"thumbnailUrl":"https:\/\/www.travel-slovenia.si\/slo\/wp-content\/uploads\/2016\/05\/travel-slovenia-kmetijski-list-view.jpg","datePublished":"2016-05-26T10:20:45+00:00","dateModified":"2016-05-26T10:21:07+00:00","breadcrumb":{"@id":"https:\/\/www.travel-slovenia.si\/slo\/1-junij\/#breadcrumb"},"inLanguage":"sl-SI","potentialAction":[{"@type":"ReadAction","target":["https:\/\/www.travel-slovenia.si\/slo\/1-junij\/"]}]},{"@type":"ImageObject","inLanguage":"sl-SI","@id":"https:\/\/www.travel-slovenia.si\/slo\/1-junij\/#primaryimage","url":"https:\/\/www.travel-slovenia.si\/slo\/wp-content\/uploads\/2016\/05\/travel-slovenia-kmetijski-list-view.jpg","contentUrl":"https:\/\/www.travel-slovenia.si\/slo\/wp-content\/uploads\/2016\/05\/travel-slovenia-kmetijski-list-view.jpg","width":150,"height":150},{"@type":"BreadcrumbList","@id":"https:\/\/www.travel-slovenia.si\/slo\/1-junij\/#breadcrumb","itemListElement":[{"@type":"ListItem","position":1,"name":"Home","item":"https:\/\/www.travel-slovenia.si\/slo\/"},{"@type":"ListItem","position":2,"name":"1. junij"}]},{"@type":"WebSite","@id":"https:\/\/www.travel-slovenia.si\/slo\/#website","url":"https:\/\/www.travel-slovenia.si\/slo\/","name":"Travel Slovenia - Sledite lepotam na\u0161e male dr\u017eavice","description":"","potentialAction":[{"@type":"SearchAction","target":{"@type":"EntryPoint","urlTemplate":"https:\/\/www.travel-slovenia.si\/slo\/?s={search_term_string}"},"query-input":{"@type":"PropertyValueSpecification","valueRequired":true,"valueName":"search_term_string"}}],"inLanguage":"sl-SI"}]}},"post_mailing_queue_ids":[],"_links":{"self":[{"href":"https:\/\/www.travel-slovenia.si\/slo\/wp-json\/wp\/v2\/pages\/5590","targetHints":{"allow":["GET"]}}],"collection":[{"href":"https:\/\/www.travel-slovenia.si\/slo\/wp-json\/wp\/v2\/pages"}],"about":[{"href":"https:\/\/www.travel-slovenia.si\/slo\/wp-json\/wp\/v2\/types\/page"}],"author":[{"embeddable":true,"href":"https:\/\/www.travel-slovenia.si\/slo\/wp-json\/wp\/v2\/users\/111"}],"replies":[{"embeddable":true,"href":"https:\/\/www.travel-slovenia.si\/slo\/wp-json\/wp\/v2\/comments?post=5590"}],"version-history":[{"count":2,"href":"https:\/\/www.travel-slovenia.si\/slo\/wp-json\/wp\/v2\/pages\/5590\/revisions"}],"predecessor-version":[{"id":5597,"href":"https:\/\/www.travel-slovenia.si\/slo\/wp-json\/wp\/v2\/pages\/5590\/revisions\/5597"}],"wp:attachment":[{"href":"https:\/\/www.travel-slovenia.si\/slo\/wp-json\/wp\/v2\/media?parent=5590"}],"curies":[{"name":"wp","href":"https:\/\/api.w.org\/{rel}","templated":true}]}}