{"id":5572,"date":"2016-05-16T21:18:13","date_gmt":"2016-05-16T19:18:13","guid":{"rendered":"https:\/\/www.travel-slovenia.si\/slo\/?page_id=5572"},"modified":"2016-05-16T21:18:13","modified_gmt":"2016-05-16T19:18:13","slug":"marjana-derzaj","status":"publish","type":"page","link":"https:\/\/www.travel-slovenia.si\/slo\/marjana-derzaj\/","title":{"rendered":"Marjana Der\u017eaj"},"content":{"rendered":"<figure id=\"attachment_5575\" class=\"wp-caption alignleft\" style=\"max-width: 300px\"><img loading=\"lazy\" decoding=\"async\" class=\"wp-image-5575\" src=\"https:\/\/www.travel-slovenia.si\/slo\/wp-content\/uploads\/2016\/05\/travel-slovenia-marjana-derzaj.jpg\" alt=\"Marjana Der\u017eaj\" width=\"300\" height=\"305\" srcset=\"https:\/\/www.travel-slovenia.si\/slo\/wp-content\/uploads\/2016\/05\/travel-slovenia-marjana-derzaj.jpg 400w, https:\/\/www.travel-slovenia.si\/slo\/wp-content\/uploads\/2016\/05\/travel-slovenia-marjana-derzaj-295x300.jpg 295w, https:\/\/www.travel-slovenia.si\/slo\/wp-content\/uploads\/2016\/05\/travel-slovenia-marjana-derzaj-83x83.jpg 83w, https:\/\/www.travel-slovenia.si\/slo\/wp-content\/uploads\/2016\/05\/travel-slovenia-marjana-derzaj-55x55.jpg 55w, https:\/\/www.travel-slovenia.si\/slo\/wp-content\/uploads\/2016\/05\/travel-slovenia-marjana-derzaj-24x24.jpg 24w, https:\/\/www.travel-slovenia.si\/slo\/wp-content\/uploads\/2016\/05\/travel-slovenia-marjana-derzaj-36x36.jpg 36w, https:\/\/www.travel-slovenia.si\/slo\/wp-content\/uploads\/2016\/05\/travel-slovenia-marjana-derzaj-48x48.jpg 48w\" sizes=\"auto, (max-width: 300px) 100vw, 300px\" \/><figcaption class=\"wp-caption-text\">Marjana Der\u017eaj<\/figcaption><\/figure>\n<p style=\"text-align: justify;\">25. maja 1936 se je v Ljubljani rodila slovenske pevka zabavne glasbe Marjana Der\u017eaj. Umrla je v Ljubljani, 18. januarja 2005. V svoji pevski karieri je posnela 312 pesmi, najbolj znana izmed njih je Poletna no\u010d, katero je prvi\u010d zapela leta 1957 na ljubljanskem radiu. Posnela in izdala je veliko \u0161tevilo plo\u0161\u010da in kaset: Kitare iz Meksika, \u017divljenje s pesmijo, Pesmi iz srca, Pti\u010dje stra\u0161ilo, Vrni se kdaj v Ljubljano. Nominirana je bila za Dnevnikovo osebnost leta (1987), Viktorja za \u017eivljenjsko delo je prejela leta 1995.<\/p>\n<p style=\"text-align: justify;\">Njena pevska kariera se je za\u010dela z nastopi po ljubljanskih klubih. \u017de pri svojih desetih letih je zapela v opernem zboru pri predstavi Carmen. Veliko je nastopala na radiu in po televiziji. Nastopila je tudi na festivalih Slovenske popevke in v narodno-zabavni skupini Dobri znanci. Njen prvi nastop na festivalu je bil leta 1957 v Beogradu. Leto kasneje, 1958, je s pesmijo Vozi me vlak v daljave zmagala na opatijskem festivalu zabavne glasbe. 1960 je bil organiziran prvi Jazz festival na Bledu, na katerem je nastopila. S pesmijo Poletna no\u010d je leta 1964 na Bledu zmagala. Pesem je uglasbil Mojmir Sepe, besedilo pa je napisala Elza Budau. S pesmijo Ples oblakov je na istem festivalu leta 1966 zmagala, leta 1975 pa je prejela nagrado ob\u010dinstva za pesem Mi smo taki. Prepevala jo je skupaj z Bracem Korenom.<\/p>\n<p style=\"text-align: justify;\">Tekmovala je na jugoslovanskem tekmovanju za pesem Evrovizije v \u0161estdesetih. S pesmijo Zlati april si je delila prvo mesto s Sabahudinom Kurtom, leta 1964. A je Jugoslavijo predstavljal Kurt, ker je prejel vi\u0161je ocene \u017eirije.<\/p>\n<p style=\"text-align: justify;\">Zalo\u017eba kaset in plo\u0161\u010d RTV Slovenija je po njeni smrti izdala zgo\u0161\u010deno Za vse poletne no\u010di!. Na zgo\u0161\u010denki so bile zbrane najve\u010dje uspe\u0161nice Marjane Der\u017eaj. Pri zalo\u017ebi Sanje je 20. junija 2006 iz\u0161la njena biografija z naslovom Marjana &#8211; Zvezde padajo v no\u010d. Biografijo je napisala Katarina Lav\u0161. Obenem pa je pri Zalo\u017ebi kaset in plo\u0161\u010d iz\u0161la zgo\u0161\u010denka z enakim naslovom. Na njej so bili posnetki, ki prej \u0161e niso bili objavljeni na nosilcu zvoka, to so ve\u010dinoma posnetki iz arhiva RTV Slovenije.<\/p>\n<p>&nbsp;<\/p>\n<table>\n<tbody>\n<tr>\n<td style=\"text-align: center;\"><a href=\"https:\/\/www.travel-slovenia.si\/slo\/zgodovinske-osebnosti\/\"><img loading=\"lazy\" decoding=\"async\" class=\"alignleft wp-image-4499 size-full\" src=\"https:\/\/www.travel-slovenia.si\/slo\/wp-content\/uploads\/2014\/09\/travel-slovenia-povezava-na-drugo.jpg\" alt=\"travel-slovenia-povezava-na-drugo\" width=\"128\" height=\"22\" srcset=\"https:\/\/www.travel-slovenia.si\/slo\/wp-content\/uploads\/2014\/09\/travel-slovenia-povezava-na-drugo.jpg 128w, https:\/\/www.travel-slovenia.si\/slo\/wp-content\/uploads\/2014\/09\/travel-slovenia-povezava-na-drugo-24x4.jpg 24w, https:\/\/www.travel-slovenia.si\/slo\/wp-content\/uploads\/2014\/09\/travel-slovenia-povezava-na-drugo-36x6.jpg 36w, https:\/\/www.travel-slovenia.si\/slo\/wp-content\/uploads\/2014\/09\/travel-slovenia-povezava-na-drugo-48x8.jpg 48w\" sizes=\"auto, (max-width: 128px) 100vw, 128px\" \/><\/a><a href=\"https:\/\/www.travel-slovenia.si\/slo\/zgodovinske-osebnosti\/\">Poglejte \u0161e druge zgodovinske osebnosti!<\/a><a href=\"https:\/\/www.travel-slovenia.si\/slo\/zgodovinske-osebnosti\/\"><img loading=\"lazy\" decoding=\"async\" class=\"alignright wp-image-4500 size-full\" src=\"https:\/\/www.travel-slovenia.si\/slo\/wp-content\/uploads\/2014\/09\/travel-slovenia-povezava-na-drugo2.jpg\" alt=\"travel-slovenia-povezava-na-drugo2\" width=\"128\" height=\"22\" srcset=\"https:\/\/www.travel-slovenia.si\/slo\/wp-content\/uploads\/2014\/09\/travel-slovenia-povezava-na-drugo2.jpg 128w, https:\/\/www.travel-slovenia.si\/slo\/wp-content\/uploads\/2014\/09\/travel-slovenia-povezava-na-drugo2-24x4.jpg 24w, https:\/\/www.travel-slovenia.si\/slo\/wp-content\/uploads\/2014\/09\/travel-slovenia-povezava-na-drugo2-36x6.jpg 36w, https:\/\/www.travel-slovenia.si\/slo\/wp-content\/uploads\/2014\/09\/travel-slovenia-povezava-na-drugo2-48x8.jpg 48w\" sizes=\"auto, (max-width: 128px) 100vw, 128px\" \/><\/a><\/td>\n<\/tr>\n<\/tbody>\n<\/table>\n","protected":false},"excerpt":{"rendered":"<p>25. maja 1936 se je v Ljubljani rodila slovenske pevka zabavne glasbe Marjana Der\u017eaj. Umrla je v Ljubljani, 18. januarja 2005. V svoji pevski karieri je posnela 312 pesmi, najbolj znana izmed njih je Poletna no\u010d, katero je prvi\u010d zapela leta 1957 na ljubljanskem radiu. Posnela in izdala je veliko \u0161tevilo plo\u0161\u010da in kaset: Kitare [&hellip;]<\/p>\n","protected":false},"author":111,"featured_media":0,"parent":0,"menu_order":0,"comment_status":"closed","ping_status":"closed","template":"","meta":{"footnotes":""},"class_list":["post-5572","page","type-page","status-publish","hentry"],"yoast_head":"<!-- This site is optimized with the Yoast SEO plugin v25.4 - https:\/\/yoast.com\/wordpress\/plugins\/seo\/ -->\n<title>Marjana Der\u017eaj - Travel-Slovenia<\/title>\n<meta name=\"description\" content=\"Marjana Der\u017eaj je slovenska pevka zabavne glasbe. Njena pevska kariera se je za\u010dela z nastopi po ljubljanskih klubih, v tem \u010dasu je posnela 312 pesmi.\" \/>\n<meta name=\"robots\" content=\"index, follow, max-snippet:-1, max-image-preview:large, max-video-preview:-1\" \/>\n<link rel=\"canonical\" href=\"https:\/\/www.travel-slovenia.si\/slo\/marjana-derzaj\/\" \/>\n<meta property=\"og:locale\" content=\"sl_SI\" \/>\n<meta property=\"og:type\" content=\"article\" \/>\n<meta property=\"og:title\" content=\"Marjana Der\u017eaj - Travel-Slovenia\" \/>\n<meta property=\"og:description\" content=\"Marjana Der\u017eaj je slovenska pevka zabavne glasbe. Njena pevska kariera se je za\u010dela z nastopi po ljubljanskih klubih, v tem \u010dasu je posnela 312 pesmi.\" \/>\n<meta property=\"og:url\" content=\"https:\/\/www.travel-slovenia.si\/slo\/marjana-derzaj\/\" \/>\n<meta property=\"og:site_name\" content=\"Travel Slovenia - Sledite lepotam na\u0161e male dr\u017eavice\" \/>\n<meta property=\"og:image\" content=\"https:\/\/www.travel-slovenia.si\/slo\/wp-content\/uploads\/2016\/05\/travel-slovenia-marjana-derzaj.jpg\" \/>\n\t<meta property=\"og:image:width\" content=\"400\" \/>\n\t<meta property=\"og:image:height\" content=\"407\" \/>\n\t<meta property=\"og:image:type\" content=\"image\/jpeg\" \/>\n<meta name=\"twitter:card\" content=\"summary_large_image\" \/>\n<meta name=\"twitter:title\" content=\"Marjana Der\u017eaj - Travel-Slovenia\" \/>\n<meta name=\"twitter:description\" content=\"Marjana Der\u017eaj je slovenska pevka zabavne glasbe. Njena pevska kariera se je za\u010dela z nastopi po ljubljanskih klubih, v tem \u010dasu je posnela 312 pesmi.\" \/>\n<meta name=\"twitter:image\" content=\"https:\/\/www.travel-slovenia.si\/slo\/wp-content\/uploads\/2016\/05\/travel-slovenia-marjana-derzaj.jpg\" \/>\n<meta name=\"twitter:label1\" content=\"Est. reading time\" \/>\n\t<meta name=\"twitter:data1\" content=\"2 minuti\" \/>\n<script type=\"application\/ld+json\" class=\"yoast-schema-graph\">{\"@context\":\"https:\/\/schema.org\",\"@graph\":[{\"@type\":\"WebPage\",\"@id\":\"https:\/\/www.travel-slovenia.si\/slo\/marjana-derzaj\/\",\"url\":\"https:\/\/www.travel-slovenia.si\/slo\/marjana-derzaj\/\",\"name\":\"Marjana Der\u017eaj - Travel-Slovenia\",\"isPartOf\":{\"@id\":\"https:\/\/www.travel-slovenia.si\/slo\/#website\"},\"primaryImageOfPage\":{\"@id\":\"https:\/\/www.travel-slovenia.si\/slo\/marjana-derzaj\/#primaryimage\"},\"image\":{\"@id\":\"https:\/\/www.travel-slovenia.si\/slo\/marjana-derzaj\/#primaryimage\"},\"thumbnailUrl\":\"https:\/\/www.travel-slovenia.si\/slo\/wp-content\/uploads\/2016\/05\/travel-slovenia-marjana-derzaj.jpg\",\"datePublished\":\"2016-05-16T19:18:13+00:00\",\"description\":\"Marjana Der\u017eaj je slovenska pevka zabavne glasbe. Njena pevska kariera se je za\u010dela z nastopi po ljubljanskih klubih, v tem \u010dasu je posnela 312 pesmi.\",\"breadcrumb\":{\"@id\":\"https:\/\/www.travel-slovenia.si\/slo\/marjana-derzaj\/#breadcrumb\"},\"inLanguage\":\"sl-SI\",\"potentialAction\":[{\"@type\":\"ReadAction\",\"target\":[\"https:\/\/www.travel-slovenia.si\/slo\/marjana-derzaj\/\"]}]},{\"@type\":\"ImageObject\",\"inLanguage\":\"sl-SI\",\"@id\":\"https:\/\/www.travel-slovenia.si\/slo\/marjana-derzaj\/#primaryimage\",\"url\":\"https:\/\/www.travel-slovenia.si\/slo\/wp-content\/uploads\/2016\/05\/travel-slovenia-marjana-derzaj.jpg\",\"contentUrl\":\"https:\/\/www.travel-slovenia.si\/slo\/wp-content\/uploads\/2016\/05\/travel-slovenia-marjana-derzaj.jpg\",\"width\":400,\"height\":407,\"caption\":\"Marjana Der\u017eaj\"},{\"@type\":\"BreadcrumbList\",\"@id\":\"https:\/\/www.travel-slovenia.si\/slo\/marjana-derzaj\/#breadcrumb\",\"itemListElement\":[{\"@type\":\"ListItem\",\"position\":1,\"name\":\"Home\",\"item\":\"https:\/\/www.travel-slovenia.si\/slo\/\"},{\"@type\":\"ListItem\",\"position\":2,\"name\":\"Marjana Der\u017eaj\"}]},{\"@type\":\"WebSite\",\"@id\":\"https:\/\/www.travel-slovenia.si\/slo\/#website\",\"url\":\"https:\/\/www.travel-slovenia.si\/slo\/\",\"name\":\"Travel Slovenia - Sledite lepotam na\u0161e male dr\u017eavice\",\"description\":\"\",\"potentialAction\":[{\"@type\":\"SearchAction\",\"target\":{\"@type\":\"EntryPoint\",\"urlTemplate\":\"https:\/\/www.travel-slovenia.si\/slo\/?s={search_term_string}\"},\"query-input\":{\"@type\":\"PropertyValueSpecification\",\"valueRequired\":true,\"valueName\":\"search_term_string\"}}],\"inLanguage\":\"sl-SI\"}]}<\/script>\n<!-- \/ Yoast SEO plugin. -->","yoast_head_json":{"title":"Marjana Der\u017eaj - Travel-Slovenia","description":"Marjana Der\u017eaj je slovenska pevka zabavne glasbe. Njena pevska kariera se je za\u010dela z nastopi po ljubljanskih klubih, v tem \u010dasu je posnela 312 pesmi.","robots":{"index":"index","follow":"follow","max-snippet":"max-snippet:-1","max-image-preview":"max-image-preview:large","max-video-preview":"max-video-preview:-1"},"canonical":"https:\/\/www.travel-slovenia.si\/slo\/marjana-derzaj\/","og_locale":"sl_SI","og_type":"article","og_title":"Marjana Der\u017eaj - Travel-Slovenia","og_description":"Marjana Der\u017eaj je slovenska pevka zabavne glasbe. Njena pevska kariera se je za\u010dela z nastopi po ljubljanskih klubih, v tem \u010dasu je posnela 312 pesmi.","og_url":"https:\/\/www.travel-slovenia.si\/slo\/marjana-derzaj\/","og_site_name":"Travel Slovenia - Sledite lepotam na\u0161e male dr\u017eavice","og_image":[{"width":400,"height":407,"url":"https:\/\/www.travel-slovenia.si\/slo\/wp-content\/uploads\/2016\/05\/travel-slovenia-marjana-derzaj.jpg","type":"image\/jpeg"}],"twitter_card":"summary_large_image","twitter_title":"Marjana Der\u017eaj - Travel-Slovenia","twitter_description":"Marjana Der\u017eaj je slovenska pevka zabavne glasbe. Njena pevska kariera se je za\u010dela z nastopi po ljubljanskih klubih, v tem \u010dasu je posnela 312 pesmi.","twitter_image":"https:\/\/www.travel-slovenia.si\/slo\/wp-content\/uploads\/2016\/05\/travel-slovenia-marjana-derzaj.jpg","twitter_misc":{"Est. reading time":"2 minuti"},"schema":{"@context":"https:\/\/schema.org","@graph":[{"@type":"WebPage","@id":"https:\/\/www.travel-slovenia.si\/slo\/marjana-derzaj\/","url":"https:\/\/www.travel-slovenia.si\/slo\/marjana-derzaj\/","name":"Marjana Der\u017eaj - Travel-Slovenia","isPartOf":{"@id":"https:\/\/www.travel-slovenia.si\/slo\/#website"},"primaryImageOfPage":{"@id":"https:\/\/www.travel-slovenia.si\/slo\/marjana-derzaj\/#primaryimage"},"image":{"@id":"https:\/\/www.travel-slovenia.si\/slo\/marjana-derzaj\/#primaryimage"},"thumbnailUrl":"https:\/\/www.travel-slovenia.si\/slo\/wp-content\/uploads\/2016\/05\/travel-slovenia-marjana-derzaj.jpg","datePublished":"2016-05-16T19:18:13+00:00","description":"Marjana Der\u017eaj je slovenska pevka zabavne glasbe. Njena pevska kariera se je za\u010dela z nastopi po ljubljanskih klubih, v tem \u010dasu je posnela 312 pesmi.","breadcrumb":{"@id":"https:\/\/www.travel-slovenia.si\/slo\/marjana-derzaj\/#breadcrumb"},"inLanguage":"sl-SI","potentialAction":[{"@type":"ReadAction","target":["https:\/\/www.travel-slovenia.si\/slo\/marjana-derzaj\/"]}]},{"@type":"ImageObject","inLanguage":"sl-SI","@id":"https:\/\/www.travel-slovenia.si\/slo\/marjana-derzaj\/#primaryimage","url":"https:\/\/www.travel-slovenia.si\/slo\/wp-content\/uploads\/2016\/05\/travel-slovenia-marjana-derzaj.jpg","contentUrl":"https:\/\/www.travel-slovenia.si\/slo\/wp-content\/uploads\/2016\/05\/travel-slovenia-marjana-derzaj.jpg","width":400,"height":407,"caption":"Marjana Der\u017eaj"},{"@type":"BreadcrumbList","@id":"https:\/\/www.travel-slovenia.si\/slo\/marjana-derzaj\/#breadcrumb","itemListElement":[{"@type":"ListItem","position":1,"name":"Home","item":"https:\/\/www.travel-slovenia.si\/slo\/"},{"@type":"ListItem","position":2,"name":"Marjana Der\u017eaj"}]},{"@type":"WebSite","@id":"https:\/\/www.travel-slovenia.si\/slo\/#website","url":"https:\/\/www.travel-slovenia.si\/slo\/","name":"Travel Slovenia - Sledite lepotam na\u0161e male dr\u017eavice","description":"","potentialAction":[{"@type":"SearchAction","target":{"@type":"EntryPoint","urlTemplate":"https:\/\/www.travel-slovenia.si\/slo\/?s={search_term_string}"},"query-input":{"@type":"PropertyValueSpecification","valueRequired":true,"valueName":"search_term_string"}}],"inLanguage":"sl-SI"}]}},"post_mailing_queue_ids":[],"_links":{"self":[{"href":"https:\/\/www.travel-slovenia.si\/slo\/wp-json\/wp\/v2\/pages\/5572","targetHints":{"allow":["GET"]}}],"collection":[{"href":"https:\/\/www.travel-slovenia.si\/slo\/wp-json\/wp\/v2\/pages"}],"about":[{"href":"https:\/\/www.travel-slovenia.si\/slo\/wp-json\/wp\/v2\/types\/page"}],"author":[{"embeddable":true,"href":"https:\/\/www.travel-slovenia.si\/slo\/wp-json\/wp\/v2\/users\/111"}],"replies":[{"embeddable":true,"href":"https:\/\/www.travel-slovenia.si\/slo\/wp-json\/wp\/v2\/comments?post=5572"}],"version-history":[{"count":1,"href":"https:\/\/www.travel-slovenia.si\/slo\/wp-json\/wp\/v2\/pages\/5572\/revisions"}],"predecessor-version":[{"id":5576,"href":"https:\/\/www.travel-slovenia.si\/slo\/wp-json\/wp\/v2\/pages\/5572\/revisions\/5576"}],"wp:attachment":[{"href":"https:\/\/www.travel-slovenia.si\/slo\/wp-json\/wp\/v2\/media?parent=5572"}],"curies":[{"name":"wp","href":"https:\/\/api.w.org\/{rel}","templated":true}]}}