{"id":5571,"date":"2016-05-16T21:19:03","date_gmt":"2016-05-16T19:19:03","guid":{"rendered":"https:\/\/www.travel-slovenia.si\/slo\/?page_id=5571"},"modified":"2019-05-24T10:56:37","modified_gmt":"2019-05-24T08:56:37","slug":"25-maj","status":"publish","type":"page","link":"https:\/\/www.travel-slovenia.si\/slo\/25-maj\/","title":{"rendered":"25. maj"},"content":{"rendered":"<p style=\"text-align: justify;\"><a href=\"https:\/\/www.travel-slovenia.si\/slo\/borut-lesjak\/\"><img loading=\"lazy\" decoding=\"async\" class=\"alignleft size-full wp-image-7991\" src=\"https:\/\/www.travel-slovenia.si\/slo\/wp-content\/uploads\/2019\/05\/travel-slovenia-borut-lesjak-view.jpg\" alt=\"\" width=\"150\" height=\"150\" srcset=\"https:\/\/www.travel-slovenia.si\/slo\/wp-content\/uploads\/2019\/05\/travel-slovenia-borut-lesjak-view.jpg 150w, https:\/\/www.travel-slovenia.si\/slo\/wp-content\/uploads\/2019\/05\/travel-slovenia-borut-lesjak-view-83x83.jpg 83w, https:\/\/www.travel-slovenia.si\/slo\/wp-content\/uploads\/2019\/05\/travel-slovenia-borut-lesjak-view-55x55.jpg 55w, https:\/\/www.travel-slovenia.si\/slo\/wp-content\/uploads\/2019\/05\/travel-slovenia-borut-lesjak-view-24x24.jpg 24w, https:\/\/www.travel-slovenia.si\/slo\/wp-content\/uploads\/2019\/05\/travel-slovenia-borut-lesjak-view-36x36.jpg 36w, https:\/\/www.travel-slovenia.si\/slo\/wp-content\/uploads\/2019\/05\/travel-slovenia-borut-lesjak-view-48x48.jpg 48w\" sizes=\"auto, (max-width: 150px) 100vw, 150px\" \/><\/a><a href=\"https:\/\/www.travel-slovenia.si\/slo\/borut-lesjak\/\"><strong><em>Borut Lesjak<\/em><\/strong><\/a><br \/>\nNa dana\u0161nji dan leta 1931 se je v Ljubljani rodil slovenski skladatelj in aran\u017eer, Borut Lesjak. Umrl je 25. avgusta 1995 v Ljubljani. Skladal je glasbo za radio, film, gledali\u0161\u010de in televizijo, kot tudi za jazzovske ansamble in simfoni\u010dne zasedbe. S skladbo Ne \u010dakaj na maj se je zapisal v zgodovino slovenske popevke. [<a href=\"https:\/\/www.travel-slovenia.si\/slo\/borut-lesjak\/\">_Preberite ve\u010d_<\/a>]\n<p style=\"text-align: justify;\"><img loading=\"lazy\" decoding=\"async\" class=\"alignleft size-full wp-image-5573\" src=\"https:\/\/www.travel-slovenia.si\/slo\/wp-content\/uploads\/2016\/05\/travel-slovenia-marjana-derzaj-view.jpg\" alt=\"travel-slovenia-marjana-derzaj-view\" width=\"150\" height=\"150\" srcset=\"https:\/\/www.travel-slovenia.si\/slo\/wp-content\/uploads\/2016\/05\/travel-slovenia-marjana-derzaj-view.jpg 150w, https:\/\/www.travel-slovenia.si\/slo\/wp-content\/uploads\/2016\/05\/travel-slovenia-marjana-derzaj-view-83x83.jpg 83w, https:\/\/www.travel-slovenia.si\/slo\/wp-content\/uploads\/2016\/05\/travel-slovenia-marjana-derzaj-view-55x55.jpg 55w, https:\/\/www.travel-slovenia.si\/slo\/wp-content\/uploads\/2016\/05\/travel-slovenia-marjana-derzaj-view-24x24.jpg 24w, https:\/\/www.travel-slovenia.si\/slo\/wp-content\/uploads\/2016\/05\/travel-slovenia-marjana-derzaj-view-36x36.jpg 36w, https:\/\/www.travel-slovenia.si\/slo\/wp-content\/uploads\/2016\/05\/travel-slovenia-marjana-derzaj-view-48x48.jpg 48w\" sizes=\"auto, (max-width: 150px) 100vw, 150px\" \/><em><strong>Marjana Der\u017eaj<\/strong><\/em><br \/>\nNa dana\u0161nji dan leta 1936 se je v Ljubljani rodila slovenske pevka zabavne glasbe, Marjana Der\u017eaj. Posnela je 312 pesmi, najbolj znana je Poletna no\u010d, ki jo je prvi\u010d zapela leta 1957. Bila je nominirana za Dnevnikovo osebnost leta (1987). Viktorja za \u017eivljenjsko delo je prejela leta 1995. [<a href=\"https:\/\/www.travel-slovenia.si\/slo\/marjana-derzaj\/\">_Preberite ve\u010d_<\/a>]\n","protected":false},"excerpt":{"rendered":"<p>Borut Lesjak Na dana\u0161nji dan leta 1931 se je v Ljubljani rodil slovenski skladatelj in aran\u017eer, Borut Lesjak. Umrl je 25. avgusta 1995 v Ljubljani. Skladal je glasbo za radio, film, gledali\u0161\u010de in televizijo, kot tudi za jazzovske ansamble in simfoni\u010dne zasedbe. S skladbo Ne \u010dakaj na maj se je zapisal v zgodovino slovenske popevke. [&hellip;]<\/p>\n","protected":false},"author":111,"featured_media":0,"parent":0,"menu_order":0,"comment_status":"closed","ping_status":"closed","template":"","meta":{"footnotes":""},"class_list":["post-5571","page","type-page","status-publish","hentry"],"yoast_head":"<!-- This site is optimized with the Yoast SEO plugin v25.4 - https:\/\/yoast.com\/wordpress\/plugins\/seo\/ -->\n<title>25. maj : Travel-Slovenia<\/title>\n<meta name=\"description\" content=\"Pretekli dogodki, ki so se zgodili na datum 25. maja in so v dolo\u010deni meri zaznamovali Slovenijo.\" \/>\n<meta name=\"robots\" content=\"index, follow, max-snippet:-1, max-image-preview:large, max-video-preview:-1\" \/>\n<link rel=\"canonical\" href=\"https:\/\/www.travel-slovenia.si\/slo\/25-maj\/\" \/>\n<meta property=\"og:locale\" content=\"sl_SI\" \/>\n<meta property=\"og:type\" content=\"article\" \/>\n<meta property=\"og:title\" content=\"25. maj : Travel-Slovenia\" \/>\n<meta property=\"og:description\" content=\"Pretekli dogodki, ki so se zgodili na datum 25. maja in so v dolo\u010deni meri zaznamovali Slovenijo.\" \/>\n<meta property=\"og:url\" content=\"https:\/\/www.travel-slovenia.si\/slo\/25-maj\/\" \/>\n<meta property=\"og:site_name\" content=\"Travel Slovenia - Sledite lepotam na\u0161e male dr\u017eavice\" \/>\n<meta property=\"article:modified_time\" content=\"2019-05-24T08:56:37+00:00\" \/>\n<meta property=\"og:image\" content=\"https:\/\/www.travel-slovenia.si\/slo\/wp-content\/uploads\/2019\/05\/travel-slovenia-borut-lesjak.jpg\" \/>\n\t<meta property=\"og:image:width\" content=\"300\" \/>\n\t<meta property=\"og:image:height\" content=\"401\" \/>\n\t<meta property=\"og:image:type\" content=\"image\/jpeg\" \/>\n<meta name=\"twitter:card\" content=\"summary_large_image\" \/>\n<meta name=\"twitter:title\" content=\"25. maj : Travel-Slovenia\" \/>\n<meta name=\"twitter:description\" content=\"Pretekli dogodki, ki so se zgodili na datum 25. maja in so v dolo\u010deni meri zaznamovali Slovenijo.\" \/>\n<meta name=\"twitter:image\" content=\"https:\/\/www.travel-slovenia.si\/slo\/wp-content\/uploads\/2019\/05\/travel-slovenia-borut-lesjak.jpg\" \/>\n<meta name=\"twitter:label1\" content=\"Est. reading time\" \/>\n\t<meta name=\"twitter:data1\" content=\"1 minuta\" \/>\n<script type=\"application\/ld+json\" class=\"yoast-schema-graph\">{\"@context\":\"https:\/\/schema.org\",\"@graph\":[{\"@type\":\"WebPage\",\"@id\":\"https:\/\/www.travel-slovenia.si\/slo\/25-maj\/\",\"url\":\"https:\/\/www.travel-slovenia.si\/slo\/25-maj\/\",\"name\":\"25. maj : Travel-Slovenia\",\"isPartOf\":{\"@id\":\"https:\/\/www.travel-slovenia.si\/slo\/#website\"},\"primaryImageOfPage\":{\"@id\":\"https:\/\/www.travel-slovenia.si\/slo\/25-maj\/#primaryimage\"},\"image\":{\"@id\":\"https:\/\/www.travel-slovenia.si\/slo\/25-maj\/#primaryimage\"},\"thumbnailUrl\":\"https:\/\/www.travel-slovenia.si\/slo\/wp-content\/uploads\/2019\/05\/travel-slovenia-borut-lesjak-view.jpg\",\"datePublished\":\"2016-05-16T19:19:03+00:00\",\"dateModified\":\"2019-05-24T08:56:37+00:00\",\"description\":\"Pretekli dogodki, ki so se zgodili na datum 25. maja in so v dolo\u010deni meri zaznamovali Slovenijo.\",\"breadcrumb\":{\"@id\":\"https:\/\/www.travel-slovenia.si\/slo\/25-maj\/#breadcrumb\"},\"inLanguage\":\"sl-SI\",\"potentialAction\":[{\"@type\":\"ReadAction\",\"target\":[\"https:\/\/www.travel-slovenia.si\/slo\/25-maj\/\"]}]},{\"@type\":\"ImageObject\",\"inLanguage\":\"sl-SI\",\"@id\":\"https:\/\/www.travel-slovenia.si\/slo\/25-maj\/#primaryimage\",\"url\":\"https:\/\/www.travel-slovenia.si\/slo\/wp-content\/uploads\/2019\/05\/travel-slovenia-borut-lesjak-view.jpg\",\"contentUrl\":\"https:\/\/www.travel-slovenia.si\/slo\/wp-content\/uploads\/2019\/05\/travel-slovenia-borut-lesjak-view.jpg\",\"width\":150,\"height\":150},{\"@type\":\"BreadcrumbList\",\"@id\":\"https:\/\/www.travel-slovenia.si\/slo\/25-maj\/#breadcrumb\",\"itemListElement\":[{\"@type\":\"ListItem\",\"position\":1,\"name\":\"Home\",\"item\":\"https:\/\/www.travel-slovenia.si\/slo\/\"},{\"@type\":\"ListItem\",\"position\":2,\"name\":\"25. maj\"}]},{\"@type\":\"WebSite\",\"@id\":\"https:\/\/www.travel-slovenia.si\/slo\/#website\",\"url\":\"https:\/\/www.travel-slovenia.si\/slo\/\",\"name\":\"Travel Slovenia - Sledite lepotam na\u0161e male dr\u017eavice\",\"description\":\"\",\"potentialAction\":[{\"@type\":\"SearchAction\",\"target\":{\"@type\":\"EntryPoint\",\"urlTemplate\":\"https:\/\/www.travel-slovenia.si\/slo\/?s={search_term_string}\"},\"query-input\":{\"@type\":\"PropertyValueSpecification\",\"valueRequired\":true,\"valueName\":\"search_term_string\"}}],\"inLanguage\":\"sl-SI\"}]}<\/script>\n<!-- \/ Yoast SEO plugin. -->","yoast_head_json":{"title":"25. maj : Travel-Slovenia","description":"Pretekli dogodki, ki so se zgodili na datum 25. maja in so v dolo\u010deni meri zaznamovali Slovenijo.","robots":{"index":"index","follow":"follow","max-snippet":"max-snippet:-1","max-image-preview":"max-image-preview:large","max-video-preview":"max-video-preview:-1"},"canonical":"https:\/\/www.travel-slovenia.si\/slo\/25-maj\/","og_locale":"sl_SI","og_type":"article","og_title":"25. maj : Travel-Slovenia","og_description":"Pretekli dogodki, ki so se zgodili na datum 25. maja in so v dolo\u010deni meri zaznamovali Slovenijo.","og_url":"https:\/\/www.travel-slovenia.si\/slo\/25-maj\/","og_site_name":"Travel Slovenia - Sledite lepotam na\u0161e male dr\u017eavice","article_modified_time":"2019-05-24T08:56:37+00:00","og_image":[{"width":300,"height":401,"url":"https:\/\/www.travel-slovenia.si\/slo\/wp-content\/uploads\/2019\/05\/travel-slovenia-borut-lesjak.jpg","type":"image\/jpeg"}],"twitter_card":"summary_large_image","twitter_title":"25. maj : Travel-Slovenia","twitter_description":"Pretekli dogodki, ki so se zgodili na datum 25. maja in so v dolo\u010deni meri zaznamovali Slovenijo.","twitter_image":"https:\/\/www.travel-slovenia.si\/slo\/wp-content\/uploads\/2019\/05\/travel-slovenia-borut-lesjak.jpg","twitter_misc":{"Est. reading time":"1 minuta"},"schema":{"@context":"https:\/\/schema.org","@graph":[{"@type":"WebPage","@id":"https:\/\/www.travel-slovenia.si\/slo\/25-maj\/","url":"https:\/\/www.travel-slovenia.si\/slo\/25-maj\/","name":"25. maj : Travel-Slovenia","isPartOf":{"@id":"https:\/\/www.travel-slovenia.si\/slo\/#website"},"primaryImageOfPage":{"@id":"https:\/\/www.travel-slovenia.si\/slo\/25-maj\/#primaryimage"},"image":{"@id":"https:\/\/www.travel-slovenia.si\/slo\/25-maj\/#primaryimage"},"thumbnailUrl":"https:\/\/www.travel-slovenia.si\/slo\/wp-content\/uploads\/2019\/05\/travel-slovenia-borut-lesjak-view.jpg","datePublished":"2016-05-16T19:19:03+00:00","dateModified":"2019-05-24T08:56:37+00:00","description":"Pretekli dogodki, ki so se zgodili na datum 25. maja in so v dolo\u010deni meri zaznamovali Slovenijo.","breadcrumb":{"@id":"https:\/\/www.travel-slovenia.si\/slo\/25-maj\/#breadcrumb"},"inLanguage":"sl-SI","potentialAction":[{"@type":"ReadAction","target":["https:\/\/www.travel-slovenia.si\/slo\/25-maj\/"]}]},{"@type":"ImageObject","inLanguage":"sl-SI","@id":"https:\/\/www.travel-slovenia.si\/slo\/25-maj\/#primaryimage","url":"https:\/\/www.travel-slovenia.si\/slo\/wp-content\/uploads\/2019\/05\/travel-slovenia-borut-lesjak-view.jpg","contentUrl":"https:\/\/www.travel-slovenia.si\/slo\/wp-content\/uploads\/2019\/05\/travel-slovenia-borut-lesjak-view.jpg","width":150,"height":150},{"@type":"BreadcrumbList","@id":"https:\/\/www.travel-slovenia.si\/slo\/25-maj\/#breadcrumb","itemListElement":[{"@type":"ListItem","position":1,"name":"Home","item":"https:\/\/www.travel-slovenia.si\/slo\/"},{"@type":"ListItem","position":2,"name":"25. maj"}]},{"@type":"WebSite","@id":"https:\/\/www.travel-slovenia.si\/slo\/#website","url":"https:\/\/www.travel-slovenia.si\/slo\/","name":"Travel Slovenia - Sledite lepotam na\u0161e male dr\u017eavice","description":"","potentialAction":[{"@type":"SearchAction","target":{"@type":"EntryPoint","urlTemplate":"https:\/\/www.travel-slovenia.si\/slo\/?s={search_term_string}"},"query-input":{"@type":"PropertyValueSpecification","valueRequired":true,"valueName":"search_term_string"}}],"inLanguage":"sl-SI"}]}},"post_mailing_queue_ids":[],"_links":{"self":[{"href":"https:\/\/www.travel-slovenia.si\/slo\/wp-json\/wp\/v2\/pages\/5571","targetHints":{"allow":["GET"]}}],"collection":[{"href":"https:\/\/www.travel-slovenia.si\/slo\/wp-json\/wp\/v2\/pages"}],"about":[{"href":"https:\/\/www.travel-slovenia.si\/slo\/wp-json\/wp\/v2\/types\/page"}],"author":[{"embeddable":true,"href":"https:\/\/www.travel-slovenia.si\/slo\/wp-json\/wp\/v2\/users\/111"}],"replies":[{"embeddable":true,"href":"https:\/\/www.travel-slovenia.si\/slo\/wp-json\/wp\/v2\/comments?post=5571"}],"version-history":[{"count":5,"href":"https:\/\/www.travel-slovenia.si\/slo\/wp-json\/wp\/v2\/pages\/5571\/revisions"}],"predecessor-version":[{"id":7997,"href":"https:\/\/www.travel-slovenia.si\/slo\/wp-json\/wp\/v2\/pages\/5571\/revisions\/7997"}],"wp:attachment":[{"href":"https:\/\/www.travel-slovenia.si\/slo\/wp-json\/wp\/v2\/media?parent=5571"}],"curies":[{"name":"wp","href":"https:\/\/api.w.org\/{rel}","templated":true}]}}