{"id":5552,"date":"2016-05-12T00:03:33","date_gmt":"2016-05-11T22:03:33","guid":{"rendered":"https:\/\/www.travel-slovenia.si\/slo\/?page_id=5552"},"modified":"2016-05-12T00:04:49","modified_gmt":"2016-05-11T22:04:49","slug":"jugoslovanska-ideja","status":"publish","type":"page","link":"https:\/\/www.travel-slovenia.si\/slo\/jugoslovanska-ideja\/","title":{"rendered":"Jugoslovanska ideja"},"content":{"rendered":"<figure id=\"attachment_5553\" class=\"wp-caption alignleft\" style=\"max-width: 300px\"><img loading=\"lazy\" decoding=\"async\" class=\"wp-image-5553\" src=\"https:\/\/www.travel-slovenia.si\/slo\/wp-content\/uploads\/2016\/05\/travel-slovenia-ivan-cankar-karikatura.jpg\" alt=\"Karikatura Ivana Cankarja kot zapornik in mu\u010denik\" width=\"300\" height=\"416\" srcset=\"https:\/\/www.travel-slovenia.si\/slo\/wp-content\/uploads\/2016\/05\/travel-slovenia-ivan-cankar-karikatura.jpg 400w, https:\/\/www.travel-slovenia.si\/slo\/wp-content\/uploads\/2016\/05\/travel-slovenia-ivan-cankar-karikatura-216x300.jpg 216w, https:\/\/www.travel-slovenia.si\/slo\/wp-content\/uploads\/2016\/05\/travel-slovenia-ivan-cankar-karikatura-17x24.jpg 17w, https:\/\/www.travel-slovenia.si\/slo\/wp-content\/uploads\/2016\/05\/travel-slovenia-ivan-cankar-karikatura-26x36.jpg 26w, https:\/\/www.travel-slovenia.si\/slo\/wp-content\/uploads\/2016\/05\/travel-slovenia-ivan-cankar-karikatura-35x48.jpg 35w\" sizes=\"auto, (max-width: 300px) 100vw, 300px\" \/><figcaption class=\"wp-caption-text\">Karikatura Ivana Cankarja kot zapornik in mu\u010denik<\/figcaption><\/figure>\n<p style=\"text-align: justify;\">Znotraj strank in zunaj njih so se v tem \u010dasu oblikovali razli\u010dni pogledu na prihodnost Slovencev in Habsbur\u0161ke monarhije. In prevladovalo je prepri\u010danje, da je nujno potrebna politi\u010dna preureditev Avstro-Ogrske.<\/p>\n<p style=\"text-align: justify;\">Slovenska ljudska stranka je zagovarjala trializem, torej delitev monarhije na tri enote: Avstrijo, Mad\u017earsko in jugoslovansko enoto. Ta jugoslovanska enota bi obsegala slovenske de\u017eele, Hrva\u0161ko z Dalmacijo in Istro, Slavonijo ter Bosno in Hercegovino. Nemci in Mad\u017eari so idejo zavra\u010dali, a ideji je bil naklonjen prestolonaslednik Franc Ferdinand.<\/p>\n<p style=\"text-align: justify;\">Radikalnej\u0161e ideje so zahtevale dokon\u010den prelom s Habsbur\u017eani in podprla se je ustanovitev samostojne jugoslovanske dr\u017eave. Zdru\u017eevala bi vse ju\u017enoslovanske narode, tudi Srbe in \u010crnogorce, ki pa so \u017ee imeli lastne dr\u017eave. Preporodovci oziroma \u010dlani revolucionarnega dru\u0161tva Preporod so bili najbolj vneti privr\u017eenci teh idej. Dru\u0161tvo je bilo aktivno med slovenskimi dijaki in \u0161tudenti.<\/p>\n<p style=\"text-align: justify;\">12. maja 1913 je imel slovenski knji\u017eevnik Ivan Cankar v Mestnem domu v Ljubljani znamenito predavanje z naslovom Slovenci in Jugoslovani. Ivana Cankarja so tedanje oblasti obsodile na teden dni zapora zaradi vsebine predavanja in domnevne naklonjenosti politi\u010dni zvezi jugoslovanskih narodov. Cankar je idejo o jugoslovanski dr\u017eavi podprl in na predavanju je zavrnil poglede na zahteve po jezikovnem in kulturnem poenotenju. Dejal je tudi da smo po krvi vsi bratje, po jeziku pa vsaj bratranci, po kulturi, katera je sad ve\u010dstoletne lo\u010dene vzgoje smo si veliko bolj tuji. Zavzel se je za ustanovitev zvezne jugoslovanske republike, sestavljeno iz Slovencev, Hrvatov, Srbov in Bolgarov. Med \u010dlani bi bil odnos enakopraven.<\/p>\n<p style=\"text-align: justify;\">Med kme\u010dkimi mno\u017eicami se jugoslovanska ideja ni raz\u0161irila, podprl pa je tudi ni del duhov\u0161\u010dine zaradi strahu pred posledicami zamenjave katoli\u0161kega vladarja s pravoslavnim iz srbske dinastije Kara\u0111or\u0111evi\u010d.<\/p>\n<p>&nbsp;<\/p>\n<table>\n<tbody>\n<tr>\n<td style=\"text-align: center;\"><a href=\"https:\/\/www.travel-slovenia.si\/slo\/na-danasnji-dan\/\"><img loading=\"lazy\" decoding=\"async\" class=\"alignleft wp-image-4499 size-full\" src=\"https:\/\/www.travel-slovenia.si\/slo\/wp-content\/uploads\/2014\/09\/travel-slovenia-povezava-na-drugo.jpg\" alt=\"travel-slovenia-povezava-na-drugo\" width=\"128\" height=\"22\" srcset=\"https:\/\/www.travel-slovenia.si\/slo\/wp-content\/uploads\/2014\/09\/travel-slovenia-povezava-na-drugo.jpg 128w, https:\/\/www.travel-slovenia.si\/slo\/wp-content\/uploads\/2014\/09\/travel-slovenia-povezava-na-drugo-24x4.jpg 24w, https:\/\/www.travel-slovenia.si\/slo\/wp-content\/uploads\/2014\/09\/travel-slovenia-povezava-na-drugo-36x6.jpg 36w, https:\/\/www.travel-slovenia.si\/slo\/wp-content\/uploads\/2014\/09\/travel-slovenia-povezava-na-drugo-48x8.jpg 48w\" sizes=\"auto, (max-width: 128px) 100vw, 128px\" \/><\/a><a href=\"https:\/\/www.travel-slovenia.si\/slo\/na-danasnji-dan\/\">Poglejte \u0161e druge zgodovinske dogodke!<\/a><a href=\"https:\/\/www.travel-slovenia.si\/slo\/na-danasnji-dan\/\"><img loading=\"lazy\" decoding=\"async\" class=\"alignright wp-image-4500 size-full\" src=\"https:\/\/www.travel-slovenia.si\/slo\/wp-content\/uploads\/2014\/09\/travel-slovenia-povezava-na-drugo2.jpg\" alt=\"travel-slovenia-povezava-na-drugo2\" width=\"128\" height=\"22\" srcset=\"https:\/\/www.travel-slovenia.si\/slo\/wp-content\/uploads\/2014\/09\/travel-slovenia-povezava-na-drugo2.jpg 128w, https:\/\/www.travel-slovenia.si\/slo\/wp-content\/uploads\/2014\/09\/travel-slovenia-povezava-na-drugo2-24x4.jpg 24w, https:\/\/www.travel-slovenia.si\/slo\/wp-content\/uploads\/2014\/09\/travel-slovenia-povezava-na-drugo2-36x6.jpg 36w, https:\/\/www.travel-slovenia.si\/slo\/wp-content\/uploads\/2014\/09\/travel-slovenia-povezava-na-drugo2-48x8.jpg 48w\" sizes=\"auto, (max-width: 128px) 100vw, 128px\" \/><\/a><\/td>\n<\/tr>\n<\/tbody>\n<\/table>\n","protected":false},"excerpt":{"rendered":"<p>Znotraj strank in zunaj njih so se v tem \u010dasu oblikovali razli\u010dni pogledu na prihodnost Slovencev in Habsbur\u0161ke monarhije. In prevladovalo je prepri\u010danje, da je nujno potrebna politi\u010dna preureditev Avstro-Ogrske. Slovenska ljudska stranka je zagovarjala trializem, torej delitev monarhije na tri enote: Avstrijo, Mad\u017earsko in jugoslovansko enoto. Ta jugoslovanska enota bi obsegala slovenske de\u017eele, Hrva\u0161ko [&hellip;]<\/p>\n","protected":false},"author":111,"featured_media":0,"parent":0,"menu_order":0,"comment_status":"closed","ping_status":"closed","template":"","meta":{"footnotes":""},"class_list":["post-5552","page","type-page","status-publish","hentry"],"yoast_head":"<!-- This site is optimized with the Yoast SEO plugin v25.4 - https:\/\/yoast.com\/wordpress\/plugins\/seo\/ -->\n<title>Jugoslovanska ideja : Travel-Slovenia<\/title>\n<meta name=\"description\" content=\"Slovenska ljudska stranka je zagovarjala trializem, torej delitev monarhije na tri enote: Avstrijo, Mad\u017earsko in jugoslovansko enoto.\" \/>\n<meta name=\"robots\" content=\"index, follow, max-snippet:-1, max-image-preview:large, max-video-preview:-1\" \/>\n<link rel=\"canonical\" href=\"https:\/\/www.travel-slovenia.si\/slo\/jugoslovanska-ideja\/\" \/>\n<meta property=\"og:locale\" content=\"sl_SI\" \/>\n<meta property=\"og:type\" content=\"article\" \/>\n<meta property=\"og:title\" content=\"Jugoslovanska ideja : Travel-Slovenia\" \/>\n<meta property=\"og:description\" content=\"Slovenska ljudska stranka je zagovarjala trializem, torej delitev monarhije na tri enote: Avstrijo, Mad\u017earsko in jugoslovansko enoto.\" \/>\n<meta property=\"og:url\" content=\"https:\/\/www.travel-slovenia.si\/slo\/jugoslovanska-ideja\/\" \/>\n<meta property=\"og:site_name\" content=\"Travel Slovenia - Sledite lepotam na\u0161e male dr\u017eavice\" \/>\n<meta property=\"article:modified_time\" content=\"2016-05-11T22:04:49+00:00\" \/>\n<meta property=\"og:image\" content=\"https:\/\/www.travel-slovenia.si\/slo\/wp-content\/uploads\/2016\/05\/travel-slovenia-ivan-cankar-karikatura.jpg\" \/>\n\t<meta property=\"og:image:width\" content=\"400\" \/>\n\t<meta property=\"og:image:height\" content=\"555\" \/>\n\t<meta property=\"og:image:type\" content=\"image\/jpeg\" \/>\n<meta name=\"twitter:card\" content=\"summary_large_image\" \/>\n<meta name=\"twitter:title\" content=\"Jugoslovanska ideja : Travel-Slovenia\" \/>\n<meta name=\"twitter:description\" content=\"Slovenska ljudska stranka je zagovarjala trializem, torej delitev monarhije na tri enote: Avstrijo, Mad\u017earsko in jugoslovansko enoto.\" \/>\n<meta name=\"twitter:image\" content=\"https:\/\/www.travel-slovenia.si\/slo\/wp-content\/uploads\/2016\/05\/travel-slovenia-ivan-cankar-karikatura.jpg\" \/>\n<meta name=\"twitter:label1\" content=\"Est. reading time\" \/>\n\t<meta name=\"twitter:data1\" content=\"2 minuti\" \/>\n<script type=\"application\/ld+json\" class=\"yoast-schema-graph\">{\"@context\":\"https:\/\/schema.org\",\"@graph\":[{\"@type\":\"WebPage\",\"@id\":\"https:\/\/www.travel-slovenia.si\/slo\/jugoslovanska-ideja\/\",\"url\":\"https:\/\/www.travel-slovenia.si\/slo\/jugoslovanska-ideja\/\",\"name\":\"Jugoslovanska ideja : Travel-Slovenia\",\"isPartOf\":{\"@id\":\"https:\/\/www.travel-slovenia.si\/slo\/#website\"},\"primaryImageOfPage\":{\"@id\":\"https:\/\/www.travel-slovenia.si\/slo\/jugoslovanska-ideja\/#primaryimage\"},\"image\":{\"@id\":\"https:\/\/www.travel-slovenia.si\/slo\/jugoslovanska-ideja\/#primaryimage\"},\"thumbnailUrl\":\"https:\/\/www.travel-slovenia.si\/slo\/wp-content\/uploads\/2016\/05\/travel-slovenia-ivan-cankar-karikatura.jpg\",\"datePublished\":\"2016-05-11T22:03:33+00:00\",\"dateModified\":\"2016-05-11T22:04:49+00:00\",\"description\":\"Slovenska ljudska stranka je zagovarjala trializem, torej delitev monarhije na tri enote: Avstrijo, Mad\u017earsko in jugoslovansko enoto.\",\"breadcrumb\":{\"@id\":\"https:\/\/www.travel-slovenia.si\/slo\/jugoslovanska-ideja\/#breadcrumb\"},\"inLanguage\":\"sl-SI\",\"potentialAction\":[{\"@type\":\"ReadAction\",\"target\":[\"https:\/\/www.travel-slovenia.si\/slo\/jugoslovanska-ideja\/\"]}]},{\"@type\":\"ImageObject\",\"inLanguage\":\"sl-SI\",\"@id\":\"https:\/\/www.travel-slovenia.si\/slo\/jugoslovanska-ideja\/#primaryimage\",\"url\":\"https:\/\/www.travel-slovenia.si\/slo\/wp-content\/uploads\/2016\/05\/travel-slovenia-ivan-cankar-karikatura.jpg\",\"contentUrl\":\"https:\/\/www.travel-slovenia.si\/slo\/wp-content\/uploads\/2016\/05\/travel-slovenia-ivan-cankar-karikatura.jpg\",\"width\":400,\"height\":555,\"caption\":\"Karikatura Ivana Cankarja kot zapornik in mu\u010denik\"},{\"@type\":\"BreadcrumbList\",\"@id\":\"https:\/\/www.travel-slovenia.si\/slo\/jugoslovanska-ideja\/#breadcrumb\",\"itemListElement\":[{\"@type\":\"ListItem\",\"position\":1,\"name\":\"Home\",\"item\":\"https:\/\/www.travel-slovenia.si\/slo\/\"},{\"@type\":\"ListItem\",\"position\":2,\"name\":\"Jugoslovanska ideja\"}]},{\"@type\":\"WebSite\",\"@id\":\"https:\/\/www.travel-slovenia.si\/slo\/#website\",\"url\":\"https:\/\/www.travel-slovenia.si\/slo\/\",\"name\":\"Travel Slovenia - Sledite lepotam na\u0161e male dr\u017eavice\",\"description\":\"\",\"potentialAction\":[{\"@type\":\"SearchAction\",\"target\":{\"@type\":\"EntryPoint\",\"urlTemplate\":\"https:\/\/www.travel-slovenia.si\/slo\/?s={search_term_string}\"},\"query-input\":{\"@type\":\"PropertyValueSpecification\",\"valueRequired\":true,\"valueName\":\"search_term_string\"}}],\"inLanguage\":\"sl-SI\"}]}<\/script>\n<!-- \/ Yoast SEO plugin. -->","yoast_head_json":{"title":"Jugoslovanska ideja : Travel-Slovenia","description":"Slovenska ljudska stranka je zagovarjala trializem, torej delitev monarhije na tri enote: Avstrijo, Mad\u017earsko in jugoslovansko enoto.","robots":{"index":"index","follow":"follow","max-snippet":"max-snippet:-1","max-image-preview":"max-image-preview:large","max-video-preview":"max-video-preview:-1"},"canonical":"https:\/\/www.travel-slovenia.si\/slo\/jugoslovanska-ideja\/","og_locale":"sl_SI","og_type":"article","og_title":"Jugoslovanska ideja : Travel-Slovenia","og_description":"Slovenska ljudska stranka je zagovarjala trializem, torej delitev monarhije na tri enote: Avstrijo, Mad\u017earsko in jugoslovansko enoto.","og_url":"https:\/\/www.travel-slovenia.si\/slo\/jugoslovanska-ideja\/","og_site_name":"Travel Slovenia - Sledite lepotam na\u0161e male dr\u017eavice","article_modified_time":"2016-05-11T22:04:49+00:00","og_image":[{"width":400,"height":555,"url":"https:\/\/www.travel-slovenia.si\/slo\/wp-content\/uploads\/2016\/05\/travel-slovenia-ivan-cankar-karikatura.jpg","type":"image\/jpeg"}],"twitter_card":"summary_large_image","twitter_title":"Jugoslovanska ideja : Travel-Slovenia","twitter_description":"Slovenska ljudska stranka je zagovarjala trializem, torej delitev monarhije na tri enote: Avstrijo, Mad\u017earsko in jugoslovansko enoto.","twitter_image":"https:\/\/www.travel-slovenia.si\/slo\/wp-content\/uploads\/2016\/05\/travel-slovenia-ivan-cankar-karikatura.jpg","twitter_misc":{"Est. reading time":"2 minuti"},"schema":{"@context":"https:\/\/schema.org","@graph":[{"@type":"WebPage","@id":"https:\/\/www.travel-slovenia.si\/slo\/jugoslovanska-ideja\/","url":"https:\/\/www.travel-slovenia.si\/slo\/jugoslovanska-ideja\/","name":"Jugoslovanska ideja : Travel-Slovenia","isPartOf":{"@id":"https:\/\/www.travel-slovenia.si\/slo\/#website"},"primaryImageOfPage":{"@id":"https:\/\/www.travel-slovenia.si\/slo\/jugoslovanska-ideja\/#primaryimage"},"image":{"@id":"https:\/\/www.travel-slovenia.si\/slo\/jugoslovanska-ideja\/#primaryimage"},"thumbnailUrl":"https:\/\/www.travel-slovenia.si\/slo\/wp-content\/uploads\/2016\/05\/travel-slovenia-ivan-cankar-karikatura.jpg","datePublished":"2016-05-11T22:03:33+00:00","dateModified":"2016-05-11T22:04:49+00:00","description":"Slovenska ljudska stranka je zagovarjala trializem, torej delitev monarhije na tri enote: Avstrijo, Mad\u017earsko in jugoslovansko enoto.","breadcrumb":{"@id":"https:\/\/www.travel-slovenia.si\/slo\/jugoslovanska-ideja\/#breadcrumb"},"inLanguage":"sl-SI","potentialAction":[{"@type":"ReadAction","target":["https:\/\/www.travel-slovenia.si\/slo\/jugoslovanska-ideja\/"]}]},{"@type":"ImageObject","inLanguage":"sl-SI","@id":"https:\/\/www.travel-slovenia.si\/slo\/jugoslovanska-ideja\/#primaryimage","url":"https:\/\/www.travel-slovenia.si\/slo\/wp-content\/uploads\/2016\/05\/travel-slovenia-ivan-cankar-karikatura.jpg","contentUrl":"https:\/\/www.travel-slovenia.si\/slo\/wp-content\/uploads\/2016\/05\/travel-slovenia-ivan-cankar-karikatura.jpg","width":400,"height":555,"caption":"Karikatura Ivana Cankarja kot zapornik in mu\u010denik"},{"@type":"BreadcrumbList","@id":"https:\/\/www.travel-slovenia.si\/slo\/jugoslovanska-ideja\/#breadcrumb","itemListElement":[{"@type":"ListItem","position":1,"name":"Home","item":"https:\/\/www.travel-slovenia.si\/slo\/"},{"@type":"ListItem","position":2,"name":"Jugoslovanska ideja"}]},{"@type":"WebSite","@id":"https:\/\/www.travel-slovenia.si\/slo\/#website","url":"https:\/\/www.travel-slovenia.si\/slo\/","name":"Travel Slovenia - Sledite lepotam na\u0161e male dr\u017eavice","description":"","potentialAction":[{"@type":"SearchAction","target":{"@type":"EntryPoint","urlTemplate":"https:\/\/www.travel-slovenia.si\/slo\/?s={search_term_string}"},"query-input":{"@type":"PropertyValueSpecification","valueRequired":true,"valueName":"search_term_string"}}],"inLanguage":"sl-SI"}]}},"post_mailing_queue_ids":[],"_links":{"self":[{"href":"https:\/\/www.travel-slovenia.si\/slo\/wp-json\/wp\/v2\/pages\/5552","targetHints":{"allow":["GET"]}}],"collection":[{"href":"https:\/\/www.travel-slovenia.si\/slo\/wp-json\/wp\/v2\/pages"}],"about":[{"href":"https:\/\/www.travel-slovenia.si\/slo\/wp-json\/wp\/v2\/types\/page"}],"author":[{"embeddable":true,"href":"https:\/\/www.travel-slovenia.si\/slo\/wp-json\/wp\/v2\/users\/111"}],"replies":[{"embeddable":true,"href":"https:\/\/www.travel-slovenia.si\/slo\/wp-json\/wp\/v2\/comments?post=5552"}],"version-history":[{"count":1,"href":"https:\/\/www.travel-slovenia.si\/slo\/wp-json\/wp\/v2\/pages\/5552\/revisions"}],"predecessor-version":[{"id":5554,"href":"https:\/\/www.travel-slovenia.si\/slo\/wp-json\/wp\/v2\/pages\/5552\/revisions\/5554"}],"wp:attachment":[{"href":"https:\/\/www.travel-slovenia.si\/slo\/wp-json\/wp\/v2\/media?parent=5552"}],"curies":[{"name":"wp","href":"https:\/\/api.w.org\/{rel}","templated":true}]}}