{"id":5398,"date":"2016-03-25T09:29:51","date_gmt":"2016-03-25T08:29:51","guid":{"rendered":"https:\/\/www.travel-slovenia.si\/slo\/?page_id=5398"},"modified":"2016-03-25T09:31:03","modified_gmt":"2016-03-25T08:31:03","slug":"sledite-novim-travel-slovenia-objavam","status":"publish","type":"page","link":"https:\/\/www.travel-slovenia.si\/slo\/sledite-novim-travel-slovenia-objavam\/","title":{"rendered":"Sledite novim Travel-Slovenia objavam"},"content":{"rendered":"<p style=\"text-align: justify;\">Bodite obve\u0161\u010deni o novostih vsesplo\u0161nega spletnega turisti\u010dnega priro\u010dnika za Slovenijo: Travel-Slovenia. Na strani lahko naj dete opise razli\u010dnih lokacij, pomembne osebe, dejstva o Sloveniji, dogodke na dolo\u010dene dneve v letu, splo\u0161ne informacije, vremensko napoved, zapise o Sloveniji \u2026 torej vse, kar se ti\u010de na\u0161e male podalpske dr\u017eavice.<\/p>\n<p style=\"text-align: justify;\"><strong><em>Novostim lahko sledite preko:<\/em><\/strong><br \/>\nsocialnih omre\u017eij Facebook, Twitter, Linkedin, Tumblr, Google+ ali preko spletnega naslova. Vse kar morate storiti je, da v zgornjem desnem kotu obi\u0161\u010dete eno od mo\u017enosti in v\u0161e\u010dkate ali\u00a0sledite\u00a0Travel-Slovenia ali se prijavite na prejemanje novih objav z va\u0161im spletnim naslovom.<\/p>\n<p style=\"text-align: justify;\"><img loading=\"lazy\" decoding=\"async\" class=\"aligncenter size-full wp-image-5399\" src=\"https:\/\/www.travel-slovenia.si\/slo\/wp-content\/uploads\/2016\/03\/travel-slovenia-sledite-nam.jpg\" alt=\"travel-slovenia-sledite-nam\" width=\"500\" height=\"324\" srcset=\"https:\/\/www.travel-slovenia.si\/slo\/wp-content\/uploads\/2016\/03\/travel-slovenia-sledite-nam.jpg 500w, https:\/\/www.travel-slovenia.si\/slo\/wp-content\/uploads\/2016\/03\/travel-slovenia-sledite-nam-300x194.jpg 300w, https:\/\/www.travel-slovenia.si\/slo\/wp-content\/uploads\/2016\/03\/travel-slovenia-sledite-nam-232x150.jpg 232w, https:\/\/www.travel-slovenia.si\/slo\/wp-content\/uploads\/2016\/03\/travel-slovenia-sledite-nam-24x16.jpg 24w, https:\/\/www.travel-slovenia.si\/slo\/wp-content\/uploads\/2016\/03\/travel-slovenia-sledite-nam-36x23.jpg 36w, https:\/\/www.travel-slovenia.si\/slo\/wp-content\/uploads\/2016\/03\/travel-slovenia-sledite-nam-48x31.jpg 48w\" sizes=\"auto, (max-width: 500px) 100vw, 500px\" \/><\/p>\n<p style=\"text-align: justify;\">Tako ne boste nikoli zamudili novosti, ki \u0161e prihajajo \u2013 nove lokacije, nova dejstva, nove informacije.<br \/>\n<a href=\"https:\/\/www.travel-slovenia.si\" target=\"_blank\">Travel-Slovenia<\/a> \/ www.travel-slovenia.si \/<\/p>\n","protected":false},"excerpt":{"rendered":"<p>Bodite obve\u0161\u010deni o novostih vsesplo\u0161nega spletnega turisti\u010dnega priro\u010dnika za Slovenijo: Travel-Slovenia. Na strani lahko naj dete opise razli\u010dnih lokacij, pomembne osebe, dejstva o Sloveniji, dogodke na dolo\u010dene dneve v letu, splo\u0161ne informacije, vremensko napoved, zapise o Sloveniji \u2026 torej vse, kar se ti\u010de na\u0161e male podalpske dr\u017eavice. Novostim lahko sledite preko: socialnih omre\u017eij Facebook, Twitter, [&hellip;]<\/p>\n","protected":false},"author":111,"featured_media":0,"parent":0,"menu_order":0,"comment_status":"closed","ping_status":"closed","template":"","meta":{"footnotes":""},"class_list":["post-5398","page","type-page","status-publish","hentry"],"yoast_head":"<!-- This site is optimized with the Yoast SEO plugin v25.4 - https:\/\/yoast.com\/wordpress\/plugins\/seo\/ -->\n<title>Sledite novim Travel-Slovenia objavam : Travel-Slovenia<\/title>\n<meta name=\"description\" content=\"Bodite obve\u0161\u010deni o novostih vsesplo\u0161nega spletnega turisti\u010dnega priro\u010dnika za Slovenijo: Travel-Slovenia in ne zamudite novosti, ki \u0161e prihajajo.\" \/>\n<meta name=\"robots\" content=\"index, follow, max-snippet:-1, max-image-preview:large, max-video-preview:-1\" \/>\n<link rel=\"canonical\" href=\"https:\/\/www.travel-slovenia.si\/slo\/sledite-novim-travel-slovenia-objavam\/\" \/>\n<meta property=\"og:locale\" content=\"sl_SI\" \/>\n<meta property=\"og:type\" content=\"article\" \/>\n<meta property=\"og:title\" content=\"Sledite novim Travel-Slovenia objavam : Travel-Slovenia\" \/>\n<meta property=\"og:description\" content=\"Bodite obve\u0161\u010deni o novostih vsesplo\u0161nega spletnega turisti\u010dnega priro\u010dnika za Slovenijo: Travel-Slovenia in ne zamudite novosti, ki \u0161e prihajajo.\" \/>\n<meta property=\"og:url\" content=\"https:\/\/www.travel-slovenia.si\/slo\/sledite-novim-travel-slovenia-objavam\/\" \/>\n<meta property=\"og:site_name\" content=\"Travel Slovenia - Sledite lepotam na\u0161e male dr\u017eavice\" \/>\n<meta property=\"article:modified_time\" content=\"2016-03-25T08:31:03+00:00\" \/>\n<meta property=\"og:image\" content=\"https:\/\/www.travel-slovenia.si\/slo\/wp-content\/uploads\/2016\/03\/travel-slovenia-sledite-nam.jpg\" \/>\n\t<meta property=\"og:image:width\" content=\"500\" \/>\n\t<meta property=\"og:image:height\" content=\"324\" \/>\n\t<meta property=\"og:image:type\" content=\"image\/jpeg\" \/>\n<meta name=\"twitter:card\" content=\"summary_large_image\" \/>\n<meta name=\"twitter:title\" content=\"Sledite novim Travel-Slovenia objavam : Travel-Slovenia\" \/>\n<meta name=\"twitter:description\" content=\"Bodite obve\u0161\u010deni o novostih vsesplo\u0161nega spletnega turisti\u010dnega priro\u010dnika za Slovenijo: Travel-Slovenia in ne zamudite novosti, ki \u0161e prihajajo.\" \/>\n<meta name=\"twitter:image\" content=\"https:\/\/www.travel-slovenia.si\/slo\/wp-content\/uploads\/2016\/03\/travel-slovenia-sledite-nam.jpg\" \/>\n<meta name=\"twitter:label1\" content=\"Est. reading time\" \/>\n\t<meta name=\"twitter:data1\" content=\"1 minuta\" \/>\n<script type=\"application\/ld+json\" class=\"yoast-schema-graph\">{\"@context\":\"https:\/\/schema.org\",\"@graph\":[{\"@type\":\"WebPage\",\"@id\":\"https:\/\/www.travel-slovenia.si\/slo\/sledite-novim-travel-slovenia-objavam\/\",\"url\":\"https:\/\/www.travel-slovenia.si\/slo\/sledite-novim-travel-slovenia-objavam\/\",\"name\":\"Sledite novim Travel-Slovenia objavam : Travel-Slovenia\",\"isPartOf\":{\"@id\":\"https:\/\/www.travel-slovenia.si\/slo\/#website\"},\"primaryImageOfPage\":{\"@id\":\"https:\/\/www.travel-slovenia.si\/slo\/sledite-novim-travel-slovenia-objavam\/#primaryimage\"},\"image\":{\"@id\":\"https:\/\/www.travel-slovenia.si\/slo\/sledite-novim-travel-slovenia-objavam\/#primaryimage\"},\"thumbnailUrl\":\"https:\/\/www.travel-slovenia.si\/slo\/wp-content\/uploads\/2016\/03\/travel-slovenia-sledite-nam.jpg\",\"datePublished\":\"2016-03-25T08:29:51+00:00\",\"dateModified\":\"2016-03-25T08:31:03+00:00\",\"description\":\"Bodite obve\u0161\u010deni o novostih vsesplo\u0161nega spletnega turisti\u010dnega priro\u010dnika za Slovenijo: Travel-Slovenia in ne zamudite novosti, ki \u0161e prihajajo.\",\"breadcrumb\":{\"@id\":\"https:\/\/www.travel-slovenia.si\/slo\/sledite-novim-travel-slovenia-objavam\/#breadcrumb\"},\"inLanguage\":\"sl-SI\",\"potentialAction\":[{\"@type\":\"ReadAction\",\"target\":[\"https:\/\/www.travel-slovenia.si\/slo\/sledite-novim-travel-slovenia-objavam\/\"]}]},{\"@type\":\"ImageObject\",\"inLanguage\":\"sl-SI\",\"@id\":\"https:\/\/www.travel-slovenia.si\/slo\/sledite-novim-travel-slovenia-objavam\/#primaryimage\",\"url\":\"https:\/\/www.travel-slovenia.si\/slo\/wp-content\/uploads\/2016\/03\/travel-slovenia-sledite-nam.jpg\",\"contentUrl\":\"https:\/\/www.travel-slovenia.si\/slo\/wp-content\/uploads\/2016\/03\/travel-slovenia-sledite-nam.jpg\",\"width\":500,\"height\":324},{\"@type\":\"BreadcrumbList\",\"@id\":\"https:\/\/www.travel-slovenia.si\/slo\/sledite-novim-travel-slovenia-objavam\/#breadcrumb\",\"itemListElement\":[{\"@type\":\"ListItem\",\"position\":1,\"name\":\"Home\",\"item\":\"https:\/\/www.travel-slovenia.si\/slo\/\"},{\"@type\":\"ListItem\",\"position\":2,\"name\":\"Sledite novim Travel-Slovenia objavam\"}]},{\"@type\":\"WebSite\",\"@id\":\"https:\/\/www.travel-slovenia.si\/slo\/#website\",\"url\":\"https:\/\/www.travel-slovenia.si\/slo\/\",\"name\":\"Travel Slovenia - Sledite lepotam na\u0161e male dr\u017eavice\",\"description\":\"\",\"potentialAction\":[{\"@type\":\"SearchAction\",\"target\":{\"@type\":\"EntryPoint\",\"urlTemplate\":\"https:\/\/www.travel-slovenia.si\/slo\/?s={search_term_string}\"},\"query-input\":{\"@type\":\"PropertyValueSpecification\",\"valueRequired\":true,\"valueName\":\"search_term_string\"}}],\"inLanguage\":\"sl-SI\"}]}<\/script>\n<!-- \/ Yoast SEO plugin. -->","yoast_head_json":{"title":"Sledite novim Travel-Slovenia objavam : Travel-Slovenia","description":"Bodite obve\u0161\u010deni o novostih vsesplo\u0161nega spletnega turisti\u010dnega priro\u010dnika za Slovenijo: Travel-Slovenia in ne zamudite novosti, ki \u0161e prihajajo.","robots":{"index":"index","follow":"follow","max-snippet":"max-snippet:-1","max-image-preview":"max-image-preview:large","max-video-preview":"max-video-preview:-1"},"canonical":"https:\/\/www.travel-slovenia.si\/slo\/sledite-novim-travel-slovenia-objavam\/","og_locale":"sl_SI","og_type":"article","og_title":"Sledite novim Travel-Slovenia objavam : Travel-Slovenia","og_description":"Bodite obve\u0161\u010deni o novostih vsesplo\u0161nega spletnega turisti\u010dnega priro\u010dnika za Slovenijo: Travel-Slovenia in ne zamudite novosti, ki \u0161e prihajajo.","og_url":"https:\/\/www.travel-slovenia.si\/slo\/sledite-novim-travel-slovenia-objavam\/","og_site_name":"Travel Slovenia - Sledite lepotam na\u0161e male dr\u017eavice","article_modified_time":"2016-03-25T08:31:03+00:00","og_image":[{"width":500,"height":324,"url":"https:\/\/www.travel-slovenia.si\/slo\/wp-content\/uploads\/2016\/03\/travel-slovenia-sledite-nam.jpg","type":"image\/jpeg"}],"twitter_card":"summary_large_image","twitter_title":"Sledite novim Travel-Slovenia objavam : Travel-Slovenia","twitter_description":"Bodite obve\u0161\u010deni o novostih vsesplo\u0161nega spletnega turisti\u010dnega priro\u010dnika za Slovenijo: Travel-Slovenia in ne zamudite novosti, ki \u0161e prihajajo.","twitter_image":"https:\/\/www.travel-slovenia.si\/slo\/wp-content\/uploads\/2016\/03\/travel-slovenia-sledite-nam.jpg","twitter_misc":{"Est. reading time":"1 minuta"},"schema":{"@context":"https:\/\/schema.org","@graph":[{"@type":"WebPage","@id":"https:\/\/www.travel-slovenia.si\/slo\/sledite-novim-travel-slovenia-objavam\/","url":"https:\/\/www.travel-slovenia.si\/slo\/sledite-novim-travel-slovenia-objavam\/","name":"Sledite novim Travel-Slovenia objavam : Travel-Slovenia","isPartOf":{"@id":"https:\/\/www.travel-slovenia.si\/slo\/#website"},"primaryImageOfPage":{"@id":"https:\/\/www.travel-slovenia.si\/slo\/sledite-novim-travel-slovenia-objavam\/#primaryimage"},"image":{"@id":"https:\/\/www.travel-slovenia.si\/slo\/sledite-novim-travel-slovenia-objavam\/#primaryimage"},"thumbnailUrl":"https:\/\/www.travel-slovenia.si\/slo\/wp-content\/uploads\/2016\/03\/travel-slovenia-sledite-nam.jpg","datePublished":"2016-03-25T08:29:51+00:00","dateModified":"2016-03-25T08:31:03+00:00","description":"Bodite obve\u0161\u010deni o novostih vsesplo\u0161nega spletnega turisti\u010dnega priro\u010dnika za Slovenijo: Travel-Slovenia in ne zamudite novosti, ki \u0161e prihajajo.","breadcrumb":{"@id":"https:\/\/www.travel-slovenia.si\/slo\/sledite-novim-travel-slovenia-objavam\/#breadcrumb"},"inLanguage":"sl-SI","potentialAction":[{"@type":"ReadAction","target":["https:\/\/www.travel-slovenia.si\/slo\/sledite-novim-travel-slovenia-objavam\/"]}]},{"@type":"ImageObject","inLanguage":"sl-SI","@id":"https:\/\/www.travel-slovenia.si\/slo\/sledite-novim-travel-slovenia-objavam\/#primaryimage","url":"https:\/\/www.travel-slovenia.si\/slo\/wp-content\/uploads\/2016\/03\/travel-slovenia-sledite-nam.jpg","contentUrl":"https:\/\/www.travel-slovenia.si\/slo\/wp-content\/uploads\/2016\/03\/travel-slovenia-sledite-nam.jpg","width":500,"height":324},{"@type":"BreadcrumbList","@id":"https:\/\/www.travel-slovenia.si\/slo\/sledite-novim-travel-slovenia-objavam\/#breadcrumb","itemListElement":[{"@type":"ListItem","position":1,"name":"Home","item":"https:\/\/www.travel-slovenia.si\/slo\/"},{"@type":"ListItem","position":2,"name":"Sledite novim Travel-Slovenia objavam"}]},{"@type":"WebSite","@id":"https:\/\/www.travel-slovenia.si\/slo\/#website","url":"https:\/\/www.travel-slovenia.si\/slo\/","name":"Travel Slovenia - Sledite lepotam na\u0161e male dr\u017eavice","description":"","potentialAction":[{"@type":"SearchAction","target":{"@type":"EntryPoint","urlTemplate":"https:\/\/www.travel-slovenia.si\/slo\/?s={search_term_string}"},"query-input":{"@type":"PropertyValueSpecification","valueRequired":true,"valueName":"search_term_string"}}],"inLanguage":"sl-SI"}]}},"post_mailing_queue_ids":[],"_links":{"self":[{"href":"https:\/\/www.travel-slovenia.si\/slo\/wp-json\/wp\/v2\/pages\/5398","targetHints":{"allow":["GET"]}}],"collection":[{"href":"https:\/\/www.travel-slovenia.si\/slo\/wp-json\/wp\/v2\/pages"}],"about":[{"href":"https:\/\/www.travel-slovenia.si\/slo\/wp-json\/wp\/v2\/types\/page"}],"author":[{"embeddable":true,"href":"https:\/\/www.travel-slovenia.si\/slo\/wp-json\/wp\/v2\/users\/111"}],"replies":[{"embeddable":true,"href":"https:\/\/www.travel-slovenia.si\/slo\/wp-json\/wp\/v2\/comments?post=5398"}],"version-history":[{"count":2,"href":"https:\/\/www.travel-slovenia.si\/slo\/wp-json\/wp\/v2\/pages\/5398\/revisions"}],"predecessor-version":[{"id":5401,"href":"https:\/\/www.travel-slovenia.si\/slo\/wp-json\/wp\/v2\/pages\/5398\/revisions\/5401"}],"wp:attachment":[{"href":"https:\/\/www.travel-slovenia.si\/slo\/wp-json\/wp\/v2\/media?parent=5398"}],"curies":[{"name":"wp","href":"https:\/\/api.w.org\/{rel}","templated":true}]}}