{"id":5371,"date":"2016-03-17T07:56:22","date_gmt":"2016-03-17T06:56:22","guid":{"rendered":"https:\/\/www.travel-slovenia.si\/slo\/?page_id=5371"},"modified":"2016-03-17T07:57:22","modified_gmt":"2016-03-17T06:57:22","slug":"srecko-kosovel","status":"publish","type":"page","link":"https:\/\/www.travel-slovenia.si\/slo\/srecko-kosovel\/","title":{"rendered":"Sre\u010dko Kosovel"},"content":{"rendered":"<figure id=\"attachment_5374\" class=\"wp-caption alignleft\" style=\"max-width: 300px\"><img loading=\"lazy\" decoding=\"async\" class=\"size-medium wp-image-5374\" src=\"https:\/\/www.travel-slovenia.si\/slo\/wp-content\/uploads\/2016\/03\/travel-slovenia-srecko-kosovel-300x197.jpg\" alt=\"Sre\u010dko Kosovel\" width=\"300\" height=\"197\" srcset=\"https:\/\/www.travel-slovenia.si\/slo\/wp-content\/uploads\/2016\/03\/travel-slovenia-srecko-kosovel-300x197.jpg 300w, https:\/\/www.travel-slovenia.si\/slo\/wp-content\/uploads\/2016\/03\/travel-slovenia-srecko-kosovel-24x16.jpg 24w, https:\/\/www.travel-slovenia.si\/slo\/wp-content\/uploads\/2016\/03\/travel-slovenia-srecko-kosovel-36x24.jpg 36w, https:\/\/www.travel-slovenia.si\/slo\/wp-content\/uploads\/2016\/03\/travel-slovenia-srecko-kosovel-48x31.jpg 48w, https:\/\/www.travel-slovenia.si\/slo\/wp-content\/uploads\/2016\/03\/travel-slovenia-srecko-kosovel.jpg 400w\" sizes=\"auto, (max-width: 300px) 100vw, 300px\" \/><figcaption class=\"wp-caption-text\">Sre\u010dko Kosovel<\/figcaption><\/figure>\n<p style=\"text-align: justify;\">Sre\u010dko Kosovel je slovenski pesnik, publicist in kritik, ki se je rodil 18. marca 1904 v Se\u017eani, umrl je 27. maja 1926 v Tomaju. Sre\u010dkova dru\u017eina se je kmalu po njegovem rojstvu preselila v Pliskovico na Dolenjem Krasu, a ne za dolgo. Saj so se leta 1908 preselili v Tomaj, tu pa so \u017eiveli v \u0161oli.<\/p>\n<p style=\"text-align: justify;\">Kot 11-letni otrok je prvi\u010d objavil svoj spis v otro\u0161kem listu Zvon\u010dek, v katerem opisuje Trst. Mesto je opisal, ker je mesto kot otrok velikokrat obiskal in je v srcu zanj hranil poseben prostor. Dru\u017eina Kosovel se je zelo zanimala za umetnost, saj so v Trst hodili v gledali\u0161\u010de ter na koncerte. Obkro\u017eali so jih prijatelji in znanci podobnega duha, katere so tudi ve\u010dkrat gostili v svojem domu v Tomaju. Po kon\u010dani osnovni \u0161oli je \u0161olanje nadaljeval na realki v Ljubljani. Sodeloval je v srednje\u0161olskem literarnem kro\u017eku in dija\u0161kih glasilih, za\u010del pa je tudi izdajati dija\u0161ki list Lepa Vida. Zaradi nepla\u010danih dolgov pa je izdajanje moral ustaviti. Leta 1920 je spoznal Ludvika Mrzela in se odzval na italijansko fa\u0161isti\u010dno politiko, katera je zakrivila po\u017eig Narodnega doma v Trstu. Po kon\u010dani maturi je nadaljeval \u0161tudij slavistike, romanistike in pedagogike na Filozofski fakulteti Univerze v Ljubljani. Sodeloval je pri avantgardisti\u010dni reviji Trije labodi. Revija je za\u010dela izhajati leta 1921 v Novem mestu. V Zagorju in Ljubljani je organiziral literarni-dramati\u010dni kro\u017eek, predavanja in literarne ve\u010dere. Urejanje revije Mladina je z vrstniki prevzel leta 1925.<\/p>\n<p style=\"text-align: justify;\">Za\u010detne pesmi je ustvarjal pod vplivom moderne, \u0161e posebej impresionizma J. Murna. Tu so bili prevladujo\u010di motivi kra\u0161ka pokrajina, mati in smrt, pogosto s simbolnim pomenom. Njegov najobse\u017enej\u0161i del pesni\u0161tva govori o Krasu, zaradi \u010desar so ga poimenovali lirik Krasa. Tu se sre\u010damo z impresijo, kar pogosto preraste v prispodobo narodne ogro\u017eenosti. Motivi v katerih upodablja ljubezen do matere in dekleta ter izpovedi kjer se ogla\u0161a smrt. Za tem je Kosovel pre\u0161el v novo obdobje, ekspresionizem. Razvil je vizionarno, dru\u017ebeno in versko tematiko. Osrednja ideja je ideja o osebni in kolektivni apokalipsi.<\/p>\n<p style=\"text-align: justify;\">Veliko njegovih pesmi govori o dru\u017ebenih krivicah in mra\u010dni usodi Evrope (Ekstaza smrti). Kot tudi o neizogibnosti revolucionarne preobrazbe sveta (Rde\u010di atom). Velik del njegovega opusa predstavljajo tudi konstruktivisti\u010dne pesmi, zbrane in izdane v pesni\u0161ki zbirki Integrali. Predstavljajo najmodernej\u0161i tip slovenske poezije.<\/p>\n<p style=\"text-align: justify;\">Februarja 1926 se je pri \u010dakanju na vlak v Zagorju mo\u010dno prehladil. Kmalu za tem se je vrnil v doma\u010di Tomaj, kjer je pri svojih rosnih 22 letih umrl. Pesnik Sre\u010dko Kosovel je umrl 27. maja 1926.<\/p>\n<p>&nbsp;<\/p>\n<table>\n<tbody>\n<tr>\n<td style=\"text-align: center;\"><a href=\"https:\/\/www.travel-slovenia.si\/slo\/zgodovinske-osebnosti\/\"><img loading=\"lazy\" decoding=\"async\" class=\"alignleft wp-image-4499 size-full\" src=\"https:\/\/www.travel-slovenia.si\/slo\/wp-content\/uploads\/2014\/09\/travel-slovenia-povezava-na-drugo.jpg\" alt=\"travel-slovenia-povezava-na-drugo\" width=\"128\" height=\"22\" srcset=\"https:\/\/www.travel-slovenia.si\/slo\/wp-content\/uploads\/2014\/09\/travel-slovenia-povezava-na-drugo.jpg 128w, https:\/\/www.travel-slovenia.si\/slo\/wp-content\/uploads\/2014\/09\/travel-slovenia-povezava-na-drugo-24x4.jpg 24w, https:\/\/www.travel-slovenia.si\/slo\/wp-content\/uploads\/2014\/09\/travel-slovenia-povezava-na-drugo-36x6.jpg 36w, https:\/\/www.travel-slovenia.si\/slo\/wp-content\/uploads\/2014\/09\/travel-slovenia-povezava-na-drugo-48x8.jpg 48w\" sizes=\"auto, (max-width: 128px) 100vw, 128px\" \/><\/a><a href=\"https:\/\/www.travel-slovenia.si\/slo\/zgodovinske-osebnosti\/\">Poglejte \u0161e druge zgodovinske osebnosti!<\/a><a href=\"https:\/\/www.travel-slovenia.si\/slo\/zgodovinske-osebnosti\/\"><img loading=\"lazy\" decoding=\"async\" class=\"alignright wp-image-4500 size-full\" src=\"https:\/\/www.travel-slovenia.si\/slo\/wp-content\/uploads\/2014\/09\/travel-slovenia-povezava-na-drugo2.jpg\" alt=\"travel-slovenia-povezava-na-drugo2\" width=\"128\" height=\"22\" srcset=\"https:\/\/www.travel-slovenia.si\/slo\/wp-content\/uploads\/2014\/09\/travel-slovenia-povezava-na-drugo2.jpg 128w, https:\/\/www.travel-slovenia.si\/slo\/wp-content\/uploads\/2014\/09\/travel-slovenia-povezava-na-drugo2-24x4.jpg 24w, https:\/\/www.travel-slovenia.si\/slo\/wp-content\/uploads\/2014\/09\/travel-slovenia-povezava-na-drugo2-36x6.jpg 36w, https:\/\/www.travel-slovenia.si\/slo\/wp-content\/uploads\/2014\/09\/travel-slovenia-povezava-na-drugo2-48x8.jpg 48w\" sizes=\"auto, (max-width: 128px) 100vw, 128px\" \/><\/a><\/td>\n<\/tr>\n<\/tbody>\n<\/table>\n","protected":false},"excerpt":{"rendered":"<p>Sre\u010dko Kosovel je slovenski pesnik, publicist in kritik, ki se je rodil 18. marca 1904 v Se\u017eani, umrl je 27. maja 1926 v Tomaju. Sre\u010dkova dru\u017eina se je kmalu po njegovem rojstvu preselila v Pliskovico na Dolenjem Krasu, a ne za dolgo. Saj so se leta 1908 preselili v Tomaj, tu pa so \u017eiveli v [&hellip;]<\/p>\n","protected":false},"author":111,"featured_media":0,"parent":0,"menu_order":0,"comment_status":"closed","ping_status":"closed","template":"","meta":{"footnotes":""},"class_list":["post-5371","page","type-page","status-publish","hentry"],"yoast_head":"<!-- This site is optimized with the Yoast SEO plugin v25.4 - https:\/\/yoast.com\/wordpress\/plugins\/seo\/ -->\n<title>Sre\u010dko Kosovel : Travel-Slovenia<\/title>\n<meta name=\"description\" content=\"Sre\u010dko Kosovel je slovenski pesnik, publicist in kritik, ki se je rodil 18. marca 1904 v Se\u017eani, umrl je 27. maja 1926 v Tomaju.\" \/>\n<meta name=\"robots\" content=\"index, follow, max-snippet:-1, max-image-preview:large, max-video-preview:-1\" \/>\n<link rel=\"canonical\" href=\"https:\/\/www.travel-slovenia.si\/slo\/srecko-kosovel\/\" \/>\n<meta property=\"og:locale\" content=\"sl_SI\" \/>\n<meta property=\"og:type\" content=\"article\" \/>\n<meta property=\"og:title\" content=\"Sre\u010dko Kosovel : Travel-Slovenia\" \/>\n<meta property=\"og:description\" content=\"Sre\u010dko Kosovel je slovenski pesnik, publicist in kritik, ki se je rodil 18. marca 1904 v Se\u017eani, umrl je 27. maja 1926 v Tomaju.\" \/>\n<meta property=\"og:url\" content=\"https:\/\/www.travel-slovenia.si\/slo\/srecko-kosovel\/\" \/>\n<meta property=\"og:site_name\" content=\"Travel Slovenia - Sledite lepotam na\u0161e male dr\u017eavice\" \/>\n<meta property=\"article:modified_time\" content=\"2016-03-17T06:57:22+00:00\" \/>\n<meta property=\"og:image\" content=\"https:\/\/www.travel-slovenia.si\/slo\/wp-content\/uploads\/2016\/03\/travel-slovenia-srecko-kosovel.jpg\" \/>\n\t<meta property=\"og:image:width\" content=\"400\" \/>\n\t<meta property=\"og:image:height\" content=\"262\" \/>\n\t<meta property=\"og:image:type\" content=\"image\/jpeg\" \/>\n<meta name=\"twitter:card\" content=\"summary_large_image\" \/>\n<meta name=\"twitter:title\" content=\"Sre\u010dko Kosovel : Travel-Slovenia\" \/>\n<meta name=\"twitter:description\" content=\"Sre\u010dko Kosovel je slovenski pesnik, publicist in kritik, ki se je rodil 18. marca 1904 v Se\u017eani, umrl je 27. maja 1926 v Tomaju.\" \/>\n<meta name=\"twitter:image\" content=\"https:\/\/www.travel-slovenia.si\/slo\/wp-content\/uploads\/2016\/03\/travel-slovenia-srecko-kosovel.jpg\" \/>\n<meta name=\"twitter:label1\" content=\"Est. reading time\" \/>\n\t<meta name=\"twitter:data1\" content=\"2 minuti\" \/>\n<script type=\"application\/ld+json\" class=\"yoast-schema-graph\">{\"@context\":\"https:\/\/schema.org\",\"@graph\":[{\"@type\":\"WebPage\",\"@id\":\"https:\/\/www.travel-slovenia.si\/slo\/srecko-kosovel\/\",\"url\":\"https:\/\/www.travel-slovenia.si\/slo\/srecko-kosovel\/\",\"name\":\"Sre\u010dko Kosovel : Travel-Slovenia\",\"isPartOf\":{\"@id\":\"https:\/\/www.travel-slovenia.si\/slo\/#website\"},\"primaryImageOfPage\":{\"@id\":\"https:\/\/www.travel-slovenia.si\/slo\/srecko-kosovel\/#primaryimage\"},\"image\":{\"@id\":\"https:\/\/www.travel-slovenia.si\/slo\/srecko-kosovel\/#primaryimage\"},\"thumbnailUrl\":\"https:\/\/www.travel-slovenia.si\/slo\/wp-content\/uploads\/2016\/03\/travel-slovenia-srecko-kosovel-300x197.jpg\",\"datePublished\":\"2016-03-17T06:56:22+00:00\",\"dateModified\":\"2016-03-17T06:57:22+00:00\",\"description\":\"Sre\u010dko Kosovel je slovenski pesnik, publicist in kritik, ki se je rodil 18. marca 1904 v Se\u017eani, umrl je 27. maja 1926 v Tomaju.\",\"breadcrumb\":{\"@id\":\"https:\/\/www.travel-slovenia.si\/slo\/srecko-kosovel\/#breadcrumb\"},\"inLanguage\":\"sl-SI\",\"potentialAction\":[{\"@type\":\"ReadAction\",\"target\":[\"https:\/\/www.travel-slovenia.si\/slo\/srecko-kosovel\/\"]}]},{\"@type\":\"ImageObject\",\"inLanguage\":\"sl-SI\",\"@id\":\"https:\/\/www.travel-slovenia.si\/slo\/srecko-kosovel\/#primaryimage\",\"url\":\"https:\/\/www.travel-slovenia.si\/slo\/wp-content\/uploads\/2016\/03\/travel-slovenia-srecko-kosovel.jpg\",\"contentUrl\":\"https:\/\/www.travel-slovenia.si\/slo\/wp-content\/uploads\/2016\/03\/travel-slovenia-srecko-kosovel.jpg\",\"width\":400,\"height\":262,\"caption\":\"Sre\u010dko Kosovel\"},{\"@type\":\"BreadcrumbList\",\"@id\":\"https:\/\/www.travel-slovenia.si\/slo\/srecko-kosovel\/#breadcrumb\",\"itemListElement\":[{\"@type\":\"ListItem\",\"position\":1,\"name\":\"Home\",\"item\":\"https:\/\/www.travel-slovenia.si\/slo\/\"},{\"@type\":\"ListItem\",\"position\":2,\"name\":\"Sre\u010dko Kosovel\"}]},{\"@type\":\"WebSite\",\"@id\":\"https:\/\/www.travel-slovenia.si\/slo\/#website\",\"url\":\"https:\/\/www.travel-slovenia.si\/slo\/\",\"name\":\"Travel Slovenia - Sledite lepotam na\u0161e male dr\u017eavice\",\"description\":\"\",\"potentialAction\":[{\"@type\":\"SearchAction\",\"target\":{\"@type\":\"EntryPoint\",\"urlTemplate\":\"https:\/\/www.travel-slovenia.si\/slo\/?s={search_term_string}\"},\"query-input\":{\"@type\":\"PropertyValueSpecification\",\"valueRequired\":true,\"valueName\":\"search_term_string\"}}],\"inLanguage\":\"sl-SI\"}]}<\/script>\n<!-- \/ Yoast SEO plugin. -->","yoast_head_json":{"title":"Sre\u010dko Kosovel : Travel-Slovenia","description":"Sre\u010dko Kosovel je slovenski pesnik, publicist in kritik, ki se je rodil 18. marca 1904 v Se\u017eani, umrl je 27. maja 1926 v Tomaju.","robots":{"index":"index","follow":"follow","max-snippet":"max-snippet:-1","max-image-preview":"max-image-preview:large","max-video-preview":"max-video-preview:-1"},"canonical":"https:\/\/www.travel-slovenia.si\/slo\/srecko-kosovel\/","og_locale":"sl_SI","og_type":"article","og_title":"Sre\u010dko Kosovel : Travel-Slovenia","og_description":"Sre\u010dko Kosovel je slovenski pesnik, publicist in kritik, ki se je rodil 18. marca 1904 v Se\u017eani, umrl je 27. maja 1926 v Tomaju.","og_url":"https:\/\/www.travel-slovenia.si\/slo\/srecko-kosovel\/","og_site_name":"Travel Slovenia - Sledite lepotam na\u0161e male dr\u017eavice","article_modified_time":"2016-03-17T06:57:22+00:00","og_image":[{"width":400,"height":262,"url":"https:\/\/www.travel-slovenia.si\/slo\/wp-content\/uploads\/2016\/03\/travel-slovenia-srecko-kosovel.jpg","type":"image\/jpeg"}],"twitter_card":"summary_large_image","twitter_title":"Sre\u010dko Kosovel : Travel-Slovenia","twitter_description":"Sre\u010dko Kosovel je slovenski pesnik, publicist in kritik, ki se je rodil 18. marca 1904 v Se\u017eani, umrl je 27. maja 1926 v Tomaju.","twitter_image":"https:\/\/www.travel-slovenia.si\/slo\/wp-content\/uploads\/2016\/03\/travel-slovenia-srecko-kosovel.jpg","twitter_misc":{"Est. reading time":"2 minuti"},"schema":{"@context":"https:\/\/schema.org","@graph":[{"@type":"WebPage","@id":"https:\/\/www.travel-slovenia.si\/slo\/srecko-kosovel\/","url":"https:\/\/www.travel-slovenia.si\/slo\/srecko-kosovel\/","name":"Sre\u010dko Kosovel : Travel-Slovenia","isPartOf":{"@id":"https:\/\/www.travel-slovenia.si\/slo\/#website"},"primaryImageOfPage":{"@id":"https:\/\/www.travel-slovenia.si\/slo\/srecko-kosovel\/#primaryimage"},"image":{"@id":"https:\/\/www.travel-slovenia.si\/slo\/srecko-kosovel\/#primaryimage"},"thumbnailUrl":"https:\/\/www.travel-slovenia.si\/slo\/wp-content\/uploads\/2016\/03\/travel-slovenia-srecko-kosovel-300x197.jpg","datePublished":"2016-03-17T06:56:22+00:00","dateModified":"2016-03-17T06:57:22+00:00","description":"Sre\u010dko Kosovel je slovenski pesnik, publicist in kritik, ki se je rodil 18. marca 1904 v Se\u017eani, umrl je 27. maja 1926 v Tomaju.","breadcrumb":{"@id":"https:\/\/www.travel-slovenia.si\/slo\/srecko-kosovel\/#breadcrumb"},"inLanguage":"sl-SI","potentialAction":[{"@type":"ReadAction","target":["https:\/\/www.travel-slovenia.si\/slo\/srecko-kosovel\/"]}]},{"@type":"ImageObject","inLanguage":"sl-SI","@id":"https:\/\/www.travel-slovenia.si\/slo\/srecko-kosovel\/#primaryimage","url":"https:\/\/www.travel-slovenia.si\/slo\/wp-content\/uploads\/2016\/03\/travel-slovenia-srecko-kosovel.jpg","contentUrl":"https:\/\/www.travel-slovenia.si\/slo\/wp-content\/uploads\/2016\/03\/travel-slovenia-srecko-kosovel.jpg","width":400,"height":262,"caption":"Sre\u010dko Kosovel"},{"@type":"BreadcrumbList","@id":"https:\/\/www.travel-slovenia.si\/slo\/srecko-kosovel\/#breadcrumb","itemListElement":[{"@type":"ListItem","position":1,"name":"Home","item":"https:\/\/www.travel-slovenia.si\/slo\/"},{"@type":"ListItem","position":2,"name":"Sre\u010dko Kosovel"}]},{"@type":"WebSite","@id":"https:\/\/www.travel-slovenia.si\/slo\/#website","url":"https:\/\/www.travel-slovenia.si\/slo\/","name":"Travel Slovenia - Sledite lepotam na\u0161e male dr\u017eavice","description":"","potentialAction":[{"@type":"SearchAction","target":{"@type":"EntryPoint","urlTemplate":"https:\/\/www.travel-slovenia.si\/slo\/?s={search_term_string}"},"query-input":{"@type":"PropertyValueSpecification","valueRequired":true,"valueName":"search_term_string"}}],"inLanguage":"sl-SI"}]}},"post_mailing_queue_ids":[],"_links":{"self":[{"href":"https:\/\/www.travel-slovenia.si\/slo\/wp-json\/wp\/v2\/pages\/5371","targetHints":{"allow":["GET"]}}],"collection":[{"href":"https:\/\/www.travel-slovenia.si\/slo\/wp-json\/wp\/v2\/pages"}],"about":[{"href":"https:\/\/www.travel-slovenia.si\/slo\/wp-json\/wp\/v2\/types\/page"}],"author":[{"embeddable":true,"href":"https:\/\/www.travel-slovenia.si\/slo\/wp-json\/wp\/v2\/users\/111"}],"replies":[{"embeddable":true,"href":"https:\/\/www.travel-slovenia.si\/slo\/wp-json\/wp\/v2\/comments?post=5371"}],"version-history":[{"count":2,"href":"https:\/\/www.travel-slovenia.si\/slo\/wp-json\/wp\/v2\/pages\/5371\/revisions"}],"predecessor-version":[{"id":5376,"href":"https:\/\/www.travel-slovenia.si\/slo\/wp-json\/wp\/v2\/pages\/5371\/revisions\/5376"}],"wp:attachment":[{"href":"https:\/\/www.travel-slovenia.si\/slo\/wp-json\/wp\/v2\/media?parent=5371"}],"curies":[{"name":"wp","href":"https:\/\/api.w.org\/{rel}","templated":true}]}}