{"id":5336,"date":"2016-03-11T22:59:22","date_gmt":"2016-03-11T21:59:22","guid":{"rendered":"https:\/\/www.travel-slovenia.si\/slo\/?page_id=5336"},"modified":"2016-03-11T23:02:44","modified_gmt":"2016-03-11T22:02:44","slug":"gregorjevo","status":"publish","type":"page","link":"https:\/\/www.travel-slovenia.si\/slo\/gregorjevo\/","title":{"rendered":"Gregorjevo"},"content":{"rendered":"<figure id=\"attachment_5339\" class=\"wp-caption alignleft\" style=\"max-width: 300px\"><img loading=\"lazy\" decoding=\"async\" class=\"wp-image-5339 size-medium\" src=\"https:\/\/www.travel-slovenia.si\/slo\/wp-content\/uploads\/2016\/03\/travel-slovenia-gregorjevo-300x200.jpg\" alt=\"travel-slovenia-gregorjevo\" width=\"300\" height=\"200\" srcset=\"https:\/\/www.travel-slovenia.si\/slo\/wp-content\/uploads\/2016\/03\/travel-slovenia-gregorjevo-300x200.jpg 300w, https:\/\/www.travel-slovenia.si\/slo\/wp-content\/uploads\/2016\/03\/travel-slovenia-gregorjevo-24x16.jpg 24w, https:\/\/www.travel-slovenia.si\/slo\/wp-content\/uploads\/2016\/03\/travel-slovenia-gregorjevo-36x24.jpg 36w, https:\/\/www.travel-slovenia.si\/slo\/wp-content\/uploads\/2016\/03\/travel-slovenia-gregorjevo-48x32.jpg 48w, https:\/\/www.travel-slovenia.si\/slo\/wp-content\/uploads\/2016\/03\/travel-slovenia-gregorjevo.jpg 400w\" sizes=\"auto, (max-width: 300px) 100vw, 300px\" \/><figcaption class=\"wp-caption-text\">Gregorjevo<\/figcaption><\/figure>\n<p style=\"text-align: justify;\">12. marca v Sloveniji praznujemo Gregorjevo, to je praznik povezan z zaljubljenci. Na ta dan se po ljudskem izro\u010dilu \u017eenijo pti\u010dki.<\/p>\n<p style=\"text-align: justify;\">Po starem obi\u010daju so se dekleta na Gregorjevo ozirala v nebo. Prva ptica, ki jo je dekle videlo je naznanila kak\u0161en bo njen mo\u017e. Po starem julijanskem koledarju je bil Gregor znan kot prina\u0161alec lu\u010di, ki je godoval na prvi spomladanski dan. Ta dan je navadno \u017ee toplo. Svetnik Gregor je bil v resnici Gregor Veliki, rojen v Rimu okoli leta 540. Veljal je za idealnega pape\u017ea in cerkvenega u\u010ditelja. Ko so leta 1582 spremenili koledarski sistem iz julijanskega v gregorjevega, se je ta praznik pomaknil nazaj, zato ga danes praznunejo na dan 12. marca in ne na prvi koledarski spomladanski dan. Gregorijanski koledar je poimenovan po pape\u017eu Gregorju XIII, in ne po Gregorju kot bi lahko predvidevali. Pape\u017e Gregor je \u017eivel pribli\u017eno tiso\u010d let kasneje. Uradno tudi ne dr\u017ei, da se Gregorjevo praznuje na god Gregorja, ker je Cerkev njegov god leta 1969 prenesla na 3. september, na dan njegovega \u0161kofovskega posve\u010denja. Stari god pa je padel na postni dan, kar ni bilo najbolje, to je dan njegove smrti leta 604 v Rimu.<\/p>\n<p style=\"text-align: justify;\">Da se na Gregorjevo \u017eenijo pti\u010di ni povsem to\u010dno, \u017eenijo se namre\u010d tudi na Vincenciejevo, ki je 22. januarja. Koro\u0161ki Ro\u017eani zato pravijo &#8221;K \u0161ent Cenovem se tice \u017eenijo&#8221;, na Gorenjskem pa, da imajo &#8221;ta dan pti\u010di ofcet&#8221;. Pti\u010dki se \u017eenijo tudi na valentinovo, 14. februarja. Za Slovenijo velja, da se pti\u010dki \u017eenijo na dana\u0161nji dan, kot nekdanji spomladanski dan. Na Gorenjskem je ohranjen obi\u010daj spu\u0161\u010danja razsvetljenih bar\u010dic in hi\u0161ic v vodo, ki jih imenujemo gregor\u010dki. Glede na stare \u0161ege, na ta dan Sv. Gregor &#8221;lu\u010d v vodo vr\u017ee&#8221;. V Kropi pa ima dan \u017ee dolgo tradicijo in ga poznajo \u0161e iz \u010dasov, ko ljudje \u0161e niso poznali elektri\u010dne energije. Sveti Gregor pozdravlja sonce in pomlad, in je pomenil preobrat v \u017eivljenju Kroparjev, ki pri svojem delu niso potrebovali svetilke. S postavljanjem gore\u010dih predmetov v manj\u0161i potok se pozdravi prihod pomladi in sonca. Kroparski kova\u010di pa so neko\u010d na ta dan pozabili oditi na delo in od\u0161li na pti\u010djo svatbo.<\/p>\n<p style=\"text-align: justify;\">Sveti Gregor je zavetnik zidarjev, rudarjev, u\u010denjakov, \u0161tudentov, u\u010diteljev, izdelovalcev in na\u0161itkov. Je tudi patron pevcev, glasbenikov, pevskih zborov in zborovskega ter koralnega petja. Proslavil se je z ureditvijo cerkvenega petja z gregorijanskim koralom. Upodobljen je tudi na pape\u0161kih obla\u010dilih, s \u0161kofovsko palico, knjigo, pisalnim peresom ali golobom.<\/p>\n<p>&nbsp;<\/p>\n<table>\n<tbody>\n<tr>\n<td style=\"text-align: center;\"><a href=\"https:\/\/www.travel-slovenia.si\/slo\/na-danasnji-dan\/\"><img loading=\"lazy\" decoding=\"async\" class=\"alignleft wp-image-4499 size-full\" src=\"https:\/\/www.travel-slovenia.si\/slo\/wp-content\/uploads\/2014\/09\/travel-slovenia-povezava-na-drugo.jpg\" alt=\"travel-slovenia-povezava-na-drugo\" width=\"128\" height=\"22\" srcset=\"https:\/\/www.travel-slovenia.si\/slo\/wp-content\/uploads\/2014\/09\/travel-slovenia-povezava-na-drugo.jpg 128w, https:\/\/www.travel-slovenia.si\/slo\/wp-content\/uploads\/2014\/09\/travel-slovenia-povezava-na-drugo-24x4.jpg 24w, https:\/\/www.travel-slovenia.si\/slo\/wp-content\/uploads\/2014\/09\/travel-slovenia-povezava-na-drugo-36x6.jpg 36w, https:\/\/www.travel-slovenia.si\/slo\/wp-content\/uploads\/2014\/09\/travel-slovenia-povezava-na-drugo-48x8.jpg 48w\" sizes=\"auto, (max-width: 128px) 100vw, 128px\" \/><\/a><a href=\"https:\/\/www.travel-slovenia.si\/slo\/na-danasnji-dan\/\">Poglejte \u0161e druge\u00a0dogodke!<\/a><a href=\"https:\/\/www.travel-slovenia.si\/slo\/na-danasnji-dan\/\"><img loading=\"lazy\" decoding=\"async\" class=\"alignright wp-image-4500 size-full\" src=\"https:\/\/www.travel-slovenia.si\/slo\/wp-content\/uploads\/2014\/09\/travel-slovenia-povezava-na-drugo2.jpg\" alt=\"travel-slovenia-povezava-na-drugo2\" width=\"128\" height=\"22\" srcset=\"https:\/\/www.travel-slovenia.si\/slo\/wp-content\/uploads\/2014\/09\/travel-slovenia-povezava-na-drugo2.jpg 128w, https:\/\/www.travel-slovenia.si\/slo\/wp-content\/uploads\/2014\/09\/travel-slovenia-povezava-na-drugo2-24x4.jpg 24w, https:\/\/www.travel-slovenia.si\/slo\/wp-content\/uploads\/2014\/09\/travel-slovenia-povezava-na-drugo2-36x6.jpg 36w, https:\/\/www.travel-slovenia.si\/slo\/wp-content\/uploads\/2014\/09\/travel-slovenia-povezava-na-drugo2-48x8.jpg 48w\" sizes=\"auto, (max-width: 128px) 100vw, 128px\" \/><\/a><\/td>\n<\/tr>\n<\/tbody>\n<\/table>\n<p>&nbsp;<\/p>\n","protected":false},"excerpt":{"rendered":"<p>12. marca v Sloveniji praznujemo Gregorjevo, to je praznik povezan z zaljubljenci. Na ta dan se po ljudskem izro\u010dilu \u017eenijo pti\u010dki. Po starem obi\u010daju so se dekleta na Gregorjevo ozirala v nebo. Prva ptica, ki jo je dekle videlo je naznanila kak\u0161en bo njen mo\u017e. Po starem julijanskem koledarju je bil Gregor znan kot prina\u0161alec [&hellip;]<\/p>\n","protected":false},"author":111,"featured_media":0,"parent":0,"menu_order":0,"comment_status":"closed","ping_status":"closed","template":"","meta":{"footnotes":""},"class_list":["post-5336","page","type-page","status-publish","hentry"],"yoast_head":"<!-- This site is optimized with the Yoast SEO plugin v25.4 - https:\/\/yoast.com\/wordpress\/plugins\/seo\/ -->\n<title>Gregorjevo : Travel-Slovenia<\/title>\n<meta name=\"description\" content=\"12. marca v Sloveniji praznujemo Gregorjevo, to je praznik povezan z zaljubljenci. Na ta dan se po ljudskem izro\u010dilu \u017eenijo pti\u010dki.\" \/>\n<meta name=\"robots\" content=\"index, follow, max-snippet:-1, max-image-preview:large, max-video-preview:-1\" \/>\n<link rel=\"canonical\" href=\"https:\/\/www.travel-slovenia.si\/slo\/gregorjevo\/\" \/>\n<meta property=\"og:locale\" content=\"sl_SI\" \/>\n<meta property=\"og:type\" content=\"article\" \/>\n<meta property=\"og:title\" content=\"Gregorjevo : Travel-Slovenia\" \/>\n<meta property=\"og:description\" content=\"12. marca v Sloveniji praznujemo Gregorjevo, to je praznik povezan z zaljubljenci. Na ta dan se po ljudskem izro\u010dilu \u017eenijo pti\u010dki.\" \/>\n<meta property=\"og:url\" content=\"https:\/\/www.travel-slovenia.si\/slo\/gregorjevo\/\" \/>\n<meta property=\"og:site_name\" content=\"Travel Slovenia - Sledite lepotam na\u0161e male dr\u017eavice\" \/>\n<meta property=\"article:modified_time\" content=\"2016-03-11T22:02:44+00:00\" \/>\n<meta property=\"og:image\" content=\"https:\/\/www.travel-slovenia.si\/slo\/wp-content\/uploads\/2016\/03\/travel-slovenia-gregorjevo.jpg\" \/>\n\t<meta property=\"og:image:width\" content=\"400\" \/>\n\t<meta property=\"og:image:height\" content=\"266\" \/>\n\t<meta property=\"og:image:type\" content=\"image\/jpeg\" \/>\n<meta name=\"twitter:card\" content=\"summary_large_image\" \/>\n<meta name=\"twitter:title\" content=\"Gregorjevo : Travel-Slovenia\" \/>\n<meta name=\"twitter:description\" content=\"12. marca v Sloveniji praznujemo Gregorjevo, to je praznik povezan z zaljubljenci. Na ta dan se po ljudskem izro\u010dilu \u017eenijo pti\u010dki.\" \/>\n<meta name=\"twitter:image\" content=\"https:\/\/www.travel-slovenia.si\/slo\/wp-content\/uploads\/2016\/03\/travel-slovenia-gregorjevo.jpg\" \/>\n<meta name=\"twitter:label1\" content=\"Est. reading time\" \/>\n\t<meta name=\"twitter:data1\" content=\"2 minuti\" \/>\n<script type=\"application\/ld+json\" class=\"yoast-schema-graph\">{\"@context\":\"https:\/\/schema.org\",\"@graph\":[{\"@type\":\"WebPage\",\"@id\":\"https:\/\/www.travel-slovenia.si\/slo\/gregorjevo\/\",\"url\":\"https:\/\/www.travel-slovenia.si\/slo\/gregorjevo\/\",\"name\":\"Gregorjevo : Travel-Slovenia\",\"isPartOf\":{\"@id\":\"https:\/\/www.travel-slovenia.si\/slo\/#website\"},\"primaryImageOfPage\":{\"@id\":\"https:\/\/www.travel-slovenia.si\/slo\/gregorjevo\/#primaryimage\"},\"image\":{\"@id\":\"https:\/\/www.travel-slovenia.si\/slo\/gregorjevo\/#primaryimage\"},\"thumbnailUrl\":\"https:\/\/www.travel-slovenia.si\/slo\/wp-content\/uploads\/2016\/03\/travel-slovenia-gregorjevo-300x200.jpg\",\"datePublished\":\"2016-03-11T21:59:22+00:00\",\"dateModified\":\"2016-03-11T22:02:44+00:00\",\"description\":\"12. marca v Sloveniji praznujemo Gregorjevo, to je praznik povezan z zaljubljenci. Na ta dan se po ljudskem izro\u010dilu \u017eenijo pti\u010dki.\",\"breadcrumb\":{\"@id\":\"https:\/\/www.travel-slovenia.si\/slo\/gregorjevo\/#breadcrumb\"},\"inLanguage\":\"sl-SI\",\"potentialAction\":[{\"@type\":\"ReadAction\",\"target\":[\"https:\/\/www.travel-slovenia.si\/slo\/gregorjevo\/\"]}]},{\"@type\":\"ImageObject\",\"inLanguage\":\"sl-SI\",\"@id\":\"https:\/\/www.travel-slovenia.si\/slo\/gregorjevo\/#primaryimage\",\"url\":\"https:\/\/www.travel-slovenia.si\/slo\/wp-content\/uploads\/2016\/03\/travel-slovenia-gregorjevo.jpg\",\"contentUrl\":\"https:\/\/www.travel-slovenia.si\/slo\/wp-content\/uploads\/2016\/03\/travel-slovenia-gregorjevo.jpg\",\"width\":400,\"height\":266},{\"@type\":\"BreadcrumbList\",\"@id\":\"https:\/\/www.travel-slovenia.si\/slo\/gregorjevo\/#breadcrumb\",\"itemListElement\":[{\"@type\":\"ListItem\",\"position\":1,\"name\":\"Home\",\"item\":\"https:\/\/www.travel-slovenia.si\/slo\/\"},{\"@type\":\"ListItem\",\"position\":2,\"name\":\"Gregorjevo\"}]},{\"@type\":\"WebSite\",\"@id\":\"https:\/\/www.travel-slovenia.si\/slo\/#website\",\"url\":\"https:\/\/www.travel-slovenia.si\/slo\/\",\"name\":\"Travel Slovenia - Sledite lepotam na\u0161e male dr\u017eavice\",\"description\":\"\",\"potentialAction\":[{\"@type\":\"SearchAction\",\"target\":{\"@type\":\"EntryPoint\",\"urlTemplate\":\"https:\/\/www.travel-slovenia.si\/slo\/?s={search_term_string}\"},\"query-input\":{\"@type\":\"PropertyValueSpecification\",\"valueRequired\":true,\"valueName\":\"search_term_string\"}}],\"inLanguage\":\"sl-SI\"}]}<\/script>\n<!-- \/ Yoast SEO plugin. -->","yoast_head_json":{"title":"Gregorjevo : Travel-Slovenia","description":"12. marca v Sloveniji praznujemo Gregorjevo, to je praznik povezan z zaljubljenci. Na ta dan se po ljudskem izro\u010dilu \u017eenijo pti\u010dki.","robots":{"index":"index","follow":"follow","max-snippet":"max-snippet:-1","max-image-preview":"max-image-preview:large","max-video-preview":"max-video-preview:-1"},"canonical":"https:\/\/www.travel-slovenia.si\/slo\/gregorjevo\/","og_locale":"sl_SI","og_type":"article","og_title":"Gregorjevo : Travel-Slovenia","og_description":"12. marca v Sloveniji praznujemo Gregorjevo, to je praznik povezan z zaljubljenci. Na ta dan se po ljudskem izro\u010dilu \u017eenijo pti\u010dki.","og_url":"https:\/\/www.travel-slovenia.si\/slo\/gregorjevo\/","og_site_name":"Travel Slovenia - Sledite lepotam na\u0161e male dr\u017eavice","article_modified_time":"2016-03-11T22:02:44+00:00","og_image":[{"width":400,"height":266,"url":"https:\/\/www.travel-slovenia.si\/slo\/wp-content\/uploads\/2016\/03\/travel-slovenia-gregorjevo.jpg","type":"image\/jpeg"}],"twitter_card":"summary_large_image","twitter_title":"Gregorjevo : Travel-Slovenia","twitter_description":"12. marca v Sloveniji praznujemo Gregorjevo, to je praznik povezan z zaljubljenci. Na ta dan se po ljudskem izro\u010dilu \u017eenijo pti\u010dki.","twitter_image":"https:\/\/www.travel-slovenia.si\/slo\/wp-content\/uploads\/2016\/03\/travel-slovenia-gregorjevo.jpg","twitter_misc":{"Est. reading time":"2 minuti"},"schema":{"@context":"https:\/\/schema.org","@graph":[{"@type":"WebPage","@id":"https:\/\/www.travel-slovenia.si\/slo\/gregorjevo\/","url":"https:\/\/www.travel-slovenia.si\/slo\/gregorjevo\/","name":"Gregorjevo : Travel-Slovenia","isPartOf":{"@id":"https:\/\/www.travel-slovenia.si\/slo\/#website"},"primaryImageOfPage":{"@id":"https:\/\/www.travel-slovenia.si\/slo\/gregorjevo\/#primaryimage"},"image":{"@id":"https:\/\/www.travel-slovenia.si\/slo\/gregorjevo\/#primaryimage"},"thumbnailUrl":"https:\/\/www.travel-slovenia.si\/slo\/wp-content\/uploads\/2016\/03\/travel-slovenia-gregorjevo-300x200.jpg","datePublished":"2016-03-11T21:59:22+00:00","dateModified":"2016-03-11T22:02:44+00:00","description":"12. marca v Sloveniji praznujemo Gregorjevo, to je praznik povezan z zaljubljenci. Na ta dan se po ljudskem izro\u010dilu \u017eenijo pti\u010dki.","breadcrumb":{"@id":"https:\/\/www.travel-slovenia.si\/slo\/gregorjevo\/#breadcrumb"},"inLanguage":"sl-SI","potentialAction":[{"@type":"ReadAction","target":["https:\/\/www.travel-slovenia.si\/slo\/gregorjevo\/"]}]},{"@type":"ImageObject","inLanguage":"sl-SI","@id":"https:\/\/www.travel-slovenia.si\/slo\/gregorjevo\/#primaryimage","url":"https:\/\/www.travel-slovenia.si\/slo\/wp-content\/uploads\/2016\/03\/travel-slovenia-gregorjevo.jpg","contentUrl":"https:\/\/www.travel-slovenia.si\/slo\/wp-content\/uploads\/2016\/03\/travel-slovenia-gregorjevo.jpg","width":400,"height":266},{"@type":"BreadcrumbList","@id":"https:\/\/www.travel-slovenia.si\/slo\/gregorjevo\/#breadcrumb","itemListElement":[{"@type":"ListItem","position":1,"name":"Home","item":"https:\/\/www.travel-slovenia.si\/slo\/"},{"@type":"ListItem","position":2,"name":"Gregorjevo"}]},{"@type":"WebSite","@id":"https:\/\/www.travel-slovenia.si\/slo\/#website","url":"https:\/\/www.travel-slovenia.si\/slo\/","name":"Travel Slovenia - Sledite lepotam na\u0161e male dr\u017eavice","description":"","potentialAction":[{"@type":"SearchAction","target":{"@type":"EntryPoint","urlTemplate":"https:\/\/www.travel-slovenia.si\/slo\/?s={search_term_string}"},"query-input":{"@type":"PropertyValueSpecification","valueRequired":true,"valueName":"search_term_string"}}],"inLanguage":"sl-SI"}]}},"post_mailing_queue_ids":[],"_links":{"self":[{"href":"https:\/\/www.travel-slovenia.si\/slo\/wp-json\/wp\/v2\/pages\/5336","targetHints":{"allow":["GET"]}}],"collection":[{"href":"https:\/\/www.travel-slovenia.si\/slo\/wp-json\/wp\/v2\/pages"}],"about":[{"href":"https:\/\/www.travel-slovenia.si\/slo\/wp-json\/wp\/v2\/types\/page"}],"author":[{"embeddable":true,"href":"https:\/\/www.travel-slovenia.si\/slo\/wp-json\/wp\/v2\/users\/111"}],"replies":[{"embeddable":true,"href":"https:\/\/www.travel-slovenia.si\/slo\/wp-json\/wp\/v2\/comments?post=5336"}],"version-history":[{"count":3,"href":"https:\/\/www.travel-slovenia.si\/slo\/wp-json\/wp\/v2\/pages\/5336\/revisions"}],"predecessor-version":[{"id":5343,"href":"https:\/\/www.travel-slovenia.si\/slo\/wp-json\/wp\/v2\/pages\/5336\/revisions\/5343"}],"wp:attachment":[{"href":"https:\/\/www.travel-slovenia.si\/slo\/wp-json\/wp\/v2\/media?parent=5336"}],"curies":[{"name":"wp","href":"https:\/\/api.w.org\/{rel}","templated":true}]}}