{"id":5186,"date":"2016-02-19T22:14:10","date_gmt":"2016-02-19T21:14:10","guid":{"rendered":"https:\/\/www.travel-slovenia.si\/slo\/?page_id=5186"},"modified":"2021-05-21T09:38:42","modified_gmt":"2021-05-21T07:38:42","slug":"partnerji","status":"publish","type":"page","link":"https:\/\/www.travel-slovenia.si\/slo\/partnerji\/","title":{"rendered":"PARTNERJI"},"content":{"rendered":"<p style=\"text-align: justify;\"><a href=\"https:\/\/www.travel-slovenia.si\/slo\/nomago-pridi-z-nami\/\"><img loading=\"lazy\" decoding=\"async\" class=\"alignleft size-full wp-image-8517\" src=\"https:\/\/www.travel-slovenia.si\/wp-content\/uploads\/2019\/05\/travel-slovenia-nomago-banner-150x150.jpg\" alt=\"\" width=\"150\" height=\"150\" \/><\/a><a href=\"https:\/\/www.travel-slovenia.si\/slo\/nomago-pridi-z-nami\/\"><em><strong>Nomago &#8211; Pridi z nami.<\/strong><\/em><\/a><br \/>\nNomago je najve\u010dji ponudnik storitev mobilnosti in potovanj v Sloveniji s podru\u017enicami na Hrva\u0161kem in v Italiji. Zdru\u017euje ve\u010d kot 650 avtobusov in 500 rednih linij ter ponuja celovito storitev potovanj in mobilnosti \u2013 prevoz na letali\u0161\u010da, letalske karte, preno\u010di\u0161\u010da, zavarovanja in najema prevozov. [<a href=\"https:\/\/www.travel-slovenia.si\/slo\/nomago-pridi-z-nami\/\">_Preberite ve\u010d_<\/a>]\n<p style=\"text-align: justify;\"><a href=\"https:\/\/www.travel-slovenia.si\/slo\/sportno-kulturno-turisticno-drustvo-farjovca\/\"><strong><em><img loading=\"lazy\" decoding=\"async\" class=\"size-thumbnail wp-image-9060 alignleft\" src=\"https:\/\/www.travel-slovenia.si\/wp-content\/uploads\/2019\/08\/travel-slovenia-vojscica-na-mivki-2019-post01-150x150.jpg\" alt=\"\" width=\"150\" height=\"150\" \/><\/em><\/strong><\/a><a href=\"https:\/\/www.travel-slovenia.si\/slo\/sportno-kulturno-turisticno-drustvo-farjovca\/\"><strong><em>\u0160portno kulturno turisti\u010dno dru\u0161tvo Farjovca<\/em><\/strong><\/a><br \/>\n\u0160KT dru\u0161tvo Farjovca je bilo ustanovljeno leta 2016 v vasi Voj\u0161\u010dica na Krasu in danes \u0161teje okoli 40 \u010dlanov. Skrbijo za kulturo in \u0161port v vasi in bli\u017enji okolici. Obenem pa omogo\u010dajo prepoznavnost in predstavitev zgodovinskih ter naravnih lepot v Voj\u0161\u010dici in njeni neposredni bli\u017eini. [<a href=\"https:\/\/www.travel-slovenia.si\/slo\/sportno-kulturno-turisticno-drustvo-farjovca\/\">_Preberite ve\u010d_<\/a>]\n<p style=\"text-align: justify;\"><a href=\"https:\/\/www.travel-slovenia.si\/slo\/zgodovinanadlani\/\"><strong><em><img loading=\"lazy\" decoding=\"async\" class=\"size-thumbnail wp-image-9060 alignleft\" src=\"https:\/\/www.travel-slovenia.si\/wp-content\/uploads\/2019\/10\/travel-slovenia-zgodovinanadlani-photo-view.jpg\" alt=\"\" width=\"150\" height=\"150\" \/><\/em><\/strong><\/a><a href=\"https:\/\/www.travel-slovenia.si\/slo\/zgodovinanadlani\/\"><strong><em>Zgodovina na dlani<\/em><\/strong><\/a><br \/>\nSpletna stran zgodovinanadlani.si je namenjena vsem ljubiteljem slovenske zgodovine, ki jo \u017eelijo spoznati na lahkoten, a \u0161e vedno tudi strokoven na\u010din. Je del \u0161ir\u0161ega projekta skupine zgodovinarjev, da pribli\u017ea slovensko zgodovino \u010dim \u0161ir\u0161emu krogu ljudi in razvija zgodovinsko stroko. [<a href=\"https:\/\/www.travel-slovenia.si\/slo\/zgodovinanadlani\/\">_Preberite ve\u010d_<\/a>]\n<p style=\"text-align: justify;\"><a href=\"https:\/\/www.natura2020.si\/\"><strong><em><img loading=\"lazy\" decoding=\"async\" class=\"size-thumbnail wp-image-9060 alignleft\" src=\"https:\/\/i2.wp.com\/www.travel-slovenia.si\/wp-content\/uploads\/2020\/12\/travel-slovenia-natura-2020.jpg?resize=150%2C150&amp;ssl=1\" alt=\"\" width=\"150\" height=\"150\" \/><\/em><\/strong><\/a><a href=\"https:\/\/www.natura2020.si\/\"><strong><em>Natura 2020<\/em><\/strong><\/a><br \/>\nEkosistem Natura 2020 predstavljajo veli\u010dastna prostranstva naravnih danosti na obmo\u010dju Pohorja, Kozjaka in reke Drave. Pred nami je unikatni naravni rezervat \u0160umik. Neokrnjena naravna vrednota pragozd \u0160umik slovi kot njegov kralj. Obsega 19 hektarjev in je nastal po koncu zadnje ledene dobe. [<a href=\"https:\/\/www.natura2020.si\/\">_Preberite ve\u010d_<\/a>]\n<p style=\"text-align: justify;\"><a href=\"https:\/\/omisli.si\/?utm_source=travelslovenia&amp;utm_medium=blog&amp;utm_campaign=komp\"><img loading=\"lazy\" decoding=\"async\" class=\"alignleft wp-image-9060 size-thumbnail\" src=\"https:\/\/www.travel-slovenia.si\/slo\/wp-content\/uploads\/2021\/05\/omisli-si-logo-150-150.jpg\" alt=\"\" width=\"150\" height=\"150\" \/><\/a><a href=\"https:\/\/omisli.si\/?utm_source=travelslovenia&amp;utm_medium=blog&amp;utm_campaign=komp\" target=\"_blank\" rel=\"noopener\"><strong><em>Omisli.si<\/em><\/strong><\/a><br \/>\nNa <a href=\"https:\/\/omisli.si\/?utm_source=travelslovenia&amp;utm_medium=blog&amp;utm_campaign=komp\" target=\"_blank\" rel=\"noopener\">Omisli.si<\/a> vas hitro in brezpla\u010dno pove\u017eemo s preverjenimi izvajalci storitev iz va\u0161e okolice, prav tako pa lahko hitro preverite povpre\u010dne cene storitev in druge nasvete. \u010ce na\u010drtujete <a href=\"https:\/\/omisli.si\/gradnja-obnova\/?utm_source=travelslovenia&amp;utm_medium=blog&amp;utm_campaign=komp\" target=\"_blank\" rel=\"noopener\">gradnjo ali obnovo<\/a>, <a href=\"https:\/\/omisli.si\/poroko\/?utm_source=travelslovenia&amp;utm_medium=blog&amp;utm_campaign=komp\" target=\"_blank\" rel=\"noopener\">poroko<\/a> ali i\u0161\u010dete <a href=\"https:\/\/omisli.si\/posel\/?utm_source=travelslovenia&amp;utm_medium=blog&amp;utm_campaign=komp\" target=\"_blank\" rel=\"noopener\">poslovne B2B storitve<\/a> za va\u0161e podjetje, vabljeni k brezpla\u010dni oddaji povpra\u0161evanja\u2026 [<a href=\"https:\/\/omisli.si\/?utm_source=travelslovenia&amp;utm_medium=blog&amp;utm_campaign=komp\" target=\"_blank\" rel=\"noopener\">_Preberite ve\u010d_<\/a>]\n<p style=\"text-align: justify;\"><a href=\"https:\/\/www.tms.si\/\"><img loading=\"lazy\" decoding=\"async\" class=\"alignleft size-full wp-image-8942\" src=\"https:\/\/www.travel-slovenia.si\/wp-content\/uploads\/2019\/08\/travel-slovenia-tms-post.jpg\" alt=\"\" width=\"150\" height=\"150\" \/><\/a><strong><em><a href=\"https:\/\/www.travel-slovenia.si\/slo\/location\/tehniski-muzej-slovenije\/\">Tehni\u0161ki muzej Slovenije<\/a><br \/>\n<a href=\"https:\/\/www.travel-slovenia.si\/slo\/location\/muzej-poste-in-telekomunikacij\/\">Muzej po\u0161te in telekomunikacij<\/a><\/em><\/strong><br \/>\nVas zanima, kje si lahko hkrati ogledate Titova vozila, orodno kova\u010dijo in svetovnega prvaka med medvedi? V Polhovem Gradcu delijo zgodbe o \u010dasu, ko smo \u017eeljno \u010dakali na po\u0161tarja s sve\u017eimi novicami. [<a href=\"https:\/\/www.travel-slovenia.si\/slo\/location\/tehniski-muzej-slovenije\/\">_ TMS &#8211; Preberite ve\u010d_<\/a>] [<a href=\"https:\/\/www.travel-slovenia.si\/slo\/location\/muzej-poste-in-telekomunikacij\/\">_MPT \u2013 Preberite ve\u010d_<\/a>]\n<p style=\"text-align: justify;\"><a href=\"https:\/\/slovensko.je\/\" target=\"_blank\" rel=\"noopener noreferrer\"><img loading=\"lazy\" decoding=\"async\" class=\"alignleft size-full wp-image-5173\" src=\"https:\/\/www.travel-slovenia.si\/wp-content\/uploads\/2020\/05\/travel-slovenia-slovensko-je-view.jpg\" alt=\"travel-slovenia-fundacija-utrip-humanosti\" width=\"150\" height=\"150\" \/><\/a><a href=\"https:\/\/slovensko.je\/\" target=\"_blank\" rel=\"noopener noreferrer\"><strong><em>Slovensko.je<\/em><\/strong><\/a><br \/>\nSpletni portal Slovensko.je ni le \u0161e ena izmed mnogih spletnih trgovin. Slovensko.je, je spletni portal, kjer lahko svoje izdelke prodajajo in se tako tudi predstavijo \u0161ir\u0161i mno\u017eici vsi slovenski proizvajalci in ustvarjalci. Preverite ponudbo najrazli\u010dnej\u0161ih izdelkov slovenskega porekla. [<a href=\"https:\/\/slovensko.je\/\" target=\"_blank\" rel=\"noopener noreferrer\">_Preberite ve\u010d_<\/a>]\n<p style=\"text-align: justify;\"><a href=\"https:\/\/medijske.um.si\/guide2music\/\" target=\"_blank\" rel=\"noopener noreferrer\"><img loading=\"lazy\" decoding=\"async\" class=\"alignleft size-full wp-image-5173\" src=\"https:\/\/www.travel-slovenia.si\/slo\/wp-content\/uploads\/2019\/04\/travel-slovenia-guide2music.jpg\" alt=\"travel-slovenia-fundacija-utrip-humanosti\" width=\"150\" height=\"150\" \/><\/a><a href=\"https:\/\/medijske.um.si\/guide2music\/\" target=\"_blank\" rel=\"noopener noreferrer\"><strong><em>Guide2Music<\/em><\/strong><\/a><br \/>\nGuide2Music je mobilni in interaktivni vodi\u010d po slovenskih glasbenih znamenitostih, kjer najdete popis razli\u010dnih glasbenih ustanov, ki se ukvarjajo z zbiranjem in predstavljanjem glasbenega gradiva. Aplikacija je namenjena vsem, ki bi radi podrobneje spoznali glasbene znamenitosti.\u00a0[<a href=\"https:\/\/medijske.um.si\/guide2music\/\" target=\"_blank\" rel=\"noopener noreferrer\">_Preberite ve\u010d_<\/a>]\n<p style=\"text-align: justify;\"><a href=\"https:\/\/potopisarije.wordpress.com\/\" target=\"_blank\" rel=\"noopener noreferrer\"><img loading=\"lazy\" decoding=\"async\" class=\"alignleft size-full wp-image-5173\" src=\"https:\/\/www.travel-slovenia.si\/slo\/wp-content\/uploads\/2018\/09\/travel-slovenia-potopisarije.jpg\" alt=\"travel-slovenia-fundacija-utrip-humanosti\" width=\"150\" height=\"150\" \/><\/a><a href=\"https:\/\/potopisarije.wordpress.com\/\" target=\"_blank\" rel=\"noopener noreferrer\"><strong><em>Potopisarije<\/em><\/strong><\/a><br \/>\nPopotni\u0161ki blog, katerega namen je predstaviti obiskane kraje na o\u017ejem in \u0161ir\u0161em podro\u010dju na\u0161e male Slovenije. Fokus avtorja je podo\u017eiveti trenutke, ki jih skupaj s svojo partnerko oblikujeta na teh popotovanjih, skozi pisano besedo. Namen bloga je predstaviti tudi fotografije, ki so v celoti avtorske. [<a href=\"https:\/\/potopisarije.wordpress.com\/\" target=\"_blank\" rel=\"noopener noreferrer\">_Preberite ve\u010d_<\/a>]\n<p><a href=\"https:\/\/the-slovenia.com\/sl\/\" target=\"_blank\" rel=\"noopener noreferrer\"><img loading=\"lazy\" decoding=\"async\" class=\"alignleft wp-image-10442 size-thumbnail\" src=\"https:\/\/www.travel-slovenia.si\/wp-content\/uploads\/2020\/10\/travel-slovenia-the-slovenia-150x150.png\" alt=\"\" width=\"150\" height=\"150\" \/><\/a><\/p>\n<p style=\"text-align: justify;\"><a href=\"https:\/\/the-slovenia.com\/sl\/\" target=\"_blank\" rel=\"noopener noreferrer\"><strong><em>The Slovenia<\/em><\/strong><\/a><br \/>\nZ skoraj desetletjem izku\u0161enj z objavljanjem potopisov, vodnikov, zemljevidov in drugih medijev v angle\u0161\u010dini, ki jih pi\u0161ejo izklju\u010dno tujci, ki \u017eivijo v Sloveniji, je mednarodna zalo\u017eba THE Slovenija prvi vir strokovno napisanih informacij o potovanjih in turizmu v tej majhni zeleni dr\u017eavi na son\u010dni strani Alp. [<a href=\"https:\/\/the-slovenia.com\/sl\/\" target=\"_blank\" rel=\"noopener noreferrer\">_Preberite ve\u010d_<\/a>]\n<p style=\"text-align: justify;\"><img loading=\"lazy\" decoding=\"async\" class=\"alignleft size-full wp-image-5173\" src=\"https:\/\/www.travel-slovenia.si\/slo\/wp-content\/uploads\/2016\/02\/travel-slovenia-fundacija-utrip-humanosti.jpg\" alt=\"travel-slovenia-fundacija-utrip-humanosti\" width=\"150\" height=\"150\" srcset=\"https:\/\/www.travel-slovenia.si\/slo\/wp-content\/uploads\/2016\/02\/travel-slovenia-fundacija-utrip-humanosti.jpg 100w, https:\/\/www.travel-slovenia.si\/slo\/wp-content\/uploads\/2016\/02\/travel-slovenia-fundacija-utrip-humanosti-83x83.jpg 83w, https:\/\/www.travel-slovenia.si\/slo\/wp-content\/uploads\/2016\/02\/travel-slovenia-fundacija-utrip-humanosti-55x55.jpg 55w, https:\/\/www.travel-slovenia.si\/slo\/wp-content\/uploads\/2016\/02\/travel-slovenia-fundacija-utrip-humanosti-24x24.jpg 24w, https:\/\/www.travel-slovenia.si\/slo\/wp-content\/uploads\/2016\/02\/travel-slovenia-fundacija-utrip-humanosti-36x36.jpg 36w, https:\/\/www.travel-slovenia.si\/slo\/wp-content\/uploads\/2016\/02\/travel-slovenia-fundacija-utrip-humanosti-48x48.jpg 48w\" sizes=\"auto, (max-width: 150px) 100vw, 150px\" \/><strong><em>Fundacija Utrip humanosti<\/em><\/strong><br \/>\n\u00bbVsak dan je nova prilo\u017enost za utrip humanosti. \u010cutite jo z nami.\u00ab V okviru trajnostnega razvoja delujemo na podro\u010dju dobrodelnosti, promoviramo vrednote solidarnosti in pomo\u010di, ter na tak na\u010din prispevamo k bolj\u0161i, prijaznej\u0161i dru\u017ebi in bolj zelenemu naravnemu okolju. [<a href=\"https:\/\/www.travel-slovenia.si\/slo\/fundacija-utrip-humanosti\/\">_Preberite ve\u010d_<\/a>]\n","protected":false},"excerpt":{"rendered":"<p>Nomago &#8211; Pridi z nami. Nomago je najve\u010dji ponudnik storitev mobilnosti in potovanj v Sloveniji s podru\u017enicami na Hrva\u0161kem in v Italiji. Zdru\u017euje ve\u010d kot 650 avtobusov in 500 rednih linij ter ponuja celovito storitev potovanj in mobilnosti \u2013 prevoz na letali\u0161\u010da, letalske karte, preno\u010di\u0161\u010da, zavarovanja in najema prevozov. [_Preberite ve\u010d_] \u0160portno kulturno turisti\u010dno dru\u0161tvo [&hellip;]<\/p>\n","protected":false},"author":111,"featured_media":0,"parent":0,"menu_order":0,"comment_status":"closed","ping_status":"closed","template":"","meta":{"footnotes":""},"class_list":["post-5186","page","type-page","status-publish","hentry"],"yoast_head":"<!-- This site is optimized with the Yoast SEO plugin v25.4 - https:\/\/yoast.com\/wordpress\/plugins\/seo\/ -->\n<title>PARTNERJI - Travel Slovenia - Sledite lepotam na\u0161e male dr\u017eavice<\/title>\n<meta name=\"robots\" content=\"index, follow, max-snippet:-1, max-image-preview:large, max-video-preview:-1\" \/>\n<link rel=\"canonical\" href=\"https:\/\/www.travel-slovenia.si\/slo\/partnerji\/\" \/>\n<meta property=\"og:locale\" content=\"sl_SI\" \/>\n<meta property=\"og:type\" content=\"article\" \/>\n<meta property=\"og:title\" content=\"PARTNERJI - Travel Slovenia - Sledite lepotam na\u0161e male dr\u017eavice\" \/>\n<meta property=\"og:description\" content=\"Nomago &#8211; Pridi z nami. Nomago je najve\u010dji ponudnik storitev mobilnosti in potovanj v Sloveniji s podru\u017enicami na Hrva\u0161kem in v Italiji. Zdru\u017euje ve\u010d kot 650 avtobusov in 500 rednih linij ter ponuja celovito storitev potovanj in mobilnosti \u2013 prevoz na letali\u0161\u010da, letalske karte, preno\u010di\u0161\u010da, zavarovanja in najema prevozov. [_Preberite ve\u010d_] \u0160portno kulturno turisti\u010dno dru\u0161tvo [&hellip;]\" \/>\n<meta property=\"og:url\" content=\"https:\/\/www.travel-slovenia.si\/slo\/partnerji\/\" \/>\n<meta property=\"og:site_name\" content=\"Travel Slovenia - Sledite lepotam na\u0161e male dr\u017eavice\" \/>\n<meta property=\"article:modified_time\" content=\"2021-05-21T07:38:42+00:00\" \/>\n<meta property=\"og:image\" content=\"https:\/\/www.travel-slovenia.si\/wp-content\/uploads\/2019\/05\/travel-slovenia-nomago-banner-150x150.jpg\" \/>\n<meta name=\"twitter:card\" content=\"summary_large_image\" \/>\n<meta name=\"twitter:label1\" content=\"Est. reading time\" \/>\n\t<meta name=\"twitter:data1\" content=\"5 minut\" \/>\n<script type=\"application\/ld+json\" class=\"yoast-schema-graph\">{\"@context\":\"https:\/\/schema.org\",\"@graph\":[{\"@type\":\"WebPage\",\"@id\":\"https:\/\/www.travel-slovenia.si\/slo\/partnerji\/\",\"url\":\"https:\/\/www.travel-slovenia.si\/slo\/partnerji\/\",\"name\":\"PARTNERJI - Travel Slovenia - Sledite lepotam na\u0161e male dr\u017eavice\",\"isPartOf\":{\"@id\":\"https:\/\/www.travel-slovenia.si\/slo\/#website\"},\"primaryImageOfPage\":{\"@id\":\"https:\/\/www.travel-slovenia.si\/slo\/partnerji\/#primaryimage\"},\"image\":{\"@id\":\"https:\/\/www.travel-slovenia.si\/slo\/partnerji\/#primaryimage\"},\"thumbnailUrl\":\"https:\/\/www.travel-slovenia.si\/wp-content\/uploads\/2019\/05\/travel-slovenia-nomago-banner-150x150.jpg\",\"datePublished\":\"2016-02-19T21:14:10+00:00\",\"dateModified\":\"2021-05-21T07:38:42+00:00\",\"breadcrumb\":{\"@id\":\"https:\/\/www.travel-slovenia.si\/slo\/partnerji\/#breadcrumb\"},\"inLanguage\":\"sl-SI\",\"potentialAction\":[{\"@type\":\"ReadAction\",\"target\":[\"https:\/\/www.travel-slovenia.si\/slo\/partnerji\/\"]}]},{\"@type\":\"ImageObject\",\"inLanguage\":\"sl-SI\",\"@id\":\"https:\/\/www.travel-slovenia.si\/slo\/partnerji\/#primaryimage\",\"url\":\"https:\/\/www.travel-slovenia.si\/wp-content\/uploads\/2019\/05\/travel-slovenia-nomago-banner-150x150.jpg\",\"contentUrl\":\"https:\/\/www.travel-slovenia.si\/wp-content\/uploads\/2019\/05\/travel-slovenia-nomago-banner-150x150.jpg\"},{\"@type\":\"BreadcrumbList\",\"@id\":\"https:\/\/www.travel-slovenia.si\/slo\/partnerji\/#breadcrumb\",\"itemListElement\":[{\"@type\":\"ListItem\",\"position\":1,\"name\":\"Home\",\"item\":\"https:\/\/www.travel-slovenia.si\/slo\/\"},{\"@type\":\"ListItem\",\"position\":2,\"name\":\"PARTNERJI\"}]},{\"@type\":\"WebSite\",\"@id\":\"https:\/\/www.travel-slovenia.si\/slo\/#website\",\"url\":\"https:\/\/www.travel-slovenia.si\/slo\/\",\"name\":\"Travel Slovenia - Sledite lepotam na\u0161e male dr\u017eavice\",\"description\":\"\",\"potentialAction\":[{\"@type\":\"SearchAction\",\"target\":{\"@type\":\"EntryPoint\",\"urlTemplate\":\"https:\/\/www.travel-slovenia.si\/slo\/?s={search_term_string}\"},\"query-input\":{\"@type\":\"PropertyValueSpecification\",\"valueRequired\":true,\"valueName\":\"search_term_string\"}}],\"inLanguage\":\"sl-SI\"}]}<\/script>\n<!-- \/ Yoast SEO plugin. -->","yoast_head_json":{"title":"PARTNERJI - Travel Slovenia - Sledite lepotam na\u0161e male dr\u017eavice","robots":{"index":"index","follow":"follow","max-snippet":"max-snippet:-1","max-image-preview":"max-image-preview:large","max-video-preview":"max-video-preview:-1"},"canonical":"https:\/\/www.travel-slovenia.si\/slo\/partnerji\/","og_locale":"sl_SI","og_type":"article","og_title":"PARTNERJI - Travel Slovenia - Sledite lepotam na\u0161e male dr\u017eavice","og_description":"Nomago &#8211; Pridi z nami. Nomago je najve\u010dji ponudnik storitev mobilnosti in potovanj v Sloveniji s podru\u017enicami na Hrva\u0161kem in v Italiji. Zdru\u017euje ve\u010d kot 650 avtobusov in 500 rednih linij ter ponuja celovito storitev potovanj in mobilnosti \u2013 prevoz na letali\u0161\u010da, letalske karte, preno\u010di\u0161\u010da, zavarovanja in najema prevozov. [_Preberite ve\u010d_] \u0160portno kulturno turisti\u010dno dru\u0161tvo [&hellip;]","og_url":"https:\/\/www.travel-slovenia.si\/slo\/partnerji\/","og_site_name":"Travel Slovenia - Sledite lepotam na\u0161e male dr\u017eavice","article_modified_time":"2021-05-21T07:38:42+00:00","og_image":[{"url":"https:\/\/www.travel-slovenia.si\/wp-content\/uploads\/2019\/05\/travel-slovenia-nomago-banner-150x150.jpg","type":"","width":"","height":""}],"twitter_card":"summary_large_image","twitter_misc":{"Est. reading time":"5 minut"},"schema":{"@context":"https:\/\/schema.org","@graph":[{"@type":"WebPage","@id":"https:\/\/www.travel-slovenia.si\/slo\/partnerji\/","url":"https:\/\/www.travel-slovenia.si\/slo\/partnerji\/","name":"PARTNERJI - Travel Slovenia - Sledite lepotam na\u0161e male dr\u017eavice","isPartOf":{"@id":"https:\/\/www.travel-slovenia.si\/slo\/#website"},"primaryImageOfPage":{"@id":"https:\/\/www.travel-slovenia.si\/slo\/partnerji\/#primaryimage"},"image":{"@id":"https:\/\/www.travel-slovenia.si\/slo\/partnerji\/#primaryimage"},"thumbnailUrl":"https:\/\/www.travel-slovenia.si\/wp-content\/uploads\/2019\/05\/travel-slovenia-nomago-banner-150x150.jpg","datePublished":"2016-02-19T21:14:10+00:00","dateModified":"2021-05-21T07:38:42+00:00","breadcrumb":{"@id":"https:\/\/www.travel-slovenia.si\/slo\/partnerji\/#breadcrumb"},"inLanguage":"sl-SI","potentialAction":[{"@type":"ReadAction","target":["https:\/\/www.travel-slovenia.si\/slo\/partnerji\/"]}]},{"@type":"ImageObject","inLanguage":"sl-SI","@id":"https:\/\/www.travel-slovenia.si\/slo\/partnerji\/#primaryimage","url":"https:\/\/www.travel-slovenia.si\/wp-content\/uploads\/2019\/05\/travel-slovenia-nomago-banner-150x150.jpg","contentUrl":"https:\/\/www.travel-slovenia.si\/wp-content\/uploads\/2019\/05\/travel-slovenia-nomago-banner-150x150.jpg"},{"@type":"BreadcrumbList","@id":"https:\/\/www.travel-slovenia.si\/slo\/partnerji\/#breadcrumb","itemListElement":[{"@type":"ListItem","position":1,"name":"Home","item":"https:\/\/www.travel-slovenia.si\/slo\/"},{"@type":"ListItem","position":2,"name":"PARTNERJI"}]},{"@type":"WebSite","@id":"https:\/\/www.travel-slovenia.si\/slo\/#website","url":"https:\/\/www.travel-slovenia.si\/slo\/","name":"Travel Slovenia - Sledite lepotam na\u0161e male dr\u017eavice","description":"","potentialAction":[{"@type":"SearchAction","target":{"@type":"EntryPoint","urlTemplate":"https:\/\/www.travel-slovenia.si\/slo\/?s={search_term_string}"},"query-input":{"@type":"PropertyValueSpecification","valueRequired":true,"valueName":"search_term_string"}}],"inLanguage":"sl-SI"}]}},"post_mailing_queue_ids":[],"_links":{"self":[{"href":"https:\/\/www.travel-slovenia.si\/slo\/wp-json\/wp\/v2\/pages\/5186","targetHints":{"allow":["GET"]}}],"collection":[{"href":"https:\/\/www.travel-slovenia.si\/slo\/wp-json\/wp\/v2\/pages"}],"about":[{"href":"https:\/\/www.travel-slovenia.si\/slo\/wp-json\/wp\/v2\/types\/page"}],"author":[{"embeddable":true,"href":"https:\/\/www.travel-slovenia.si\/slo\/wp-json\/wp\/v2\/users\/111"}],"replies":[{"embeddable":true,"href":"https:\/\/www.travel-slovenia.si\/slo\/wp-json\/wp\/v2\/comments?post=5186"}],"version-history":[{"count":28,"href":"https:\/\/www.travel-slovenia.si\/slo\/wp-json\/wp\/v2\/pages\/5186\/revisions"}],"predecessor-version":[{"id":9274,"href":"https:\/\/www.travel-slovenia.si\/slo\/wp-json\/wp\/v2\/pages\/5186\/revisions\/9274"}],"wp:attachment":[{"href":"https:\/\/www.travel-slovenia.si\/slo\/wp-json\/wp\/v2\/media?parent=5186"}],"curies":[{"name":"wp","href":"https:\/\/api.w.org\/{rel}","templated":true}]}}