{"id":5176,"date":"2016-02-19T22:06:15","date_gmt":"2016-02-19T21:06:15","guid":{"rendered":"https:\/\/www.travel-slovenia.si\/slo\/?page_id=5176"},"modified":"2016-02-19T22:16:28","modified_gmt":"2016-02-19T21:16:28","slug":"fundacija-utrip-humanosti","status":"publish","type":"page","link":"https:\/\/www.travel-slovenia.si\/slo\/fundacija-utrip-humanosti\/","title":{"rendered":"FUNDACIJA UTRIP HUMANOSTI"},"content":{"rendered":"<p style=\"text-align: center;\"><strong><em>\u00bbVsak dan je nova prilo\u017enost za utrip humanosti. \u010cutite jo z nami.\u00ab<\/em><\/strong><\/p>\n<p style=\"text-align: justify;\"><img loading=\"lazy\" decoding=\"async\" class=\"alignleft size-medium wp-image-5177\" src=\"https:\/\/www.travel-slovenia.si\/slo\/wp-content\/uploads\/2016\/02\/travel-slovenia-utrip-humanosti-300x296.jpg\" alt=\"travel-slovenia-utrip-humanosti\" width=\"300\" height=\"296\" srcset=\"https:\/\/www.travel-slovenia.si\/slo\/wp-content\/uploads\/2016\/02\/travel-slovenia-utrip-humanosti-300x296.jpg 300w, https:\/\/www.travel-slovenia.si\/slo\/wp-content\/uploads\/2016\/02\/travel-slovenia-utrip-humanosti-83x83.jpg 83w, https:\/\/www.travel-slovenia.si\/slo\/wp-content\/uploads\/2016\/02\/travel-slovenia-utrip-humanosti-55x55.jpg 55w, https:\/\/www.travel-slovenia.si\/slo\/wp-content\/uploads\/2016\/02\/travel-slovenia-utrip-humanosti-24x24.jpg 24w, https:\/\/www.travel-slovenia.si\/slo\/wp-content\/uploads\/2016\/02\/travel-slovenia-utrip-humanosti-36x36.jpg 36w, https:\/\/www.travel-slovenia.si\/slo\/wp-content\/uploads\/2016\/02\/travel-slovenia-utrip-humanosti-48x48.jpg 48w, https:\/\/www.travel-slovenia.si\/slo\/wp-content\/uploads\/2016\/02\/travel-slovenia-utrip-humanosti.jpg 400w\" sizes=\"auto, (max-width: 300px) 100vw, 300px\" \/>V okviru trajnostnega razvoja delujemo na podro\u010dju dobrodelnosti, promoviramo vrednote solidarnosti in pomo\u010di, ter na tak na\u010din prispevamo k bolj\u0161i, prijaznej\u0161i dru\u017ebi in bolj zelenemu naravnemu okolju.<\/p>\n<p style=\"text-align: justify;\"><strong>Strategija fundacije<\/strong><br \/>\nPrizadevamo si ustvarjati bolj\u0161e pogoje za naraven stil \u017eivljenja v vseh dru\u017ebenih segmentih. \u017delimo biti ve\u010d kot le dru\u017ebeno odgovorni. Ljudi, organizacije in druge \u017eelimo osve\u0161\u010dati, u\u010diti in spodbujati k zdravemu, zelenemu sobivanju z naravo, pri tem pa v ta proces aktivno vklju\u010devati svoje podpornike ter prisluhniti potrebam in stiskam okolja.<\/p>\n<p style=\"text-align: justify;\"><strong>Vrednote fundacije<\/strong><br \/>\nMed vrednotami velik pomen pripisujemo predvsem odgovornosti in spo\u0161tovanju do narave, ljudi in okolja v katerem delujemo, zaupanju v dru\u017ebeno odgovornost podjetij, organizacij in posameznikov, verodostojnosti in zanesljivosti informacij, negovanju odnosov z vsemi dele\u017eniki, spodbujanju okoljske zavesti.<\/p>\n<p style=\"text-align: justify;\"><strong>Dobri utripi<\/strong><br \/>\nDobri utripi so dobrodelne akcije Fundacije Utrip humanosti s katerimi zbiramo sredstva za \u0161tipendiranje mladih, obolelih za rakom, iz Savinjsko-\u0161ale\u0161ke regije. Z ambasadorji (Iris Mulej, Jure Ko\u0161ir, Neisha, Peter Poles, \u017dana Pov\u0161e, Uro\u0161 Peri\u010d, Jadranka Juras, Bo\u0161tjan Romih, RK Celje Pivovarna La\u0161ko, Andra\u017e Hribar), s prostovoljci in z drugimi podporniki skozi vse leto na\u010drtujemo aktivnosti in pripravljamo omenjene dogodke.<\/p>\n<p style=\"text-align: justify;\">Dijakom in \u0161tudentom, ki se borijo z zahrbtno boleznijo, omogo\u010damo pot do izobrazbe. Ker verjamemo, da so mladi na\u0161a prihodnost, \u017eelimo, da jim pomagamo v \u010dim ve\u010djem obsegu. Zato potrebujemo pomo\u010d vsakogar. In veseli smo vsakega obiskovalca na\u0161ih dogodkov.<\/p>\n<p style=\"text-align: justify;\"><strong>Migaj z mano<\/strong><br \/>\nZ dobrodelnimi teki Migaj z mano povezujemo mno\u017eice v solidarnosti in pomagamo, hkrati pa tudi spodbujamo in osve\u0161\u010damo o pomenu zdravega in aktivnega \u017eivljenja. Povezujemo se s \u0161tevilnimi organizacijami, zavodi in strokovnjaki iz na\u0161e regije. Teki so namenjeni rekreativnim in profesionalnim teka\u010dem, pohodnikom, mlaj\u0161im in starej\u0161im, otrokom, organiziranim skupinam in vsem ljubiteljem zdravega, aktivnega in naravnega \u017eivljenjskega stila. V okviru dogodkov ponujamo pester program in bogato ponudbo, zabavno dru\u017eenje, razli\u010dne predstavitve, degustacije, razne nastope, animacije, aktivnosti za otroke ter seveda dobro in kvalitetno \u0161portno-rekreativno tekmovanje na razli\u010dno dolgih teka\u0161ko-pohodnih poteh.<\/p>\n<p style=\"text-align: justify;\"><strong>Festival dobri utripi<\/strong><br \/>\nPovezujemo, spodbujamo, razvijamo. Pi\u0161emo nove zgodbe, ri\u0161emo nove nasme\u0161ke. Tudi s kulturnimi dobrodelnimi projekti povezujemo \u0161iroke mno\u017eice ljudi v solidarnosti, jih spodbujamo k pozitivnemu razmi\u0161ljanju, jih opominjamo na prave vrednote, odgovorne odlo\u010ditve, pristne odnose, na zdrave uspehe. Izobra\u017eujemo in gradimo. Gradimo mre\u017eo zadovoljstva, kreativnosti, inovativnosti. Gradimo odgovorno prihodnost za bolj kakovosten jutri. In pomagamo tistim, ki na\u0161o pomo\u010d zares potrebujejo.<\/p>\n<p style=\"text-align: center;\"><em><strong>Migajte in utripajte z nami \u2013 zase in za mlade bolnike.<\/strong><\/em><\/p>\n<p style=\"text-align: justify;\"><a href=\"https:\/\/www.l-n.si\" target=\"_blank\"><img loading=\"lazy\" decoding=\"async\" class=\"size-full wp-image-5178 aligncenter\" src=\"https:\/\/www.travel-slovenia.si\/slo\/wp-content\/uploads\/2016\/02\/travel-slovenia-lifestyle-natural-logo.jpg\" alt=\"travel-slovenia-lifestyle-natural-logo\" width=\"279\" height=\"100\" srcset=\"https:\/\/www.travel-slovenia.si\/slo\/wp-content\/uploads\/2016\/02\/travel-slovenia-lifestyle-natural-logo.jpg 279w, https:\/\/www.travel-slovenia.si\/slo\/wp-content\/uploads\/2016\/02\/travel-slovenia-lifestyle-natural-logo-24x9.jpg 24w, https:\/\/www.travel-slovenia.si\/slo\/wp-content\/uploads\/2016\/02\/travel-slovenia-lifestyle-natural-logo-36x13.jpg 36w, https:\/\/www.travel-slovenia.si\/slo\/wp-content\/uploads\/2016\/02\/travel-slovenia-lifestyle-natural-logo-48x17.jpg 48w\" sizes=\"auto, (max-width: 279px) 100vw, 279px\" \/><\/a><\/p>\n<p style=\"text-align: center;\">Obi\u0161\u010dite spletno stran:\u00a0<a href=\"https:\/\/www.l-n.si\" target=\"_blank\">www.l-n.si<\/a><\/p>\n<p>&nbsp;<\/p>\n<table>\n<tbody>\n<tr>\n<td style=\"text-align: center;\"><a href=\"https:\/\/www.travel-slovenia.si\/slo\/partnerji\/\"><img loading=\"lazy\" decoding=\"async\" class=\"alignleft wp-image-4499 size-full\" src=\"https:\/\/www.travel-slovenia.si\/slo\/wp-content\/uploads\/2014\/09\/travel-slovenia-povezava-na-drugo.jpg\" alt=\"travel-slovenia-povezava-na-drugo\" width=\"120\" height=\"22\" srcset=\"https:\/\/www.travel-slovenia.si\/slo\/wp-content\/uploads\/2014\/09\/travel-slovenia-povezava-na-drugo.jpg 128w, https:\/\/www.travel-slovenia.si\/slo\/wp-content\/uploads\/2014\/09\/travel-slovenia-povezava-na-drugo-24x4.jpg 24w, https:\/\/www.travel-slovenia.si\/slo\/wp-content\/uploads\/2014\/09\/travel-slovenia-povezava-na-drugo-36x6.jpg 36w, https:\/\/www.travel-slovenia.si\/slo\/wp-content\/uploads\/2014\/09\/travel-slovenia-povezava-na-drugo-48x8.jpg 48w\" sizes=\"auto, (max-width: 120px) 100vw, 120px\" \/><\/a><a href=\"https:\/\/www.travel-slovenia.si\/slo\/partnerji\/\">Poglejte \u0161e druge partnerje strani Travel-Slovenia!<\/a><a href=\"https:\/\/www.travel-slovenia.si\/slo\/partnerji\/\"><img loading=\"lazy\" decoding=\"async\" class=\"alignright wp-image-4500 size-full\" src=\"https:\/\/www.travel-slovenia.si\/slo\/wp-content\/uploads\/2014\/09\/travel-slovenia-povezava-na-drugo2.jpg\" alt=\"travel-slovenia-povezava-na-drugo2\" width=\"120\" height=\"22\" srcset=\"https:\/\/www.travel-slovenia.si\/slo\/wp-content\/uploads\/2014\/09\/travel-slovenia-povezava-na-drugo2.jpg 128w, https:\/\/www.travel-slovenia.si\/slo\/wp-content\/uploads\/2014\/09\/travel-slovenia-povezava-na-drugo2-24x4.jpg 24w, https:\/\/www.travel-slovenia.si\/slo\/wp-content\/uploads\/2014\/09\/travel-slovenia-povezava-na-drugo2-36x6.jpg 36w, https:\/\/www.travel-slovenia.si\/slo\/wp-content\/uploads\/2014\/09\/travel-slovenia-povezava-na-drugo2-48x8.jpg 48w\" sizes=\"auto, (max-width: 120px) 100vw, 120px\" \/><\/a><\/td>\n<\/tr>\n<\/tbody>\n<\/table>\n<p>&nbsp;<\/p>\n","protected":false},"excerpt":{"rendered":"<p>\u00bbVsak dan je nova prilo\u017enost za utrip humanosti. \u010cutite jo z nami.\u00ab V okviru trajnostnega razvoja delujemo na podro\u010dju dobrodelnosti, promoviramo vrednote solidarnosti in pomo\u010di, ter na tak na\u010din prispevamo k bolj\u0161i, prijaznej\u0161i dru\u017ebi in bolj zelenemu naravnemu okolju. Strategija fundacije Prizadevamo si ustvarjati bolj\u0161e pogoje za naraven stil \u017eivljenja v vseh dru\u017ebenih segmentih. \u017delimo [&hellip;]<\/p>\n","protected":false},"author":111,"featured_media":0,"parent":0,"menu_order":0,"comment_status":"closed","ping_status":"closed","template":"","meta":{"footnotes":""},"class_list":["post-5176","page","type-page","status-publish","hentry"],"yoast_head":"<!-- This site is optimized with the Yoast SEO plugin v25.4 - https:\/\/yoast.com\/wordpress\/plugins\/seo\/ -->\n<title>Fundacija Utrip humanosti : Travel-Slovenia<\/title>\n<meta name=\"description\" content=\"V okviru trajnostnega razvoja delujejo na podro\u010dju dobrodelnosti, promovirajo vrednote solidarnosti in pomo\u010di.\" \/>\n<meta name=\"robots\" content=\"index, follow, max-snippet:-1, max-image-preview:large, max-video-preview:-1\" \/>\n<link rel=\"canonical\" href=\"https:\/\/www.travel-slovenia.si\/slo\/fundacija-utrip-humanosti\/\" \/>\n<meta property=\"og:locale\" content=\"sl_SI\" \/>\n<meta property=\"og:type\" content=\"article\" \/>\n<meta property=\"og:title\" content=\"Fundacija Utrip humanosti : Travel-Slovenia\" \/>\n<meta property=\"og:description\" content=\"V okviru trajnostnega razvoja delujejo na podro\u010dju dobrodelnosti, promovirajo vrednote solidarnosti in pomo\u010di.\" \/>\n<meta property=\"og:url\" content=\"https:\/\/www.travel-slovenia.si\/slo\/fundacija-utrip-humanosti\/\" \/>\n<meta property=\"og:site_name\" content=\"Travel Slovenia - Sledite lepotam na\u0161e male dr\u017eavice\" \/>\n<meta property=\"article:modified_time\" content=\"2016-02-19T21:16:28+00:00\" \/>\n<meta property=\"og:image\" content=\"https:\/\/www.travel-slovenia.si\/slo\/wp-content\/uploads\/2016\/02\/travel-slovenia-utrip-humanosti.jpg\" \/>\n\t<meta property=\"og:image:width\" content=\"400\" \/>\n\t<meta property=\"og:image:height\" content=\"394\" \/>\n\t<meta property=\"og:image:type\" content=\"image\/jpeg\" \/>\n<meta name=\"twitter:card\" content=\"summary_large_image\" \/>\n<meta name=\"twitter:title\" content=\"Fundacija Utrip humanosti : Travel-Slovenia\" \/>\n<meta name=\"twitter:description\" content=\"V okviru trajnostnega razvoja delujejo na podro\u010dju dobrodelnosti, promovirajo vrednote solidarnosti in pomo\u010di.\" \/>\n<meta name=\"twitter:image\" content=\"https:\/\/www.travel-slovenia.si\/slo\/wp-content\/uploads\/2016\/02\/travel-slovenia-utrip-humanosti.jpg\" \/>\n<meta name=\"twitter:label1\" content=\"Est. reading time\" \/>\n\t<meta name=\"twitter:data1\" content=\"2 minuti\" \/>\n<script type=\"application\/ld+json\" class=\"yoast-schema-graph\">{\"@context\":\"https:\/\/schema.org\",\"@graph\":[{\"@type\":\"WebPage\",\"@id\":\"https:\/\/www.travel-slovenia.si\/slo\/fundacija-utrip-humanosti\/\",\"url\":\"https:\/\/www.travel-slovenia.si\/slo\/fundacija-utrip-humanosti\/\",\"name\":\"Fundacija Utrip humanosti : Travel-Slovenia\",\"isPartOf\":{\"@id\":\"https:\/\/www.travel-slovenia.si\/slo\/#website\"},\"primaryImageOfPage\":{\"@id\":\"https:\/\/www.travel-slovenia.si\/slo\/fundacija-utrip-humanosti\/#primaryimage\"},\"image\":{\"@id\":\"https:\/\/www.travel-slovenia.si\/slo\/fundacija-utrip-humanosti\/#primaryimage\"},\"thumbnailUrl\":\"https:\/\/www.travel-slovenia.si\/slo\/wp-content\/uploads\/2016\/02\/travel-slovenia-utrip-humanosti-300x296.jpg\",\"datePublished\":\"2016-02-19T21:06:15+00:00\",\"dateModified\":\"2016-02-19T21:16:28+00:00\",\"description\":\"V okviru trajnostnega razvoja delujejo na podro\u010dju dobrodelnosti, promovirajo vrednote solidarnosti in pomo\u010di.\",\"breadcrumb\":{\"@id\":\"https:\/\/www.travel-slovenia.si\/slo\/fundacija-utrip-humanosti\/#breadcrumb\"},\"inLanguage\":\"sl-SI\",\"potentialAction\":[{\"@type\":\"ReadAction\",\"target\":[\"https:\/\/www.travel-slovenia.si\/slo\/fundacija-utrip-humanosti\/\"]}]},{\"@type\":\"ImageObject\",\"inLanguage\":\"sl-SI\",\"@id\":\"https:\/\/www.travel-slovenia.si\/slo\/fundacija-utrip-humanosti\/#primaryimage\",\"url\":\"https:\/\/www.travel-slovenia.si\/slo\/wp-content\/uploads\/2016\/02\/travel-slovenia-utrip-humanosti.jpg\",\"contentUrl\":\"https:\/\/www.travel-slovenia.si\/slo\/wp-content\/uploads\/2016\/02\/travel-slovenia-utrip-humanosti.jpg\",\"width\":400,\"height\":394},{\"@type\":\"BreadcrumbList\",\"@id\":\"https:\/\/www.travel-slovenia.si\/slo\/fundacija-utrip-humanosti\/#breadcrumb\",\"itemListElement\":[{\"@type\":\"ListItem\",\"position\":1,\"name\":\"Home\",\"item\":\"https:\/\/www.travel-slovenia.si\/slo\/\"},{\"@type\":\"ListItem\",\"position\":2,\"name\":\"FUNDACIJA UTRIP HUMANOSTI\"}]},{\"@type\":\"WebSite\",\"@id\":\"https:\/\/www.travel-slovenia.si\/slo\/#website\",\"url\":\"https:\/\/www.travel-slovenia.si\/slo\/\",\"name\":\"Travel Slovenia - Sledite lepotam na\u0161e male dr\u017eavice\",\"description\":\"\",\"potentialAction\":[{\"@type\":\"SearchAction\",\"target\":{\"@type\":\"EntryPoint\",\"urlTemplate\":\"https:\/\/www.travel-slovenia.si\/slo\/?s={search_term_string}\"},\"query-input\":{\"@type\":\"PropertyValueSpecification\",\"valueRequired\":true,\"valueName\":\"search_term_string\"}}],\"inLanguage\":\"sl-SI\"}]}<\/script>\n<!-- \/ Yoast SEO plugin. -->","yoast_head_json":{"title":"Fundacija Utrip humanosti : Travel-Slovenia","description":"V okviru trajnostnega razvoja delujejo na podro\u010dju dobrodelnosti, promovirajo vrednote solidarnosti in pomo\u010di.","robots":{"index":"index","follow":"follow","max-snippet":"max-snippet:-1","max-image-preview":"max-image-preview:large","max-video-preview":"max-video-preview:-1"},"canonical":"https:\/\/www.travel-slovenia.si\/slo\/fundacija-utrip-humanosti\/","og_locale":"sl_SI","og_type":"article","og_title":"Fundacija Utrip humanosti : Travel-Slovenia","og_description":"V okviru trajnostnega razvoja delujejo na podro\u010dju dobrodelnosti, promovirajo vrednote solidarnosti in pomo\u010di.","og_url":"https:\/\/www.travel-slovenia.si\/slo\/fundacija-utrip-humanosti\/","og_site_name":"Travel Slovenia - Sledite lepotam na\u0161e male dr\u017eavice","article_modified_time":"2016-02-19T21:16:28+00:00","og_image":[{"width":400,"height":394,"url":"https:\/\/www.travel-slovenia.si\/slo\/wp-content\/uploads\/2016\/02\/travel-slovenia-utrip-humanosti.jpg","type":"image\/jpeg"}],"twitter_card":"summary_large_image","twitter_title":"Fundacija Utrip humanosti : Travel-Slovenia","twitter_description":"V okviru trajnostnega razvoja delujejo na podro\u010dju dobrodelnosti, promovirajo vrednote solidarnosti in pomo\u010di.","twitter_image":"https:\/\/www.travel-slovenia.si\/slo\/wp-content\/uploads\/2016\/02\/travel-slovenia-utrip-humanosti.jpg","twitter_misc":{"Est. reading time":"2 minuti"},"schema":{"@context":"https:\/\/schema.org","@graph":[{"@type":"WebPage","@id":"https:\/\/www.travel-slovenia.si\/slo\/fundacija-utrip-humanosti\/","url":"https:\/\/www.travel-slovenia.si\/slo\/fundacija-utrip-humanosti\/","name":"Fundacija Utrip humanosti : Travel-Slovenia","isPartOf":{"@id":"https:\/\/www.travel-slovenia.si\/slo\/#website"},"primaryImageOfPage":{"@id":"https:\/\/www.travel-slovenia.si\/slo\/fundacija-utrip-humanosti\/#primaryimage"},"image":{"@id":"https:\/\/www.travel-slovenia.si\/slo\/fundacija-utrip-humanosti\/#primaryimage"},"thumbnailUrl":"https:\/\/www.travel-slovenia.si\/slo\/wp-content\/uploads\/2016\/02\/travel-slovenia-utrip-humanosti-300x296.jpg","datePublished":"2016-02-19T21:06:15+00:00","dateModified":"2016-02-19T21:16:28+00:00","description":"V okviru trajnostnega razvoja delujejo na podro\u010dju dobrodelnosti, promovirajo vrednote solidarnosti in pomo\u010di.","breadcrumb":{"@id":"https:\/\/www.travel-slovenia.si\/slo\/fundacija-utrip-humanosti\/#breadcrumb"},"inLanguage":"sl-SI","potentialAction":[{"@type":"ReadAction","target":["https:\/\/www.travel-slovenia.si\/slo\/fundacija-utrip-humanosti\/"]}]},{"@type":"ImageObject","inLanguage":"sl-SI","@id":"https:\/\/www.travel-slovenia.si\/slo\/fundacija-utrip-humanosti\/#primaryimage","url":"https:\/\/www.travel-slovenia.si\/slo\/wp-content\/uploads\/2016\/02\/travel-slovenia-utrip-humanosti.jpg","contentUrl":"https:\/\/www.travel-slovenia.si\/slo\/wp-content\/uploads\/2016\/02\/travel-slovenia-utrip-humanosti.jpg","width":400,"height":394},{"@type":"BreadcrumbList","@id":"https:\/\/www.travel-slovenia.si\/slo\/fundacija-utrip-humanosti\/#breadcrumb","itemListElement":[{"@type":"ListItem","position":1,"name":"Home","item":"https:\/\/www.travel-slovenia.si\/slo\/"},{"@type":"ListItem","position":2,"name":"FUNDACIJA UTRIP HUMANOSTI"}]},{"@type":"WebSite","@id":"https:\/\/www.travel-slovenia.si\/slo\/#website","url":"https:\/\/www.travel-slovenia.si\/slo\/","name":"Travel Slovenia - Sledite lepotam na\u0161e male dr\u017eavice","description":"","potentialAction":[{"@type":"SearchAction","target":{"@type":"EntryPoint","urlTemplate":"https:\/\/www.travel-slovenia.si\/slo\/?s={search_term_string}"},"query-input":{"@type":"PropertyValueSpecification","valueRequired":true,"valueName":"search_term_string"}}],"inLanguage":"sl-SI"}]}},"post_mailing_queue_ids":[],"_links":{"self":[{"href":"https:\/\/www.travel-slovenia.si\/slo\/wp-json\/wp\/v2\/pages\/5176","targetHints":{"allow":["GET"]}}],"collection":[{"href":"https:\/\/www.travel-slovenia.si\/slo\/wp-json\/wp\/v2\/pages"}],"about":[{"href":"https:\/\/www.travel-slovenia.si\/slo\/wp-json\/wp\/v2\/types\/page"}],"author":[{"embeddable":true,"href":"https:\/\/www.travel-slovenia.si\/slo\/wp-json\/wp\/v2\/users\/111"}],"replies":[{"embeddable":true,"href":"https:\/\/www.travel-slovenia.si\/slo\/wp-json\/wp\/v2\/comments?post=5176"}],"version-history":[{"count":8,"href":"https:\/\/www.travel-slovenia.si\/slo\/wp-json\/wp\/v2\/pages\/5176\/revisions"}],"predecessor-version":[{"id":5188,"href":"https:\/\/www.travel-slovenia.si\/slo\/wp-json\/wp\/v2\/pages\/5176\/revisions\/5188"}],"wp:attachment":[{"href":"https:\/\/www.travel-slovenia.si\/slo\/wp-json\/wp\/v2\/media?parent=5176"}],"curies":[{"name":"wp","href":"https:\/\/api.w.org\/{rel}","templated":true}]}}