{"id":5116,"date":"2016-02-17T20:23:18","date_gmt":"2016-02-17T19:23:18","guid":{"rendered":"https:\/\/www.travel-slovenia.si\/slo\/?page_id=5116"},"modified":"2016-02-17T20:27:22","modified_gmt":"2016-02-17T19:27:22","slug":"stano-gerzelj-nas-vrtovin","status":"publish","type":"page","link":"https:\/\/www.travel-slovenia.si\/slo\/stano-gerzelj-nas-vrtovin\/","title":{"rendered":"Stano Ger\u017eelj &#8211; Na\u0161 Vrtovin"},"content":{"rendered":"<p style=\"text-align: justify;\">Pesem Na\u0161 Vrtovin je napisal Stano Ger\u017eelj. Je pesem, ki pove kje je nastala vas Vrtovin in na\u0161teje pripadajo\u010de zaselke. Da vasi kot prebivalci ne dajo za noben denar. V pesmi zapi\u0161e tudi, da \u017eivljenje te\u010de dalje. Rojeva se nov rod in v njihovo naro\u010dje se polagajo vrtovinski upi.<\/p>\n<h3 style=\"text-align: center;\">STANO GER\u017dELJ &#8211; NA\u0160 VRTOVIN<\/h3>\n<p style=\"text-align: center;\">Kot, da sejalec bi jih sejal<br \/>\nso vasice posejane<br \/>\nod ceste, do pobo\u010dja \u010cavna<br \/>\nso imena njih nam znane.<\/p>\n<p style=\"text-align: center;\">Guli, \u010cebuli, Ger\u017eeli, Gu\u0161tini,<br \/>\nJama in Feu\u010di, \u0160ateji, Subani,<br \/>\nin, \u010de ne pe\u0161a mi zdaj spomin,<br \/>\nLozarji, Krti, Rebki, \u010crmeli<br \/>\nin \u0161e Kocjani, je na\u0161 Vrtovin.<\/p>\n<p style=\"text-align: center;\">Vrtovin, ti vasica na\u0161a,<br \/>\nne damo te za noben denar,<br \/>\ntu na\u0161 je dom in na\u0161a sre\u010da,<br \/>\nkot v sveti\u0161\u010di zlati, je oltar.<\/p>\n<p style=\"text-align: center;\">Obdelana so na\u0161a polja,<br \/>\ndelavni smo tu ljudje,<br \/>\n\u017eivljenje na\u0161e, na\u0161e sanje,<br \/>\niz dneva v dan, le upanje.<\/p>\n<p style=\"text-align: center;\">Upanje, le upanje.<br \/>\nBrez upanja \u017eivljenja ni,<br \/>\nto pa naj si \u017eelimo mi,<br \/>\nda bi sre\u010dni bili vsi.<\/p>\n<p>&nbsp;<\/p>\n<table>\n<tbody>\n<tr>\n<td style=\"text-align: center;\"><a href=\"https:\/\/www.travel-slovenia.si\/slo\/v-besedi\/\"><img loading=\"lazy\" decoding=\"async\" class=\"alignleft wp-image-4499 size-full\" src=\"https:\/\/www.travel-slovenia.si\/slo\/wp-content\/uploads\/2014\/09\/travel-slovenia-povezava-na-drugo.jpg\" alt=\"travel-slovenia-povezava-na-drugo\" width=\"128\" height=\"22\" srcset=\"https:\/\/www.travel-slovenia.si\/slo\/wp-content\/uploads\/2014\/09\/travel-slovenia-povezava-na-drugo.jpg 128w, https:\/\/www.travel-slovenia.si\/slo\/wp-content\/uploads\/2014\/09\/travel-slovenia-povezava-na-drugo-24x4.jpg 24w, https:\/\/www.travel-slovenia.si\/slo\/wp-content\/uploads\/2014\/09\/travel-slovenia-povezava-na-drugo-36x6.jpg 36w, https:\/\/www.travel-slovenia.si\/slo\/wp-content\/uploads\/2014\/09\/travel-slovenia-povezava-na-drugo-48x8.jpg 48w\" sizes=\"auto, (max-width: 128px) 100vw, 128px\" \/><\/a><a href=\"https:\/\/www.travel-slovenia.si\/slo\/v-besedi\/\">Poglejte \u0161e druga besedila o Sloveniji!<\/a><a href=\"https:\/\/www.travel-slovenia.si\/slo\/v-besedi\/\"><img loading=\"lazy\" decoding=\"async\" class=\"alignright wp-image-4500 size-full\" src=\"https:\/\/www.travel-slovenia.si\/slo\/wp-content\/uploads\/2014\/09\/travel-slovenia-povezava-na-drugo2.jpg\" alt=\"travel-slovenia-povezava-na-drugo2\" width=\"128\" height=\"22\" srcset=\"https:\/\/www.travel-slovenia.si\/slo\/wp-content\/uploads\/2014\/09\/travel-slovenia-povezava-na-drugo2.jpg 128w, https:\/\/www.travel-slovenia.si\/slo\/wp-content\/uploads\/2014\/09\/travel-slovenia-povezava-na-drugo2-24x4.jpg 24w, https:\/\/www.travel-slovenia.si\/slo\/wp-content\/uploads\/2014\/09\/travel-slovenia-povezava-na-drugo2-36x6.jpg 36w, https:\/\/www.travel-slovenia.si\/slo\/wp-content\/uploads\/2014\/09\/travel-slovenia-povezava-na-drugo2-48x8.jpg 48w\" sizes=\"auto, (max-width: 128px) 100vw, 128px\" \/><\/a><\/td>\n<\/tr>\n<\/tbody>\n<\/table>\n<p>&nbsp;<\/p>\n<hr \/>\n<p style=\"text-align: justify;\"><strong><em><img loading=\"lazy\" decoding=\"async\" class=\"alignleft size-full wp-image-4980\" src=\"https:\/\/www.travel-slovenia.si\/slo\/wp-content\/uploads\/2016\/02\/travel-slovenia-vrtovin-view.jpg\" alt=\"travel-slovenia-vrtovin-view\" width=\"150\" height=\"150\" srcset=\"https:\/\/www.travel-slovenia.si\/slo\/wp-content\/uploads\/2016\/02\/travel-slovenia-vrtovin-view.jpg 150w, https:\/\/www.travel-slovenia.si\/slo\/wp-content\/uploads\/2016\/02\/travel-slovenia-vrtovin-view-83x83.jpg 83w, https:\/\/www.travel-slovenia.si\/slo\/wp-content\/uploads\/2016\/02\/travel-slovenia-vrtovin-view-55x55.jpg 55w, https:\/\/www.travel-slovenia.si\/slo\/wp-content\/uploads\/2016\/02\/travel-slovenia-vrtovin-view-24x24.jpg 24w, https:\/\/www.travel-slovenia.si\/slo\/wp-content\/uploads\/2016\/02\/travel-slovenia-vrtovin-view-36x36.jpg 36w, https:\/\/www.travel-slovenia.si\/slo\/wp-content\/uploads\/2016\/02\/travel-slovenia-vrtovin-view-48x48.jpg 48w\" sizes=\"auto, (max-width: 150px) 100vw, 150px\" \/>Vrtovin<br \/>\n<\/em><\/strong> Vrtovin spada med najbolj razpotegnjeno krajevno skupnosti v Ajdov\u0161\u010dini. Zaznamujejo ga pomniki preteklosti, ki so jih doma\u010dini vklju\u010dili v sodobno \u017eivljenje. Vrtovin je srednje velika vas, ki se nahaja severno od glavne ceste, ki te\u010de skozi Vipavsko dolino. Ozemlje Vrtovina se vle\u010de v smeri sever \u2013 jug. [<a href=\"https:\/\/www.travel-slovenia.si\/slo\/location\/vrtovin\/\"><span style=\"color: #7fa500;\">_Preberite ve\u010d_<\/span><\/a>]\n","protected":false},"excerpt":{"rendered":"<p>Pesem Na\u0161 Vrtovin je napisal Stano Ger\u017eelj. Je pesem, ki pove kje je nastala vas Vrtovin in na\u0161teje pripadajo\u010de zaselke. Da vasi kot prebivalci ne dajo za noben denar. V pesmi zapi\u0161e tudi, da \u017eivljenje te\u010de dalje. Rojeva se nov rod in v njihovo naro\u010dje se polagajo vrtovinski upi. STANO GER\u017dELJ &#8211; NA\u0160 VRTOVIN Kot, [&hellip;]<\/p>\n","protected":false},"author":111,"featured_media":0,"parent":0,"menu_order":0,"comment_status":"closed","ping_status":"closed","template":"","meta":{"footnotes":""},"class_list":["post-5116","page","type-page","status-publish","hentry"],"yoast_head":"<!-- This site is optimized with the Yoast SEO plugin v25.4 - https:\/\/yoast.com\/wordpress\/plugins\/seo\/ -->\n<title>Stano Ger\u017eelj - Na\u0161 Vrtovin : Travel-Slovenia<\/title>\n<meta name=\"description\" content=\"Pesem Na\u0161 Vrtovin je napisal Stano Ger\u017eelj. Je pesem, ki pove kje je nastala vas Vrtovin in na\u0161teje pripadajo\u010de zaselke.\" \/>\n<meta name=\"robots\" content=\"index, follow, max-snippet:-1, max-image-preview:large, max-video-preview:-1\" \/>\n<link rel=\"canonical\" href=\"https:\/\/www.travel-slovenia.si\/slo\/stano-gerzelj-nas-vrtovin\/\" \/>\n<meta property=\"og:locale\" content=\"sl_SI\" \/>\n<meta property=\"og:type\" content=\"article\" \/>\n<meta property=\"og:title\" content=\"Stano Ger\u017eelj - Na\u0161 Vrtovin : Travel-Slovenia\" \/>\n<meta property=\"og:description\" content=\"Pesem Na\u0161 Vrtovin je napisal Stano Ger\u017eelj. Je pesem, ki pove kje je nastala vas Vrtovin in na\u0161teje pripadajo\u010de zaselke.\" \/>\n<meta property=\"og:url\" content=\"https:\/\/www.travel-slovenia.si\/slo\/stano-gerzelj-nas-vrtovin\/\" \/>\n<meta property=\"og:site_name\" content=\"Travel Slovenia - Sledite lepotam na\u0161e male dr\u017eavice\" \/>\n<meta property=\"article:modified_time\" content=\"2016-02-17T19:27:22+00:00\" \/>\n<meta property=\"og:image\" content=\"https:\/\/www.travel-slovenia.si\/slo\/wp-content\/uploads\/2016\/02\/travel-slovenia-vrtovin-coat-of-arms.png\" \/>\n\t<meta property=\"og:image:width\" content=\"400\" \/>\n\t<meta property=\"og:image:height\" content=\"585\" \/>\n\t<meta property=\"og:image:type\" content=\"image\/png\" \/>\n<meta name=\"twitter:card\" content=\"summary_large_image\" \/>\n<meta name=\"twitter:title\" content=\"Stano Ger\u017eelj - Na\u0161 Vrtovin : Travel-Slovenia\" \/>\n<meta name=\"twitter:description\" content=\"Pesem Na\u0161 Vrtovin je napisal Stano Ger\u017eelj. Je pesem, ki pove kje je nastala vas Vrtovin in na\u0161teje pripadajo\u010de zaselke.\" \/>\n<meta name=\"twitter:image\" content=\"https:\/\/www.travel-slovenia.si\/slo\/wp-content\/uploads\/2016\/02\/travel-slovenia-vrtovin-coat-of-arms.png\" \/>\n<meta name=\"twitter:label1\" content=\"Est. reading time\" \/>\n\t<meta name=\"twitter:data1\" content=\"1 minuta\" \/>\n<script type=\"application\/ld+json\" class=\"yoast-schema-graph\">{\"@context\":\"https:\/\/schema.org\",\"@graph\":[{\"@type\":\"WebPage\",\"@id\":\"https:\/\/www.travel-slovenia.si\/slo\/stano-gerzelj-nas-vrtovin\/\",\"url\":\"https:\/\/www.travel-slovenia.si\/slo\/stano-gerzelj-nas-vrtovin\/\",\"name\":\"Stano Ger\u017eelj - Na\u0161 Vrtovin : Travel-Slovenia\",\"isPartOf\":{\"@id\":\"https:\/\/www.travel-slovenia.si\/slo\/#website\"},\"primaryImageOfPage\":{\"@id\":\"https:\/\/www.travel-slovenia.si\/slo\/stano-gerzelj-nas-vrtovin\/#primaryimage\"},\"image\":{\"@id\":\"https:\/\/www.travel-slovenia.si\/slo\/stano-gerzelj-nas-vrtovin\/#primaryimage\"},\"thumbnailUrl\":\"https:\/\/www.travel-slovenia.si\/slo\/wp-content\/uploads\/2014\/09\/travel-slovenia-povezava-na-drugo.jpg\",\"datePublished\":\"2016-02-17T19:23:18+00:00\",\"dateModified\":\"2016-02-17T19:27:22+00:00\",\"description\":\"Pesem Na\u0161 Vrtovin je napisal Stano Ger\u017eelj. Je pesem, ki pove kje je nastala vas Vrtovin in na\u0161teje pripadajo\u010de zaselke.\",\"breadcrumb\":{\"@id\":\"https:\/\/www.travel-slovenia.si\/slo\/stano-gerzelj-nas-vrtovin\/#breadcrumb\"},\"inLanguage\":\"sl-SI\",\"potentialAction\":[{\"@type\":\"ReadAction\",\"target\":[\"https:\/\/www.travel-slovenia.si\/slo\/stano-gerzelj-nas-vrtovin\/\"]}]},{\"@type\":\"ImageObject\",\"inLanguage\":\"sl-SI\",\"@id\":\"https:\/\/www.travel-slovenia.si\/slo\/stano-gerzelj-nas-vrtovin\/#primaryimage\",\"url\":\"https:\/\/www.travel-slovenia.si\/slo\/wp-content\/uploads\/2014\/09\/travel-slovenia-povezava-na-drugo.jpg\",\"contentUrl\":\"https:\/\/www.travel-slovenia.si\/slo\/wp-content\/uploads\/2014\/09\/travel-slovenia-povezava-na-drugo.jpg\",\"width\":128,\"height\":22},{\"@type\":\"BreadcrumbList\",\"@id\":\"https:\/\/www.travel-slovenia.si\/slo\/stano-gerzelj-nas-vrtovin\/#breadcrumb\",\"itemListElement\":[{\"@type\":\"ListItem\",\"position\":1,\"name\":\"Home\",\"item\":\"https:\/\/www.travel-slovenia.si\/slo\/\"},{\"@type\":\"ListItem\",\"position\":2,\"name\":\"Stano Ger\u017eelj &#8211; Na\u0161 Vrtovin\"}]},{\"@type\":\"WebSite\",\"@id\":\"https:\/\/www.travel-slovenia.si\/slo\/#website\",\"url\":\"https:\/\/www.travel-slovenia.si\/slo\/\",\"name\":\"Travel Slovenia - Sledite lepotam na\u0161e male dr\u017eavice\",\"description\":\"\",\"potentialAction\":[{\"@type\":\"SearchAction\",\"target\":{\"@type\":\"EntryPoint\",\"urlTemplate\":\"https:\/\/www.travel-slovenia.si\/slo\/?s={search_term_string}\"},\"query-input\":{\"@type\":\"PropertyValueSpecification\",\"valueRequired\":true,\"valueName\":\"search_term_string\"}}],\"inLanguage\":\"sl-SI\"}]}<\/script>\n<!-- \/ Yoast SEO plugin. -->","yoast_head_json":{"title":"Stano Ger\u017eelj - Na\u0161 Vrtovin : Travel-Slovenia","description":"Pesem Na\u0161 Vrtovin je napisal Stano Ger\u017eelj. Je pesem, ki pove kje je nastala vas Vrtovin in na\u0161teje pripadajo\u010de zaselke.","robots":{"index":"index","follow":"follow","max-snippet":"max-snippet:-1","max-image-preview":"max-image-preview:large","max-video-preview":"max-video-preview:-1"},"canonical":"https:\/\/www.travel-slovenia.si\/slo\/stano-gerzelj-nas-vrtovin\/","og_locale":"sl_SI","og_type":"article","og_title":"Stano Ger\u017eelj - Na\u0161 Vrtovin : Travel-Slovenia","og_description":"Pesem Na\u0161 Vrtovin je napisal Stano Ger\u017eelj. Je pesem, ki pove kje je nastala vas Vrtovin in na\u0161teje pripadajo\u010de zaselke.","og_url":"https:\/\/www.travel-slovenia.si\/slo\/stano-gerzelj-nas-vrtovin\/","og_site_name":"Travel Slovenia - Sledite lepotam na\u0161e male dr\u017eavice","article_modified_time":"2016-02-17T19:27:22+00:00","og_image":[{"width":400,"height":585,"url":"https:\/\/www.travel-slovenia.si\/slo\/wp-content\/uploads\/2016\/02\/travel-slovenia-vrtovin-coat-of-arms.png","type":"image\/png"}],"twitter_card":"summary_large_image","twitter_title":"Stano Ger\u017eelj - Na\u0161 Vrtovin : Travel-Slovenia","twitter_description":"Pesem Na\u0161 Vrtovin je napisal Stano Ger\u017eelj. Je pesem, ki pove kje je nastala vas Vrtovin in na\u0161teje pripadajo\u010de zaselke.","twitter_image":"https:\/\/www.travel-slovenia.si\/slo\/wp-content\/uploads\/2016\/02\/travel-slovenia-vrtovin-coat-of-arms.png","twitter_misc":{"Est. reading time":"1 minuta"},"schema":{"@context":"https:\/\/schema.org","@graph":[{"@type":"WebPage","@id":"https:\/\/www.travel-slovenia.si\/slo\/stano-gerzelj-nas-vrtovin\/","url":"https:\/\/www.travel-slovenia.si\/slo\/stano-gerzelj-nas-vrtovin\/","name":"Stano Ger\u017eelj - Na\u0161 Vrtovin : Travel-Slovenia","isPartOf":{"@id":"https:\/\/www.travel-slovenia.si\/slo\/#website"},"primaryImageOfPage":{"@id":"https:\/\/www.travel-slovenia.si\/slo\/stano-gerzelj-nas-vrtovin\/#primaryimage"},"image":{"@id":"https:\/\/www.travel-slovenia.si\/slo\/stano-gerzelj-nas-vrtovin\/#primaryimage"},"thumbnailUrl":"https:\/\/www.travel-slovenia.si\/slo\/wp-content\/uploads\/2014\/09\/travel-slovenia-povezava-na-drugo.jpg","datePublished":"2016-02-17T19:23:18+00:00","dateModified":"2016-02-17T19:27:22+00:00","description":"Pesem Na\u0161 Vrtovin je napisal Stano Ger\u017eelj. Je pesem, ki pove kje je nastala vas Vrtovin in na\u0161teje pripadajo\u010de zaselke.","breadcrumb":{"@id":"https:\/\/www.travel-slovenia.si\/slo\/stano-gerzelj-nas-vrtovin\/#breadcrumb"},"inLanguage":"sl-SI","potentialAction":[{"@type":"ReadAction","target":["https:\/\/www.travel-slovenia.si\/slo\/stano-gerzelj-nas-vrtovin\/"]}]},{"@type":"ImageObject","inLanguage":"sl-SI","@id":"https:\/\/www.travel-slovenia.si\/slo\/stano-gerzelj-nas-vrtovin\/#primaryimage","url":"https:\/\/www.travel-slovenia.si\/slo\/wp-content\/uploads\/2014\/09\/travel-slovenia-povezava-na-drugo.jpg","contentUrl":"https:\/\/www.travel-slovenia.si\/slo\/wp-content\/uploads\/2014\/09\/travel-slovenia-povezava-na-drugo.jpg","width":128,"height":22},{"@type":"BreadcrumbList","@id":"https:\/\/www.travel-slovenia.si\/slo\/stano-gerzelj-nas-vrtovin\/#breadcrumb","itemListElement":[{"@type":"ListItem","position":1,"name":"Home","item":"https:\/\/www.travel-slovenia.si\/slo\/"},{"@type":"ListItem","position":2,"name":"Stano Ger\u017eelj &#8211; Na\u0161 Vrtovin"}]},{"@type":"WebSite","@id":"https:\/\/www.travel-slovenia.si\/slo\/#website","url":"https:\/\/www.travel-slovenia.si\/slo\/","name":"Travel Slovenia - Sledite lepotam na\u0161e male dr\u017eavice","description":"","potentialAction":[{"@type":"SearchAction","target":{"@type":"EntryPoint","urlTemplate":"https:\/\/www.travel-slovenia.si\/slo\/?s={search_term_string}"},"query-input":{"@type":"PropertyValueSpecification","valueRequired":true,"valueName":"search_term_string"}}],"inLanguage":"sl-SI"}]}},"post_mailing_queue_ids":[],"_links":{"self":[{"href":"https:\/\/www.travel-slovenia.si\/slo\/wp-json\/wp\/v2\/pages\/5116","targetHints":{"allow":["GET"]}}],"collection":[{"href":"https:\/\/www.travel-slovenia.si\/slo\/wp-json\/wp\/v2\/pages"}],"about":[{"href":"https:\/\/www.travel-slovenia.si\/slo\/wp-json\/wp\/v2\/types\/page"}],"author":[{"embeddable":true,"href":"https:\/\/www.travel-slovenia.si\/slo\/wp-json\/wp\/v2\/users\/111"}],"replies":[{"embeddable":true,"href":"https:\/\/www.travel-slovenia.si\/slo\/wp-json\/wp\/v2\/comments?post=5116"}],"version-history":[{"count":4,"href":"https:\/\/www.travel-slovenia.si\/slo\/wp-json\/wp\/v2\/pages\/5116\/revisions"}],"predecessor-version":[{"id":5122,"href":"https:\/\/www.travel-slovenia.si\/slo\/wp-json\/wp\/v2\/pages\/5116\/revisions\/5122"}],"wp:attachment":[{"href":"https:\/\/www.travel-slovenia.si\/slo\/wp-json\/wp\/v2\/media?parent=5116"}],"curies":[{"name":"wp","href":"https:\/\/api.w.org\/{rel}","templated":true}]}}