{"id":4872,"date":"2016-02-05T08:25:49","date_gmt":"2016-02-05T07:25:49","guid":{"rendered":"https:\/\/www.travel-slovenia.si\/slo\/?page_id=4872"},"modified":"2016-02-23T20:21:30","modified_gmt":"2016-02-23T19:21:30","slug":"8-februar","status":"publish","type":"page","link":"https:\/\/www.travel-slovenia.si\/slo\/8-februar\/","title":{"rendered":"8. februar"},"content":{"rendered":"<p style=\"text-align: justify;\"><img loading=\"lazy\" decoding=\"async\" class=\"alignleft size-full wp-image-4636\" src=\"https:\/\/www.travel-slovenia.si\/slo\/wp-content\/uploads\/2015\/12\/travel-slovenia-france-preseren-view.jpg\" alt=\"travel-slovenia-france-preseren-view\" width=\"150\" height=\"150\" srcset=\"https:\/\/www.travel-slovenia.si\/slo\/wp-content\/uploads\/2015\/12\/travel-slovenia-france-preseren-view.jpg 150w, https:\/\/www.travel-slovenia.si\/slo\/wp-content\/uploads\/2015\/12\/travel-slovenia-france-preseren-view-83x83.jpg 83w, https:\/\/www.travel-slovenia.si\/slo\/wp-content\/uploads\/2015\/12\/travel-slovenia-france-preseren-view-55x55.jpg 55w, https:\/\/www.travel-slovenia.si\/slo\/wp-content\/uploads\/2015\/12\/travel-slovenia-france-preseren-view-24x24.jpg 24w, https:\/\/www.travel-slovenia.si\/slo\/wp-content\/uploads\/2015\/12\/travel-slovenia-france-preseren-view-36x36.jpg 36w, https:\/\/www.travel-slovenia.si\/slo\/wp-content\/uploads\/2015\/12\/travel-slovenia-france-preseren-view-48x48.jpg 48w\" sizes=\"auto, (max-width: 150px) 100vw, 150px\" \/><strong><em>Pre\u0161ernov dan<\/em><\/strong><br \/>\nNa dana\u0161nji dan v Sloveniji praznujemo kulturni in dr\u017eavni praznik, ki je dela prost dan. Praznuje se obletnico smrti najve\u010djega slovenskega pesnika dr. Franceta Pre\u0161erna, ki je umrl leta 1849. Ob tej prilo\u017enosti poteka osrednja dr\u017eavna proslava s podelitvijo Pre\u0161ernove nagrade za umetni\u0161ke dose\u017eke. [<a href=\"https:\/\/www.travel-slovenia.si\/slo\/presernov-dan\/\">_Preberite ve\u010d_<\/a>]\n","protected":false},"excerpt":{"rendered":"<p>Pre\u0161ernov dan Na dana\u0161nji dan v Sloveniji praznujemo kulturni in dr\u017eavni praznik, ki je dela prost dan. Praznuje se obletnico smrti najve\u010djega slovenskega pesnika dr. Franceta Pre\u0161erna, ki je umrl leta 1849. Ob tej prilo\u017enosti poteka osrednja dr\u017eavna proslava s podelitvijo Pre\u0161ernove nagrade za umetni\u0161ke dose\u017eke. [_Preberite ve\u010d_]<\/p>\n","protected":false},"author":111,"featured_media":0,"parent":0,"menu_order":0,"comment_status":"closed","ping_status":"closed","template":"","meta":{"footnotes":""},"class_list":["post-4872","page","type-page","status-publish","hentry"],"yoast_head":"<!-- This site is optimized with the Yoast SEO plugin v25.4 - https:\/\/yoast.com\/wordpress\/plugins\/seo\/ -->\n<title>8. februar : Travel-Slovenia<\/title>\n<meta name=\"description\" content=\"Pretekli dogodki, ki so se zgodili na datum 8. februarja in so v dolo\u010deni meri zaznamovali Slovenijo.\" \/>\n<meta name=\"robots\" content=\"index, follow, max-snippet:-1, max-image-preview:large, max-video-preview:-1\" \/>\n<link rel=\"canonical\" href=\"https:\/\/www.travel-slovenia.si\/slo\/8-februar\/\" \/>\n<meta property=\"og:locale\" content=\"sl_SI\" \/>\n<meta property=\"og:type\" content=\"article\" \/>\n<meta property=\"og:title\" content=\"8. februar : Travel-Slovenia\" \/>\n<meta property=\"og:description\" content=\"Pretekli dogodki, ki so se zgodili na datum 8. februarja in so v dolo\u010deni meri zaznamovali Slovenijo.\" \/>\n<meta property=\"og:url\" content=\"https:\/\/www.travel-slovenia.si\/slo\/8-februar\/\" \/>\n<meta property=\"og:site_name\" content=\"Travel Slovenia - Sledite lepotam na\u0161e male dr\u017eavice\" \/>\n<meta property=\"article:modified_time\" content=\"2016-02-23T19:21:30+00:00\" \/>\n<meta property=\"og:image\" content=\"https:\/\/www.travel-slovenia.si\/slo\/wp-content\/uploads\/2014\/05\/travel-slovenia-france-preseren.jpg\" \/>\n\t<meta property=\"og:image:width\" content=\"379\" \/>\n\t<meta property=\"og:image:height\" content=\"368\" \/>\n\t<meta property=\"og:image:type\" content=\"image\/jpeg\" \/>\n<meta name=\"twitter:card\" content=\"summary_large_image\" \/>\n<meta name=\"twitter:title\" content=\"8. februar : Travel-Slovenia\" \/>\n<meta name=\"twitter:description\" content=\"Pretekli dogodki, ki so se zgodili na datum 8. februarja in so v dolo\u010deni meri zaznamovali Slovenijo.\" \/>\n<meta name=\"twitter:image\" content=\"https:\/\/www.travel-slovenia.si\/slo\/wp-content\/uploads\/2014\/05\/travel-slovenia-france-preseren.jpg\" \/>\n<script type=\"application\/ld+json\" class=\"yoast-schema-graph\">{\"@context\":\"https:\/\/schema.org\",\"@graph\":[{\"@type\":\"WebPage\",\"@id\":\"https:\/\/www.travel-slovenia.si\/slo\/8-februar\/\",\"url\":\"https:\/\/www.travel-slovenia.si\/slo\/8-februar\/\",\"name\":\"8. februar : Travel-Slovenia\",\"isPartOf\":{\"@id\":\"https:\/\/www.travel-slovenia.si\/slo\/#website\"},\"primaryImageOfPage\":{\"@id\":\"https:\/\/www.travel-slovenia.si\/slo\/8-februar\/#primaryimage\"},\"image\":{\"@id\":\"https:\/\/www.travel-slovenia.si\/slo\/8-februar\/#primaryimage\"},\"thumbnailUrl\":\"https:\/\/www.travel-slovenia.si\/slo\/wp-content\/uploads\/2015\/12\/travel-slovenia-france-preseren-view.jpg\",\"datePublished\":\"2016-02-05T07:25:49+00:00\",\"dateModified\":\"2016-02-23T19:21:30+00:00\",\"description\":\"Pretekli dogodki, ki so se zgodili na datum 8. februarja in so v dolo\u010deni meri zaznamovali Slovenijo.\",\"breadcrumb\":{\"@id\":\"https:\/\/www.travel-slovenia.si\/slo\/8-februar\/#breadcrumb\"},\"inLanguage\":\"sl-SI\",\"potentialAction\":[{\"@type\":\"ReadAction\",\"target\":[\"https:\/\/www.travel-slovenia.si\/slo\/8-februar\/\"]}]},{\"@type\":\"ImageObject\",\"inLanguage\":\"sl-SI\",\"@id\":\"https:\/\/www.travel-slovenia.si\/slo\/8-februar\/#primaryimage\",\"url\":\"https:\/\/www.travel-slovenia.si\/slo\/wp-content\/uploads\/2015\/12\/travel-slovenia-france-preseren-view.jpg\",\"contentUrl\":\"https:\/\/www.travel-slovenia.si\/slo\/wp-content\/uploads\/2015\/12\/travel-slovenia-france-preseren-view.jpg\",\"width\":150,\"height\":150},{\"@type\":\"BreadcrumbList\",\"@id\":\"https:\/\/www.travel-slovenia.si\/slo\/8-februar\/#breadcrumb\",\"itemListElement\":[{\"@type\":\"ListItem\",\"position\":1,\"name\":\"Home\",\"item\":\"https:\/\/www.travel-slovenia.si\/slo\/\"},{\"@type\":\"ListItem\",\"position\":2,\"name\":\"8. februar\"}]},{\"@type\":\"WebSite\",\"@id\":\"https:\/\/www.travel-slovenia.si\/slo\/#website\",\"url\":\"https:\/\/www.travel-slovenia.si\/slo\/\",\"name\":\"Travel Slovenia - Sledite lepotam na\u0161e male dr\u017eavice\",\"description\":\"\",\"potentialAction\":[{\"@type\":\"SearchAction\",\"target\":{\"@type\":\"EntryPoint\",\"urlTemplate\":\"https:\/\/www.travel-slovenia.si\/slo\/?s={search_term_string}\"},\"query-input\":{\"@type\":\"PropertyValueSpecification\",\"valueRequired\":true,\"valueName\":\"search_term_string\"}}],\"inLanguage\":\"sl-SI\"}]}<\/script>\n<!-- \/ Yoast SEO plugin. -->","yoast_head_json":{"title":"8. februar : Travel-Slovenia","description":"Pretekli dogodki, ki so se zgodili na datum 8. februarja in so v dolo\u010deni meri zaznamovali Slovenijo.","robots":{"index":"index","follow":"follow","max-snippet":"max-snippet:-1","max-image-preview":"max-image-preview:large","max-video-preview":"max-video-preview:-1"},"canonical":"https:\/\/www.travel-slovenia.si\/slo\/8-februar\/","og_locale":"sl_SI","og_type":"article","og_title":"8. februar : Travel-Slovenia","og_description":"Pretekli dogodki, ki so se zgodili na datum 8. februarja in so v dolo\u010deni meri zaznamovali Slovenijo.","og_url":"https:\/\/www.travel-slovenia.si\/slo\/8-februar\/","og_site_name":"Travel Slovenia - Sledite lepotam na\u0161e male dr\u017eavice","article_modified_time":"2016-02-23T19:21:30+00:00","og_image":[{"width":379,"height":368,"url":"https:\/\/www.travel-slovenia.si\/slo\/wp-content\/uploads\/2014\/05\/travel-slovenia-france-preseren.jpg","type":"image\/jpeg"}],"twitter_card":"summary_large_image","twitter_title":"8. februar : Travel-Slovenia","twitter_description":"Pretekli dogodki, ki so se zgodili na datum 8. februarja in so v dolo\u010deni meri zaznamovali Slovenijo.","twitter_image":"https:\/\/www.travel-slovenia.si\/slo\/wp-content\/uploads\/2014\/05\/travel-slovenia-france-preseren.jpg","schema":{"@context":"https:\/\/schema.org","@graph":[{"@type":"WebPage","@id":"https:\/\/www.travel-slovenia.si\/slo\/8-februar\/","url":"https:\/\/www.travel-slovenia.si\/slo\/8-februar\/","name":"8. februar : Travel-Slovenia","isPartOf":{"@id":"https:\/\/www.travel-slovenia.si\/slo\/#website"},"primaryImageOfPage":{"@id":"https:\/\/www.travel-slovenia.si\/slo\/8-februar\/#primaryimage"},"image":{"@id":"https:\/\/www.travel-slovenia.si\/slo\/8-februar\/#primaryimage"},"thumbnailUrl":"https:\/\/www.travel-slovenia.si\/slo\/wp-content\/uploads\/2015\/12\/travel-slovenia-france-preseren-view.jpg","datePublished":"2016-02-05T07:25:49+00:00","dateModified":"2016-02-23T19:21:30+00:00","description":"Pretekli dogodki, ki so se zgodili na datum 8. februarja in so v dolo\u010deni meri zaznamovali Slovenijo.","breadcrumb":{"@id":"https:\/\/www.travel-slovenia.si\/slo\/8-februar\/#breadcrumb"},"inLanguage":"sl-SI","potentialAction":[{"@type":"ReadAction","target":["https:\/\/www.travel-slovenia.si\/slo\/8-februar\/"]}]},{"@type":"ImageObject","inLanguage":"sl-SI","@id":"https:\/\/www.travel-slovenia.si\/slo\/8-februar\/#primaryimage","url":"https:\/\/www.travel-slovenia.si\/slo\/wp-content\/uploads\/2015\/12\/travel-slovenia-france-preseren-view.jpg","contentUrl":"https:\/\/www.travel-slovenia.si\/slo\/wp-content\/uploads\/2015\/12\/travel-slovenia-france-preseren-view.jpg","width":150,"height":150},{"@type":"BreadcrumbList","@id":"https:\/\/www.travel-slovenia.si\/slo\/8-februar\/#breadcrumb","itemListElement":[{"@type":"ListItem","position":1,"name":"Home","item":"https:\/\/www.travel-slovenia.si\/slo\/"},{"@type":"ListItem","position":2,"name":"8. februar"}]},{"@type":"WebSite","@id":"https:\/\/www.travel-slovenia.si\/slo\/#website","url":"https:\/\/www.travel-slovenia.si\/slo\/","name":"Travel Slovenia - Sledite lepotam na\u0161e male dr\u017eavice","description":"","potentialAction":[{"@type":"SearchAction","target":{"@type":"EntryPoint","urlTemplate":"https:\/\/www.travel-slovenia.si\/slo\/?s={search_term_string}"},"query-input":{"@type":"PropertyValueSpecification","valueRequired":true,"valueName":"search_term_string"}}],"inLanguage":"sl-SI"}]}},"post_mailing_queue_ids":[],"_links":{"self":[{"href":"https:\/\/www.travel-slovenia.si\/slo\/wp-json\/wp\/v2\/pages\/4872","targetHints":{"allow":["GET"]}}],"collection":[{"href":"https:\/\/www.travel-slovenia.si\/slo\/wp-json\/wp\/v2\/pages"}],"about":[{"href":"https:\/\/www.travel-slovenia.si\/slo\/wp-json\/wp\/v2\/types\/page"}],"author":[{"embeddable":true,"href":"https:\/\/www.travel-slovenia.si\/slo\/wp-json\/wp\/v2\/users\/111"}],"replies":[{"embeddable":true,"href":"https:\/\/www.travel-slovenia.si\/slo\/wp-json\/wp\/v2\/comments?post=4872"}],"version-history":[{"count":2,"href":"https:\/\/www.travel-slovenia.si\/slo\/wp-json\/wp\/v2\/pages\/4872\/revisions"}],"predecessor-version":[{"id":5252,"href":"https:\/\/www.travel-slovenia.si\/slo\/wp-json\/wp\/v2\/pages\/4872\/revisions\/5252"}],"wp:attachment":[{"href":"https:\/\/www.travel-slovenia.si\/slo\/wp-json\/wp\/v2\/media?parent=4872"}],"curies":[{"name":"wp","href":"https:\/\/api.w.org\/{rel}","templated":true}]}}