{"id":4842,"date":"2016-02-01T22:17:59","date_gmt":"2016-02-01T21:17:59","guid":{"rendered":"https:\/\/www.travel-slovenia.si\/slo\/?page_id=4842"},"modified":"2016-02-01T22:24:48","modified_gmt":"2016-02-01T21:24:48","slug":"bloudkova-velikanka","status":"publish","type":"page","link":"https:\/\/www.travel-slovenia.si\/slo\/bloudkova-velikanka\/","title":{"rendered":"Bloudkova velikanka"},"content":{"rendered":"<figure id=\"attachment_4847\" class=\"wp-caption alignleft\" style=\"max-width: 300px\"><img loading=\"lazy\" decoding=\"async\" class=\"size-medium wp-image-4847\" src=\"https:\/\/www.travel-slovenia.si\/slo\/wp-content\/uploads\/2016\/02\/travel-slovenia-bloudkova-velikanka-300x188.jpg\" alt=\"Bloudkova velikanka v preteklosti\" width=\"300\" height=\"188\" srcset=\"https:\/\/www.travel-slovenia.si\/slo\/wp-content\/uploads\/2016\/02\/travel-slovenia-bloudkova-velikanka-300x188.jpg 300w, https:\/\/www.travel-slovenia.si\/slo\/wp-content\/uploads\/2016\/02\/travel-slovenia-bloudkova-velikanka-24x15.jpg 24w, https:\/\/www.travel-slovenia.si\/slo\/wp-content\/uploads\/2016\/02\/travel-slovenia-bloudkova-velikanka-36x23.jpg 36w, https:\/\/www.travel-slovenia.si\/slo\/wp-content\/uploads\/2016\/02\/travel-slovenia-bloudkova-velikanka-48x30.jpg 48w, https:\/\/www.travel-slovenia.si\/slo\/wp-content\/uploads\/2016\/02\/travel-slovenia-bloudkova-velikanka.jpg 400w\" sizes=\"auto, (max-width: 300px) 100vw, 300px\" \/><figcaption class=\"wp-caption-text\">Bloudkova velikanka v preteklosti<\/figcaption><\/figure>\n<p style=\"text-align: justify;\">Bloudkova velika skakalnica (Bloudkova velikanka) v Planici je bila zgrajena na pobudo Josa Gorca. Otvorili so jo 4. februarja 1934. Prvotni konstruktor skakalnice je bil Ivan Ro\u017eman, ki pa se je kasneje umaknil, saj je menil, da je poimenovanje skakalnice zanj krivi\u010dno. Poimenovali so jo namre\u010d po Stanku Bloudku, ki jo je leto kasneje prevzel in njeno ime ponesel v svet. S svojo vizijo je dosegel \u010disto novo dimenzijo skakanja na smu\u010deh, lahko re\u010demo tudi letenja. Tako je dosegel, da je bila skakalnica v letih 1930 in 1940 ena najvi\u0161jih na svetu. S skokom preko 100 metrov v letu 1936 se je rodila nova disciplina smu\u010darskih skokov, imenovana smu\u010darski poleti. Na skakalnici so do sedaj dosegli 13 svetovnih rekordov. Os plani\u0161ke skakalnice je spomeni\u0161ko za\u0161\u010ditena, kar pomeni, da jo je nemogo\u010de spreminjati. Svojo novo podobo je dobila v letu 2012, poleg nje pa so zgradili \u0161e \u010disto novo srednjo skakalnico. Ta je slu\u017eila za potrebe kandidature za nordijsko svetovno prvenstvo.<\/p>\n","protected":false},"excerpt":{"rendered":"<p>Bloudkova velika skakalnica (Bloudkova velikanka) v Planici je bila zgrajena na pobudo Josa Gorca. Otvorili so jo 4. februarja 1934. Prvotni konstruktor skakalnice je bil Ivan Ro\u017eman, ki pa se je kasneje umaknil, saj je menil, da je poimenovanje skakalnice zanj krivi\u010dno. Poimenovali so jo namre\u010d po Stanku Bloudku, ki jo je leto kasneje prevzel [&hellip;]<\/p>\n","protected":false},"author":111,"featured_media":0,"parent":0,"menu_order":0,"comment_status":"closed","ping_status":"closed","template":"","meta":{"footnotes":""},"class_list":["post-4842","page","type-page","status-publish","hentry"],"yoast_head":"<!-- This site is optimized with the Yoast SEO plugin v25.4 - https:\/\/yoast.com\/wordpress\/plugins\/seo\/ -->\n<title>Bloudkova velikanka : Travel-Slovenia<\/title>\n<meta name=\"description\" content=\"Bloudkovo velikanko v Planici so otvorili 4. februarja 1934 in zgradili na pobudo Josa Gorca. Prvotni konstruktor je bil Ivan Ro\u017eman.\" \/>\n<meta name=\"robots\" content=\"index, follow, max-snippet:-1, max-image-preview:large, max-video-preview:-1\" \/>\n<link rel=\"canonical\" href=\"https:\/\/www.travel-slovenia.si\/slo\/bloudkova-velikanka\/\" \/>\n<meta property=\"og:locale\" content=\"sl_SI\" \/>\n<meta property=\"og:type\" content=\"article\" \/>\n<meta property=\"og:title\" content=\"Bloudkova velikanka : Travel-Slovenia\" \/>\n<meta property=\"og:description\" content=\"Bloudkovo velikanko v Planici so otvorili 4. februarja 1934 in zgradili na pobudo Josa Gorca. Prvotni konstruktor je bil Ivan Ro\u017eman.\" \/>\n<meta property=\"og:url\" content=\"https:\/\/www.travel-slovenia.si\/slo\/bloudkova-velikanka\/\" \/>\n<meta property=\"og:site_name\" content=\"Travel Slovenia - Sledite lepotam na\u0161e male dr\u017eavice\" \/>\n<meta property=\"article:modified_time\" content=\"2016-02-01T21:24:48+00:00\" \/>\n<meta property=\"og:image\" content=\"https:\/\/www.travel-slovenia.si\/slo\/wp-content\/uploads\/2016\/02\/travel-slovenia-bloudkova-velikanka.jpg\" \/>\n\t<meta property=\"og:image:width\" content=\"400\" \/>\n\t<meta property=\"og:image:height\" content=\"251\" \/>\n\t<meta property=\"og:image:type\" content=\"image\/jpeg\" \/>\n<meta name=\"twitter:card\" content=\"summary_large_image\" \/>\n<meta name=\"twitter:title\" content=\"Bloudkova velikanka : Travel-Slovenia\" \/>\n<meta name=\"twitter:description\" content=\"Bloudkovo velikanko v Planici so otvorili 4. februarja 1934 in zgradili na pobudo Josa Gorca. Prvotni konstruktor je bil Ivan Ro\u017eman.\" \/>\n<meta name=\"twitter:image\" content=\"https:\/\/www.travel-slovenia.si\/slo\/wp-content\/uploads\/2016\/02\/travel-slovenia-bloudkova-velikanka.jpg\" \/>\n<meta name=\"twitter:label1\" content=\"Est. reading time\" \/>\n\t<meta name=\"twitter:data1\" content=\"1 minuta\" \/>\n<script type=\"application\/ld+json\" class=\"yoast-schema-graph\">{\"@context\":\"https:\/\/schema.org\",\"@graph\":[{\"@type\":\"WebPage\",\"@id\":\"https:\/\/www.travel-slovenia.si\/slo\/bloudkova-velikanka\/\",\"url\":\"https:\/\/www.travel-slovenia.si\/slo\/bloudkova-velikanka\/\",\"name\":\"Bloudkova velikanka : Travel-Slovenia\",\"isPartOf\":{\"@id\":\"https:\/\/www.travel-slovenia.si\/slo\/#website\"},\"primaryImageOfPage\":{\"@id\":\"https:\/\/www.travel-slovenia.si\/slo\/bloudkova-velikanka\/#primaryimage\"},\"image\":{\"@id\":\"https:\/\/www.travel-slovenia.si\/slo\/bloudkova-velikanka\/#primaryimage\"},\"thumbnailUrl\":\"https:\/\/www.travel-slovenia.si\/slo\/wp-content\/uploads\/2016\/02\/travel-slovenia-bloudkova-velikanka-300x188.jpg\",\"datePublished\":\"2016-02-01T21:17:59+00:00\",\"dateModified\":\"2016-02-01T21:24:48+00:00\",\"description\":\"Bloudkovo velikanko v Planici so otvorili 4. februarja 1934 in zgradili na pobudo Josa Gorca. Prvotni konstruktor je bil Ivan Ro\u017eman.\",\"breadcrumb\":{\"@id\":\"https:\/\/www.travel-slovenia.si\/slo\/bloudkova-velikanka\/#breadcrumb\"},\"inLanguage\":\"sl-SI\",\"potentialAction\":[{\"@type\":\"ReadAction\",\"target\":[\"https:\/\/www.travel-slovenia.si\/slo\/bloudkova-velikanka\/\"]}]},{\"@type\":\"ImageObject\",\"inLanguage\":\"sl-SI\",\"@id\":\"https:\/\/www.travel-slovenia.si\/slo\/bloudkova-velikanka\/#primaryimage\",\"url\":\"https:\/\/www.travel-slovenia.si\/slo\/wp-content\/uploads\/2016\/02\/travel-slovenia-bloudkova-velikanka.jpg\",\"contentUrl\":\"https:\/\/www.travel-slovenia.si\/slo\/wp-content\/uploads\/2016\/02\/travel-slovenia-bloudkova-velikanka.jpg\",\"width\":400,\"height\":251,\"caption\":\"Bloudkova velikanka v preteklosti\"},{\"@type\":\"BreadcrumbList\",\"@id\":\"https:\/\/www.travel-slovenia.si\/slo\/bloudkova-velikanka\/#breadcrumb\",\"itemListElement\":[{\"@type\":\"ListItem\",\"position\":1,\"name\":\"Home\",\"item\":\"https:\/\/www.travel-slovenia.si\/slo\/\"},{\"@type\":\"ListItem\",\"position\":2,\"name\":\"Bloudkova velikanka\"}]},{\"@type\":\"WebSite\",\"@id\":\"https:\/\/www.travel-slovenia.si\/slo\/#website\",\"url\":\"https:\/\/www.travel-slovenia.si\/slo\/\",\"name\":\"Travel Slovenia - Sledite lepotam na\u0161e male dr\u017eavice\",\"description\":\"\",\"potentialAction\":[{\"@type\":\"SearchAction\",\"target\":{\"@type\":\"EntryPoint\",\"urlTemplate\":\"https:\/\/www.travel-slovenia.si\/slo\/?s={search_term_string}\"},\"query-input\":{\"@type\":\"PropertyValueSpecification\",\"valueRequired\":true,\"valueName\":\"search_term_string\"}}],\"inLanguage\":\"sl-SI\"}]}<\/script>\n<!-- \/ Yoast SEO plugin. -->","yoast_head_json":{"title":"Bloudkova velikanka : Travel-Slovenia","description":"Bloudkovo velikanko v Planici so otvorili 4. februarja 1934 in zgradili na pobudo Josa Gorca. Prvotni konstruktor je bil Ivan Ro\u017eman.","robots":{"index":"index","follow":"follow","max-snippet":"max-snippet:-1","max-image-preview":"max-image-preview:large","max-video-preview":"max-video-preview:-1"},"canonical":"https:\/\/www.travel-slovenia.si\/slo\/bloudkova-velikanka\/","og_locale":"sl_SI","og_type":"article","og_title":"Bloudkova velikanka : Travel-Slovenia","og_description":"Bloudkovo velikanko v Planici so otvorili 4. februarja 1934 in zgradili na pobudo Josa Gorca. Prvotni konstruktor je bil Ivan Ro\u017eman.","og_url":"https:\/\/www.travel-slovenia.si\/slo\/bloudkova-velikanka\/","og_site_name":"Travel Slovenia - Sledite lepotam na\u0161e male dr\u017eavice","article_modified_time":"2016-02-01T21:24:48+00:00","og_image":[{"width":400,"height":251,"url":"https:\/\/www.travel-slovenia.si\/slo\/wp-content\/uploads\/2016\/02\/travel-slovenia-bloudkova-velikanka.jpg","type":"image\/jpeg"}],"twitter_card":"summary_large_image","twitter_title":"Bloudkova velikanka : Travel-Slovenia","twitter_description":"Bloudkovo velikanko v Planici so otvorili 4. februarja 1934 in zgradili na pobudo Josa Gorca. Prvotni konstruktor je bil Ivan Ro\u017eman.","twitter_image":"https:\/\/www.travel-slovenia.si\/slo\/wp-content\/uploads\/2016\/02\/travel-slovenia-bloudkova-velikanka.jpg","twitter_misc":{"Est. reading time":"1 minuta"},"schema":{"@context":"https:\/\/schema.org","@graph":[{"@type":"WebPage","@id":"https:\/\/www.travel-slovenia.si\/slo\/bloudkova-velikanka\/","url":"https:\/\/www.travel-slovenia.si\/slo\/bloudkova-velikanka\/","name":"Bloudkova velikanka : Travel-Slovenia","isPartOf":{"@id":"https:\/\/www.travel-slovenia.si\/slo\/#website"},"primaryImageOfPage":{"@id":"https:\/\/www.travel-slovenia.si\/slo\/bloudkova-velikanka\/#primaryimage"},"image":{"@id":"https:\/\/www.travel-slovenia.si\/slo\/bloudkova-velikanka\/#primaryimage"},"thumbnailUrl":"https:\/\/www.travel-slovenia.si\/slo\/wp-content\/uploads\/2016\/02\/travel-slovenia-bloudkova-velikanka-300x188.jpg","datePublished":"2016-02-01T21:17:59+00:00","dateModified":"2016-02-01T21:24:48+00:00","description":"Bloudkovo velikanko v Planici so otvorili 4. februarja 1934 in zgradili na pobudo Josa Gorca. Prvotni konstruktor je bil Ivan Ro\u017eman.","breadcrumb":{"@id":"https:\/\/www.travel-slovenia.si\/slo\/bloudkova-velikanka\/#breadcrumb"},"inLanguage":"sl-SI","potentialAction":[{"@type":"ReadAction","target":["https:\/\/www.travel-slovenia.si\/slo\/bloudkova-velikanka\/"]}]},{"@type":"ImageObject","inLanguage":"sl-SI","@id":"https:\/\/www.travel-slovenia.si\/slo\/bloudkova-velikanka\/#primaryimage","url":"https:\/\/www.travel-slovenia.si\/slo\/wp-content\/uploads\/2016\/02\/travel-slovenia-bloudkova-velikanka.jpg","contentUrl":"https:\/\/www.travel-slovenia.si\/slo\/wp-content\/uploads\/2016\/02\/travel-slovenia-bloudkova-velikanka.jpg","width":400,"height":251,"caption":"Bloudkova velikanka v preteklosti"},{"@type":"BreadcrumbList","@id":"https:\/\/www.travel-slovenia.si\/slo\/bloudkova-velikanka\/#breadcrumb","itemListElement":[{"@type":"ListItem","position":1,"name":"Home","item":"https:\/\/www.travel-slovenia.si\/slo\/"},{"@type":"ListItem","position":2,"name":"Bloudkova velikanka"}]},{"@type":"WebSite","@id":"https:\/\/www.travel-slovenia.si\/slo\/#website","url":"https:\/\/www.travel-slovenia.si\/slo\/","name":"Travel Slovenia - Sledite lepotam na\u0161e male dr\u017eavice","description":"","potentialAction":[{"@type":"SearchAction","target":{"@type":"EntryPoint","urlTemplate":"https:\/\/www.travel-slovenia.si\/slo\/?s={search_term_string}"},"query-input":{"@type":"PropertyValueSpecification","valueRequired":true,"valueName":"search_term_string"}}],"inLanguage":"sl-SI"}]}},"post_mailing_queue_ids":[],"_links":{"self":[{"href":"https:\/\/www.travel-slovenia.si\/slo\/wp-json\/wp\/v2\/pages\/4842","targetHints":{"allow":["GET"]}}],"collection":[{"href":"https:\/\/www.travel-slovenia.si\/slo\/wp-json\/wp\/v2\/pages"}],"about":[{"href":"https:\/\/www.travel-slovenia.si\/slo\/wp-json\/wp\/v2\/types\/page"}],"author":[{"embeddable":true,"href":"https:\/\/www.travel-slovenia.si\/slo\/wp-json\/wp\/v2\/users\/111"}],"replies":[{"embeddable":true,"href":"https:\/\/www.travel-slovenia.si\/slo\/wp-json\/wp\/v2\/comments?post=4842"}],"version-history":[{"count":3,"href":"https:\/\/www.travel-slovenia.si\/slo\/wp-json\/wp\/v2\/pages\/4842\/revisions"}],"predecessor-version":[{"id":4850,"href":"https:\/\/www.travel-slovenia.si\/slo\/wp-json\/wp\/v2\/pages\/4842\/revisions\/4850"}],"wp:attachment":[{"href":"https:\/\/www.travel-slovenia.si\/slo\/wp-json\/wp\/v2\/media?parent=4842"}],"curies":[{"name":"wp","href":"https:\/\/api.w.org\/{rel}","templated":true}]}}