{"id":4812,"date":"2016-01-31T11:16:08","date_gmt":"2016-01-31T10:16:08","guid":{"rendered":"https:\/\/www.travel-slovenia.si\/slo\/?page_id=4812"},"modified":"2016-01-31T12:23:23","modified_gmt":"2016-01-31T11:23:23","slug":"mateja-svet","status":"publish","type":"page","link":"https:\/\/www.travel-slovenia.si\/slo\/mateja-svet\/","title":{"rendered":"Mateja Svet"},"content":{"rendered":"<figure id=\"attachment_4815\" class=\"wp-caption alignleft\" style=\"max-width: 290px\"><img loading=\"lazy\" decoding=\"async\" class=\"wp-image-4815\" src=\"https:\/\/www.travel-slovenia.si\/slo\/wp-content\/uploads\/2016\/01\/travel-slovenia-mateja-svet.jpg\" alt=\"Mateja Svet\" width=\"290\" height=\"426\" srcset=\"https:\/\/www.travel-slovenia.si\/slo\/wp-content\/uploads\/2016\/01\/travel-slovenia-mateja-svet.jpg 396w, https:\/\/www.travel-slovenia.si\/slo\/wp-content\/uploads\/2016\/01\/travel-slovenia-mateja-svet-204x300.jpg 204w, https:\/\/www.travel-slovenia.si\/slo\/wp-content\/uploads\/2016\/01\/travel-slovenia-mateja-svet-16x24.jpg 16w, https:\/\/www.travel-slovenia.si\/slo\/wp-content\/uploads\/2016\/01\/travel-slovenia-mateja-svet-24x36.jpg 24w, https:\/\/www.travel-slovenia.si\/slo\/wp-content\/uploads\/2016\/01\/travel-slovenia-mateja-svet-33x48.jpg 33w\" sizes=\"auto, (max-width: 290px) 100vw, 290px\" \/><figcaption class=\"wp-caption-text\">Mateja Svet<\/figcaption><\/figure>\n<p style=\"text-align: justify;\">Mateja Svet je bila slovenska alpska smu\u010darka, rojena 16. avgusta 1968 v Ljubljani. Leta 1984 je postala mladinska svetovna prvakinja v veleslalomu, kar je bil njen prvi odmevnej\u0161i uspeh. \u0160e istega leta je nastopila na olimpijskih igrah v Sarajevu. Naslednjo sezono, 1984\/85, je v slova\u0161kih Visokih Tatrah dosegla svojo prvo slovensko \u017eensko zmago v svetovnem pokalu v veleslalomu. Svojo formo je le \u0161e dvigovala in tako je leta 1987 v \u0161vicarski Crans Montani na svetovnem prvenstvu osvojila tri medalje. V veleslalomu se je povzpela na drugo mesto, v superveleslalomu in slalomu pa na tretje mesto. Naslednje leto je nastopila na olimpijskih igrah v kanadskem Calgaryu, kjer pa je za las zgre\u0161ila medaljo v veleslalomu. Je pa v slalomu uspela osvojiti srebrno medaljo. Mali kristalni globus je osvojila v veleslalomski razvrstitvi v sezoni 1987\/88. Leto kasneje, 1989, je na svetovnem prvenstvu v Vailu postala svetovna prvakinja v slalomu, v veleslalomu pa je osvojila tretje mesto. Svojo kariero je zaklju\u010dila pri 22 letih, po koncu sezone 1989\/90. Do te odlo\u010ditve je pri\u0161lo zaradi nesoglasij s Smu\u010darsko zvezo Slovenije. V svoji kratki a uspe\u0161ni karieri je osvojila 7 zmag in 22 uvrstitev na zmagovalni oder.<\/p>\n<p>&nbsp;<\/p>\n<table>\n<tbody>\n<tr>\n<td style=\"text-align: center;\"><a href=\"https:\/\/www.travel-slovenia.si\/slo\/zgodovinske-osebnosti\/\"><img loading=\"lazy\" decoding=\"async\" class=\"alignleft wp-image-4499 size-full\" src=\"https:\/\/www.travel-slovenia.si\/slo\/wp-content\/uploads\/2014\/09\/travel-slovenia-povezava-na-drugo.jpg\" alt=\"travel-slovenia-povezava-na-drugo\" width=\"128\" height=\"22\" srcset=\"https:\/\/www.travel-slovenia.si\/slo\/wp-content\/uploads\/2014\/09\/travel-slovenia-povezava-na-drugo.jpg 128w, https:\/\/www.travel-slovenia.si\/slo\/wp-content\/uploads\/2014\/09\/travel-slovenia-povezava-na-drugo-24x4.jpg 24w, https:\/\/www.travel-slovenia.si\/slo\/wp-content\/uploads\/2014\/09\/travel-slovenia-povezava-na-drugo-36x6.jpg 36w, https:\/\/www.travel-slovenia.si\/slo\/wp-content\/uploads\/2014\/09\/travel-slovenia-povezava-na-drugo-48x8.jpg 48w\" sizes=\"auto, (max-width: 128px) 100vw, 128px\" \/><\/a><a href=\"https:\/\/www.travel-slovenia.si\/slo\/zgodovinske-osebnosti\/\">Poglejte \u0161e druge zgodovinske osebnosti!<\/a><a href=\"https:\/\/www.travel-slovenia.si\/slo\/zgodovinske-osebnosti\/\"><img loading=\"lazy\" decoding=\"async\" class=\"alignright wp-image-4500 size-full\" src=\"https:\/\/www.travel-slovenia.si\/slo\/wp-content\/uploads\/2014\/09\/travel-slovenia-povezava-na-drugo2.jpg\" alt=\"travel-slovenia-povezava-na-drugo2\" width=\"128\" height=\"22\" srcset=\"https:\/\/www.travel-slovenia.si\/slo\/wp-content\/uploads\/2014\/09\/travel-slovenia-povezava-na-drugo2.jpg 128w, https:\/\/www.travel-slovenia.si\/slo\/wp-content\/uploads\/2014\/09\/travel-slovenia-povezava-na-drugo2-24x4.jpg 24w, https:\/\/www.travel-slovenia.si\/slo\/wp-content\/uploads\/2014\/09\/travel-slovenia-povezava-na-drugo2-36x6.jpg 36w, https:\/\/www.travel-slovenia.si\/slo\/wp-content\/uploads\/2014\/09\/travel-slovenia-povezava-na-drugo2-48x8.jpg 48w\" sizes=\"auto, (max-width: 128px) 100vw, 128px\" \/><\/a><\/td>\n<\/tr>\n<\/tbody>\n<\/table>\n<p>&nbsp;<\/p>\n","protected":false},"excerpt":{"rendered":"<p>Mateja Svet je bila slovenska alpska smu\u010darka, rojena 16. avgusta 1968 v Ljubljani. Leta 1984 je postala mladinska svetovna prvakinja v veleslalomu, kar je bil njen prvi odmevnej\u0161i uspeh. \u0160e istega leta je nastopila na olimpijskih igrah v Sarajevu. Naslednjo sezono, 1984\/85, je v slova\u0161kih Visokih Tatrah dosegla svojo prvo slovensko \u017eensko zmago v svetovnem [&hellip;]<\/p>\n","protected":false},"author":111,"featured_media":0,"parent":0,"menu_order":0,"comment_status":"closed","ping_status":"closed","template":"","meta":{"footnotes":""},"class_list":["post-4812","page","type-page","status-publish","hentry"],"yoast_head":"<!-- This site is optimized with the Yoast SEO plugin v25.4 - https:\/\/yoast.com\/wordpress\/plugins\/seo\/ -->\n<title>Mateja Svet : Travel-Slovenia<\/title>\n<meta name=\"description\" content=\"Mateja Svet je bila slovenska alpska smu\u010darka, rojena 16. avgusta 1968 v Ljubljani. Leta 1984 je postala mladinska svetovna prvakinja v veleslalomu.\" \/>\n<meta name=\"robots\" content=\"index, follow, max-snippet:-1, max-image-preview:large, max-video-preview:-1\" \/>\n<link rel=\"canonical\" href=\"https:\/\/www.travel-slovenia.si\/slo\/mateja-svet\/\" \/>\n<meta property=\"og:locale\" content=\"sl_SI\" \/>\n<meta property=\"og:type\" content=\"article\" \/>\n<meta property=\"og:title\" content=\"Mateja Svet : Travel-Slovenia\" \/>\n<meta property=\"og:description\" content=\"Mateja Svet je bila slovenska alpska smu\u010darka, rojena 16. avgusta 1968 v Ljubljani. Leta 1984 je postala mladinska svetovna prvakinja v veleslalomu.\" \/>\n<meta property=\"og:url\" content=\"https:\/\/www.travel-slovenia.si\/slo\/mateja-svet\/\" \/>\n<meta property=\"og:site_name\" content=\"Travel Slovenia - Sledite lepotam na\u0161e male dr\u017eavice\" \/>\n<meta property=\"article:modified_time\" content=\"2016-01-31T11:23:23+00:00\" \/>\n<meta property=\"og:image\" content=\"https:\/\/www.travel-slovenia.si\/slo\/wp-content\/uploads\/2016\/01\/travel-slovenia-mateja-svet.jpg\" \/>\n\t<meta property=\"og:image:width\" content=\"396\" \/>\n\t<meta property=\"og:image:height\" content=\"582\" \/>\n\t<meta property=\"og:image:type\" content=\"image\/jpeg\" \/>\n<meta name=\"twitter:card\" content=\"summary_large_image\" \/>\n<meta name=\"twitter:title\" content=\"Mateja Svet : Travel-Slovenia\" \/>\n<meta name=\"twitter:description\" content=\"Mateja Svet je bila slovenska alpska smu\u010darka, rojena 16. avgusta 1968 v Ljubljani. Leta 1984 je postala mladinska svetovna prvakinja v veleslalomu.\" \/>\n<meta name=\"twitter:image\" content=\"https:\/\/www.travel-slovenia.si\/slo\/wp-content\/uploads\/2016\/01\/travel-slovenia-mateja-svet.jpg\" \/>\n<meta name=\"twitter:label1\" content=\"Est. reading time\" \/>\n\t<meta name=\"twitter:data1\" content=\"1 minuta\" \/>\n<script type=\"application\/ld+json\" class=\"yoast-schema-graph\">{\"@context\":\"https:\/\/schema.org\",\"@graph\":[{\"@type\":\"WebPage\",\"@id\":\"https:\/\/www.travel-slovenia.si\/slo\/mateja-svet\/\",\"url\":\"https:\/\/www.travel-slovenia.si\/slo\/mateja-svet\/\",\"name\":\"Mateja Svet : Travel-Slovenia\",\"isPartOf\":{\"@id\":\"https:\/\/www.travel-slovenia.si\/slo\/#website\"},\"primaryImageOfPage\":{\"@id\":\"https:\/\/www.travel-slovenia.si\/slo\/mateja-svet\/#primaryimage\"},\"image\":{\"@id\":\"https:\/\/www.travel-slovenia.si\/slo\/mateja-svet\/#primaryimage\"},\"thumbnailUrl\":\"https:\/\/www.travel-slovenia.si\/slo\/wp-content\/uploads\/2016\/01\/travel-slovenia-mateja-svet.jpg\",\"datePublished\":\"2016-01-31T10:16:08+00:00\",\"dateModified\":\"2016-01-31T11:23:23+00:00\",\"description\":\"Mateja Svet je bila slovenska alpska smu\u010darka, rojena 16. avgusta 1968 v Ljubljani. Leta 1984 je postala mladinska svetovna prvakinja v veleslalomu.\",\"breadcrumb\":{\"@id\":\"https:\/\/www.travel-slovenia.si\/slo\/mateja-svet\/#breadcrumb\"},\"inLanguage\":\"sl-SI\",\"potentialAction\":[{\"@type\":\"ReadAction\",\"target\":[\"https:\/\/www.travel-slovenia.si\/slo\/mateja-svet\/\"]}]},{\"@type\":\"ImageObject\",\"inLanguage\":\"sl-SI\",\"@id\":\"https:\/\/www.travel-slovenia.si\/slo\/mateja-svet\/#primaryimage\",\"url\":\"https:\/\/www.travel-slovenia.si\/slo\/wp-content\/uploads\/2016\/01\/travel-slovenia-mateja-svet.jpg\",\"contentUrl\":\"https:\/\/www.travel-slovenia.si\/slo\/wp-content\/uploads\/2016\/01\/travel-slovenia-mateja-svet.jpg\",\"width\":396,\"height\":582,\"caption\":\"Mateja Svet\"},{\"@type\":\"BreadcrumbList\",\"@id\":\"https:\/\/www.travel-slovenia.si\/slo\/mateja-svet\/#breadcrumb\",\"itemListElement\":[{\"@type\":\"ListItem\",\"position\":1,\"name\":\"Home\",\"item\":\"https:\/\/www.travel-slovenia.si\/slo\/\"},{\"@type\":\"ListItem\",\"position\":2,\"name\":\"Mateja Svet\"}]},{\"@type\":\"WebSite\",\"@id\":\"https:\/\/www.travel-slovenia.si\/slo\/#website\",\"url\":\"https:\/\/www.travel-slovenia.si\/slo\/\",\"name\":\"Travel Slovenia - Sledite lepotam na\u0161e male dr\u017eavice\",\"description\":\"\",\"potentialAction\":[{\"@type\":\"SearchAction\",\"target\":{\"@type\":\"EntryPoint\",\"urlTemplate\":\"https:\/\/www.travel-slovenia.si\/slo\/?s={search_term_string}\"},\"query-input\":{\"@type\":\"PropertyValueSpecification\",\"valueRequired\":true,\"valueName\":\"search_term_string\"}}],\"inLanguage\":\"sl-SI\"}]}<\/script>\n<!-- \/ Yoast SEO plugin. -->","yoast_head_json":{"title":"Mateja Svet : Travel-Slovenia","description":"Mateja Svet je bila slovenska alpska smu\u010darka, rojena 16. avgusta 1968 v Ljubljani. Leta 1984 je postala mladinska svetovna prvakinja v veleslalomu.","robots":{"index":"index","follow":"follow","max-snippet":"max-snippet:-1","max-image-preview":"max-image-preview:large","max-video-preview":"max-video-preview:-1"},"canonical":"https:\/\/www.travel-slovenia.si\/slo\/mateja-svet\/","og_locale":"sl_SI","og_type":"article","og_title":"Mateja Svet : Travel-Slovenia","og_description":"Mateja Svet je bila slovenska alpska smu\u010darka, rojena 16. avgusta 1968 v Ljubljani. Leta 1984 je postala mladinska svetovna prvakinja v veleslalomu.","og_url":"https:\/\/www.travel-slovenia.si\/slo\/mateja-svet\/","og_site_name":"Travel Slovenia - Sledite lepotam na\u0161e male dr\u017eavice","article_modified_time":"2016-01-31T11:23:23+00:00","og_image":[{"width":396,"height":582,"url":"https:\/\/www.travel-slovenia.si\/slo\/wp-content\/uploads\/2016\/01\/travel-slovenia-mateja-svet.jpg","type":"image\/jpeg"}],"twitter_card":"summary_large_image","twitter_title":"Mateja Svet : Travel-Slovenia","twitter_description":"Mateja Svet je bila slovenska alpska smu\u010darka, rojena 16. avgusta 1968 v Ljubljani. Leta 1984 je postala mladinska svetovna prvakinja v veleslalomu.","twitter_image":"https:\/\/www.travel-slovenia.si\/slo\/wp-content\/uploads\/2016\/01\/travel-slovenia-mateja-svet.jpg","twitter_misc":{"Est. reading time":"1 minuta"},"schema":{"@context":"https:\/\/schema.org","@graph":[{"@type":"WebPage","@id":"https:\/\/www.travel-slovenia.si\/slo\/mateja-svet\/","url":"https:\/\/www.travel-slovenia.si\/slo\/mateja-svet\/","name":"Mateja Svet : Travel-Slovenia","isPartOf":{"@id":"https:\/\/www.travel-slovenia.si\/slo\/#website"},"primaryImageOfPage":{"@id":"https:\/\/www.travel-slovenia.si\/slo\/mateja-svet\/#primaryimage"},"image":{"@id":"https:\/\/www.travel-slovenia.si\/slo\/mateja-svet\/#primaryimage"},"thumbnailUrl":"https:\/\/www.travel-slovenia.si\/slo\/wp-content\/uploads\/2016\/01\/travel-slovenia-mateja-svet.jpg","datePublished":"2016-01-31T10:16:08+00:00","dateModified":"2016-01-31T11:23:23+00:00","description":"Mateja Svet je bila slovenska alpska smu\u010darka, rojena 16. avgusta 1968 v Ljubljani. Leta 1984 je postala mladinska svetovna prvakinja v veleslalomu.","breadcrumb":{"@id":"https:\/\/www.travel-slovenia.si\/slo\/mateja-svet\/#breadcrumb"},"inLanguage":"sl-SI","potentialAction":[{"@type":"ReadAction","target":["https:\/\/www.travel-slovenia.si\/slo\/mateja-svet\/"]}]},{"@type":"ImageObject","inLanguage":"sl-SI","@id":"https:\/\/www.travel-slovenia.si\/slo\/mateja-svet\/#primaryimage","url":"https:\/\/www.travel-slovenia.si\/slo\/wp-content\/uploads\/2016\/01\/travel-slovenia-mateja-svet.jpg","contentUrl":"https:\/\/www.travel-slovenia.si\/slo\/wp-content\/uploads\/2016\/01\/travel-slovenia-mateja-svet.jpg","width":396,"height":582,"caption":"Mateja Svet"},{"@type":"BreadcrumbList","@id":"https:\/\/www.travel-slovenia.si\/slo\/mateja-svet\/#breadcrumb","itemListElement":[{"@type":"ListItem","position":1,"name":"Home","item":"https:\/\/www.travel-slovenia.si\/slo\/"},{"@type":"ListItem","position":2,"name":"Mateja Svet"}]},{"@type":"WebSite","@id":"https:\/\/www.travel-slovenia.si\/slo\/#website","url":"https:\/\/www.travel-slovenia.si\/slo\/","name":"Travel Slovenia - Sledite lepotam na\u0161e male dr\u017eavice","description":"","potentialAction":[{"@type":"SearchAction","target":{"@type":"EntryPoint","urlTemplate":"https:\/\/www.travel-slovenia.si\/slo\/?s={search_term_string}"},"query-input":{"@type":"PropertyValueSpecification","valueRequired":true,"valueName":"search_term_string"}}],"inLanguage":"sl-SI"}]}},"post_mailing_queue_ids":[],"_links":{"self":[{"href":"https:\/\/www.travel-slovenia.si\/slo\/wp-json\/wp\/v2\/pages\/4812","targetHints":{"allow":["GET"]}}],"collection":[{"href":"https:\/\/www.travel-slovenia.si\/slo\/wp-json\/wp\/v2\/pages"}],"about":[{"href":"https:\/\/www.travel-slovenia.si\/slo\/wp-json\/wp\/v2\/types\/page"}],"author":[{"embeddable":true,"href":"https:\/\/www.travel-slovenia.si\/slo\/wp-json\/wp\/v2\/users\/111"}],"replies":[{"embeddable":true,"href":"https:\/\/www.travel-slovenia.si\/slo\/wp-json\/wp\/v2\/comments?post=4812"}],"version-history":[{"count":2,"href":"https:\/\/www.travel-slovenia.si\/slo\/wp-json\/wp\/v2\/pages\/4812\/revisions"}],"predecessor-version":[{"id":4827,"href":"https:\/\/www.travel-slovenia.si\/slo\/wp-json\/wp\/v2\/pages\/4812\/revisions\/4827"}],"wp:attachment":[{"href":"https:\/\/www.travel-slovenia.si\/slo\/wp-json\/wp\/v2\/media?parent=4812"}],"curies":[{"name":"wp","href":"https:\/\/api.w.org\/{rel}","templated":true}]}}