{"id":4740,"date":"2016-01-17T11:13:40","date_gmt":"2016-01-17T10:13:40","guid":{"rendered":"https:\/\/www.travel-slovenia.si\/slo\/?page_id=4740"},"modified":"2016-01-17T11:15:15","modified_gmt":"2016-01-17T10:15:15","slug":"14-oktober","status":"publish","type":"page","link":"https:\/\/www.travel-slovenia.si\/slo\/14-oktober\/","title":{"rendered":"14. oktober"},"content":{"rendered":"<p>14. oktober<\/p>\n<p style=\"text-align: justify;\"><strong><em><img loading=\"lazy\" decoding=\"async\" class=\"alignleft size-full wp-image-4741\" src=\"https:\/\/www.travel-slovenia.si\/slo\/wp-content\/uploads\/2016\/01\/travel-slovenia-casnik-slovenec-view.jpg\" alt=\"travel-slovenia-casnik-slovenec-view\" width=\"150\" height=\"150\" srcset=\"https:\/\/www.travel-slovenia.si\/slo\/wp-content\/uploads\/2016\/01\/travel-slovenia-casnik-slovenec-view.jpg 150w, https:\/\/www.travel-slovenia.si\/slo\/wp-content\/uploads\/2016\/01\/travel-slovenia-casnik-slovenec-view-83x83.jpg 83w, https:\/\/www.travel-slovenia.si\/slo\/wp-content\/uploads\/2016\/01\/travel-slovenia-casnik-slovenec-view-55x55.jpg 55w, https:\/\/www.travel-slovenia.si\/slo\/wp-content\/uploads\/2016\/01\/travel-slovenia-casnik-slovenec-view-24x24.jpg 24w, https:\/\/www.travel-slovenia.si\/slo\/wp-content\/uploads\/2016\/01\/travel-slovenia-casnik-slovenec-view-36x36.jpg 36w, https:\/\/www.travel-slovenia.si\/slo\/wp-content\/uploads\/2016\/01\/travel-slovenia-casnik-slovenec-view-48x48.jpg 48w\" sizes=\"auto, (max-width: 150px) 100vw, 150px\" \/>\u010casnik Slovenec<\/em><\/strong><br \/>\n\u010casnik Slovenec je izhajal med leti 1873 in 1945, bil je vodilni \u010dasnik politi\u010dnega katolicizma na Slovenskem. Svojo premierno izdajo je do\u017eivel 14. oktobra 1873, kot odgovor na mladoslovenski Slovenski narod. Od samega za\u010detka je bil \u010dasnik Slovenec nastrojen zoper doma\u010do politiko.\u00a0[<a href=\"https:\/\/www.travel-slovenia.si\/slo\/casnik-slovenec\/\">_Preberite ve\u010d_<\/a>]\n","protected":false},"excerpt":{"rendered":"<p>14. oktober \u010casnik Slovenec \u010casnik Slovenec je izhajal med leti 1873 in 1945, bil je vodilni \u010dasnik politi\u010dnega katolicizma na Slovenskem. Svojo premierno izdajo je do\u017eivel 14. oktobra 1873, kot odgovor na mladoslovenski Slovenski narod. Od samega za\u010detka je bil \u010dasnik Slovenec nastrojen zoper doma\u010do politiko.\u00a0[_Preberite ve\u010d_]<\/p>\n","protected":false},"author":111,"featured_media":0,"parent":0,"menu_order":0,"comment_status":"closed","ping_status":"closed","template":"","meta":{"footnotes":""},"class_list":["post-4740","page","type-page","status-publish","hentry"],"yoast_head":"<!-- This site is optimized with the Yoast SEO plugin v25.4 - https:\/\/yoast.com\/wordpress\/plugins\/seo\/ -->\n<title>14. oktober - Travel Slovenia - Sledite lepotam na\u0161e male dr\u017eavice<\/title>\n<meta name=\"robots\" content=\"index, follow, max-snippet:-1, max-image-preview:large, max-video-preview:-1\" \/>\n<link rel=\"canonical\" href=\"https:\/\/www.travel-slovenia.si\/slo\/14-oktober\/\" \/>\n<meta property=\"og:locale\" content=\"sl_SI\" \/>\n<meta property=\"og:type\" content=\"article\" \/>\n<meta property=\"og:title\" content=\"14. oktober - Travel Slovenia - Sledite lepotam na\u0161e male dr\u017eavice\" \/>\n<meta property=\"og:description\" content=\"14. oktober \u010casnik Slovenec \u010casnik Slovenec je izhajal med leti 1873 in 1945, bil je vodilni \u010dasnik politi\u010dnega katolicizma na Slovenskem. Svojo premierno izdajo je do\u017eivel 14. oktobra 1873, kot odgovor na mladoslovenski Slovenski narod. Od samega za\u010detka je bil \u010dasnik Slovenec nastrojen zoper doma\u010do politiko.\u00a0[_Preberite ve\u010d_]\" \/>\n<meta property=\"og:url\" content=\"https:\/\/www.travel-slovenia.si\/slo\/14-oktober\/\" \/>\n<meta property=\"og:site_name\" content=\"Travel Slovenia - Sledite lepotam na\u0161e male dr\u017eavice\" \/>\n<meta property=\"article:modified_time\" content=\"2016-01-17T10:15:15+00:00\" \/>\n<meta property=\"og:image\" content=\"https:\/\/www.travel-slovenia.si\/slo\/wp-content\/uploads\/2016\/01\/travel-slovenia-casnik-slovenec-view.jpg\" \/>\n<meta name=\"twitter:card\" content=\"summary_large_image\" \/>\n<script type=\"application\/ld+json\" class=\"yoast-schema-graph\">{\"@context\":\"https:\/\/schema.org\",\"@graph\":[{\"@type\":\"WebPage\",\"@id\":\"https:\/\/www.travel-slovenia.si\/slo\/14-oktober\/\",\"url\":\"https:\/\/www.travel-slovenia.si\/slo\/14-oktober\/\",\"name\":\"14. oktober - Travel Slovenia - Sledite lepotam na\u0161e male dr\u017eavice\",\"isPartOf\":{\"@id\":\"https:\/\/www.travel-slovenia.si\/slo\/#website\"},\"primaryImageOfPage\":{\"@id\":\"https:\/\/www.travel-slovenia.si\/slo\/14-oktober\/#primaryimage\"},\"image\":{\"@id\":\"https:\/\/www.travel-slovenia.si\/slo\/14-oktober\/#primaryimage\"},\"thumbnailUrl\":\"https:\/\/www.travel-slovenia.si\/slo\/wp-content\/uploads\/2016\/01\/travel-slovenia-casnik-slovenec-view.jpg\",\"datePublished\":\"2016-01-17T10:13:40+00:00\",\"dateModified\":\"2016-01-17T10:15:15+00:00\",\"breadcrumb\":{\"@id\":\"https:\/\/www.travel-slovenia.si\/slo\/14-oktober\/#breadcrumb\"},\"inLanguage\":\"sl-SI\",\"potentialAction\":[{\"@type\":\"ReadAction\",\"target\":[\"https:\/\/www.travel-slovenia.si\/slo\/14-oktober\/\"]}]},{\"@type\":\"ImageObject\",\"inLanguage\":\"sl-SI\",\"@id\":\"https:\/\/www.travel-slovenia.si\/slo\/14-oktober\/#primaryimage\",\"url\":\"https:\/\/www.travel-slovenia.si\/slo\/wp-content\/uploads\/2016\/01\/travel-slovenia-casnik-slovenec-view.jpg\",\"contentUrl\":\"https:\/\/www.travel-slovenia.si\/slo\/wp-content\/uploads\/2016\/01\/travel-slovenia-casnik-slovenec-view.jpg\",\"width\":150,\"height\":150},{\"@type\":\"BreadcrumbList\",\"@id\":\"https:\/\/www.travel-slovenia.si\/slo\/14-oktober\/#breadcrumb\",\"itemListElement\":[{\"@type\":\"ListItem\",\"position\":1,\"name\":\"Home\",\"item\":\"https:\/\/www.travel-slovenia.si\/slo\/\"},{\"@type\":\"ListItem\",\"position\":2,\"name\":\"14. oktober\"}]},{\"@type\":\"WebSite\",\"@id\":\"https:\/\/www.travel-slovenia.si\/slo\/#website\",\"url\":\"https:\/\/www.travel-slovenia.si\/slo\/\",\"name\":\"Travel Slovenia - Sledite lepotam na\u0161e male dr\u017eavice\",\"description\":\"\",\"potentialAction\":[{\"@type\":\"SearchAction\",\"target\":{\"@type\":\"EntryPoint\",\"urlTemplate\":\"https:\/\/www.travel-slovenia.si\/slo\/?s={search_term_string}\"},\"query-input\":{\"@type\":\"PropertyValueSpecification\",\"valueRequired\":true,\"valueName\":\"search_term_string\"}}],\"inLanguage\":\"sl-SI\"}]}<\/script>\n<!-- \/ Yoast SEO plugin. -->","yoast_head_json":{"title":"14. oktober - Travel Slovenia - Sledite lepotam na\u0161e male dr\u017eavice","robots":{"index":"index","follow":"follow","max-snippet":"max-snippet:-1","max-image-preview":"max-image-preview:large","max-video-preview":"max-video-preview:-1"},"canonical":"https:\/\/www.travel-slovenia.si\/slo\/14-oktober\/","og_locale":"sl_SI","og_type":"article","og_title":"14. oktober - Travel Slovenia - Sledite lepotam na\u0161e male dr\u017eavice","og_description":"14. oktober \u010casnik Slovenec \u010casnik Slovenec je izhajal med leti 1873 in 1945, bil je vodilni \u010dasnik politi\u010dnega katolicizma na Slovenskem. Svojo premierno izdajo je do\u017eivel 14. oktobra 1873, kot odgovor na mladoslovenski Slovenski narod. Od samega za\u010detka je bil \u010dasnik Slovenec nastrojen zoper doma\u010do politiko.\u00a0[_Preberite ve\u010d_]","og_url":"https:\/\/www.travel-slovenia.si\/slo\/14-oktober\/","og_site_name":"Travel Slovenia - Sledite lepotam na\u0161e male dr\u017eavice","article_modified_time":"2016-01-17T10:15:15+00:00","og_image":[{"url":"https:\/\/www.travel-slovenia.si\/slo\/wp-content\/uploads\/2016\/01\/travel-slovenia-casnik-slovenec-view.jpg","type":"","width":"","height":""}],"twitter_card":"summary_large_image","schema":{"@context":"https:\/\/schema.org","@graph":[{"@type":"WebPage","@id":"https:\/\/www.travel-slovenia.si\/slo\/14-oktober\/","url":"https:\/\/www.travel-slovenia.si\/slo\/14-oktober\/","name":"14. oktober - Travel Slovenia - Sledite lepotam na\u0161e male dr\u017eavice","isPartOf":{"@id":"https:\/\/www.travel-slovenia.si\/slo\/#website"},"primaryImageOfPage":{"@id":"https:\/\/www.travel-slovenia.si\/slo\/14-oktober\/#primaryimage"},"image":{"@id":"https:\/\/www.travel-slovenia.si\/slo\/14-oktober\/#primaryimage"},"thumbnailUrl":"https:\/\/www.travel-slovenia.si\/slo\/wp-content\/uploads\/2016\/01\/travel-slovenia-casnik-slovenec-view.jpg","datePublished":"2016-01-17T10:13:40+00:00","dateModified":"2016-01-17T10:15:15+00:00","breadcrumb":{"@id":"https:\/\/www.travel-slovenia.si\/slo\/14-oktober\/#breadcrumb"},"inLanguage":"sl-SI","potentialAction":[{"@type":"ReadAction","target":["https:\/\/www.travel-slovenia.si\/slo\/14-oktober\/"]}]},{"@type":"ImageObject","inLanguage":"sl-SI","@id":"https:\/\/www.travel-slovenia.si\/slo\/14-oktober\/#primaryimage","url":"https:\/\/www.travel-slovenia.si\/slo\/wp-content\/uploads\/2016\/01\/travel-slovenia-casnik-slovenec-view.jpg","contentUrl":"https:\/\/www.travel-slovenia.si\/slo\/wp-content\/uploads\/2016\/01\/travel-slovenia-casnik-slovenec-view.jpg","width":150,"height":150},{"@type":"BreadcrumbList","@id":"https:\/\/www.travel-slovenia.si\/slo\/14-oktober\/#breadcrumb","itemListElement":[{"@type":"ListItem","position":1,"name":"Home","item":"https:\/\/www.travel-slovenia.si\/slo\/"},{"@type":"ListItem","position":2,"name":"14. oktober"}]},{"@type":"WebSite","@id":"https:\/\/www.travel-slovenia.si\/slo\/#website","url":"https:\/\/www.travel-slovenia.si\/slo\/","name":"Travel Slovenia - Sledite lepotam na\u0161e male dr\u017eavice","description":"","potentialAction":[{"@type":"SearchAction","target":{"@type":"EntryPoint","urlTemplate":"https:\/\/www.travel-slovenia.si\/slo\/?s={search_term_string}"},"query-input":{"@type":"PropertyValueSpecification","valueRequired":true,"valueName":"search_term_string"}}],"inLanguage":"sl-SI"}]}},"post_mailing_queue_ids":[],"_links":{"self":[{"href":"https:\/\/www.travel-slovenia.si\/slo\/wp-json\/wp\/v2\/pages\/4740","targetHints":{"allow":["GET"]}}],"collection":[{"href":"https:\/\/www.travel-slovenia.si\/slo\/wp-json\/wp\/v2\/pages"}],"about":[{"href":"https:\/\/www.travel-slovenia.si\/slo\/wp-json\/wp\/v2\/types\/page"}],"author":[{"embeddable":true,"href":"https:\/\/www.travel-slovenia.si\/slo\/wp-json\/wp\/v2\/users\/111"}],"replies":[{"embeddable":true,"href":"https:\/\/www.travel-slovenia.si\/slo\/wp-json\/wp\/v2\/comments?post=4740"}],"version-history":[{"count":4,"href":"https:\/\/www.travel-slovenia.si\/slo\/wp-json\/wp\/v2\/pages\/4740\/revisions"}],"predecessor-version":[{"id":4745,"href":"https:\/\/www.travel-slovenia.si\/slo\/wp-json\/wp\/v2\/pages\/4740\/revisions\/4745"}],"wp:attachment":[{"href":"https:\/\/www.travel-slovenia.si\/slo\/wp-json\/wp\/v2\/media?parent=4740"}],"curies":[{"name":"wp","href":"https:\/\/api.w.org\/{rel}","templated":true}]}}