{"id":4735,"date":"2016-01-17T11:10:11","date_gmt":"2016-01-17T10:10:11","guid":{"rendered":"https:\/\/www.travel-slovenia.si\/slo\/?page_id=4735"},"modified":"2016-10-04T21:06:15","modified_gmt":"2016-10-04T19:06:15","slug":"casnik-slovenec","status":"publish","type":"page","link":"https:\/\/www.travel-slovenia.si\/slo\/casnik-slovenec\/","title":{"rendered":"\u010casnik Slovenec"},"content":{"rendered":"<figure id=\"attachment_4736\" class=\"wp-caption alignleft\" style=\"max-width: 300px\"><img loading=\"lazy\" decoding=\"async\" class=\"wp-image-4736\" src=\"https:\/\/www.travel-slovenia.si\/slo\/wp-content\/uploads\/2016\/01\/travel-slovenia-casnik-slovenec.jpg\" alt=\"\u010casnik Slovenec, sreda 13. avgusta 1919\" width=\"300\" height=\"305\" srcset=\"https:\/\/www.travel-slovenia.si\/slo\/wp-content\/uploads\/2016\/01\/travel-slovenia-casnik-slovenec.jpg 500w, https:\/\/www.travel-slovenia.si\/slo\/wp-content\/uploads\/2016\/01\/travel-slovenia-casnik-slovenec-295x300.jpg 295w, https:\/\/www.travel-slovenia.si\/slo\/wp-content\/uploads\/2016\/01\/travel-slovenia-casnik-slovenec-83x83.jpg 83w, https:\/\/www.travel-slovenia.si\/slo\/wp-content\/uploads\/2016\/01\/travel-slovenia-casnik-slovenec-55x55.jpg 55w, https:\/\/www.travel-slovenia.si\/slo\/wp-content\/uploads\/2016\/01\/travel-slovenia-casnik-slovenec-24x24.jpg 24w, https:\/\/www.travel-slovenia.si\/slo\/wp-content\/uploads\/2016\/01\/travel-slovenia-casnik-slovenec-36x36.jpg 36w, https:\/\/www.travel-slovenia.si\/slo\/wp-content\/uploads\/2016\/01\/travel-slovenia-casnik-slovenec-48x48.jpg 48w\" sizes=\"auto, (max-width: 300px) 100vw, 300px\" \/><figcaption class=\"wp-caption-text\">\u010casnik Slovenec, sreda 13. avgusta 1919<\/figcaption><\/figure>\n<p style=\"text-align: justify;\"><em>&#8211; prva \u0161tevilka \u010dasnika Slovenec izide 14. oktobra 1873<\/em><\/p>\n<p style=\"text-align: justify;\">\u010casnik Slovenec je izhajal med leti 1873 in 1945, bil je vodilni \u010dasnik politi\u010dnega katolicizma na Slovenskem.<\/p>\n<p style=\"text-align: justify;\">Svojo premierno izdajo je do\u017eivel 14. oktobra 1873, kot odgovor na mladoslovenski Slovenski narod. Od za\u010detka je izhajal trikrat tedensko, od 11. julija 1883 kot dnevnik. Izhajal je kot &#8216;Politi\u010den list za slovenski narod&#8217;, in sicer v Ljubljani. Med leti 1888 in 1896 je dobil prilogo Domoljub, med leti 1924 in 1932 pa prilogo Ilustrirani Slovenec. Ponedeljski Slovenec pa je kot ponedeljkova priloga izhajal med leti 1932 in 1939.<\/p>\n<p style=\"text-align: justify;\">Od samega za\u010detka je bil \u010dasnik Slovenec nastrojen zoper doma\u010do politiko, \u0161e najbolj proti liberalno usmerjenemu \u010dasopisu Slovenski narod in njegovim privr\u017eencem. \u010casnik so urejali pomembni predstavniki slovenskega katolicizma iz slovenskega politi\u010dnega in kulturnega \u017eivljenja. V \u010dasu bolj demokrati\u010dnega razvoja SLS v dvajsetih letih 20. stoletja je celo preka\u0161al liberalna \u010dasnika Slovenski narod in Jutro. V vseh svojih 72 letih delovanja je zamenjal 19 urednikov, in prvi med njimi so bili Karel Klun, Franci Pevec, Jakob Ale\u0161ovec in Filip Haderlap. V 80. letih pa je \u010dasnikovo kakovost izbolj\u0161al Ignacij \u017ditnik, Andrej Kalan pa ga je urejal v 90. letih. Kasnej\u0161i uredniki so bili \u0161e Janez Evangelist Krek, Miha Mo\u0161kerc, Jo\u017eef Gostin\u010dar, Franc Terseglav (tik pred vojno), Izidor Cankar (1918 &#8211; 1919), Engelbert Besednjak, Franc Smodej, Franc Terseglav, Franc Krem\u017ear, Mihael Krek, Alojzij Kuhar, Ivan Ah\u010din in Viktor Cen\u010di\u010d. Med leti 1929 in 1941 je \u010dasnik pod vodstvom Ivana Ah\u010dina postal eden vodilnih v Jugoslaviji.<\/p>\n<p style=\"text-align: justify;\">\u010casnik Slovenec je velik poudarek dal na blaginjo kme\u010dkega ljudstva, zavzemal pa se je tudi za popolno avtonomnost Katoli\u0161ke cerkve. Svojo vdanost je \u010dasnik pred 1. svetovno vojno izkazoval habsbur\u0161ki in avstrijski monarhiji, zagotovitvi verskega zna\u010daja \u0161olstva in ljubezni do domovine. Geslo \u010dasnika Slovenec je bilo: &#8216;Vse za vero, dom, cesarja!&#8217;<\/p>\n<p style=\"text-align: justify;\">Tako je \u010dasnik Slovenec izhajal vse do leta 1945, ko so ga nove oblasti ukinile. Kot dejstvo naj \u0161e povemo, da je med leti 1991 in 1996 izhajal \u010dasnik z enakim imenom in politi\u010dno usmeritvijo.<\/p>\n<p>&nbsp;<\/p>\n<table>\n<tbody>\n<tr>\n<td style=\"text-align: center;\"><a href=\"https:\/\/www.travel-slovenia.si\/slo\/na-danasnji-dan\/\"><img loading=\"lazy\" decoding=\"async\" class=\"alignleft wp-image-4499 size-full\" src=\"https:\/\/www.travel-slovenia.si\/slo\/wp-content\/uploads\/2014\/09\/travel-slovenia-povezava-na-drugo.jpg\" alt=\"travel-slovenia-povezava-na-drugo\" width=\"128\" height=\"22\" srcset=\"https:\/\/www.travel-slovenia.si\/slo\/wp-content\/uploads\/2014\/09\/travel-slovenia-povezava-na-drugo.jpg 128w, https:\/\/www.travel-slovenia.si\/slo\/wp-content\/uploads\/2014\/09\/travel-slovenia-povezava-na-drugo-24x4.jpg 24w, https:\/\/www.travel-slovenia.si\/slo\/wp-content\/uploads\/2014\/09\/travel-slovenia-povezava-na-drugo-36x6.jpg 36w, https:\/\/www.travel-slovenia.si\/slo\/wp-content\/uploads\/2014\/09\/travel-slovenia-povezava-na-drugo-48x8.jpg 48w\" sizes=\"auto, (max-width: 128px) 100vw, 128px\" \/><\/a><a href=\"https:\/\/www.travel-slovenia.si\/slo\/na-danasnji-dan\/\">Poglejte \u0161e druge pomembne dogodke!<\/a><a href=\"https:\/\/www.travel-slovenia.si\/slo\/na-danasnji-dan\/\"><img loading=\"lazy\" decoding=\"async\" class=\"alignright wp-image-4500 size-full\" src=\"https:\/\/www.travel-slovenia.si\/slo\/wp-content\/uploads\/2014\/09\/travel-slovenia-povezava-na-drugo2.jpg\" alt=\"travel-slovenia-povezava-na-drugo2\" width=\"128\" height=\"22\" srcset=\"https:\/\/www.travel-slovenia.si\/slo\/wp-content\/uploads\/2014\/09\/travel-slovenia-povezava-na-drugo2.jpg 128w, https:\/\/www.travel-slovenia.si\/slo\/wp-content\/uploads\/2014\/09\/travel-slovenia-povezava-na-drugo2-24x4.jpg 24w, https:\/\/www.travel-slovenia.si\/slo\/wp-content\/uploads\/2014\/09\/travel-slovenia-povezava-na-drugo2-36x6.jpg 36w, https:\/\/www.travel-slovenia.si\/slo\/wp-content\/uploads\/2014\/09\/travel-slovenia-povezava-na-drugo2-48x8.jpg 48w\" sizes=\"auto, (max-width: 128px) 100vw, 128px\" \/><\/a><\/td>\n<\/tr>\n<\/tbody>\n<\/table>\n<p>&nbsp;<\/p>\n","protected":false},"excerpt":{"rendered":"<p>&#8211; prva \u0161tevilka \u010dasnika Slovenec izide 14. oktobra 1873 \u010casnik Slovenec je izhajal med leti 1873 in 1945, bil je vodilni \u010dasnik politi\u010dnega katolicizma na Slovenskem. Svojo premierno izdajo je do\u017eivel 14. oktobra 1873, kot odgovor na mladoslovenski Slovenski narod. Od za\u010detka je izhajal trikrat tedensko, od 11. julija 1883 kot dnevnik. Izhajal je kot [&hellip;]<\/p>\n","protected":false},"author":111,"featured_media":0,"parent":0,"menu_order":0,"comment_status":"closed","ping_status":"closed","template":"","meta":{"footnotes":""},"class_list":["post-4735","page","type-page","status-publish","hentry"],"yoast_head":"<!-- This site is optimized with the Yoast SEO plugin v25.4 - https:\/\/yoast.com\/wordpress\/plugins\/seo\/ -->\n<title>\u010casnik Slovenec : Travel-Slovenia<\/title>\n<meta name=\"description\" content=\"\u010casnik Slovenec je izhajal med leti 1873 in 1945, bil je vodilni \u010dasnik politi\u010dnega katolicizma na Slovenskem.\" \/>\n<meta name=\"robots\" content=\"index, follow, max-snippet:-1, max-image-preview:large, max-video-preview:-1\" \/>\n<link rel=\"canonical\" href=\"https:\/\/www.travel-slovenia.si\/slo\/casnik-slovenec\/\" \/>\n<meta property=\"og:locale\" content=\"sl_SI\" \/>\n<meta property=\"og:type\" content=\"article\" \/>\n<meta property=\"og:title\" content=\"\u010casnik Slovenec : Travel-Slovenia\" \/>\n<meta property=\"og:description\" content=\"\u010casnik Slovenec je izhajal med leti 1873 in 1945, bil je vodilni \u010dasnik politi\u010dnega katolicizma na Slovenskem.\" \/>\n<meta property=\"og:url\" content=\"https:\/\/www.travel-slovenia.si\/slo\/casnik-slovenec\/\" \/>\n<meta property=\"og:site_name\" content=\"Travel Slovenia - Sledite lepotam na\u0161e male dr\u017eavice\" \/>\n<meta property=\"article:modified_time\" content=\"2016-10-04T19:06:15+00:00\" \/>\n<meta property=\"og:image\" content=\"https:\/\/www.travel-slovenia.si\/slo\/wp-content\/uploads\/2016\/01\/travel-slovenia-casnik-slovenec.jpg\" \/>\n\t<meta property=\"og:image:width\" content=\"500\" \/>\n\t<meta property=\"og:image:height\" content=\"508\" \/>\n\t<meta property=\"og:image:type\" content=\"image\/jpeg\" \/>\n<meta name=\"twitter:card\" content=\"summary_large_image\" \/>\n<meta name=\"twitter:title\" content=\"\u010casnik Slovenec : Travel-Slovenia\" \/>\n<meta name=\"twitter:description\" content=\"\u010casnik Slovenec je izhajal med leti 1873 in 1945, bil je vodilni \u010dasnik politi\u010dnega katolicizma na Slovenskem.\" \/>\n<meta name=\"twitter:image\" content=\"https:\/\/www.travel-slovenia.si\/slo\/wp-content\/uploads\/2016\/01\/travel-slovenia-casnik-slovenec.jpg\" \/>\n<meta name=\"twitter:label1\" content=\"Est. reading time\" \/>\n\t<meta name=\"twitter:data1\" content=\"2 minuti\" \/>\n<script type=\"application\/ld+json\" class=\"yoast-schema-graph\">{\"@context\":\"https:\/\/schema.org\",\"@graph\":[{\"@type\":\"WebPage\",\"@id\":\"https:\/\/www.travel-slovenia.si\/slo\/casnik-slovenec\/\",\"url\":\"https:\/\/www.travel-slovenia.si\/slo\/casnik-slovenec\/\",\"name\":\"\u010casnik Slovenec : Travel-Slovenia\",\"isPartOf\":{\"@id\":\"https:\/\/www.travel-slovenia.si\/slo\/#website\"},\"primaryImageOfPage\":{\"@id\":\"https:\/\/www.travel-slovenia.si\/slo\/casnik-slovenec\/#primaryimage\"},\"image\":{\"@id\":\"https:\/\/www.travel-slovenia.si\/slo\/casnik-slovenec\/#primaryimage\"},\"thumbnailUrl\":\"https:\/\/www.travel-slovenia.si\/slo\/wp-content\/uploads\/2016\/01\/travel-slovenia-casnik-slovenec.jpg\",\"datePublished\":\"2016-01-17T10:10:11+00:00\",\"dateModified\":\"2016-10-04T19:06:15+00:00\",\"description\":\"\u010casnik Slovenec je izhajal med leti 1873 in 1945, bil je vodilni \u010dasnik politi\u010dnega katolicizma na Slovenskem.\",\"breadcrumb\":{\"@id\":\"https:\/\/www.travel-slovenia.si\/slo\/casnik-slovenec\/#breadcrumb\"},\"inLanguage\":\"sl-SI\",\"potentialAction\":[{\"@type\":\"ReadAction\",\"target\":[\"https:\/\/www.travel-slovenia.si\/slo\/casnik-slovenec\/\"]}]},{\"@type\":\"ImageObject\",\"inLanguage\":\"sl-SI\",\"@id\":\"https:\/\/www.travel-slovenia.si\/slo\/casnik-slovenec\/#primaryimage\",\"url\":\"https:\/\/www.travel-slovenia.si\/slo\/wp-content\/uploads\/2016\/01\/travel-slovenia-casnik-slovenec.jpg\",\"contentUrl\":\"https:\/\/www.travel-slovenia.si\/slo\/wp-content\/uploads\/2016\/01\/travel-slovenia-casnik-slovenec.jpg\",\"width\":500,\"height\":508,\"caption\":\"\u010casnik Slovenec, sreda 13. avgusta 1919\"},{\"@type\":\"BreadcrumbList\",\"@id\":\"https:\/\/www.travel-slovenia.si\/slo\/casnik-slovenec\/#breadcrumb\",\"itemListElement\":[{\"@type\":\"ListItem\",\"position\":1,\"name\":\"Home\",\"item\":\"https:\/\/www.travel-slovenia.si\/slo\/\"},{\"@type\":\"ListItem\",\"position\":2,\"name\":\"\u010casnik Slovenec\"}]},{\"@type\":\"WebSite\",\"@id\":\"https:\/\/www.travel-slovenia.si\/slo\/#website\",\"url\":\"https:\/\/www.travel-slovenia.si\/slo\/\",\"name\":\"Travel Slovenia - Sledite lepotam na\u0161e male dr\u017eavice\",\"description\":\"\",\"potentialAction\":[{\"@type\":\"SearchAction\",\"target\":{\"@type\":\"EntryPoint\",\"urlTemplate\":\"https:\/\/www.travel-slovenia.si\/slo\/?s={search_term_string}\"},\"query-input\":{\"@type\":\"PropertyValueSpecification\",\"valueRequired\":true,\"valueName\":\"search_term_string\"}}],\"inLanguage\":\"sl-SI\"}]}<\/script>\n<!-- \/ Yoast SEO plugin. -->","yoast_head_json":{"title":"\u010casnik Slovenec : Travel-Slovenia","description":"\u010casnik Slovenec je izhajal med leti 1873 in 1945, bil je vodilni \u010dasnik politi\u010dnega katolicizma na Slovenskem.","robots":{"index":"index","follow":"follow","max-snippet":"max-snippet:-1","max-image-preview":"max-image-preview:large","max-video-preview":"max-video-preview:-1"},"canonical":"https:\/\/www.travel-slovenia.si\/slo\/casnik-slovenec\/","og_locale":"sl_SI","og_type":"article","og_title":"\u010casnik Slovenec : Travel-Slovenia","og_description":"\u010casnik Slovenec je izhajal med leti 1873 in 1945, bil je vodilni \u010dasnik politi\u010dnega katolicizma na Slovenskem.","og_url":"https:\/\/www.travel-slovenia.si\/slo\/casnik-slovenec\/","og_site_name":"Travel Slovenia - Sledite lepotam na\u0161e male dr\u017eavice","article_modified_time":"2016-10-04T19:06:15+00:00","og_image":[{"width":500,"height":508,"url":"https:\/\/www.travel-slovenia.si\/slo\/wp-content\/uploads\/2016\/01\/travel-slovenia-casnik-slovenec.jpg","type":"image\/jpeg"}],"twitter_card":"summary_large_image","twitter_title":"\u010casnik Slovenec : Travel-Slovenia","twitter_description":"\u010casnik Slovenec je izhajal med leti 1873 in 1945, bil je vodilni \u010dasnik politi\u010dnega katolicizma na Slovenskem.","twitter_image":"https:\/\/www.travel-slovenia.si\/slo\/wp-content\/uploads\/2016\/01\/travel-slovenia-casnik-slovenec.jpg","twitter_misc":{"Est. reading time":"2 minuti"},"schema":{"@context":"https:\/\/schema.org","@graph":[{"@type":"WebPage","@id":"https:\/\/www.travel-slovenia.si\/slo\/casnik-slovenec\/","url":"https:\/\/www.travel-slovenia.si\/slo\/casnik-slovenec\/","name":"\u010casnik Slovenec : Travel-Slovenia","isPartOf":{"@id":"https:\/\/www.travel-slovenia.si\/slo\/#website"},"primaryImageOfPage":{"@id":"https:\/\/www.travel-slovenia.si\/slo\/casnik-slovenec\/#primaryimage"},"image":{"@id":"https:\/\/www.travel-slovenia.si\/slo\/casnik-slovenec\/#primaryimage"},"thumbnailUrl":"https:\/\/www.travel-slovenia.si\/slo\/wp-content\/uploads\/2016\/01\/travel-slovenia-casnik-slovenec.jpg","datePublished":"2016-01-17T10:10:11+00:00","dateModified":"2016-10-04T19:06:15+00:00","description":"\u010casnik Slovenec je izhajal med leti 1873 in 1945, bil je vodilni \u010dasnik politi\u010dnega katolicizma na Slovenskem.","breadcrumb":{"@id":"https:\/\/www.travel-slovenia.si\/slo\/casnik-slovenec\/#breadcrumb"},"inLanguage":"sl-SI","potentialAction":[{"@type":"ReadAction","target":["https:\/\/www.travel-slovenia.si\/slo\/casnik-slovenec\/"]}]},{"@type":"ImageObject","inLanguage":"sl-SI","@id":"https:\/\/www.travel-slovenia.si\/slo\/casnik-slovenec\/#primaryimage","url":"https:\/\/www.travel-slovenia.si\/slo\/wp-content\/uploads\/2016\/01\/travel-slovenia-casnik-slovenec.jpg","contentUrl":"https:\/\/www.travel-slovenia.si\/slo\/wp-content\/uploads\/2016\/01\/travel-slovenia-casnik-slovenec.jpg","width":500,"height":508,"caption":"\u010casnik Slovenec, sreda 13. avgusta 1919"},{"@type":"BreadcrumbList","@id":"https:\/\/www.travel-slovenia.si\/slo\/casnik-slovenec\/#breadcrumb","itemListElement":[{"@type":"ListItem","position":1,"name":"Home","item":"https:\/\/www.travel-slovenia.si\/slo\/"},{"@type":"ListItem","position":2,"name":"\u010casnik Slovenec"}]},{"@type":"WebSite","@id":"https:\/\/www.travel-slovenia.si\/slo\/#website","url":"https:\/\/www.travel-slovenia.si\/slo\/","name":"Travel Slovenia - Sledite lepotam na\u0161e male dr\u017eavice","description":"","potentialAction":[{"@type":"SearchAction","target":{"@type":"EntryPoint","urlTemplate":"https:\/\/www.travel-slovenia.si\/slo\/?s={search_term_string}"},"query-input":{"@type":"PropertyValueSpecification","valueRequired":true,"valueName":"search_term_string"}}],"inLanguage":"sl-SI"}]}},"post_mailing_queue_ids":[],"_links":{"self":[{"href":"https:\/\/www.travel-slovenia.si\/slo\/wp-json\/wp\/v2\/pages\/4735","targetHints":{"allow":["GET"]}}],"collection":[{"href":"https:\/\/www.travel-slovenia.si\/slo\/wp-json\/wp\/v2\/pages"}],"about":[{"href":"https:\/\/www.travel-slovenia.si\/slo\/wp-json\/wp\/v2\/types\/page"}],"author":[{"embeddable":true,"href":"https:\/\/www.travel-slovenia.si\/slo\/wp-json\/wp\/v2\/users\/111"}],"replies":[{"embeddable":true,"href":"https:\/\/www.travel-slovenia.si\/slo\/wp-json\/wp\/v2\/comments?post=4735"}],"version-history":[{"count":3,"href":"https:\/\/www.travel-slovenia.si\/slo\/wp-json\/wp\/v2\/pages\/4735\/revisions"}],"predecessor-version":[{"id":5934,"href":"https:\/\/www.travel-slovenia.si\/slo\/wp-json\/wp\/v2\/pages\/4735\/revisions\/5934"}],"wp:attachment":[{"href":"https:\/\/www.travel-slovenia.si\/slo\/wp-json\/wp\/v2\/media?parent=4735"}],"curies":[{"name":"wp","href":"https:\/\/api.w.org\/{rel}","templated":true}]}}