{"id":4702,"date":"2016-01-13T00:51:40","date_gmt":"2016-01-12T23:51:40","guid":{"rendered":"https:\/\/www.travel-slovenia.si\/slo\/?page_id=4702"},"modified":"2016-07-18T18:04:37","modified_gmt":"2016-07-18T16:04:37","slug":"dobro-je-vedeti","status":"publish","type":"page","link":"https:\/\/www.travel-slovenia.si\/slo\/dobro-je-vedeti\/","title":{"rendered":"Dobro je vedeti"},"content":{"rendered":"<p><img decoding=\"async\" class=\"alignleft wp-image-5112\" src=\"https:\/\/www.travel-slovenia.si\/slo\/wp-content\/uploads\/2016\/01\/travel-slovenia-slovenian-flag.jpg\" alt=\"travel-slovenia-slovenian-flag\" width=\"45\" srcset=\"https:\/\/www.travel-slovenia.si\/slo\/wp-content\/uploads\/2016\/01\/travel-slovenia-slovenian-flag.jpg 100w, https:\/\/www.travel-slovenia.si\/slo\/wp-content\/uploads\/2016\/01\/travel-slovenia-slovenian-flag-24x11.jpg 24w, https:\/\/www.travel-slovenia.si\/slo\/wp-content\/uploads\/2016\/01\/travel-slovenia-slovenian-flag-36x17.jpg 36w, https:\/\/www.travel-slovenia.si\/slo\/wp-content\/uploads\/2016\/01\/travel-slovenia-slovenian-flag-48x23.jpg 48w\" sizes=\"(max-width: 100px) 100vw, 100px\" \/>Slovenija<br \/>\n<img decoding=\"async\" class=\"alignleft wp-image-5111\" src=\"https:\/\/www.travel-slovenia.si\/slo\/wp-content\/uploads\/2016\/01\/travel-slovenia-avtomobilska-oznaka-slovenije.jpg\" alt=\"travel-slovenia-avtomobilska-oznaka-slovenije\" width=\"45\" srcset=\"https:\/\/www.travel-slovenia.si\/slo\/wp-content\/uploads\/2016\/01\/travel-slovenia-avtomobilska-oznaka-slovenije.jpg 100w, https:\/\/www.travel-slovenia.si\/slo\/wp-content\/uploads\/2016\/01\/travel-slovenia-avtomobilska-oznaka-slovenije-24x11.jpg 24w, https:\/\/www.travel-slovenia.si\/slo\/wp-content\/uploads\/2016\/01\/travel-slovenia-avtomobilska-oznaka-slovenije-36x17.jpg 36w, https:\/\/www.travel-slovenia.si\/slo\/wp-content\/uploads\/2016\/01\/travel-slovenia-avtomobilska-oznaka-slovenije-48x23.jpg 48w\" sizes=\"(max-width: 100px) 100vw, 100px\" \/>Avtomobilska oznaka<\/p>\n<p style=\"text-align: justify;\"><em><strong>Vstop v dr\u017eavo<\/strong><\/em><br \/>\nPrebivalci dr\u017eav \u010dlanic EGP (Evropski Gospodarski Prostor) (dr\u017eavljani dr\u017eav \u010dlanic EU, Norve\u0161ke, Islandije in Lihten\u0161tajna) in \u0160vice lahko v dr\u017eavo Slovenijo vstopijo z veljavno osebno izkaznico ali potnim listom. Dr\u017eavljani ostalih dr\u017eav potrebujejo potni list oziroma dodatno \u0161e vizo.<\/p>\n<p><em><strong>Pomembne<\/strong> <strong>\u0161tevilke<\/strong><\/em><br \/>\n113 Policija \/ 112 Re\u0161evalci \/ 112 Gasilci<\/p>\n<p>&nbsp;<\/p>\n<p style=\"text-align: justify;\"><img loading=\"lazy\" decoding=\"async\" class=\"alignleft size-full wp-image-5098\" src=\"https:\/\/www.travel-slovenia.si\/slo\/wp-content\/uploads\/2016\/01\/travel-slovenia-cestna-pravila.jpg\" alt=\"travel-slovenia-cestna-pravila\" width=\"150\" height=\"150\" srcset=\"https:\/\/www.travel-slovenia.si\/slo\/wp-content\/uploads\/2016\/01\/travel-slovenia-cestna-pravila.jpg 150w, https:\/\/www.travel-slovenia.si\/slo\/wp-content\/uploads\/2016\/01\/travel-slovenia-cestna-pravila-83x83.jpg 83w, https:\/\/www.travel-slovenia.si\/slo\/wp-content\/uploads\/2016\/01\/travel-slovenia-cestna-pravila-55x55.jpg 55w, https:\/\/www.travel-slovenia.si\/slo\/wp-content\/uploads\/2016\/01\/travel-slovenia-cestna-pravila-24x24.jpg 24w, https:\/\/www.travel-slovenia.si\/slo\/wp-content\/uploads\/2016\/01\/travel-slovenia-cestna-pravila-36x36.jpg 36w, https:\/\/www.travel-slovenia.si\/slo\/wp-content\/uploads\/2016\/01\/travel-slovenia-cestna-pravila-48x48.jpg 48w\" sizes=\"auto, (max-width: 150px) 100vw, 150px\" \/><strong><em>Prometni predpisi\u00a0v Sloveniji<\/em><\/strong><br \/>\nZa varno vo\u017enjo po cestah v Sloveniji je potrebno upo\u0161tevati prometna pravila, razmere na cestah, vremenske razmere in druge nepri\u010dakovane razmere, katera bi lahko ogro\u017eala \u017eivljenja. V Sloveniji je za uporabo avtoceste obvezen nakup vinjete. \u017darometi\u00a0morajo biti\u00a0pri\u017egani 24 ur. [<a href=\"https:\/\/www.travel-slovenia.si\/slo\/prometni-predpisi-v-sloveniji\/\">_Preberite ve\u010d_<\/a>]\n<p style=\"text-align: justify;\"><img loading=\"lazy\" decoding=\"async\" class=\"alignleft size-full wp-image-5739\" src=\"https:\/\/www.travel-slovenia.si\/slo\/wp-content\/uploads\/2016\/07\/travel-slovenia-resi-zivljenje1.jpg\" alt=\"travel-slovenia-resi-zivljenje\" width=\"150\" height=\"150\" srcset=\"https:\/\/www.travel-slovenia.si\/slo\/wp-content\/uploads\/2016\/07\/travel-slovenia-resi-zivljenje1.jpg 150w, https:\/\/www.travel-slovenia.si\/slo\/wp-content\/uploads\/2016\/07\/travel-slovenia-resi-zivljenje1-83x83.jpg 83w, https:\/\/www.travel-slovenia.si\/slo\/wp-content\/uploads\/2016\/07\/travel-slovenia-resi-zivljenje1-55x55.jpg 55w, https:\/\/www.travel-slovenia.si\/slo\/wp-content\/uploads\/2016\/07\/travel-slovenia-resi-zivljenje1-24x24.jpg 24w, https:\/\/www.travel-slovenia.si\/slo\/wp-content\/uploads\/2016\/07\/travel-slovenia-resi-zivljenje1-36x36.jpg 36w, https:\/\/www.travel-slovenia.si\/slo\/wp-content\/uploads\/2016\/07\/travel-slovenia-resi-zivljenje1-48x48.jpg 48w\" sizes=\"auto, (max-width: 150px) 100vw, 150px\" \/><strong><em>Re\u0161i \u017eivljenje<\/em><\/strong><br \/>\nPravilna razvrstitev vozil na avtocesti v primeru nesre\u010de pomembno vpliva na re\u0161evanje po\u0161kodovanih, saj bo s tem re\u0161evalno vozilo hitreje pri\u0161lo do po\u0161kodovanih. Tako pove\u010damo mo\u017enost pre\u017eivetja udele\u017eencev nesre\u010de tudi do 40 odstotkov. Ob vsakem zastoju pravilno razvrstimo vozila. [<a href=\"https:\/\/www.travel-slovenia.si\/slo\/resi-zivljenje\/\">_Preberite ve\u010d_<\/a>]\n","protected":false},"excerpt":{"rendered":"<p>Slovenija Avtomobilska oznaka Vstop v dr\u017eavo Prebivalci dr\u017eav \u010dlanic EGP (Evropski Gospodarski Prostor) (dr\u017eavljani dr\u017eav \u010dlanic EU, Norve\u0161ke, Islandije in Lihten\u0161tajna) in \u0160vice lahko v dr\u017eavo Slovenijo vstopijo z veljavno osebno izkaznico ali potnim listom. Dr\u017eavljani ostalih dr\u017eav potrebujejo potni list oziroma dodatno \u0161e vizo. Pomembne \u0161tevilke 113 Policija \/ 112 Re\u0161evalci \/ 112 Gasilci [&hellip;]<\/p>\n","protected":false},"author":111,"featured_media":0,"parent":0,"menu_order":0,"comment_status":"closed","ping_status":"closed","template":"","meta":{"footnotes":""},"class_list":["post-4702","page","type-page","status-publish","hentry"],"yoast_head":"<!-- This site is optimized with the Yoast SEO plugin v25.4 - https:\/\/yoast.com\/wordpress\/plugins\/seo\/ -->\n<title>Dobro je vedeti : Travel-Slovenia<\/title>\n<meta name=\"description\" content=\"Nekaj stvari, ki jih je potrebno vedeti ob obisku Slovenije - kot tudi informacije o delovanju ter navigaciji strani.\" \/>\n<meta name=\"robots\" content=\"index, follow, max-snippet:-1, max-image-preview:large, max-video-preview:-1\" \/>\n<link rel=\"canonical\" href=\"https:\/\/www.travel-slovenia.si\/slo\/dobro-je-vedeti\/\" \/>\n<meta property=\"og:locale\" content=\"sl_SI\" \/>\n<meta property=\"og:type\" content=\"article\" \/>\n<meta property=\"og:title\" content=\"Dobro je vedeti : Travel-Slovenia\" \/>\n<meta property=\"og:description\" content=\"Nekaj stvari, ki jih je potrebno vedeti ob obisku Slovenije - kot tudi informacije o delovanju ter navigaciji strani.\" \/>\n<meta property=\"og:url\" content=\"https:\/\/www.travel-slovenia.si\/slo\/dobro-je-vedeti\/\" \/>\n<meta property=\"og:site_name\" content=\"Travel Slovenia - Sledite lepotam na\u0161e male dr\u017eavice\" \/>\n<meta property=\"article:modified_time\" content=\"2016-07-18T16:04:37+00:00\" \/>\n<meta name=\"twitter:card\" content=\"summary_large_image\" \/>\n<meta name=\"twitter:title\" content=\"Dobro je vedeti : Travel-Slovenia\" \/>\n<meta name=\"twitter:description\" content=\"Nekaj stvari, ki jih je potrebno vedeti ob obisku Slovenije - kot tudi informacije o delovanju ter navigaciji strani.\" \/>\n<meta name=\"twitter:image\" content=\"https:\/\/www.travel-slovenia.si\/slo\/wp-content\/uploads\/2015\/10\/travel-slovenia-logo-SI.png\" \/>\n<meta name=\"twitter:label1\" content=\"Est. reading time\" \/>\n\t<meta name=\"twitter:data1\" content=\"1 minuta\" \/>\n<script type=\"application\/ld+json\" class=\"yoast-schema-graph\">{\"@context\":\"https:\/\/schema.org\",\"@graph\":[{\"@type\":\"WebPage\",\"@id\":\"https:\/\/www.travel-slovenia.si\/slo\/dobro-je-vedeti\/\",\"url\":\"https:\/\/www.travel-slovenia.si\/slo\/dobro-je-vedeti\/\",\"name\":\"Dobro je vedeti : Travel-Slovenia\",\"isPartOf\":{\"@id\":\"https:\/\/www.travel-slovenia.si\/slo\/#website\"},\"primaryImageOfPage\":{\"@id\":\"https:\/\/www.travel-slovenia.si\/slo\/dobro-je-vedeti\/#primaryimage\"},\"image\":{\"@id\":\"https:\/\/www.travel-slovenia.si\/slo\/dobro-je-vedeti\/#primaryimage\"},\"thumbnailUrl\":\"https:\/\/www.travel-slovenia.si\/slo\/wp-content\/uploads\/2016\/01\/travel-slovenia-slovenian-flag.jpg\",\"datePublished\":\"2016-01-12T23:51:40+00:00\",\"dateModified\":\"2016-07-18T16:04:37+00:00\",\"description\":\"Nekaj stvari, ki jih je potrebno vedeti ob obisku Slovenije - kot tudi informacije o delovanju ter navigaciji strani.\",\"breadcrumb\":{\"@id\":\"https:\/\/www.travel-slovenia.si\/slo\/dobro-je-vedeti\/#breadcrumb\"},\"inLanguage\":\"sl-SI\",\"potentialAction\":[{\"@type\":\"ReadAction\",\"target\":[\"https:\/\/www.travel-slovenia.si\/slo\/dobro-je-vedeti\/\"]}]},{\"@type\":\"ImageObject\",\"inLanguage\":\"sl-SI\",\"@id\":\"https:\/\/www.travel-slovenia.si\/slo\/dobro-je-vedeti\/#primaryimage\",\"url\":\"https:\/\/www.travel-slovenia.si\/slo\/wp-content\/uploads\/2016\/01\/travel-slovenia-slovenian-flag.jpg\",\"contentUrl\":\"https:\/\/www.travel-slovenia.si\/slo\/wp-content\/uploads\/2016\/01\/travel-slovenia-slovenian-flag.jpg\",\"width\":100,\"height\":47},{\"@type\":\"BreadcrumbList\",\"@id\":\"https:\/\/www.travel-slovenia.si\/slo\/dobro-je-vedeti\/#breadcrumb\",\"itemListElement\":[{\"@type\":\"ListItem\",\"position\":1,\"name\":\"Home\",\"item\":\"https:\/\/www.travel-slovenia.si\/slo\/\"},{\"@type\":\"ListItem\",\"position\":2,\"name\":\"Dobro je vedeti\"}]},{\"@type\":\"WebSite\",\"@id\":\"https:\/\/www.travel-slovenia.si\/slo\/#website\",\"url\":\"https:\/\/www.travel-slovenia.si\/slo\/\",\"name\":\"Travel Slovenia - Sledite lepotam na\u0161e male dr\u017eavice\",\"description\":\"\",\"potentialAction\":[{\"@type\":\"SearchAction\",\"target\":{\"@type\":\"EntryPoint\",\"urlTemplate\":\"https:\/\/www.travel-slovenia.si\/slo\/?s={search_term_string}\"},\"query-input\":{\"@type\":\"PropertyValueSpecification\",\"valueRequired\":true,\"valueName\":\"search_term_string\"}}],\"inLanguage\":\"sl-SI\"}]}<\/script>\n<!-- \/ Yoast SEO plugin. -->","yoast_head_json":{"title":"Dobro je vedeti : Travel-Slovenia","description":"Nekaj stvari, ki jih je potrebno vedeti ob obisku Slovenije - kot tudi informacije o delovanju ter navigaciji strani.","robots":{"index":"index","follow":"follow","max-snippet":"max-snippet:-1","max-image-preview":"max-image-preview:large","max-video-preview":"max-video-preview:-1"},"canonical":"https:\/\/www.travel-slovenia.si\/slo\/dobro-je-vedeti\/","og_locale":"sl_SI","og_type":"article","og_title":"Dobro je vedeti : Travel-Slovenia","og_description":"Nekaj stvari, ki jih je potrebno vedeti ob obisku Slovenije - kot tudi informacije o delovanju ter navigaciji strani.","og_url":"https:\/\/www.travel-slovenia.si\/slo\/dobro-je-vedeti\/","og_site_name":"Travel Slovenia - Sledite lepotam na\u0161e male dr\u017eavice","article_modified_time":"2016-07-18T16:04:37+00:00","twitter_card":"summary_large_image","twitter_title":"Dobro je vedeti : Travel-Slovenia","twitter_description":"Nekaj stvari, ki jih je potrebno vedeti ob obisku Slovenije - kot tudi informacije o delovanju ter navigaciji strani.","twitter_image":"https:\/\/www.travel-slovenia.si\/slo\/wp-content\/uploads\/2015\/10\/travel-slovenia-logo-SI.png","twitter_misc":{"Est. reading time":"1 minuta"},"schema":{"@context":"https:\/\/schema.org","@graph":[{"@type":"WebPage","@id":"https:\/\/www.travel-slovenia.si\/slo\/dobro-je-vedeti\/","url":"https:\/\/www.travel-slovenia.si\/slo\/dobro-je-vedeti\/","name":"Dobro je vedeti : Travel-Slovenia","isPartOf":{"@id":"https:\/\/www.travel-slovenia.si\/slo\/#website"},"primaryImageOfPage":{"@id":"https:\/\/www.travel-slovenia.si\/slo\/dobro-je-vedeti\/#primaryimage"},"image":{"@id":"https:\/\/www.travel-slovenia.si\/slo\/dobro-je-vedeti\/#primaryimage"},"thumbnailUrl":"https:\/\/www.travel-slovenia.si\/slo\/wp-content\/uploads\/2016\/01\/travel-slovenia-slovenian-flag.jpg","datePublished":"2016-01-12T23:51:40+00:00","dateModified":"2016-07-18T16:04:37+00:00","description":"Nekaj stvari, ki jih je potrebno vedeti ob obisku Slovenije - kot tudi informacije o delovanju ter navigaciji strani.","breadcrumb":{"@id":"https:\/\/www.travel-slovenia.si\/slo\/dobro-je-vedeti\/#breadcrumb"},"inLanguage":"sl-SI","potentialAction":[{"@type":"ReadAction","target":["https:\/\/www.travel-slovenia.si\/slo\/dobro-je-vedeti\/"]}]},{"@type":"ImageObject","inLanguage":"sl-SI","@id":"https:\/\/www.travel-slovenia.si\/slo\/dobro-je-vedeti\/#primaryimage","url":"https:\/\/www.travel-slovenia.si\/slo\/wp-content\/uploads\/2016\/01\/travel-slovenia-slovenian-flag.jpg","contentUrl":"https:\/\/www.travel-slovenia.si\/slo\/wp-content\/uploads\/2016\/01\/travel-slovenia-slovenian-flag.jpg","width":100,"height":47},{"@type":"BreadcrumbList","@id":"https:\/\/www.travel-slovenia.si\/slo\/dobro-je-vedeti\/#breadcrumb","itemListElement":[{"@type":"ListItem","position":1,"name":"Home","item":"https:\/\/www.travel-slovenia.si\/slo\/"},{"@type":"ListItem","position":2,"name":"Dobro je vedeti"}]},{"@type":"WebSite","@id":"https:\/\/www.travel-slovenia.si\/slo\/#website","url":"https:\/\/www.travel-slovenia.si\/slo\/","name":"Travel Slovenia - Sledite lepotam na\u0161e male dr\u017eavice","description":"","potentialAction":[{"@type":"SearchAction","target":{"@type":"EntryPoint","urlTemplate":"https:\/\/www.travel-slovenia.si\/slo\/?s={search_term_string}"},"query-input":{"@type":"PropertyValueSpecification","valueRequired":true,"valueName":"search_term_string"}}],"inLanguage":"sl-SI"}]}},"post_mailing_queue_ids":[],"_links":{"self":[{"href":"https:\/\/www.travel-slovenia.si\/slo\/wp-json\/wp\/v2\/pages\/4702","targetHints":{"allow":["GET"]}}],"collection":[{"href":"https:\/\/www.travel-slovenia.si\/slo\/wp-json\/wp\/v2\/pages"}],"about":[{"href":"https:\/\/www.travel-slovenia.si\/slo\/wp-json\/wp\/v2\/types\/page"}],"author":[{"embeddable":true,"href":"https:\/\/www.travel-slovenia.si\/slo\/wp-json\/wp\/v2\/users\/111"}],"replies":[{"embeddable":true,"href":"https:\/\/www.travel-slovenia.si\/slo\/wp-json\/wp\/v2\/comments?post=4702"}],"version-history":[{"count":38,"href":"https:\/\/www.travel-slovenia.si\/slo\/wp-json\/wp\/v2\/pages\/4702\/revisions"}],"predecessor-version":[{"id":5745,"href":"https:\/\/www.travel-slovenia.si\/slo\/wp-json\/wp\/v2\/pages\/4702\/revisions\/5745"}],"wp:attachment":[{"href":"https:\/\/www.travel-slovenia.si\/slo\/wp-json\/wp\/v2\/media?parent=4702"}],"curies":[{"name":"wp","href":"https:\/\/api.w.org\/{rel}","templated":true}]}}