{"id":4684,"date":"2016-01-10T22:38:24","date_gmt":"2016-01-10T21:38:24","guid":{"rendered":"https:\/\/www.travel-slovenia.si\/slo\/?page_id=4684"},"modified":"2020-05-18T10:39:18","modified_gmt":"2020-05-18T08:39:18","slug":"na-danasnji-dan","status":"publish","type":"page","link":"https:\/\/www.travel-slovenia.si\/slo\/na-danasnji-dan\/","title":{"rendered":"Na dana\u0161nji dan"},"content":{"rendered":"<p>Zgodilo se je na dana\u0161nji dan v Sloveniji!<\/p>\n<p>JANUAR<br \/>\n1 &#8211; 2 &#8211; 3 &#8211; <a href=\"https:\/\/www.travel-slovenia.si\/slo\/4-januar\/\">4<\/a> &#8211; 5 &#8211; 6 &#8211; 7 &#8211; 8 &#8211; 9 &#8211; 10 &#8211; 11 &#8211; 12 &#8211; 13 &#8211; 14- 15 &#8211; 16 &#8211; 17 &#8211; 18 &#8211; 19 &#8211; <a href=\"https:\/\/www.travel-slovenia.si\/slo\/20-januar\/\">20<\/a> &#8211; 21 &#8211; 22 &#8211; <a href=\"https:\/\/www.travel-slovenia.si\/slo\/23-januar\/\">23<\/a> &#8211; 24 &#8211; 25 &#8211; 26 &#8211; 27 &#8211; <a href=\"https:\/\/www.travel-slovenia.si\/slo\/28-januar\/\">28<\/a> &#8211; 29 &#8211; <a href=\"https:\/\/www.travel-slovenia.si\/slo\/30-januar\/\">30<\/a> &#8211; <a href=\"https:\/\/www.travel-slovenia.si\/slo\/31-januar\/\">31<\/a><\/p>\n<p>&nbsp;<\/p>\n<p>FEBRUAR<br \/>\n<a href=\"https:\/\/www.travel-slovenia.si\/slo\/1-februar\/\">1<\/a> &#8211; 2 &#8211; 3 &#8211; <a href=\"https:\/\/www.travel-slovenia.si\/slo\/4-februar\/\">4<\/a> &#8211; <a href=\"https:\/\/www.travel-slovenia.si\/slo\/5-februar\/\">5<\/a> &#8211; 6 &#8211; 7 &#8211; <a href=\"https:\/\/www.travel-slovenia.si\/slo\/8-februar\/\">8<\/a> &#8211; 9 &#8211; 10 &#8211; <a href=\"https:\/\/www.travel-slovenia.si\/slo\/11-februar\/\">11<\/a> &#8211; 12 &#8211; 13 &#8211; 14 &#8211; 15 &#8211; <a href=\"https:\/\/www.travel-slovenia.si\/slo\/16-februar\/\">16<\/a> &#8211; 17 &#8211; 18 &#8211; 19 &#8211; 20 &#8211; 21 &#8211; 22 &#8211; <a href=\"https:\/\/www.travel-slovenia.si\/slo\/23-februar\/\">23<\/a> &#8211; 24 &#8211; 25 &#8211; 26 &#8211; 27 &#8211; 28 &#8211; 29<\/p>\n<p>&nbsp;<\/p>\n<p>MAREC<br \/>\n<a href=\"https:\/\/www.travel-slovenia.si\/slo\/1-marec\/\">1<\/a> &#8211; 2 &#8211; 3 &#8211; 4 &#8211; 5 &#8211; 6 &#8211; 7 &#8211; 8 &#8211; <a href=\"https:\/\/www.travel-slovenia.si\/slo\/9-marec\/\">9<\/a> &#8211; 10 &#8211; 11 &#8211; <a href=\"https:\/\/www.travel-slovenia.si\/slo\/12-marec\/\">12<\/a> &#8211; <a href=\"https:\/\/www.travel-slovenia.si\/slo\/13-marec\/\">13<\/a> &#8211; 14 &#8211; 15 &#8211; <a href=\"https:\/\/www.travel-slovenia.si\/slo\/16-marec\/\">16<\/a> &#8211; 17 &#8211; <a href=\"https:\/\/www.travel-slovenia.si\/slo\/18-marec\/\">18<\/a> &#8211; 19 &#8211; 20 &#8211; 21 &#8211; 22 &#8211; 23 &#8211; 24 &#8211; 25 &#8211; 26 &#8211; <a href=\"https:\/\/www.travel-slovenia.si\/slo\/27-marec\/\">27<\/a> &#8211; 28 &#8211; 29 &#8211; 30 &#8211; <a href=\"https:\/\/www.travel-slovenia.si\/slo\/31-marec\/\">31<\/a><\/p>\n<p>&nbsp;<\/p>\n<p>APRIL<br \/>\n1 &#8211; 2 &#8211; 3 &#8211; 4 &#8211; <a href=\"https:\/\/www.travel-slovenia.si\/slo\/5-april\/\">5<\/a> &#8211; 6 &#8211; <a href=\"https:\/\/www.travel-slovenia.si\/slo\/7-april\/\">7<\/a> &#8211; 8 &#8211; 9 &#8211; 10 &#8211; 11 &#8211; 12 &#8211; 13 &#8211; 14 &#8211; 15 &#8211; 16 &#8211; 17 &#8211; <a href=\"https:\/\/www.travel-slovenia.si\/slo\/18-april\/\">18<\/a> &#8211; 19 &#8211; 20 &#8211; 21 &#8211; 22 &#8211; 23 &#8211; 24 &#8211; 25 &#8211; 26 &#8211; 27 &#8211; 28 &#8211; 29 &#8211; 30<\/p>\n<p>&nbsp;<\/p>\n<p>MAJ<br \/>\n1 &#8211; 2 &#8211; 3 &#8211; 4 &#8211; <a href=\"https:\/\/www.travel-slovenia.si\/slo\/5-maj\/\">5<\/a> &#8211; 6 &#8211; 7 &#8211; 8 &#8211; 9 &#8211; 10 &#8211; 11 &#8211; <a href=\"https:\/\/www.travel-slovenia.si\/slo\/12-maj\/\">12<\/a> &#8211; 13 &#8211; 14 &#8211; 15 &#8211; 16 &#8211; 17 &#8211; <a href=\"https:\/\/www.travel-slovenia.si\/slo\/18-maj\/\">18<\/a> &#8211; 19 &#8211; 20 &#8211; 21 &#8211; 22 &#8211; 23 &#8211; 24 &#8211; <a href=\"https:\/\/www.travel-slovenia.si\/slo\/25-maj\/\">25<\/a> &#8211; 26 &#8211; 27 &#8211; 28 &#8211; 29 &#8211; 30 &#8211; 31<\/p>\n<p>&nbsp;<\/p>\n<p>JUNIJ<br \/>\n<a href=\"https:\/\/www.travel-slovenia.si\/slo\/1-junij\/\">1<\/a> &#8211; <a href=\"https:\/\/www.travel-slovenia.si\/slo\/2-junij\/\">2<\/a> &#8211; 3 &#8211; 4 &#8211; 5 &#8211; 6 &#8211; 7 &#8211; 8 &#8211; 9 &#8211; 10 &#8211; 11 &#8211; 12\u00a0&#8211; <a href=\"https:\/\/www.travel-slovenia.si\/slo\/13-junij\/\">13<\/a> &#8211; 14 &#8211; 15 &#8211; 16 &#8211; 17 &#8211; 18 &#8211; 19 &#8211; 20 &#8211; 21 &#8211; 22 &#8211; 23 &#8211; <a href=\"https:\/\/www.travel-slovenia.si\/slo\/24-junij\/\">24<\/a>\u00a0&#8211; <a href=\"https:\/\/www.travel-slovenia.si\/slo\/25-junij\/\">25<\/a>\u00a0&#8211; 26 &#8211; 27 &#8211; 28 &#8211; <a href=\"https:\/\/www.travel-slovenia.si\/slo\/29-junij\/\">29<\/a> &#8211; <a href=\"https:\/\/www.travel-slovenia.si\/slo\/30-junij\/\">30<\/a><\/p>\n<p>&nbsp;<\/p>\n<p>JULIJ<br \/>\n1 &#8211; 2 &#8211; 3 &#8211; 4 &#8211; <a href=\"https:\/\/www.travel-slovenia.si\/slo\/5-julij\/\">5<\/a> &#8211; 6 &#8211; <a href=\"https:\/\/www.travel-slovenia.si\/slo\/7-julij\/\">7<\/a> &#8211; 8 &#8211; 9 &#8211; 10 &#8211; 11 &#8211; 12 &#8211; 13 &#8211; 14 &#8211; 15 &#8211; 16 &#8211; 17 &#8211; 18 &#8211; 19 &#8211; <a href=\"https:\/\/www.travel-slovenia.si\/slo\/20-julij\/\">20<\/a> &#8211; 21 &#8211; 22 &#8211; 23 &#8211; 24 &#8211; 25 &#8211; 26 &#8211; 27 &#8211; 28 &#8211; 29 &#8211; 30 &#8211; 31<\/p>\n<p>&nbsp;<\/p>\n<p>AVGUST<br \/>\n1 &#8211; 2 &#8211; 3 &#8211; 4 &#8211; 5 &#8211; 6 &#8211; 7 &#8211; 8 &#8211; 9 &#8211; 10 &#8211; 11 &#8211; 12 &#8211; 13 &#8211; 14 &#8211; 15 &#8211; 16 &#8211; <a href=\"https:\/\/www.travel-slovenia.si\/slo\/17-avgust\/\">17<\/a> &#8211; 18 &#8211; 19 &#8211; 20 &#8211;\u00a021 &#8211; 22 &#8211; 23 &#8211; 24 &#8211; 25 &#8211; 26 &#8211; 27 &#8211; 28 &#8211; <a href=\"https:\/\/www.travel-slovenia.si\/slo\/29-avgust\/\">29<\/a> &#8211; 30 &#8211; 31<\/p>\n<p>&nbsp;<\/p>\n<p>SEPTEMBER<br \/>\n1 &#8211; 2 &#8211; 3 &#8211; 4 &#8211; 5 &#8211; 6 &#8211; <a href=\"https:\/\/www.travel-slovenia.si\/slo\/7-september\/\">7<\/a> &#8211; 8 &#8211; 9 &#8211; 10 &#8211; 11 &#8211; 12 &#8211; 13 &#8211; <a href=\"https:\/\/www.travel-slovenia.si\/slo\/14-september\/\">14<\/a> &#8211; <a href=\"https:\/\/www.travel-slovenia.si\/slo\/15-september\/\">15<\/a> &#8211; 16 &#8211; <a href=\"https:\/\/www.travel-slovenia.si\/slo\/17-september\/\">17<\/a> &#8211; 18 &#8211; 19 &#8211;\u00a0<a href=\"https:\/\/www.travel-slovenia.si\/slo\/20-september\/\">20<\/a> &#8211;\u00a021 &#8211; 22 &#8211; 23 &#8211; 24 &#8211; 25 &#8211; 26 &#8211; 27 &#8211; <a href=\"https:\/\/www.travel-slovenia.si\/slo\/28-september\/\">28<\/a> &#8211; 29 &#8211; 30<\/p>\n<p>&nbsp;<\/p>\n<p>OKTOBER<br \/>\n1 &#8211; 2 &#8211; 3 &#8211; 4 &#8211; <a href=\"https:\/\/www.travel-slovenia.si\/slo\/5-oktober\/\">5<\/a> &#8211; <a href=\"https:\/\/www.travel-slovenia.si\/slo\/6-oktober\/\">6<\/a> &#8211; 7 &#8211; 8 &#8211; 9 &#8211; 10 &#8211; 11 &#8211; 12 &#8211; <a href=\"https:\/\/www.travel-slovenia.si\/slo\/13-oktober\/\">13<\/a> &#8211; <a href=\"https:\/\/www.travel-slovenia.si\/slo\/14-oktober\/\">14<\/a> &#8211; 15 &#8211; 16 &#8211; 17 &#8211; <a href=\"https:\/\/www.travel-slovenia.si\/slo\/18-oktober\/\">18<\/a> &#8211; <a href=\"https:\/\/www.travel-slovenia.si\/slo\/19-oktober\/\">19<\/a> &#8211; 20 &#8211; 21 &#8211; 22 &#8211; 23 &#8211; 24 &#8211; <a href=\"https:\/\/www.travel-slovenia.si\/slo\/25-oktober\/\">25<\/a> &#8211; 26 &#8211; 27 &#8211; 28 &#8211; 29 &#8211; 30 &#8211; 31<\/p>\n<p>&nbsp;<\/p>\n<p>NOVEMBER<br \/>\n1 &#8211; 2 &#8211; 3 &#8211; 4 &#8211; 5\u00a0&#8211; 6 &#8211; 7 &#8211; 8 &#8211; 9 &#8211; 10 &#8211; 11 &#8211; <a href=\"https:\/\/www.travel-slovenia.si\/slo\/12-november\/\">12<\/a> &#8211; 13 &#8211; 14\u00a0&#8211; 15 &#8211; 16 &#8211; <a href=\"https:\/\/www.travel-slovenia.si\/slo\/17-november\/\">17<\/a> &#8211; 18 &#8211; 19\u00a0&#8211; 20 &#8211; <a href=\"https:\/\/www.travel-slovenia.si\/slo\/21-november\/\">21<\/a> &#8211; 22 &#8211; <a href=\"https:\/\/www.travel-slovenia.si\/slo\/23-november\/\">23<\/a> &#8211; 24 &#8211; 25 &#8211; 26 &#8211; 27 &#8211; 28 &#8211; 29 &#8211; 30<\/p>\n<p>&nbsp;<\/p>\n<p>DECEMBER<br \/>\n1 &#8211; 2 &#8211; <a href=\"https:\/\/www.travel-slovenia.si\/slo\/3-december\/\">3<\/a> &#8211; 4 &#8211; 5\u00a0&#8211; 6 &#8211; 7 &#8211; 8 &#8211; 9 &#8211; 10 &#8211; 11 &#8211; 12 &#8211; <a href=\"https:\/\/www.travel-slovenia.si\/slo\/13-december\/\">13<\/a> &#8211; 14\u00a0&#8211; <a href=\"https:\/\/www.travel-slovenia.si\/slo\/15-december\/\">15<\/a> &#8211; 16 &#8211; 17 &#8211; 18 &#8211; 19\u00a0&#8211; 20 &#8211; 21\u00a0&#8211; <a href=\"https:\/\/www.travel-slovenia.si\/slo\/22-december\/\">22<\/a> &#8211; 23 &#8211; 24 &#8211; 25 &#8211; <a href=\"https:\/\/www.travel-slovenia.si\/slo\/26-december\/\">26<\/a> &#8211; 27 &#8211; 28 &#8211; 29 &#8211; 30 &#8211; 31<\/p>\n","protected":false},"excerpt":{"rendered":"<p>Zgodilo se je na dana\u0161nji dan v Sloveniji! JANUAR 1 &#8211; 2 &#8211; 3 &#8211; 4 &#8211; 5 &#8211; 6 &#8211; 7 &#8211; 8 &#8211; 9 &#8211; 10 &#8211; 11 &#8211; 12 &#8211; 13 &#8211; 14- 15 &#8211; 16 &#8211; 17 &#8211; 18 &#8211; 19 &#8211; 20 &#8211; 21 &#8211; 22 &#8211; 23 &#8211; 24 [&hellip;]<\/p>\n","protected":false},"author":111,"featured_media":0,"parent":0,"menu_order":0,"comment_status":"closed","ping_status":"closed","template":"","meta":{"footnotes":""},"class_list":["post-4684","page","type-page","status-publish","hentry"],"yoast_head":"<!-- This site is optimized with the Yoast SEO plugin v25.4 - https:\/\/yoast.com\/wordpress\/plugins\/seo\/ -->\n<title>Na dana\u0161nji dan - Travel Slovenia - Sledite lepotam na\u0161e male dr\u017eavice<\/title>\n<meta name=\"robots\" content=\"index, follow, max-snippet:-1, max-image-preview:large, max-video-preview:-1\" \/>\n<link rel=\"canonical\" href=\"https:\/\/www.travel-slovenia.si\/slo\/na-danasnji-dan\/\" \/>\n<meta property=\"og:locale\" content=\"sl_SI\" \/>\n<meta property=\"og:type\" content=\"article\" \/>\n<meta property=\"og:title\" content=\"Na dana\u0161nji dan - Travel Slovenia - Sledite lepotam na\u0161e male dr\u017eavice\" \/>\n<meta property=\"og:description\" content=\"Zgodilo se je na dana\u0161nji dan v Sloveniji! JANUAR 1 &#8211; 2 &#8211; 3 &#8211; 4 &#8211; 5 &#8211; 6 &#8211; 7 &#8211; 8 &#8211; 9 &#8211; 10 &#8211; 11 &#8211; 12 &#8211; 13 &#8211; 14- 15 &#8211; 16 &#8211; 17 &#8211; 18 &#8211; 19 &#8211; 20 &#8211; 21 &#8211; 22 &#8211; 23 &#8211; 24 [&hellip;]\" \/>\n<meta property=\"og:url\" content=\"https:\/\/www.travel-slovenia.si\/slo\/na-danasnji-dan\/\" \/>\n<meta property=\"og:site_name\" content=\"Travel Slovenia - Sledite lepotam na\u0161e male dr\u017eavice\" \/>\n<meta property=\"article:modified_time\" content=\"2020-05-18T08:39:18+00:00\" \/>\n<meta name=\"twitter:card\" content=\"summary_large_image\" \/>\n<meta name=\"twitter:label1\" content=\"Est. reading time\" \/>\n\t<meta name=\"twitter:data1\" content=\"2 minuti\" \/>\n<script type=\"application\/ld+json\" class=\"yoast-schema-graph\">{\"@context\":\"https:\/\/schema.org\",\"@graph\":[{\"@type\":\"WebPage\",\"@id\":\"https:\/\/www.travel-slovenia.si\/slo\/na-danasnji-dan\/\",\"url\":\"https:\/\/www.travel-slovenia.si\/slo\/na-danasnji-dan\/\",\"name\":\"Na dana\u0161nji dan - Travel Slovenia - Sledite lepotam na\u0161e male dr\u017eavice\",\"isPartOf\":{\"@id\":\"https:\/\/www.travel-slovenia.si\/slo\/#website\"},\"datePublished\":\"2016-01-10T21:38:24+00:00\",\"dateModified\":\"2020-05-18T08:39:18+00:00\",\"breadcrumb\":{\"@id\":\"https:\/\/www.travel-slovenia.si\/slo\/na-danasnji-dan\/#breadcrumb\"},\"inLanguage\":\"sl-SI\",\"potentialAction\":[{\"@type\":\"ReadAction\",\"target\":[\"https:\/\/www.travel-slovenia.si\/slo\/na-danasnji-dan\/\"]}]},{\"@type\":\"BreadcrumbList\",\"@id\":\"https:\/\/www.travel-slovenia.si\/slo\/na-danasnji-dan\/#breadcrumb\",\"itemListElement\":[{\"@type\":\"ListItem\",\"position\":1,\"name\":\"Home\",\"item\":\"https:\/\/www.travel-slovenia.si\/slo\/\"},{\"@type\":\"ListItem\",\"position\":2,\"name\":\"Na dana\u0161nji dan\"}]},{\"@type\":\"WebSite\",\"@id\":\"https:\/\/www.travel-slovenia.si\/slo\/#website\",\"url\":\"https:\/\/www.travel-slovenia.si\/slo\/\",\"name\":\"Travel Slovenia - Sledite lepotam na\u0161e male dr\u017eavice\",\"description\":\"\",\"potentialAction\":[{\"@type\":\"SearchAction\",\"target\":{\"@type\":\"EntryPoint\",\"urlTemplate\":\"https:\/\/www.travel-slovenia.si\/slo\/?s={search_term_string}\"},\"query-input\":{\"@type\":\"PropertyValueSpecification\",\"valueRequired\":true,\"valueName\":\"search_term_string\"}}],\"inLanguage\":\"sl-SI\"}]}<\/script>\n<!-- \/ Yoast SEO plugin. -->","yoast_head_json":{"title":"Na dana\u0161nji dan - Travel Slovenia - Sledite lepotam na\u0161e male dr\u017eavice","robots":{"index":"index","follow":"follow","max-snippet":"max-snippet:-1","max-image-preview":"max-image-preview:large","max-video-preview":"max-video-preview:-1"},"canonical":"https:\/\/www.travel-slovenia.si\/slo\/na-danasnji-dan\/","og_locale":"sl_SI","og_type":"article","og_title":"Na dana\u0161nji dan - Travel Slovenia - Sledite lepotam na\u0161e male dr\u017eavice","og_description":"Zgodilo se je na dana\u0161nji dan v Sloveniji! JANUAR 1 &#8211; 2 &#8211; 3 &#8211; 4 &#8211; 5 &#8211; 6 &#8211; 7 &#8211; 8 &#8211; 9 &#8211; 10 &#8211; 11 &#8211; 12 &#8211; 13 &#8211; 14- 15 &#8211; 16 &#8211; 17 &#8211; 18 &#8211; 19 &#8211; 20 &#8211; 21 &#8211; 22 &#8211; 23 &#8211; 24 [&hellip;]","og_url":"https:\/\/www.travel-slovenia.si\/slo\/na-danasnji-dan\/","og_site_name":"Travel Slovenia - Sledite lepotam na\u0161e male dr\u017eavice","article_modified_time":"2020-05-18T08:39:18+00:00","twitter_card":"summary_large_image","twitter_misc":{"Est. reading time":"2 minuti"},"schema":{"@context":"https:\/\/schema.org","@graph":[{"@type":"WebPage","@id":"https:\/\/www.travel-slovenia.si\/slo\/na-danasnji-dan\/","url":"https:\/\/www.travel-slovenia.si\/slo\/na-danasnji-dan\/","name":"Na dana\u0161nji dan - Travel Slovenia - Sledite lepotam na\u0161e male dr\u017eavice","isPartOf":{"@id":"https:\/\/www.travel-slovenia.si\/slo\/#website"},"datePublished":"2016-01-10T21:38:24+00:00","dateModified":"2020-05-18T08:39:18+00:00","breadcrumb":{"@id":"https:\/\/www.travel-slovenia.si\/slo\/na-danasnji-dan\/#breadcrumb"},"inLanguage":"sl-SI","potentialAction":[{"@type":"ReadAction","target":["https:\/\/www.travel-slovenia.si\/slo\/na-danasnji-dan\/"]}]},{"@type":"BreadcrumbList","@id":"https:\/\/www.travel-slovenia.si\/slo\/na-danasnji-dan\/#breadcrumb","itemListElement":[{"@type":"ListItem","position":1,"name":"Home","item":"https:\/\/www.travel-slovenia.si\/slo\/"},{"@type":"ListItem","position":2,"name":"Na dana\u0161nji dan"}]},{"@type":"WebSite","@id":"https:\/\/www.travel-slovenia.si\/slo\/#website","url":"https:\/\/www.travel-slovenia.si\/slo\/","name":"Travel Slovenia - Sledite lepotam na\u0161e male dr\u017eavice","description":"","potentialAction":[{"@type":"SearchAction","target":{"@type":"EntryPoint","urlTemplate":"https:\/\/www.travel-slovenia.si\/slo\/?s={search_term_string}"},"query-input":{"@type":"PropertyValueSpecification","valueRequired":true,"valueName":"search_term_string"}}],"inLanguage":"sl-SI"}]}},"post_mailing_queue_ids":[],"_links":{"self":[{"href":"https:\/\/www.travel-slovenia.si\/slo\/wp-json\/wp\/v2\/pages\/4684","targetHints":{"allow":["GET"]}}],"collection":[{"href":"https:\/\/www.travel-slovenia.si\/slo\/wp-json\/wp\/v2\/pages"}],"about":[{"href":"https:\/\/www.travel-slovenia.si\/slo\/wp-json\/wp\/v2\/types\/page"}],"author":[{"embeddable":true,"href":"https:\/\/www.travel-slovenia.si\/slo\/wp-json\/wp\/v2\/users\/111"}],"replies":[{"embeddable":true,"href":"https:\/\/www.travel-slovenia.si\/slo\/wp-json\/wp\/v2\/comments?post=4684"}],"version-history":[{"count":74,"href":"https:\/\/www.travel-slovenia.si\/slo\/wp-json\/wp\/v2\/pages\/4684\/revisions"}],"predecessor-version":[{"id":8921,"href":"https:\/\/www.travel-slovenia.si\/slo\/wp-json\/wp\/v2\/pages\/4684\/revisions\/8921"}],"wp:attachment":[{"href":"https:\/\/www.travel-slovenia.si\/slo\/wp-json\/wp\/v2\/media?parent=4684"}],"curies":[{"name":"wp","href":"https:\/\/api.w.org\/{rel}","templated":true}]}}