{"id":4558,"date":"2015-12-22T13:59:43","date_gmt":"2015-12-22T12:59:43","guid":{"rendered":"https:\/\/www.travel-slovenia.si\/slo\/?page_id=4558"},"modified":"2015-12-25T00:06:17","modified_gmt":"2015-12-24T23:06:17","slug":"cerkve-in-kapelice","status":"publish","type":"page","link":"https:\/\/www.travel-slovenia.si\/slo\/cerkve-in-kapelice\/","title":{"rendered":"Cerkve in kapelice"},"content":{"rendered":"<p style=\"text-align: justify;\">Slovenija ima po uradnih podatkih iz leta 1991 2887 cerkva, a se je ta \u0161tevilka do danes \u017ee nekoliko pove\u010dala. V Registru nepremi\u010dne kulturne dedi\u0161\u010dine Ministrstva za kulturo je registriranih 2341 cerkvenih objektov. Poleg ne-rimskokatoli\u0161kih cerkva imamo \u0161e baptisti\u010dno cerkev, evangeli\u010danske cerkve, gr\u0161kokatoli\u0161ki cerkvi in pravoslavno cerkev.<\/p>\n<p style=\"text-align: justify;\">Ve\u010dina slovenskih vasi, ki nima cerkve ima najverjetneje postavljeno kapelico. Navadno se nahajajo ob cesti, nekatere pa lahko najdemo na samotnih krajih sredi gozda. Kapelica je lahko sestavni del cerkve, nekatere pa se nahajajo tudi v drugih posvetnih zgradbah, kot so ve\u010dje bolni\u0161nice in zavodi.<\/p>\n<p style=\"text-align: justify;\"><strong><em><img loading=\"lazy\" decoding=\"async\" class=\"alignleft size-full wp-image-4471\" src=\"https:\/\/www.travel-slovenia.si\/slo\/wp-content\/uploads\/2014\/08\/travel-slovenia-sezana-cerkev-svetega-martina-view.jpg\" alt=\"travel-slovenia-sezana-cerkev-svetega-martina-view\" width=\"150\" height=\"150\" srcset=\"https:\/\/www.travel-slovenia.si\/slo\/wp-content\/uploads\/2014\/08\/travel-slovenia-sezana-cerkev-svetega-martina-view.jpg 150w, https:\/\/www.travel-slovenia.si\/slo\/wp-content\/uploads\/2014\/08\/travel-slovenia-sezana-cerkev-svetega-martina-view-83x83.jpg 83w, https:\/\/www.travel-slovenia.si\/slo\/wp-content\/uploads\/2014\/08\/travel-slovenia-sezana-cerkev-svetega-martina-view-55x55.jpg 55w, https:\/\/www.travel-slovenia.si\/slo\/wp-content\/uploads\/2014\/08\/travel-slovenia-sezana-cerkev-svetega-martina-view-24x24.jpg 24w, https:\/\/www.travel-slovenia.si\/slo\/wp-content\/uploads\/2014\/08\/travel-slovenia-sezana-cerkev-svetega-martina-view-36x36.jpg 36w, https:\/\/www.travel-slovenia.si\/slo\/wp-content\/uploads\/2014\/08\/travel-slovenia-sezana-cerkev-svetega-martina-view-48x48.jpg 48w\" sizes=\"auto, (max-width: 150px) 100vw, 150px\" \/>Cerkev<\/em><\/strong><br \/>\nCerkev je verska zgradba namenjena bogoslu\u017eju. Navadno gre za samostojno stavbo, pogosto s pripadajo\u010dim zvonikom. Le redko je ta zvonik lo\u010den od cerkve. Notranjost se deli na ladje in prezbiterij, kor in oltar. Imajo tudi stranske oltarje in zakristrijo, kjer se duhovnik in ministranti pripravijo na ma\u0161o. [<a href=\"https:\/\/www.travel-slovenia.si\/slo\/cerkve\/\">_Obi\u0161\u010dite lokacije_<\/a>]\n<p style=\"text-align: justify;\"><strong><em><img loading=\"lazy\" decoding=\"async\" class=\"alignleft size-full wp-image-3989\" src=\"https:\/\/www.travel-slovenia.si\/slo\/wp-content\/uploads\/2014\/08\/travel-slovenia-kapela-kristusa-kralja-view.jpg\" alt=\"travel-slovenia-kapela-kristusa-kralja-view\" width=\"150\" height=\"150\" srcset=\"https:\/\/www.travel-slovenia.si\/slo\/wp-content\/uploads\/2014\/08\/travel-slovenia-kapela-kristusa-kralja-view.jpg 150w, https:\/\/www.travel-slovenia.si\/slo\/wp-content\/uploads\/2014\/08\/travel-slovenia-kapela-kristusa-kralja-view-83x83.jpg 83w, https:\/\/www.travel-slovenia.si\/slo\/wp-content\/uploads\/2014\/08\/travel-slovenia-kapela-kristusa-kralja-view-55x55.jpg 55w, https:\/\/www.travel-slovenia.si\/slo\/wp-content\/uploads\/2014\/08\/travel-slovenia-kapela-kristusa-kralja-view-24x24.jpg 24w, https:\/\/www.travel-slovenia.si\/slo\/wp-content\/uploads\/2014\/08\/travel-slovenia-kapela-kristusa-kralja-view-36x36.jpg 36w, https:\/\/www.travel-slovenia.si\/slo\/wp-content\/uploads\/2014\/08\/travel-slovenia-kapela-kristusa-kralja-view-48x48.jpg 48w\" sizes=\"auto, (max-width: 150px) 100vw, 150px\" \/>Kapelica<\/em><\/strong><br \/>\nKapelica je manj\u0161a kr\u0161\u010danska bogoslu\u017ena zgradba, najve\u010dkrat stoji ob cesti. Po ve\u010dini so bile postavljene iz zaobljube v stiski ali nesre\u010di. Prostor navadno zado\u0161\u010da le za nekaj ljudi. V notranjosti ima majhen oltar s kri\u017eem, kipom ali sliko. Kapelice so po ve\u010dini odprte, le redkeje so \u010disto zaprte. [<a href=\"https:\/\/www.travel-slovenia.si\/slo\/kapelice\/\">_Obi\u0161\u010dite lokacije_<\/a>]\n","protected":false},"excerpt":{"rendered":"<p>Slovenija ima po uradnih podatkih iz leta 1991 2887 cerkva, a se je ta \u0161tevilka do danes \u017ee nekoliko pove\u010dala. V Registru nepremi\u010dne kulturne dedi\u0161\u010dine Ministrstva za kulturo je registriranih 2341 cerkvenih objektov. Poleg ne-rimskokatoli\u0161kih cerkva imamo \u0161e baptisti\u010dno cerkev, evangeli\u010danske cerkve, gr\u0161kokatoli\u0161ki cerkvi in pravoslavno cerkev. Ve\u010dina slovenskih vasi, ki nima cerkve ima najverjetneje [&hellip;]<\/p>\n","protected":false},"author":111,"featured_media":0,"parent":0,"menu_order":0,"comment_status":"closed","ping_status":"closed","template":"","meta":{"footnotes":""},"class_list":["post-4558","page","type-page","status-publish","hentry"],"yoast_head":"<!-- This site is optimized with the Yoast SEO plugin v25.4 - https:\/\/yoast.com\/wordpress\/plugins\/seo\/ -->\n<title>Cerkve in kapelice : Travel-Slovenia<\/title>\n<meta name=\"description\" content=\"Slovenija ima po uradnih podatkih iz leta 1991 2887 cerkva. Ve\u010dina slovenskih vasi, ki nimajo cerkve imajo najverjetneje postavljeno kapelico.\" \/>\n<meta name=\"robots\" content=\"index, follow, max-snippet:-1, max-image-preview:large, max-video-preview:-1\" \/>\n<link rel=\"canonical\" href=\"https:\/\/www.travel-slovenia.si\/slo\/cerkve-in-kapelice\/\" \/>\n<meta property=\"og:locale\" content=\"sl_SI\" \/>\n<meta property=\"og:type\" content=\"article\" \/>\n<meta property=\"og:title\" content=\"Cerkve in kapelice : Travel-Slovenia\" \/>\n<meta property=\"og:description\" content=\"Slovenija ima po uradnih podatkih iz leta 1991 2887 cerkva. Ve\u010dina slovenskih vasi, ki nimajo cerkve imajo najverjetneje postavljeno kapelico.\" \/>\n<meta property=\"og:url\" content=\"https:\/\/www.travel-slovenia.si\/slo\/cerkve-in-kapelice\/\" \/>\n<meta property=\"og:site_name\" content=\"Travel Slovenia - Sledite lepotam na\u0161e male dr\u017eavice\" \/>\n<meta property=\"article:modified_time\" content=\"2015-12-24T23:06:17+00:00\" \/>\n<meta property=\"og:image\" content=\"https:\/\/www.travel-slovenia.si\/slo\/wp-content\/uploads\/2015\/11\/travel-slovenia-cerkev-sv-nikolaja.jpg\" \/>\n\t<meta property=\"og:image:width\" content=\"600\" \/>\n\t<meta property=\"og:image:height\" content=\"450\" \/>\n\t<meta property=\"og:image:type\" content=\"image\/jpeg\" \/>\n<meta name=\"twitter:card\" content=\"summary_large_image\" \/>\n<meta name=\"twitter:title\" content=\"Cerkve in kapelice : Travel-Slovenia\" \/>\n<meta name=\"twitter:description\" content=\"Slovenija ima po uradnih podatkih iz leta 1991 2887 cerkva. Ve\u010dina slovenskih vasi, ki nimajo cerkve imajo najverjetneje postavljeno kapelico.\" \/>\n<meta name=\"twitter:image\" content=\"https:\/\/www.travel-slovenia.si\/slo\/wp-content\/uploads\/2015\/11\/travel-slovenia-cerkev-sv-nikolaja.jpg\" \/>\n<meta name=\"twitter:label1\" content=\"Est. reading time\" \/>\n\t<meta name=\"twitter:data1\" content=\"1 minuta\" \/>\n<script type=\"application\/ld+json\" class=\"yoast-schema-graph\">{\"@context\":\"https:\/\/schema.org\",\"@graph\":[{\"@type\":\"WebPage\",\"@id\":\"https:\/\/www.travel-slovenia.si\/slo\/cerkve-in-kapelice\/\",\"url\":\"https:\/\/www.travel-slovenia.si\/slo\/cerkve-in-kapelice\/\",\"name\":\"Cerkve in kapelice : Travel-Slovenia\",\"isPartOf\":{\"@id\":\"https:\/\/www.travel-slovenia.si\/slo\/#website\"},\"primaryImageOfPage\":{\"@id\":\"https:\/\/www.travel-slovenia.si\/slo\/cerkve-in-kapelice\/#primaryimage\"},\"image\":{\"@id\":\"https:\/\/www.travel-slovenia.si\/slo\/cerkve-in-kapelice\/#primaryimage\"},\"thumbnailUrl\":\"https:\/\/www.travel-slovenia.si\/slo\/wp-content\/uploads\/2014\/08\/travel-slovenia-sezana-cerkev-svetega-martina-view.jpg\",\"datePublished\":\"2015-12-22T12:59:43+00:00\",\"dateModified\":\"2015-12-24T23:06:17+00:00\",\"description\":\"Slovenija ima po uradnih podatkih iz leta 1991 2887 cerkva. Ve\u010dina slovenskih vasi, ki nimajo cerkve imajo najverjetneje postavljeno kapelico.\",\"breadcrumb\":{\"@id\":\"https:\/\/www.travel-slovenia.si\/slo\/cerkve-in-kapelice\/#breadcrumb\"},\"inLanguage\":\"sl-SI\",\"potentialAction\":[{\"@type\":\"ReadAction\",\"target\":[\"https:\/\/www.travel-slovenia.si\/slo\/cerkve-in-kapelice\/\"]}]},{\"@type\":\"ImageObject\",\"inLanguage\":\"sl-SI\",\"@id\":\"https:\/\/www.travel-slovenia.si\/slo\/cerkve-in-kapelice\/#primaryimage\",\"url\":\"https:\/\/www.travel-slovenia.si\/slo\/wp-content\/uploads\/2014\/08\/travel-slovenia-sezana-cerkev-svetega-martina-view.jpg\",\"contentUrl\":\"https:\/\/www.travel-slovenia.si\/slo\/wp-content\/uploads\/2014\/08\/travel-slovenia-sezana-cerkev-svetega-martina-view.jpg\",\"width\":150,\"height\":150},{\"@type\":\"BreadcrumbList\",\"@id\":\"https:\/\/www.travel-slovenia.si\/slo\/cerkve-in-kapelice\/#breadcrumb\",\"itemListElement\":[{\"@type\":\"ListItem\",\"position\":1,\"name\":\"Home\",\"item\":\"https:\/\/www.travel-slovenia.si\/slo\/\"},{\"@type\":\"ListItem\",\"position\":2,\"name\":\"Cerkve in kapelice\"}]},{\"@type\":\"WebSite\",\"@id\":\"https:\/\/www.travel-slovenia.si\/slo\/#website\",\"url\":\"https:\/\/www.travel-slovenia.si\/slo\/\",\"name\":\"Travel Slovenia - Sledite lepotam na\u0161e male dr\u017eavice\",\"description\":\"\",\"potentialAction\":[{\"@type\":\"SearchAction\",\"target\":{\"@type\":\"EntryPoint\",\"urlTemplate\":\"https:\/\/www.travel-slovenia.si\/slo\/?s={search_term_string}\"},\"query-input\":{\"@type\":\"PropertyValueSpecification\",\"valueRequired\":true,\"valueName\":\"search_term_string\"}}],\"inLanguage\":\"sl-SI\"}]}<\/script>\n<!-- \/ Yoast SEO plugin. -->","yoast_head_json":{"title":"Cerkve in kapelice : Travel-Slovenia","description":"Slovenija ima po uradnih podatkih iz leta 1991 2887 cerkva. Ve\u010dina slovenskih vasi, ki nimajo cerkve imajo najverjetneje postavljeno kapelico.","robots":{"index":"index","follow":"follow","max-snippet":"max-snippet:-1","max-image-preview":"max-image-preview:large","max-video-preview":"max-video-preview:-1"},"canonical":"https:\/\/www.travel-slovenia.si\/slo\/cerkve-in-kapelice\/","og_locale":"sl_SI","og_type":"article","og_title":"Cerkve in kapelice : Travel-Slovenia","og_description":"Slovenija ima po uradnih podatkih iz leta 1991 2887 cerkva. Ve\u010dina slovenskih vasi, ki nimajo cerkve imajo najverjetneje postavljeno kapelico.","og_url":"https:\/\/www.travel-slovenia.si\/slo\/cerkve-in-kapelice\/","og_site_name":"Travel Slovenia - Sledite lepotam na\u0161e male dr\u017eavice","article_modified_time":"2015-12-24T23:06:17+00:00","og_image":[{"width":600,"height":450,"url":"https:\/\/www.travel-slovenia.si\/slo\/wp-content\/uploads\/2015\/11\/travel-slovenia-cerkev-sv-nikolaja.jpg","type":"image\/jpeg"}],"twitter_card":"summary_large_image","twitter_title":"Cerkve in kapelice : Travel-Slovenia","twitter_description":"Slovenija ima po uradnih podatkih iz leta 1991 2887 cerkva. Ve\u010dina slovenskih vasi, ki nimajo cerkve imajo najverjetneje postavljeno kapelico.","twitter_image":"https:\/\/www.travel-slovenia.si\/slo\/wp-content\/uploads\/2015\/11\/travel-slovenia-cerkev-sv-nikolaja.jpg","twitter_misc":{"Est. reading time":"1 minuta"},"schema":{"@context":"https:\/\/schema.org","@graph":[{"@type":"WebPage","@id":"https:\/\/www.travel-slovenia.si\/slo\/cerkve-in-kapelice\/","url":"https:\/\/www.travel-slovenia.si\/slo\/cerkve-in-kapelice\/","name":"Cerkve in kapelice : Travel-Slovenia","isPartOf":{"@id":"https:\/\/www.travel-slovenia.si\/slo\/#website"},"primaryImageOfPage":{"@id":"https:\/\/www.travel-slovenia.si\/slo\/cerkve-in-kapelice\/#primaryimage"},"image":{"@id":"https:\/\/www.travel-slovenia.si\/slo\/cerkve-in-kapelice\/#primaryimage"},"thumbnailUrl":"https:\/\/www.travel-slovenia.si\/slo\/wp-content\/uploads\/2014\/08\/travel-slovenia-sezana-cerkev-svetega-martina-view.jpg","datePublished":"2015-12-22T12:59:43+00:00","dateModified":"2015-12-24T23:06:17+00:00","description":"Slovenija ima po uradnih podatkih iz leta 1991 2887 cerkva. Ve\u010dina slovenskih vasi, ki nimajo cerkve imajo najverjetneje postavljeno kapelico.","breadcrumb":{"@id":"https:\/\/www.travel-slovenia.si\/slo\/cerkve-in-kapelice\/#breadcrumb"},"inLanguage":"sl-SI","potentialAction":[{"@type":"ReadAction","target":["https:\/\/www.travel-slovenia.si\/slo\/cerkve-in-kapelice\/"]}]},{"@type":"ImageObject","inLanguage":"sl-SI","@id":"https:\/\/www.travel-slovenia.si\/slo\/cerkve-in-kapelice\/#primaryimage","url":"https:\/\/www.travel-slovenia.si\/slo\/wp-content\/uploads\/2014\/08\/travel-slovenia-sezana-cerkev-svetega-martina-view.jpg","contentUrl":"https:\/\/www.travel-slovenia.si\/slo\/wp-content\/uploads\/2014\/08\/travel-slovenia-sezana-cerkev-svetega-martina-view.jpg","width":150,"height":150},{"@type":"BreadcrumbList","@id":"https:\/\/www.travel-slovenia.si\/slo\/cerkve-in-kapelice\/#breadcrumb","itemListElement":[{"@type":"ListItem","position":1,"name":"Home","item":"https:\/\/www.travel-slovenia.si\/slo\/"},{"@type":"ListItem","position":2,"name":"Cerkve in kapelice"}]},{"@type":"WebSite","@id":"https:\/\/www.travel-slovenia.si\/slo\/#website","url":"https:\/\/www.travel-slovenia.si\/slo\/","name":"Travel Slovenia - Sledite lepotam na\u0161e male dr\u017eavice","description":"","potentialAction":[{"@type":"SearchAction","target":{"@type":"EntryPoint","urlTemplate":"https:\/\/www.travel-slovenia.si\/slo\/?s={search_term_string}"},"query-input":{"@type":"PropertyValueSpecification","valueRequired":true,"valueName":"search_term_string"}}],"inLanguage":"sl-SI"}]}},"post_mailing_queue_ids":[],"_links":{"self":[{"href":"https:\/\/www.travel-slovenia.si\/slo\/wp-json\/wp\/v2\/pages\/4558","targetHints":{"allow":["GET"]}}],"collection":[{"href":"https:\/\/www.travel-slovenia.si\/slo\/wp-json\/wp\/v2\/pages"}],"about":[{"href":"https:\/\/www.travel-slovenia.si\/slo\/wp-json\/wp\/v2\/types\/page"}],"author":[{"embeddable":true,"href":"https:\/\/www.travel-slovenia.si\/slo\/wp-json\/wp\/v2\/users\/111"}],"replies":[{"embeddable":true,"href":"https:\/\/www.travel-slovenia.si\/slo\/wp-json\/wp\/v2\/comments?post=4558"}],"version-history":[{"count":15,"href":"https:\/\/www.travel-slovenia.si\/slo\/wp-json\/wp\/v2\/pages\/4558\/revisions"}],"predecessor-version":[{"id":4577,"href":"https:\/\/www.travel-slovenia.si\/slo\/wp-json\/wp\/v2\/pages\/4558\/revisions\/4577"}],"wp:attachment":[{"href":"https:\/\/www.travel-slovenia.si\/slo\/wp-json\/wp\/v2\/media?parent=4558"}],"curies":[{"name":"wp","href":"https:\/\/api.w.org\/{rel}","templated":true}]}}