{"id":4369,"date":"2015-11-14T14:03:25","date_gmt":"2015-11-14T13:03:25","guid":{"rendered":"https:\/\/www.travel-slovenia.si\/slo\/?page_id=4369"},"modified":"2015-12-25T21:31:00","modified_gmt":"2015-12-25T20:31:00","slug":"tam-na-pugled-gori","status":"publish","type":"page","link":"https:\/\/www.travel-slovenia.si\/slo\/tam-na-pugled-gori\/","title":{"rendered":"Tam na Pugled gori"},"content":{"rendered":"<figure id=\"attachment_4371\" class=\"wp-caption alignleft\" style=\"max-width: 300px\"><img loading=\"lazy\" decoding=\"async\" class=\"size-medium wp-image-4371\" src=\"https:\/\/www.travel-slovenia.si\/slo\/wp-content\/uploads\/2015\/11\/travel-slovenia-pugled-tam-na-pugled-gori-300x261.jpg\" alt=\"\u010clanek v \u010dasopisu Na\u0161a skupnost z naslovom Tam na Pugled gori\" width=\"300\" height=\"261\" srcset=\"https:\/\/www.travel-slovenia.si\/slo\/wp-content\/uploads\/2015\/11\/travel-slovenia-pugled-tam-na-pugled-gori-300x261.jpg 300w, https:\/\/www.travel-slovenia.si\/slo\/wp-content\/uploads\/2015\/11\/travel-slovenia-pugled-tam-na-pugled-gori-24x21.jpg 24w, https:\/\/www.travel-slovenia.si\/slo\/wp-content\/uploads\/2015\/11\/travel-slovenia-pugled-tam-na-pugled-gori-36x31.jpg 36w, https:\/\/www.travel-slovenia.si\/slo\/wp-content\/uploads\/2015\/11\/travel-slovenia-pugled-tam-na-pugled-gori-48x42.jpg 48w, https:\/\/www.travel-slovenia.si\/slo\/wp-content\/uploads\/2015\/11\/travel-slovenia-pugled-tam-na-pugled-gori.jpg 600w\" sizes=\"auto, (max-width: 300px) 100vw, 300px\" \/><figcaption class=\"wp-caption-text\">\u010clanek v \u010dasopisu Na\u0161a skupnost z naslovom Tam na Pugled gori<\/figcaption><\/figure>\n<p style=\"text-align: justify;\">Po narodni pesmi napisano pesem Tam na Pugled gori so peli slovenski vojaki med prvo svetovno vojno v Karpatih. Pesem Tam na Pugled gori je nastala po bojih na Pugledu, ki jo je spisal Ludvik Kukavica. Pesem je postala partizanska borbena in potem vseljudska pesem. Kasneje jo je uglasbil skladatelj Janez Kuhar. S to pesmijo je Ludvik Kukovica postal znan kot ljudski pesnik.<\/p>\n<p>&nbsp;<br \/>\n&nbsp;<br \/>\n&nbsp;<br \/>\n&nbsp;<\/p>\n<h3 style=\"text-align: center;\">TAM NA PUGLED GORI<\/h3>\n<p style=\"text-align: center;\">Tam na Pugled gori, tam so hudi boji.<br \/>\nMimo pa koraka \u010deta partizanov.<br \/>\nVsi so \u010dvrsti, zdravi, samo eden ranjen.<\/p>\n<p style=\"text-align: center;\">Ranjen milo prosi, skopljite mi jamo.<br \/>\nPu\u0161ko na globoko, sabljo na \u0161iroko.<br \/>\nVanjo polo\u017eite moje mrtvo truplo.<\/p>\n<p style=\"text-align: center;\">Zunaj pa pustite mojo desno roko.<br \/>\nVanjo polo\u017eite mojo zvesto pu\u0161ko.<br \/>\nNaj se pu\u0161ka jo\u010de, \u010de se dekle no\u010de.<\/p>\n<p style=\"text-align: center;\">Dekle bi jokalo, \u010de bi sirota znalo.<br \/>\nPu\u0161ka zaropo\u010de, dekle pa zajo\u010de.<br \/>\nVstani ljubi, dragi, svobode \u017ear se drami.<\/p>\n<p>&nbsp;<\/p>\n<table>\n<tbody>\n<tr>\n<td style=\"text-align: center;\"><a href=\"https:\/\/www.travel-slovenia.si\/slo\/v-besedi\/\"><img loading=\"lazy\" decoding=\"async\" class=\"alignleft wp-image-4499 size-full\" src=\"https:\/\/www.travel-slovenia.si\/slo\/wp-content\/uploads\/2014\/09\/travel-slovenia-povezava-na-drugo.jpg\" alt=\"travel-slovenia-povezava-na-drugo\" width=\"128\" height=\"22\" srcset=\"https:\/\/www.travel-slovenia.si\/slo\/wp-content\/uploads\/2014\/09\/travel-slovenia-povezava-na-drugo.jpg 128w, https:\/\/www.travel-slovenia.si\/slo\/wp-content\/uploads\/2014\/09\/travel-slovenia-povezava-na-drugo-24x4.jpg 24w, https:\/\/www.travel-slovenia.si\/slo\/wp-content\/uploads\/2014\/09\/travel-slovenia-povezava-na-drugo-36x6.jpg 36w, https:\/\/www.travel-slovenia.si\/slo\/wp-content\/uploads\/2014\/09\/travel-slovenia-povezava-na-drugo-48x8.jpg 48w\" sizes=\"auto, (max-width: 128px) 100vw, 128px\" \/><\/a><a href=\"https:\/\/www.travel-slovenia.si\/slo\/v-besedi\/\">Poglejte \u0161e druga besedila o Sloveniji!<\/a><a href=\"https:\/\/www.travel-slovenia.si\/slo\/v-besedi\/\"><img loading=\"lazy\" decoding=\"async\" class=\"alignright wp-image-4500 size-full\" src=\"https:\/\/www.travel-slovenia.si\/slo\/wp-content\/uploads\/2014\/09\/travel-slovenia-povezava-na-drugo2.jpg\" alt=\"travel-slovenia-povezava-na-drugo2\" width=\"128\" height=\"22\" srcset=\"https:\/\/www.travel-slovenia.si\/slo\/wp-content\/uploads\/2014\/09\/travel-slovenia-povezava-na-drugo2.jpg 128w, https:\/\/www.travel-slovenia.si\/slo\/wp-content\/uploads\/2014\/09\/travel-slovenia-povezava-na-drugo2-24x4.jpg 24w, https:\/\/www.travel-slovenia.si\/slo\/wp-content\/uploads\/2014\/09\/travel-slovenia-povezava-na-drugo2-36x6.jpg 36w, https:\/\/www.travel-slovenia.si\/slo\/wp-content\/uploads\/2014\/09\/travel-slovenia-povezava-na-drugo2-48x8.jpg 48w\" sizes=\"auto, (max-width: 128px) 100vw, 128px\" \/><\/a><\/td>\n<\/tr>\n<\/tbody>\n<\/table>\n<p>&nbsp;<\/p>\n<hr \/>\n<p style=\"text-align: justify;\"><strong><em><img loading=\"lazy\" decoding=\"async\" class=\"alignleft size-full wp-image-4345\" src=\"https:\/\/www.travel-slovenia.si\/slo\/wp-content\/uploads\/2015\/11\/travel-slovenia-pugled-view.jpg\" alt=\"travel-slovenia-pugled-view\" width=\"150\" height=\"150\" srcset=\"https:\/\/www.travel-slovenia.si\/slo\/wp-content\/uploads\/2015\/11\/travel-slovenia-pugled-view.jpg 150w, https:\/\/www.travel-slovenia.si\/slo\/wp-content\/uploads\/2015\/11\/travel-slovenia-pugled-view-83x83.jpg 83w, https:\/\/www.travel-slovenia.si\/slo\/wp-content\/uploads\/2015\/11\/travel-slovenia-pugled-view-55x55.jpg 55w, https:\/\/www.travel-slovenia.si\/slo\/wp-content\/uploads\/2015\/11\/travel-slovenia-pugled-view-24x24.jpg 24w, https:\/\/www.travel-slovenia.si\/slo\/wp-content\/uploads\/2015\/11\/travel-slovenia-pugled-view-36x36.jpg 36w, https:\/\/www.travel-slovenia.si\/slo\/wp-content\/uploads\/2015\/11\/travel-slovenia-pugled-view-48x48.jpg 48w\" sizes=\"auto, (max-width: 150px) 100vw, 150px\" \/>Pugled<br \/>\n<\/em><\/strong> Pugled se nahaja na obrobju Mestne ob\u010dine Ljubljana, za vasjo Veliki Lipoglav. Hrib je visok 615 metrov in pora\u0161\u010den z gozdom, zato je pogled z vrha omejen. Na vrhu Pugleda je postavljen spomenik NOB v spomin 2. partizanskemu bataljonu. Vzpon na vrh ni te\u017eak, zato predstavlja lep sprehod v senci dreves.\u00a0[<a href=\"https:\/\/www.travel-slovenia.si\/slo\/location\/pugled\/\">_Preberite ve\u010d_<\/a>]\n<hr \/>\n<p style=\"text-align: justify;\"><strong><em><img loading=\"lazy\" decoding=\"async\" class=\"alignleft size-full wp-image-4367\" src=\"https:\/\/www.travel-slovenia.si\/slo\/wp-content\/uploads\/2015\/11\/travel-slovenia-pugled-nob-spomenik-view.jpg\" alt=\"travel-slovenia-pugled-nob-spomenik-view\" width=\"150\" height=\"150\" srcset=\"https:\/\/www.travel-slovenia.si\/slo\/wp-content\/uploads\/2015\/11\/travel-slovenia-pugled-nob-spomenik-view.jpg 150w, https:\/\/www.travel-slovenia.si\/slo\/wp-content\/uploads\/2015\/11\/travel-slovenia-pugled-nob-spomenik-view-83x83.jpg 83w, https:\/\/www.travel-slovenia.si\/slo\/wp-content\/uploads\/2015\/11\/travel-slovenia-pugled-nob-spomenik-view-55x55.jpg 55w, https:\/\/www.travel-slovenia.si\/slo\/wp-content\/uploads\/2015\/11\/travel-slovenia-pugled-nob-spomenik-view-24x24.jpg 24w, https:\/\/www.travel-slovenia.si\/slo\/wp-content\/uploads\/2015\/11\/travel-slovenia-pugled-nob-spomenik-view-36x36.jpg 36w, https:\/\/www.travel-slovenia.si\/slo\/wp-content\/uploads\/2015\/11\/travel-slovenia-pugled-nob-spomenik-view-48x48.jpg 48w\" sizes=\"auto, (max-width: 150px) 100vw, 150px\" \/>NOB spomenika na Pugledu<br \/>\n<\/em><\/strong> Obmo\u010dje okrog vrha Pugleda je spominsko obmo\u010dje, ki je bilo urejeno leta 1976. Tu se je nahajal tabor 2. \u0160tajerskega bataljona in II. grupe odredov. Na tem obmo\u010dju se nahaja piramida posve\u010dena v spomin \u0161tirim partizanom 2. bataljona in\u00a0obele\u017eje posve\u010deno boju partizanov z italijanskimi fa\u0161isti istega leta. [<a href=\"https:\/\/www.travel-slovenia.si\/slo\/location\/nob-spomenika-na-pugledu\/\"><span style=\"color: #7fa500;\">_Preberite ve\u010d_<\/span><\/a>]\n<hr \/>\n<p style=\"text-align: justify;\"><img loading=\"lazy\" decoding=\"async\" class=\"alignleft size-full wp-image-4383\" src=\"https:\/\/www.travel-slovenia.si\/slo\/wp-content\/uploads\/2015\/11\/travel-slovenia-ludvik-kukavica-view.jpg\" alt=\"travel-slovenia-ludvik-kukavica-view\" width=\"150\" height=\"150\" srcset=\"https:\/\/www.travel-slovenia.si\/slo\/wp-content\/uploads\/2015\/11\/travel-slovenia-ludvik-kukavica-view.jpg 150w, https:\/\/www.travel-slovenia.si\/slo\/wp-content\/uploads\/2015\/11\/travel-slovenia-ludvik-kukavica-view-83x83.jpg 83w, https:\/\/www.travel-slovenia.si\/slo\/wp-content\/uploads\/2015\/11\/travel-slovenia-ludvik-kukavica-view-55x55.jpg 55w, https:\/\/www.travel-slovenia.si\/slo\/wp-content\/uploads\/2015\/11\/travel-slovenia-ludvik-kukavica-view-24x24.jpg 24w, https:\/\/www.travel-slovenia.si\/slo\/wp-content\/uploads\/2015\/11\/travel-slovenia-ludvik-kukavica-view-36x36.jpg 36w, https:\/\/www.travel-slovenia.si\/slo\/wp-content\/uploads\/2015\/11\/travel-slovenia-ludvik-kukavica-view-48x48.jpg 48w\" sizes=\"auto, (max-width: 150px) 100vw, 150px\" \/><strong><em>Ludvik Kukavica<\/em><\/strong><br \/>\nLudvik Kukavica se je rodil leta 1908 v Zgornjem Ka\u0161lju pri Ljubljani, umrl pa leta 1982. 16.7.1941 se je priklju\u010dil partizanski skupini na Pugledu iz katere je aprila 1942 nastala skupina II. grupe odredov. In ravno tu je do\u017eivel svoj ognjeni krst, ko so nemci vdrli v Jan\u010de in so nemci v tem spopadu izgubili. [<a href=\"https:\/\/www.travel-slovenia.si\/slo\/ludvik-kukavica\/\">_Preberite ve\u010d_<\/a>]\n","protected":false},"excerpt":{"rendered":"<p>Po narodni pesmi napisano pesem Tam na Pugled gori so peli slovenski vojaki med prvo svetovno vojno v Karpatih. Pesem Tam na Pugled gori je nastala po bojih na Pugledu, ki jo je spisal Ludvik Kukavica. Pesem je postala partizanska borbena in potem vseljudska pesem. Kasneje jo je uglasbil skladatelj Janez Kuhar. S to pesmijo [&hellip;]<\/p>\n","protected":false},"author":111,"featured_media":0,"parent":0,"menu_order":0,"comment_status":"closed","ping_status":"closed","template":"","meta":{"footnotes":""},"class_list":["post-4369","page","type-page","status-publish","hentry"],"yoast_head":"<!-- This site is optimized with the Yoast SEO plugin v25.4 - https:\/\/yoast.com\/wordpress\/plugins\/seo\/ -->\n<title>Tam na Pugled gori : Travel-Slovenia<\/title>\n<meta name=\"description\" content=\"Po narodni pesmi napisano pesem Tam na Pugled gori so peli slovenski vojaki med prvo svetovno vojno v Karpatih, nastala je po bojih na Pugledu.\" \/>\n<meta name=\"robots\" content=\"index, follow, max-snippet:-1, max-image-preview:large, max-video-preview:-1\" \/>\n<link rel=\"canonical\" href=\"https:\/\/www.travel-slovenia.si\/slo\/tam-na-pugled-gori\/\" \/>\n<meta property=\"og:locale\" content=\"sl_SI\" \/>\n<meta property=\"og:type\" content=\"article\" \/>\n<meta property=\"og:title\" content=\"Tam na Pugled gori : Travel-Slovenia\" \/>\n<meta property=\"og:description\" content=\"Po narodni pesmi napisano pesem Tam na Pugled gori so peli slovenski vojaki med prvo svetovno vojno v Karpatih, nastala je po bojih na Pugledu.\" \/>\n<meta property=\"og:url\" content=\"https:\/\/www.travel-slovenia.si\/slo\/tam-na-pugled-gori\/\" \/>\n<meta property=\"og:site_name\" content=\"Travel Slovenia - Sledite lepotam na\u0161e male dr\u017eavice\" \/>\n<meta property=\"article:modified_time\" content=\"2015-12-25T20:31:00+00:00\" \/>\n<meta property=\"og:image\" content=\"https:\/\/www.travel-slovenia.si\/slo\/wp-content\/uploads\/2015\/11\/travel-slovenia-pugled-tam-na-pugled-gori.jpg\" \/>\n\t<meta property=\"og:image:width\" content=\"600\" \/>\n\t<meta property=\"og:image:height\" content=\"521\" \/>\n\t<meta property=\"og:image:type\" content=\"image\/jpeg\" \/>\n<meta name=\"twitter:card\" content=\"summary_large_image\" \/>\n<meta name=\"twitter:title\" content=\"Tam na Pugled gori : Travel-Slovenia\" \/>\n<meta name=\"twitter:description\" content=\"Po narodni pesmi napisano pesem Tam na Pugled gori so peli slovenski vojaki med prvo svetovno vojno v Karpatih, nastala je po bojih na Pugledu.\" \/>\n<meta name=\"twitter:image\" content=\"https:\/\/www.travel-slovenia.si\/slo\/wp-content\/uploads\/2015\/11\/travel-slovenia-pugled-tam-na-pugled-gori.jpg\" \/>\n<meta name=\"twitter:label1\" content=\"Est. reading time\" \/>\n\t<meta name=\"twitter:data1\" content=\"2 minuti\" \/>\n<script type=\"application\/ld+json\" class=\"yoast-schema-graph\">{\"@context\":\"https:\/\/schema.org\",\"@graph\":[{\"@type\":\"WebPage\",\"@id\":\"https:\/\/www.travel-slovenia.si\/slo\/tam-na-pugled-gori\/\",\"url\":\"https:\/\/www.travel-slovenia.si\/slo\/tam-na-pugled-gori\/\",\"name\":\"Tam na Pugled gori : Travel-Slovenia\",\"isPartOf\":{\"@id\":\"https:\/\/www.travel-slovenia.si\/slo\/#website\"},\"primaryImageOfPage\":{\"@id\":\"https:\/\/www.travel-slovenia.si\/slo\/tam-na-pugled-gori\/#primaryimage\"},\"image\":{\"@id\":\"https:\/\/www.travel-slovenia.si\/slo\/tam-na-pugled-gori\/#primaryimage\"},\"thumbnailUrl\":\"https:\/\/www.travel-slovenia.si\/slo\/wp-content\/uploads\/2015\/11\/travel-slovenia-pugled-tam-na-pugled-gori-300x261.jpg\",\"datePublished\":\"2015-11-14T13:03:25+00:00\",\"dateModified\":\"2015-12-25T20:31:00+00:00\",\"description\":\"Po narodni pesmi napisano pesem Tam na Pugled gori so peli slovenski vojaki med prvo svetovno vojno v Karpatih, nastala je po bojih na Pugledu.\",\"breadcrumb\":{\"@id\":\"https:\/\/www.travel-slovenia.si\/slo\/tam-na-pugled-gori\/#breadcrumb\"},\"inLanguage\":\"sl-SI\",\"potentialAction\":[{\"@type\":\"ReadAction\",\"target\":[\"https:\/\/www.travel-slovenia.si\/slo\/tam-na-pugled-gori\/\"]}]},{\"@type\":\"ImageObject\",\"inLanguage\":\"sl-SI\",\"@id\":\"https:\/\/www.travel-slovenia.si\/slo\/tam-na-pugled-gori\/#primaryimage\",\"url\":\"https:\/\/www.travel-slovenia.si\/slo\/wp-content\/uploads\/2015\/11\/travel-slovenia-pugled-tam-na-pugled-gori.jpg\",\"contentUrl\":\"https:\/\/www.travel-slovenia.si\/slo\/wp-content\/uploads\/2015\/11\/travel-slovenia-pugled-tam-na-pugled-gori.jpg\",\"width\":600,\"height\":521,\"caption\":\"\u010clanek v \u010dasopisu Na\u0161a skupnost z naslovom Tam na Pugled gori\"},{\"@type\":\"BreadcrumbList\",\"@id\":\"https:\/\/www.travel-slovenia.si\/slo\/tam-na-pugled-gori\/#breadcrumb\",\"itemListElement\":[{\"@type\":\"ListItem\",\"position\":1,\"name\":\"Home\",\"item\":\"https:\/\/www.travel-slovenia.si\/slo\/\"},{\"@type\":\"ListItem\",\"position\":2,\"name\":\"Tam na Pugled gori\"}]},{\"@type\":\"WebSite\",\"@id\":\"https:\/\/www.travel-slovenia.si\/slo\/#website\",\"url\":\"https:\/\/www.travel-slovenia.si\/slo\/\",\"name\":\"Travel Slovenia - Sledite lepotam na\u0161e male dr\u017eavice\",\"description\":\"\",\"potentialAction\":[{\"@type\":\"SearchAction\",\"target\":{\"@type\":\"EntryPoint\",\"urlTemplate\":\"https:\/\/www.travel-slovenia.si\/slo\/?s={search_term_string}\"},\"query-input\":{\"@type\":\"PropertyValueSpecification\",\"valueRequired\":true,\"valueName\":\"search_term_string\"}}],\"inLanguage\":\"sl-SI\"}]}<\/script>\n<!-- \/ Yoast SEO plugin. -->","yoast_head_json":{"title":"Tam na Pugled gori : Travel-Slovenia","description":"Po narodni pesmi napisano pesem Tam na Pugled gori so peli slovenski vojaki med prvo svetovno vojno v Karpatih, nastala je po bojih na Pugledu.","robots":{"index":"index","follow":"follow","max-snippet":"max-snippet:-1","max-image-preview":"max-image-preview:large","max-video-preview":"max-video-preview:-1"},"canonical":"https:\/\/www.travel-slovenia.si\/slo\/tam-na-pugled-gori\/","og_locale":"sl_SI","og_type":"article","og_title":"Tam na Pugled gori : Travel-Slovenia","og_description":"Po narodni pesmi napisano pesem Tam na Pugled gori so peli slovenski vojaki med prvo svetovno vojno v Karpatih, nastala je po bojih na Pugledu.","og_url":"https:\/\/www.travel-slovenia.si\/slo\/tam-na-pugled-gori\/","og_site_name":"Travel Slovenia - Sledite lepotam na\u0161e male dr\u017eavice","article_modified_time":"2015-12-25T20:31:00+00:00","og_image":[{"width":600,"height":521,"url":"https:\/\/www.travel-slovenia.si\/slo\/wp-content\/uploads\/2015\/11\/travel-slovenia-pugled-tam-na-pugled-gori.jpg","type":"image\/jpeg"}],"twitter_card":"summary_large_image","twitter_title":"Tam na Pugled gori : Travel-Slovenia","twitter_description":"Po narodni pesmi napisano pesem Tam na Pugled gori so peli slovenski vojaki med prvo svetovno vojno v Karpatih, nastala je po bojih na Pugledu.","twitter_image":"https:\/\/www.travel-slovenia.si\/slo\/wp-content\/uploads\/2015\/11\/travel-slovenia-pugled-tam-na-pugled-gori.jpg","twitter_misc":{"Est. reading time":"2 minuti"},"schema":{"@context":"https:\/\/schema.org","@graph":[{"@type":"WebPage","@id":"https:\/\/www.travel-slovenia.si\/slo\/tam-na-pugled-gori\/","url":"https:\/\/www.travel-slovenia.si\/slo\/tam-na-pugled-gori\/","name":"Tam na Pugled gori : Travel-Slovenia","isPartOf":{"@id":"https:\/\/www.travel-slovenia.si\/slo\/#website"},"primaryImageOfPage":{"@id":"https:\/\/www.travel-slovenia.si\/slo\/tam-na-pugled-gori\/#primaryimage"},"image":{"@id":"https:\/\/www.travel-slovenia.si\/slo\/tam-na-pugled-gori\/#primaryimage"},"thumbnailUrl":"https:\/\/www.travel-slovenia.si\/slo\/wp-content\/uploads\/2015\/11\/travel-slovenia-pugled-tam-na-pugled-gori-300x261.jpg","datePublished":"2015-11-14T13:03:25+00:00","dateModified":"2015-12-25T20:31:00+00:00","description":"Po narodni pesmi napisano pesem Tam na Pugled gori so peli slovenski vojaki med prvo svetovno vojno v Karpatih, nastala je po bojih na Pugledu.","breadcrumb":{"@id":"https:\/\/www.travel-slovenia.si\/slo\/tam-na-pugled-gori\/#breadcrumb"},"inLanguage":"sl-SI","potentialAction":[{"@type":"ReadAction","target":["https:\/\/www.travel-slovenia.si\/slo\/tam-na-pugled-gori\/"]}]},{"@type":"ImageObject","inLanguage":"sl-SI","@id":"https:\/\/www.travel-slovenia.si\/slo\/tam-na-pugled-gori\/#primaryimage","url":"https:\/\/www.travel-slovenia.si\/slo\/wp-content\/uploads\/2015\/11\/travel-slovenia-pugled-tam-na-pugled-gori.jpg","contentUrl":"https:\/\/www.travel-slovenia.si\/slo\/wp-content\/uploads\/2015\/11\/travel-slovenia-pugled-tam-na-pugled-gori.jpg","width":600,"height":521,"caption":"\u010clanek v \u010dasopisu Na\u0161a skupnost z naslovom Tam na Pugled gori"},{"@type":"BreadcrumbList","@id":"https:\/\/www.travel-slovenia.si\/slo\/tam-na-pugled-gori\/#breadcrumb","itemListElement":[{"@type":"ListItem","position":1,"name":"Home","item":"https:\/\/www.travel-slovenia.si\/slo\/"},{"@type":"ListItem","position":2,"name":"Tam na Pugled gori"}]},{"@type":"WebSite","@id":"https:\/\/www.travel-slovenia.si\/slo\/#website","url":"https:\/\/www.travel-slovenia.si\/slo\/","name":"Travel Slovenia - Sledite lepotam na\u0161e male dr\u017eavice","description":"","potentialAction":[{"@type":"SearchAction","target":{"@type":"EntryPoint","urlTemplate":"https:\/\/www.travel-slovenia.si\/slo\/?s={search_term_string}"},"query-input":{"@type":"PropertyValueSpecification","valueRequired":true,"valueName":"search_term_string"}}],"inLanguage":"sl-SI"}]}},"post_mailing_queue_ids":[],"_links":{"self":[{"href":"https:\/\/www.travel-slovenia.si\/slo\/wp-json\/wp\/v2\/pages\/4369","targetHints":{"allow":["GET"]}}],"collection":[{"href":"https:\/\/www.travel-slovenia.si\/slo\/wp-json\/wp\/v2\/pages"}],"about":[{"href":"https:\/\/www.travel-slovenia.si\/slo\/wp-json\/wp\/v2\/types\/page"}],"author":[{"embeddable":true,"href":"https:\/\/www.travel-slovenia.si\/slo\/wp-json\/wp\/v2\/users\/111"}],"replies":[{"embeddable":true,"href":"https:\/\/www.travel-slovenia.si\/slo\/wp-json\/wp\/v2\/comments?post=4369"}],"version-history":[{"count":10,"href":"https:\/\/www.travel-slovenia.si\/slo\/wp-json\/wp\/v2\/pages\/4369\/revisions"}],"predecessor-version":[{"id":4629,"href":"https:\/\/www.travel-slovenia.si\/slo\/wp-json\/wp\/v2\/pages\/4369\/revisions\/4629"}],"wp:attachment":[{"href":"https:\/\/www.travel-slovenia.si\/slo\/wp-json\/wp\/v2\/media?parent=4369"}],"curies":[{"name":"wp","href":"https:\/\/api.w.org\/{rel}","templated":true}]}}