{"id":4351,"date":"2015-11-12T10:18:23","date_gmt":"2015-11-12T09:18:23","guid":{"rendered":"https:\/\/www.travel-slovenia.si\/slo\/?page_id=4351"},"modified":"2015-12-31T15:36:10","modified_gmt":"2015-12-31T14:36:10","slug":"pugled-pot-1-iz-vasi-zgornja-slivnica","status":"publish","type":"page","link":"https:\/\/www.travel-slovenia.si\/slo\/pugled-pot-1-iz-vasi-zgornja-slivnica\/","title":{"rendered":"Pugled &#8211; Pot 1 &#8211; Iz vasi Zgornja Slivnica"},"content":{"rendered":"<p style=\"text-align: justify;\"><strong>Vi\u0161ina vzpetine:<\/strong> 615 m<br \/>\n<strong>Vi\u0161ina za\u010detne to\u010dke:<\/strong> 460 m<br \/>\n<strong>Vi\u0161inska razlika:<\/strong> 155 m<\/p>\n<p style=\"text-align: justify;\"><strong>\u010cas hoje:<\/strong> 1 h 30 min<br \/>\n<strong>Te\u017eavnost:<\/strong> Lahka ozna\u010dena pot<br \/>\n<strong>Oprema:<\/strong> Obi\u010dajna pohodni\u0161ka oprema<br \/>\n<strong>Primernost obiska:<\/strong> Vsi letni \u010dasi<\/p>\n<p style=\"text-align: justify;\"><strong>Dostop:<\/strong><\/p>\n<figure id=\"attachment_4360\" class=\"wp-caption alignright\" style=\"max-width: 300px\"><img loading=\"lazy\" decoding=\"async\" class=\"size-medium wp-image-4360\" src=\"https:\/\/www.travel-slovenia.si\/slo\/wp-content\/uploads\/2015\/11\/travel-slovenia-pugled-levo-z-avtom-300x225.jpg\" alt=\"Po tem ko smo zavili desno proti Zgornji Slivnici pridemo do tega kri\u017ei\u0161\u010da, kjer zavijemo levo.\" width=\"300\" height=\"225\" srcset=\"https:\/\/www.travel-slovenia.si\/slo\/wp-content\/uploads\/2015\/11\/travel-slovenia-pugled-levo-z-avtom-300x225.jpg 300w, https:\/\/www.travel-slovenia.si\/slo\/wp-content\/uploads\/2015\/11\/travel-slovenia-pugled-levo-z-avtom-24x18.jpg 24w, https:\/\/www.travel-slovenia.si\/slo\/wp-content\/uploads\/2015\/11\/travel-slovenia-pugled-levo-z-avtom-36x27.jpg 36w, https:\/\/www.travel-slovenia.si\/slo\/wp-content\/uploads\/2015\/11\/travel-slovenia-pugled-levo-z-avtom-48x36.jpg 48w, https:\/\/www.travel-slovenia.si\/slo\/wp-content\/uploads\/2015\/11\/travel-slovenia-pugled-levo-z-avtom.jpg 600w\" sizes=\"auto, (max-width: 300px) 100vw, 300px\" \/><figcaption class=\"wp-caption-text\">Po tem ko smo zavili desno proti Zgornji Slivnici pridemo do tega kri\u017ei\u0161\u010da, kjer zavijemo levo.<\/figcaption><\/figure>\n<p style=\"text-align: justify;\">Na avtocesti se usmerimo proti Dolenjski &#8211; Novo mesto in jo zapustimo na izhodu Grosuplje &#8211; \u0160marje Sap. Na kro\u017ei\u0161\u010du izstopimo na prvem izvozu in nadaljujemo do konca ulice, kjer zavijemo desno. Preko proge v \u0160marje Sap, kjer kmalu zasledimo tablo Zgornja Slivnica in ji sledimo v desno. Ponovno pre\u010dkamo progo (bodite pazljivi ker ni zapornic), sledimo cesti do kri\u017ei\u0161\u010da. Tu gremo levo in cesta se kmalu pri\u010dne vzpenjati. Sredi vzpona, malo pred vasjo Zgornja Slivnica, vidimo odcep desno, kjer se nahaja manj\u0161e parkiri\u0161\u010de. Parkiramo tako, da bo se prostor za druge, ki pridejo za vami.<\/p>\n<p style=\"text-align: justify;\">Od park nadaljujemo po cesti po kateri smo pri\u0161li. Naprej od kri\u017ei\u0161\u010da je pot do Magdalenske gore. Pot se nekoliko vzpenja in kaj kmalu pridemo v vas Zgornja Slivnica. Nadaljujemo po asfaltni cesti do naslednjega kri\u017ei\u0161\u010da. Tu nadaljujemo po srednji poti, proti Lipoglavu, ki se pri\u010dne spu\u0161\u010dati. Po kraj\u0161em spustu\u00a0se ponovno pri\u010dnemo vzpenjati po Lojzovem klancu, ki nas pripelje v vas Mali Lipoglav in sredi\u0161\u010da vasi, kjer se nahaja kri\u017ei\u0161\u010de. Usmerimo se levo mimo kozolca (na levi) in cerkve Sv. Nikolaja (na desni). Kmalu pridemo do ve\u010djega drevesa z markacijo, tu zavijemo desno na kolovoz, ki se pri\u010dne spu\u0161\u010dati. Naredimo ovinek v levo in kmalu vidimo tablo za Grosupeljsko pot. Tu nadaljujemo na\u00a0desno (pot naravnost se kasneje spremeni v gozdno pot, kar pomeni, da smo \u0161li predale\u010d), po malo manj shojeni poti, ki nas vodi preko travnika proti Velikemu Lipoglavu (hodimo proti hi\u0161i na levi).<\/p>\n<table>\n<tbody>\n<tr>\n<td>\n<figure id=\"attachment_4359\" class=\"wp-caption alignleft\" style=\"max-width: 290px\"><img loading=\"lazy\" decoding=\"async\" class=\"wp-image-4359\" src=\"https:\/\/www.travel-slovenia.si\/slo\/wp-content\/uploads\/2015\/11\/travel-slovenia-pugled-desno-veliki-lipoglav-300x225.jpg\" alt=\"Na kolovozu pridemo do manj\u0161ega kri\u017ei\u0161\u010da, kjer zavijemo desno.\" width=\"290\" height=\"218\" srcset=\"https:\/\/www.travel-slovenia.si\/slo\/wp-content\/uploads\/2015\/11\/travel-slovenia-pugled-desno-veliki-lipoglav-300x225.jpg 300w, https:\/\/www.travel-slovenia.si\/slo\/wp-content\/uploads\/2015\/11\/travel-slovenia-pugled-desno-veliki-lipoglav-24x18.jpg 24w, https:\/\/www.travel-slovenia.si\/slo\/wp-content\/uploads\/2015\/11\/travel-slovenia-pugled-desno-veliki-lipoglav-36x27.jpg 36w, https:\/\/www.travel-slovenia.si\/slo\/wp-content\/uploads\/2015\/11\/travel-slovenia-pugled-desno-veliki-lipoglav-48x36.jpg 48w, https:\/\/www.travel-slovenia.si\/slo\/wp-content\/uploads\/2015\/11\/travel-slovenia-pugled-desno-veliki-lipoglav.jpg 600w\" sizes=\"auto, (max-width: 290px) 100vw, 290px\" \/><figcaption class=\"wp-caption-text\">Na kolovozu pridemo do manj\u0161ega kri\u017ei\u0161\u010da, kjer zavijemo desno.<\/figcaption><\/figure>\n<figure id=\"attachment_4361\" class=\"wp-caption alignright\" style=\"max-width: 290px\"><img loading=\"lazy\" decoding=\"async\" class=\"wp-image-4361\" src=\"https:\/\/www.travel-slovenia.si\/slo\/wp-content\/uploads\/2015\/11\/travel-slovenia-pugled-proti-hisi-veliki-lipoglav-300x225.jpg\" alt=\"Sledite tej skoraj nevidni poti preko travnika do te hi\u0161e.\" width=\"290\" height=\"218\" srcset=\"https:\/\/www.travel-slovenia.si\/slo\/wp-content\/uploads\/2015\/11\/travel-slovenia-pugled-proti-hisi-veliki-lipoglav-300x225.jpg 300w, https:\/\/www.travel-slovenia.si\/slo\/wp-content\/uploads\/2015\/11\/travel-slovenia-pugled-proti-hisi-veliki-lipoglav-24x18.jpg 24w, https:\/\/www.travel-slovenia.si\/slo\/wp-content\/uploads\/2015\/11\/travel-slovenia-pugled-proti-hisi-veliki-lipoglav-36x27.jpg 36w, https:\/\/www.travel-slovenia.si\/slo\/wp-content\/uploads\/2015\/11\/travel-slovenia-pugled-proti-hisi-veliki-lipoglav-48x36.jpg 48w, https:\/\/www.travel-slovenia.si\/slo\/wp-content\/uploads\/2015\/11\/travel-slovenia-pugled-proti-hisi-veliki-lipoglav.jpg 600w\" sizes=\"auto, (max-width: 290px) 100vw, 290px\" \/><figcaption class=\"wp-caption-text\">Sledite tej skoraj nevidni poti preko travnika do te hi\u0161e.<\/figcaption><\/figure><\/td>\n<\/tr>\n<\/tbody>\n<\/table>\n<p style=\"text-align: justify;\">Po nekaj minutah pridemo ponovno do asfaltne ceste, ki nas dalje vodi do kri\u017ei\u0161\u010da (v vasi Veliki Lipoglav). Na kri\u017ei\u0161\u010du vidimo kapelico, pred njo zavijemo levo in hodimo do zelene table, ki ozna\u010duje kro\u017eno pot pod Pugledom. Tu se usmerimo levo na rahel vzpon. Kasneje se kmalu spremeni v kolovoz. Tej poti sledimo vse do vrha (sledite markacijam), mimo spomenika NOB, do partizanskega spomenika in vpisne knjige.<\/p>\n<p style=\"text-align: justify;\"><div class='prettyMapList above cf' id='MapListPro0'><!--The Map --><div id='map-canvas0' class='mapHolder'><\/div><!-- hidden div that gets bound --><div data-bind=\"map: $data.filteredLocations()\"><\/div><!-- Search, Filters, Sorting bar --><div class='prettyFileBar clearfix'><!-- Category button --><div class=\"customCategoryList\"><a class='showFilterBtn float_right corePrettyStyle btn' href='#' data-bind='click:showCategories'>Categories<\/a><ul class='unstyled menuDropDown' data-bind='foreach: {data: mapCategories}'><li data-bind='css:slug'><a data-bind='css: {showing: selected}, html: $data.title, click: $parent.selectCategory' href='#'><\/a><\/li><\/ul><\/div><!-- Sorting button --><form id='Map-List-Search' data-bind='submit:mapSearchSubmit' class='prettyMapListSearch true'><label>Search locations<\/label><input type='text' class='prettySearchValue' data-bind='value: query, valueUpdate:\"keyup\"' autocomplete='off' value='Search'><a class='clearSearch btn corePrettyStyle' data-bind='visible: anySearchTermsEntered, click: clearSearch'>Clear<\/a><\/form><\/div><!--Message bar--><div class='prettyMessage' data-bind='visible: anyLocationsAvailable' style='display:none;'><span>No matching locations <\/span><a class='btn' href='#' data-bind='click:clearSearch'>Show all locations<\/a><\/div><div class='prettyMessage' data-bind='visible: geocodeFail' style='display:none;'><span>No location found <\/span><a class='btn' href='#' data-bind='click:clearSearch'>Show all locations<\/a><\/div><div id='ListContainer'><\/div><\/div>\n","protected":false},"excerpt":{"rendered":"<p>Vi\u0161ina vzpetine: 615 m Vi\u0161ina za\u010detne to\u010dke: 460 m Vi\u0161inska razlika: 155 m \u010cas hoje: 1 h 30 min Te\u017eavnost: Lahka ozna\u010dena pot Oprema: Obi\u010dajna pohodni\u0161ka oprema Primernost obiska: Vsi letni \u010dasi Dostop: Na avtocesti se usmerimo proti Dolenjski &#8211; Novo mesto in jo zapustimo na izhodu Grosuplje &#8211; \u0160marje Sap. Na kro\u017ei\u0161\u010du izstopimo na [&hellip;]<\/p>\n","protected":false},"author":111,"featured_media":0,"parent":0,"menu_order":0,"comment_status":"closed","ping_status":"closed","template":"","meta":{"footnotes":""},"class_list":["post-4351","page","type-page","status-publish","hentry"],"yoast_head":"<!-- This site is optimized with the Yoast SEO plugin v25.4 - https:\/\/yoast.com\/wordpress\/plugins\/seo\/ -->\n<title>Pugled - Pot 1 - Iz vasi Zgornja Slivnica : Travel-Slovenia<\/title>\n<meta name=\"description\" content=\"Pugled - Pot 1 - Iz vasi Zgornja Slivnica se odpravimo proti Malemu in Velikemu Lipoglavu in od tam na vrh gozdnatega hriba Pugled.\" \/>\n<meta name=\"robots\" content=\"index, follow, max-snippet:-1, max-image-preview:large, max-video-preview:-1\" \/>\n<link rel=\"canonical\" href=\"https:\/\/www.travel-slovenia.si\/slo\/pugled-pot-1-iz-vasi-zgornja-slivnica\/\" \/>\n<meta property=\"og:locale\" content=\"sl_SI\" \/>\n<meta property=\"og:type\" content=\"article\" \/>\n<meta property=\"og:title\" content=\"Pugled - Pot 1 - Iz vasi Zgornja Slivnica : Travel-Slovenia\" \/>\n<meta property=\"og:description\" content=\"Pugled - Pot 1 - Iz vasi Zgornja Slivnica se odpravimo proti Malemu in Velikemu Lipoglavu in od tam na vrh gozdnatega hriba Pugled.\" \/>\n<meta property=\"og:url\" content=\"https:\/\/www.travel-slovenia.si\/slo\/pugled-pot-1-iz-vasi-zgornja-slivnica\/\" \/>\n<meta property=\"og:site_name\" content=\"Travel Slovenia - Sledite lepotam na\u0161e male dr\u017eavice\" \/>\n<meta property=\"article:modified_time\" content=\"2015-12-31T14:36:10+00:00\" \/>\n<meta property=\"og:image\" content=\"https:\/\/www.travel-slovenia.si\/slo\/wp-content\/uploads\/2015\/11\/travel-slovenia-pugled.jpg\" \/>\n\t<meta property=\"og:image:width\" content=\"600\" \/>\n\t<meta property=\"og:image:height\" content=\"450\" \/>\n\t<meta property=\"og:image:type\" content=\"image\/jpeg\" \/>\n<meta name=\"twitter:card\" content=\"summary_large_image\" \/>\n<meta name=\"twitter:title\" content=\"Pugled - Pot 1 - Iz vasi Zgornja Slivnica : Travel-Slovenia\" \/>\n<meta name=\"twitter:description\" content=\"Pugled - Pot 1 - Iz vasi Zgornja Slivnica se odpravimo proti Malemu in Velikemu Lipoglavu in od tam na vrh gozdnatega hriba Pugled.\" \/>\n<meta name=\"twitter:image\" content=\"https:\/\/www.travel-slovenia.si\/slo\/wp-content\/uploads\/2015\/11\/travel-slovenia-pugled.jpg\" \/>\n<meta name=\"twitter:label1\" content=\"Est. reading time\" \/>\n\t<meta name=\"twitter:data1\" content=\"2 minuti\" \/>\n<script type=\"application\/ld+json\" class=\"yoast-schema-graph\">{\"@context\":\"https:\/\/schema.org\",\"@graph\":[{\"@type\":\"WebPage\",\"@id\":\"https:\/\/www.travel-slovenia.si\/slo\/pugled-pot-1-iz-vasi-zgornja-slivnica\/\",\"url\":\"https:\/\/www.travel-slovenia.si\/slo\/pugled-pot-1-iz-vasi-zgornja-slivnica\/\",\"name\":\"Pugled - Pot 1 - Iz vasi Zgornja Slivnica : Travel-Slovenia\",\"isPartOf\":{\"@id\":\"https:\/\/www.travel-slovenia.si\/slo\/#website\"},\"primaryImageOfPage\":{\"@id\":\"https:\/\/www.travel-slovenia.si\/slo\/pugled-pot-1-iz-vasi-zgornja-slivnica\/#primaryimage\"},\"image\":{\"@id\":\"https:\/\/www.travel-slovenia.si\/slo\/pugled-pot-1-iz-vasi-zgornja-slivnica\/#primaryimage\"},\"thumbnailUrl\":\"https:\/\/www.travel-slovenia.si\/slo\/wp-content\/uploads\/2015\/11\/travel-slovenia-pugled-levo-z-avtom-300x225.jpg\",\"datePublished\":\"2015-11-12T09:18:23+00:00\",\"dateModified\":\"2015-12-31T14:36:10+00:00\",\"description\":\"Pugled - Pot 1 - Iz vasi Zgornja Slivnica se odpravimo proti Malemu in Velikemu Lipoglavu in od tam na vrh gozdnatega hriba Pugled.\",\"breadcrumb\":{\"@id\":\"https:\/\/www.travel-slovenia.si\/slo\/pugled-pot-1-iz-vasi-zgornja-slivnica\/#breadcrumb\"},\"inLanguage\":\"sl-SI\",\"potentialAction\":[{\"@type\":\"ReadAction\",\"target\":[\"https:\/\/www.travel-slovenia.si\/slo\/pugled-pot-1-iz-vasi-zgornja-slivnica\/\"]}]},{\"@type\":\"ImageObject\",\"inLanguage\":\"sl-SI\",\"@id\":\"https:\/\/www.travel-slovenia.si\/slo\/pugled-pot-1-iz-vasi-zgornja-slivnica\/#primaryimage\",\"url\":\"https:\/\/www.travel-slovenia.si\/slo\/wp-content\/uploads\/2015\/11\/travel-slovenia-pugled-levo-z-avtom.jpg\",\"contentUrl\":\"https:\/\/www.travel-slovenia.si\/slo\/wp-content\/uploads\/2015\/11\/travel-slovenia-pugled-levo-z-avtom.jpg\",\"width\":600,\"height\":450,\"caption\":\"Po tem ko smo zavili desno proti Zgornji Slivnici pridemo do tega kri\u017ei\u0161\u010da, kjer zavijemo levo.\"},{\"@type\":\"BreadcrumbList\",\"@id\":\"https:\/\/www.travel-slovenia.si\/slo\/pugled-pot-1-iz-vasi-zgornja-slivnica\/#breadcrumb\",\"itemListElement\":[{\"@type\":\"ListItem\",\"position\":1,\"name\":\"Home\",\"item\":\"https:\/\/www.travel-slovenia.si\/slo\/\"},{\"@type\":\"ListItem\",\"position\":2,\"name\":\"Pugled &#8211; Pot 1 &#8211; Iz vasi Zgornja Slivnica\"}]},{\"@type\":\"WebSite\",\"@id\":\"https:\/\/www.travel-slovenia.si\/slo\/#website\",\"url\":\"https:\/\/www.travel-slovenia.si\/slo\/\",\"name\":\"Travel Slovenia - Sledite lepotam na\u0161e male dr\u017eavice\",\"description\":\"\",\"potentialAction\":[{\"@type\":\"SearchAction\",\"target\":{\"@type\":\"EntryPoint\",\"urlTemplate\":\"https:\/\/www.travel-slovenia.si\/slo\/?s={search_term_string}\"},\"query-input\":{\"@type\":\"PropertyValueSpecification\",\"valueRequired\":true,\"valueName\":\"search_term_string\"}}],\"inLanguage\":\"sl-SI\"}]}<\/script>\n<!-- \/ Yoast SEO plugin. -->","yoast_head_json":{"title":"Pugled - Pot 1 - Iz vasi Zgornja Slivnica : Travel-Slovenia","description":"Pugled - Pot 1 - Iz vasi Zgornja Slivnica se odpravimo proti Malemu in Velikemu Lipoglavu in od tam na vrh gozdnatega hriba Pugled.","robots":{"index":"index","follow":"follow","max-snippet":"max-snippet:-1","max-image-preview":"max-image-preview:large","max-video-preview":"max-video-preview:-1"},"canonical":"https:\/\/www.travel-slovenia.si\/slo\/pugled-pot-1-iz-vasi-zgornja-slivnica\/","og_locale":"sl_SI","og_type":"article","og_title":"Pugled - Pot 1 - Iz vasi Zgornja Slivnica : Travel-Slovenia","og_description":"Pugled - Pot 1 - Iz vasi Zgornja Slivnica se odpravimo proti Malemu in Velikemu Lipoglavu in od tam na vrh gozdnatega hriba Pugled.","og_url":"https:\/\/www.travel-slovenia.si\/slo\/pugled-pot-1-iz-vasi-zgornja-slivnica\/","og_site_name":"Travel Slovenia - Sledite lepotam na\u0161e male dr\u017eavice","article_modified_time":"2015-12-31T14:36:10+00:00","og_image":[{"width":600,"height":450,"url":"https:\/\/www.travel-slovenia.si\/slo\/wp-content\/uploads\/2015\/11\/travel-slovenia-pugled.jpg","type":"image\/jpeg"}],"twitter_card":"summary_large_image","twitter_title":"Pugled - Pot 1 - Iz vasi Zgornja Slivnica : Travel-Slovenia","twitter_description":"Pugled - Pot 1 - Iz vasi Zgornja Slivnica se odpravimo proti Malemu in Velikemu Lipoglavu in od tam na vrh gozdnatega hriba Pugled.","twitter_image":"https:\/\/www.travel-slovenia.si\/slo\/wp-content\/uploads\/2015\/11\/travel-slovenia-pugled.jpg","twitter_misc":{"Est. reading time":"2 minuti"},"schema":{"@context":"https:\/\/schema.org","@graph":[{"@type":"WebPage","@id":"https:\/\/www.travel-slovenia.si\/slo\/pugled-pot-1-iz-vasi-zgornja-slivnica\/","url":"https:\/\/www.travel-slovenia.si\/slo\/pugled-pot-1-iz-vasi-zgornja-slivnica\/","name":"Pugled - Pot 1 - Iz vasi Zgornja Slivnica : Travel-Slovenia","isPartOf":{"@id":"https:\/\/www.travel-slovenia.si\/slo\/#website"},"primaryImageOfPage":{"@id":"https:\/\/www.travel-slovenia.si\/slo\/pugled-pot-1-iz-vasi-zgornja-slivnica\/#primaryimage"},"image":{"@id":"https:\/\/www.travel-slovenia.si\/slo\/pugled-pot-1-iz-vasi-zgornja-slivnica\/#primaryimage"},"thumbnailUrl":"https:\/\/www.travel-slovenia.si\/slo\/wp-content\/uploads\/2015\/11\/travel-slovenia-pugled-levo-z-avtom-300x225.jpg","datePublished":"2015-11-12T09:18:23+00:00","dateModified":"2015-12-31T14:36:10+00:00","description":"Pugled - Pot 1 - Iz vasi Zgornja Slivnica se odpravimo proti Malemu in Velikemu Lipoglavu in od tam na vrh gozdnatega hriba Pugled.","breadcrumb":{"@id":"https:\/\/www.travel-slovenia.si\/slo\/pugled-pot-1-iz-vasi-zgornja-slivnica\/#breadcrumb"},"inLanguage":"sl-SI","potentialAction":[{"@type":"ReadAction","target":["https:\/\/www.travel-slovenia.si\/slo\/pugled-pot-1-iz-vasi-zgornja-slivnica\/"]}]},{"@type":"ImageObject","inLanguage":"sl-SI","@id":"https:\/\/www.travel-slovenia.si\/slo\/pugled-pot-1-iz-vasi-zgornja-slivnica\/#primaryimage","url":"https:\/\/www.travel-slovenia.si\/slo\/wp-content\/uploads\/2015\/11\/travel-slovenia-pugled-levo-z-avtom.jpg","contentUrl":"https:\/\/www.travel-slovenia.si\/slo\/wp-content\/uploads\/2015\/11\/travel-slovenia-pugled-levo-z-avtom.jpg","width":600,"height":450,"caption":"Po tem ko smo zavili desno proti Zgornji Slivnici pridemo do tega kri\u017ei\u0161\u010da, kjer zavijemo levo."},{"@type":"BreadcrumbList","@id":"https:\/\/www.travel-slovenia.si\/slo\/pugled-pot-1-iz-vasi-zgornja-slivnica\/#breadcrumb","itemListElement":[{"@type":"ListItem","position":1,"name":"Home","item":"https:\/\/www.travel-slovenia.si\/slo\/"},{"@type":"ListItem","position":2,"name":"Pugled &#8211; Pot 1 &#8211; Iz vasi Zgornja Slivnica"}]},{"@type":"WebSite","@id":"https:\/\/www.travel-slovenia.si\/slo\/#website","url":"https:\/\/www.travel-slovenia.si\/slo\/","name":"Travel Slovenia - Sledite lepotam na\u0161e male dr\u017eavice","description":"","potentialAction":[{"@type":"SearchAction","target":{"@type":"EntryPoint","urlTemplate":"https:\/\/www.travel-slovenia.si\/slo\/?s={search_term_string}"},"query-input":{"@type":"PropertyValueSpecification","valueRequired":true,"valueName":"search_term_string"}}],"inLanguage":"sl-SI"}]}},"post_mailing_queue_ids":[],"_links":{"self":[{"href":"https:\/\/www.travel-slovenia.si\/slo\/wp-json\/wp\/v2\/pages\/4351","targetHints":{"allow":["GET"]}}],"collection":[{"href":"https:\/\/www.travel-slovenia.si\/slo\/wp-json\/wp\/v2\/pages"}],"about":[{"href":"https:\/\/www.travel-slovenia.si\/slo\/wp-json\/wp\/v2\/types\/page"}],"author":[{"embeddable":true,"href":"https:\/\/www.travel-slovenia.si\/slo\/wp-json\/wp\/v2\/users\/111"}],"replies":[{"embeddable":true,"href":"https:\/\/www.travel-slovenia.si\/slo\/wp-json\/wp\/v2\/comments?post=4351"}],"version-history":[{"count":9,"href":"https:\/\/www.travel-slovenia.si\/slo\/wp-json\/wp\/v2\/pages\/4351\/revisions"}],"predecessor-version":[{"id":4666,"href":"https:\/\/www.travel-slovenia.si\/slo\/wp-json\/wp\/v2\/pages\/4351\/revisions\/4666"}],"wp:attachment":[{"href":"https:\/\/www.travel-slovenia.si\/slo\/wp-json\/wp\/v2\/media?parent=4351"}],"curies":[{"name":"wp","href":"https:\/\/api.w.org\/{rel}","templated":true}]}}