{"id":4282,"date":"2015-11-01T01:20:22","date_gmt":"2015-10-31T23:20:22","guid":{"rendered":"https:\/\/www.travel-slovenia.si\/slo\/?page_id=4282"},"modified":"2015-12-08T10:09:40","modified_gmt":"2015-12-08T09:09:40","slug":"joze-privsek","status":"publish","type":"page","link":"https:\/\/www.travel-slovenia.si\/slo\/joze-privsek\/","title":{"rendered":"Jo\u017ee Priv\u0161ek"},"content":{"rendered":"<figure id=\"attachment_4281\" class=\"wp-caption alignleft\" style=\"max-width: 300px\"><img loading=\"lazy\" decoding=\"async\" class=\"size-full wp-image-4281\" src=\"https:\/\/www.travel-slovenia.si\/slo\/wp-content\/uploads\/2015\/10\/travel-slovenia-joze-privsek.jpg\" alt=\"Jo\u017ee Priv\u0161ek\" width=\"300\" height=\"424\" srcset=\"https:\/\/www.travel-slovenia.si\/slo\/wp-content\/uploads\/2015\/10\/travel-slovenia-joze-privsek.jpg 300w, https:\/\/www.travel-slovenia.si\/slo\/wp-content\/uploads\/2015\/10\/travel-slovenia-joze-privsek-212x300.jpg 212w, https:\/\/www.travel-slovenia.si\/slo\/wp-content\/uploads\/2015\/10\/travel-slovenia-joze-privsek-17x24.jpg 17w, https:\/\/www.travel-slovenia.si\/slo\/wp-content\/uploads\/2015\/10\/travel-slovenia-joze-privsek-25x36.jpg 25w, https:\/\/www.travel-slovenia.si\/slo\/wp-content\/uploads\/2015\/10\/travel-slovenia-joze-privsek-34x48.jpg 34w\" sizes=\"auto, (max-width: 300px) 100vw, 300px\" \/><figcaption class=\"wp-caption-text\">Jo\u017ee Priv\u0161ek<\/figcaption><\/figure>\n<p style=\"text-align: justify;\">Jo\u017ee Priv\u0161ek je bil slovenski skladatelj, dirigent, pianist in vibrafonist, ki se je rodil 19. marca 1937 v Ljubljani, kjer je tudi umrl 11. junija 1998. Srednjo glasbeno \u0161olo je obiskoval v Ljubljani, prejel pa je tudi tri leta privatnega \u0161tudija kompozicije pri Lucijanu Mariji \u0160kerjencu. V Bostonu na Brklee College of Music je svoje znanje izpopolnjeval pri profesorju Herbu Pomeroyu, ki je bil tudi mentor slavnim mojstrom &#8211; Quincy Jones, Arif Mardin in Mike Gibbs.<\/p>\n<p style=\"text-align: justify;\">Svojo glasbeno pot je za\u010del kot vibrafonist in pianist. Najbolj prepoznaven pa je bil kot vodja jazzovskega orkestra Big Band RTV Slovenija, kot skladatelj veliko skladb in aran\u017emajev zabavne in jazzovske glasbe. V tem \u010dasu (1961 &#8211; 1995) je kot dirigent ustvaril veliko znanih popevk: Nad mestom se dani, Vozi me vlak v daljave, Silvesterski poljub, Mati bodiva prijatelja. Njegove najbolj\u0161e jazzovske skladbe pa so: Poredne\u017e, Ognjemet, Zeleni pekel, Privid, We need time, Ro\u017enik, Kri\u017eanke, That&#8217;s for ending.<\/p>\n<p>&nbsp;<\/p>\n<hr \/>\n<p style=\"text-align: justify;\"><strong><em><img loading=\"lazy\" decoding=\"async\" class=\"alignleft size-full wp-image-4277\" src=\"https:\/\/www.travel-slovenia.si\/slo\/wp-content\/uploads\/2015\/10\/travel-slovenia-spomenik-jozetu-privsku-view.jpg\" alt=\"travel-slovenia-spomenik-jozetu-privsku-view\" width=\"150\" height=\"150\" srcset=\"https:\/\/www.travel-slovenia.si\/slo\/wp-content\/uploads\/2015\/10\/travel-slovenia-spomenik-jozetu-privsku-view.jpg 150w, https:\/\/www.travel-slovenia.si\/slo\/wp-content\/uploads\/2015\/10\/travel-slovenia-spomenik-jozetu-privsku-view-83x83.jpg 83w, https:\/\/www.travel-slovenia.si\/slo\/wp-content\/uploads\/2015\/10\/travel-slovenia-spomenik-jozetu-privsku-view-55x55.jpg 55w, https:\/\/www.travel-slovenia.si\/slo\/wp-content\/uploads\/2015\/10\/travel-slovenia-spomenik-jozetu-privsku-view-24x24.jpg 24w, https:\/\/www.travel-slovenia.si\/slo\/wp-content\/uploads\/2015\/10\/travel-slovenia-spomenik-jozetu-privsku-view-36x36.jpg 36w, https:\/\/www.travel-slovenia.si\/slo\/wp-content\/uploads\/2015\/10\/travel-slovenia-spomenik-jozetu-privsku-view-48x48.jpg 48w\" sizes=\"auto, (max-width: 150px) 100vw, 150px\" \/>Spomenik Jo\u017eetu Priv\u0161ku<br \/>\n<\/em><\/strong> Spomenik Jo\u017eetu Priv\u0161ku so na \u0160kofljici odkrili 17. septembra 2010. Jo\u017ee Priv\u0161ek je kar nekaj let pre\u017eivel na \u0160kofljici. Bil je mednarodno priznani muzikus \u2013 komponist, aran\u017eer, pianist, vibrafonist in dolgoletni vodja ter dirigent. Vse do svoje smrti je bil na kulturnem podro\u010dju prezrt. [<a href=\"https:\/\/www.travel-slovenia.si\/slo\/location\/spomenik-jozetu-privsku\/\"><span style=\"color: #7fa500;\">_Preberite ve\u010d_<\/span><\/a>]\n","protected":false},"excerpt":{"rendered":"<p>Jo\u017ee Priv\u0161ek je bil slovenski skladatelj, dirigent, pianist in vibrafonist, ki se je rodil 19. marca 1937 v Ljubljani, kjer je tudi umrl 11. junija 1998. Srednjo glasbeno \u0161olo je obiskoval v Ljubljani, prejel pa je tudi tri leta privatnega \u0161tudija kompozicije pri Lucijanu Mariji \u0160kerjencu. V Bostonu na Brklee College of Music je svoje [&hellip;]<\/p>\n","protected":false},"author":111,"featured_media":0,"parent":0,"menu_order":0,"comment_status":"closed","ping_status":"closed","template":"","meta":{"footnotes":""},"class_list":["post-4282","page","type-page","status-publish","hentry"],"yoast_head":"<!-- This site is optimized with the Yoast SEO plugin v25.4 - https:\/\/yoast.com\/wordpress\/plugins\/seo\/ -->\n<title>Jo\u017ee Priv\u0161ek : Travel-Slovenia<\/title>\n<meta name=\"description\" content=\"Jo\u017ee Priv\u0161ek je bil slovenski skladatelj, dirigent, pianist in vibrafonis, ki se je rodil 19. marca 1937 v Ljubljani, kjer je tudi umrl 11. junija 1998.\" \/>\n<meta name=\"robots\" content=\"index, follow, max-snippet:-1, max-image-preview:large, max-video-preview:-1\" \/>\n<link rel=\"canonical\" href=\"https:\/\/www.travel-slovenia.si\/slo\/joze-privsek\/\" \/>\n<meta property=\"og:locale\" content=\"sl_SI\" \/>\n<meta property=\"og:type\" content=\"article\" \/>\n<meta property=\"og:title\" content=\"Jo\u017ee Priv\u0161ek : Travel-Slovenia\" \/>\n<meta property=\"og:description\" content=\"Jo\u017ee Priv\u0161ek je bil slovenski skladatelj, dirigent, pianist in vibrafonis, ki se je rodil 19. marca 1937 v Ljubljani, kjer je tudi umrl 11. junija 1998.\" \/>\n<meta property=\"og:url\" content=\"https:\/\/www.travel-slovenia.si\/slo\/joze-privsek\/\" \/>\n<meta property=\"og:site_name\" content=\"Travel Slovenia - Sledite lepotam na\u0161e male dr\u017eavice\" \/>\n<meta property=\"article:modified_time\" content=\"2015-12-08T09:09:40+00:00\" \/>\n<meta property=\"og:image\" content=\"https:\/\/www.travel-slovenia.si\/slo\/wp-content\/uploads\/2015\/10\/travel-slovenia-joze-privsek.jpg\" \/>\n\t<meta property=\"og:image:width\" content=\"300\" \/>\n\t<meta property=\"og:image:height\" content=\"424\" \/>\n\t<meta property=\"og:image:type\" content=\"image\/jpeg\" \/>\n<meta name=\"twitter:card\" content=\"summary_large_image\" \/>\n<meta name=\"twitter:title\" content=\"Jo\u017ee Priv\u0161ek : Travel-Slovenia\" \/>\n<meta name=\"twitter:description\" content=\"Jo\u017ee Priv\u0161ek je bil slovenski skladatelj, dirigent, pianist in vibrafonis, ki se je rodil 19. marca 1937 v Ljubljani, kjer je tudi umrl 11. junija 1998.\" \/>\n<meta name=\"twitter:image\" content=\"https:\/\/www.travel-slovenia.si\/slo\/wp-content\/uploads\/2015\/10\/travel-slovenia-joze-privsek.jpg\" \/>\n<meta name=\"twitter:label1\" content=\"Est. reading time\" \/>\n\t<meta name=\"twitter:data1\" content=\"1 minuta\" \/>\n<script type=\"application\/ld+json\" class=\"yoast-schema-graph\">{\"@context\":\"https:\/\/schema.org\",\"@graph\":[{\"@type\":\"WebPage\",\"@id\":\"https:\/\/www.travel-slovenia.si\/slo\/joze-privsek\/\",\"url\":\"https:\/\/www.travel-slovenia.si\/slo\/joze-privsek\/\",\"name\":\"Jo\u017ee Priv\u0161ek : Travel-Slovenia\",\"isPartOf\":{\"@id\":\"https:\/\/www.travel-slovenia.si\/slo\/#website\"},\"primaryImageOfPage\":{\"@id\":\"https:\/\/www.travel-slovenia.si\/slo\/joze-privsek\/#primaryimage\"},\"image\":{\"@id\":\"https:\/\/www.travel-slovenia.si\/slo\/joze-privsek\/#primaryimage\"},\"thumbnailUrl\":\"https:\/\/www.travel-slovenia.si\/slo\/wp-content\/uploads\/2015\/10\/travel-slovenia-joze-privsek.jpg\",\"datePublished\":\"2015-10-31T23:20:22+00:00\",\"dateModified\":\"2015-12-08T09:09:40+00:00\",\"description\":\"Jo\u017ee Priv\u0161ek je bil slovenski skladatelj, dirigent, pianist in vibrafonis, ki se je rodil 19. marca 1937 v Ljubljani, kjer je tudi umrl 11. junija 1998.\",\"breadcrumb\":{\"@id\":\"https:\/\/www.travel-slovenia.si\/slo\/joze-privsek\/#breadcrumb\"},\"inLanguage\":\"sl-SI\",\"potentialAction\":[{\"@type\":\"ReadAction\",\"target\":[\"https:\/\/www.travel-slovenia.si\/slo\/joze-privsek\/\"]}]},{\"@type\":\"ImageObject\",\"inLanguage\":\"sl-SI\",\"@id\":\"https:\/\/www.travel-slovenia.si\/slo\/joze-privsek\/#primaryimage\",\"url\":\"https:\/\/www.travel-slovenia.si\/slo\/wp-content\/uploads\/2015\/10\/travel-slovenia-joze-privsek.jpg\",\"contentUrl\":\"https:\/\/www.travel-slovenia.si\/slo\/wp-content\/uploads\/2015\/10\/travel-slovenia-joze-privsek.jpg\",\"width\":300,\"height\":424,\"caption\":\"Jo\u017ee Priv\u0161ek\"},{\"@type\":\"BreadcrumbList\",\"@id\":\"https:\/\/www.travel-slovenia.si\/slo\/joze-privsek\/#breadcrumb\",\"itemListElement\":[{\"@type\":\"ListItem\",\"position\":1,\"name\":\"Home\",\"item\":\"https:\/\/www.travel-slovenia.si\/slo\/\"},{\"@type\":\"ListItem\",\"position\":2,\"name\":\"Jo\u017ee Priv\u0161ek\"}]},{\"@type\":\"WebSite\",\"@id\":\"https:\/\/www.travel-slovenia.si\/slo\/#website\",\"url\":\"https:\/\/www.travel-slovenia.si\/slo\/\",\"name\":\"Travel Slovenia - Sledite lepotam na\u0161e male dr\u017eavice\",\"description\":\"\",\"potentialAction\":[{\"@type\":\"SearchAction\",\"target\":{\"@type\":\"EntryPoint\",\"urlTemplate\":\"https:\/\/www.travel-slovenia.si\/slo\/?s={search_term_string}\"},\"query-input\":{\"@type\":\"PropertyValueSpecification\",\"valueRequired\":true,\"valueName\":\"search_term_string\"}}],\"inLanguage\":\"sl-SI\"}]}<\/script>\n<!-- \/ Yoast SEO plugin. -->","yoast_head_json":{"title":"Jo\u017ee Priv\u0161ek : Travel-Slovenia","description":"Jo\u017ee Priv\u0161ek je bil slovenski skladatelj, dirigent, pianist in vibrafonis, ki se je rodil 19. marca 1937 v Ljubljani, kjer je tudi umrl 11. junija 1998.","robots":{"index":"index","follow":"follow","max-snippet":"max-snippet:-1","max-image-preview":"max-image-preview:large","max-video-preview":"max-video-preview:-1"},"canonical":"https:\/\/www.travel-slovenia.si\/slo\/joze-privsek\/","og_locale":"sl_SI","og_type":"article","og_title":"Jo\u017ee Priv\u0161ek : Travel-Slovenia","og_description":"Jo\u017ee Priv\u0161ek je bil slovenski skladatelj, dirigent, pianist in vibrafonis, ki se je rodil 19. marca 1937 v Ljubljani, kjer je tudi umrl 11. junija 1998.","og_url":"https:\/\/www.travel-slovenia.si\/slo\/joze-privsek\/","og_site_name":"Travel Slovenia - Sledite lepotam na\u0161e male dr\u017eavice","article_modified_time":"2015-12-08T09:09:40+00:00","og_image":[{"width":300,"height":424,"url":"https:\/\/www.travel-slovenia.si\/slo\/wp-content\/uploads\/2015\/10\/travel-slovenia-joze-privsek.jpg","type":"image\/jpeg"}],"twitter_card":"summary_large_image","twitter_title":"Jo\u017ee Priv\u0161ek : Travel-Slovenia","twitter_description":"Jo\u017ee Priv\u0161ek je bil slovenski skladatelj, dirigent, pianist in vibrafonis, ki se je rodil 19. marca 1937 v Ljubljani, kjer je tudi umrl 11. junija 1998.","twitter_image":"https:\/\/www.travel-slovenia.si\/slo\/wp-content\/uploads\/2015\/10\/travel-slovenia-joze-privsek.jpg","twitter_misc":{"Est. reading time":"1 minuta"},"schema":{"@context":"https:\/\/schema.org","@graph":[{"@type":"WebPage","@id":"https:\/\/www.travel-slovenia.si\/slo\/joze-privsek\/","url":"https:\/\/www.travel-slovenia.si\/slo\/joze-privsek\/","name":"Jo\u017ee Priv\u0161ek : Travel-Slovenia","isPartOf":{"@id":"https:\/\/www.travel-slovenia.si\/slo\/#website"},"primaryImageOfPage":{"@id":"https:\/\/www.travel-slovenia.si\/slo\/joze-privsek\/#primaryimage"},"image":{"@id":"https:\/\/www.travel-slovenia.si\/slo\/joze-privsek\/#primaryimage"},"thumbnailUrl":"https:\/\/www.travel-slovenia.si\/slo\/wp-content\/uploads\/2015\/10\/travel-slovenia-joze-privsek.jpg","datePublished":"2015-10-31T23:20:22+00:00","dateModified":"2015-12-08T09:09:40+00:00","description":"Jo\u017ee Priv\u0161ek je bil slovenski skladatelj, dirigent, pianist in vibrafonis, ki se je rodil 19. marca 1937 v Ljubljani, kjer je tudi umrl 11. junija 1998.","breadcrumb":{"@id":"https:\/\/www.travel-slovenia.si\/slo\/joze-privsek\/#breadcrumb"},"inLanguage":"sl-SI","potentialAction":[{"@type":"ReadAction","target":["https:\/\/www.travel-slovenia.si\/slo\/joze-privsek\/"]}]},{"@type":"ImageObject","inLanguage":"sl-SI","@id":"https:\/\/www.travel-slovenia.si\/slo\/joze-privsek\/#primaryimage","url":"https:\/\/www.travel-slovenia.si\/slo\/wp-content\/uploads\/2015\/10\/travel-slovenia-joze-privsek.jpg","contentUrl":"https:\/\/www.travel-slovenia.si\/slo\/wp-content\/uploads\/2015\/10\/travel-slovenia-joze-privsek.jpg","width":300,"height":424,"caption":"Jo\u017ee Priv\u0161ek"},{"@type":"BreadcrumbList","@id":"https:\/\/www.travel-slovenia.si\/slo\/joze-privsek\/#breadcrumb","itemListElement":[{"@type":"ListItem","position":1,"name":"Home","item":"https:\/\/www.travel-slovenia.si\/slo\/"},{"@type":"ListItem","position":2,"name":"Jo\u017ee Priv\u0161ek"}]},{"@type":"WebSite","@id":"https:\/\/www.travel-slovenia.si\/slo\/#website","url":"https:\/\/www.travel-slovenia.si\/slo\/","name":"Travel Slovenia - Sledite lepotam na\u0161e male dr\u017eavice","description":"","potentialAction":[{"@type":"SearchAction","target":{"@type":"EntryPoint","urlTemplate":"https:\/\/www.travel-slovenia.si\/slo\/?s={search_term_string}"},"query-input":{"@type":"PropertyValueSpecification","valueRequired":true,"valueName":"search_term_string"}}],"inLanguage":"sl-SI"}]}},"post_mailing_queue_ids":[],"_links":{"self":[{"href":"https:\/\/www.travel-slovenia.si\/slo\/wp-json\/wp\/v2\/pages\/4282","targetHints":{"allow":["GET"]}}],"collection":[{"href":"https:\/\/www.travel-slovenia.si\/slo\/wp-json\/wp\/v2\/pages"}],"about":[{"href":"https:\/\/www.travel-slovenia.si\/slo\/wp-json\/wp\/v2\/types\/page"}],"author":[{"embeddable":true,"href":"https:\/\/www.travel-slovenia.si\/slo\/wp-json\/wp\/v2\/users\/111"}],"replies":[{"embeddable":true,"href":"https:\/\/www.travel-slovenia.si\/slo\/wp-json\/wp\/v2\/comments?post=4282"}],"version-history":[{"count":5,"href":"https:\/\/www.travel-slovenia.si\/slo\/wp-json\/wp\/v2\/pages\/4282\/revisions"}],"predecessor-version":[{"id":4482,"href":"https:\/\/www.travel-slovenia.si\/slo\/wp-json\/wp\/v2\/pages\/4282\/revisions\/4482"}],"wp:attachment":[{"href":"https:\/\/www.travel-slovenia.si\/slo\/wp-json\/wp\/v2\/media?parent=4282"}],"curies":[{"name":"wp","href":"https:\/\/api.w.org\/{rel}","templated":true}]}}