{"id":4149,"date":"2015-10-14T12:48:50","date_gmt":"2015-10-14T10:48:50","guid":{"rendered":"https:\/\/www.travel-slovenia.si\/slo\/?page_id=4149"},"modified":"2015-10-14T12:48:50","modified_gmt":"2015-10-14T10:48:50","slug":"tromejnik-pot-1-iz-vasi-trdkova","status":"publish","type":"page","link":"https:\/\/www.travel-slovenia.si\/slo\/tromejnik-pot-1-iz-vasi-trdkova\/","title":{"rendered":"Tromejnik &#8211; Pot 1 &#8211; Iz vasi Trdkova"},"content":{"rendered":"<p><strong>Vi\u0161ina vzpetine:<\/strong> 388 m<br \/>\n<strong>Vi\u0161ina za\u010detne to\u010dke:<\/strong> 289 m<br \/>\n<strong>Vi\u0161inska razlika:<\/strong> 99 m<\/p>\n<p><strong>\u010cas hoje:<\/strong> 20 min<br \/>\n<strong>Te\u017eavnost:<\/strong> Lahka ozna\u010dena pot<br \/>\n<strong>Oprema:<\/strong> Obi\u010dajna pohodni\u0161ka oprema. V zimskem \u010dasu priporo\u010dljiva uporaba derez.<br \/>\n<strong>Primernost obiska:<\/strong> Vsi letni \u010dasi<\/p>\n<p style=\"text-align: justify;\"><strong>Dostop:<\/strong><br \/>\nPot nas vodi po Pomurski avtocesti, do izvoa za Mursko Soboto, od tu nadaljujemo proti mejnemu prehodu Hodo\u0161. V Gornjih Petrovcih zavijemo levo proti naselju Kuzma. Le nekaj 10 metrov pred vasjo Martinje moramo biti pozorni na oznake za Tromejnik. Zavijemo desno in vozimo do vasi Trdkova. Pripeljemo se do kri\u017ei\u0161\u010da in zavijemo levo. Po cesti se vozimo do naslednjega kri\u017ei\u0161\u010da, kjer zavijemo desno na makadamsko cesto, ki nas pripelje do ozna\u010denega parkiri\u0161\u010da. Opremljeno je z informativnimi tablami. Od tu nadaljujemo pe\u0161 po makadamski cesti, ki se za\u010dne vzpenjati. Ob poti so postavljene izobra\u017eevalne table. Poti se dr\u017eimo vse do vrha, ko ugledamo Tromejnik. Na bli\u017enjih klopeh se lahko spo\u010dijemo ali v ti\u0161ini u\u017eivamo v naravi.<\/p>\n<p style=\"text-align: justify;\"><div class='prettyMapList above cf' id='MapListPro0'><!--The Map --><div id='map-canvas0' class='mapHolder'><\/div><!-- hidden div that gets bound --><div data-bind=\"map: $data.filteredLocations()\"><\/div><!-- Search, Filters, Sorting bar --><div class='prettyFileBar clearfix'><!-- Category button --><div class=\"customCategoryList\"><a class='showFilterBtn float_right corePrettyStyle btn' href='#' data-bind='click:showCategories'>Categories<\/a><ul class='unstyled menuDropDown' data-bind='foreach: {data: mapCategories}'><li data-bind='css:slug'><a data-bind='css: {showing: selected}, html: $data.title, click: $parent.selectCategory' href='#'><\/a><\/li><\/ul><\/div><!-- Sorting button --><form id='Map-List-Search' data-bind='submit:mapSearchSubmit' class='prettyMapListSearch true'><label>Search locations<\/label><input type='text' class='prettySearchValue' data-bind='value: query, valueUpdate:\"keyup\"' autocomplete='off' value='Search'><a class='clearSearch btn corePrettyStyle' data-bind='visible: anySearchTermsEntered, click: clearSearch'>Clear<\/a><\/form><\/div><!--Message bar--><div class='prettyMessage' data-bind='visible: anyLocationsAvailable' style='display:none;'><span>No matching locations <\/span><a class='btn' href='#' data-bind='click:clearSearch'>Show all locations<\/a><\/div><div class='prettyMessage' data-bind='visible: geocodeFail' style='display:none;'><span>No location found <\/span><a class='btn' href='#' data-bind='click:clearSearch'>Show all locations<\/a><\/div><div id='ListContainer'><\/div><\/div>\n","protected":false},"excerpt":{"rendered":"<p>Vi\u0161ina vzpetine: 388 m Vi\u0161ina za\u010detne to\u010dke: 289 m Vi\u0161inska razlika: 99 m \u010cas hoje: 20 min Te\u017eavnost: Lahka ozna\u010dena pot Oprema: Obi\u010dajna pohodni\u0161ka oprema. V zimskem \u010dasu priporo\u010dljiva uporaba derez. Primernost obiska: Vsi letni \u010dasi Dostop: Pot nas vodi po Pomurski avtocesti, do izvoa za Mursko Soboto, od tu nadaljujemo proti mejnemu prehodu Hodo\u0161. [&hellip;]<\/p>\n","protected":false},"author":111,"featured_media":0,"parent":0,"menu_order":0,"comment_status":"closed","ping_status":"closed","template":"","meta":{"footnotes":""},"class_list":["post-4149","page","type-page","status-publish","hentry"],"yoast_head":"<!-- This site is optimized with the Yoast SEO plugin v25.4 - https:\/\/yoast.com\/wordpress\/plugins\/seo\/ -->\n<title>Tromejnik - Pot 1 - Iz vasi Trdkova : Travel-Slovenia<\/title>\n<meta name=\"description\" content=\"Tromejnik - Pot 1 - Iz vasi Trdkova se podamo po lahki ozna\u010deni poti vse do vrha majhnega hriba, kjer dose\u017eemo tromejo.\" \/>\n<meta name=\"robots\" content=\"index, follow, max-snippet:-1, max-image-preview:large, max-video-preview:-1\" \/>\n<link rel=\"canonical\" href=\"https:\/\/www.travel-slovenia.si\/slo\/tromejnik-pot-1-iz-vasi-trdkova\/\" \/>\n<meta property=\"og:locale\" content=\"sl_SI\" \/>\n<meta property=\"og:type\" content=\"article\" \/>\n<meta property=\"og:title\" content=\"Tromejnik - Pot 1 - Iz vasi Trdkova : Travel-Slovenia\" \/>\n<meta property=\"og:description\" content=\"Tromejnik - Pot 1 - Iz vasi Trdkova se podamo po lahki ozna\u010deni poti vse do vrha majhnega hriba, kjer dose\u017eemo tromejo.\" \/>\n<meta property=\"og:url\" content=\"https:\/\/www.travel-slovenia.si\/slo\/tromejnik-pot-1-iz-vasi-trdkova\/\" \/>\n<meta property=\"og:site_name\" content=\"Travel Slovenia - Sledite lepotam na\u0161e male dr\u017eavice\" \/>\n<meta property=\"og:image\" content=\"https:\/\/www.travel-slovenia.si\/slo\/wp-content\/uploads\/2014\/06\/travel-slovenia-tromejnik.jpg\" \/>\n\t<meta property=\"og:image:width\" content=\"600\" \/>\n\t<meta property=\"og:image:height\" content=\"800\" \/>\n\t<meta property=\"og:image:type\" content=\"image\/jpeg\" \/>\n<meta name=\"twitter:card\" content=\"summary_large_image\" \/>\n<meta name=\"twitter:title\" content=\"Tromejnik - Pot 1 - Iz vasi Trdkova : Travel-Slovenia\" \/>\n<meta name=\"twitter:description\" content=\"Tromejnik - Pot 1 - Iz vasi Trdkova se podamo po lahki ozna\u010deni poti vse do vrha majhnega hriba, kjer dose\u017eemo tromejo.\" \/>\n<meta name=\"twitter:image\" content=\"https:\/\/www.travel-slovenia.si\/slo\/wp-content\/uploads\/2014\/06\/travel-slovenia-tromejnik.jpg\" \/>\n<meta name=\"twitter:label1\" content=\"Est. reading time\" \/>\n\t<meta name=\"twitter:data1\" content=\"1 minuta\" \/>\n<script type=\"application\/ld+json\" class=\"yoast-schema-graph\">{\"@context\":\"https:\/\/schema.org\",\"@graph\":[{\"@type\":\"WebPage\",\"@id\":\"https:\/\/www.travel-slovenia.si\/slo\/tromejnik-pot-1-iz-vasi-trdkova\/\",\"url\":\"https:\/\/www.travel-slovenia.si\/slo\/tromejnik-pot-1-iz-vasi-trdkova\/\",\"name\":\"Tromejnik - Pot 1 - Iz vasi Trdkova : Travel-Slovenia\",\"isPartOf\":{\"@id\":\"https:\/\/www.travel-slovenia.si\/slo\/#website\"},\"datePublished\":\"2015-10-14T10:48:50+00:00\",\"description\":\"Tromejnik - Pot 1 - Iz vasi Trdkova se podamo po lahki ozna\u010deni poti vse do vrha majhnega hriba, kjer dose\u017eemo tromejo.\",\"breadcrumb\":{\"@id\":\"https:\/\/www.travel-slovenia.si\/slo\/tromejnik-pot-1-iz-vasi-trdkova\/#breadcrumb\"},\"inLanguage\":\"sl-SI\",\"potentialAction\":[{\"@type\":\"ReadAction\",\"target\":[\"https:\/\/www.travel-slovenia.si\/slo\/tromejnik-pot-1-iz-vasi-trdkova\/\"]}]},{\"@type\":\"BreadcrumbList\",\"@id\":\"https:\/\/www.travel-slovenia.si\/slo\/tromejnik-pot-1-iz-vasi-trdkova\/#breadcrumb\",\"itemListElement\":[{\"@type\":\"ListItem\",\"position\":1,\"name\":\"Home\",\"item\":\"https:\/\/www.travel-slovenia.si\/slo\/\"},{\"@type\":\"ListItem\",\"position\":2,\"name\":\"Tromejnik &#8211; Pot 1 &#8211; Iz vasi Trdkova\"}]},{\"@type\":\"WebSite\",\"@id\":\"https:\/\/www.travel-slovenia.si\/slo\/#website\",\"url\":\"https:\/\/www.travel-slovenia.si\/slo\/\",\"name\":\"Travel Slovenia - Sledite lepotam na\u0161e male dr\u017eavice\",\"description\":\"\",\"potentialAction\":[{\"@type\":\"SearchAction\",\"target\":{\"@type\":\"EntryPoint\",\"urlTemplate\":\"https:\/\/www.travel-slovenia.si\/slo\/?s={search_term_string}\"},\"query-input\":{\"@type\":\"PropertyValueSpecification\",\"valueRequired\":true,\"valueName\":\"search_term_string\"}}],\"inLanguage\":\"sl-SI\"}]}<\/script>\n<!-- \/ Yoast SEO plugin. -->","yoast_head_json":{"title":"Tromejnik - Pot 1 - Iz vasi Trdkova : Travel-Slovenia","description":"Tromejnik - Pot 1 - Iz vasi Trdkova se podamo po lahki ozna\u010deni poti vse do vrha majhnega hriba, kjer dose\u017eemo tromejo.","robots":{"index":"index","follow":"follow","max-snippet":"max-snippet:-1","max-image-preview":"max-image-preview:large","max-video-preview":"max-video-preview:-1"},"canonical":"https:\/\/www.travel-slovenia.si\/slo\/tromejnik-pot-1-iz-vasi-trdkova\/","og_locale":"sl_SI","og_type":"article","og_title":"Tromejnik - Pot 1 - Iz vasi Trdkova : Travel-Slovenia","og_description":"Tromejnik - Pot 1 - Iz vasi Trdkova se podamo po lahki ozna\u010deni poti vse do vrha majhnega hriba, kjer dose\u017eemo tromejo.","og_url":"https:\/\/www.travel-slovenia.si\/slo\/tromejnik-pot-1-iz-vasi-trdkova\/","og_site_name":"Travel Slovenia - Sledite lepotam na\u0161e male dr\u017eavice","og_image":[{"width":600,"height":800,"url":"https:\/\/www.travel-slovenia.si\/slo\/wp-content\/uploads\/2014\/06\/travel-slovenia-tromejnik.jpg","type":"image\/jpeg"}],"twitter_card":"summary_large_image","twitter_title":"Tromejnik - Pot 1 - Iz vasi Trdkova : Travel-Slovenia","twitter_description":"Tromejnik - Pot 1 - Iz vasi Trdkova se podamo po lahki ozna\u010deni poti vse do vrha majhnega hriba, kjer dose\u017eemo tromejo.","twitter_image":"https:\/\/www.travel-slovenia.si\/slo\/wp-content\/uploads\/2014\/06\/travel-slovenia-tromejnik.jpg","twitter_misc":{"Est. reading time":"1 minuta"},"schema":{"@context":"https:\/\/schema.org","@graph":[{"@type":"WebPage","@id":"https:\/\/www.travel-slovenia.si\/slo\/tromejnik-pot-1-iz-vasi-trdkova\/","url":"https:\/\/www.travel-slovenia.si\/slo\/tromejnik-pot-1-iz-vasi-trdkova\/","name":"Tromejnik - Pot 1 - Iz vasi Trdkova : Travel-Slovenia","isPartOf":{"@id":"https:\/\/www.travel-slovenia.si\/slo\/#website"},"datePublished":"2015-10-14T10:48:50+00:00","description":"Tromejnik - Pot 1 - Iz vasi Trdkova se podamo po lahki ozna\u010deni poti vse do vrha majhnega hriba, kjer dose\u017eemo tromejo.","breadcrumb":{"@id":"https:\/\/www.travel-slovenia.si\/slo\/tromejnik-pot-1-iz-vasi-trdkova\/#breadcrumb"},"inLanguage":"sl-SI","potentialAction":[{"@type":"ReadAction","target":["https:\/\/www.travel-slovenia.si\/slo\/tromejnik-pot-1-iz-vasi-trdkova\/"]}]},{"@type":"BreadcrumbList","@id":"https:\/\/www.travel-slovenia.si\/slo\/tromejnik-pot-1-iz-vasi-trdkova\/#breadcrumb","itemListElement":[{"@type":"ListItem","position":1,"name":"Home","item":"https:\/\/www.travel-slovenia.si\/slo\/"},{"@type":"ListItem","position":2,"name":"Tromejnik &#8211; Pot 1 &#8211; Iz vasi Trdkova"}]},{"@type":"WebSite","@id":"https:\/\/www.travel-slovenia.si\/slo\/#website","url":"https:\/\/www.travel-slovenia.si\/slo\/","name":"Travel Slovenia - Sledite lepotam na\u0161e male dr\u017eavice","description":"","potentialAction":[{"@type":"SearchAction","target":{"@type":"EntryPoint","urlTemplate":"https:\/\/www.travel-slovenia.si\/slo\/?s={search_term_string}"},"query-input":{"@type":"PropertyValueSpecification","valueRequired":true,"valueName":"search_term_string"}}],"inLanguage":"sl-SI"}]}},"post_mailing_queue_ids":[],"_links":{"self":[{"href":"https:\/\/www.travel-slovenia.si\/slo\/wp-json\/wp\/v2\/pages\/4149","targetHints":{"allow":["GET"]}}],"collection":[{"href":"https:\/\/www.travel-slovenia.si\/slo\/wp-json\/wp\/v2\/pages"}],"about":[{"href":"https:\/\/www.travel-slovenia.si\/slo\/wp-json\/wp\/v2\/types\/page"}],"author":[{"embeddable":true,"href":"https:\/\/www.travel-slovenia.si\/slo\/wp-json\/wp\/v2\/users\/111"}],"replies":[{"embeddable":true,"href":"https:\/\/www.travel-slovenia.si\/slo\/wp-json\/wp\/v2\/comments?post=4149"}],"version-history":[{"count":1,"href":"https:\/\/www.travel-slovenia.si\/slo\/wp-json\/wp\/v2\/pages\/4149\/revisions"}],"predecessor-version":[{"id":4150,"href":"https:\/\/www.travel-slovenia.si\/slo\/wp-json\/wp\/v2\/pages\/4149\/revisions\/4150"}],"wp:attachment":[{"href":"https:\/\/www.travel-slovenia.si\/slo\/wp-json\/wp\/v2\/media?parent=4149"}],"curies":[{"name":"wp","href":"https:\/\/api.w.org\/{rel}","templated":true}]}}