{"id":4100,"date":"2015-10-11T16:45:35","date_gmt":"2015-10-11T16:45:35","guid":{"rendered":"https:\/\/www.travel-slovenia.si\/slo\/?page_id=4100"},"modified":"2015-11-28T11:33:15","modified_gmt":"2015-11-28T10:33:15","slug":"dedno-polje-pot-1-preko-planine-blato","status":"publish","type":"page","link":"https:\/\/www.travel-slovenia.si\/slo\/dedno-polje-pot-1-preko-planine-blato\/","title":{"rendered":"Dedno polje &#8211; Pot 1 &#8211; Preko planine Blato"},"content":{"rendered":"<p><strong>Vi\u0161ina vzpetine:<\/strong> 1560 m<br \/>\n<strong>Vi\u0161ina za\u010detne to\u010dke:<\/strong> 1147 m<br \/>\n<strong>Vi\u0161inska razlika:<\/strong> 413 m<\/p>\n<p><strong>\u010cas hoje:<\/strong> 1h 30 min<br \/>\n<strong>Te\u017eavnost:<\/strong> Lahka ozna\u010dena pot<br \/>\n<strong>Oprema:<\/strong> Obi\u010dajna pohodni\u0161ka oprema. V zimskem \u010dasu priporo\u010dljiva uporaba derez.<br \/>\n<strong>Primernost obiska:<\/strong> Vsi letni \u010dasi<\/p>\n<p style=\"text-align: justify;\">Iz Ljubljane se odpravimo proti Jesenicam &#8211; Lesce &#8211; Bled &#8211; Bohinjska Bistrica. Od tu nadaljujemo proti Bohinjskemu jezeru, natan\u010dneje Rib\u010dev laz, kjer pridemo do kri\u017ei\u0161\u010da. Zavijemo desno proti Stari Fu\u017eini, tu na kri\u017ei\u0161\u010du pri kapelici zavijemo levo v smeri planine Blato (planina Vogar in dolina Voje). Po cesti nadaljujemo do naslednjega kri\u017ei\u0161\u010da (mimo mesta s cestnino), zavijemo levo (Voje) in nadaljujemo do kri\u017ei\u0161\u010da. Na kri\u017ei\u0161\u010du zavijemo desno proti planini Blato. \u010cez \u010das prispemo do parkiri\u0161\u010da, ki se nahaja pred planino Blato.<\/p>\n<p style=\"text-align: justify;\">S parkiri\u0161\u010da se usmerimo nazaj po poti, kjer kmalu stopimo na strm kolovoz, ki nas bo peljal v smeri proti planini pri Jezeru. Po vzponu pridemo do ozna\u010denega razpotja in nadaljujemo po levi poti. Tej pa se nekoliko kasneje pridru\u017ei ozna\u010dena pot s planine Vogar. \u0160iroka, kamnita in razgibana pot nas vodi dalje preko strmih pobo\u010dij. \u010cez \u010das zavije v levo in prispemo v dolino Pungrat, preko opu\u0161\u010dene ograje za pa\u0161o. Pot se pri\u010dne vzpenjati, a se kasneje polo\u017ei. Kaj kmalu se priklju\u010di pot z leve, ki vodi s planine Vodi\u010dni vrh. Tu nadaljujemo ravno in po nekaj minutah prispemo do planine pri Jezeru s ko\u010do na sredini. Od ko\u010de nas pot vodi v levo do ozna\u010denega razpotja, zavijemo desno v smeri planine Dedno polje. Nadaljujemo po poti, ki nas vodi tudi \u010dez smrekov gozd in kaj kmalu zagledamo planino Dedno polje. Do cilja nas lo\u010di le \u0161e nekaj minut.<\/p>\n<p style=\"text-align: justify;\"><div class='prettyMapList above cf' id='MapListPro0'><!--The Map --><div id='map-canvas0' class='mapHolder'><\/div><!-- hidden div that gets bound --><div data-bind=\"map: $data.filteredLocations()\"><\/div><!-- Search, Filters, Sorting bar --><div class='prettyFileBar clearfix'><!-- Category button --><div class=\"customCategoryList\"><a class='showFilterBtn float_right corePrettyStyle btn' href='#' data-bind='click:showCategories'>Categories<\/a><ul class='unstyled menuDropDown' data-bind='foreach: {data: mapCategories}'><li data-bind='css:slug'><a data-bind='css: {showing: selected}, html: $data.title, click: $parent.selectCategory' href='#'><\/a><\/li><\/ul><\/div><!-- Sorting button --><form id='Map-List-Search' data-bind='submit:mapSearchSubmit' class='prettyMapListSearch true'><label>Search locations<\/label><input type='text' class='prettySearchValue' data-bind='value: query, valueUpdate:\"keyup\"' autocomplete='off' value='Search'><a class='clearSearch btn corePrettyStyle' data-bind='visible: anySearchTermsEntered, click: clearSearch'>Clear<\/a><\/form><\/div><!--Message bar--><div class='prettyMessage' data-bind='visible: anyLocationsAvailable' style='display:none;'><span>No matching locations <\/span><a class='btn' href='#' data-bind='click:clearSearch'>Show all locations<\/a><\/div><div class='prettyMessage' data-bind='visible: geocodeFail' style='display:none;'><span>No location found <\/span><a class='btn' href='#' data-bind='click:clearSearch'>Show all locations<\/a><\/div><div id='ListContainer'><\/div><\/div>\n","protected":false},"excerpt":{"rendered":"<p>Vi\u0161ina vzpetine: 1560 m Vi\u0161ina za\u010detne to\u010dke: 1147 m Vi\u0161inska razlika: 413 m \u010cas hoje: 1h 30 min Te\u017eavnost: Lahka ozna\u010dena pot Oprema: Obi\u010dajna pohodni\u0161ka oprema. V zimskem \u010dasu priporo\u010dljiva uporaba derez. Primernost obiska: Vsi letni \u010dasi Iz Ljubljane se odpravimo proti Jesenicam &#8211; Lesce &#8211; Bled &#8211; Bohinjska Bistrica. Od tu nadaljujemo proti Bohinjskemu [&hellip;]<\/p>\n","protected":false},"author":111,"featured_media":0,"parent":0,"menu_order":0,"comment_status":"closed","ping_status":"closed","template":"","meta":{"footnotes":""},"class_list":["post-4100","page","type-page","status-publish","hentry"],"yoast_head":"<!-- This site is optimized with the Yoast SEO plugin v25.4 - https:\/\/yoast.com\/wordpress\/plugins\/seo\/ -->\n<title>Dedno polje - Pot 1 - Preko planine Blato : Travel-Slovenia<\/title>\n<meta name=\"description\" content=\"Dedno polje - Pot 1 - Preko planine Blato se po lahki ozna\u010deni poti povzpnemo na planino Dedno polje.\" \/>\n<meta name=\"robots\" content=\"index, follow, max-snippet:-1, max-image-preview:large, max-video-preview:-1\" \/>\n<link rel=\"canonical\" href=\"https:\/\/www.travel-slovenia.si\/slo\/dedno-polje-pot-1-preko-planine-blato\/\" \/>\n<meta property=\"og:locale\" content=\"sl_SI\" \/>\n<meta property=\"og:type\" content=\"article\" \/>\n<meta property=\"og:title\" content=\"Dedno polje - Pot 1 - Preko planine Blato : Travel-Slovenia\" \/>\n<meta property=\"og:description\" content=\"Dedno polje - Pot 1 - Preko planine Blato se po lahki ozna\u010deni poti povzpnemo na planino Dedno polje.\" \/>\n<meta property=\"og:url\" content=\"https:\/\/www.travel-slovenia.si\/slo\/dedno-polje-pot-1-preko-planine-blato\/\" \/>\n<meta property=\"og:site_name\" content=\"Travel Slovenia - Sledite lepotam na\u0161e male dr\u017eavice\" \/>\n<meta property=\"article:modified_time\" content=\"2015-11-28T10:33:15+00:00\" \/>\n<meta property=\"og:image\" content=\"https:\/\/www.travel-slovenia.si\/slo\/wp-content\/uploads\/2014\/08\/travel-slovenia-dedno-polje.jpg\" \/>\n\t<meta property=\"og:image:width\" content=\"600\" \/>\n\t<meta property=\"og:image:height\" content=\"450\" \/>\n\t<meta property=\"og:image:type\" content=\"image\/jpeg\" \/>\n<meta name=\"twitter:card\" content=\"summary_large_image\" \/>\n<meta name=\"twitter:title\" content=\"Dedno polje - Pot 1 - Preko planine Blato : Travel-Slovenia\" \/>\n<meta name=\"twitter:description\" content=\"Dedno polje - Pot 1 - Preko planine Blato se po lahki ozna\u010deni poti povzpnemo na planino Dedno polje.\" \/>\n<meta name=\"twitter:image\" content=\"https:\/\/www.travel-slovenia.si\/slo\/wp-content\/uploads\/2014\/08\/travel-slovenia-dedno-polje.jpg\" \/>\n<meta name=\"twitter:label1\" content=\"Est. reading time\" \/>\n\t<meta name=\"twitter:data1\" content=\"2 minuti\" \/>\n<script type=\"application\/ld+json\" class=\"yoast-schema-graph\">{\"@context\":\"https:\/\/schema.org\",\"@graph\":[{\"@type\":\"WebPage\",\"@id\":\"https:\/\/www.travel-slovenia.si\/slo\/dedno-polje-pot-1-preko-planine-blato\/\",\"url\":\"https:\/\/www.travel-slovenia.si\/slo\/dedno-polje-pot-1-preko-planine-blato\/\",\"name\":\"Dedno polje - Pot 1 - Preko planine Blato : Travel-Slovenia\",\"isPartOf\":{\"@id\":\"https:\/\/www.travel-slovenia.si\/slo\/#website\"},\"datePublished\":\"2015-10-11T16:45:35+00:00\",\"dateModified\":\"2015-11-28T10:33:15+00:00\",\"description\":\"Dedno polje - Pot 1 - Preko planine Blato se po lahki ozna\u010deni poti povzpnemo na planino Dedno polje.\",\"breadcrumb\":{\"@id\":\"https:\/\/www.travel-slovenia.si\/slo\/dedno-polje-pot-1-preko-planine-blato\/#breadcrumb\"},\"inLanguage\":\"sl-SI\",\"potentialAction\":[{\"@type\":\"ReadAction\",\"target\":[\"https:\/\/www.travel-slovenia.si\/slo\/dedno-polje-pot-1-preko-planine-blato\/\"]}]},{\"@type\":\"BreadcrumbList\",\"@id\":\"https:\/\/www.travel-slovenia.si\/slo\/dedno-polje-pot-1-preko-planine-blato\/#breadcrumb\",\"itemListElement\":[{\"@type\":\"ListItem\",\"position\":1,\"name\":\"Home\",\"item\":\"https:\/\/www.travel-slovenia.si\/slo\/\"},{\"@type\":\"ListItem\",\"position\":2,\"name\":\"Dedno polje &#8211; Pot 1 &#8211; Preko planine Blato\"}]},{\"@type\":\"WebSite\",\"@id\":\"https:\/\/www.travel-slovenia.si\/slo\/#website\",\"url\":\"https:\/\/www.travel-slovenia.si\/slo\/\",\"name\":\"Travel Slovenia - Sledite lepotam na\u0161e male dr\u017eavice\",\"description\":\"\",\"potentialAction\":[{\"@type\":\"SearchAction\",\"target\":{\"@type\":\"EntryPoint\",\"urlTemplate\":\"https:\/\/www.travel-slovenia.si\/slo\/?s={search_term_string}\"},\"query-input\":{\"@type\":\"PropertyValueSpecification\",\"valueRequired\":true,\"valueName\":\"search_term_string\"}}],\"inLanguage\":\"sl-SI\"}]}<\/script>\n<!-- \/ Yoast SEO plugin. -->","yoast_head_json":{"title":"Dedno polje - Pot 1 - Preko planine Blato : Travel-Slovenia","description":"Dedno polje - Pot 1 - Preko planine Blato se po lahki ozna\u010deni poti povzpnemo na planino Dedno polje.","robots":{"index":"index","follow":"follow","max-snippet":"max-snippet:-1","max-image-preview":"max-image-preview:large","max-video-preview":"max-video-preview:-1"},"canonical":"https:\/\/www.travel-slovenia.si\/slo\/dedno-polje-pot-1-preko-planine-blato\/","og_locale":"sl_SI","og_type":"article","og_title":"Dedno polje - Pot 1 - Preko planine Blato : Travel-Slovenia","og_description":"Dedno polje - Pot 1 - Preko planine Blato se po lahki ozna\u010deni poti povzpnemo na planino Dedno polje.","og_url":"https:\/\/www.travel-slovenia.si\/slo\/dedno-polje-pot-1-preko-planine-blato\/","og_site_name":"Travel Slovenia - Sledite lepotam na\u0161e male dr\u017eavice","article_modified_time":"2015-11-28T10:33:15+00:00","og_image":[{"width":600,"height":450,"url":"https:\/\/www.travel-slovenia.si\/slo\/wp-content\/uploads\/2014\/08\/travel-slovenia-dedno-polje.jpg","type":"image\/jpeg"}],"twitter_card":"summary_large_image","twitter_title":"Dedno polje - Pot 1 - Preko planine Blato : Travel-Slovenia","twitter_description":"Dedno polje - Pot 1 - Preko planine Blato se po lahki ozna\u010deni poti povzpnemo na planino Dedno polje.","twitter_image":"https:\/\/www.travel-slovenia.si\/slo\/wp-content\/uploads\/2014\/08\/travel-slovenia-dedno-polje.jpg","twitter_misc":{"Est. reading time":"2 minuti"},"schema":{"@context":"https:\/\/schema.org","@graph":[{"@type":"WebPage","@id":"https:\/\/www.travel-slovenia.si\/slo\/dedno-polje-pot-1-preko-planine-blato\/","url":"https:\/\/www.travel-slovenia.si\/slo\/dedno-polje-pot-1-preko-planine-blato\/","name":"Dedno polje - Pot 1 - Preko planine Blato : Travel-Slovenia","isPartOf":{"@id":"https:\/\/www.travel-slovenia.si\/slo\/#website"},"datePublished":"2015-10-11T16:45:35+00:00","dateModified":"2015-11-28T10:33:15+00:00","description":"Dedno polje - Pot 1 - Preko planine Blato se po lahki ozna\u010deni poti povzpnemo na planino Dedno polje.","breadcrumb":{"@id":"https:\/\/www.travel-slovenia.si\/slo\/dedno-polje-pot-1-preko-planine-blato\/#breadcrumb"},"inLanguage":"sl-SI","potentialAction":[{"@type":"ReadAction","target":["https:\/\/www.travel-slovenia.si\/slo\/dedno-polje-pot-1-preko-planine-blato\/"]}]},{"@type":"BreadcrumbList","@id":"https:\/\/www.travel-slovenia.si\/slo\/dedno-polje-pot-1-preko-planine-blato\/#breadcrumb","itemListElement":[{"@type":"ListItem","position":1,"name":"Home","item":"https:\/\/www.travel-slovenia.si\/slo\/"},{"@type":"ListItem","position":2,"name":"Dedno polje &#8211; Pot 1 &#8211; Preko planine Blato"}]},{"@type":"WebSite","@id":"https:\/\/www.travel-slovenia.si\/slo\/#website","url":"https:\/\/www.travel-slovenia.si\/slo\/","name":"Travel Slovenia - Sledite lepotam na\u0161e male dr\u017eavice","description":"","potentialAction":[{"@type":"SearchAction","target":{"@type":"EntryPoint","urlTemplate":"https:\/\/www.travel-slovenia.si\/slo\/?s={search_term_string}"},"query-input":{"@type":"PropertyValueSpecification","valueRequired":true,"valueName":"search_term_string"}}],"inLanguage":"sl-SI"}]}},"post_mailing_queue_ids":[],"_links":{"self":[{"href":"https:\/\/www.travel-slovenia.si\/slo\/wp-json\/wp\/v2\/pages\/4100","targetHints":{"allow":["GET"]}}],"collection":[{"href":"https:\/\/www.travel-slovenia.si\/slo\/wp-json\/wp\/v2\/pages"}],"about":[{"href":"https:\/\/www.travel-slovenia.si\/slo\/wp-json\/wp\/v2\/types\/page"}],"author":[{"embeddable":true,"href":"https:\/\/www.travel-slovenia.si\/slo\/wp-json\/wp\/v2\/users\/111"}],"replies":[{"embeddable":true,"href":"https:\/\/www.travel-slovenia.si\/slo\/wp-json\/wp\/v2\/comments?post=4100"}],"version-history":[{"count":2,"href":"https:\/\/www.travel-slovenia.si\/slo\/wp-json\/wp\/v2\/pages\/4100\/revisions"}],"predecessor-version":[{"id":4463,"href":"https:\/\/www.travel-slovenia.si\/slo\/wp-json\/wp\/v2\/pages\/4100\/revisions\/4463"}],"wp:attachment":[{"href":"https:\/\/www.travel-slovenia.si\/slo\/wp-json\/wp\/v2\/media?parent=4100"}],"curies":[{"name":"wp","href":"https:\/\/api.w.org\/{rel}","templated":true}]}}