{"id":397,"date":"2014-06-12T18:18:43","date_gmt":"2014-06-12T18:18:43","guid":{"rendered":"https:\/\/www.travel-slovenia.si\/?page_id=397"},"modified":"2019-11-05T15:28:21","modified_gmt":"2019-11-05T14:28:21","slug":"zgodovinska-mesta","status":"publish","type":"page","link":"https:\/\/www.travel-slovenia.si\/slo\/zgodovinska-mesta\/","title":{"rendered":"Zgodovinska mesta"},"content":{"rendered":"<p style=\"text-align: justify;\">Zgodovinska mesta iz razli\u010dnih obdobij so razporejena po celotni Sloveniji. Nekatera so zelo dobro ohranjena, nekatera so zapu\u0161\u010dena in pora\u0161\u010dena, ampak kljub temu vredna ogleda. Nekatera prikazujejo, da je slovensko ozemlje imelo klju\u010dno vlogo pri ustvarjanju globalne zgodovine, od prazgodovine vse do danes.<\/p>\n<p style=\"text-align: justify;\"><span><a href=\"https:\/\/www.travel-slovenia.si\/slo\/zelezna-doba\/\"><strong><em><img loading=\"lazy\" decoding=\"async\" class=\"alignleft size-full wp-image-8488\" src=\"https:\/\/www.travel-slovenia.si\/slo\/wp-content\/uploads\/2019\/11\/travel-slovenia-iron-age.jpg\" alt=\"\" width=\"150\" height=\"150\" srcset=\"https:\/\/www.travel-slovenia.si\/slo\/wp-content\/uploads\/2019\/11\/travel-slovenia-iron-age.jpg 150w, https:\/\/www.travel-slovenia.si\/slo\/wp-content\/uploads\/2019\/11\/travel-slovenia-iron-age-83x83.jpg 83w, https:\/\/www.travel-slovenia.si\/slo\/wp-content\/uploads\/2019\/11\/travel-slovenia-iron-age-55x55.jpg 55w, https:\/\/www.travel-slovenia.si\/slo\/wp-content\/uploads\/2019\/11\/travel-slovenia-iron-age-24x24.jpg 24w, https:\/\/www.travel-slovenia.si\/slo\/wp-content\/uploads\/2019\/11\/travel-slovenia-iron-age-36x36.jpg 36w, https:\/\/www.travel-slovenia.si\/slo\/wp-content\/uploads\/2019\/11\/travel-slovenia-iron-age-48x48.jpg 48w\" sizes=\"auto, (max-width: 150px) 100vw, 150px\" \/><\/em><\/strong><\/a><a href=\"https:\/\/www.travel-slovenia.si\/slo\/zelezna-doba\/\"><strong><em>\u017delezna doba<\/em><\/strong><\/a><br \/>\n\u017delezna doba je obdobje v katerem so ljudje primarno uporabljali \u017eelezo za izdelavo oro\u017eja in orodja. Na obmo\u010dju Slovenije zajema \u010das od 1000 pn\u0161 do 300 pn\u0161, imenovana starej\u0161a \u017eelezna doba, in od 300 pn\u0161 do rimske zasedbe proti koncu 1. stoletja pn\u0161 pa mlaj\u0161a \u017eelezna doba ali latenska doba. [<a href=\"https:\/\/www.travel-slovenia.si\/slo\/zelezna-doba\/\">_Preberite ve\u010d_<\/a>]<\/span><\/p>\n<p style=\"text-align: justify;\"><strong><em><img loading=\"lazy\" decoding=\"async\" class=\"alignleft size-full wp-image-3663\" src=\"https:\/\/www.travel-slovenia.si\/slo\/wp-content\/uploads\/2014\/06\/travel-slovenia-rimski-imperij.jpg\" alt=\"travel-slovenia-rimski-imperij\" width=\"150\" height=\"150\" srcset=\"https:\/\/www.travel-slovenia.si\/slo\/wp-content\/uploads\/2014\/06\/travel-slovenia-rimski-imperij.jpg 150w, https:\/\/www.travel-slovenia.si\/slo\/wp-content\/uploads\/2014\/06\/travel-slovenia-rimski-imperij-83x83.jpg 83w, https:\/\/www.travel-slovenia.si\/slo\/wp-content\/uploads\/2014\/06\/travel-slovenia-rimski-imperij-55x55.jpg 55w, https:\/\/www.travel-slovenia.si\/slo\/wp-content\/uploads\/2014\/06\/travel-slovenia-rimski-imperij-24x24.jpg 24w, https:\/\/www.travel-slovenia.si\/slo\/wp-content\/uploads\/2014\/06\/travel-slovenia-rimski-imperij-36x36.jpg 36w, https:\/\/www.travel-slovenia.si\/slo\/wp-content\/uploads\/2014\/06\/travel-slovenia-rimski-imperij-48x48.jpg 48w\" sizes=\"auto, (max-width: 150px) 100vw, 150px\" \/>Rimski imperij<\/em><\/strong><br \/>\nRimski imperij ozna\u010duje staro-rimsko civilizacijo v stoletjih, ki so sledila po reorganizaciji pod vodstvom cesarja Avgustusa. Stoletja pred vladavino Avgustusa so ozna\u010dena kot Rimska republika. Razlika med njima je v organih upravljanja in odnosih med njimi. [<a href=\"https:\/\/www.travel-slovenia.si\/slo\/rimski-imperij\/\">_Obi\u0161\u010dite lokacije_<\/a>]\n<p style=\"text-align: justify;\"><img loading=\"lazy\" decoding=\"async\" class=\"alignleft size-full wp-image-6095\" src=\"https:\/\/www.travel-slovenia.si\/slo\/wp-content\/uploads\/2014\/06\/travel-slovenia-srednji-vek.jpg\" alt=\"travel-slovenia-srednji-vek\" width=\"150\" height=\"150\" srcset=\"https:\/\/www.travel-slovenia.si\/slo\/wp-content\/uploads\/2014\/06\/travel-slovenia-srednji-vek.jpg 150w, https:\/\/www.travel-slovenia.si\/slo\/wp-content\/uploads\/2014\/06\/travel-slovenia-srednji-vek-83x83.jpg 83w, https:\/\/www.travel-slovenia.si\/slo\/wp-content\/uploads\/2014\/06\/travel-slovenia-srednji-vek-55x55.jpg 55w, https:\/\/www.travel-slovenia.si\/slo\/wp-content\/uploads\/2014\/06\/travel-slovenia-srednji-vek-24x24.jpg 24w, https:\/\/www.travel-slovenia.si\/slo\/wp-content\/uploads\/2014\/06\/travel-slovenia-srednji-vek-36x36.jpg 36w, https:\/\/www.travel-slovenia.si\/slo\/wp-content\/uploads\/2014\/06\/travel-slovenia-srednji-vek-48x48.jpg 48w\" sizes=\"auto, (max-width: 150px) 100vw, 150px\" \/><strong><em>Srednji vek<\/em><\/strong><br \/>\nObdobje v zgodovini, ki se je pri\u010delo leta 476 z razpadom Zahodnega rimskega cesarstva, s \u010dimer se kon\u010da stari vek. Obdobje srednjega veka se je kon\u010dalo z odkritjem\u00a0 Amerike leta 1492. Skoraj tiso\u010d letno obdobje je razdeljeno na tri obdobja: zgodnji, visoki in pozni srednji vek. [<a href=\"https:\/\/www.travel-slovenia.si\/slo\/srednji-vek\/\">_Obi\u0161\u010dite lokacije_<\/a>]\n<p style=\"text-align: justify;\"><img loading=\"lazy\" decoding=\"async\" class=\"alignleft size-full wp-image-5670\" src=\"https:\/\/www.travel-slovenia.si\/slo\/wp-content\/uploads\/2014\/06\/travel-slovenia-ilirske-province.jpg\" alt=\"travel-slovenia-ilirske-province\" width=\"150\" height=\"150\" srcset=\"https:\/\/www.travel-slovenia.si\/slo\/wp-content\/uploads\/2014\/06\/travel-slovenia-ilirske-province.jpg 150w, https:\/\/www.travel-slovenia.si\/slo\/wp-content\/uploads\/2014\/06\/travel-slovenia-ilirske-province-83x83.jpg 83w, https:\/\/www.travel-slovenia.si\/slo\/wp-content\/uploads\/2014\/06\/travel-slovenia-ilirske-province-55x55.jpg 55w, https:\/\/www.travel-slovenia.si\/slo\/wp-content\/uploads\/2014\/06\/travel-slovenia-ilirske-province-24x24.jpg 24w, https:\/\/www.travel-slovenia.si\/slo\/wp-content\/uploads\/2014\/06\/travel-slovenia-ilirske-province-36x36.jpg 36w, https:\/\/www.travel-slovenia.si\/slo\/wp-content\/uploads\/2014\/06\/travel-slovenia-ilirske-province-48x48.jpg 48w\" sizes=\"auto, (max-width: 150px) 100vw, 150px\" \/><strong><em>Ilirske province<\/em><\/strong><br \/>\n\u010cas Ilirskih provinc se je za\u010del, ko jih je Napoleon 14. oktobra 1809 ustanovil, po porazu Avstrije v bitki pri Wagramu s sch\u00f6nbunnskim mirom, ki je bila prisiljena Franciji prepustiti Kranjsko, zahodni del Koro\u0161ke, Gori\u0161ko, Trst, Istro, Hrva\u0161ko in Vojno krajino jugozahodno od Save.\u00a0 [<a href=\"https:\/\/www.travel-slovenia.si\/slo\/ilirske-province\/\">_Obi\u0161\u010dite lokacije_<\/a>]\n<p style=\"text-align: justify;\"><strong><em><img loading=\"lazy\" decoding=\"async\" class=\"alignleft size-full wp-image-3662\" src=\"https:\/\/www.travel-slovenia.si\/slo\/wp-content\/uploads\/2014\/06\/travel-slovenia-prva-svetovna-vojna.jpg\" alt=\"travel-slovenia-prva-svetovna-vojna\" width=\"150\" height=\"150\" srcset=\"https:\/\/www.travel-slovenia.si\/slo\/wp-content\/uploads\/2014\/06\/travel-slovenia-prva-svetovna-vojna.jpg 150w, https:\/\/www.travel-slovenia.si\/slo\/wp-content\/uploads\/2014\/06\/travel-slovenia-prva-svetovna-vojna-83x83.jpg 83w, https:\/\/www.travel-slovenia.si\/slo\/wp-content\/uploads\/2014\/06\/travel-slovenia-prva-svetovna-vojna-55x55.jpg 55w, https:\/\/www.travel-slovenia.si\/slo\/wp-content\/uploads\/2014\/06\/travel-slovenia-prva-svetovna-vojna-24x24.jpg 24w, https:\/\/www.travel-slovenia.si\/slo\/wp-content\/uploads\/2014\/06\/travel-slovenia-prva-svetovna-vojna-36x36.jpg 36w, https:\/\/www.travel-slovenia.si\/slo\/wp-content\/uploads\/2014\/06\/travel-slovenia-prva-svetovna-vojna-48x48.jpg 48w\" sizes=\"auto, (max-width: 150px) 100vw, 150px\" \/>Prva svetovna vojna<\/em><\/strong><br \/>\nPrva svetovna vojna, znana tudi kot Velika vojna, je bila prva globalna vojna, ki se je pri\u010dela 28. julija 1914 in je trajala do 11. novembra 1918. Vpleteni so bili vsi veliki imperiji in njihovi zavezniki. Kar je bil prvotno majhen evropski spor na Balkanu, je zraslo v vojno globalnih razse\u017enosti.\u00a0[<a href=\"https:\/\/www.travel-slovenia.si\/slo\/prva-svetovna-vojna\/\">_Obi\u0161\u010dite lokacije_<\/a>]\n<p style=\"text-align: justify;\"><img loading=\"lazy\" decoding=\"async\" class=\"alignleft size-full wp-image-5497\" src=\"https:\/\/www.travel-slovenia.si\/slo\/wp-content\/uploads\/2014\/06\/travel-slovenia-druga-svetovna-vojna-view.jpg\" alt=\"travel-slovenia-druga-svetovna-vojna-view\" width=\"150\" height=\"150\" srcset=\"https:\/\/www.travel-slovenia.si\/slo\/wp-content\/uploads\/2014\/06\/travel-slovenia-druga-svetovna-vojna-view.jpg 150w, https:\/\/www.travel-slovenia.si\/slo\/wp-content\/uploads\/2014\/06\/travel-slovenia-druga-svetovna-vojna-view-83x83.jpg 83w, https:\/\/www.travel-slovenia.si\/slo\/wp-content\/uploads\/2014\/06\/travel-slovenia-druga-svetovna-vojna-view-55x55.jpg 55w, https:\/\/www.travel-slovenia.si\/slo\/wp-content\/uploads\/2014\/06\/travel-slovenia-druga-svetovna-vojna-view-24x24.jpg 24w, https:\/\/www.travel-slovenia.si\/slo\/wp-content\/uploads\/2014\/06\/travel-slovenia-druga-svetovna-vojna-view-36x36.jpg 36w, https:\/\/www.travel-slovenia.si\/slo\/wp-content\/uploads\/2014\/06\/travel-slovenia-druga-svetovna-vojna-view-48x48.jpg 48w\" sizes=\"auto, (max-width: 150px) 100vw, 150px\" \/><strong><em>Druga svetovna vojna<\/em><\/strong><br \/>\nDruga svetovna vojna se je za\u010dela 1. septembra 1939 in je trajala do 2. septembra 1945. Gre za najobse\u017enej\u0161i in najdra\u017eji oboro\u017eeni spopad v zgodovini,\u00a0sodelovala je ve\u010dina svetovnih dr\u017eav. Povod je bila nem\u0161ka invazija na Poljsko in posledi\u010dno napoved vojne s strani Francije in Britanskega imperija. [<a href=\"https:\/\/www.travel-slovenia.si\/slo\/druga-svetovna-vojna\/\">_Obi\u0161\u010dite lokacije_<\/a>]\n","protected":false},"excerpt":{"rendered":"<p>Zgodovinska mesta iz razli\u010dnih obdobij so razporejena po celotni Sloveniji. Nekatera so zelo dobro ohranjena, nekatera so zapu\u0161\u010dena in pora\u0161\u010dena, ampak kljub temu vredna ogleda. Nekatera prikazujejo, da je slovensko ozemlje imelo klju\u010dno vlogo pri ustvarjanju globalne zgodovine, od prazgodovine vse do danes. \u017delezna doba \u017delezna doba je obdobje v katerem so ljudje primarno uporabljali [&hellip;]<\/p>\n","protected":false},"author":111,"featured_media":0,"parent":0,"menu_order":2,"comment_status":"closed","ping_status":"closed","template":"","meta":{"footnotes":""},"class_list":["post-397","page","type-page","status-publish","hentry"],"yoast_head":"<!-- This site is optimized with the Yoast SEO plugin v25.4 - https:\/\/yoast.com\/wordpress\/plugins\/seo\/ -->\n<title>Zgodovinska mesta : Travel-Slovenia<\/title>\n<meta name=\"description\" content=\"Zgodovinska mesta iz razli\u010dnih obdobij so razporejena po celotni Sloveniji. Nekatera so zelo dobro ohranjena, nekatera so zapu\u0161\u010dena in pora\u0161\u010dena.\" \/>\n<meta name=\"robots\" content=\"index, follow, max-snippet:-1, max-image-preview:large, max-video-preview:-1\" \/>\n<link rel=\"canonical\" href=\"https:\/\/www.travel-slovenia.si\/slo\/zgodovinska-mesta\/\" \/>\n<meta property=\"og:locale\" content=\"sl_SI\" \/>\n<meta property=\"og:type\" content=\"article\" \/>\n<meta property=\"og:title\" content=\"Zgodovinska mesta : Travel-Slovenia\" \/>\n<meta property=\"og:description\" content=\"Zgodovinska mesta iz razli\u010dnih obdobij so razporejena po celotni Sloveniji. Nekatera so zelo dobro ohranjena, nekatera so zapu\u0161\u010dena in pora\u0161\u010dena.\" \/>\n<meta property=\"og:url\" content=\"https:\/\/www.travel-slovenia.si\/slo\/zgodovinska-mesta\/\" \/>\n<meta property=\"og:site_name\" content=\"Travel Slovenia - Sledite lepotam na\u0161e male dr\u017eavice\" \/>\n<meta property=\"article:modified_time\" content=\"2019-11-05T14:28:21+00:00\" \/>\n<meta property=\"og:image\" content=\"https:\/\/www.travel-slovenia.si\/slo\/wp-content\/uploads\/2014\/05\/travel-slovenia-samostojna-slovenija.jpg\" \/>\n\t<meta property=\"og:image:width\" content=\"600\" \/>\n\t<meta property=\"og:image:height\" content=\"411\" \/>\n\t<meta property=\"og:image:type\" content=\"image\/jpeg\" \/>\n<meta name=\"twitter:card\" content=\"summary_large_image\" \/>\n<meta name=\"twitter:title\" content=\"Zgodovinska mesta : Travel-Slovenia\" \/>\n<meta name=\"twitter:description\" content=\"Zgodovinska mesta iz razli\u010dnih obdobij so razporejena po celotni Sloveniji. Nekatera so zelo dobro ohranjena, nekatera so zapu\u0161\u010dena in pora\u0161\u010dena.\" \/>\n<meta name=\"twitter:image\" content=\"https:\/\/www.travel-slovenia.si\/slo\/wp-content\/uploads\/2014\/05\/travel-slovenia-samostojna-slovenija.jpg\" \/>\n<meta name=\"twitter:label1\" content=\"Est. reading time\" \/>\n\t<meta name=\"twitter:data1\" content=\"2 minuti\" \/>\n<script type=\"application\/ld+json\" class=\"yoast-schema-graph\">{\"@context\":\"https:\/\/schema.org\",\"@graph\":[{\"@type\":\"WebPage\",\"@id\":\"https:\/\/www.travel-slovenia.si\/slo\/zgodovinska-mesta\/\",\"url\":\"https:\/\/www.travel-slovenia.si\/slo\/zgodovinska-mesta\/\",\"name\":\"Zgodovinska mesta : Travel-Slovenia\",\"isPartOf\":{\"@id\":\"https:\/\/www.travel-slovenia.si\/slo\/#website\"},\"primaryImageOfPage\":{\"@id\":\"https:\/\/www.travel-slovenia.si\/slo\/zgodovinska-mesta\/#primaryimage\"},\"image\":{\"@id\":\"https:\/\/www.travel-slovenia.si\/slo\/zgodovinska-mesta\/#primaryimage\"},\"thumbnailUrl\":\"https:\/\/www.travel-slovenia.si\/slo\/wp-content\/uploads\/2019\/11\/travel-slovenia-iron-age.jpg\",\"datePublished\":\"2014-06-12T18:18:43+00:00\",\"dateModified\":\"2019-11-05T14:28:21+00:00\",\"description\":\"Zgodovinska mesta iz razli\u010dnih obdobij so razporejena po celotni Sloveniji. Nekatera so zelo dobro ohranjena, nekatera so zapu\u0161\u010dena in pora\u0161\u010dena.\",\"breadcrumb\":{\"@id\":\"https:\/\/www.travel-slovenia.si\/slo\/zgodovinska-mesta\/#breadcrumb\"},\"inLanguage\":\"sl-SI\",\"potentialAction\":[{\"@type\":\"ReadAction\",\"target\":[\"https:\/\/www.travel-slovenia.si\/slo\/zgodovinska-mesta\/\"]}]},{\"@type\":\"ImageObject\",\"inLanguage\":\"sl-SI\",\"@id\":\"https:\/\/www.travel-slovenia.si\/slo\/zgodovinska-mesta\/#primaryimage\",\"url\":\"https:\/\/www.travel-slovenia.si\/slo\/wp-content\/uploads\/2019\/11\/travel-slovenia-iron-age.jpg\",\"contentUrl\":\"https:\/\/www.travel-slovenia.si\/slo\/wp-content\/uploads\/2019\/11\/travel-slovenia-iron-age.jpg\",\"width\":150,\"height\":150},{\"@type\":\"BreadcrumbList\",\"@id\":\"https:\/\/www.travel-slovenia.si\/slo\/zgodovinska-mesta\/#breadcrumb\",\"itemListElement\":[{\"@type\":\"ListItem\",\"position\":1,\"name\":\"Home\",\"item\":\"https:\/\/www.travel-slovenia.si\/slo\/\"},{\"@type\":\"ListItem\",\"position\":2,\"name\":\"Zgodovinska mesta\"}]},{\"@type\":\"WebSite\",\"@id\":\"https:\/\/www.travel-slovenia.si\/slo\/#website\",\"url\":\"https:\/\/www.travel-slovenia.si\/slo\/\",\"name\":\"Travel Slovenia - Sledite lepotam na\u0161e male dr\u017eavice\",\"description\":\"\",\"potentialAction\":[{\"@type\":\"SearchAction\",\"target\":{\"@type\":\"EntryPoint\",\"urlTemplate\":\"https:\/\/www.travel-slovenia.si\/slo\/?s={search_term_string}\"},\"query-input\":{\"@type\":\"PropertyValueSpecification\",\"valueRequired\":true,\"valueName\":\"search_term_string\"}}],\"inLanguage\":\"sl-SI\"}]}<\/script>\n<!-- \/ Yoast SEO plugin. -->","yoast_head_json":{"title":"Zgodovinska mesta : Travel-Slovenia","description":"Zgodovinska mesta iz razli\u010dnih obdobij so razporejena po celotni Sloveniji. Nekatera so zelo dobro ohranjena, nekatera so zapu\u0161\u010dena in pora\u0161\u010dena.","robots":{"index":"index","follow":"follow","max-snippet":"max-snippet:-1","max-image-preview":"max-image-preview:large","max-video-preview":"max-video-preview:-1"},"canonical":"https:\/\/www.travel-slovenia.si\/slo\/zgodovinska-mesta\/","og_locale":"sl_SI","og_type":"article","og_title":"Zgodovinska mesta : Travel-Slovenia","og_description":"Zgodovinska mesta iz razli\u010dnih obdobij so razporejena po celotni Sloveniji. Nekatera so zelo dobro ohranjena, nekatera so zapu\u0161\u010dena in pora\u0161\u010dena.","og_url":"https:\/\/www.travel-slovenia.si\/slo\/zgodovinska-mesta\/","og_site_name":"Travel Slovenia - Sledite lepotam na\u0161e male dr\u017eavice","article_modified_time":"2019-11-05T14:28:21+00:00","og_image":[{"width":600,"height":411,"url":"https:\/\/www.travel-slovenia.si\/slo\/wp-content\/uploads\/2014\/05\/travel-slovenia-samostojna-slovenija.jpg","type":"image\/jpeg"}],"twitter_card":"summary_large_image","twitter_title":"Zgodovinska mesta : Travel-Slovenia","twitter_description":"Zgodovinska mesta iz razli\u010dnih obdobij so razporejena po celotni Sloveniji. Nekatera so zelo dobro ohranjena, nekatera so zapu\u0161\u010dena in pora\u0161\u010dena.","twitter_image":"https:\/\/www.travel-slovenia.si\/slo\/wp-content\/uploads\/2014\/05\/travel-slovenia-samostojna-slovenija.jpg","twitter_misc":{"Est. reading time":"2 minuti"},"schema":{"@context":"https:\/\/schema.org","@graph":[{"@type":"WebPage","@id":"https:\/\/www.travel-slovenia.si\/slo\/zgodovinska-mesta\/","url":"https:\/\/www.travel-slovenia.si\/slo\/zgodovinska-mesta\/","name":"Zgodovinska mesta : Travel-Slovenia","isPartOf":{"@id":"https:\/\/www.travel-slovenia.si\/slo\/#website"},"primaryImageOfPage":{"@id":"https:\/\/www.travel-slovenia.si\/slo\/zgodovinska-mesta\/#primaryimage"},"image":{"@id":"https:\/\/www.travel-slovenia.si\/slo\/zgodovinska-mesta\/#primaryimage"},"thumbnailUrl":"https:\/\/www.travel-slovenia.si\/slo\/wp-content\/uploads\/2019\/11\/travel-slovenia-iron-age.jpg","datePublished":"2014-06-12T18:18:43+00:00","dateModified":"2019-11-05T14:28:21+00:00","description":"Zgodovinska mesta iz razli\u010dnih obdobij so razporejena po celotni Sloveniji. Nekatera so zelo dobro ohranjena, nekatera so zapu\u0161\u010dena in pora\u0161\u010dena.","breadcrumb":{"@id":"https:\/\/www.travel-slovenia.si\/slo\/zgodovinska-mesta\/#breadcrumb"},"inLanguage":"sl-SI","potentialAction":[{"@type":"ReadAction","target":["https:\/\/www.travel-slovenia.si\/slo\/zgodovinska-mesta\/"]}]},{"@type":"ImageObject","inLanguage":"sl-SI","@id":"https:\/\/www.travel-slovenia.si\/slo\/zgodovinska-mesta\/#primaryimage","url":"https:\/\/www.travel-slovenia.si\/slo\/wp-content\/uploads\/2019\/11\/travel-slovenia-iron-age.jpg","contentUrl":"https:\/\/www.travel-slovenia.si\/slo\/wp-content\/uploads\/2019\/11\/travel-slovenia-iron-age.jpg","width":150,"height":150},{"@type":"BreadcrumbList","@id":"https:\/\/www.travel-slovenia.si\/slo\/zgodovinska-mesta\/#breadcrumb","itemListElement":[{"@type":"ListItem","position":1,"name":"Home","item":"https:\/\/www.travel-slovenia.si\/slo\/"},{"@type":"ListItem","position":2,"name":"Zgodovinska mesta"}]},{"@type":"WebSite","@id":"https:\/\/www.travel-slovenia.si\/slo\/#website","url":"https:\/\/www.travel-slovenia.si\/slo\/","name":"Travel Slovenia - Sledite lepotam na\u0161e male dr\u017eavice","description":"","potentialAction":[{"@type":"SearchAction","target":{"@type":"EntryPoint","urlTemplate":"https:\/\/www.travel-slovenia.si\/slo\/?s={search_term_string}"},"query-input":{"@type":"PropertyValueSpecification","valueRequired":true,"valueName":"search_term_string"}}],"inLanguage":"sl-SI"}]}},"post_mailing_queue_ids":[],"_links":{"self":[{"href":"https:\/\/www.travel-slovenia.si\/slo\/wp-json\/wp\/v2\/pages\/397","targetHints":{"allow":["GET"]}}],"collection":[{"href":"https:\/\/www.travel-slovenia.si\/slo\/wp-json\/wp\/v2\/pages"}],"about":[{"href":"https:\/\/www.travel-slovenia.si\/slo\/wp-json\/wp\/v2\/types\/page"}],"author":[{"embeddable":true,"href":"https:\/\/www.travel-slovenia.si\/slo\/wp-json\/wp\/v2\/users\/111"}],"replies":[{"embeddable":true,"href":"https:\/\/www.travel-slovenia.si\/slo\/wp-json\/wp\/v2\/comments?post=397"}],"version-history":[{"count":48,"href":"https:\/\/www.travel-slovenia.si\/slo\/wp-json\/wp\/v2\/pages\/397\/revisions"}],"predecessor-version":[{"id":8492,"href":"https:\/\/www.travel-slovenia.si\/slo\/wp-json\/wp\/v2\/pages\/397\/revisions\/8492"}],"wp:attachment":[{"href":"https:\/\/www.travel-slovenia.si\/slo\/wp-json\/wp\/v2\/media?parent=397"}],"curies":[{"name":"wp","href":"https:\/\/api.w.org\/{rel}","templated":true}]}}