{"id":3965,"date":"2015-10-02T15:14:26","date_gmt":"2015-10-02T15:14:26","guid":{"rendered":"https:\/\/www.travel-slovenia.si\/slo\/?page_id=3965"},"modified":"2016-07-15T14:04:42","modified_gmt":"2016-07-15T12:04:42","slug":"franc-knez-ali-francek-knez","status":"publish","type":"page","link":"https:\/\/www.travel-slovenia.si\/slo\/franc-knez-ali-francek-knez\/","title":{"rendered":"Franc Knez ali Fran\u010dek Knez"},"content":{"rendered":"<figure id=\"attachment_5729\" class=\"wp-caption alignleft\" style=\"max-width: 300px\"><img loading=\"lazy\" decoding=\"async\" class=\"wp-image-5729\" src=\"https:\/\/www.travel-slovenia.si\/slo\/wp-content\/uploads\/2015\/10\/travel-slovenia-franc-knez.jpg\" alt=\"Franc Knez\" width=\"300\" height=\"358\" srcset=\"https:\/\/www.travel-slovenia.si\/slo\/wp-content\/uploads\/2015\/10\/travel-slovenia-franc-knez.jpg 400w, https:\/\/www.travel-slovenia.si\/slo\/wp-content\/uploads\/2015\/10\/travel-slovenia-franc-knez-252x300.jpg 252w, https:\/\/www.travel-slovenia.si\/slo\/wp-content\/uploads\/2015\/10\/travel-slovenia-franc-knez-20x24.jpg 20w, https:\/\/www.travel-slovenia.si\/slo\/wp-content\/uploads\/2015\/10\/travel-slovenia-franc-knez-30x36.jpg 30w, https:\/\/www.travel-slovenia.si\/slo\/wp-content\/uploads\/2015\/10\/travel-slovenia-franc-knez-40x48.jpg 40w\" sizes=\"auto, (max-width: 300px) 100vw, 300px\" \/><figcaption class=\"wp-caption-text\">Franc Knez<\/figcaption><\/figure>\n<p style=\"text-align: justify;\">Franc Knez oziroma Fran\u010dek Knez se je rodil 15. julija 1955. Opravil je ve\u010d kot 5000 vzponov, kamor spada tudi preko 700 prvenstvenih vzponov. Pridru\u017eil se je alpinisti\u010dnim odpravam s prvenstvenimi vzponi v Ameriki (El Capitan in Fitz Boy leta 1983 &#8211; Cerro Torre in Torre Egger leta 1986) in Himalaji (Lhotse leta 1981). Preplezal je tudi mnoge smeri v najbolj znanih stenah Zahodnih Alp, Dolomitov in predvsem Julijskih Alp. Samo v severni steni Triglava je prepleza 34 novih smeri.\u00a0V samo \u0161estih urah mu je uspelo preplezati severno steno Eigerja, kar je storil leta 1982. Kar je storil leta 1982. Je eden redkih alpinistov, s prvenstvenimi smermi v Matterhornu in Grandes Jorasses, ki je pustil svoje prvenstvene sledi v vseh &#8221;treh problemih Alp&#8221;. 6. januarja 1980 je kot prvi preplezal slap Palenk. Med plezalci velja za enega najve\u010djih slovenskih alpinistov vseh \u010dasov.<\/p>\n<p>&nbsp;<\/p>\n<table>\n<tbody>\n<tr>\n<td style=\"text-align: center;\"><a href=\"https:\/\/www.travel-slovenia.si\/slo\/zgodovinske-osebnosti\/\"><img loading=\"lazy\" decoding=\"async\" class=\"alignleft wp-image-4499 size-full\" src=\"https:\/\/www.travel-slovenia.si\/slo\/wp-content\/uploads\/2014\/09\/travel-slovenia-povezava-na-drugo.jpg\" alt=\"travel-slovenia-povezava-na-drugo\" width=\"128\" height=\"22\" srcset=\"https:\/\/www.travel-slovenia.si\/slo\/wp-content\/uploads\/2014\/09\/travel-slovenia-povezava-na-drugo.jpg 128w, https:\/\/www.travel-slovenia.si\/slo\/wp-content\/uploads\/2014\/09\/travel-slovenia-povezava-na-drugo-24x4.jpg 24w, https:\/\/www.travel-slovenia.si\/slo\/wp-content\/uploads\/2014\/09\/travel-slovenia-povezava-na-drugo-36x6.jpg 36w, https:\/\/www.travel-slovenia.si\/slo\/wp-content\/uploads\/2014\/09\/travel-slovenia-povezava-na-drugo-48x8.jpg 48w\" sizes=\"auto, (max-width: 128px) 100vw, 128px\" \/><\/a><a href=\"https:\/\/www.travel-slovenia.si\/slo\/zgodovinske-osebnosti\/\">Poglejte \u0161e druge zgodovinske osebnosti!<\/a><a href=\"https:\/\/www.travel-slovenia.si\/slo\/zgodovinske-osebnosti\/\"><img loading=\"lazy\" decoding=\"async\" class=\"alignright wp-image-4500 size-full\" src=\"https:\/\/www.travel-slovenia.si\/slo\/wp-content\/uploads\/2014\/09\/travel-slovenia-povezava-na-drugo2.jpg\" alt=\"travel-slovenia-povezava-na-drugo2\" width=\"128\" height=\"22\" srcset=\"https:\/\/www.travel-slovenia.si\/slo\/wp-content\/uploads\/2014\/09\/travel-slovenia-povezava-na-drugo2.jpg 128w, https:\/\/www.travel-slovenia.si\/slo\/wp-content\/uploads\/2014\/09\/travel-slovenia-povezava-na-drugo2-24x4.jpg 24w, https:\/\/www.travel-slovenia.si\/slo\/wp-content\/uploads\/2014\/09\/travel-slovenia-povezava-na-drugo2-36x6.jpg 36w, https:\/\/www.travel-slovenia.si\/slo\/wp-content\/uploads\/2014\/09\/travel-slovenia-povezava-na-drugo2-48x8.jpg 48w\" sizes=\"auto, (max-width: 128px) 100vw, 128px\" \/><\/a><\/td>\n<\/tr>\n<\/tbody>\n<\/table>\n<p>&nbsp;<\/p>\n<hr \/>\n<p style=\"text-align: justify;\"><img loading=\"lazy\" decoding=\"async\" class=\"alignleft size-full wp-image-3968\" src=\"https:\/\/www.travel-slovenia.si\/slo\/wp-content\/uploads\/2015\/10\/travel-slovenia-slap-palenk-view.jpg\" alt=\"travel-slovenia-slap-palenk-view\" width=\"150\" height=\"150\" srcset=\"https:\/\/www.travel-slovenia.si\/slo\/wp-content\/uploads\/2015\/10\/travel-slovenia-slap-palenk-view.jpg 150w, https:\/\/www.travel-slovenia.si\/slo\/wp-content\/uploads\/2015\/10\/travel-slovenia-slap-palenk-view-83x83.jpg 83w, https:\/\/www.travel-slovenia.si\/slo\/wp-content\/uploads\/2015\/10\/travel-slovenia-slap-palenk-view-55x55.jpg 55w, https:\/\/www.travel-slovenia.si\/slo\/wp-content\/uploads\/2015\/10\/travel-slovenia-slap-palenk-view-24x24.jpg 24w, https:\/\/www.travel-slovenia.si\/slo\/wp-content\/uploads\/2015\/10\/travel-slovenia-slap-palenk-view-36x36.jpg 36w, https:\/\/www.travel-slovenia.si\/slo\/wp-content\/uploads\/2015\/10\/travel-slovenia-slap-palenk-view-48x48.jpg 48w\" sizes=\"auto, (max-width: 150px) 100vw, 150px\" \/><strong><em>Slap Palenk<\/em><\/strong><br \/>\nSlap Palenk je viden na desnem bregu doline. Slap pada \u010dez zlomljen klif z vi\u0161ine 78 metrov. Poleti je skoraj presu\u0161en, vendar po de\u017eju poka\u017ee mogo\u010dno podobo. Nad slapom se nahaja ozka soteska z zelo slikovitimi slapovi. Pozimi slapovi ponudijo privla\u010dno plezalno steno za ljubitelje plezanja. [<a href=\"https:\/\/www.travel-slovenia.si\/slo\/location\/slap-palenk\/\">_Preberite ve\u010d_<\/a>]\n","protected":false},"excerpt":{"rendered":"<p>Franc Knez oziroma Fran\u010dek Knez se je rodil 15. julija 1955. Opravil je ve\u010d kot 5000 vzponov, kamor spada tudi preko 700 prvenstvenih vzponov. Pridru\u017eil se je alpinisti\u010dnim odpravam s prvenstvenimi vzponi v Ameriki (El Capitan in Fitz Boy leta 1983 &#8211; Cerro Torre in Torre Egger leta 1986) in Himalaji (Lhotse leta 1981). Preplezal [&hellip;]<\/p>\n","protected":false},"author":111,"featured_media":0,"parent":0,"menu_order":0,"comment_status":"closed","ping_status":"closed","template":"","meta":{"footnotes":""},"class_list":["post-3965","page","type-page","status-publish","hentry"],"yoast_head":"<!-- This site is optimized with the Yoast SEO plugin v25.4 - https:\/\/yoast.com\/wordpress\/plugins\/seo\/ -->\n<title>Franc Knez ali Fran\u010dek Knez : Travel-Slovenia<\/title>\n<meta name=\"description\" content=\"Franc Knez ali Fran\u010dek Knez se je rodil 15. julija 1955. Opravil je ve\u00e8 kot 5000 vzponov, kamor spada tudi preko 700 prvenstvenih vzponov.\" \/>\n<meta name=\"robots\" content=\"index, follow, max-snippet:-1, max-image-preview:large, max-video-preview:-1\" \/>\n<link rel=\"canonical\" href=\"https:\/\/www.travel-slovenia.si\/slo\/franc-knez-ali-francek-knez\/\" \/>\n<meta property=\"og:locale\" content=\"sl_SI\" \/>\n<meta property=\"og:type\" content=\"article\" \/>\n<meta property=\"og:title\" content=\"Franc Knez ali Fran\u010dek Knez : Travel-Slovenia\" \/>\n<meta property=\"og:description\" content=\"Franc Knez oziroma Fran\u00e8ek Knez se je rodil 15. julija 1955. Opravil je ve\u00e8 kot 5000 vzponov, kamor spada tudi preko 700 prvenstvenih vzponov.\" \/>\n<meta property=\"og:url\" content=\"https:\/\/www.travel-slovenia.si\/slo\/franc-knez-ali-francek-knez\/\" \/>\n<meta property=\"og:site_name\" content=\"Travel Slovenia - Sledite lepotam na\u0161e male dr\u017eavice\" \/>\n<meta property=\"article:modified_time\" content=\"2016-07-15T12:04:42+00:00\" \/>\n<meta property=\"og:image\" content=\"https:\/\/www.travel-slovenia.si\/slo\/wp-content\/uploads\/2015\/10\/travel-slovenia-franc-knez.jpg\" \/>\n\t<meta property=\"og:image:width\" content=\"400\" \/>\n\t<meta property=\"og:image:height\" content=\"477\" \/>\n\t<meta property=\"og:image:type\" content=\"image\/jpeg\" \/>\n<meta name=\"twitter:card\" content=\"summary_large_image\" \/>\n<meta name=\"twitter:title\" content=\"Franc Knez ali Fran\u010dek Knez : Travel-Slovenia\" \/>\n<meta name=\"twitter:description\" content=\"Franc Knez oziroma Fran\u00e8ek Knez se je rodil 15. julija 1955. Opravil je ve\u00e8 kot 5000 vzponov, kamor spada tudi preko 700 prvenstvenih vzponov.\" \/>\n<meta name=\"twitter:image\" content=\"https:\/\/www.travel-slovenia.si\/slo\/wp-content\/uploads\/2015\/10\/travel-slovenia-franc-knez.jpg\" \/>\n<meta name=\"twitter:label1\" content=\"Est. reading time\" \/>\n\t<meta name=\"twitter:data1\" content=\"1 minuta\" \/>\n<script type=\"application\/ld+json\" class=\"yoast-schema-graph\">{\"@context\":\"https:\/\/schema.org\",\"@graph\":[{\"@type\":\"WebPage\",\"@id\":\"https:\/\/www.travel-slovenia.si\/slo\/franc-knez-ali-francek-knez\/\",\"url\":\"https:\/\/www.travel-slovenia.si\/slo\/franc-knez-ali-francek-knez\/\",\"name\":\"Franc Knez ali Fran\u010dek Knez : Travel-Slovenia\",\"isPartOf\":{\"@id\":\"https:\/\/www.travel-slovenia.si\/slo\/#website\"},\"primaryImageOfPage\":{\"@id\":\"https:\/\/www.travel-slovenia.si\/slo\/franc-knez-ali-francek-knez\/#primaryimage\"},\"image\":{\"@id\":\"https:\/\/www.travel-slovenia.si\/slo\/franc-knez-ali-francek-knez\/#primaryimage\"},\"thumbnailUrl\":\"https:\/\/www.travel-slovenia.si\/slo\/wp-content\/uploads\/2015\/10\/travel-slovenia-franc-knez.jpg\",\"datePublished\":\"2015-10-02T15:14:26+00:00\",\"dateModified\":\"2016-07-15T12:04:42+00:00\",\"description\":\"Franc Knez ali Fran\u010dek Knez se je rodil 15. julija 1955. Opravil je ve\u00e8 kot 5000 vzponov, kamor spada tudi preko 700 prvenstvenih vzponov.\",\"breadcrumb\":{\"@id\":\"https:\/\/www.travel-slovenia.si\/slo\/franc-knez-ali-francek-knez\/#breadcrumb\"},\"inLanguage\":\"sl-SI\",\"potentialAction\":[{\"@type\":\"ReadAction\",\"target\":[\"https:\/\/www.travel-slovenia.si\/slo\/franc-knez-ali-francek-knez\/\"]}]},{\"@type\":\"ImageObject\",\"inLanguage\":\"sl-SI\",\"@id\":\"https:\/\/www.travel-slovenia.si\/slo\/franc-knez-ali-francek-knez\/#primaryimage\",\"url\":\"https:\/\/www.travel-slovenia.si\/slo\/wp-content\/uploads\/2015\/10\/travel-slovenia-franc-knez.jpg\",\"contentUrl\":\"https:\/\/www.travel-slovenia.si\/slo\/wp-content\/uploads\/2015\/10\/travel-slovenia-franc-knez.jpg\",\"width\":400,\"height\":477,\"caption\":\"Franc Knez\"},{\"@type\":\"BreadcrumbList\",\"@id\":\"https:\/\/www.travel-slovenia.si\/slo\/franc-knez-ali-francek-knez\/#breadcrumb\",\"itemListElement\":[{\"@type\":\"ListItem\",\"position\":1,\"name\":\"Home\",\"item\":\"https:\/\/www.travel-slovenia.si\/slo\/\"},{\"@type\":\"ListItem\",\"position\":2,\"name\":\"Franc Knez ali Fran\u010dek Knez\"}]},{\"@type\":\"WebSite\",\"@id\":\"https:\/\/www.travel-slovenia.si\/slo\/#website\",\"url\":\"https:\/\/www.travel-slovenia.si\/slo\/\",\"name\":\"Travel Slovenia - Sledite lepotam na\u0161e male dr\u017eavice\",\"description\":\"\",\"potentialAction\":[{\"@type\":\"SearchAction\",\"target\":{\"@type\":\"EntryPoint\",\"urlTemplate\":\"https:\/\/www.travel-slovenia.si\/slo\/?s={search_term_string}\"},\"query-input\":{\"@type\":\"PropertyValueSpecification\",\"valueRequired\":true,\"valueName\":\"search_term_string\"}}],\"inLanguage\":\"sl-SI\"}]}<\/script>\n<!-- \/ Yoast SEO plugin. -->","yoast_head_json":{"title":"Franc Knez ali Fran\u010dek Knez : Travel-Slovenia","description":"Franc Knez ali Fran\u010dek Knez se je rodil 15. julija 1955. Opravil je ve\u00e8 kot 5000 vzponov, kamor spada tudi preko 700 prvenstvenih vzponov.","robots":{"index":"index","follow":"follow","max-snippet":"max-snippet:-1","max-image-preview":"max-image-preview:large","max-video-preview":"max-video-preview:-1"},"canonical":"https:\/\/www.travel-slovenia.si\/slo\/franc-knez-ali-francek-knez\/","og_locale":"sl_SI","og_type":"article","og_title":"Franc Knez ali Fran\u010dek Knez : Travel-Slovenia","og_description":"Franc Knez oziroma Fran\u00e8ek Knez se je rodil 15. julija 1955. Opravil je ve\u00e8 kot 5000 vzponov, kamor spada tudi preko 700 prvenstvenih vzponov.","og_url":"https:\/\/www.travel-slovenia.si\/slo\/franc-knez-ali-francek-knez\/","og_site_name":"Travel Slovenia - Sledite lepotam na\u0161e male dr\u017eavice","article_modified_time":"2016-07-15T12:04:42+00:00","og_image":[{"width":400,"height":477,"url":"https:\/\/www.travel-slovenia.si\/slo\/wp-content\/uploads\/2015\/10\/travel-slovenia-franc-knez.jpg","type":"image\/jpeg"}],"twitter_card":"summary_large_image","twitter_title":"Franc Knez ali Fran\u010dek Knez : Travel-Slovenia","twitter_description":"Franc Knez oziroma Fran\u00e8ek Knez se je rodil 15. julija 1955. Opravil je ve\u00e8 kot 5000 vzponov, kamor spada tudi preko 700 prvenstvenih vzponov.","twitter_image":"https:\/\/www.travel-slovenia.si\/slo\/wp-content\/uploads\/2015\/10\/travel-slovenia-franc-knez.jpg","twitter_misc":{"Est. reading time":"1 minuta"},"schema":{"@context":"https:\/\/schema.org","@graph":[{"@type":"WebPage","@id":"https:\/\/www.travel-slovenia.si\/slo\/franc-knez-ali-francek-knez\/","url":"https:\/\/www.travel-slovenia.si\/slo\/franc-knez-ali-francek-knez\/","name":"Franc Knez ali Fran\u010dek Knez : Travel-Slovenia","isPartOf":{"@id":"https:\/\/www.travel-slovenia.si\/slo\/#website"},"primaryImageOfPage":{"@id":"https:\/\/www.travel-slovenia.si\/slo\/franc-knez-ali-francek-knez\/#primaryimage"},"image":{"@id":"https:\/\/www.travel-slovenia.si\/slo\/franc-knez-ali-francek-knez\/#primaryimage"},"thumbnailUrl":"https:\/\/www.travel-slovenia.si\/slo\/wp-content\/uploads\/2015\/10\/travel-slovenia-franc-knez.jpg","datePublished":"2015-10-02T15:14:26+00:00","dateModified":"2016-07-15T12:04:42+00:00","description":"Franc Knez ali Fran\u010dek Knez se je rodil 15. julija 1955. Opravil je ve\u00e8 kot 5000 vzponov, kamor spada tudi preko 700 prvenstvenih vzponov.","breadcrumb":{"@id":"https:\/\/www.travel-slovenia.si\/slo\/franc-knez-ali-francek-knez\/#breadcrumb"},"inLanguage":"sl-SI","potentialAction":[{"@type":"ReadAction","target":["https:\/\/www.travel-slovenia.si\/slo\/franc-knez-ali-francek-knez\/"]}]},{"@type":"ImageObject","inLanguage":"sl-SI","@id":"https:\/\/www.travel-slovenia.si\/slo\/franc-knez-ali-francek-knez\/#primaryimage","url":"https:\/\/www.travel-slovenia.si\/slo\/wp-content\/uploads\/2015\/10\/travel-slovenia-franc-knez.jpg","contentUrl":"https:\/\/www.travel-slovenia.si\/slo\/wp-content\/uploads\/2015\/10\/travel-slovenia-franc-knez.jpg","width":400,"height":477,"caption":"Franc Knez"},{"@type":"BreadcrumbList","@id":"https:\/\/www.travel-slovenia.si\/slo\/franc-knez-ali-francek-knez\/#breadcrumb","itemListElement":[{"@type":"ListItem","position":1,"name":"Home","item":"https:\/\/www.travel-slovenia.si\/slo\/"},{"@type":"ListItem","position":2,"name":"Franc Knez ali Fran\u010dek Knez"}]},{"@type":"WebSite","@id":"https:\/\/www.travel-slovenia.si\/slo\/#website","url":"https:\/\/www.travel-slovenia.si\/slo\/","name":"Travel Slovenia - Sledite lepotam na\u0161e male dr\u017eavice","description":"","potentialAction":[{"@type":"SearchAction","target":{"@type":"EntryPoint","urlTemplate":"https:\/\/www.travel-slovenia.si\/slo\/?s={search_term_string}"},"query-input":{"@type":"PropertyValueSpecification","valueRequired":true,"valueName":"search_term_string"}}],"inLanguage":"sl-SI"}]}},"post_mailing_queue_ids":[],"_links":{"self":[{"href":"https:\/\/www.travel-slovenia.si\/slo\/wp-json\/wp\/v2\/pages\/3965","targetHints":{"allow":["GET"]}}],"collection":[{"href":"https:\/\/www.travel-slovenia.si\/slo\/wp-json\/wp\/v2\/pages"}],"about":[{"href":"https:\/\/www.travel-slovenia.si\/slo\/wp-json\/wp\/v2\/types\/page"}],"author":[{"embeddable":true,"href":"https:\/\/www.travel-slovenia.si\/slo\/wp-json\/wp\/v2\/users\/111"}],"replies":[{"embeddable":true,"href":"https:\/\/www.travel-slovenia.si\/slo\/wp-json\/wp\/v2\/comments?post=3965"}],"version-history":[{"count":5,"href":"https:\/\/www.travel-slovenia.si\/slo\/wp-json\/wp\/v2\/pages\/3965\/revisions"}],"predecessor-version":[{"id":5732,"href":"https:\/\/www.travel-slovenia.si\/slo\/wp-json\/wp\/v2\/pages\/3965\/revisions\/5732"}],"wp:attachment":[{"href":"https:\/\/www.travel-slovenia.si\/slo\/wp-json\/wp\/v2\/media?parent=3965"}],"curies":[{"name":"wp","href":"https:\/\/api.w.org\/{rel}","templated":true}]}}