{"id":394,"date":"2014-06-12T18:16:12","date_gmt":"2014-06-12T18:16:12","guid":{"rendered":"https:\/\/www.travel-slovenia.si\/?page_id=394"},"modified":"2015-10-03T18:33:33","modified_gmt":"2015-10-03T18:33:33","slug":"hoja-in-kolo","status":"publish","type":"page","link":"https:\/\/www.travel-slovenia.si\/slo\/hoja-in-kolo\/","title":{"rendered":"Hoja in kolo"},"content":{"rendered":"<p style=\"text-align: justify;\">Poleg vzpetin ima Slovenija tudi vrsto razli\u010dnih poti &#8211; pe\u0161 poti, kolesarske poti, u\u010dne poti in poti za tek. Kar je enkratna prilo\u017enost, da svoj prosti \u010das pre\u017eivimo v naravi, ki nas bo napolnila z energijo. Lahko se podamo po urejenih ali manj urejenih poteh, odvisno od \u017eelja. Lahko pa se odlo\u010dimo, da se ob tem tudi kaj nau\u010dimo ter se podamo po u\u010dnih poteh.\u00a0Kakorkoli se odlo\u010dite, vsekakor boste svoj \u010das koristno porabili.<\/p>\n<p style=\"text-align: justify;\"><strong><em><img loading=\"lazy\" decoding=\"async\" class=\"alignleft size-full wp-image-3684\" src=\"https:\/\/www.travel-slovenia.si\/slo\/wp-content\/uploads\/2014\/06\/travel-slovenia-hoja.jpg\" alt=\"travel-slovenia-hoja\" width=\"150\" height=\"150\" srcset=\"https:\/\/www.travel-slovenia.si\/slo\/wp-content\/uploads\/2014\/06\/travel-slovenia-hoja.jpg 150w, https:\/\/www.travel-slovenia.si\/slo\/wp-content\/uploads\/2014\/06\/travel-slovenia-hoja-83x83.jpg 83w, https:\/\/www.travel-slovenia.si\/slo\/wp-content\/uploads\/2014\/06\/travel-slovenia-hoja-55x55.jpg 55w, https:\/\/www.travel-slovenia.si\/slo\/wp-content\/uploads\/2014\/06\/travel-slovenia-hoja-24x24.jpg 24w, https:\/\/www.travel-slovenia.si\/slo\/wp-content\/uploads\/2014\/06\/travel-slovenia-hoja-36x36.jpg 36w, https:\/\/www.travel-slovenia.si\/slo\/wp-content\/uploads\/2014\/06\/travel-slovenia-hoja-48x48.jpg 48w\" sizes=\"auto, (max-width: 150px) 100vw, 150px\" \/>Sprehajalne poti<\/em><\/strong><br \/>\nPe\u0161 pot je del utrjenega ali neutrjenega prometnega ali ne-prometnega obmo\u010dja, namenjenega predvsem za sprehajanje. Glede na funkcijo obmo\u010dja in namen lo\u010dimo sprehajalne poti na: planinske poti, naravne poti, pohodni\u0161ke poti, podzemne hodnike, sprehajalne povezave in poti za pe\u0161ce. [<a href=\"https:\/\/www.travel-slovenia.si\/slo\/sprehajalne-poti\/\">_Obi\u0161\u010dite lokacije_<\/a>]\n<p style=\"text-align: justify;\"><strong><em><img loading=\"lazy\" decoding=\"async\" class=\"alignleft size-full wp-image-3685\" src=\"https:\/\/www.travel-slovenia.si\/slo\/wp-content\/uploads\/2014\/06\/travel-slovenia-kolesarjenje.jpg\" alt=\"travel-slovenia-kolesarjenje\" width=\"150\" height=\"150\" srcset=\"https:\/\/www.travel-slovenia.si\/slo\/wp-content\/uploads\/2014\/06\/travel-slovenia-kolesarjenje.jpg 150w, https:\/\/www.travel-slovenia.si\/slo\/wp-content\/uploads\/2014\/06\/travel-slovenia-kolesarjenje-83x83.jpg 83w, https:\/\/www.travel-slovenia.si\/slo\/wp-content\/uploads\/2014\/06\/travel-slovenia-kolesarjenje-55x55.jpg 55w, https:\/\/www.travel-slovenia.si\/slo\/wp-content\/uploads\/2014\/06\/travel-slovenia-kolesarjenje-24x24.jpg 24w, https:\/\/www.travel-slovenia.si\/slo\/wp-content\/uploads\/2014\/06\/travel-slovenia-kolesarjenje-36x36.jpg 36w, https:\/\/www.travel-slovenia.si\/slo\/wp-content\/uploads\/2014\/06\/travel-slovenia-kolesarjenje-48x48.jpg 48w\" sizes=\"auto, (max-width: 150px) 100vw, 150px\" \/>Kolesarske poti<\/em><\/strong><br \/>\nKolesarska povezava je povezava s predpisanimi prometnimi znaki, ozna\u010deni kot kombinacija kategoriziranih in ne-kategoriziranih poti, ki slu\u017eijo kolesarskemu prometu. Glede na konjuktiven pomen v prostoru, steze delimo na okrajne, glavne, regionalne in lokalne. [<a href=\"https:\/\/www.travel-slovenia.si\/slo\/kolesarske-poti\/\">_Obi\u0161\u010dite lokacije_<\/a>]\n<p style=\"text-align: justify;\"><strong><em><img loading=\"lazy\" decoding=\"async\" class=\"alignleft size-full wp-image-3687\" src=\"https:\/\/www.travel-slovenia.si\/slo\/wp-content\/uploads\/2014\/06\/travel-slovenia-ucne-poti.jpg\" alt=\"travel-slovenia-ucne-poti\" width=\"150\" height=\"150\" srcset=\"https:\/\/www.travel-slovenia.si\/slo\/wp-content\/uploads\/2014\/06\/travel-slovenia-ucne-poti.jpg 150w, https:\/\/www.travel-slovenia.si\/slo\/wp-content\/uploads\/2014\/06\/travel-slovenia-ucne-poti-83x83.jpg 83w, https:\/\/www.travel-slovenia.si\/slo\/wp-content\/uploads\/2014\/06\/travel-slovenia-ucne-poti-55x55.jpg 55w, https:\/\/www.travel-slovenia.si\/slo\/wp-content\/uploads\/2014\/06\/travel-slovenia-ucne-poti-24x24.jpg 24w, https:\/\/www.travel-slovenia.si\/slo\/wp-content\/uploads\/2014\/06\/travel-slovenia-ucne-poti-36x36.jpg 36w, https:\/\/www.travel-slovenia.si\/slo\/wp-content\/uploads\/2014\/06\/travel-slovenia-ucne-poti-48x48.jpg 48w\" sizes=\"auto, (max-width: 150px) 100vw, 150px\" \/>U\u010dne poti<\/em><\/strong><br \/>\nU\u010dna pot je sprehajalna pot, ki vodi skozi gozd, preko trave ali grmi\u010dasto pokrajino in je namenjena izobra\u017eevanju, u\u010denju o naravi, gozdovih, tradicionalnih obrteh in naravnih fenomenih. Definiramo jo lahko kot geolo\u0161ko, gozdno, botani\u010dno, parkovno in tako dalje. Obi\u010dajno so dolge nekaj kilometrov. [<a href=\"https:\/\/www.travel-slovenia.si\/slo\/ucne-poti\/\">_Obi\u0161\u010dite lokacije_<\/a>]\n<p style=\"text-align: justify;\"><strong><em><img loading=\"lazy\" decoding=\"async\" class=\"alignleft size-full wp-image-3686\" src=\"https:\/\/www.travel-slovenia.si\/slo\/wp-content\/uploads\/2014\/06\/travel-slovenia-trim-steze.jpg\" alt=\"travel-slovenia-trim-steze\" width=\"150\" height=\"150\" srcset=\"https:\/\/www.travel-slovenia.si\/slo\/wp-content\/uploads\/2014\/06\/travel-slovenia-trim-steze.jpg 150w, https:\/\/www.travel-slovenia.si\/slo\/wp-content\/uploads\/2014\/06\/travel-slovenia-trim-steze-83x83.jpg 83w, https:\/\/www.travel-slovenia.si\/slo\/wp-content\/uploads\/2014\/06\/travel-slovenia-trim-steze-55x55.jpg 55w, https:\/\/www.travel-slovenia.si\/slo\/wp-content\/uploads\/2014\/06\/travel-slovenia-trim-steze-24x24.jpg 24w, https:\/\/www.travel-slovenia.si\/slo\/wp-content\/uploads\/2014\/06\/travel-slovenia-trim-steze-36x36.jpg 36w, https:\/\/www.travel-slovenia.si\/slo\/wp-content\/uploads\/2014\/06\/travel-slovenia-trim-steze-48x48.jpg 48w\" sizes=\"auto, (max-width: 150px) 100vw, 150px\" \/>Trim steze<\/em><\/strong><br \/>\nTrim steza je urejena ali neurejena pot po kateri lahko te\u010demo ali hodimo. Namenjena je rekreaciji ali izvajanju razli\u010dnih vaj na \u0161tevilnih trim postajah, ki so lahko dodane po poti. Na teh postajah lahko izvajamo razli\u010dne telovadne vaje. Uporabljena je lahko tudi za hitro ali nordijsko hojo. [<a href=\"https:\/\/www.travel-slovenia.si\/slo\/trim-steze\/\">_Obi\u0161\u010dite lokacije_<\/a>]\n","protected":false},"excerpt":{"rendered":"<p>Poleg vzpetin ima Slovenija tudi vrsto razli\u010dnih poti &#8211; pe\u0161 poti, kolesarske poti, u\u010dne poti in poti za tek. Kar je enkratna prilo\u017enost, da svoj prosti \u010das pre\u017eivimo v naravi, ki nas bo napolnila z energijo. Lahko se podamo po urejenih ali manj urejenih poteh, odvisno od \u017eelja. Lahko pa se odlo\u010dimo, da se ob [&hellip;]<\/p>\n","protected":false},"author":111,"featured_media":0,"parent":0,"menu_order":0,"comment_status":"closed","ping_status":"closed","template":"","meta":{"footnotes":""},"class_list":["post-394","page","type-page","status-publish","hentry"],"yoast_head":"<!-- This site is optimized with the Yoast SEO plugin v25.4 - https:\/\/yoast.com\/wordpress\/plugins\/seo\/ -->\n<title>Hoja in kolo : Travel-Slovenia<\/title>\n<meta name=\"description\" content=\"Slovenija ima veliko razli\u010dnih sprehajalnih in kolesarskih poti, kjer lahko kolesarji in sprehajalci u\u017eivajo. Poleg teh poti, ima tudi veliko u\u010dnih poti.\" \/>\n<meta name=\"robots\" content=\"index, follow, max-snippet:-1, max-image-preview:large, max-video-preview:-1\" \/>\n<link rel=\"canonical\" href=\"https:\/\/www.travel-slovenia.si\/slo\/hoja-in-kolo\/\" \/>\n<meta property=\"og:locale\" content=\"sl_SI\" \/>\n<meta property=\"og:type\" content=\"article\" \/>\n<meta property=\"og:title\" content=\"Walking and cycling : Travel-Slovenia\" \/>\n<meta property=\"og:description\" content=\"Slovenija ima veliko razli\u010dnih sprehajalnih in kolesarskih poti, kjer lahko kolesarji in sprehajalci u\u017eivajo. Poleg teh poti, ima tudi veliko u\u010dnih poti.\" \/>\n<meta property=\"og:url\" content=\"https:\/\/www.travel-slovenia.si\/slo\/hoja-in-kolo\/\" \/>\n<meta property=\"og:site_name\" content=\"Travel Slovenia - Sledite lepotam na\u0161e male dr\u017eavice\" \/>\n<meta property=\"article:modified_time\" content=\"2015-10-03T18:33:33+00:00\" \/>\n<meta property=\"og:image\" content=\"https:\/\/www.travel-slovenia.si\/slo\/wp-content\/uploads\/2014\/06\/travel-slovenia-kolesarjenje-view.jpg\" \/>\n\t<meta property=\"og:image:width\" content=\"600\" \/>\n\t<meta property=\"og:image:height\" content=\"450\" \/>\n\t<meta property=\"og:image:type\" content=\"image\/jpeg\" \/>\n<meta name=\"twitter:card\" content=\"summary_large_image\" \/>\n<meta name=\"twitter:title\" content=\"Walking and cycling : Travel-Slovenia\" \/>\n<meta name=\"twitter:description\" content=\"Slovenija ima veliko razli\u010dnih sprehajalnih in kolesarskih poti, kjer lahko kolesarji in sprehajalci u\u017eivajo. Poleg teh poti, ima tudi veliko u\u010dnih poti.\" \/>\n<meta name=\"twitter:image\" content=\"https:\/\/www.travel-slovenia.si\/slo\/wp-content\/uploads\/2014\/06\/travel-slovenia-kolesarjenje-view.jpg\" \/>\n<meta name=\"twitter:label1\" content=\"Est. reading time\" \/>\n\t<meta name=\"twitter:data1\" content=\"1 minuta\" \/>\n<script type=\"application\/ld+json\" class=\"yoast-schema-graph\">{\"@context\":\"https:\/\/schema.org\",\"@graph\":[{\"@type\":\"WebPage\",\"@id\":\"https:\/\/www.travel-slovenia.si\/slo\/hoja-in-kolo\/\",\"url\":\"https:\/\/www.travel-slovenia.si\/slo\/hoja-in-kolo\/\",\"name\":\"Hoja in kolo : Travel-Slovenia\",\"isPartOf\":{\"@id\":\"https:\/\/www.travel-slovenia.si\/slo\/#website\"},\"primaryImageOfPage\":{\"@id\":\"https:\/\/www.travel-slovenia.si\/slo\/hoja-in-kolo\/#primaryimage\"},\"image\":{\"@id\":\"https:\/\/www.travel-slovenia.si\/slo\/hoja-in-kolo\/#primaryimage\"},\"thumbnailUrl\":\"https:\/\/www.travel-slovenia.si\/slo\/wp-content\/uploads\/2014\/06\/travel-slovenia-hoja.jpg\",\"datePublished\":\"2014-06-12T18:16:12+00:00\",\"dateModified\":\"2015-10-03T18:33:33+00:00\",\"description\":\"Slovenija ima veliko razli\u010dnih sprehajalnih in kolesarskih poti, kjer lahko kolesarji in sprehajalci u\u017eivajo. Poleg teh poti, ima tudi veliko u\u010dnih poti.\",\"breadcrumb\":{\"@id\":\"https:\/\/www.travel-slovenia.si\/slo\/hoja-in-kolo\/#breadcrumb\"},\"inLanguage\":\"sl-SI\",\"potentialAction\":[{\"@type\":\"ReadAction\",\"target\":[\"https:\/\/www.travel-slovenia.si\/slo\/hoja-in-kolo\/\"]}]},{\"@type\":\"ImageObject\",\"inLanguage\":\"sl-SI\",\"@id\":\"https:\/\/www.travel-slovenia.si\/slo\/hoja-in-kolo\/#primaryimage\",\"url\":\"https:\/\/www.travel-slovenia.si\/slo\/wp-content\/uploads\/2014\/06\/travel-slovenia-hoja.jpg\",\"contentUrl\":\"https:\/\/www.travel-slovenia.si\/slo\/wp-content\/uploads\/2014\/06\/travel-slovenia-hoja.jpg\",\"width\":150,\"height\":150},{\"@type\":\"BreadcrumbList\",\"@id\":\"https:\/\/www.travel-slovenia.si\/slo\/hoja-in-kolo\/#breadcrumb\",\"itemListElement\":[{\"@type\":\"ListItem\",\"position\":1,\"name\":\"Home\",\"item\":\"https:\/\/www.travel-slovenia.si\/slo\/\"},{\"@type\":\"ListItem\",\"position\":2,\"name\":\"Hoja in kolo\"}]},{\"@type\":\"WebSite\",\"@id\":\"https:\/\/www.travel-slovenia.si\/slo\/#website\",\"url\":\"https:\/\/www.travel-slovenia.si\/slo\/\",\"name\":\"Travel Slovenia - Sledite lepotam na\u0161e male dr\u017eavice\",\"description\":\"\",\"potentialAction\":[{\"@type\":\"SearchAction\",\"target\":{\"@type\":\"EntryPoint\",\"urlTemplate\":\"https:\/\/www.travel-slovenia.si\/slo\/?s={search_term_string}\"},\"query-input\":{\"@type\":\"PropertyValueSpecification\",\"valueRequired\":true,\"valueName\":\"search_term_string\"}}],\"inLanguage\":\"sl-SI\"}]}<\/script>\n<!-- \/ Yoast SEO plugin. -->","yoast_head_json":{"title":"Hoja in kolo : Travel-Slovenia","description":"Slovenija ima veliko razli\u010dnih sprehajalnih in kolesarskih poti, kjer lahko kolesarji in sprehajalci u\u017eivajo. Poleg teh poti, ima tudi veliko u\u010dnih poti.","robots":{"index":"index","follow":"follow","max-snippet":"max-snippet:-1","max-image-preview":"max-image-preview:large","max-video-preview":"max-video-preview:-1"},"canonical":"https:\/\/www.travel-slovenia.si\/slo\/hoja-in-kolo\/","og_locale":"sl_SI","og_type":"article","og_title":"Walking and cycling : Travel-Slovenia","og_description":"Slovenija ima veliko razli\u010dnih sprehajalnih in kolesarskih poti, kjer lahko kolesarji in sprehajalci u\u017eivajo. Poleg teh poti, ima tudi veliko u\u010dnih poti.","og_url":"https:\/\/www.travel-slovenia.si\/slo\/hoja-in-kolo\/","og_site_name":"Travel Slovenia - Sledite lepotam na\u0161e male dr\u017eavice","article_modified_time":"2015-10-03T18:33:33+00:00","og_image":[{"width":600,"height":450,"url":"https:\/\/www.travel-slovenia.si\/slo\/wp-content\/uploads\/2014\/06\/travel-slovenia-kolesarjenje-view.jpg","type":"image\/jpeg"}],"twitter_card":"summary_large_image","twitter_title":"Walking and cycling : Travel-Slovenia","twitter_description":"Slovenija ima veliko razli\u010dnih sprehajalnih in kolesarskih poti, kjer lahko kolesarji in sprehajalci u\u017eivajo. Poleg teh poti, ima tudi veliko u\u010dnih poti.","twitter_image":"https:\/\/www.travel-slovenia.si\/slo\/wp-content\/uploads\/2014\/06\/travel-slovenia-kolesarjenje-view.jpg","twitter_misc":{"Est. reading time":"1 minuta"},"schema":{"@context":"https:\/\/schema.org","@graph":[{"@type":"WebPage","@id":"https:\/\/www.travel-slovenia.si\/slo\/hoja-in-kolo\/","url":"https:\/\/www.travel-slovenia.si\/slo\/hoja-in-kolo\/","name":"Hoja in kolo : Travel-Slovenia","isPartOf":{"@id":"https:\/\/www.travel-slovenia.si\/slo\/#website"},"primaryImageOfPage":{"@id":"https:\/\/www.travel-slovenia.si\/slo\/hoja-in-kolo\/#primaryimage"},"image":{"@id":"https:\/\/www.travel-slovenia.si\/slo\/hoja-in-kolo\/#primaryimage"},"thumbnailUrl":"https:\/\/www.travel-slovenia.si\/slo\/wp-content\/uploads\/2014\/06\/travel-slovenia-hoja.jpg","datePublished":"2014-06-12T18:16:12+00:00","dateModified":"2015-10-03T18:33:33+00:00","description":"Slovenija ima veliko razli\u010dnih sprehajalnih in kolesarskih poti, kjer lahko kolesarji in sprehajalci u\u017eivajo. Poleg teh poti, ima tudi veliko u\u010dnih poti.","breadcrumb":{"@id":"https:\/\/www.travel-slovenia.si\/slo\/hoja-in-kolo\/#breadcrumb"},"inLanguage":"sl-SI","potentialAction":[{"@type":"ReadAction","target":["https:\/\/www.travel-slovenia.si\/slo\/hoja-in-kolo\/"]}]},{"@type":"ImageObject","inLanguage":"sl-SI","@id":"https:\/\/www.travel-slovenia.si\/slo\/hoja-in-kolo\/#primaryimage","url":"https:\/\/www.travel-slovenia.si\/slo\/wp-content\/uploads\/2014\/06\/travel-slovenia-hoja.jpg","contentUrl":"https:\/\/www.travel-slovenia.si\/slo\/wp-content\/uploads\/2014\/06\/travel-slovenia-hoja.jpg","width":150,"height":150},{"@type":"BreadcrumbList","@id":"https:\/\/www.travel-slovenia.si\/slo\/hoja-in-kolo\/#breadcrumb","itemListElement":[{"@type":"ListItem","position":1,"name":"Home","item":"https:\/\/www.travel-slovenia.si\/slo\/"},{"@type":"ListItem","position":2,"name":"Hoja in kolo"}]},{"@type":"WebSite","@id":"https:\/\/www.travel-slovenia.si\/slo\/#website","url":"https:\/\/www.travel-slovenia.si\/slo\/","name":"Travel Slovenia - Sledite lepotam na\u0161e male dr\u017eavice","description":"","potentialAction":[{"@type":"SearchAction","target":{"@type":"EntryPoint","urlTemplate":"https:\/\/www.travel-slovenia.si\/slo\/?s={search_term_string}"},"query-input":{"@type":"PropertyValueSpecification","valueRequired":true,"valueName":"search_term_string"}}],"inLanguage":"sl-SI"}]}},"post_mailing_queue_ids":[],"_links":{"self":[{"href":"https:\/\/www.travel-slovenia.si\/slo\/wp-json\/wp\/v2\/pages\/394","targetHints":{"allow":["GET"]}}],"collection":[{"href":"https:\/\/www.travel-slovenia.si\/slo\/wp-json\/wp\/v2\/pages"}],"about":[{"href":"https:\/\/www.travel-slovenia.si\/slo\/wp-json\/wp\/v2\/types\/page"}],"author":[{"embeddable":true,"href":"https:\/\/www.travel-slovenia.si\/slo\/wp-json\/wp\/v2\/users\/111"}],"replies":[{"embeddable":true,"href":"https:\/\/www.travel-slovenia.si\/slo\/wp-json\/wp\/v2\/comments?post=394"}],"version-history":[{"count":32,"href":"https:\/\/www.travel-slovenia.si\/slo\/wp-json\/wp\/v2\/pages\/394\/revisions"}],"predecessor-version":[{"id":3991,"href":"https:\/\/www.travel-slovenia.si\/slo\/wp-json\/wp\/v2\/pages\/394\/revisions\/3991"}],"wp:attachment":[{"href":"https:\/\/www.travel-slovenia.si\/slo\/wp-json\/wp\/v2\/media?parent=394"}],"curies":[{"name":"wp","href":"https:\/\/api.w.org\/{rel}","templated":true}]}}