{"id":3711,"date":"2015-09-22T14:09:58","date_gmt":"2015-09-22T14:09:58","guid":{"rendered":"https:\/\/www.travel-slovenia.si\/slo\/?page_id=3711"},"modified":"2016-02-22T20:23:26","modified_gmt":"2016-02-22T19:23:26","slug":"spomeniki","status":"publish","type":"page","link":"https:\/\/www.travel-slovenia.si\/slo\/spomeniki\/","title":{"rendered":"Spomeniki"},"content":{"rendered":"<p style=\"text-align: justify;\">Spomenik, lahko tudi javni objekt, je bil zgrajen zaradi njegove spominske ali druge simboli\u010dne funkcije. Posve\u010deni so razli\u010dnim dogodkom ali osebam, le redkeje dr\u017eavam, \u017eivalim ali predmetom. Javne spomenike pogosto postavijo z vsaj dvema dodatnima namenoma: za potrebe komemoracij ali spominskih sre\u010danj in zaradi estetske in umetni\u0161ke vrednosti, kar prispeva k lep\u0161emu videzu okolice. V sloveniji imamo velik spomenikov namenjenih znanim ljudem, ki so prispevali k slovenskemu razvoju. Najrali\u017enej\u0161e spomenike Narodno osvobodilnega boja ali Osvobodilne fronte. Zasledimo pa tudi veliko spominskih plo\u0161\u010d, navadno postavljene na hi\u0161i v kateri se je nekdo rodil ali ustvarjal.<\/p>\n<p style=\"text-align: justify;\"><img loading=\"lazy\" decoding=\"async\" class=\"alignleft size-full wp-image-4268\" src=\"https:\/\/www.travel-slovenia.si\/slo\/wp-content\/uploads\/2015\/09\/travel-slovenia-artur-lokar-spomenik-view.jpg\" alt=\"travel-slovenia-artur-lokar-spomenik-view\" width=\"150\" height=\"150\" srcset=\"https:\/\/www.travel-slovenia.si\/slo\/wp-content\/uploads\/2015\/09\/travel-slovenia-artur-lokar-spomenik-view.jpg 150w, https:\/\/www.travel-slovenia.si\/slo\/wp-content\/uploads\/2015\/09\/travel-slovenia-artur-lokar-spomenik-view-83x83.jpg 83w, https:\/\/www.travel-slovenia.si\/slo\/wp-content\/uploads\/2015\/09\/travel-slovenia-artur-lokar-spomenik-view-55x55.jpg 55w, https:\/\/www.travel-slovenia.si\/slo\/wp-content\/uploads\/2015\/09\/travel-slovenia-artur-lokar-spomenik-view-24x24.jpg 24w, https:\/\/www.travel-slovenia.si\/slo\/wp-content\/uploads\/2015\/09\/travel-slovenia-artur-lokar-spomenik-view-36x36.jpg 36w, https:\/\/www.travel-slovenia.si\/slo\/wp-content\/uploads\/2015\/09\/travel-slovenia-artur-lokar-spomenik-view-48x48.jpg 48w\" sizes=\"auto, (max-width: 150px) 100vw, 150px\" \/><strong><em>Kipi znanih ljudi<\/em><\/strong><br \/>\nKip je tridimenzionalni izdelek s statusem umetni\u0161kega dela. Materiali, ki jih kiparji uporabljajo so raznovrstni, najve\u010dkrat pa uporabijo kamen, marmor ali jeklo. Vrste kipov, ki jih poznamo so doprsni, reliefni, skupinski, celopostavni, prostostoje\u010di in \u017eivalski. Lahko so resni\u010dne, ve\u010dje ali manj\u0161e velikosti.\u00a0[<a href=\"https:\/\/www.travel-slovenia.si\/slo\/kipi-znanih-ljudi\/\">_Obi\u0161\u010dite lokacije_<\/a>]\n<p style=\"text-align: justify;\"><img loading=\"lazy\" decoding=\"async\" class=\"alignleft size-full wp-image-4250\" src=\"https:\/\/www.travel-slovenia.si\/slo\/wp-content\/uploads\/2015\/10\/travel-slovenia-NOB-spomenik-skofljica-view.jpg\" alt=\"travel-slovenia-NOB-spomenik-skofljica-view\" width=\"150\" height=\"150\" srcset=\"https:\/\/www.travel-slovenia.si\/slo\/wp-content\/uploads\/2015\/10\/travel-slovenia-NOB-spomenik-skofljica-view.jpg 150w, https:\/\/www.travel-slovenia.si\/slo\/wp-content\/uploads\/2015\/10\/travel-slovenia-NOB-spomenik-skofljica-view-83x83.jpg 83w, https:\/\/www.travel-slovenia.si\/slo\/wp-content\/uploads\/2015\/10\/travel-slovenia-NOB-spomenik-skofljica-view-55x55.jpg 55w, https:\/\/www.travel-slovenia.si\/slo\/wp-content\/uploads\/2015\/10\/travel-slovenia-NOB-spomenik-skofljica-view-24x24.jpg 24w, https:\/\/www.travel-slovenia.si\/slo\/wp-content\/uploads\/2015\/10\/travel-slovenia-NOB-spomenik-skofljica-view-36x36.jpg 36w, https:\/\/www.travel-slovenia.si\/slo\/wp-content\/uploads\/2015\/10\/travel-slovenia-NOB-spomenik-skofljica-view-48x48.jpg 48w\" sizes=\"auto, (max-width: 150px) 100vw, 150px\" \/><strong><em>Narodno osvobodilni boj<\/em><\/strong><br \/>\nNarodno osvobodilni boj ali narodnoosvobodilna borba (kraj\u0161e NOB) je oznaka za boj jugoslovanskih narodov proti okupatorskim in kolaboristi\u010dnim enotam na obmo\u010dju biv\u0161e Jugoslavije, vklju\u010dno s Slovenijo, med leti 1941 &#8211; 1945, ki ga je vodila komunisti\u010dna partija. [<a href=\"https:\/\/www.travel-slovenia.si\/slo\/spomeniki-narodno-osvobodilnega-boja\/\">_Obi\u0161\u010dite lokacije_<\/a>]\n<p>Osvobodilna fronta [_Obi\u0161\u010dite lokacije_]\n<p>Spominske plo\u0161\u010de [<a href=\"https:\/\/www.travel-slovenia.si\/slo\/spominske-plosce\/\">_Obi\u0161\u010dite lokacije_<\/a>]\n<p style=\"text-align: justify;\"><img loading=\"lazy\" decoding=\"async\" class=\"alignleft size-full wp-image-4915\" src=\"https:\/\/www.travel-slovenia.si\/slo\/wp-content\/uploads\/2015\/09\/travel-slovenia-kaverne-view.jpg\" alt=\"travel-slovenia-kaverne-view\" width=\"150\" height=\"150\" srcset=\"https:\/\/www.travel-slovenia.si\/slo\/wp-content\/uploads\/2015\/09\/travel-slovenia-kaverne-view.jpg 150w, https:\/\/www.travel-slovenia.si\/slo\/wp-content\/uploads\/2015\/09\/travel-slovenia-kaverne-view-83x83.jpg 83w, https:\/\/www.travel-slovenia.si\/slo\/wp-content\/uploads\/2015\/09\/travel-slovenia-kaverne-view-55x55.jpg 55w, https:\/\/www.travel-slovenia.si\/slo\/wp-content\/uploads\/2015\/09\/travel-slovenia-kaverne-view-24x24.jpg 24w, https:\/\/www.travel-slovenia.si\/slo\/wp-content\/uploads\/2015\/09\/travel-slovenia-kaverne-view-36x36.jpg 36w, https:\/\/www.travel-slovenia.si\/slo\/wp-content\/uploads\/2015\/09\/travel-slovenia-kaverne-view-48x48.jpg 48w\" sizes=\"auto, (max-width: 150px) 100vw, 150px\" \/><strong><em>Kaverne<\/em><\/strong><br \/>\nKaverna je jama, ki jo je ustvaril \u010dlovek, navadno vdolbena v skalnat teren z namenom za\u0161\u010dite pred topovskimi ali letalskimi napadi. Lahko pa je slu\u017eila tudi kot skladi\u0161\u010de za oro\u017eje in drugo opremo, zakloni\u0161\u010de ali bivalna enota. Kaverne so nastale v \u010dasu 1. svetovne vojne. [<a href=\"https:\/\/www.travel-slovenia.si\/slo\/kaverne\/\">_Obi\u0161\u010dite lokacije_<\/a>]\n<p style=\"text-align: justify;\"><img loading=\"lazy\" decoding=\"async\" class=\"alignleft size-full wp-image-5013\" src=\"https:\/\/www.travel-slovenia.si\/slo\/wp-content\/uploads\/2016\/02\/travel-slovenia-grobnica-stibilj-vukasovic-view.jpg\" alt=\"travel-slovenia-grobnica-stibilj-vukasovic-view\" width=\"150\" height=\"150\" srcset=\"https:\/\/www.travel-slovenia.si\/slo\/wp-content\/uploads\/2016\/02\/travel-slovenia-grobnica-stibilj-vukasovic-view.jpg 150w, https:\/\/www.travel-slovenia.si\/slo\/wp-content\/uploads\/2016\/02\/travel-slovenia-grobnica-stibilj-vukasovic-view-83x83.jpg 83w, https:\/\/www.travel-slovenia.si\/slo\/wp-content\/uploads\/2016\/02\/travel-slovenia-grobnica-stibilj-vukasovic-view-55x55.jpg 55w, https:\/\/www.travel-slovenia.si\/slo\/wp-content\/uploads\/2016\/02\/travel-slovenia-grobnica-stibilj-vukasovic-view-24x24.jpg 24w, https:\/\/www.travel-slovenia.si\/slo\/wp-content\/uploads\/2016\/02\/travel-slovenia-grobnica-stibilj-vukasovic-view-36x36.jpg 36w, https:\/\/www.travel-slovenia.si\/slo\/wp-content\/uploads\/2016\/02\/travel-slovenia-grobnica-stibilj-vukasovic-view-48x48.jpg 48w\" sizes=\"auto, (max-width: 150px) 100vw, 150px\" \/><strong><em>Grobnice<\/em><\/strong><br \/>\nGrobnica predstavlja spomenik ali spomeni\u0161ko obele\u017eje mrtvega \u010dloveka ali celotne rodbine, ki je v preteklosti postala poznana po svojih dejanjih. Del grobnice ali grobne hi\u0161ice je lahko tudi arhitektonsko oblikovan spomenik. Grobnice v \u0161ir\u0161em pomenu so Gomile, grobne hi\u0161ice in grobne komore. \u00a0[<a href=\"https:\/\/www.travel-slovenia.si\/slo\/grobnice\/\">_Obi\u0161\u010dite lokacije_<\/a>]\n<p style=\"text-align: justify;\"><img loading=\"lazy\" decoding=\"async\" class=\"alignleft size-full wp-image-5027\" src=\"https:\/\/www.travel-slovenia.si\/slo\/wp-content\/uploads\/2015\/09\/travel-slovenia-domacija-st-95-view.jpg\" alt=\"travel-slovenia-domacija-st-95-view\" width=\"150\" height=\"150\" srcset=\"https:\/\/www.travel-slovenia.si\/slo\/wp-content\/uploads\/2015\/09\/travel-slovenia-domacija-st-95-view.jpg 150w, https:\/\/www.travel-slovenia.si\/slo\/wp-content\/uploads\/2015\/09\/travel-slovenia-domacija-st-95-view-83x83.jpg 83w, https:\/\/www.travel-slovenia.si\/slo\/wp-content\/uploads\/2015\/09\/travel-slovenia-domacija-st-95-view-55x55.jpg 55w, https:\/\/www.travel-slovenia.si\/slo\/wp-content\/uploads\/2015\/09\/travel-slovenia-domacija-st-95-view-24x24.jpg 24w, https:\/\/www.travel-slovenia.si\/slo\/wp-content\/uploads\/2015\/09\/travel-slovenia-domacija-st-95-view-36x36.jpg 36w, https:\/\/www.travel-slovenia.si\/slo\/wp-content\/uploads\/2015\/09\/travel-slovenia-domacija-st-95-view-48x48.jpg 48w\" sizes=\"auto, (max-width: 150px) 100vw, 150px\" \/><strong><em>Profana stavbna dedi\u0161\u010dina<\/em><\/strong><br \/>\nProfana stavbna dedi\u0161\u010dina so stavbe oziroma zgradbe, ki so varovane s predpisi o varstvu kulturne dedi\u0161\u010dine. Enota nepremi\u010dnine kulturne dedi\u0161\u010dine je opredeljena kot dolo\u010den povezan del fizi\u010dnega objekta, ki ima lastnosti kulturne dedi\u0161\u010dine. [<a href=\"https:\/\/www.travel-slovenia.si\/slo\/stavbna-dediscina\/\">_Obi\u0161\u010dite lokacije_<\/a>]\n","protected":false},"excerpt":{"rendered":"<p>Spomenik, lahko tudi javni objekt, je bil zgrajen zaradi njegove spominske ali druge simboli\u010dne funkcije. Posve\u010deni so razli\u010dnim dogodkom ali osebam, le redkeje dr\u017eavam, \u017eivalim ali predmetom. Javne spomenike pogosto postavijo z vsaj dvema dodatnima namenoma: za potrebe komemoracij ali spominskih sre\u010danj in zaradi estetske in umetni\u0161ke vrednosti, kar prispeva k lep\u0161emu videzu okolice. V [&hellip;]<\/p>\n","protected":false},"author":111,"featured_media":0,"parent":0,"menu_order":0,"comment_status":"closed","ping_status":"closed","template":"","meta":{"footnotes":""},"class_list":["post-3711","page","type-page","status-publish","hentry"],"yoast_head":"<!-- This site is optimized with the Yoast SEO plugin v25.4 - https:\/\/yoast.com\/wordpress\/plugins\/seo\/ -->\n<title>Spomeniki : Travel-Slovenia<\/title>\n<meta name=\"description\" content=\"Spomenik, lahko tudi javni objekt, je bil zgrajen zaradi njegove spominske ali druge simboli\u010dne funkcije. Posve\u010deni so razli\u010dnim dogodkom ali osebam\" \/>\n<meta name=\"robots\" content=\"index, follow, max-snippet:-1, max-image-preview:large, max-video-preview:-1\" \/>\n<link rel=\"canonical\" href=\"https:\/\/www.travel-slovenia.si\/slo\/spomeniki\/\" \/>\n<meta property=\"og:locale\" content=\"sl_SI\" \/>\n<meta property=\"og:type\" content=\"article\" \/>\n<meta property=\"og:title\" content=\"Spomeniki : Travel-Slovenia\" \/>\n<meta property=\"og:description\" content=\"Spomenik, lahko tudi javni objekt, je bil zgrajen zaradi njegove spominske ali druge simboli\u010dne funkcije. Posve\u010deni so razli\u010dnim dogodkom ali osebam\" \/>\n<meta property=\"og:url\" content=\"https:\/\/www.travel-slovenia.si\/slo\/spomeniki\/\" \/>\n<meta property=\"og:site_name\" content=\"Travel Slovenia - Sledite lepotam na\u0161e male dr\u017eavice\" \/>\n<meta property=\"article:modified_time\" content=\"2016-02-22T19:23:26+00:00\" \/>\n<meta property=\"og:image\" content=\"https:\/\/www.travel-slovenia.si\/slo\/wp-content\/uploads\/2015\/09\/travel-slovenia-artur-lokar-spomenik.jpg\" \/>\n\t<meta property=\"og:image:width\" content=\"600\" \/>\n\t<meta property=\"og:image:height\" content=\"800\" \/>\n\t<meta property=\"og:image:type\" content=\"image\/jpeg\" \/>\n<meta name=\"twitter:card\" content=\"summary_large_image\" \/>\n<meta name=\"twitter:title\" content=\"Spomeniki : Travel-Slovenia\" \/>\n<meta name=\"twitter:description\" content=\"Spomenik, lahko tudi javni objekt, je bil zgrajen zaradi njegove spominske ali druge simboli\u010dne funkcije. Posve\u010deni so razli\u010dnim dogodkom ali osebam\" \/>\n<meta name=\"twitter:image\" content=\"https:\/\/www.travel-slovenia.si\/slo\/wp-content\/uploads\/2015\/09\/travel-slovenia-artur-lokar-spomenik.jpg\" \/>\n<meta name=\"twitter:label1\" content=\"Est. reading time\" \/>\n\t<meta name=\"twitter:data1\" content=\"2 minuti\" \/>\n<script type=\"application\/ld+json\" class=\"yoast-schema-graph\">{\"@context\":\"https:\/\/schema.org\",\"@graph\":[{\"@type\":\"WebPage\",\"@id\":\"https:\/\/www.travel-slovenia.si\/slo\/spomeniki\/\",\"url\":\"https:\/\/www.travel-slovenia.si\/slo\/spomeniki\/\",\"name\":\"Spomeniki : Travel-Slovenia\",\"isPartOf\":{\"@id\":\"https:\/\/www.travel-slovenia.si\/slo\/#website\"},\"primaryImageOfPage\":{\"@id\":\"https:\/\/www.travel-slovenia.si\/slo\/spomeniki\/#primaryimage\"},\"image\":{\"@id\":\"https:\/\/www.travel-slovenia.si\/slo\/spomeniki\/#primaryimage\"},\"thumbnailUrl\":\"https:\/\/www.travel-slovenia.si\/slo\/wp-content\/uploads\/2015\/09\/travel-slovenia-artur-lokar-spomenik-view.jpg\",\"datePublished\":\"2015-09-22T14:09:58+00:00\",\"dateModified\":\"2016-02-22T19:23:26+00:00\",\"description\":\"Spomenik, lahko tudi javni objekt, je bil zgrajen zaradi njegove spominske ali druge simboli\u010dne funkcije. Posve\u010deni so razli\u010dnim dogodkom ali osebam\",\"breadcrumb\":{\"@id\":\"https:\/\/www.travel-slovenia.si\/slo\/spomeniki\/#breadcrumb\"},\"inLanguage\":\"sl-SI\",\"potentialAction\":[{\"@type\":\"ReadAction\",\"target\":[\"https:\/\/www.travel-slovenia.si\/slo\/spomeniki\/\"]}]},{\"@type\":\"ImageObject\",\"inLanguage\":\"sl-SI\",\"@id\":\"https:\/\/www.travel-slovenia.si\/slo\/spomeniki\/#primaryimage\",\"url\":\"https:\/\/www.travel-slovenia.si\/slo\/wp-content\/uploads\/2015\/09\/travel-slovenia-artur-lokar-spomenik-view.jpg\",\"contentUrl\":\"https:\/\/www.travel-slovenia.si\/slo\/wp-content\/uploads\/2015\/09\/travel-slovenia-artur-lokar-spomenik-view.jpg\",\"width\":150,\"height\":150},{\"@type\":\"BreadcrumbList\",\"@id\":\"https:\/\/www.travel-slovenia.si\/slo\/spomeniki\/#breadcrumb\",\"itemListElement\":[{\"@type\":\"ListItem\",\"position\":1,\"name\":\"Home\",\"item\":\"https:\/\/www.travel-slovenia.si\/slo\/\"},{\"@type\":\"ListItem\",\"position\":2,\"name\":\"Spomeniki\"}]},{\"@type\":\"WebSite\",\"@id\":\"https:\/\/www.travel-slovenia.si\/slo\/#website\",\"url\":\"https:\/\/www.travel-slovenia.si\/slo\/\",\"name\":\"Travel Slovenia - Sledite lepotam na\u0161e male dr\u017eavice\",\"description\":\"\",\"potentialAction\":[{\"@type\":\"SearchAction\",\"target\":{\"@type\":\"EntryPoint\",\"urlTemplate\":\"https:\/\/www.travel-slovenia.si\/slo\/?s={search_term_string}\"},\"query-input\":{\"@type\":\"PropertyValueSpecification\",\"valueRequired\":true,\"valueName\":\"search_term_string\"}}],\"inLanguage\":\"sl-SI\"}]}<\/script>\n<!-- \/ Yoast SEO plugin. -->","yoast_head_json":{"title":"Spomeniki : Travel-Slovenia","description":"Spomenik, lahko tudi javni objekt, je bil zgrajen zaradi njegove spominske ali druge simboli\u010dne funkcije. Posve\u010deni so razli\u010dnim dogodkom ali osebam","robots":{"index":"index","follow":"follow","max-snippet":"max-snippet:-1","max-image-preview":"max-image-preview:large","max-video-preview":"max-video-preview:-1"},"canonical":"https:\/\/www.travel-slovenia.si\/slo\/spomeniki\/","og_locale":"sl_SI","og_type":"article","og_title":"Spomeniki : Travel-Slovenia","og_description":"Spomenik, lahko tudi javni objekt, je bil zgrajen zaradi njegove spominske ali druge simboli\u010dne funkcije. Posve\u010deni so razli\u010dnim dogodkom ali osebam","og_url":"https:\/\/www.travel-slovenia.si\/slo\/spomeniki\/","og_site_name":"Travel Slovenia - Sledite lepotam na\u0161e male dr\u017eavice","article_modified_time":"2016-02-22T19:23:26+00:00","og_image":[{"width":600,"height":800,"url":"https:\/\/www.travel-slovenia.si\/slo\/wp-content\/uploads\/2015\/09\/travel-slovenia-artur-lokar-spomenik.jpg","type":"image\/jpeg"}],"twitter_card":"summary_large_image","twitter_title":"Spomeniki : Travel-Slovenia","twitter_description":"Spomenik, lahko tudi javni objekt, je bil zgrajen zaradi njegove spominske ali druge simboli\u010dne funkcije. Posve\u010deni so razli\u010dnim dogodkom ali osebam","twitter_image":"https:\/\/www.travel-slovenia.si\/slo\/wp-content\/uploads\/2015\/09\/travel-slovenia-artur-lokar-spomenik.jpg","twitter_misc":{"Est. reading time":"2 minuti"},"schema":{"@context":"https:\/\/schema.org","@graph":[{"@type":"WebPage","@id":"https:\/\/www.travel-slovenia.si\/slo\/spomeniki\/","url":"https:\/\/www.travel-slovenia.si\/slo\/spomeniki\/","name":"Spomeniki : Travel-Slovenia","isPartOf":{"@id":"https:\/\/www.travel-slovenia.si\/slo\/#website"},"primaryImageOfPage":{"@id":"https:\/\/www.travel-slovenia.si\/slo\/spomeniki\/#primaryimage"},"image":{"@id":"https:\/\/www.travel-slovenia.si\/slo\/spomeniki\/#primaryimage"},"thumbnailUrl":"https:\/\/www.travel-slovenia.si\/slo\/wp-content\/uploads\/2015\/09\/travel-slovenia-artur-lokar-spomenik-view.jpg","datePublished":"2015-09-22T14:09:58+00:00","dateModified":"2016-02-22T19:23:26+00:00","description":"Spomenik, lahko tudi javni objekt, je bil zgrajen zaradi njegove spominske ali druge simboli\u010dne funkcije. Posve\u010deni so razli\u010dnim dogodkom ali osebam","breadcrumb":{"@id":"https:\/\/www.travel-slovenia.si\/slo\/spomeniki\/#breadcrumb"},"inLanguage":"sl-SI","potentialAction":[{"@type":"ReadAction","target":["https:\/\/www.travel-slovenia.si\/slo\/spomeniki\/"]}]},{"@type":"ImageObject","inLanguage":"sl-SI","@id":"https:\/\/www.travel-slovenia.si\/slo\/spomeniki\/#primaryimage","url":"https:\/\/www.travel-slovenia.si\/slo\/wp-content\/uploads\/2015\/09\/travel-slovenia-artur-lokar-spomenik-view.jpg","contentUrl":"https:\/\/www.travel-slovenia.si\/slo\/wp-content\/uploads\/2015\/09\/travel-slovenia-artur-lokar-spomenik-view.jpg","width":150,"height":150},{"@type":"BreadcrumbList","@id":"https:\/\/www.travel-slovenia.si\/slo\/spomeniki\/#breadcrumb","itemListElement":[{"@type":"ListItem","position":1,"name":"Home","item":"https:\/\/www.travel-slovenia.si\/slo\/"},{"@type":"ListItem","position":2,"name":"Spomeniki"}]},{"@type":"WebSite","@id":"https:\/\/www.travel-slovenia.si\/slo\/#website","url":"https:\/\/www.travel-slovenia.si\/slo\/","name":"Travel Slovenia - Sledite lepotam na\u0161e male dr\u017eavice","description":"","potentialAction":[{"@type":"SearchAction","target":{"@type":"EntryPoint","urlTemplate":"https:\/\/www.travel-slovenia.si\/slo\/?s={search_term_string}"},"query-input":{"@type":"PropertyValueSpecification","valueRequired":true,"valueName":"search_term_string"}}],"inLanguage":"sl-SI"}]}},"post_mailing_queue_ids":[],"_links":{"self":[{"href":"https:\/\/www.travel-slovenia.si\/slo\/wp-json\/wp\/v2\/pages\/3711","targetHints":{"allow":["GET"]}}],"collection":[{"href":"https:\/\/www.travel-slovenia.si\/slo\/wp-json\/wp\/v2\/pages"}],"about":[{"href":"https:\/\/www.travel-slovenia.si\/slo\/wp-json\/wp\/v2\/types\/page"}],"author":[{"embeddable":true,"href":"https:\/\/www.travel-slovenia.si\/slo\/wp-json\/wp\/v2\/users\/111"}],"replies":[{"embeddable":true,"href":"https:\/\/www.travel-slovenia.si\/slo\/wp-json\/wp\/v2\/comments?post=3711"}],"version-history":[{"count":23,"href":"https:\/\/www.travel-slovenia.si\/slo\/wp-json\/wp\/v2\/pages\/3711\/revisions"}],"predecessor-version":[{"id":5231,"href":"https:\/\/www.travel-slovenia.si\/slo\/wp-json\/wp\/v2\/pages\/3711\/revisions\/5231"}],"wp:attachment":[{"href":"https:\/\/www.travel-slovenia.si\/slo\/wp-json\/wp\/v2\/media?parent=3711"}],"curies":[{"name":"wp","href":"https:\/\/api.w.org\/{rel}","templated":true}]}}