{"id":3638,"date":"2015-09-17T13:58:53","date_gmt":"2015-09-17T13:58:53","guid":{"rendered":"https:\/\/www.travel-slovenia.si\/slo\/?page_id=3638"},"modified":"2015-09-18T07:52:12","modified_gmt":"2015-09-18T07:52:12","slug":"edvard-kocbek","status":"publish","type":"page","link":"https:\/\/www.travel-slovenia.si\/slo\/edvard-kocbek\/","title":{"rendered":"Edvard Kocbek"},"content":{"rendered":"<figure id=\"attachment_3642\" class=\"wp-caption alignleft\" style=\"max-width: 300px\"><img loading=\"lazy\" decoding=\"async\" class=\"wp-image-3642 size-full\" src=\"https:\/\/www.travel-slovenia.si\/slo\/wp-content\/uploads\/2015\/09\/travel-slovenia-edvard-kocbek.jpg\" alt=\"Edvard Kocbek - pisatelj, pesnik in politik\" width=\"300\" height=\"421\" srcset=\"https:\/\/www.travel-slovenia.si\/slo\/wp-content\/uploads\/2015\/09\/travel-slovenia-edvard-kocbek.jpg 300w, https:\/\/www.travel-slovenia.si\/slo\/wp-content\/uploads\/2015\/09\/travel-slovenia-edvard-kocbek-214x300.jpg 214w, https:\/\/www.travel-slovenia.si\/slo\/wp-content\/uploads\/2015\/09\/travel-slovenia-edvard-kocbek-17x24.jpg 17w, https:\/\/www.travel-slovenia.si\/slo\/wp-content\/uploads\/2015\/09\/travel-slovenia-edvard-kocbek-26x36.jpg 26w, https:\/\/www.travel-slovenia.si\/slo\/wp-content\/uploads\/2015\/09\/travel-slovenia-edvard-kocbek-34x48.jpg 34w\" sizes=\"auto, (max-width: 300px) 100vw, 300px\" \/><figcaption class=\"wp-caption-text\">Edvard Kocbek &#8211; pisatelj, pesnik in politik<\/figcaption><\/figure>\n<p style=\"text-align: justify;\">Edvard Kocbek je slovenski pisatelj, pesnik in politik. Rodil se je 27. septembra 1904 v Svetem Juriju pri \u0160\u010davnici, umrl pa 3. novembra 1981 v Ljubljani. V svojem \u017eivljenju je pisal poezijo, dnevni\u0161ko-pripovedno prozo, filozofske, teolo\u0161ke in politi\u010dne \u0161tudije, razprave, eseje in \u010dlanke.<\/p>\n<p style=\"text-align: justify;\">Po opu\u0161\u010denem \u0161tudiju teologije se je odpravil na romanistiko v Ljubljani in po koncu \u0161tudija v Berlinu ter Parizu slu\u017eboval kot profesor franco\u0161\u010dine v Bjelovarju, Vara\u017edinu in Ljubljani. Tu je bil aktivni \u010dlan slovenskega kulturnega in politi\u010dnega \u017eivljenja. Postal je eden od ideolo\u0161kih vodij katol\u0161ke kulturne levice. Bil je tudi urednik revije Dejanje. Leta 1941 je bil med ustanovitelji Osvobodilne fronte kot predstavnik kr\u0161\u010danskih socialistov. Kasneje je postal \u010dlan njenih najvi\u0161jih organov.<\/p>\n<p style=\"text-align: justify;\">Kot pesnik je s prvimi objavami pri\u010del 1924 v dija\u0161kem listu Stra\u0161nji ognji, kasneje v reviji Dom in svet\u00a0 z objavami esejev. Kot moderni pesnik se je uveljavil \u017ee s svojo prvo pesni\u0161ko zbirko z naslovom Zemlja. V svojih delih je izvirno povezoval ekspresionisti\u010dne in simbolisti\u010dne prvine.<\/p>\n<p style=\"text-align: justify;\">V svojih delih je bil vedno usmerjen v prihodnost, ki pa so nepredvidljiva in ni vedno nujno, da se bo v prihodnje zgodilo najbolj za\u017eeleno in najbolj\u0161e. Usmerjenost v prihodnost je pre\u017eeta s strahom pred koncem oziroma smrtjo, saj ilirski subjekt verjame, da je \u010dlovek ni\u010d v primerjavi z neskon\u010dnostjo.<\/p>\n<p style=\"text-align: justify;\">V \u010dasu vojne se je zna\u0161el v te\u017ekem eksisten\u010dnem polo\u017eaju, saj so komunisti NOB izrabili za razredni boj in prevzem oblasti, s \u010dimer se je pesnikova iluzija o vsenarodni eti\u010dni in politi\u010dni preobrazbi razblinila. V za\u010detku 60. let je bil izlo\u010den iz kulturne javnosti, kar je bila posledica njegovega odstopa iz politi\u010dnega \u017eivljenja. Zaradi tega ve\u010d let ni smel objavljati svojih del. Njegove povojne pesmi govorijo o razkolu med idealno zamislijo in dru\u017ebeno stvarnostjo, ki je ustvarjena v nasilju in strahu.<\/p>\n<p style=\"text-align: justify;\">Kot pisatelj se je navdihoval pri religioznem ekspresionizmu, francoskem personalizmu in eksistencializmu. Zanimal se je za usodo izobra\u017eenca, ki se soo\u010da z velikimi zgodovinskimi dogodki, kot so NOB in fa\u0161izem. Tematika NOB je bila v Kocbekovih novelah predvsem izpoved posameznika v te\u017ekem zgodovinskem obdobju. Njegovi junaki so pogosto razpeti med svojimi dol\u017enostmi in svojo vestjo. Prav te novele so na\u010dele novo usmeritev v slovenski literaturi, ki za seboj pu\u0161\u010dajo obdobje socialisti\u010dnega realizma.<\/p>\n<p>&nbsp;<\/p>\n<hr \/>\n<p style=\"text-align: justify;\"><em><strong><img loading=\"lazy\" decoding=\"async\" class=\"alignleft size-full wp-image-3629\" src=\"https:\/\/www.travel-slovenia.si\/slo\/wp-content\/uploads\/2015\/09\/travel-slovenia-edvard-kocbek-lipicanci.jpg\" alt=\"travel-slovenia-edvard-kocbek-lipicanci\" width=\"150\" height=\"150\" srcset=\"https:\/\/www.travel-slovenia.si\/slo\/wp-content\/uploads\/2015\/09\/travel-slovenia-edvard-kocbek-lipicanci.jpg 150w, https:\/\/www.travel-slovenia.si\/slo\/wp-content\/uploads\/2015\/09\/travel-slovenia-edvard-kocbek-lipicanci-83x83.jpg 83w, https:\/\/www.travel-slovenia.si\/slo\/wp-content\/uploads\/2015\/09\/travel-slovenia-edvard-kocbek-lipicanci-55x55.jpg 55w, https:\/\/www.travel-slovenia.si\/slo\/wp-content\/uploads\/2015\/09\/travel-slovenia-edvard-kocbek-lipicanci-24x24.jpg 24w, https:\/\/www.travel-slovenia.si\/slo\/wp-content\/uploads\/2015\/09\/travel-slovenia-edvard-kocbek-lipicanci-36x36.jpg 36w, https:\/\/www.travel-slovenia.si\/slo\/wp-content\/uploads\/2015\/09\/travel-slovenia-edvard-kocbek-lipicanci-48x48.jpg 48w\" sizes=\"auto, (max-width: 150px) 100vw, 150px\" \/>Edvard Kocbek<\/strong> <strong>\u2013 Lipicanci<\/strong><br \/>\n<\/em> Edvard Kocbek je v pesmi Lipicanci na poeti\u010den na\u010din na\u010din izrazil temeljne zna\u010dilnosti plemenitega belega konja, lipicanca. Konj je nastal s kri\u017eanjem kra\u0161kega konja in drugih konjskih vrst na slovenskem Krasu. Edvard Kocbek je lipicanca upsenil kot sveto \u017eival. [<a href=\"https:\/\/www.travel-slovenia.si\/slo\/edvard-kocbek-lipicanci\/\"><span style=\"color: #7fa500;\">_Read more_<\/span><\/a>]\n","protected":false},"excerpt":{"rendered":"<p>Edvard Kocbek je slovenski pisatelj, pesnik in politik. Rodil se je 27. septembra 1904 v Svetem Juriju pri \u0160\u010davnici, umrl pa 3. novembra 1981 v Ljubljani. V svojem \u017eivljenju je pisal poezijo, dnevni\u0161ko-pripovedno prozo, filozofske, teolo\u0161ke in politi\u010dne \u0161tudije, razprave, eseje in \u010dlanke. Po opu\u0161\u010denem \u0161tudiju teologije se je odpravil na romanistiko v Ljubljani in [&hellip;]<\/p>\n","protected":false},"author":111,"featured_media":0,"parent":0,"menu_order":0,"comment_status":"closed","ping_status":"closed","template":"","meta":{"footnotes":""},"class_list":["post-3638","page","type-page","status-publish","hentry"],"yoast_head":"<!-- This site is optimized with the Yoast SEO plugin v25.4 - https:\/\/yoast.com\/wordpress\/plugins\/seo\/ -->\n<title>Edvard Kocbek : Travel-Slovenia<\/title>\n<meta name=\"description\" content=\"Edvard Kocbek je slovenski pisatelj, pesnik in politik. Rodil se je 27. septembra 1904 v Svetem Juriju pri \u0160\u010davnici, umrl pa 3. novembra 1981 v Ljubljani.\" \/>\n<meta name=\"robots\" content=\"index, follow, max-snippet:-1, max-image-preview:large, max-video-preview:-1\" \/>\n<link rel=\"canonical\" href=\"https:\/\/www.travel-slovenia.si\/slo\/edvard-kocbek\/\" \/>\n<meta property=\"og:locale\" content=\"sl_SI\" \/>\n<meta property=\"og:type\" content=\"article\" \/>\n<meta property=\"og:title\" content=\"Edvard Kocbek : Travel-Slovenia\" \/>\n<meta property=\"og:description\" content=\"Edvard Kocbek je slovenski pisatelj, pesnik in politik. Rodil se je 27. septembra 1904 v Svetem Juriju pri \u0160\u010davnici, umrl pa 3. novembra 1981 v Ljubljani.\" \/>\n<meta property=\"og:url\" content=\"https:\/\/www.travel-slovenia.si\/slo\/edvard-kocbek\/\" \/>\n<meta property=\"og:site_name\" content=\"Travel Slovenia - Sledite lepotam na\u0161e male dr\u017eavice\" \/>\n<meta property=\"article:modified_time\" content=\"2015-09-18T07:52:12+00:00\" \/>\n<meta property=\"og:image\" content=\"https:\/\/www.travel-slovenia.si\/slo\/wp-content\/uploads\/2015\/09\/travel-slovenia-edvard-kocbek.jpg\" \/>\n\t<meta property=\"og:image:width\" content=\"300\" \/>\n\t<meta property=\"og:image:height\" content=\"421\" \/>\n\t<meta property=\"og:image:type\" content=\"image\/jpeg\" \/>\n<meta name=\"twitter:card\" content=\"summary_large_image\" \/>\n<meta name=\"twitter:title\" content=\"Edvard Kocbek : Travel-Slovenia\" \/>\n<meta name=\"twitter:description\" content=\"Edvard Kocbek je slovenski pisatelj, pesnik in politik. Rodil se je 27. septembra 1904 v Svetem Juriju pri \u0160\u010davnici, umrl pa 3. novembra 1981 v Ljubljani.\" \/>\n<meta name=\"twitter:image\" content=\"https:\/\/www.travel-slovenia.si\/slo\/wp-content\/uploads\/2015\/09\/travel-slovenia-edvard-kocbek.jpg\" \/>\n<meta name=\"twitter:label1\" content=\"Est. reading time\" \/>\n\t<meta name=\"twitter:data1\" content=\"2 minuti\" \/>\n<script type=\"application\/ld+json\" class=\"yoast-schema-graph\">{\"@context\":\"https:\/\/schema.org\",\"@graph\":[{\"@type\":\"WebPage\",\"@id\":\"https:\/\/www.travel-slovenia.si\/slo\/edvard-kocbek\/\",\"url\":\"https:\/\/www.travel-slovenia.si\/slo\/edvard-kocbek\/\",\"name\":\"Edvard Kocbek : Travel-Slovenia\",\"isPartOf\":{\"@id\":\"https:\/\/www.travel-slovenia.si\/slo\/#website\"},\"primaryImageOfPage\":{\"@id\":\"https:\/\/www.travel-slovenia.si\/slo\/edvard-kocbek\/#primaryimage\"},\"image\":{\"@id\":\"https:\/\/www.travel-slovenia.si\/slo\/edvard-kocbek\/#primaryimage\"},\"thumbnailUrl\":\"https:\/\/www.travel-slovenia.si\/slo\/wp-content\/uploads\/2015\/09\/travel-slovenia-edvard-kocbek.jpg\",\"datePublished\":\"2015-09-17T13:58:53+00:00\",\"dateModified\":\"2015-09-18T07:52:12+00:00\",\"description\":\"Edvard Kocbek je slovenski pisatelj, pesnik in politik. Rodil se je 27. septembra 1904 v Svetem Juriju pri \u0160\u010davnici, umrl pa 3. novembra 1981 v Ljubljani.\",\"breadcrumb\":{\"@id\":\"https:\/\/www.travel-slovenia.si\/slo\/edvard-kocbek\/#breadcrumb\"},\"inLanguage\":\"sl-SI\",\"potentialAction\":[{\"@type\":\"ReadAction\",\"target\":[\"https:\/\/www.travel-slovenia.si\/slo\/edvard-kocbek\/\"]}]},{\"@type\":\"ImageObject\",\"inLanguage\":\"sl-SI\",\"@id\":\"https:\/\/www.travel-slovenia.si\/slo\/edvard-kocbek\/#primaryimage\",\"url\":\"https:\/\/www.travel-slovenia.si\/slo\/wp-content\/uploads\/2015\/09\/travel-slovenia-edvard-kocbek.jpg\",\"contentUrl\":\"https:\/\/www.travel-slovenia.si\/slo\/wp-content\/uploads\/2015\/09\/travel-slovenia-edvard-kocbek.jpg\",\"width\":300,\"height\":421},{\"@type\":\"BreadcrumbList\",\"@id\":\"https:\/\/www.travel-slovenia.si\/slo\/edvard-kocbek\/#breadcrumb\",\"itemListElement\":[{\"@type\":\"ListItem\",\"position\":1,\"name\":\"Home\",\"item\":\"https:\/\/www.travel-slovenia.si\/slo\/\"},{\"@type\":\"ListItem\",\"position\":2,\"name\":\"Edvard Kocbek\"}]},{\"@type\":\"WebSite\",\"@id\":\"https:\/\/www.travel-slovenia.si\/slo\/#website\",\"url\":\"https:\/\/www.travel-slovenia.si\/slo\/\",\"name\":\"Travel Slovenia - Sledite lepotam na\u0161e male dr\u017eavice\",\"description\":\"\",\"potentialAction\":[{\"@type\":\"SearchAction\",\"target\":{\"@type\":\"EntryPoint\",\"urlTemplate\":\"https:\/\/www.travel-slovenia.si\/slo\/?s={search_term_string}\"},\"query-input\":{\"@type\":\"PropertyValueSpecification\",\"valueRequired\":true,\"valueName\":\"search_term_string\"}}],\"inLanguage\":\"sl-SI\"}]}<\/script>\n<!-- \/ Yoast SEO plugin. -->","yoast_head_json":{"title":"Edvard Kocbek : Travel-Slovenia","description":"Edvard Kocbek je slovenski pisatelj, pesnik in politik. Rodil se je 27. septembra 1904 v Svetem Juriju pri \u0160\u010davnici, umrl pa 3. novembra 1981 v Ljubljani.","robots":{"index":"index","follow":"follow","max-snippet":"max-snippet:-1","max-image-preview":"max-image-preview:large","max-video-preview":"max-video-preview:-1"},"canonical":"https:\/\/www.travel-slovenia.si\/slo\/edvard-kocbek\/","og_locale":"sl_SI","og_type":"article","og_title":"Edvard Kocbek : Travel-Slovenia","og_description":"Edvard Kocbek je slovenski pisatelj, pesnik in politik. Rodil se je 27. septembra 1904 v Svetem Juriju pri \u0160\u010davnici, umrl pa 3. novembra 1981 v Ljubljani.","og_url":"https:\/\/www.travel-slovenia.si\/slo\/edvard-kocbek\/","og_site_name":"Travel Slovenia - Sledite lepotam na\u0161e male dr\u017eavice","article_modified_time":"2015-09-18T07:52:12+00:00","og_image":[{"width":300,"height":421,"url":"https:\/\/www.travel-slovenia.si\/slo\/wp-content\/uploads\/2015\/09\/travel-slovenia-edvard-kocbek.jpg","type":"image\/jpeg"}],"twitter_card":"summary_large_image","twitter_title":"Edvard Kocbek : Travel-Slovenia","twitter_description":"Edvard Kocbek je slovenski pisatelj, pesnik in politik. Rodil se je 27. septembra 1904 v Svetem Juriju pri \u0160\u010davnici, umrl pa 3. novembra 1981 v Ljubljani.","twitter_image":"https:\/\/www.travel-slovenia.si\/slo\/wp-content\/uploads\/2015\/09\/travel-slovenia-edvard-kocbek.jpg","twitter_misc":{"Est. reading time":"2 minuti"},"schema":{"@context":"https:\/\/schema.org","@graph":[{"@type":"WebPage","@id":"https:\/\/www.travel-slovenia.si\/slo\/edvard-kocbek\/","url":"https:\/\/www.travel-slovenia.si\/slo\/edvard-kocbek\/","name":"Edvard Kocbek : Travel-Slovenia","isPartOf":{"@id":"https:\/\/www.travel-slovenia.si\/slo\/#website"},"primaryImageOfPage":{"@id":"https:\/\/www.travel-slovenia.si\/slo\/edvard-kocbek\/#primaryimage"},"image":{"@id":"https:\/\/www.travel-slovenia.si\/slo\/edvard-kocbek\/#primaryimage"},"thumbnailUrl":"https:\/\/www.travel-slovenia.si\/slo\/wp-content\/uploads\/2015\/09\/travel-slovenia-edvard-kocbek.jpg","datePublished":"2015-09-17T13:58:53+00:00","dateModified":"2015-09-18T07:52:12+00:00","description":"Edvard Kocbek je slovenski pisatelj, pesnik in politik. Rodil se je 27. septembra 1904 v Svetem Juriju pri \u0160\u010davnici, umrl pa 3. novembra 1981 v Ljubljani.","breadcrumb":{"@id":"https:\/\/www.travel-slovenia.si\/slo\/edvard-kocbek\/#breadcrumb"},"inLanguage":"sl-SI","potentialAction":[{"@type":"ReadAction","target":["https:\/\/www.travel-slovenia.si\/slo\/edvard-kocbek\/"]}]},{"@type":"ImageObject","inLanguage":"sl-SI","@id":"https:\/\/www.travel-slovenia.si\/slo\/edvard-kocbek\/#primaryimage","url":"https:\/\/www.travel-slovenia.si\/slo\/wp-content\/uploads\/2015\/09\/travel-slovenia-edvard-kocbek.jpg","contentUrl":"https:\/\/www.travel-slovenia.si\/slo\/wp-content\/uploads\/2015\/09\/travel-slovenia-edvard-kocbek.jpg","width":300,"height":421},{"@type":"BreadcrumbList","@id":"https:\/\/www.travel-slovenia.si\/slo\/edvard-kocbek\/#breadcrumb","itemListElement":[{"@type":"ListItem","position":1,"name":"Home","item":"https:\/\/www.travel-slovenia.si\/slo\/"},{"@type":"ListItem","position":2,"name":"Edvard Kocbek"}]},{"@type":"WebSite","@id":"https:\/\/www.travel-slovenia.si\/slo\/#website","url":"https:\/\/www.travel-slovenia.si\/slo\/","name":"Travel Slovenia - Sledite lepotam na\u0161e male dr\u017eavice","description":"","potentialAction":[{"@type":"SearchAction","target":{"@type":"EntryPoint","urlTemplate":"https:\/\/www.travel-slovenia.si\/slo\/?s={search_term_string}"},"query-input":{"@type":"PropertyValueSpecification","valueRequired":true,"valueName":"search_term_string"}}],"inLanguage":"sl-SI"}]}},"post_mailing_queue_ids":[],"_links":{"self":[{"href":"https:\/\/www.travel-slovenia.si\/slo\/wp-json\/wp\/v2\/pages\/3638","targetHints":{"allow":["GET"]}}],"collection":[{"href":"https:\/\/www.travel-slovenia.si\/slo\/wp-json\/wp\/v2\/pages"}],"about":[{"href":"https:\/\/www.travel-slovenia.si\/slo\/wp-json\/wp\/v2\/types\/page"}],"author":[{"embeddable":true,"href":"https:\/\/www.travel-slovenia.si\/slo\/wp-json\/wp\/v2\/users\/111"}],"replies":[{"embeddable":true,"href":"https:\/\/www.travel-slovenia.si\/slo\/wp-json\/wp\/v2\/comments?post=3638"}],"version-history":[{"count":4,"href":"https:\/\/www.travel-slovenia.si\/slo\/wp-json\/wp\/v2\/pages\/3638\/revisions"}],"predecessor-version":[{"id":3652,"href":"https:\/\/www.travel-slovenia.si\/slo\/wp-json\/wp\/v2\/pages\/3638\/revisions\/3652"}],"wp:attachment":[{"href":"https:\/\/www.travel-slovenia.si\/slo\/wp-json\/wp\/v2\/media?parent=3638"}],"curies":[{"name":"wp","href":"https:\/\/api.w.org\/{rel}","templated":true}]}}