{"id":3626,"date":"2015-09-17T11:47:27","date_gmt":"2015-09-17T11:47:27","guid":{"rendered":"https:\/\/www.travel-slovenia.si\/slo\/?page_id=3626"},"modified":"2016-03-11T08:45:00","modified_gmt":"2016-03-11T07:45:00","slug":"edvard-kocbek-lipicanci","status":"publish","type":"page","link":"https:\/\/www.travel-slovenia.si\/slo\/edvard-kocbek-lipicanci\/","title":{"rendered":"Edvard Kocbek &#8211; Lipicanci"},"content":{"rendered":"<p style=\"text-align: justify;\">Edvard Kocbek je v pesmi Lipicanci na poeti\u010den na\u010din izrazil temeljne zna\u010dilnosti plemenitega belega konja, lipicanca. Konj je nastal s kri\u017eanjem kra\u0161kega konja in drugih konjskih vrst na slovenskem Krasu. Pesem je po dikciji vznesena oda, v isti sapi prepojena s plemenitim humorjem. Edvard Kocbek je lipicanca upesnil kot sveto \u017eival. Konj je najlep\u0161a sinteza narave in zgodovine sveta. Brez nacionalizma je skozi simbol lipicancev upesnil dejstvo, da Slovenci lahko pre\u017eivimo le, \u010de bomo spo\u0161tovali svojo naravo in zgodovino ter lepoto.<\/p>\n<h3 style=\"text-align: center;\">EDVARD KOCBEK &#8211; LIPICANCI<\/h3>\n<p style=\"text-align: center;\">\u010casnik poro\u010da:<br \/>\nlipicanci so sodelovali<br \/>\npri zgodovinskem filmu.<br \/>\nRadio razlaga:<br \/>\nMilijonar je kupil lipicance,<br \/>\nplemenite \u017eivali so nemirne<br \/>\nves \u010das poleta nad Atlantikom.<br \/>\nin u\u010dna knjiga u\u010di:<br \/>\nlipicanci so hvale\u017eni jezdni konji.<br \/>\nDoma so s Krasa, pro\u017enega kopita,<br \/>\ngizdavega drnca, bistre \u010dudi<br \/>\nin trmaste zvestobe.<\/p>\n<p style=\"text-align: center;\">In vendar ti dodajam, sinko,<br \/>\nda teh nemirnih \u017eivali<br \/>\nni mogoc\u010d spraviti v razvidne obrazce:<br \/>\ndobro je, kadar sije dan,<br \/>\nlipicanci so \u010drna \u017erebeta.<br \/>\nin dobro je, kadar vlada no\u010d,<br \/>\nipicanci so bele kobile,<br \/>\nnajbolje pa je,<br \/>\nkadar prihaja dan iz no\u010di,<br \/>\nkajti lipicanci so belo\u010drni burke\u017ei,<br \/>\ndvomi \u0161aljivci njenega veli\u010danstva,<br \/>\nslovenske zgodovine.<br \/>\nDrugi so \u010dastili svete krave in zmaje,<br \/>\ntiso\u010dletne \u017eelve in leve s perutmi,<br \/>\nsamoroge, dvoglave orle in fenikse,<br \/>\nmi pa smo si izbrali najlep\u0161o \u017eival,<br \/>\nizkazala se je na boji\u0161\u010dih in v cirkusih.<br \/>\nprepeljevala je kralji\u010dne in zlato mon\u0161tranco,<br \/>\nzato so dunajski cesarji govorili<br \/>\nfrancosko s spretnimi diplomati,<br \/>\nitalijansko z zalimi igralkami.<br \/>\n\u0161pansko z neskon\u010dnim Bogom<br \/>\nin nem\u0161ko z ne\u0161olanimi hlapci,<br \/>\ns konji pa so se pogovarjali slovensko.<\/p>\n<p style=\"text-align: center;\">Spomni se, otrok, kako skrivnostno<br \/>\nsta spojena narava in zgodovina sveta<br \/>\nin kako razli\u010dna je vzmet duha<br \/>\npri slehernem ljudstvu na zemlji.<br \/>\nDobro ve\u0161, da smo zemlja tekem in dirk.<br \/>\nZato tudi razume\u0161, zakaj so se beli konji<br \/>\niz Noetove barke zatekli na na\u0161a \u010dista tla,<br \/>\nzakaj so postali na\u0161a sveta \u017eival,<br \/>\nzakaj so stopili v legendo zgodovine<br \/>\nin zakaj razburjajo na\u0161o prihodnost,<br \/>\nnenehoma nam i\u0161\u010dejo obljubljeno de\u017eelo<br \/>\nin postajajo zanosno sedlo na\u0161ega duha.<\/p>\n<p style=\"text-align: center;\">Kar naprej sem na belo\u010drnem konju.<br \/>\nmili moj sinko,<br \/>\nkakor poglavar beduinov<br \/>\nsem zrasel s svojo \u017eivaljo.<br \/>\nvse \u017eivljenje potujem na njej,<br \/>\nbojujem se na konju in molim na njem,<br \/>\nspim na konju in sanjam na konju<br \/>\nin umrl bom na konju,<br \/>\nvse na\u0161e prerokbe sem spoznal<br \/>\nna skrivnostni \u017eivali,<br \/>\nin tudi to pesem sem do\u017eivel<br \/>\nna njenem drhte\u010dem hrbtu.<\/p>\n<p style=\"text-align: center;\">Ni\u010d temnej\u0161ega ni<br \/>\nod jasne govorice<br \/>\nin ni\u010d resni\u010dnej\u0161ega ni od pesmi,<br \/>\nki je razum ne more zapopasti,<br \/>\njunaki \u0161epajo v svetlem soncu<br \/>\nin modrijani jecljajo v temi,<br \/>\nburke\u017ei pa se spreminjajo v pesnike<br \/>\nkrilati pegazi vedno hitreje dirjajo<br \/>\nnad votlinami na\u0161e stare zemlje<br \/>\nin poskakujejo in trkajo,<br \/>\nnestrpne slovenske \u017eivali<br \/>\n\u0161e vedno budijo kralja Matja\u017ea.<\/p>\n<p style=\"text-align: center;\">Kdor \u0161e ne zna zajezditi konja,<br \/>\nnaj se cimprej nau\u010di<br \/>\nukrotiti iskro \u017eival,<br \/>\nobdr\u017eati se svobodno v lahkem sedlu<br \/>\nin uloviti ubrano mero drnca,<br \/>\npredvsem pa vztrajati v slutnji,<br \/>\nkajti na\u0161i konji so pridirjali od dale\u010d<br \/>\nin so dale\u010d namenjeni,<br \/>\nmotorji radi odpovedo,<br \/>\nsloni preve\u010d pojedo,<br \/>\nna\u0161a pot pa je dolga<br \/>\nin pe\u0161 je predale\u010d.<\/p>\n<p>&nbsp;<\/p>\n<hr \/>\n<p style=\"text-align: justify;\"><strong><em><img loading=\"lazy\" decoding=\"async\" class=\"alignleft size-full wp-image-3640\" src=\"https:\/\/www.travel-slovenia.si\/slo\/wp-content\/uploads\/2015\/09\/travel-slovenia-edvard-kocbek-view.jpg\" alt=\"travel-slovenia-edvard-kocbek-view\" width=\"150\" height=\"150\" srcset=\"https:\/\/www.travel-slovenia.si\/slo\/wp-content\/uploads\/2015\/09\/travel-slovenia-edvard-kocbek-view.jpg 150w, https:\/\/www.travel-slovenia.si\/slo\/wp-content\/uploads\/2015\/09\/travel-slovenia-edvard-kocbek-view-83x83.jpg 83w, https:\/\/www.travel-slovenia.si\/slo\/wp-content\/uploads\/2015\/09\/travel-slovenia-edvard-kocbek-view-55x55.jpg 55w, https:\/\/www.travel-slovenia.si\/slo\/wp-content\/uploads\/2015\/09\/travel-slovenia-edvard-kocbek-view-24x24.jpg 24w, https:\/\/www.travel-slovenia.si\/slo\/wp-content\/uploads\/2015\/09\/travel-slovenia-edvard-kocbek-view-36x36.jpg 36w, https:\/\/www.travel-slovenia.si\/slo\/wp-content\/uploads\/2015\/09\/travel-slovenia-edvard-kocbek-view-48x48.jpg 48w\" sizes=\"auto, (max-width: 150px) 100vw, 150px\" \/>Edvard Kocbek<\/em><\/strong><br \/>\nEdvard Kocbek je slovenski pisatelj, pesnik in politik. Rodil se je 27. septembra 1904 v Svetem Juriju pri \u0160\u010davnici, umrl pa 3. novembra 1981 v Ljubljani. V svojem \u017eivljenju je pisal poezijo, dnevni\u0161ko-pripovedno prozo, filozofske, teolo\u0161ke in politi\u010dne \u0161tudije, razprave, eseje in \u010dlanke. [<a href=\"https:\/\/www.travel-slovenia.si\/slo\/edvard-kocbek\/\">_Read more_<\/a>]\n<p style=\"text-align: justify;\"><strong><em><img loading=\"lazy\" decoding=\"async\" class=\"alignleft size-full wp-image-3610\" src=\"https:\/\/www.travel-slovenia.si\/slo\/wp-content\/uploads\/2014\/08\/travel-slovenia-lipicanec-view.jpg\" alt=\"travel-slovenia-lipicanec-view\" width=\"150\" height=\"150\" srcset=\"https:\/\/www.travel-slovenia.si\/slo\/wp-content\/uploads\/2014\/08\/travel-slovenia-lipicanec-view.jpg 150w, https:\/\/www.travel-slovenia.si\/slo\/wp-content\/uploads\/2014\/08\/travel-slovenia-lipicanec-view-83x83.jpg 83w, https:\/\/www.travel-slovenia.si\/slo\/wp-content\/uploads\/2014\/08\/travel-slovenia-lipicanec-view-55x55.jpg 55w, https:\/\/www.travel-slovenia.si\/slo\/wp-content\/uploads\/2014\/08\/travel-slovenia-lipicanec-view-24x24.jpg 24w, https:\/\/www.travel-slovenia.si\/slo\/wp-content\/uploads\/2014\/08\/travel-slovenia-lipicanec-view-36x36.jpg 36w, https:\/\/www.travel-slovenia.si\/slo\/wp-content\/uploads\/2014\/08\/travel-slovenia-lipicanec-view-48x48.jpg 48w\" sizes=\"auto, (max-width: 150px) 100vw, 150px\" \/>Lipicanec<\/em><\/strong><br \/>\nLipicanec je \u010dlan pasme konj, vzrejene v Lipici. Pasmo je leta 1580 v Habsbur\u0161ki monarhiji usatnovil Karel, natan\u010dneje na obmo\u010dju slovenskega krasa in je najstarej\u0161a kulturna pasma konj na svetu. Konj je slovenski simbol, upodobljen na slovenskem kovancu za 20 centov. [<a href=\"https:\/\/www.travel-slovenia.si\/slo\/slovensko\/lipicanec\/\">_Read more_<\/a>]\n","protected":false},"excerpt":{"rendered":"<p>Edvard Kocbek je v pesmi Lipicanci na poeti\u010den na\u010din izrazil temeljne zna\u010dilnosti plemenitega belega konja, lipicanca. Konj je nastal s kri\u017eanjem kra\u0161kega konja in drugih konjskih vrst na slovenskem Krasu. Pesem je po dikciji vznesena oda, v isti sapi prepojena s plemenitim humorjem. Edvard Kocbek je lipicanca upesnil kot sveto \u017eival. Konj je najlep\u0161a sinteza [&hellip;]<\/p>\n","protected":false},"author":111,"featured_media":0,"parent":0,"menu_order":0,"comment_status":"closed","ping_status":"closed","template":"","meta":{"footnotes":""},"class_list":["post-3626","page","type-page","status-publish","hentry"],"yoast_head":"<!-- This site is optimized with the Yoast SEO plugin v25.4 - https:\/\/yoast.com\/wordpress\/plugins\/seo\/ -->\n<title>Edvard Kocbek - Lipicanci : Travel-Slovenia<\/title>\n<meta name=\"description\" content=\"Edvard Kocbek je v pesmi Lipicanci na poeti\u010den na\u010din na\u010din izrazil temeljne zna\u010dilnosti plemenitega belega konja, lipicanca.\" \/>\n<meta name=\"robots\" content=\"index, follow, max-snippet:-1, max-image-preview:large, max-video-preview:-1\" \/>\n<link rel=\"canonical\" href=\"https:\/\/www.travel-slovenia.si\/slo\/edvard-kocbek-lipicanci\/\" \/>\n<meta property=\"og:locale\" content=\"sl_SI\" \/>\n<meta property=\"og:type\" content=\"article\" \/>\n<meta property=\"og:title\" content=\"Edvard Kocbek - Lipicanci : Travel-Slovenia\" \/>\n<meta property=\"og:description\" content=\"Edvard Kocbek je v pesmi Lipicanci na poeti\u010den na\u010din na\u010din izrazil temeljne zna\u010dilnosti plemenitega belega konja, lipicanca.\" \/>\n<meta property=\"og:url\" content=\"https:\/\/www.travel-slovenia.si\/slo\/edvard-kocbek-lipicanci\/\" \/>\n<meta property=\"og:site_name\" content=\"Travel Slovenia - Sledite lepotam na\u0161e male dr\u017eavice\" \/>\n<meta property=\"article:modified_time\" content=\"2016-03-11T07:45:00+00:00\" \/>\n<meta property=\"og:image\" content=\"https:\/\/www.travel-slovenia.si\/slo\/wp-content\/uploads\/2014\/08\/travel-slovenia-lipicanec.jpg\" \/>\n\t<meta property=\"og:image:width\" content=\"600\" \/>\n\t<meta property=\"og:image:height\" content=\"800\" \/>\n\t<meta property=\"og:image:type\" content=\"image\/jpeg\" \/>\n<meta name=\"twitter:card\" content=\"summary_large_image\" \/>\n<meta name=\"twitter:title\" content=\"Edvard Kocbek - Lipicanci : Travel-Slovenia\" \/>\n<meta name=\"twitter:description\" content=\"Edvard Kocbek je v pesmi Lipicanci na poeti\u010den na\u010din na\u010din izrazil temeljne zna\u010dilnosti plemenitega belega konja, lipicanca.\" \/>\n<meta name=\"twitter:image\" content=\"https:\/\/www.travel-slovenia.si\/slo\/wp-content\/uploads\/2014\/08\/travel-slovenia-lipicanec.jpg\" \/>\n<meta name=\"twitter:label1\" content=\"Est. reading time\" \/>\n\t<meta name=\"twitter:data1\" content=\"3 minute\" \/>\n<script type=\"application\/ld+json\" class=\"yoast-schema-graph\">{\"@context\":\"https:\/\/schema.org\",\"@graph\":[{\"@type\":\"WebPage\",\"@id\":\"https:\/\/www.travel-slovenia.si\/slo\/edvard-kocbek-lipicanci\/\",\"url\":\"https:\/\/www.travel-slovenia.si\/slo\/edvard-kocbek-lipicanci\/\",\"name\":\"Edvard Kocbek - Lipicanci : Travel-Slovenia\",\"isPartOf\":{\"@id\":\"https:\/\/www.travel-slovenia.si\/slo\/#website\"},\"primaryImageOfPage\":{\"@id\":\"https:\/\/www.travel-slovenia.si\/slo\/edvard-kocbek-lipicanci\/#primaryimage\"},\"image\":{\"@id\":\"https:\/\/www.travel-slovenia.si\/slo\/edvard-kocbek-lipicanci\/#primaryimage\"},\"thumbnailUrl\":\"https:\/\/www.travel-slovenia.si\/slo\/wp-content\/uploads\/2015\/09\/travel-slovenia-edvard-kocbek-view.jpg\",\"datePublished\":\"2015-09-17T11:47:27+00:00\",\"dateModified\":\"2016-03-11T07:45:00+00:00\",\"description\":\"Edvard Kocbek je v pesmi Lipicanci na poeti\u010den na\u010din na\u010din izrazil temeljne zna\u010dilnosti plemenitega belega konja, lipicanca.\",\"breadcrumb\":{\"@id\":\"https:\/\/www.travel-slovenia.si\/slo\/edvard-kocbek-lipicanci\/#breadcrumb\"},\"inLanguage\":\"sl-SI\",\"potentialAction\":[{\"@type\":\"ReadAction\",\"target\":[\"https:\/\/www.travel-slovenia.si\/slo\/edvard-kocbek-lipicanci\/\"]}]},{\"@type\":\"ImageObject\",\"inLanguage\":\"sl-SI\",\"@id\":\"https:\/\/www.travel-slovenia.si\/slo\/edvard-kocbek-lipicanci\/#primaryimage\",\"url\":\"https:\/\/www.travel-slovenia.si\/slo\/wp-content\/uploads\/2015\/09\/travel-slovenia-edvard-kocbek-view.jpg\",\"contentUrl\":\"https:\/\/www.travel-slovenia.si\/slo\/wp-content\/uploads\/2015\/09\/travel-slovenia-edvard-kocbek-view.jpg\",\"width\":150,\"height\":150},{\"@type\":\"BreadcrumbList\",\"@id\":\"https:\/\/www.travel-slovenia.si\/slo\/edvard-kocbek-lipicanci\/#breadcrumb\",\"itemListElement\":[{\"@type\":\"ListItem\",\"position\":1,\"name\":\"Home\",\"item\":\"https:\/\/www.travel-slovenia.si\/slo\/\"},{\"@type\":\"ListItem\",\"position\":2,\"name\":\"Edvard Kocbek &#8211; Lipicanci\"}]},{\"@type\":\"WebSite\",\"@id\":\"https:\/\/www.travel-slovenia.si\/slo\/#website\",\"url\":\"https:\/\/www.travel-slovenia.si\/slo\/\",\"name\":\"Travel Slovenia - Sledite lepotam na\u0161e male dr\u017eavice\",\"description\":\"\",\"potentialAction\":[{\"@type\":\"SearchAction\",\"target\":{\"@type\":\"EntryPoint\",\"urlTemplate\":\"https:\/\/www.travel-slovenia.si\/slo\/?s={search_term_string}\"},\"query-input\":{\"@type\":\"PropertyValueSpecification\",\"valueRequired\":true,\"valueName\":\"search_term_string\"}}],\"inLanguage\":\"sl-SI\"}]}<\/script>\n<!-- \/ Yoast SEO plugin. -->","yoast_head_json":{"title":"Edvard Kocbek - Lipicanci : Travel-Slovenia","description":"Edvard Kocbek je v pesmi Lipicanci na poeti\u010den na\u010din na\u010din izrazil temeljne zna\u010dilnosti plemenitega belega konja, lipicanca.","robots":{"index":"index","follow":"follow","max-snippet":"max-snippet:-1","max-image-preview":"max-image-preview:large","max-video-preview":"max-video-preview:-1"},"canonical":"https:\/\/www.travel-slovenia.si\/slo\/edvard-kocbek-lipicanci\/","og_locale":"sl_SI","og_type":"article","og_title":"Edvard Kocbek - Lipicanci : Travel-Slovenia","og_description":"Edvard Kocbek je v pesmi Lipicanci na poeti\u010den na\u010din na\u010din izrazil temeljne zna\u010dilnosti plemenitega belega konja, lipicanca.","og_url":"https:\/\/www.travel-slovenia.si\/slo\/edvard-kocbek-lipicanci\/","og_site_name":"Travel Slovenia - Sledite lepotam na\u0161e male dr\u017eavice","article_modified_time":"2016-03-11T07:45:00+00:00","og_image":[{"width":600,"height":800,"url":"https:\/\/www.travel-slovenia.si\/slo\/wp-content\/uploads\/2014\/08\/travel-slovenia-lipicanec.jpg","type":"image\/jpeg"}],"twitter_card":"summary_large_image","twitter_title":"Edvard Kocbek - Lipicanci : Travel-Slovenia","twitter_description":"Edvard Kocbek je v pesmi Lipicanci na poeti\u010den na\u010din na\u010din izrazil temeljne zna\u010dilnosti plemenitega belega konja, lipicanca.","twitter_image":"https:\/\/www.travel-slovenia.si\/slo\/wp-content\/uploads\/2014\/08\/travel-slovenia-lipicanec.jpg","twitter_misc":{"Est. reading time":"3 minute"},"schema":{"@context":"https:\/\/schema.org","@graph":[{"@type":"WebPage","@id":"https:\/\/www.travel-slovenia.si\/slo\/edvard-kocbek-lipicanci\/","url":"https:\/\/www.travel-slovenia.si\/slo\/edvard-kocbek-lipicanci\/","name":"Edvard Kocbek - Lipicanci : Travel-Slovenia","isPartOf":{"@id":"https:\/\/www.travel-slovenia.si\/slo\/#website"},"primaryImageOfPage":{"@id":"https:\/\/www.travel-slovenia.si\/slo\/edvard-kocbek-lipicanci\/#primaryimage"},"image":{"@id":"https:\/\/www.travel-slovenia.si\/slo\/edvard-kocbek-lipicanci\/#primaryimage"},"thumbnailUrl":"https:\/\/www.travel-slovenia.si\/slo\/wp-content\/uploads\/2015\/09\/travel-slovenia-edvard-kocbek-view.jpg","datePublished":"2015-09-17T11:47:27+00:00","dateModified":"2016-03-11T07:45:00+00:00","description":"Edvard Kocbek je v pesmi Lipicanci na poeti\u010den na\u010din na\u010din izrazil temeljne zna\u010dilnosti plemenitega belega konja, lipicanca.","breadcrumb":{"@id":"https:\/\/www.travel-slovenia.si\/slo\/edvard-kocbek-lipicanci\/#breadcrumb"},"inLanguage":"sl-SI","potentialAction":[{"@type":"ReadAction","target":["https:\/\/www.travel-slovenia.si\/slo\/edvard-kocbek-lipicanci\/"]}]},{"@type":"ImageObject","inLanguage":"sl-SI","@id":"https:\/\/www.travel-slovenia.si\/slo\/edvard-kocbek-lipicanci\/#primaryimage","url":"https:\/\/www.travel-slovenia.si\/slo\/wp-content\/uploads\/2015\/09\/travel-slovenia-edvard-kocbek-view.jpg","contentUrl":"https:\/\/www.travel-slovenia.si\/slo\/wp-content\/uploads\/2015\/09\/travel-slovenia-edvard-kocbek-view.jpg","width":150,"height":150},{"@type":"BreadcrumbList","@id":"https:\/\/www.travel-slovenia.si\/slo\/edvard-kocbek-lipicanci\/#breadcrumb","itemListElement":[{"@type":"ListItem","position":1,"name":"Home","item":"https:\/\/www.travel-slovenia.si\/slo\/"},{"@type":"ListItem","position":2,"name":"Edvard Kocbek &#8211; Lipicanci"}]},{"@type":"WebSite","@id":"https:\/\/www.travel-slovenia.si\/slo\/#website","url":"https:\/\/www.travel-slovenia.si\/slo\/","name":"Travel Slovenia - Sledite lepotam na\u0161e male dr\u017eavice","description":"","potentialAction":[{"@type":"SearchAction","target":{"@type":"EntryPoint","urlTemplate":"https:\/\/www.travel-slovenia.si\/slo\/?s={search_term_string}"},"query-input":{"@type":"PropertyValueSpecification","valueRequired":true,"valueName":"search_term_string"}}],"inLanguage":"sl-SI"}]}},"post_mailing_queue_ids":[],"_links":{"self":[{"href":"https:\/\/www.travel-slovenia.si\/slo\/wp-json\/wp\/v2\/pages\/3626","targetHints":{"allow":["GET"]}}],"collection":[{"href":"https:\/\/www.travel-slovenia.si\/slo\/wp-json\/wp\/v2\/pages"}],"about":[{"href":"https:\/\/www.travel-slovenia.si\/slo\/wp-json\/wp\/v2\/types\/page"}],"author":[{"embeddable":true,"href":"https:\/\/www.travel-slovenia.si\/slo\/wp-json\/wp\/v2\/users\/111"}],"replies":[{"embeddable":true,"href":"https:\/\/www.travel-slovenia.si\/slo\/wp-json\/wp\/v2\/comments?post=3626"}],"version-history":[{"count":7,"href":"https:\/\/www.travel-slovenia.si\/slo\/wp-json\/wp\/v2\/pages\/3626\/revisions"}],"predecessor-version":[{"id":5333,"href":"https:\/\/www.travel-slovenia.si\/slo\/wp-json\/wp\/v2\/pages\/3626\/revisions\/5333"}],"wp:attachment":[{"href":"https:\/\/www.travel-slovenia.si\/slo\/wp-json\/wp\/v2\/media?parent=3626"}],"curies":[{"name":"wp","href":"https:\/\/api.w.org\/{rel}","templated":true}]}}