{"id":272,"date":"2014-06-10T13:06:10","date_gmt":"2014-06-10T13:06:10","guid":{"rendered":"https:\/\/www.travel-slovenia.si\/?page_id=272"},"modified":"2019-11-11T10:39:47","modified_gmt":"2019-11-11T09:39:47","slug":"kranjska-klobasa","status":"publish","type":"page","link":"https:\/\/www.travel-slovenia.si\/slo\/slovensko\/kranjska-klobasa\/","title":{"rendered":"Kranjska klobasa"},"content":{"rendered":"<figure id=\"attachment_4068\" class=\"wp-caption alignleft\" style=\"max-width: 300px\"><img loading=\"lazy\" decoding=\"async\" class=\"size-medium wp-image-4068\" src=\"https:\/\/www.travel-slovenia.si\/slo\/wp-content\/uploads\/2014\/06\/travel-slovenia-kranjska-klobasa-300x199.jpg\" alt=\"Okusna kranjska klobasa\" width=\"300\" height=\"199\" srcset=\"https:\/\/www.travel-slovenia.si\/slo\/wp-content\/uploads\/2014\/06\/travel-slovenia-kranjska-klobasa-300x199.jpg 300w, https:\/\/www.travel-slovenia.si\/slo\/wp-content\/uploads\/2014\/06\/travel-slovenia-kranjska-klobasa-24x16.jpg 24w, https:\/\/www.travel-slovenia.si\/slo\/wp-content\/uploads\/2014\/06\/travel-slovenia-kranjska-klobasa-36x24.jpg 36w, https:\/\/www.travel-slovenia.si\/slo\/wp-content\/uploads\/2014\/06\/travel-slovenia-kranjska-klobasa-48x32.jpg 48w, https:\/\/www.travel-slovenia.si\/slo\/wp-content\/uploads\/2014\/06\/travel-slovenia-kranjska-klobasa.jpg 506w\" sizes=\"auto, (max-width: 300px) 100vw, 300px\" \/><figcaption class=\"wp-caption-text\">Okusna kranjska klobasa<\/figcaption><\/figure>\n<p style=\"text-align: justify;\">Kranjska klobasa je mesna klobasa s Kranjskega.\u00a0 V pisnih virih je omenjena \u017ee v drugi polovici 19. stoletja, izhaja pa iz kulturne dedi\u0161\u010dine kolin.<\/p>\n<p style=\"text-align: justify;\">Je mesni proizvod, ki je narejen iz najbolj\u0161e svinjine, kon\u010dni okus pa je me\u0161anica svinjskega mesa, popra in \u010desna.<\/p>\n<p style=\"text-align: justify;\">Kranjska klobasa je delikatesa, ki se lahko postre\u017ee ob razli\u010dnih prilo\u017enostih in na razli\u010dne na\u010dine: pe\u010dena na \u017earu ali v ponvi, kuhana in postre\u017eena s kislo repo ali zeljem, lahko je dodana obaram ali kuhana in postre\u017eena kot hladen narezek.<\/p>\n<h3>KRANJSKA KLOBASA NEKO\u010c<\/h3>\n<p style=\"text-align: justify;\">Kranjska klobasa se je razvila \u017ee v za\u010detku 19. stoletja, torej v \u010dasu avstro-ogrske monarhije. Prek osrednje Slovenije raz\u0161irila po Sloveniji z obmo\u010dja gorenjske, od koder tudi izvira in se nato \u0161irila po celotni Sloveniji, kot del jedilnika na pomembnih dogodkih. Omenjena je v velikem \u0161tevilu starih kuharskih knjig, poznal in pohvalil jo je tudi cesar Franc Jo\u017eef. Slovenci so jo med preseljevanjem naredili za svetovno prepoznavno, tako da je v germanskem svetu poznana pod imenom krainer w\u00fcrst, v angloameri\u0161kem pa pod kransky sausage. Kranjska klobasa je bila celo v vesolju, kamor jo je ponesla astronavtka s slovenskimi koreninami.<\/p>\n<h3>KRANJSKA KLOBASA DANES<\/h3>\n<p style=\"text-align: justify;\">S promocijo prave Kranjske klobase se od leta 2005 ukvarja gospodarsko-interesno zdru\u017eenje proizvajalcev Kranjske klobase. Le &#8211; to zdru\u017euje enajst proizvajalcev tega vrhunskega izdelka, ki imajo tudi certifikat. Najpomembnej\u0161i vlogi zdru\u017eenja sta nadzor nad kakovostjo in promocija Kranjske klobase. Kot je \u017ee omenjeno, morajo vsi proizvajalci proizvajati Kranjsko klobaso po natan\u010dno predpisani recepturi in potrjenem proizvodnem postopku.<\/p>\n<h3>CERTIFIKAT<\/h3>\n<p style=\"text-align: justify;\">Odlok o razglasitvi tradicionalnega izdelovanja kranjskih klobas za \u017eivo mojstrovino dr\u017eavnega pomena je bil sprejet 21. februarja 2013.<\/p>\n<p>&nbsp;<\/p>\n<table>\n<tbody>\n<tr>\n<td style=\"text-align: center;\"><a href=\"https:\/\/www.travel-slovenia.si\/slo\/slovensko\/kulinaricne-dobrote\/\"><img loading=\"lazy\" decoding=\"async\" class=\"alignleft wp-image-4499 size-full\" src=\"https:\/\/www.travel-slovenia.si\/slo\/wp-content\/uploads\/2014\/09\/travel-slovenia-povezava-na-drugo.jpg\" alt=\"travel-slovenia-povezava-na-drugo\" width=\"128\" height=\"22\" srcset=\"https:\/\/www.travel-slovenia.si\/slo\/wp-content\/uploads\/2014\/09\/travel-slovenia-povezava-na-drugo.jpg 128w, https:\/\/www.travel-slovenia.si\/slo\/wp-content\/uploads\/2014\/09\/travel-slovenia-povezava-na-drugo-24x4.jpg 24w, https:\/\/www.travel-slovenia.si\/slo\/wp-content\/uploads\/2014\/09\/travel-slovenia-povezava-na-drugo-36x6.jpg 36w, https:\/\/www.travel-slovenia.si\/slo\/wp-content\/uploads\/2014\/09\/travel-slovenia-povezava-na-drugo-48x8.jpg 48w\" sizes=\"auto, (max-width: 128px) 100vw, 128px\" \/><\/a><a href=\"https:\/\/www.travel-slovenia.si\/slo\/slovensko\/kulinaricne-dobrote\/\">Poglejte \u0161e druge kulinari\u010dna dobrote!<\/a><a href=\"https:\/\/www.travel-slovenia.si\/slo\/slovensko\/kulinaricne-dobrote\/\"><img loading=\"lazy\" decoding=\"async\" class=\"alignright wp-image-4500 size-full\" src=\"https:\/\/www.travel-slovenia.si\/slo\/wp-content\/uploads\/2014\/09\/travel-slovenia-povezava-na-drugo2.jpg\" alt=\"travel-slovenia-povezava-na-drugo2\" width=\"128\" height=\"22\" srcset=\"https:\/\/www.travel-slovenia.si\/slo\/wp-content\/uploads\/2014\/09\/travel-slovenia-povezava-na-drugo2.jpg 128w, https:\/\/www.travel-slovenia.si\/slo\/wp-content\/uploads\/2014\/09\/travel-slovenia-povezava-na-drugo2-24x4.jpg 24w, https:\/\/www.travel-slovenia.si\/slo\/wp-content\/uploads\/2014\/09\/travel-slovenia-povezava-na-drugo2-36x6.jpg 36w, https:\/\/www.travel-slovenia.si\/slo\/wp-content\/uploads\/2014\/09\/travel-slovenia-povezava-na-drugo2-48x8.jpg 48w\" sizes=\"auto, (max-width: 128px) 100vw, 128px\" \/><\/a><\/td>\n<\/tr>\n<\/tbody>\n<\/table>\n","protected":false},"excerpt":{"rendered":"<p>Kranjska klobasa je mesna klobasa s Kranjskega.\u00a0 V pisnih virih je omenjena \u017ee v drugi polovici 19. stoletja, izhaja pa iz kulturne dedi\u0161\u010dine kolin. Je mesni proizvod, ki je narejen iz najbolj\u0161e svinjine, kon\u010dni okus pa je me\u0161anica svinjskega mesa, popra in \u010desna. Kranjska klobasa je delikatesa, ki se lahko postre\u017ee ob razli\u010dnih prilo\u017enostih in [&hellip;]<\/p>\n","protected":false},"author":111,"featured_media":0,"parent":10,"menu_order":0,"comment_status":"closed","ping_status":"closed","template":"","meta":{"footnotes":""},"class_list":["post-272","page","type-page","status-publish","hentry"],"yoast_head":"<!-- This site is optimized with the Yoast SEO plugin v25.4 - https:\/\/yoast.com\/wordpress\/plugins\/seo\/ -->\n<title>Kranjska klobasa : Travel-Slovenia<\/title>\n<meta name=\"description\" content=\"Kranjska klobasa je mesna klobasa s Kranjskega. V pisnih virih je omenjena \u017ee v drugi polovici 19. stoletja, izhaja pa iz kulturne dedi\u0161\u010dine kolin.\" \/>\n<meta name=\"robots\" content=\"index, follow, max-snippet:-1, max-image-preview:large, max-video-preview:-1\" \/>\n<link rel=\"canonical\" href=\"https:\/\/www.travel-slovenia.si\/slo\/slovensko\/kranjska-klobasa\/\" \/>\n<meta property=\"og:locale\" content=\"sl_SI\" \/>\n<meta property=\"og:type\" content=\"article\" \/>\n<meta property=\"og:title\" content=\"Kranjska klobasa : Travel-Slovenia\" \/>\n<meta property=\"og:description\" content=\"Kranjska klobasa je mesna klobasa s Kranjskega. V pisnih virih je omenjena \u017ee v drugi polovici 19. stoletja, izhaja pa iz kulturne dedi\u0161\u010dine kolin.\" \/>\n<meta property=\"og:url\" content=\"https:\/\/www.travel-slovenia.si\/slo\/slovensko\/kranjska-klobasa\/\" \/>\n<meta property=\"og:site_name\" content=\"Travel Slovenia - Sledite lepotam na\u0161e male dr\u017eavice\" \/>\n<meta property=\"article:modified_time\" content=\"2019-11-11T09:39:47+00:00\" \/>\n<meta property=\"og:image\" content=\"https:\/\/www.travel-slovenia.si\/slo\/wp-content\/uploads\/2014\/06\/travel-slovenia-kranjska-klobasa.jpg\" \/>\n\t<meta property=\"og:image:width\" content=\"506\" \/>\n\t<meta property=\"og:image:height\" content=\"336\" \/>\n\t<meta property=\"og:image:type\" content=\"image\/jpeg\" \/>\n<meta name=\"twitter:card\" content=\"summary_large_image\" \/>\n<meta name=\"twitter:title\" content=\"Kranjska klobasa : Travel-Slovenia\" \/>\n<meta name=\"twitter:description\" content=\"Kranjska klobasa je mesna klobasa s Kranjskega. V pisnih virih je omenjena \u017ee v drugi polovici 19. stoletja, izhaja pa iz kulturne dedi\u0161\u010dine kolin.\" \/>\n<meta name=\"twitter:image\" content=\"https:\/\/www.travel-slovenia.si\/slo\/wp-content\/uploads\/2014\/06\/travel-slovenia-kranjska-klobasa.jpg\" \/>\n<meta name=\"twitter:label1\" content=\"Est. reading time\" \/>\n\t<meta name=\"twitter:data1\" content=\"2 minuti\" \/>\n<script type=\"application\/ld+json\" class=\"yoast-schema-graph\">{\"@context\":\"https:\/\/schema.org\",\"@graph\":[{\"@type\":\"WebPage\",\"@id\":\"https:\/\/www.travel-slovenia.si\/slo\/slovensko\/kranjska-klobasa\/\",\"url\":\"https:\/\/www.travel-slovenia.si\/slo\/slovensko\/kranjska-klobasa\/\",\"name\":\"Kranjska klobasa : Travel-Slovenia\",\"isPartOf\":{\"@id\":\"https:\/\/www.travel-slovenia.si\/slo\/#website\"},\"primaryImageOfPage\":{\"@id\":\"https:\/\/www.travel-slovenia.si\/slo\/slovensko\/kranjska-klobasa\/#primaryimage\"},\"image\":{\"@id\":\"https:\/\/www.travel-slovenia.si\/slo\/slovensko\/kranjska-klobasa\/#primaryimage\"},\"thumbnailUrl\":\"https:\/\/www.travel-slovenia.si\/slo\/wp-content\/uploads\/2014\/06\/travel-slovenia-kranjska-klobasa-300x199.jpg\",\"datePublished\":\"2014-06-10T13:06:10+00:00\",\"dateModified\":\"2019-11-11T09:39:47+00:00\",\"description\":\"Kranjska klobasa je mesna klobasa s Kranjskega. V pisnih virih je omenjena \u017ee v drugi polovici 19. stoletja, izhaja pa iz kulturne dedi\u0161\u010dine kolin.\",\"breadcrumb\":{\"@id\":\"https:\/\/www.travel-slovenia.si\/slo\/slovensko\/kranjska-klobasa\/#breadcrumb\"},\"inLanguage\":\"sl-SI\",\"potentialAction\":[{\"@type\":\"ReadAction\",\"target\":[\"https:\/\/www.travel-slovenia.si\/slo\/slovensko\/kranjska-klobasa\/\"]}]},{\"@type\":\"ImageObject\",\"inLanguage\":\"sl-SI\",\"@id\":\"https:\/\/www.travel-slovenia.si\/slo\/slovensko\/kranjska-klobasa\/#primaryimage\",\"url\":\"https:\/\/www.travel-slovenia.si\/slo\/wp-content\/uploads\/2014\/06\/travel-slovenia-kranjska-klobasa.jpg\",\"contentUrl\":\"https:\/\/www.travel-slovenia.si\/slo\/wp-content\/uploads\/2014\/06\/travel-slovenia-kranjska-klobasa.jpg\",\"width\":506,\"height\":336,\"caption\":\"Okusna kranjska klobasa\"},{\"@type\":\"BreadcrumbList\",\"@id\":\"https:\/\/www.travel-slovenia.si\/slo\/slovensko\/kranjska-klobasa\/#breadcrumb\",\"itemListElement\":[{\"@type\":\"ListItem\",\"position\":1,\"name\":\"Home\",\"item\":\"https:\/\/www.travel-slovenia.si\/slo\/\"},{\"@type\":\"ListItem\",\"position\":2,\"name\":\"SLOVENSKO\",\"item\":\"https:\/\/www.travel-slovenia.si\/slo\/slovensko\/\"},{\"@type\":\"ListItem\",\"position\":3,\"name\":\"Kranjska klobasa\"}]},{\"@type\":\"WebSite\",\"@id\":\"https:\/\/www.travel-slovenia.si\/slo\/#website\",\"url\":\"https:\/\/www.travel-slovenia.si\/slo\/\",\"name\":\"Travel Slovenia - Sledite lepotam na\u0161e male dr\u017eavice\",\"description\":\"\",\"potentialAction\":[{\"@type\":\"SearchAction\",\"target\":{\"@type\":\"EntryPoint\",\"urlTemplate\":\"https:\/\/www.travel-slovenia.si\/slo\/?s={search_term_string}\"},\"query-input\":{\"@type\":\"PropertyValueSpecification\",\"valueRequired\":true,\"valueName\":\"search_term_string\"}}],\"inLanguage\":\"sl-SI\"}]}<\/script>\n<!-- \/ Yoast SEO plugin. -->","yoast_head_json":{"title":"Kranjska klobasa : Travel-Slovenia","description":"Kranjska klobasa je mesna klobasa s Kranjskega. V pisnih virih je omenjena \u017ee v drugi polovici 19. stoletja, izhaja pa iz kulturne dedi\u0161\u010dine kolin.","robots":{"index":"index","follow":"follow","max-snippet":"max-snippet:-1","max-image-preview":"max-image-preview:large","max-video-preview":"max-video-preview:-1"},"canonical":"https:\/\/www.travel-slovenia.si\/slo\/slovensko\/kranjska-klobasa\/","og_locale":"sl_SI","og_type":"article","og_title":"Kranjska klobasa : Travel-Slovenia","og_description":"Kranjska klobasa je mesna klobasa s Kranjskega. V pisnih virih je omenjena \u017ee v drugi polovici 19. stoletja, izhaja pa iz kulturne dedi\u0161\u010dine kolin.","og_url":"https:\/\/www.travel-slovenia.si\/slo\/slovensko\/kranjska-klobasa\/","og_site_name":"Travel Slovenia - Sledite lepotam na\u0161e male dr\u017eavice","article_modified_time":"2019-11-11T09:39:47+00:00","og_image":[{"width":506,"height":336,"url":"https:\/\/www.travel-slovenia.si\/slo\/wp-content\/uploads\/2014\/06\/travel-slovenia-kranjska-klobasa.jpg","type":"image\/jpeg"}],"twitter_card":"summary_large_image","twitter_title":"Kranjska klobasa : Travel-Slovenia","twitter_description":"Kranjska klobasa je mesna klobasa s Kranjskega. V pisnih virih je omenjena \u017ee v drugi polovici 19. stoletja, izhaja pa iz kulturne dedi\u0161\u010dine kolin.","twitter_image":"https:\/\/www.travel-slovenia.si\/slo\/wp-content\/uploads\/2014\/06\/travel-slovenia-kranjska-klobasa.jpg","twitter_misc":{"Est. reading time":"2 minuti"},"schema":{"@context":"https:\/\/schema.org","@graph":[{"@type":"WebPage","@id":"https:\/\/www.travel-slovenia.si\/slo\/slovensko\/kranjska-klobasa\/","url":"https:\/\/www.travel-slovenia.si\/slo\/slovensko\/kranjska-klobasa\/","name":"Kranjska klobasa : Travel-Slovenia","isPartOf":{"@id":"https:\/\/www.travel-slovenia.si\/slo\/#website"},"primaryImageOfPage":{"@id":"https:\/\/www.travel-slovenia.si\/slo\/slovensko\/kranjska-klobasa\/#primaryimage"},"image":{"@id":"https:\/\/www.travel-slovenia.si\/slo\/slovensko\/kranjska-klobasa\/#primaryimage"},"thumbnailUrl":"https:\/\/www.travel-slovenia.si\/slo\/wp-content\/uploads\/2014\/06\/travel-slovenia-kranjska-klobasa-300x199.jpg","datePublished":"2014-06-10T13:06:10+00:00","dateModified":"2019-11-11T09:39:47+00:00","description":"Kranjska klobasa je mesna klobasa s Kranjskega. V pisnih virih je omenjena \u017ee v drugi polovici 19. stoletja, izhaja pa iz kulturne dedi\u0161\u010dine kolin.","breadcrumb":{"@id":"https:\/\/www.travel-slovenia.si\/slo\/slovensko\/kranjska-klobasa\/#breadcrumb"},"inLanguage":"sl-SI","potentialAction":[{"@type":"ReadAction","target":["https:\/\/www.travel-slovenia.si\/slo\/slovensko\/kranjska-klobasa\/"]}]},{"@type":"ImageObject","inLanguage":"sl-SI","@id":"https:\/\/www.travel-slovenia.si\/slo\/slovensko\/kranjska-klobasa\/#primaryimage","url":"https:\/\/www.travel-slovenia.si\/slo\/wp-content\/uploads\/2014\/06\/travel-slovenia-kranjska-klobasa.jpg","contentUrl":"https:\/\/www.travel-slovenia.si\/slo\/wp-content\/uploads\/2014\/06\/travel-slovenia-kranjska-klobasa.jpg","width":506,"height":336,"caption":"Okusna kranjska klobasa"},{"@type":"BreadcrumbList","@id":"https:\/\/www.travel-slovenia.si\/slo\/slovensko\/kranjska-klobasa\/#breadcrumb","itemListElement":[{"@type":"ListItem","position":1,"name":"Home","item":"https:\/\/www.travel-slovenia.si\/slo\/"},{"@type":"ListItem","position":2,"name":"SLOVENSKO","item":"https:\/\/www.travel-slovenia.si\/slo\/slovensko\/"},{"@type":"ListItem","position":3,"name":"Kranjska klobasa"}]},{"@type":"WebSite","@id":"https:\/\/www.travel-slovenia.si\/slo\/#website","url":"https:\/\/www.travel-slovenia.si\/slo\/","name":"Travel Slovenia - Sledite lepotam na\u0161e male dr\u017eavice","description":"","potentialAction":[{"@type":"SearchAction","target":{"@type":"EntryPoint","urlTemplate":"https:\/\/www.travel-slovenia.si\/slo\/?s={search_term_string}"},"query-input":{"@type":"PropertyValueSpecification","valueRequired":true,"valueName":"search_term_string"}}],"inLanguage":"sl-SI"}]}},"post_mailing_queue_ids":[],"_links":{"self":[{"href":"https:\/\/www.travel-slovenia.si\/slo\/wp-json\/wp\/v2\/pages\/272","targetHints":{"allow":["GET"]}}],"collection":[{"href":"https:\/\/www.travel-slovenia.si\/slo\/wp-json\/wp\/v2\/pages"}],"about":[{"href":"https:\/\/www.travel-slovenia.si\/slo\/wp-json\/wp\/v2\/types\/page"}],"author":[{"embeddable":true,"href":"https:\/\/www.travel-slovenia.si\/slo\/wp-json\/wp\/v2\/users\/111"}],"replies":[{"embeddable":true,"href":"https:\/\/www.travel-slovenia.si\/slo\/wp-json\/wp\/v2\/comments?post=272"}],"version-history":[{"count":14,"href":"https:\/\/www.travel-slovenia.si\/slo\/wp-json\/wp\/v2\/pages\/272\/revisions"}],"predecessor-version":[{"id":8505,"href":"https:\/\/www.travel-slovenia.si\/slo\/wp-json\/wp\/v2\/pages\/272\/revisions\/8505"}],"up":[{"embeddable":true,"href":"https:\/\/www.travel-slovenia.si\/slo\/wp-json\/wp\/v2\/pages\/10"}],"wp:attachment":[{"href":"https:\/\/www.travel-slovenia.si\/slo\/wp-json\/wp\/v2\/media?parent=272"}],"curies":[{"name":"wp","href":"https:\/\/api.w.org\/{rel}","templated":true}]}}