{"id":2649,"date":"2015-06-12T09:51:52","date_gmt":"2015-06-12T09:51:52","guid":{"rendered":"https:\/\/www.travel-slovenia.si\/?page_id=2649"},"modified":"2015-11-18T12:39:17","modified_gmt":"2015-11-18T11:39:17","slug":"avtorji-fotografij","status":"publish","type":"page","link":"https:\/\/www.travel-slovenia.si\/slo\/avtorji-fotografij\/","title":{"rendered":"Avtorji fotografij"},"content":{"rendered":"<p style=\"text-align: justify;\"><img loading=\"lazy\" decoding=\"async\" class=\"aligncenter size-full wp-image-4097\" src=\"https:\/\/www.travel-slovenia.si\/slo\/wp-content\/uploads\/2015\/10\/travel-slovenia-logo-SI.png\" alt=\"travel-slovenia-logo-SI\" width=\"241\" height=\"100\" \/><\/p>\n<p style=\"text-align: justify;\">Vse slike na strani <a href=\"https:\/\/www.travel-slovenia.si\">www.travel-slovenia.si<\/a> je priskrbela ekipa Travel-Slovenia, razen navedenih spodaj.<\/p>\n<h3 style=\"text-align: justify;\">NEJC MOHORI\u010c<\/h3>\n<p style=\"text-align: justify;\">&#8211; Slap in potok Dobr\u0161nik nad Hru\u0161ico<br \/>\n&#8211; Blejska soteska: \u017delezni\u0161ki most nad Blejsko sotesko, Slap \u0160um<br \/>\n&#8211;\u00a0Dinozavrove stopinje<br \/>\n&#8211;\u00a0Trnovski gozd<br \/>\n&#8211; Dedno polje<br \/>\n&#8211; Logarska dolina: sprehajalna pot skozi Logarsko dolino, Logarjeva lipa, Plesnikov brest, Slap Rinka, Slap Palenk, Rastovi\u0161ki slap, Olcarska (gozdarska) bajta, Golica in Krejda, \u017delezna voda, \u0160kotsko govedo, Kapelica Kristusa Kralja<\/p>\n<h3 style=\"text-align: justify;\">KATJA \u0160KRABEC<\/h3>\n<p style=\"text-align: justify;\">&#8211;\u00a0Slap Savica<br \/>\n&#8211; Bohinjsko jezero<\/p>\n<h3 style=\"text-align: justify;\">ALE\u0160 MEDEN<\/h3>\n<p style=\"text-align: justify;\">&#8211; Gora Begunj\u0161\u010dica<\/p>\n","protected":false},"excerpt":{"rendered":"<p>Vse slike na strani www.travel-slovenia.si je priskrbela ekipa Travel-Slovenia, razen navedenih spodaj. NEJC MOHORI\u010c &#8211; Slap in potok Dobr\u0161nik nad Hru\u0161ico &#8211; Blejska soteska: \u017delezni\u0161ki most nad Blejsko sotesko, Slap \u0160um &#8211;\u00a0Dinozavrove stopinje &#8211;\u00a0Trnovski gozd &#8211; Dedno polje &#8211; Logarska dolina: sprehajalna pot skozi Logarsko dolino, Logarjeva lipa, Plesnikov brest, Slap Rinka, Slap Palenk, Rastovi\u0161ki [&hellip;]<\/p>\n","protected":false},"author":111,"featured_media":0,"parent":0,"menu_order":0,"comment_status":"closed","ping_status":"closed","template":"","meta":{"footnotes":""},"class_list":["post-2649","page","type-page","status-publish","hentry"],"yoast_head":"<!-- This site is optimized with the Yoast SEO plugin v25.4 - https:\/\/yoast.com\/wordpress\/plugins\/seo\/ -->\n<title>Avtorji fotografij : Travel-Slovenia<\/title>\n<meta name=\"description\" content=\"Avtorji fotografij - vse slike na strani www.travel-slovenia.si je priskrbela ekipa Travel-Slovenia, razen navedenih v stolpcih.\" \/>\n<meta name=\"robots\" content=\"index, follow, max-snippet:-1, max-image-preview:large, max-video-preview:-1\" \/>\n<link rel=\"canonical\" href=\"https:\/\/www.travel-slovenia.si\/slo\/avtorji-fotografij\/\" \/>\n<meta property=\"og:locale\" content=\"sl_SI\" \/>\n<meta property=\"og:type\" content=\"article\" \/>\n<meta property=\"og:title\" content=\"Avtorji fotografij : Travel-Slovenia\" \/>\n<meta property=\"og:description\" content=\"Avtorji fotografij - vse slike na strani www.travel-slovenia.si je priskrbela ekipa Travel-Slovenia, razen navedenih v stolpcih.\" \/>\n<meta property=\"og:url\" content=\"https:\/\/www.travel-slovenia.si\/slo\/avtorji-fotografij\/\" \/>\n<meta property=\"og:site_name\" content=\"Travel Slovenia - Sledite lepotam na\u0161e male dr\u017eavice\" \/>\n<meta property=\"article:modified_time\" content=\"2015-11-18T11:39:17+00:00\" \/>\n<meta name=\"twitter:card\" content=\"summary_large_image\" \/>\n<meta name=\"twitter:title\" content=\"Avtorji fotografij : Travel-Slovenia\" \/>\n<meta name=\"twitter:description\" content=\"Avtorji fotografij - vse slike na strani www.travel-slovenia.si je priskrbela ekipa Travel-Slovenia, razen navedenih v stolpcih.\" \/>\n<meta name=\"twitter:image\" content=\"https:\/\/www.travel-slovenia.si\/slo\/wp-content\/uploads\/2015\/10\/travel-slovenia-logo-SI.png\" \/>\n<script type=\"application\/ld+json\" class=\"yoast-schema-graph\">{\"@context\":\"https:\/\/schema.org\",\"@graph\":[{\"@type\":\"WebPage\",\"@id\":\"https:\/\/www.travel-slovenia.si\/slo\/avtorji-fotografij\/\",\"url\":\"https:\/\/www.travel-slovenia.si\/slo\/avtorji-fotografij\/\",\"name\":\"Avtorji fotografij : Travel-Slovenia\",\"isPartOf\":{\"@id\":\"https:\/\/www.travel-slovenia.si\/slo\/#website\"},\"primaryImageOfPage\":{\"@id\":\"https:\/\/www.travel-slovenia.si\/slo\/avtorji-fotografij\/#primaryimage\"},\"image\":{\"@id\":\"https:\/\/www.travel-slovenia.si\/slo\/avtorji-fotografij\/#primaryimage\"},\"thumbnailUrl\":\"https:\/\/www.travel-slovenia.si\/slo\/wp-content\/uploads\/2015\/10\/travel-slovenia-logo-SI.png\",\"datePublished\":\"2015-06-12T09:51:52+00:00\",\"dateModified\":\"2015-11-18T11:39:17+00:00\",\"description\":\"Avtorji fotografij - vse slike na strani www.travel-slovenia.si je priskrbela ekipa Travel-Slovenia, razen navedenih v stolpcih.\",\"breadcrumb\":{\"@id\":\"https:\/\/www.travel-slovenia.si\/slo\/avtorji-fotografij\/#breadcrumb\"},\"inLanguage\":\"sl-SI\",\"potentialAction\":[{\"@type\":\"ReadAction\",\"target\":[\"https:\/\/www.travel-slovenia.si\/slo\/avtorji-fotografij\/\"]}]},{\"@type\":\"ImageObject\",\"inLanguage\":\"sl-SI\",\"@id\":\"https:\/\/www.travel-slovenia.si\/slo\/avtorji-fotografij\/#primaryimage\",\"url\":\"https:\/\/www.travel-slovenia.si\/slo\/wp-content\/uploads\/2015\/10\/travel-slovenia-logo-SI.png\",\"contentUrl\":\"https:\/\/www.travel-slovenia.si\/slo\/wp-content\/uploads\/2015\/10\/travel-slovenia-logo-SI.png\"},{\"@type\":\"BreadcrumbList\",\"@id\":\"https:\/\/www.travel-slovenia.si\/slo\/avtorji-fotografij\/#breadcrumb\",\"itemListElement\":[{\"@type\":\"ListItem\",\"position\":1,\"name\":\"Home\",\"item\":\"https:\/\/www.travel-slovenia.si\/slo\/\"},{\"@type\":\"ListItem\",\"position\":2,\"name\":\"Avtorji fotografij\"}]},{\"@type\":\"WebSite\",\"@id\":\"https:\/\/www.travel-slovenia.si\/slo\/#website\",\"url\":\"https:\/\/www.travel-slovenia.si\/slo\/\",\"name\":\"Travel Slovenia - Sledite lepotam na\u0161e male dr\u017eavice\",\"description\":\"\",\"potentialAction\":[{\"@type\":\"SearchAction\",\"target\":{\"@type\":\"EntryPoint\",\"urlTemplate\":\"https:\/\/www.travel-slovenia.si\/slo\/?s={search_term_string}\"},\"query-input\":{\"@type\":\"PropertyValueSpecification\",\"valueRequired\":true,\"valueName\":\"search_term_string\"}}],\"inLanguage\":\"sl-SI\"}]}<\/script>\n<!-- \/ Yoast SEO plugin. -->","yoast_head_json":{"title":"Avtorji fotografij : Travel-Slovenia","description":"Avtorji fotografij - vse slike na strani www.travel-slovenia.si je priskrbela ekipa Travel-Slovenia, razen navedenih v stolpcih.","robots":{"index":"index","follow":"follow","max-snippet":"max-snippet:-1","max-image-preview":"max-image-preview:large","max-video-preview":"max-video-preview:-1"},"canonical":"https:\/\/www.travel-slovenia.si\/slo\/avtorji-fotografij\/","og_locale":"sl_SI","og_type":"article","og_title":"Avtorji fotografij : Travel-Slovenia","og_description":"Avtorji fotografij - vse slike na strani www.travel-slovenia.si je priskrbela ekipa Travel-Slovenia, razen navedenih v stolpcih.","og_url":"https:\/\/www.travel-slovenia.si\/slo\/avtorji-fotografij\/","og_site_name":"Travel Slovenia - Sledite lepotam na\u0161e male dr\u017eavice","article_modified_time":"2015-11-18T11:39:17+00:00","twitter_card":"summary_large_image","twitter_title":"Avtorji fotografij : Travel-Slovenia","twitter_description":"Avtorji fotografij - vse slike na strani www.travel-slovenia.si je priskrbela ekipa Travel-Slovenia, razen navedenih v stolpcih.","twitter_image":"https:\/\/www.travel-slovenia.si\/slo\/wp-content\/uploads\/2015\/10\/travel-slovenia-logo-SI.png","schema":{"@context":"https:\/\/schema.org","@graph":[{"@type":"WebPage","@id":"https:\/\/www.travel-slovenia.si\/slo\/avtorji-fotografij\/","url":"https:\/\/www.travel-slovenia.si\/slo\/avtorji-fotografij\/","name":"Avtorji fotografij : Travel-Slovenia","isPartOf":{"@id":"https:\/\/www.travel-slovenia.si\/slo\/#website"},"primaryImageOfPage":{"@id":"https:\/\/www.travel-slovenia.si\/slo\/avtorji-fotografij\/#primaryimage"},"image":{"@id":"https:\/\/www.travel-slovenia.si\/slo\/avtorji-fotografij\/#primaryimage"},"thumbnailUrl":"https:\/\/www.travel-slovenia.si\/slo\/wp-content\/uploads\/2015\/10\/travel-slovenia-logo-SI.png","datePublished":"2015-06-12T09:51:52+00:00","dateModified":"2015-11-18T11:39:17+00:00","description":"Avtorji fotografij - vse slike na strani www.travel-slovenia.si je priskrbela ekipa Travel-Slovenia, razen navedenih v stolpcih.","breadcrumb":{"@id":"https:\/\/www.travel-slovenia.si\/slo\/avtorji-fotografij\/#breadcrumb"},"inLanguage":"sl-SI","potentialAction":[{"@type":"ReadAction","target":["https:\/\/www.travel-slovenia.si\/slo\/avtorji-fotografij\/"]}]},{"@type":"ImageObject","inLanguage":"sl-SI","@id":"https:\/\/www.travel-slovenia.si\/slo\/avtorji-fotografij\/#primaryimage","url":"https:\/\/www.travel-slovenia.si\/slo\/wp-content\/uploads\/2015\/10\/travel-slovenia-logo-SI.png","contentUrl":"https:\/\/www.travel-slovenia.si\/slo\/wp-content\/uploads\/2015\/10\/travel-slovenia-logo-SI.png"},{"@type":"BreadcrumbList","@id":"https:\/\/www.travel-slovenia.si\/slo\/avtorji-fotografij\/#breadcrumb","itemListElement":[{"@type":"ListItem","position":1,"name":"Home","item":"https:\/\/www.travel-slovenia.si\/slo\/"},{"@type":"ListItem","position":2,"name":"Avtorji fotografij"}]},{"@type":"WebSite","@id":"https:\/\/www.travel-slovenia.si\/slo\/#website","url":"https:\/\/www.travel-slovenia.si\/slo\/","name":"Travel Slovenia - Sledite lepotam na\u0161e male dr\u017eavice","description":"","potentialAction":[{"@type":"SearchAction","target":{"@type":"EntryPoint","urlTemplate":"https:\/\/www.travel-slovenia.si\/slo\/?s={search_term_string}"},"query-input":{"@type":"PropertyValueSpecification","valueRequired":true,"valueName":"search_term_string"}}],"inLanguage":"sl-SI"}]}},"post_mailing_queue_ids":[],"_links":{"self":[{"href":"https:\/\/www.travel-slovenia.si\/slo\/wp-json\/wp\/v2\/pages\/2649","targetHints":{"allow":["GET"]}}],"collection":[{"href":"https:\/\/www.travel-slovenia.si\/slo\/wp-json\/wp\/v2\/pages"}],"about":[{"href":"https:\/\/www.travel-slovenia.si\/slo\/wp-json\/wp\/v2\/types\/page"}],"author":[{"embeddable":true,"href":"https:\/\/www.travel-slovenia.si\/slo\/wp-json\/wp\/v2\/users\/111"}],"replies":[{"embeddable":true,"href":"https:\/\/www.travel-slovenia.si\/slo\/wp-json\/wp\/v2\/comments?post=2649"}],"version-history":[{"count":5,"href":"https:\/\/www.travel-slovenia.si\/slo\/wp-json\/wp\/v2\/pages\/2649\/revisions"}],"predecessor-version":[{"id":4404,"href":"https:\/\/www.travel-slovenia.si\/slo\/wp-json\/wp\/v2\/pages\/2649\/revisions\/4404"}],"wp:attachment":[{"href":"https:\/\/www.travel-slovenia.si\/slo\/wp-json\/wp\/v2\/media?parent=2649"}],"curies":[{"name":"wp","href":"https:\/\/api.w.org\/{rel}","templated":true}]}}